{"id":950,"date":"2018-09-10T18:26:38","date_gmt":"2018-09-10T18:26:38","guid":{"rendered":"https:\/\/ayore.org\/?page_id=950"},"modified":"2019-03-05T05:19:12","modified_gmt":"2019-03-05T05:19:12","slug":"ajni-to-que-yimo-iji-bari","status":"publish","type":"page","link":"https:\/\/ayore.org\/ayo\/culture\/native-songs\/ajni-to-que-yimo-iji-bari\/","title":{"rendered":"Ubuchu\u0301a &#8211; Ajni to, que yimo iji bari"},"content":{"rendered":"<p><strong><em>Ubuch\u00faa<\/em><\/strong><em><strong> chedo Coj\u00f1oi:<\/strong><\/em><em>\u00a0<\/em><\/p>\n<p><em>Coj\u00f1oi<\/em> tib\u00e1gui yu iji dejai. Chojninga: \u201c<em>Ubuchua,<\/em> am\u00f3ji yari.\u201d<\/p>\n<p>Mu yetac. Yojninga: \u201cAjni to. Que yimo ji bari.\u201d<\/p>\n<p><em>Coj\u00f1oi<\/em> chojninga: \u201cJ\u00e9 am\u00f3ji yari. A j\u00e9 be yuj\u00f3rique jnacanic, ga ca aj\u00edna yu.\u201d<\/p>\n<p>\u201cQue yij\u00edna ua. Coj\u00f1oc ua gu. A ore chojninga, &#8216;E\u0303\u0301, coj\u00f1ocho quedejnane uje chigaru yu.\u2019\u201d<\/p>\n<p>Chigaru yu mu yetac. Yujnusip\u00edsi ayor\u00e9 piguiosode. Yojninga: \u201cYiji ore iji Cochocoigosode irengu\u00f3ne.\u201d<\/p>\n<p><em>Caje\u0301rode<\/em> chise yu ga chojninga: \u201c<em>Ubuchua<\/em>, aj\u00edna yu aja deg\u00fai ga yacot\u00e9 ua jne.\u201d<\/p>\n<p>Mu yetaque ga yibo. Chij\u00ed\u00f1ome yu. Yojninga: \u201cQue yipota jnacare abechugode uje qu\u00e9 batique cus. A yij\u00ednarase ua jeta ca batique cus.\u201d<\/p>\n<p><em>Joyce Davis Buchegger chur\u00fas\u00e3re Ubuchu\u0301a iradedie udaji nanique iji Tobit\u00e9, Bolivia iji 1960.<\/em><\/p>\n<div class=\"navigation\"><div class=\"alignleft\"><a href=\"https:\/\/ayore.org\/ayo\/culture\/native-songs\/yajire-uje-educadode-tamuta-jnumone\/\"title=\"Tajerogu\u00e9 &#8211; Yajire uje educadode tamuta jnumone\"><img loading=\"lazy\" decoding=\"async\" src=\"https:\/\/ayore.org\/wp-content\/uploads\/2018\/10\/left-arrow.png\" width=\"50\" height=\"48\" alt=\"left arrow\"><\/a><\/div><div class=\"alignright\"><a href=\"https:\/\/ayore.org\/ayo\/culture\/native-songs\/uneredate-yipesapo-ore-dai-ejo-ri\/\"title=\"Uneredat\u00e9 &#8211; Yequ\u00e9s\u00e3re ga yipesapo ore dai ejo r\u0129\"><img loading=\"lazy\" decoding=\"async\" src=\"https:\/\/ayore.org\/wp-content\/uploads\/2018\/10\/right-arrow.png\" width=\"50\" height=\"48\" alt=\"right arrow\"><\/a><\/div>\n","protected":false},"excerpt":{"rendered":"<p>Ubuch\u00faa chedo Coj\u00f1oi:\u00a0 Coj\u00f1oi tib\u00e1gui yu iji dejai. Chojninga: \u201cUbuchua, am\u00f3ji yari.\u201d Mu yetac. Yojninga: \u201cAjni to. Que yimo ji bari.\u201d Coj\u00f1oi chojninga: \u201cJ\u00e9 am\u00f3ji yari. A j\u00e9 be yuj\u00f3rique jnacanic, ga ca aj\u00edna yu.\u201d \u201cQue yij\u00edna ua. Coj\u00f1oc ua<\/p>\n","protected":false},"author":2,"featured_media":0,"parent":713,"menu_order":0,"comment_status":"closed","ping_status":"closed","template":"","meta":{"footnotes":""},"class_list":["post-950","page","type-page","status-publish","hentry"],"yoast_head":"<!-- This site is optimized with the Yoast SEO plugin v27.4 - https:\/\/yoast.com\/product\/yoast-seo-wordpress\/ -->\n<title>Ayore\u0301ode Irade\u0301die: Ajni To, Que Yimo Iji Bari \u2022 Ayore.org<\/title>\n<meta name=\"robots\" content=\"index, follow, max-snippet:-1, max-image-preview:large, max-video-preview:-1\" \/>\n<link rel=\"canonical\" href=\"https:\/\/ayore.org\/ayo\/culture\/native-songs\/ajni-to-que-yimo-iji-bari\/\" \/>\n<meta property=\"og:locale\" content=\"en_US\" \/>\n<meta property=\"og:type\" content=\"article\" \/>\n<meta property=\"og:title\" content=\"Ayore\u0301ode Irade\u0301die: Ajni To, Que Yimo Iji Bari \u2022 Ayore.org\" \/>\n<meta property=\"og:description\" content=\"Ubuch\u00faa chedo Coj\u00f1oi:\u00a0 Coj\u00f1oi tib\u00e1gui yu iji dejai. Chojninga: \u201cUbuchua, am\u00f3ji yari.\u201d Mu yetac. Yojninga: \u201cAjni to. Que yimo ji bari.\u201d Coj\u00f1oi chojninga: \u201cJ\u00e9 am\u00f3ji yari. A j\u00e9 be yuj\u00f3rique jnacanic, ga ca aj\u00edna yu.\u201d \u201cQue yij\u00edna ua. Coj\u00f1oc ua\" \/>\n<meta property=\"og:url\" content=\"https:\/\/ayore.org\/ayo\/culture\/native-songs\/ajni-to-que-yimo-iji-bari\/\" \/>\n<meta property=\"og:site_name\" content=\"AYOR\u00c9.ORG\" \/>\n<meta property=\"article:modified_time\" content=\"2019-03-05T05:19:12+00:00\" \/>\n<meta name=\"twitter:card\" content=\"summary_large_image\" \/>\n<meta name=\"twitter:label1\" content=\"Est. reading time\" \/>\n\t<meta name=\"twitter:data1\" content=\"1 minute\" \/>\n<script type=\"application\/ld+json\" class=\"yoast-schema-graph\">{\"@context\":\"https:\\\/\\\/schema.org\",\"@graph\":[{\"@type\":\"WebPage\",\"@id\":\"https:\\\/\\\/ayore.org\\\/ayo\\\/culture\\\/native-songs\\\/ajni-to-que-yimo-iji-bari\\\/\",\"url\":\"https:\\\/\\\/ayore.org\\\/ayo\\\/culture\\\/native-songs\\\/ajni-to-que-yimo-iji-bari\\\/\",\"name\":\"Ayore\u0301ode Irade\u0301die: Ajni To, Que Yimo Iji Bari \u2022 Ayore.org\",\"isPartOf\":{\"@id\":\"https:\\\/\\\/ayore.org\\\/#website\"},\"datePublished\":\"2018-09-10T18:26:38+00:00\",\"dateModified\":\"2019-03-05T05:19:12+00:00\",\"breadcrumb\":{\"@id\":\"https:\\\/\\\/ayore.org\\\/ayo\\\/culture\\\/native-songs\\\/ajni-to-que-yimo-iji-bari\\\/#breadcrumb\"},\"inLanguage\":\"ayo\",\"potentialAction\":[{\"@type\":\"ReadAction\",\"target\":[\"https:\\\/\\\/ayore.org\\\/ayo\\\/culture\\\/native-songs\\\/ajni-to-que-yimo-iji-bari\\\/\"]}]},{\"@type\":\"BreadcrumbList\",\"@id\":\"https:\\\/\\\/ayore.org\\\/ayo\\\/culture\\\/native-songs\\\/ajni-to-que-yimo-iji-bari\\\/#breadcrumb\",\"itemListElement\":[{\"@type\":\"ListItem\",\"position\":1,\"name\":\"Jogate bajai tu ude\u0301\",\"item\":\"https:\\\/\\\/ayore.org\\\/ayo\\\/\"},{\"@type\":\"ListItem\",\"position\":2,\"name\":\"Ayore\u0301ode adode, angurenone cucha ore\",\"item\":\"https:\\\/\\\/ayore.org\\\/ayo\\\/culture\\\/\"},{\"@type\":\"ListItem\",\"position\":3,\"name\":\"Ayore\u0301ode Irade\u0301die\",\"item\":\"https:\\\/\\\/ayore.org\\\/ayo\\\/culture\\\/native-songs\\\/\"},{\"@type\":\"ListItem\",\"position\":4,\"name\":\"Ubuchu\u0301a &#8211; Ajni to, que yimo iji bari\"}]},{\"@type\":\"WebSite\",\"@id\":\"https:\\\/\\\/ayore.org\\\/#website\",\"url\":\"https:\\\/\\\/ayore.org\\\/\",\"name\":\"AYOR\u00c9.ORG\",\"description\":\"Ayore\u0301ode Uruode, Adode, Jnani bajade ati\u0301go ore \",\"potentialAction\":[{\"@type\":\"SearchAction\",\"target\":{\"@type\":\"EntryPoint\",\"urlTemplate\":\"https:\\\/\\\/ayore.org\\\/?s={search_term_string}\"},\"query-input\":{\"@type\":\"PropertyValueSpecification\",\"valueRequired\":true,\"valueName\":\"search_term_string\"}}],\"inLanguage\":\"ayo\"}]}<\/script>\n<!-- \/ Yoast SEO plugin. -->","yoast_head_json":{"title":"Ayore\u0301ode Irade\u0301die: Ajni To, Que Yimo Iji Bari \u2022 Ayore.org","robots":{"index":"index","follow":"follow","max-snippet":"max-snippet:-1","max-image-preview":"max-image-preview:large","max-video-preview":"max-video-preview:-1"},"canonical":"https:\/\/ayore.org\/ayo\/culture\/native-songs\/ajni-to-que-yimo-iji-bari\/","og_locale":"en_US","og_type":"article","og_title":"Ayore\u0301ode Irade\u0301die: Ajni To, Que Yimo Iji Bari \u2022 Ayore.org","og_description":"Ubuch\u00faa chedo Coj\u00f1oi:\u00a0 Coj\u00f1oi tib\u00e1gui yu iji dejai. Chojninga: \u201cUbuchua, am\u00f3ji yari.\u201d Mu yetac. Yojninga: \u201cAjni to. Que yimo ji bari.\u201d Coj\u00f1oi chojninga: \u201cJ\u00e9 am\u00f3ji yari. A j\u00e9 be yuj\u00f3rique jnacanic, ga ca aj\u00edna yu.\u201d \u201cQue yij\u00edna ua. Coj\u00f1oc ua","og_url":"https:\/\/ayore.org\/ayo\/culture\/native-songs\/ajni-to-que-yimo-iji-bari\/","og_site_name":"AYOR\u00c9.ORG","article_modified_time":"2019-03-05T05:19:12+00:00","twitter_card":"summary_large_image","twitter_misc":{"Est. reading time":"1 minute"},"schema":{"@context":"https:\/\/schema.org","@graph":[{"@type":"WebPage","@id":"https:\/\/ayore.org\/ayo\/culture\/native-songs\/ajni-to-que-yimo-iji-bari\/","url":"https:\/\/ayore.org\/ayo\/culture\/native-songs\/ajni-to-que-yimo-iji-bari\/","name":"Ayore\u0301ode Irade\u0301die: Ajni To, Que Yimo Iji Bari \u2022 Ayore.org","isPartOf":{"@id":"https:\/\/ayore.org\/#website"},"datePublished":"2018-09-10T18:26:38+00:00","dateModified":"2019-03-05T05:19:12+00:00","breadcrumb":{"@id":"https:\/\/ayore.org\/ayo\/culture\/native-songs\/ajni-to-que-yimo-iji-bari\/#breadcrumb"},"inLanguage":"ayo","potentialAction":[{"@type":"ReadAction","target":["https:\/\/ayore.org\/ayo\/culture\/native-songs\/ajni-to-que-yimo-iji-bari\/"]}]},{"@type":"BreadcrumbList","@id":"https:\/\/ayore.org\/ayo\/culture\/native-songs\/ajni-to-que-yimo-iji-bari\/#breadcrumb","itemListElement":[{"@type":"ListItem","position":1,"name":"Jogate bajai tu ude\u0301","item":"https:\/\/ayore.org\/ayo\/"},{"@type":"ListItem","position":2,"name":"Ayore\u0301ode adode, angurenone cucha ore","item":"https:\/\/ayore.org\/ayo\/culture\/"},{"@type":"ListItem","position":3,"name":"Ayore\u0301ode Irade\u0301die","item":"https:\/\/ayore.org\/ayo\/culture\/native-songs\/"},{"@type":"ListItem","position":4,"name":"Ubuchu\u0301a &#8211; Ajni to, que yimo iji bari"}]},{"@type":"WebSite","@id":"https:\/\/ayore.org\/#website","url":"https:\/\/ayore.org\/","name":"AYOR\u00c9.ORG","description":"Ayore\u0301ode Uruode, Adode, Jnani bajade ati\u0301go ore ","potentialAction":[{"@type":"SearchAction","target":{"@type":"EntryPoint","urlTemplate":"https:\/\/ayore.org\/?s={search_term_string}"},"query-input":{"@type":"PropertyValueSpecification","valueRequired":true,"valueName":"search_term_string"}}],"inLanguage":"ayo"}]}},"_links":{"self":[{"href":"https:\/\/ayore.org\/ayo\/wp-json\/wp\/v2\/pages\/950","targetHints":{"allow":["GET"]}}],"collection":[{"href":"https:\/\/ayore.org\/ayo\/wp-json\/wp\/v2\/pages"}],"about":[{"href":"https:\/\/ayore.org\/ayo\/wp-json\/wp\/v2\/types\/page"}],"author":[{"embeddable":true,"href":"https:\/\/ayore.org\/ayo\/wp-json\/wp\/v2\/users\/2"}],"replies":[{"embeddable":true,"href":"https:\/\/ayore.org\/ayo\/wp-json\/wp\/v2\/comments?post=950"}],"version-history":[{"count":3,"href":"https:\/\/ayore.org\/ayo\/wp-json\/wp\/v2\/pages\/950\/revisions"}],"predecessor-version":[{"id":3294,"href":"https:\/\/ayore.org\/ayo\/wp-json\/wp\/v2\/pages\/950\/revisions\/3294"}],"up":[{"embeddable":true,"href":"https:\/\/ayore.org\/ayo\/wp-json\/wp\/v2\/pages\/713"}],"wp:attachment":[{"href":"https:\/\/ayore.org\/ayo\/wp-json\/wp\/v2\/media?parent=950"}],"curies":[{"name":"wp","href":"https:\/\/api.w.org\/{rel}","templated":true}]}}