{"id":947,"date":"2018-09-10T18:20:28","date_gmt":"2018-09-10T18:20:28","guid":{"rendered":"https:\/\/ayore.org\/?page_id=947"},"modified":"2019-03-05T04:38:27","modified_gmt":"2019-03-05T04:38:27","slug":"yajire-uje-educadode-tamuta-jnumone","status":"publish","type":"page","link":"https:\/\/ayore.org\/ayo\/culture\/native-songs\/yajire-uje-educadode-tamuta-jnumone\/","title":{"rendered":"Tajerogu\u00e9 &#8211; Yajire uje educadode tamuta jnumone"},"content":{"rendered":"<p><strong>Tajerogu\u00e9 Chijn\u0303ecare:<\/strong><strong>\u00a0<\/strong><\/p>\n<p>Yij\u00f1ecar\u00f3si iji de. Chiese <em>Ipeyai<\/em> nero yu nanic. Gajnei mar\u00ednga yip\u00f3gu yachachag\u00fagode quitic ome <em>Uchiedie<\/em> ejoi.<\/p>\n<p>Yiy\u00e1r\u00e1si ua dir\u00edca mu yujnusina beronie uje ate goingane ome yu ga yijinapo ua ri\u0303. Yosir\u00e1si yij\u00ed\u00f1ome ua mu babepo yu iji gari ri\u0303. Que pujnusi\u00e9tigar\u00e1si ome yu. Yajire ua ga yos\u00f5re ua uje educadode tamuta jnumone ga yajniap\u00f3ja ua ri\u0303. Que pujnusi\u00e9tigade d\u00e9ji yu. Jeta gusu jnacare ua ga yujnusir\u00e1si ua. Jnacarode cachi uacaru\u00e1bio ome gap\u00faraque uyoque. Chiese ca bajnusi yu dir\u00edca mu bagarupo yu ri\u0303. U\u0303r\u00e9 uyu uje que yujnusir\u00e1si ua. Bagota j\u00f5roque b\u00e3ringai coj\u00f1oque dequejnangore pujnusiete ome yu. Ca yug\u00fasi penochai nanique uje uacajuso yu. Que yujnusi uraque to.<\/p>\n<p><em>Taje\u0301rogue\u0301 &#8211;\u00a0Tobit\u00e9, Bolivia &#8211; 1960.<\/em><\/p>\n<p><em>Joyce Davis Buchegger chur\u00fas\u00e3re Tajerogue\u0301 iradedie udaji nanique.<\/em><\/p>\n<div class=\"navigation\"><div class=\"alignleft\"><a href=\"https:\/\/ayore.org\/ayo\/culture\/native-songs\/suarejnacaride-yijnecarosi-iji-yucuegode-yoca\/\"title=\"Suare\u0301jnacari\u0301de &#8211; Yij\u00f1eca\u0301rosi iji yucuegode yoca\"><img loading=\"lazy\" decoding=\"async\" src=\"https:\/\/ayore.org\/wp-content\/uploads\/2018\/10\/left-arrow.png\" width=\"50\" height=\"48\" alt=\"left arrow\"><\/a><\/div><div class=\"alignright\"><a href=\"https:\/\/ayore.org\/ayo\/culture\/native-songs\/ajni-to-que-yimo-iji-bari\/\"title=\"Ubuchu\u0301a &#8211; Ajni to, que yimo iji bari\"><img loading=\"lazy\" decoding=\"async\" src=\"https:\/\/ayore.org\/wp-content\/uploads\/2018\/10\/right-arrow.png\" width=\"50\" height=\"48\" alt=\"right arrow\"><\/a><\/div>\n","protected":false},"excerpt":{"rendered":"<p>Tajerogu\u00e9 Chijn\u0303ecare:\u00a0 Yij\u00f1ecar\u00f3si iji de. Chiese Ipeyai nero yu nanic. Gajnei mar\u00ednga yip\u00f3gu yachachag\u00fagode quitic ome Uchiedie ejoi. Yiy\u00e1r\u00e1si ua dir\u00edca mu yujnusina beronie uje ate goingane ome yu ga yijinapo ua ri\u0303. Yosir\u00e1si yij\u00ed\u00f1ome ua mu babepo yu iji<\/p>\n","protected":false},"author":2,"featured_media":0,"parent":713,"menu_order":0,"comment_status":"closed","ping_status":"closed","template":"","meta":{"footnotes":""},"class_list":["post-947","page","type-page","status-publish","hentry"],"yoast_head":"<!-- This site is optimized with the Yoast SEO plugin v27.4 - https:\/\/yoast.com\/product\/yoast-seo-wordpress\/ -->\n<title>Ayore\u0301ode Irade\u0301die: Yajire Uje Educadode Tamuta Jnumone \u2022 Ayore.org<\/title>\n<meta name=\"robots\" content=\"index, follow, max-snippet:-1, max-image-preview:large, max-video-preview:-1\" \/>\n<link rel=\"canonical\" href=\"https:\/\/ayore.org\/ayo\/culture\/native-songs\/yajire-uje-educadode-tamuta-jnumone\/\" \/>\n<meta property=\"og:locale\" content=\"en_US\" \/>\n<meta property=\"og:type\" content=\"article\" \/>\n<meta property=\"og:title\" content=\"Ayore\u0301ode Irade\u0301die: Yajire Uje Educadode Tamuta Jnumone \u2022 Ayore.org\" \/>\n<meta property=\"og:description\" content=\"Tajerogu\u00e9 Chijn\u0303ecare:\u00a0 Yij\u00f1ecar\u00f3si iji de. Chiese Ipeyai nero yu nanic. Gajnei mar\u00ednga yip\u00f3gu yachachag\u00fagode quitic ome Uchiedie ejoi. Yiy\u00e1r\u00e1si ua dir\u00edca mu yujnusina beronie uje ate goingane ome yu ga yijinapo ua ri\u0303. Yosir\u00e1si yij\u00ed\u00f1ome ua mu babepo yu iji\" \/>\n<meta property=\"og:url\" content=\"https:\/\/ayore.org\/ayo\/culture\/native-songs\/yajire-uje-educadode-tamuta-jnumone\/\" \/>\n<meta property=\"og:site_name\" content=\"AYOR\u00c9.ORG\" \/>\n<meta property=\"article:modified_time\" content=\"2019-03-05T04:38:27+00:00\" \/>\n<meta name=\"twitter:card\" content=\"summary_large_image\" \/>\n<meta name=\"twitter:label1\" content=\"Est. reading time\" \/>\n\t<meta name=\"twitter:data1\" content=\"1 minute\" \/>\n<script type=\"application\/ld+json\" class=\"yoast-schema-graph\">{\"@context\":\"https:\\\/\\\/schema.org\",\"@graph\":[{\"@type\":\"WebPage\",\"@id\":\"https:\\\/\\\/ayore.org\\\/ayo\\\/culture\\\/native-songs\\\/yajire-uje-educadode-tamuta-jnumone\\\/\",\"url\":\"https:\\\/\\\/ayore.org\\\/ayo\\\/culture\\\/native-songs\\\/yajire-uje-educadode-tamuta-jnumone\\\/\",\"name\":\"Ayore\u0301ode Irade\u0301die: Yajire Uje Educadode Tamuta Jnumone \u2022 Ayore.org\",\"isPartOf\":{\"@id\":\"https:\\\/\\\/ayore.org\\\/#website\"},\"datePublished\":\"2018-09-10T18:20:28+00:00\",\"dateModified\":\"2019-03-05T04:38:27+00:00\",\"breadcrumb\":{\"@id\":\"https:\\\/\\\/ayore.org\\\/ayo\\\/culture\\\/native-songs\\\/yajire-uje-educadode-tamuta-jnumone\\\/#breadcrumb\"},\"inLanguage\":\"ayo\",\"potentialAction\":[{\"@type\":\"ReadAction\",\"target\":[\"https:\\\/\\\/ayore.org\\\/ayo\\\/culture\\\/native-songs\\\/yajire-uje-educadode-tamuta-jnumone\\\/\"]}]},{\"@type\":\"BreadcrumbList\",\"@id\":\"https:\\\/\\\/ayore.org\\\/ayo\\\/culture\\\/native-songs\\\/yajire-uje-educadode-tamuta-jnumone\\\/#breadcrumb\",\"itemListElement\":[{\"@type\":\"ListItem\",\"position\":1,\"name\":\"Jogate bajai tu ude\u0301\",\"item\":\"https:\\\/\\\/ayore.org\\\/ayo\\\/\"},{\"@type\":\"ListItem\",\"position\":2,\"name\":\"Ayore\u0301ode adode, angurenone cucha ore\",\"item\":\"https:\\\/\\\/ayore.org\\\/ayo\\\/culture\\\/\"},{\"@type\":\"ListItem\",\"position\":3,\"name\":\"Ayore\u0301ode Irade\u0301die\",\"item\":\"https:\\\/\\\/ayore.org\\\/ayo\\\/culture\\\/native-songs\\\/\"},{\"@type\":\"ListItem\",\"position\":4,\"name\":\"Tajerogu\u00e9 &#8211; Yajire uje educadode tamuta jnumone\"}]},{\"@type\":\"WebSite\",\"@id\":\"https:\\\/\\\/ayore.org\\\/#website\",\"url\":\"https:\\\/\\\/ayore.org\\\/\",\"name\":\"AYOR\u00c9.ORG\",\"description\":\"Ayore\u0301ode Uruode, Adode, Jnani bajade ati\u0301go ore \",\"potentialAction\":[{\"@type\":\"SearchAction\",\"target\":{\"@type\":\"EntryPoint\",\"urlTemplate\":\"https:\\\/\\\/ayore.org\\\/?s={search_term_string}\"},\"query-input\":{\"@type\":\"PropertyValueSpecification\",\"valueRequired\":true,\"valueName\":\"search_term_string\"}}],\"inLanguage\":\"ayo\"}]}<\/script>\n<!-- \/ Yoast SEO plugin. -->","yoast_head_json":{"title":"Ayore\u0301ode Irade\u0301die: Yajire Uje Educadode Tamuta Jnumone \u2022 Ayore.org","robots":{"index":"index","follow":"follow","max-snippet":"max-snippet:-1","max-image-preview":"max-image-preview:large","max-video-preview":"max-video-preview:-1"},"canonical":"https:\/\/ayore.org\/ayo\/culture\/native-songs\/yajire-uje-educadode-tamuta-jnumone\/","og_locale":"en_US","og_type":"article","og_title":"Ayore\u0301ode Irade\u0301die: Yajire Uje Educadode Tamuta Jnumone \u2022 Ayore.org","og_description":"Tajerogu\u00e9 Chijn\u0303ecare:\u00a0 Yij\u00f1ecar\u00f3si iji de. Chiese Ipeyai nero yu nanic. Gajnei mar\u00ednga yip\u00f3gu yachachag\u00fagode quitic ome Uchiedie ejoi. Yiy\u00e1r\u00e1si ua dir\u00edca mu yujnusina beronie uje ate goingane ome yu ga yijinapo ua ri\u0303. Yosir\u00e1si yij\u00ed\u00f1ome ua mu babepo yu iji","og_url":"https:\/\/ayore.org\/ayo\/culture\/native-songs\/yajire-uje-educadode-tamuta-jnumone\/","og_site_name":"AYOR\u00c9.ORG","article_modified_time":"2019-03-05T04:38:27+00:00","twitter_card":"summary_large_image","twitter_misc":{"Est. reading time":"1 minute"},"schema":{"@context":"https:\/\/schema.org","@graph":[{"@type":"WebPage","@id":"https:\/\/ayore.org\/ayo\/culture\/native-songs\/yajire-uje-educadode-tamuta-jnumone\/","url":"https:\/\/ayore.org\/ayo\/culture\/native-songs\/yajire-uje-educadode-tamuta-jnumone\/","name":"Ayore\u0301ode Irade\u0301die: Yajire Uje Educadode Tamuta Jnumone \u2022 Ayore.org","isPartOf":{"@id":"https:\/\/ayore.org\/#website"},"datePublished":"2018-09-10T18:20:28+00:00","dateModified":"2019-03-05T04:38:27+00:00","breadcrumb":{"@id":"https:\/\/ayore.org\/ayo\/culture\/native-songs\/yajire-uje-educadode-tamuta-jnumone\/#breadcrumb"},"inLanguage":"ayo","potentialAction":[{"@type":"ReadAction","target":["https:\/\/ayore.org\/ayo\/culture\/native-songs\/yajire-uje-educadode-tamuta-jnumone\/"]}]},{"@type":"BreadcrumbList","@id":"https:\/\/ayore.org\/ayo\/culture\/native-songs\/yajire-uje-educadode-tamuta-jnumone\/#breadcrumb","itemListElement":[{"@type":"ListItem","position":1,"name":"Jogate bajai tu ude\u0301","item":"https:\/\/ayore.org\/ayo\/"},{"@type":"ListItem","position":2,"name":"Ayore\u0301ode adode, angurenone cucha ore","item":"https:\/\/ayore.org\/ayo\/culture\/"},{"@type":"ListItem","position":3,"name":"Ayore\u0301ode Irade\u0301die","item":"https:\/\/ayore.org\/ayo\/culture\/native-songs\/"},{"@type":"ListItem","position":4,"name":"Tajerogu\u00e9 &#8211; Yajire uje educadode tamuta jnumone"}]},{"@type":"WebSite","@id":"https:\/\/ayore.org\/#website","url":"https:\/\/ayore.org\/","name":"AYOR\u00c9.ORG","description":"Ayore\u0301ode Uruode, Adode, Jnani bajade ati\u0301go ore ","potentialAction":[{"@type":"SearchAction","target":{"@type":"EntryPoint","urlTemplate":"https:\/\/ayore.org\/?s={search_term_string}"},"query-input":{"@type":"PropertyValueSpecification","valueRequired":true,"valueName":"search_term_string"}}],"inLanguage":"ayo"}]}},"_links":{"self":[{"href":"https:\/\/ayore.org\/ayo\/wp-json\/wp\/v2\/pages\/947","targetHints":{"allow":["GET"]}}],"collection":[{"href":"https:\/\/ayore.org\/ayo\/wp-json\/wp\/v2\/pages"}],"about":[{"href":"https:\/\/ayore.org\/ayo\/wp-json\/wp\/v2\/types\/page"}],"author":[{"embeddable":true,"href":"https:\/\/ayore.org\/ayo\/wp-json\/wp\/v2\/users\/2"}],"replies":[{"embeddable":true,"href":"https:\/\/ayore.org\/ayo\/wp-json\/wp\/v2\/comments?post=947"}],"version-history":[{"count":5,"href":"https:\/\/ayore.org\/ayo\/wp-json\/wp\/v2\/pages\/947\/revisions"}],"predecessor-version":[{"id":3288,"href":"https:\/\/ayore.org\/ayo\/wp-json\/wp\/v2\/pages\/947\/revisions\/3288"}],"up":[{"embeddable":true,"href":"https:\/\/ayore.org\/ayo\/wp-json\/wp\/v2\/pages\/713"}],"wp:attachment":[{"href":"https:\/\/ayore.org\/ayo\/wp-json\/wp\/v2\/media?parent=947"}],"curies":[{"name":"wp","href":"https:\/\/api.w.org\/{rel}","templated":true}]}}