{"id":945,"date":"2018-09-10T18:14:30","date_gmt":"2018-09-10T18:14:30","guid":{"rendered":"https:\/\/ayore.org\/?page_id=945"},"modified":"2019-03-05T03:11:36","modified_gmt":"2019-03-05T03:11:36","slug":"suarejnacaride-yijnecarosi-iji-yucuegode-yoca","status":"publish","type":"page","link":"https:\/\/ayore.org\/ayo\/culture\/native-songs\/suarejnacaride-yijnecarosi-iji-yucuegode-yoca\/","title":{"rendered":"Suare\u0301jnacari\u0301de &#8211; Yij\u00f1eca\u0301rosi iji yucuegode yoca"},"content":{"rendered":"<p><em><strong>Suare\u0301jnacari\u0301de<\/strong> <strong>Chijn\u0303ecare:<\/strong><\/em><\/p>\n<p>Yo y\u00e1yugu uje yij\u00f1ecare to. Yij\u00f1ec\u00e1rosi iji yucuegode yoca. Yij\u00ed\u00f1ome y\u00faringai ayor\u00e9 dacasut\u00e9 mu yij\u00f1ecare iji de. \u00cdjnoque y\u00faringai pangure\u0301jna. A j\u00e9 yij\u00f1ecare iji de jne.<\/p>\n<p>Yij\u00f1ecare iji yajes\u00faode er\u00e1mi. Yij\u00f1ecare iji yibatigade tiji de. J\u00e9 pangur\u00e9jna yu to mu <em>Coj\u00f1oi<\/em>\u00a0chejna y\u00faringai pangur\u00e9jna uje yujnusi <em>Coj\u00f1oi<\/em> ore, <em>Ipesudidat\u00e9.<\/em> Yujnusipise ga yij\u00f1ecare iji yibatigai er\u00e1mi. Yij\u00ed\u00f1ome y\u00faringai pidosobade charis\u00f3rone ome <em>Coj\u00f1oi <\/em>uaque. <em>Ijnam\u00eda<\/em> chejna y\u00e1jningara\u0303\u0301i. Que y\u00e1jningai cusapo ri\u0303. J\u00e9 yujn\u00fasi. Qu\u00e9 yujn\u00fasisi disid\u00ede ore dat\u00e1bia. Yujnusi <em>Ijnam\u00eda<\/em>. Yij\u00f3ji <em>Yijnam\u00eda<\/em> taja yejode ga que yujnusiapo disid\u00ede ore dat\u00e1bia ri\u0303. Yur\u00fao ica ga a yuj\u00e9 <em>Coj\u00f1oi<\/em> u\u00f1eque gajner\u00ed ga yijna <em>Ijnam\u00eda<\/em> aja yu gajneri\u0303. E yiji yuruode. Yuj\u00e9 u\u00f1ai dir\u00edca coj\u00f1oque iji jnanione ga e yijna Inam\u00eda taja yu jne. J\u00e9 yiji yuru casod\u00e9. Yijna <em>Ijnam\u00eda <\/em>aja yu.<\/p>\n<p><em>Suare\u0301jnacari\u0301de &#8211; Tobit\u00e9, Bolivia &#8211; 1960.<\/em><\/p>\n<p><em>Joyce Davis Buchegger chur\u00fas\u00e3re udaji nanique.<\/em><\/p>\n<div class=\"navigation\"><div class=\"alignleft\"><a href=\"https:\/\/ayore.org\/ayo\/culture\/native-songs\/pujnuine-yujnusipise-ojo\/\"title=\"Pujnuine\u0301 &#8211; Yujnusipise Ojo\"><img loading=\"lazy\" decoding=\"async\" src=\"https:\/\/ayore.org\/wp-content\/uploads\/2018\/10\/left-arrow.png\" width=\"50\" height=\"48\" alt=\"left arrow\"><\/a><\/div><div class=\"alignright\"><a href=\"https:\/\/ayore.org\/ayo\/culture\/native-songs\/yajire-uje-educadode-tamuta-jnumone\/\"title=\"Tajerogu\u00e9 &#8211; Yajire uje educadode tamuta jnumone\"><img loading=\"lazy\" decoding=\"async\" src=\"https:\/\/ayore.org\/wp-content\/uploads\/2018\/10\/right-arrow.png\" width=\"50\" height=\"48\" alt=\"right arrow\"><\/a><\/div>\n","protected":false},"excerpt":{"rendered":"<p>Suare\u0301jnacari\u0301de Chijn\u0303ecare: Yo y\u00e1yugu uje yij\u00f1ecare to. Yij\u00f1ec\u00e1rosi iji yucuegode yoca. Yij\u00ed\u00f1ome y\u00faringai ayor\u00e9 dacasut\u00e9 mu yij\u00f1ecare iji de. \u00cdjnoque y\u00faringai pangure\u0301jna. A j\u00e9 yij\u00f1ecare iji de jne. Yij\u00f1ecare iji yajes\u00faode er\u00e1mi. Yij\u00f1ecare iji yibatigade tiji de. J\u00e9 pangur\u00e9jna yu<\/p>\n","protected":false},"author":2,"featured_media":0,"parent":713,"menu_order":0,"comment_status":"closed","ping_status":"closed","template":"","meta":{"footnotes":""},"class_list":["post-945","page","type-page","status-publish","hentry"],"yoast_head":"<!-- This site is optimized with the Yoast SEO plugin v27.4 - https:\/\/yoast.com\/product\/yoast-seo-wordpress\/ -->\n<title>Ayore\u0301ode Irade\u0301die: Yij\u00f1ecarosi Iji Yucuegode Yoca \u2022 Ayore.org<\/title>\n<meta name=\"robots\" content=\"index, follow, max-snippet:-1, max-image-preview:large, max-video-preview:-1\" \/>\n<link rel=\"canonical\" href=\"https:\/\/ayore.org\/ayo\/culture\/native-songs\/suarejnacaride-yijnecarosi-iji-yucuegode-yoca\/\" \/>\n<meta property=\"og:locale\" content=\"en_US\" \/>\n<meta property=\"og:type\" content=\"article\" \/>\n<meta property=\"og:title\" content=\"Ayore\u0301ode Irade\u0301die: Yij\u00f1ecarosi Iji Yucuegode Yoca \u2022 Ayore.org\" \/>\n<meta property=\"og:description\" content=\"Suare\u0301jnacari\u0301de Chijn\u0303ecare: Yo y\u00e1yugu uje yij\u00f1ecare to. Yij\u00f1ec\u00e1rosi iji yucuegode yoca. Yij\u00ed\u00f1ome y\u00faringai ayor\u00e9 dacasut\u00e9 mu yij\u00f1ecare iji de. \u00cdjnoque y\u00faringai pangure\u0301jna. A j\u00e9 yij\u00f1ecare iji de jne. Yij\u00f1ecare iji yajes\u00faode er\u00e1mi. Yij\u00f1ecare iji yibatigade tiji de. J\u00e9 pangur\u00e9jna yu\" \/>\n<meta property=\"og:url\" content=\"https:\/\/ayore.org\/ayo\/culture\/native-songs\/suarejnacaride-yijnecarosi-iji-yucuegode-yoca\/\" \/>\n<meta property=\"og:site_name\" content=\"AYOR\u00c9.ORG\" \/>\n<meta property=\"article:modified_time\" content=\"2019-03-05T03:11:36+00:00\" \/>\n<meta name=\"twitter:card\" content=\"summary_large_image\" \/>\n<meta name=\"twitter:label1\" content=\"Est. reading time\" \/>\n\t<meta name=\"twitter:data1\" content=\"1 minute\" \/>\n<script type=\"application\/ld+json\" class=\"yoast-schema-graph\">{\"@context\":\"https:\\\/\\\/schema.org\",\"@graph\":[{\"@type\":\"WebPage\",\"@id\":\"https:\\\/\\\/ayore.org\\\/ayo\\\/culture\\\/native-songs\\\/suarejnacaride-yijnecarosi-iji-yucuegode-yoca\\\/\",\"url\":\"https:\\\/\\\/ayore.org\\\/ayo\\\/culture\\\/native-songs\\\/suarejnacaride-yijnecarosi-iji-yucuegode-yoca\\\/\",\"name\":\"Ayore\u0301ode Irade\u0301die: Yij\u00f1ecarosi Iji Yucuegode Yoca \u2022 Ayore.org\",\"isPartOf\":{\"@id\":\"https:\\\/\\\/ayore.org\\\/#website\"},\"datePublished\":\"2018-09-10T18:14:30+00:00\",\"dateModified\":\"2019-03-05T03:11:36+00:00\",\"breadcrumb\":{\"@id\":\"https:\\\/\\\/ayore.org\\\/ayo\\\/culture\\\/native-songs\\\/suarejnacaride-yijnecarosi-iji-yucuegode-yoca\\\/#breadcrumb\"},\"inLanguage\":\"ayo\",\"potentialAction\":[{\"@type\":\"ReadAction\",\"target\":[\"https:\\\/\\\/ayore.org\\\/ayo\\\/culture\\\/native-songs\\\/suarejnacaride-yijnecarosi-iji-yucuegode-yoca\\\/\"]}]},{\"@type\":\"BreadcrumbList\",\"@id\":\"https:\\\/\\\/ayore.org\\\/ayo\\\/culture\\\/native-songs\\\/suarejnacaride-yijnecarosi-iji-yucuegode-yoca\\\/#breadcrumb\",\"itemListElement\":[{\"@type\":\"ListItem\",\"position\":1,\"name\":\"Jogate bajai tu ude\u0301\",\"item\":\"https:\\\/\\\/ayore.org\\\/ayo\\\/\"},{\"@type\":\"ListItem\",\"position\":2,\"name\":\"Ayore\u0301ode adode, angurenone cucha ore\",\"item\":\"https:\\\/\\\/ayore.org\\\/ayo\\\/culture\\\/\"},{\"@type\":\"ListItem\",\"position\":3,\"name\":\"Ayore\u0301ode Irade\u0301die\",\"item\":\"https:\\\/\\\/ayore.org\\\/ayo\\\/culture\\\/native-songs\\\/\"},{\"@type\":\"ListItem\",\"position\":4,\"name\":\"Suare\u0301jnacari\u0301de &#8211; Yij\u00f1eca\u0301rosi iji yucuegode yoca\"}]},{\"@type\":\"WebSite\",\"@id\":\"https:\\\/\\\/ayore.org\\\/#website\",\"url\":\"https:\\\/\\\/ayore.org\\\/\",\"name\":\"AYOR\u00c9.ORG\",\"description\":\"Ayore\u0301ode Uruode, Adode, Jnani bajade ati\u0301go ore \",\"potentialAction\":[{\"@type\":\"SearchAction\",\"target\":{\"@type\":\"EntryPoint\",\"urlTemplate\":\"https:\\\/\\\/ayore.org\\\/?s={search_term_string}\"},\"query-input\":{\"@type\":\"PropertyValueSpecification\",\"valueRequired\":true,\"valueName\":\"search_term_string\"}}],\"inLanguage\":\"ayo\"}]}<\/script>\n<!-- \/ Yoast SEO plugin. -->","yoast_head_json":{"title":"Ayore\u0301ode Irade\u0301die: Yij\u00f1ecarosi Iji Yucuegode Yoca \u2022 Ayore.org","robots":{"index":"index","follow":"follow","max-snippet":"max-snippet:-1","max-image-preview":"max-image-preview:large","max-video-preview":"max-video-preview:-1"},"canonical":"https:\/\/ayore.org\/ayo\/culture\/native-songs\/suarejnacaride-yijnecarosi-iji-yucuegode-yoca\/","og_locale":"en_US","og_type":"article","og_title":"Ayore\u0301ode Irade\u0301die: Yij\u00f1ecarosi Iji Yucuegode Yoca \u2022 Ayore.org","og_description":"Suare\u0301jnacari\u0301de Chijn\u0303ecare: Yo y\u00e1yugu uje yij\u00f1ecare to. Yij\u00f1ec\u00e1rosi iji yucuegode yoca. Yij\u00ed\u00f1ome y\u00faringai ayor\u00e9 dacasut\u00e9 mu yij\u00f1ecare iji de. \u00cdjnoque y\u00faringai pangure\u0301jna. A j\u00e9 yij\u00f1ecare iji de jne. Yij\u00f1ecare iji yajes\u00faode er\u00e1mi. Yij\u00f1ecare iji yibatigade tiji de. J\u00e9 pangur\u00e9jna yu","og_url":"https:\/\/ayore.org\/ayo\/culture\/native-songs\/suarejnacaride-yijnecarosi-iji-yucuegode-yoca\/","og_site_name":"AYOR\u00c9.ORG","article_modified_time":"2019-03-05T03:11:36+00:00","twitter_card":"summary_large_image","twitter_misc":{"Est. reading time":"1 minute"},"schema":{"@context":"https:\/\/schema.org","@graph":[{"@type":"WebPage","@id":"https:\/\/ayore.org\/ayo\/culture\/native-songs\/suarejnacaride-yijnecarosi-iji-yucuegode-yoca\/","url":"https:\/\/ayore.org\/ayo\/culture\/native-songs\/suarejnacaride-yijnecarosi-iji-yucuegode-yoca\/","name":"Ayore\u0301ode Irade\u0301die: Yij\u00f1ecarosi Iji Yucuegode Yoca \u2022 Ayore.org","isPartOf":{"@id":"https:\/\/ayore.org\/#website"},"datePublished":"2018-09-10T18:14:30+00:00","dateModified":"2019-03-05T03:11:36+00:00","breadcrumb":{"@id":"https:\/\/ayore.org\/ayo\/culture\/native-songs\/suarejnacaride-yijnecarosi-iji-yucuegode-yoca\/#breadcrumb"},"inLanguage":"ayo","potentialAction":[{"@type":"ReadAction","target":["https:\/\/ayore.org\/ayo\/culture\/native-songs\/suarejnacaride-yijnecarosi-iji-yucuegode-yoca\/"]}]},{"@type":"BreadcrumbList","@id":"https:\/\/ayore.org\/ayo\/culture\/native-songs\/suarejnacaride-yijnecarosi-iji-yucuegode-yoca\/#breadcrumb","itemListElement":[{"@type":"ListItem","position":1,"name":"Jogate bajai tu ude\u0301","item":"https:\/\/ayore.org\/ayo\/"},{"@type":"ListItem","position":2,"name":"Ayore\u0301ode adode, angurenone cucha ore","item":"https:\/\/ayore.org\/ayo\/culture\/"},{"@type":"ListItem","position":3,"name":"Ayore\u0301ode Irade\u0301die","item":"https:\/\/ayore.org\/ayo\/culture\/native-songs\/"},{"@type":"ListItem","position":4,"name":"Suare\u0301jnacari\u0301de &#8211; Yij\u00f1eca\u0301rosi iji yucuegode yoca"}]},{"@type":"WebSite","@id":"https:\/\/ayore.org\/#website","url":"https:\/\/ayore.org\/","name":"AYOR\u00c9.ORG","description":"Ayore\u0301ode Uruode, Adode, Jnani bajade ati\u0301go ore ","potentialAction":[{"@type":"SearchAction","target":{"@type":"EntryPoint","urlTemplate":"https:\/\/ayore.org\/?s={search_term_string}"},"query-input":{"@type":"PropertyValueSpecification","valueRequired":true,"valueName":"search_term_string"}}],"inLanguage":"ayo"}]}},"_links":{"self":[{"href":"https:\/\/ayore.org\/ayo\/wp-json\/wp\/v2\/pages\/945","targetHints":{"allow":["GET"]}}],"collection":[{"href":"https:\/\/ayore.org\/ayo\/wp-json\/wp\/v2\/pages"}],"about":[{"href":"https:\/\/ayore.org\/ayo\/wp-json\/wp\/v2\/types\/page"}],"author":[{"embeddable":true,"href":"https:\/\/ayore.org\/ayo\/wp-json\/wp\/v2\/users\/2"}],"replies":[{"embeddable":true,"href":"https:\/\/ayore.org\/ayo\/wp-json\/wp\/v2\/comments?post=945"}],"version-history":[{"count":4,"href":"https:\/\/ayore.org\/ayo\/wp-json\/wp\/v2\/pages\/945\/revisions"}],"predecessor-version":[{"id":3279,"href":"https:\/\/ayore.org\/ayo\/wp-json\/wp\/v2\/pages\/945\/revisions\/3279"}],"up":[{"embeddable":true,"href":"https:\/\/ayore.org\/ayo\/wp-json\/wp\/v2\/pages\/713"}],"wp:attachment":[{"href":"https:\/\/ayore.org\/ayo\/wp-json\/wp\/v2\/media?parent=945"}],"curies":[{"name":"wp","href":"https:\/\/api.w.org\/{rel}","templated":true}]}}