{"id":940,"date":"2018-09-10T18:08:07","date_gmt":"2018-09-10T18:08:07","guid":{"rendered":"https:\/\/ayore.org\/?page_id=940"},"modified":"2019-03-05T02:26:22","modified_gmt":"2019-03-05T02:26:22","slug":"pujnucabi-yujnusipise-pejnocode-pedrode-ore","status":"publish","type":"page","link":"https:\/\/ayore.org\/ayo\/culture\/native-songs\/pujnucabi-yujnusipise-pejnocode-pedrode-ore\/","title":{"rendered":"Pujn\u00facabi &#8211; Yujnusipise yocuya\u0301bode"},"content":{"rendered":"<p><em><strong>Pujn\u00facabi Chijn\u0303eca\u0303re:<\/strong><\/em><\/p>\n<p>Yij\u00f1ec\u00e1rosi iji de. Yisapie ayor\u00e9 yocuy\u00e1bi<em> Pejn\u00f3code<\/em> iji si\u00f1eque. \u00bfTang\u00e1ri yu j\u00f5 a? Yise Rinc\u00f3n ga yajire cucarani ga yujnusipise <em>Pejn\u00f3code, P\u00e9drode<\/em> ore. Dire gajneri\u0303 ga yajni to gajneri\u0303 aja Tobit\u00e9. Cho jeta urugu yu iji jnut\u00edgo jeta ca yi\u0303ri ga yejna guedos\u00edrigo aja Tobit\u00e9 yui. Uneripise guidai yui, Tobit\u00e9. Chaguhei chejna yu mu yagu ore pot\u00edgo gajneri\u0303. Chi \u00edjnoque jnusi\u00e9tigade ome. Chise Port\u00f3n ga unere guidai yui. J\u00e9 uneripise guidai yui jeta yagu ayor\u00e9ode yoquesai <em>Cuc\u00f3jnai<\/em>, ayor\u00e9ode dacuy\u00e1bi <em>Pejn\u00f3code<\/em> ore posode.<\/p>\n<p><em>Pujnu\u0301cabi &#8211; Tobite\u0301, Bolivia &#8211; 1960<\/em><\/p>\n<p><em>Joyce Davis Buchegger chur\u00fas\u00e3re Pujnu\u0301cabi iradedie udaji nanique.<\/em><\/p>\n<div class=\"navigation\"><div class=\"alignleft\"><a href=\"https:\/\/ayore.org\/ayo\/culture\/native-songs\/jutira-yipogu-yachachagutic-ome-piajoi\/\"title=\"Manuelne\u0301 &#8211; Jutira p\u00f3gu dachachag\u00fatic ome Piajoi\"><img loading=\"lazy\" decoding=\"async\" src=\"https:\/\/ayore.org\/wp-content\/uploads\/2018\/10\/left-arrow.png\" width=\"50\" height=\"48\" alt=\"left arrow\"><\/a><\/div><div class=\"alignright\"><a href=\"https:\/\/ayore.org\/ayo\/culture\/native-songs\/pujnuine-yujnusipise-ojo\/\"title=\"Pujnuine\u0301 &#8211; Yujnusipise Ojo\"><img loading=\"lazy\" decoding=\"async\" src=\"https:\/\/ayore.org\/wp-content\/uploads\/2018\/10\/right-arrow.png\" width=\"50\" height=\"48\" alt=\"right arrow\"><\/a><\/div>\n","protected":false},"excerpt":{"rendered":"<p>Pujn\u00facabi Chijn\u0303eca\u0303re: Yij\u00f1ec\u00e1rosi iji de. Yisapie ayor\u00e9 yocuy\u00e1bi Pejn\u00f3code iji si\u00f1eque. \u00bfTang\u00e1ri yu j\u00f5 a? Yise Rinc\u00f3n ga yajire cucarani ga yujnusipise Pejn\u00f3code, P\u00e9drode ore. Dire gajneri\u0303 ga yajni to gajneri\u0303 aja Tobit\u00e9. Cho jeta urugu yu iji jnut\u00edgo jeta<\/p>\n","protected":false},"author":2,"featured_media":0,"parent":713,"menu_order":0,"comment_status":"closed","ping_status":"closed","template":"","meta":{"footnotes":""},"class_list":["post-940","page","type-page","status-publish","hentry"],"yoast_head":"<!-- This site is optimized with the Yoast SEO plugin v27.4 - https:\/\/yoast.com\/product\/yoast-seo-wordpress\/ -->\n<title>Ayore\u0301ode Irade\u0301die: Yujnusipise Pejn\u00f3code, Pedrode ore \u2022 Ayore.org<\/title>\n<meta name=\"robots\" content=\"index, follow, max-snippet:-1, max-image-preview:large, max-video-preview:-1\" \/>\n<link rel=\"canonical\" href=\"https:\/\/ayore.org\/ayo\/culture\/native-songs\/pujnucabi-yujnusipise-pejnocode-pedrode-ore\/\" \/>\n<meta property=\"og:locale\" content=\"en_US\" \/>\n<meta property=\"og:type\" content=\"article\" \/>\n<meta property=\"og:title\" content=\"Ayore\u0301ode Irade\u0301die: Yujnusipise Pejn\u00f3code, Pedrode ore \u2022 Ayore.org\" \/>\n<meta property=\"og:description\" content=\"Pujn\u00facabi Chijn\u0303eca\u0303re: Yij\u00f1ec\u00e1rosi iji de. Yisapie ayor\u00e9 yocuy\u00e1bi Pejn\u00f3code iji si\u00f1eque. \u00bfTang\u00e1ri yu j\u00f5 a? Yise Rinc\u00f3n ga yajire cucarani ga yujnusipise Pejn\u00f3code, P\u00e9drode ore. Dire gajneri\u0303 ga yajni to gajneri\u0303 aja Tobit\u00e9. Cho jeta urugu yu iji jnut\u00edgo jeta\" \/>\n<meta property=\"og:url\" content=\"https:\/\/ayore.org\/ayo\/culture\/native-songs\/pujnucabi-yujnusipise-pejnocode-pedrode-ore\/\" \/>\n<meta property=\"og:site_name\" content=\"AYOR\u00c9.ORG\" \/>\n<meta property=\"article:modified_time\" content=\"2019-03-05T02:26:22+00:00\" \/>\n<meta name=\"twitter:card\" content=\"summary_large_image\" \/>\n<meta name=\"twitter:label1\" content=\"Est. reading time\" \/>\n\t<meta name=\"twitter:data1\" content=\"1 minute\" \/>\n<script type=\"application\/ld+json\" class=\"yoast-schema-graph\">{\"@context\":\"https:\\\/\\\/schema.org\",\"@graph\":[{\"@type\":\"WebPage\",\"@id\":\"https:\\\/\\\/ayore.org\\\/ayo\\\/culture\\\/native-songs\\\/pujnucabi-yujnusipise-pejnocode-pedrode-ore\\\/\",\"url\":\"https:\\\/\\\/ayore.org\\\/ayo\\\/culture\\\/native-songs\\\/pujnucabi-yujnusipise-pejnocode-pedrode-ore\\\/\",\"name\":\"Ayore\u0301ode Irade\u0301die: Yujnusipise Pejn\u00f3code, Pedrode ore \u2022 Ayore.org\",\"isPartOf\":{\"@id\":\"https:\\\/\\\/ayore.org\\\/#website\"},\"datePublished\":\"2018-09-10T18:08:07+00:00\",\"dateModified\":\"2019-03-05T02:26:22+00:00\",\"breadcrumb\":{\"@id\":\"https:\\\/\\\/ayore.org\\\/ayo\\\/culture\\\/native-songs\\\/pujnucabi-yujnusipise-pejnocode-pedrode-ore\\\/#breadcrumb\"},\"inLanguage\":\"ayo\",\"potentialAction\":[{\"@type\":\"ReadAction\",\"target\":[\"https:\\\/\\\/ayore.org\\\/ayo\\\/culture\\\/native-songs\\\/pujnucabi-yujnusipise-pejnocode-pedrode-ore\\\/\"]}]},{\"@type\":\"BreadcrumbList\",\"@id\":\"https:\\\/\\\/ayore.org\\\/ayo\\\/culture\\\/native-songs\\\/pujnucabi-yujnusipise-pejnocode-pedrode-ore\\\/#breadcrumb\",\"itemListElement\":[{\"@type\":\"ListItem\",\"position\":1,\"name\":\"Jogate bajai tu ude\u0301\",\"item\":\"https:\\\/\\\/ayore.org\\\/ayo\\\/\"},{\"@type\":\"ListItem\",\"position\":2,\"name\":\"Ayore\u0301ode adode, angurenone cucha ore\",\"item\":\"https:\\\/\\\/ayore.org\\\/ayo\\\/culture\\\/\"},{\"@type\":\"ListItem\",\"position\":3,\"name\":\"Ayore\u0301ode Irade\u0301die\",\"item\":\"https:\\\/\\\/ayore.org\\\/ayo\\\/culture\\\/native-songs\\\/\"},{\"@type\":\"ListItem\",\"position\":4,\"name\":\"Pujn\u00facabi &#8211; Yujnusipise yocuya\u0301bode\"}]},{\"@type\":\"WebSite\",\"@id\":\"https:\\\/\\\/ayore.org\\\/#website\",\"url\":\"https:\\\/\\\/ayore.org\\\/\",\"name\":\"AYOR\u00c9.ORG\",\"description\":\"Ayore\u0301ode Uruode, Adode, Jnani bajade ati\u0301go ore \",\"potentialAction\":[{\"@type\":\"SearchAction\",\"target\":{\"@type\":\"EntryPoint\",\"urlTemplate\":\"https:\\\/\\\/ayore.org\\\/?s={search_term_string}\"},\"query-input\":{\"@type\":\"PropertyValueSpecification\",\"valueRequired\":true,\"valueName\":\"search_term_string\"}}],\"inLanguage\":\"ayo\"}]}<\/script>\n<!-- \/ Yoast SEO plugin. -->","yoast_head_json":{"title":"Ayore\u0301ode Irade\u0301die: Yujnusipise Pejn\u00f3code, Pedrode ore \u2022 Ayore.org","robots":{"index":"index","follow":"follow","max-snippet":"max-snippet:-1","max-image-preview":"max-image-preview:large","max-video-preview":"max-video-preview:-1"},"canonical":"https:\/\/ayore.org\/ayo\/culture\/native-songs\/pujnucabi-yujnusipise-pejnocode-pedrode-ore\/","og_locale":"en_US","og_type":"article","og_title":"Ayore\u0301ode Irade\u0301die: Yujnusipise Pejn\u00f3code, Pedrode ore \u2022 Ayore.org","og_description":"Pujn\u00facabi Chijn\u0303eca\u0303re: Yij\u00f1ec\u00e1rosi iji de. Yisapie ayor\u00e9 yocuy\u00e1bi Pejn\u00f3code iji si\u00f1eque. \u00bfTang\u00e1ri yu j\u00f5 a? Yise Rinc\u00f3n ga yajire cucarani ga yujnusipise Pejn\u00f3code, P\u00e9drode ore. Dire gajneri\u0303 ga yajni to gajneri\u0303 aja Tobit\u00e9. Cho jeta urugu yu iji jnut\u00edgo jeta","og_url":"https:\/\/ayore.org\/ayo\/culture\/native-songs\/pujnucabi-yujnusipise-pejnocode-pedrode-ore\/","og_site_name":"AYOR\u00c9.ORG","article_modified_time":"2019-03-05T02:26:22+00:00","twitter_card":"summary_large_image","twitter_misc":{"Est. reading time":"1 minute"},"schema":{"@context":"https:\/\/schema.org","@graph":[{"@type":"WebPage","@id":"https:\/\/ayore.org\/ayo\/culture\/native-songs\/pujnucabi-yujnusipise-pejnocode-pedrode-ore\/","url":"https:\/\/ayore.org\/ayo\/culture\/native-songs\/pujnucabi-yujnusipise-pejnocode-pedrode-ore\/","name":"Ayore\u0301ode Irade\u0301die: Yujnusipise Pejn\u00f3code, Pedrode ore \u2022 Ayore.org","isPartOf":{"@id":"https:\/\/ayore.org\/#website"},"datePublished":"2018-09-10T18:08:07+00:00","dateModified":"2019-03-05T02:26:22+00:00","breadcrumb":{"@id":"https:\/\/ayore.org\/ayo\/culture\/native-songs\/pujnucabi-yujnusipise-pejnocode-pedrode-ore\/#breadcrumb"},"inLanguage":"ayo","potentialAction":[{"@type":"ReadAction","target":["https:\/\/ayore.org\/ayo\/culture\/native-songs\/pujnucabi-yujnusipise-pejnocode-pedrode-ore\/"]}]},{"@type":"BreadcrumbList","@id":"https:\/\/ayore.org\/ayo\/culture\/native-songs\/pujnucabi-yujnusipise-pejnocode-pedrode-ore\/#breadcrumb","itemListElement":[{"@type":"ListItem","position":1,"name":"Jogate bajai tu ude\u0301","item":"https:\/\/ayore.org\/ayo\/"},{"@type":"ListItem","position":2,"name":"Ayore\u0301ode adode, angurenone cucha ore","item":"https:\/\/ayore.org\/ayo\/culture\/"},{"@type":"ListItem","position":3,"name":"Ayore\u0301ode Irade\u0301die","item":"https:\/\/ayore.org\/ayo\/culture\/native-songs\/"},{"@type":"ListItem","position":4,"name":"Pujn\u00facabi &#8211; Yujnusipise yocuya\u0301bode"}]},{"@type":"WebSite","@id":"https:\/\/ayore.org\/#website","url":"https:\/\/ayore.org\/","name":"AYOR\u00c9.ORG","description":"Ayore\u0301ode Uruode, Adode, Jnani bajade ati\u0301go ore ","potentialAction":[{"@type":"SearchAction","target":{"@type":"EntryPoint","urlTemplate":"https:\/\/ayore.org\/?s={search_term_string}"},"query-input":{"@type":"PropertyValueSpecification","valueRequired":true,"valueName":"search_term_string"}}],"inLanguage":"ayo"}]}},"_links":{"self":[{"href":"https:\/\/ayore.org\/ayo\/wp-json\/wp\/v2\/pages\/940","targetHints":{"allow":["GET"]}}],"collection":[{"href":"https:\/\/ayore.org\/ayo\/wp-json\/wp\/v2\/pages"}],"about":[{"href":"https:\/\/ayore.org\/ayo\/wp-json\/wp\/v2\/types\/page"}],"author":[{"embeddable":true,"href":"https:\/\/ayore.org\/ayo\/wp-json\/wp\/v2\/users\/2"}],"replies":[{"embeddable":true,"href":"https:\/\/ayore.org\/ayo\/wp-json\/wp\/v2\/comments?post=940"}],"version-history":[{"count":3,"href":"https:\/\/ayore.org\/ayo\/wp-json\/wp\/v2\/pages\/940\/revisions"}],"predecessor-version":[{"id":3266,"href":"https:\/\/ayore.org\/ayo\/wp-json\/wp\/v2\/pages\/940\/revisions\/3266"}],"up":[{"embeddable":true,"href":"https:\/\/ayore.org\/ayo\/wp-json\/wp\/v2\/pages\/713"}],"wp:attachment":[{"href":"https:\/\/ayore.org\/ayo\/wp-json\/wp\/v2\/media?parent=940"}],"curies":[{"name":"wp","href":"https:\/\/api.w.org\/{rel}","templated":true}]}}