{"id":938,"date":"2018-09-10T17:58:36","date_gmt":"2018-09-10T17:58:36","guid":{"rendered":"https:\/\/ayore.org\/?page_id=938"},"modified":"2019-03-04T19:01:49","modified_gmt":"2019-03-04T19:01:49","slug":"jutira-yipogu-yachachagutic-ome-piajoi","status":"publish","type":"page","link":"https:\/\/ayore.org\/ayo\/culture\/native-songs\/jutira-yipogu-yachachagutic-ome-piajoi\/","title":{"rendered":"Manuelne\u0301 &#8211; Jutira p\u00f3gu dachachag\u00fatic ome Piajoi"},"content":{"rendered":"<p><strong>Piajoi Acot\u00e9 Jutira<\/strong>:<\/p>\n<p><em>(Chi ore changaca\u0301ra daguiosode uje ore chij\u00f1ecare.)<\/em><\/p>\n<p>Yedobu ayor\u00e1bi <em>Piajoi <\/em>uje gapua u\u00f1a chisa. A <em>Par\u00e9 u<\/em>. Chiese <em>Ichaj\u00faid\u00e9<\/em> iguioto yu. Yip\u00f3gu yachachag\u00fatic ome <em>Piajoi<\/em>.<\/p>\n<p>Chequ\u00e9 u\u00f1a chojninga: \u201cAya babai. Gajn\u00e1rec uje acotedie gare.\u201d<\/p>\n<p>Chequ\u00e9 u\u00f1a chojninga: \u201cJ\u00e9 aj\u00edna babai uje gajnareque uje gapudie abayode jiei.\u201d<\/p>\n<p>Jnacari chingome yu uje pota <em>Maria<\/em>. Chojninga: \u201c<em>Manueln\u00e9<\/em>, ango <em>Maria<\/em> ga yacot\u00e9 jne.\u201d<\/p>\n<p>Mu <em>Maria <\/em>chojninga<em>: \u201cUneredat\u00e9,<\/em> ca apojna yu. Que yipota babai.\u201d<\/p>\n<p><em>Manuelne\u0301 &#8211; Tobit\u00e9, Bolivia -1960<\/em><\/p>\n<p><em>Joyce Davis Buchegger chur\u00fas\u00e3re piradedie udaji nanique.<\/em><\/p>\n<div class=\"navigation\"><div class=\"alignleft\"><a href=\"https:\/\/ayore.org\/ayo\/culture\/native-songs\/pejnocode-yedobu-yujnusietigade\/\"title=\"Pejn\u00f3code &#8211; Yedobu yujnusi\u00e9tigade\"><img loading=\"lazy\" decoding=\"async\" src=\"https:\/\/ayore.org\/wp-content\/uploads\/2018\/10\/left-arrow.png\" width=\"50\" height=\"48\" alt=\"left arrow\"><\/a><\/div><div class=\"alignright\"><a href=\"https:\/\/ayore.org\/ayo\/culture\/native-songs\/pujnucabi-yujnusipise-pejnocode-pedrode-ore\/\"title=\"Pujn\u00facabi &#8211; Yujnusipise yocuya\u0301bode\"><img loading=\"lazy\" decoding=\"async\" src=\"https:\/\/ayore.org\/wp-content\/uploads\/2018\/10\/right-arrow.png\" width=\"50\" height=\"48\" alt=\"right arrow\"><\/a><\/div>\n","protected":false},"excerpt":{"rendered":"<p>Piajoi Acot\u00e9 Jutira: (Chi ore changaca\u0301ra daguiosode uje ore chij\u00f1ecare.) Yedobu ayor\u00e1bi Piajoi uje gapua u\u00f1a chisa. A Par\u00e9 u. Chiese Ichaj\u00faid\u00e9 iguioto yu. Yip\u00f3gu yachachag\u00fatic ome Piajoi. Chequ\u00e9 u\u00f1a chojninga: \u201cAya babai. Gajn\u00e1rec uje acotedie gare.\u201d Chequ\u00e9 u\u00f1a chojninga:<\/p>\n","protected":false},"author":2,"featured_media":0,"parent":713,"menu_order":0,"comment_status":"closed","ping_status":"closed","template":"","meta":{"footnotes":""},"class_list":["post-938","page","type-page","status-publish","hentry"],"yoast_head":"<!-- This site is optimized with the Yoast SEO plugin v27.4 - https:\/\/yoast.com\/product\/yoast-seo-wordpress\/ -->\n<title>Ayore\u0301ode Irade\u0301die: Yip\u00f3gu Yachachag\u00fatic Ome Piajoi \u2022 Ayore.org<\/title>\n<meta name=\"robots\" content=\"index, follow, max-snippet:-1, max-image-preview:large, max-video-preview:-1\" \/>\n<link rel=\"canonical\" href=\"https:\/\/ayore.org\/ayo\/culture\/native-songs\/jutira-yipogu-yachachagutic-ome-piajoi\/\" \/>\n<meta property=\"og:locale\" content=\"en_US\" \/>\n<meta property=\"og:type\" content=\"article\" \/>\n<meta property=\"og:title\" content=\"Ayore\u0301ode Irade\u0301die: Yip\u00f3gu Yachachag\u00fatic Ome Piajoi \u2022 Ayore.org\" \/>\n<meta property=\"og:description\" content=\"Piajoi Acot\u00e9 Jutira: (Chi ore changaca\u0301ra daguiosode uje ore chij\u00f1ecare.) Yedobu ayor\u00e1bi Piajoi uje gapua u\u00f1a chisa. A Par\u00e9 u. Chiese Ichaj\u00faid\u00e9 iguioto yu. Yip\u00f3gu yachachag\u00fatic ome Piajoi. Chequ\u00e9 u\u00f1a chojninga: \u201cAya babai. Gajn\u00e1rec uje acotedie gare.\u201d Chequ\u00e9 u\u00f1a chojninga:\" \/>\n<meta property=\"og:url\" content=\"https:\/\/ayore.org\/ayo\/culture\/native-songs\/jutira-yipogu-yachachagutic-ome-piajoi\/\" \/>\n<meta property=\"og:site_name\" content=\"AYOR\u00c9.ORG\" \/>\n<meta property=\"article:modified_time\" content=\"2019-03-04T19:01:49+00:00\" \/>\n<meta name=\"twitter:card\" content=\"summary_large_image\" \/>\n<script type=\"application\/ld+json\" class=\"yoast-schema-graph\">{\"@context\":\"https:\\\/\\\/schema.org\",\"@graph\":[{\"@type\":\"WebPage\",\"@id\":\"https:\\\/\\\/ayore.org\\\/ayo\\\/culture\\\/native-songs\\\/jutira-yipogu-yachachagutic-ome-piajoi\\\/\",\"url\":\"https:\\\/\\\/ayore.org\\\/ayo\\\/culture\\\/native-songs\\\/jutira-yipogu-yachachagutic-ome-piajoi\\\/\",\"name\":\"Ayore\u0301ode Irade\u0301die: Yip\u00f3gu Yachachag\u00fatic Ome Piajoi \u2022 Ayore.org\",\"isPartOf\":{\"@id\":\"https:\\\/\\\/ayore.org\\\/#website\"},\"datePublished\":\"2018-09-10T17:58:36+00:00\",\"dateModified\":\"2019-03-04T19:01:49+00:00\",\"breadcrumb\":{\"@id\":\"https:\\\/\\\/ayore.org\\\/ayo\\\/culture\\\/native-songs\\\/jutira-yipogu-yachachagutic-ome-piajoi\\\/#breadcrumb\"},\"inLanguage\":\"ayo\",\"potentialAction\":[{\"@type\":\"ReadAction\",\"target\":[\"https:\\\/\\\/ayore.org\\\/ayo\\\/culture\\\/native-songs\\\/jutira-yipogu-yachachagutic-ome-piajoi\\\/\"]}]},{\"@type\":\"BreadcrumbList\",\"@id\":\"https:\\\/\\\/ayore.org\\\/ayo\\\/culture\\\/native-songs\\\/jutira-yipogu-yachachagutic-ome-piajoi\\\/#breadcrumb\",\"itemListElement\":[{\"@type\":\"ListItem\",\"position\":1,\"name\":\"Jogate bajai tu ude\u0301\",\"item\":\"https:\\\/\\\/ayore.org\\\/ayo\\\/\"},{\"@type\":\"ListItem\",\"position\":2,\"name\":\"Ayore\u0301ode adode, angurenone cucha ore\",\"item\":\"https:\\\/\\\/ayore.org\\\/ayo\\\/culture\\\/\"},{\"@type\":\"ListItem\",\"position\":3,\"name\":\"Ayore\u0301ode Irade\u0301die\",\"item\":\"https:\\\/\\\/ayore.org\\\/ayo\\\/culture\\\/native-songs\\\/\"},{\"@type\":\"ListItem\",\"position\":4,\"name\":\"Manuelne\u0301 &#8211; Jutira p\u00f3gu dachachag\u00fatic ome Piajoi\"}]},{\"@type\":\"WebSite\",\"@id\":\"https:\\\/\\\/ayore.org\\\/#website\",\"url\":\"https:\\\/\\\/ayore.org\\\/\",\"name\":\"AYOR\u00c9.ORG\",\"description\":\"Ayore\u0301ode Uruode, Adode, Jnani bajade ati\u0301go ore \",\"potentialAction\":[{\"@type\":\"SearchAction\",\"target\":{\"@type\":\"EntryPoint\",\"urlTemplate\":\"https:\\\/\\\/ayore.org\\\/?s={search_term_string}\"},\"query-input\":{\"@type\":\"PropertyValueSpecification\",\"valueRequired\":true,\"valueName\":\"search_term_string\"}}],\"inLanguage\":\"ayo\"}]}<\/script>\n<!-- \/ Yoast SEO plugin. -->","yoast_head_json":{"title":"Ayore\u0301ode Irade\u0301die: Yip\u00f3gu Yachachag\u00fatic Ome Piajoi \u2022 Ayore.org","robots":{"index":"index","follow":"follow","max-snippet":"max-snippet:-1","max-image-preview":"max-image-preview:large","max-video-preview":"max-video-preview:-1"},"canonical":"https:\/\/ayore.org\/ayo\/culture\/native-songs\/jutira-yipogu-yachachagutic-ome-piajoi\/","og_locale":"en_US","og_type":"article","og_title":"Ayore\u0301ode Irade\u0301die: Yip\u00f3gu Yachachag\u00fatic Ome Piajoi \u2022 Ayore.org","og_description":"Piajoi Acot\u00e9 Jutira: (Chi ore changaca\u0301ra daguiosode uje ore chij\u00f1ecare.) Yedobu ayor\u00e1bi Piajoi uje gapua u\u00f1a chisa. A Par\u00e9 u. Chiese Ichaj\u00faid\u00e9 iguioto yu. Yip\u00f3gu yachachag\u00fatic ome Piajoi. Chequ\u00e9 u\u00f1a chojninga: \u201cAya babai. Gajn\u00e1rec uje acotedie gare.\u201d Chequ\u00e9 u\u00f1a chojninga:","og_url":"https:\/\/ayore.org\/ayo\/culture\/native-songs\/jutira-yipogu-yachachagutic-ome-piajoi\/","og_site_name":"AYOR\u00c9.ORG","article_modified_time":"2019-03-04T19:01:49+00:00","twitter_card":"summary_large_image","schema":{"@context":"https:\/\/schema.org","@graph":[{"@type":"WebPage","@id":"https:\/\/ayore.org\/ayo\/culture\/native-songs\/jutira-yipogu-yachachagutic-ome-piajoi\/","url":"https:\/\/ayore.org\/ayo\/culture\/native-songs\/jutira-yipogu-yachachagutic-ome-piajoi\/","name":"Ayore\u0301ode Irade\u0301die: Yip\u00f3gu Yachachag\u00fatic Ome Piajoi \u2022 Ayore.org","isPartOf":{"@id":"https:\/\/ayore.org\/#website"},"datePublished":"2018-09-10T17:58:36+00:00","dateModified":"2019-03-04T19:01:49+00:00","breadcrumb":{"@id":"https:\/\/ayore.org\/ayo\/culture\/native-songs\/jutira-yipogu-yachachagutic-ome-piajoi\/#breadcrumb"},"inLanguage":"ayo","potentialAction":[{"@type":"ReadAction","target":["https:\/\/ayore.org\/ayo\/culture\/native-songs\/jutira-yipogu-yachachagutic-ome-piajoi\/"]}]},{"@type":"BreadcrumbList","@id":"https:\/\/ayore.org\/ayo\/culture\/native-songs\/jutira-yipogu-yachachagutic-ome-piajoi\/#breadcrumb","itemListElement":[{"@type":"ListItem","position":1,"name":"Jogate bajai tu ude\u0301","item":"https:\/\/ayore.org\/ayo\/"},{"@type":"ListItem","position":2,"name":"Ayore\u0301ode adode, angurenone cucha ore","item":"https:\/\/ayore.org\/ayo\/culture\/"},{"@type":"ListItem","position":3,"name":"Ayore\u0301ode Irade\u0301die","item":"https:\/\/ayore.org\/ayo\/culture\/native-songs\/"},{"@type":"ListItem","position":4,"name":"Manuelne\u0301 &#8211; Jutira p\u00f3gu dachachag\u00fatic ome Piajoi"}]},{"@type":"WebSite","@id":"https:\/\/ayore.org\/#website","url":"https:\/\/ayore.org\/","name":"AYOR\u00c9.ORG","description":"Ayore\u0301ode Uruode, Adode, Jnani bajade ati\u0301go ore ","potentialAction":[{"@type":"SearchAction","target":{"@type":"EntryPoint","urlTemplate":"https:\/\/ayore.org\/?s={search_term_string}"},"query-input":{"@type":"PropertyValueSpecification","valueRequired":true,"valueName":"search_term_string"}}],"inLanguage":"ayo"}]}},"_links":{"self":[{"href":"https:\/\/ayore.org\/ayo\/wp-json\/wp\/v2\/pages\/938","targetHints":{"allow":["GET"]}}],"collection":[{"href":"https:\/\/ayore.org\/ayo\/wp-json\/wp\/v2\/pages"}],"about":[{"href":"https:\/\/ayore.org\/ayo\/wp-json\/wp\/v2\/types\/page"}],"author":[{"embeddable":true,"href":"https:\/\/ayore.org\/ayo\/wp-json\/wp\/v2\/users\/2"}],"replies":[{"embeddable":true,"href":"https:\/\/ayore.org\/ayo\/wp-json\/wp\/v2\/comments?post=938"}],"version-history":[{"count":4,"href":"https:\/\/ayore.org\/ayo\/wp-json\/wp\/v2\/pages\/938\/revisions"}],"predecessor-version":[{"id":3251,"href":"https:\/\/ayore.org\/ayo\/wp-json\/wp\/v2\/pages\/938\/revisions\/3251"}],"up":[{"embeddable":true,"href":"https:\/\/ayore.org\/ayo\/wp-json\/wp\/v2\/pages\/713"}],"wp:attachment":[{"href":"https:\/\/ayore.org\/ayo\/wp-json\/wp\/v2\/media?parent=938"}],"curies":[{"name":"wp","href":"https:\/\/api.w.org\/{rel}","templated":true}]}}