{"id":935,"date":"2018-09-10T17:53:09","date_gmt":"2018-09-10T17:53:09","guid":{"rendered":"https:\/\/ayore.org\/?page_id=935"},"modified":"2019-03-04T18:07:51","modified_gmt":"2019-03-04T18:07:51","slug":"pejnocode-yedobu-yujnusietigade","status":"publish","type":"page","link":"https:\/\/ayore.org\/ayo\/culture\/native-songs\/pejnocode-yedobu-yujnusietigade\/","title":{"rendered":"Pejn\u00f3code &#8211; Yedobu yujnusi\u00e9tigade"},"content":{"rendered":"<p><em><strong>Pejn\u00f3code chedo dajnusi\u00e9tigade ome dacot\u00e9:<\/strong><\/em><\/p>\n<p>Yij\u00f1ecar\u00f3si ji de.<\/p>\n<p>Yedobu yujnusi\u00e9tigade. Yiji cucarani iji Tobit\u00e9 garan\u00e9 ome yujnusi\u00e9tigade.<\/p>\n<p>Dire gajneri\u0303 ga yajni. Yiji yesade. Yujnusip\u00edsi ore gu, yesade. Yug\u00fasi Santa Cruz, mu y\u00e1yipie d\u00e9ji yesade. Dire gajneri\u0303 yaca <em>m\u00e1quina<\/em> to gajneri\u0303. Ugoi yu ome yujnusi\u00e9tigade.<\/p>\n<p>Yiji <em>estaci\u00f3n<\/em> jeta dire ga yirote <em>m\u00e1quina.<\/em> Yij\u00f1ecare iji de mu j\u00e9 yacadique yu. Cho jeta ayor\u00e9ric yacadique mu yacadique yu. Cho jeta ayor\u00e9ric gajnecho yij\u00f1ecade, mu j\u00e9 yajnecho jeta j\u00e9 yiradique yu. Yujnusi mu yiya yujnusi\u00e9tigade uje jnacare boquere yu. Cachi j\u00e9 yujnusi mu que yujnusi. Boquere ga yacho. Yijiape to. Yi\u0303riapo jne ri\u0303 jeta amanique cusapo ri\u0303, <em>Dapur\u00e9<\/em>.<\/p>\n<p>Yi\u0303ri dir\u00edca ga que yigui\u0301sa\u0303re. A jose ca yujnus\u00edric. Yujnusi mu ayor\u00e9 boquere yu ga yij\u00f1ec\u00e1raja yajes\u00faode ga cachi que yujnusi. Gapud\u00ede doi yu mu que yij\u00edna u\u00f1\u00e1rac. Cachi a yujnusi u\u00f1\u00e1rac, coj\u00f1one gachid\u00e9. Cachi ore pesapo yujnusi\u00e9tigade ri\u0303. Yiya gapu pij\u00f5ranie, mu yij\u00edna u\u00f1\u00e1rac jeta iyajmaque. Yigana iji coj\u00f1one ujade udojo. Y\u00e1yipie d\u00e9ji jnupepisai mu yujnusina uje que yacot\u00e9raque cus ga cachi y\u00e1yipie. A yipesapo\u00a0 yi<em>ch\u00e1co<\/em> to jne jeta yij\u00ednapo u\u00f1\u00e1raque jne ri\u0303. Jeta yij\u00ednapo coj\u00f1one gachid\u00e9 u\u00f1\u00e1raque to jne ri\u0303.<\/p>\n<p><em>Joyce Davis Buchegger chur\u00fas\u00e3re Pejnocode iradedie udaji nanique iji Tobit\u00e9, Bolivia iji 1960.<\/em><\/p>\n<div class=\"navigation\"><div class=\"alignleft\"><a href=\"https:\/\/ayore.org\/ayo\/culture\/native-songs\/oidabiade-ore-terachu\/\"title=\"Oid\u00e1biad\u00e9 \u2013 Ore Ter\u00e3chu\"><img loading=\"lazy\" decoding=\"async\" src=\"https:\/\/ayore.org\/wp-content\/uploads\/2018\/10\/left-arrow.png\" width=\"50\" height=\"48\" alt=\"left arrow\"><\/a><\/div><div class=\"alignright\"><a href=\"https:\/\/ayore.org\/ayo\/culture\/native-songs\/jutira-yipogu-yachachagutic-ome-piajoi\/\"title=\"Manuelne\u0301 &#8211; Jutira p\u00f3gu dachachag\u00fatic ome Piajoi\"><img loading=\"lazy\" decoding=\"async\" src=\"https:\/\/ayore.org\/wp-content\/uploads\/2018\/10\/right-arrow.png\" width=\"50\" height=\"48\" alt=\"right arrow\"><\/a><\/div>\n","protected":false},"excerpt":{"rendered":"<p>Pejn\u00f3code chedo dajnusi\u00e9tigade ome dacot\u00e9: Yij\u00f1ecar\u00f3si ji de. Yedobu yujnusi\u00e9tigade. Yiji cucarani iji Tobit\u00e9 garan\u00e9 ome yujnusi\u00e9tigade. Dire gajneri\u0303 ga yajni. Yiji yesade. Yujnusip\u00edsi ore gu, yesade. Yug\u00fasi Santa Cruz, mu y\u00e1yipie d\u00e9ji yesade. Dire gajneri\u0303 yaca m\u00e1quina to gajneri\u0303.<\/p>\n","protected":false},"author":2,"featured_media":0,"parent":713,"menu_order":0,"comment_status":"closed","ping_status":"closed","template":"","meta":{"footnotes":""},"class_list":["post-935","page","type-page","status-publish","hentry"],"yoast_head":"<!-- This site is optimized with the Yoast SEO plugin v27.4 - https:\/\/yoast.com\/product\/yoast-seo-wordpress\/ -->\n<title>Ayore\u0301ode Irade\u0301die: Yedobu Yujnusi\u00e9tigade \u2022 Ayore.org<\/title>\n<meta name=\"robots\" content=\"index, follow, max-snippet:-1, max-image-preview:large, max-video-preview:-1\" \/>\n<link rel=\"canonical\" href=\"https:\/\/ayore.org\/ayo\/culture\/native-songs\/pejnocode-yedobu-yujnusietigade\/\" \/>\n<meta property=\"og:locale\" content=\"en_US\" \/>\n<meta property=\"og:type\" content=\"article\" \/>\n<meta property=\"og:title\" content=\"Ayore\u0301ode Irade\u0301die: Yedobu Yujnusi\u00e9tigade \u2022 Ayore.org\" \/>\n<meta property=\"og:description\" content=\"Pejn\u00f3code chedo dajnusi\u00e9tigade ome dacot\u00e9: Yij\u00f1ecar\u00f3si ji de. Yedobu yujnusi\u00e9tigade. Yiji cucarani iji Tobit\u00e9 garan\u00e9 ome yujnusi\u00e9tigade. Dire gajneri\u0303 ga yajni. Yiji yesade. Yujnusip\u00edsi ore gu, yesade. Yug\u00fasi Santa Cruz, mu y\u00e1yipie d\u00e9ji yesade. Dire gajneri\u0303 yaca m\u00e1quina to gajneri\u0303.\" \/>\n<meta property=\"og:url\" content=\"https:\/\/ayore.org\/ayo\/culture\/native-songs\/pejnocode-yedobu-yujnusietigade\/\" \/>\n<meta property=\"og:site_name\" content=\"AYOR\u00c9.ORG\" \/>\n<meta property=\"article:modified_time\" content=\"2019-03-04T18:07:51+00:00\" \/>\n<meta name=\"twitter:card\" content=\"summary_large_image\" \/>\n<meta name=\"twitter:label1\" content=\"Est. reading time\" \/>\n\t<meta name=\"twitter:data1\" content=\"1 minute\" \/>\n<script type=\"application\/ld+json\" class=\"yoast-schema-graph\">{\"@context\":\"https:\\\/\\\/schema.org\",\"@graph\":[{\"@type\":\"WebPage\",\"@id\":\"https:\\\/\\\/ayore.org\\\/ayo\\\/culture\\\/native-songs\\\/pejnocode-yedobu-yujnusietigade\\\/\",\"url\":\"https:\\\/\\\/ayore.org\\\/ayo\\\/culture\\\/native-songs\\\/pejnocode-yedobu-yujnusietigade\\\/\",\"name\":\"Ayore\u0301ode Irade\u0301die: Yedobu Yujnusi\u00e9tigade \u2022 Ayore.org\",\"isPartOf\":{\"@id\":\"https:\\\/\\\/ayore.org\\\/#website\"},\"datePublished\":\"2018-09-10T17:53:09+00:00\",\"dateModified\":\"2019-03-04T18:07:51+00:00\",\"breadcrumb\":{\"@id\":\"https:\\\/\\\/ayore.org\\\/ayo\\\/culture\\\/native-songs\\\/pejnocode-yedobu-yujnusietigade\\\/#breadcrumb\"},\"inLanguage\":\"ayo\",\"potentialAction\":[{\"@type\":\"ReadAction\",\"target\":[\"https:\\\/\\\/ayore.org\\\/ayo\\\/culture\\\/native-songs\\\/pejnocode-yedobu-yujnusietigade\\\/\"]}]},{\"@type\":\"BreadcrumbList\",\"@id\":\"https:\\\/\\\/ayore.org\\\/ayo\\\/culture\\\/native-songs\\\/pejnocode-yedobu-yujnusietigade\\\/#breadcrumb\",\"itemListElement\":[{\"@type\":\"ListItem\",\"position\":1,\"name\":\"Jogate bajai tu ude\u0301\",\"item\":\"https:\\\/\\\/ayore.org\\\/ayo\\\/\"},{\"@type\":\"ListItem\",\"position\":2,\"name\":\"Ayore\u0301ode adode, angurenone cucha ore\",\"item\":\"https:\\\/\\\/ayore.org\\\/ayo\\\/culture\\\/\"},{\"@type\":\"ListItem\",\"position\":3,\"name\":\"Ayore\u0301ode Irade\u0301die\",\"item\":\"https:\\\/\\\/ayore.org\\\/ayo\\\/culture\\\/native-songs\\\/\"},{\"@type\":\"ListItem\",\"position\":4,\"name\":\"Pejn\u00f3code &#8211; Yedobu yujnusi\u00e9tigade\"}]},{\"@type\":\"WebSite\",\"@id\":\"https:\\\/\\\/ayore.org\\\/#website\",\"url\":\"https:\\\/\\\/ayore.org\\\/\",\"name\":\"AYOR\u00c9.ORG\",\"description\":\"Ayore\u0301ode Uruode, Adode, Jnani bajade ati\u0301go ore \",\"potentialAction\":[{\"@type\":\"SearchAction\",\"target\":{\"@type\":\"EntryPoint\",\"urlTemplate\":\"https:\\\/\\\/ayore.org\\\/?s={search_term_string}\"},\"query-input\":{\"@type\":\"PropertyValueSpecification\",\"valueRequired\":true,\"valueName\":\"search_term_string\"}}],\"inLanguage\":\"ayo\"}]}<\/script>\n<!-- \/ Yoast SEO plugin. -->","yoast_head_json":{"title":"Ayore\u0301ode Irade\u0301die: Yedobu Yujnusi\u00e9tigade \u2022 Ayore.org","robots":{"index":"index","follow":"follow","max-snippet":"max-snippet:-1","max-image-preview":"max-image-preview:large","max-video-preview":"max-video-preview:-1"},"canonical":"https:\/\/ayore.org\/ayo\/culture\/native-songs\/pejnocode-yedobu-yujnusietigade\/","og_locale":"en_US","og_type":"article","og_title":"Ayore\u0301ode Irade\u0301die: Yedobu Yujnusi\u00e9tigade \u2022 Ayore.org","og_description":"Pejn\u00f3code chedo dajnusi\u00e9tigade ome dacot\u00e9: Yij\u00f1ecar\u00f3si ji de. Yedobu yujnusi\u00e9tigade. Yiji cucarani iji Tobit\u00e9 garan\u00e9 ome yujnusi\u00e9tigade. Dire gajneri\u0303 ga yajni. Yiji yesade. Yujnusip\u00edsi ore gu, yesade. Yug\u00fasi Santa Cruz, mu y\u00e1yipie d\u00e9ji yesade. Dire gajneri\u0303 yaca m\u00e1quina to gajneri\u0303.","og_url":"https:\/\/ayore.org\/ayo\/culture\/native-songs\/pejnocode-yedobu-yujnusietigade\/","og_site_name":"AYOR\u00c9.ORG","article_modified_time":"2019-03-04T18:07:51+00:00","twitter_card":"summary_large_image","twitter_misc":{"Est. reading time":"1 minute"},"schema":{"@context":"https:\/\/schema.org","@graph":[{"@type":"WebPage","@id":"https:\/\/ayore.org\/ayo\/culture\/native-songs\/pejnocode-yedobu-yujnusietigade\/","url":"https:\/\/ayore.org\/ayo\/culture\/native-songs\/pejnocode-yedobu-yujnusietigade\/","name":"Ayore\u0301ode Irade\u0301die: Yedobu Yujnusi\u00e9tigade \u2022 Ayore.org","isPartOf":{"@id":"https:\/\/ayore.org\/#website"},"datePublished":"2018-09-10T17:53:09+00:00","dateModified":"2019-03-04T18:07:51+00:00","breadcrumb":{"@id":"https:\/\/ayore.org\/ayo\/culture\/native-songs\/pejnocode-yedobu-yujnusietigade\/#breadcrumb"},"inLanguage":"ayo","potentialAction":[{"@type":"ReadAction","target":["https:\/\/ayore.org\/ayo\/culture\/native-songs\/pejnocode-yedobu-yujnusietigade\/"]}]},{"@type":"BreadcrumbList","@id":"https:\/\/ayore.org\/ayo\/culture\/native-songs\/pejnocode-yedobu-yujnusietigade\/#breadcrumb","itemListElement":[{"@type":"ListItem","position":1,"name":"Jogate bajai tu ude\u0301","item":"https:\/\/ayore.org\/ayo\/"},{"@type":"ListItem","position":2,"name":"Ayore\u0301ode adode, angurenone cucha ore","item":"https:\/\/ayore.org\/ayo\/culture\/"},{"@type":"ListItem","position":3,"name":"Ayore\u0301ode Irade\u0301die","item":"https:\/\/ayore.org\/ayo\/culture\/native-songs\/"},{"@type":"ListItem","position":4,"name":"Pejn\u00f3code &#8211; Yedobu yujnusi\u00e9tigade"}]},{"@type":"WebSite","@id":"https:\/\/ayore.org\/#website","url":"https:\/\/ayore.org\/","name":"AYOR\u00c9.ORG","description":"Ayore\u0301ode Uruode, Adode, Jnani bajade ati\u0301go ore ","potentialAction":[{"@type":"SearchAction","target":{"@type":"EntryPoint","urlTemplate":"https:\/\/ayore.org\/?s={search_term_string}"},"query-input":{"@type":"PropertyValueSpecification","valueRequired":true,"valueName":"search_term_string"}}],"inLanguage":"ayo"}]}},"_links":{"self":[{"href":"https:\/\/ayore.org\/ayo\/wp-json\/wp\/v2\/pages\/935","targetHints":{"allow":["GET"]}}],"collection":[{"href":"https:\/\/ayore.org\/ayo\/wp-json\/wp\/v2\/pages"}],"about":[{"href":"https:\/\/ayore.org\/ayo\/wp-json\/wp\/v2\/types\/page"}],"author":[{"embeddable":true,"href":"https:\/\/ayore.org\/ayo\/wp-json\/wp\/v2\/users\/2"}],"replies":[{"embeddable":true,"href":"https:\/\/ayore.org\/ayo\/wp-json\/wp\/v2\/comments?post=935"}],"version-history":[{"count":3,"href":"https:\/\/ayore.org\/ayo\/wp-json\/wp\/v2\/pages\/935\/revisions"}],"predecessor-version":[{"id":3240,"href":"https:\/\/ayore.org\/ayo\/wp-json\/wp\/v2\/pages\/935\/revisions\/3240"}],"up":[{"embeddable":true,"href":"https:\/\/ayore.org\/ayo\/wp-json\/wp\/v2\/pages\/713"}],"wp:attachment":[{"href":"https:\/\/ayore.org\/ayo\/wp-json\/wp\/v2\/media?parent=935"}],"curies":[{"name":"wp","href":"https:\/\/api.w.org\/{rel}","templated":true}]}}