{"id":933,"date":"2018-09-10T17:43:15","date_gmt":"2018-09-10T17:43:15","guid":{"rendered":"https:\/\/ayore.org\/?page_id=933"},"modified":"2019-03-02T19:24:16","modified_gmt":"2019-03-02T19:24:16","slug":"oidabiade-ore-terachu","status":"publish","type":"page","link":"https:\/\/ayore.org\/ayo\/culture\/native-songs\/oidabiade-ore-terachu\/","title":{"rendered":"Oid\u00e1biad\u00e9 \u2013 Ore Ter\u00e3chu"},"content":{"rendered":"<p><strong>Ore ter\u00e3chu ga ore chapuse dejade aja ome d\u00e1ringane dey\u00e1cho:<\/strong><\/p>\n<p>Ore erane u <em>Dosap\u00e9ode,<\/em> ga ore tuj\u00faa d\u00e1ringai dey\u00e1cho.<\/p>\n<p><em>Picanerane<\/em> ore erane u <em>Tarajane, Umarajane<\/em> ore ga ore tujua d\u00e1ringane dey\u00e1cho.<\/p>\n<p><em>Chiquenone<\/em> ore erane u <em>Ug\u00e1jnane,<\/em> ga ore tujua d\u00e1ringane deyacho \u2013 <em>Chiquenone<\/em> ore er\u00e3cho <em>Jucaramenie<\/em> to.<\/p>\n<p><em>\u00c9tacorone<\/em> erane <em>\u00c9tacorojnane<\/em>, ga ore tujua d\u00e1ringane dey\u00e1cho.<\/p>\n<p>Ore ter\u00e3chu ga ore chisa dejai gat\u00f3coro ome.<\/p>\n<p>Yoco jiame piradedie, perane.<\/p>\n<p>Deyaquechoqu\u00edode ore tujua <em>Tarajane <\/em>iji dejaque u\u00f1ai, dejaque u\u00f1ane ga ore tujua<em> Umarajane, <\/em>dejaque ejoi tujua <em>Ug\u00e1jnane. <\/em><\/p>\n<p>Ga deyaquechoqu\u00edode chojninga: \u2018Yujua perane jnese uje deyaquechoqui yu gu.\u2019\u00a0 Dejaque ejoi ga tujua <em>Jucaramenie<\/em>, dejaque ejoi ga tujua <em>Dosap\u00e9ode.<\/em> Dejaque ejoi tujua <em>\u00c9tacorojnane<\/em>.<\/p>\n<p>Chequedie ore nij\u00edna deyaquechoqu\u00edode \u00faringai deyaque ga diyajmenie ga ore chuc\u00e3re dajudie; ga ore chiro dor\u00e1jnui; ga ore chiro dora.<\/p>\n<p><em>Jicai<\/em> chojninga: \u2018Yuguhese yer\u00e1mone gai ga yisa peraque unej\u00e1ngone aja yerane.\u2019<\/p>\n<p>Uje deroco ga que pirij\u00edna ore. Mu ayor\u00e9 i\u00f1eca un\u00e9rone ore chij\u00f3ca\u0303re moi tiji yoquedodie.<\/p>\n<p><em>Icadigu\u00e9d\u00e9<\/em>, ore iroguebeque, ore chajm\u00e1ra iradedie.<\/p>\n<p><em>Chojm\u00e1ran\u00e9<\/em>, ore chajma\u0301ra iradedie uje uner\u00e9jna.<\/p>\n<p><em>Uchaid\u00e9<\/em>, ore chajm\u00e1ra ga ore chiroque ome iradedie. Ore chiroque <em>Mariad\u00e9 <\/em>to.<\/p>\n<p><em>Carodid\u00e9,<\/em> ore chiroque uje ore chajm\u00e1ra iradedie.<\/p>\n<p><em>Ajidi<\/em>, ore chiroque uje ore chajm\u00e1ra iradedie.<\/p>\n<p><em>Imeser\u00e1ne\u0301,<\/em> ore chajma\u0301ra iradedie ga ore chiroque <em>Imesera\u0301ne\u0301<\/em>.<\/p>\n<p>Gapudie ore chedo dabayode uje ore jnusi ore gu, ga ore chij\u00f1ecare ga ore chedo dabayode, ore jnusi ore gu.<\/p>\n<p>Jnacarode ore chij\u00f1ecare to uje ore jnusi dacotedie, ga ore chedo ore to uje ore jnusi ore gu.<\/p>\n<p>Abechugu\u00e9, ga cha ij\u00f1ecacai, abechugu\u00e9. Puy\u00e1gome chequedie gu. Ore chij\u00f1ecare ga ore todo jeta dago ore.<\/p>\n<p>Uje chequ\u00e9raque to\u0303\u0301ra dabi nanique, ga chij\u00f1ec\u00e1rapo ri\u0303 uje cana gat\u00e9 gu.<\/p>\n<p>Disiode ore chij\u00f1ecare aja dasor\u00e1nenie, mu que ore chij\u00f1ecare iji dejai.<\/p>\n<p><em>Oid\u00e1biad\u00e9 \u2013 Campo Loro, Paraguay \u2013 1988.<\/em><\/p>\n<p><em>Marina de Morarie chur\u00fas\u00e3re udojo nanique.<\/em><\/p>\n<div class=\"navigation\"><div class=\"alignleft\"><a href=\"https:\/\/ayore.org\/ayo\/culture\/native-songs\/josede-yedobu-guidabia\/\"title=\"Jos\u00e9de &#8211; Yedobu Guidabi\u0301a\"><img loading=\"lazy\" decoding=\"async\" src=\"https:\/\/ayore.org\/wp-content\/uploads\/2018\/10\/left-arrow.png\" width=\"50\" height=\"48\" alt=\"left arrow\"><\/a><\/div><div class=\"alignright\"><a href=\"https:\/\/ayore.org\/ayo\/culture\/native-songs\/pejnocode-yedobu-yujnusietigade\/\"title=\"Pejn\u00f3code &#8211; Yedobu yujnusi\u00e9tigade\"><img loading=\"lazy\" decoding=\"async\" src=\"https:\/\/ayore.org\/wp-content\/uploads\/2018\/10\/right-arrow.png\" width=\"50\" height=\"48\" alt=\"right arrow\"><\/a><\/div>\n","protected":false},"excerpt":{"rendered":"<p>Ore ter\u00e3chu ga ore chapuse dejade aja ome d\u00e1ringane dey\u00e1cho: Ore erane u Dosap\u00e9ode, ga ore tuj\u00faa d\u00e1ringai dey\u00e1cho. Picanerane ore erane u Tarajane, Umarajane ore ga ore tujua d\u00e1ringane dey\u00e1cho. Chiquenone ore erane u Ug\u00e1jnane, ga ore tujua d\u00e1ringane<\/p>\n","protected":false},"author":2,"featured_media":0,"parent":713,"menu_order":0,"comment_status":"closed","ping_status":"closed","template":"","meta":{"footnotes":""},"class_list":["post-933","page","type-page","status-publish","hentry"],"yoast_head":"<!-- This site is optimized with the Yoast SEO plugin v27.4 - https:\/\/yoast.com\/product\/yoast-seo-wordpress\/ -->\n<title>Ayore\u0301ode Irade\u0301die: Ore Terachu \u2022 Ayore.org<\/title>\n<meta name=\"robots\" content=\"index, follow, max-snippet:-1, max-image-preview:large, max-video-preview:-1\" \/>\n<link rel=\"canonical\" href=\"https:\/\/ayore.org\/ayo\/culture\/native-songs\/oidabiade-ore-terachu\/\" \/>\n<meta property=\"og:locale\" content=\"en_US\" \/>\n<meta property=\"og:type\" content=\"article\" \/>\n<meta property=\"og:title\" content=\"Ayore\u0301ode Irade\u0301die: Ore Terachu \u2022 Ayore.org\" \/>\n<meta property=\"og:description\" content=\"Ore ter\u00e3chu ga ore chapuse dejade aja ome d\u00e1ringane dey\u00e1cho: Ore erane u Dosap\u00e9ode, ga ore tuj\u00faa d\u00e1ringai dey\u00e1cho. Picanerane ore erane u Tarajane, Umarajane ore ga ore tujua d\u00e1ringane dey\u00e1cho. Chiquenone ore erane u Ug\u00e1jnane, ga ore tujua d\u00e1ringane\" \/>\n<meta property=\"og:url\" content=\"https:\/\/ayore.org\/ayo\/culture\/native-songs\/oidabiade-ore-terachu\/\" \/>\n<meta property=\"og:site_name\" content=\"AYOR\u00c9.ORG\" \/>\n<meta property=\"article:modified_time\" content=\"2019-03-02T19:24:16+00:00\" \/>\n<meta name=\"twitter:card\" content=\"summary_large_image\" \/>\n<meta name=\"twitter:label1\" content=\"Est. reading time\" \/>\n\t<meta name=\"twitter:data1\" content=\"2 minutes\" \/>\n<script type=\"application\/ld+json\" class=\"yoast-schema-graph\">{\"@context\":\"https:\\\/\\\/schema.org\",\"@graph\":[{\"@type\":\"WebPage\",\"@id\":\"https:\\\/\\\/ayore.org\\\/ayo\\\/culture\\\/native-songs\\\/oidabiade-ore-terachu\\\/\",\"url\":\"https:\\\/\\\/ayore.org\\\/ayo\\\/culture\\\/native-songs\\\/oidabiade-ore-terachu\\\/\",\"name\":\"Ayore\u0301ode Irade\u0301die: Ore Terachu \u2022 Ayore.org\",\"isPartOf\":{\"@id\":\"https:\\\/\\\/ayore.org\\\/#website\"},\"datePublished\":\"2018-09-10T17:43:15+00:00\",\"dateModified\":\"2019-03-02T19:24:16+00:00\",\"breadcrumb\":{\"@id\":\"https:\\\/\\\/ayore.org\\\/ayo\\\/culture\\\/native-songs\\\/oidabiade-ore-terachu\\\/#breadcrumb\"},\"inLanguage\":\"ayo\",\"potentialAction\":[{\"@type\":\"ReadAction\",\"target\":[\"https:\\\/\\\/ayore.org\\\/ayo\\\/culture\\\/native-songs\\\/oidabiade-ore-terachu\\\/\"]}]},{\"@type\":\"BreadcrumbList\",\"@id\":\"https:\\\/\\\/ayore.org\\\/ayo\\\/culture\\\/native-songs\\\/oidabiade-ore-terachu\\\/#breadcrumb\",\"itemListElement\":[{\"@type\":\"ListItem\",\"position\":1,\"name\":\"Jogate bajai tu ude\u0301\",\"item\":\"https:\\\/\\\/ayore.org\\\/ayo\\\/\"},{\"@type\":\"ListItem\",\"position\":2,\"name\":\"Ayore\u0301ode adode, angurenone cucha ore\",\"item\":\"https:\\\/\\\/ayore.org\\\/ayo\\\/culture\\\/\"},{\"@type\":\"ListItem\",\"position\":3,\"name\":\"Ayore\u0301ode Irade\u0301die\",\"item\":\"https:\\\/\\\/ayore.org\\\/ayo\\\/culture\\\/native-songs\\\/\"},{\"@type\":\"ListItem\",\"position\":4,\"name\":\"Oid\u00e1biad\u00e9 \u2013 Ore Ter\u00e3chu\"}]},{\"@type\":\"WebSite\",\"@id\":\"https:\\\/\\\/ayore.org\\\/#website\",\"url\":\"https:\\\/\\\/ayore.org\\\/\",\"name\":\"AYOR\u00c9.ORG\",\"description\":\"Ayore\u0301ode Uruode, Adode, Jnani bajade ati\u0301go ore \",\"potentialAction\":[{\"@type\":\"SearchAction\",\"target\":{\"@type\":\"EntryPoint\",\"urlTemplate\":\"https:\\\/\\\/ayore.org\\\/?s={search_term_string}\"},\"query-input\":{\"@type\":\"PropertyValueSpecification\",\"valueRequired\":true,\"valueName\":\"search_term_string\"}}],\"inLanguage\":\"ayo\"}]}<\/script>\n<!-- \/ Yoast SEO plugin. -->","yoast_head_json":{"title":"Ayore\u0301ode Irade\u0301die: Ore Terachu \u2022 Ayore.org","robots":{"index":"index","follow":"follow","max-snippet":"max-snippet:-1","max-image-preview":"max-image-preview:large","max-video-preview":"max-video-preview:-1"},"canonical":"https:\/\/ayore.org\/ayo\/culture\/native-songs\/oidabiade-ore-terachu\/","og_locale":"en_US","og_type":"article","og_title":"Ayore\u0301ode Irade\u0301die: Ore Terachu \u2022 Ayore.org","og_description":"Ore ter\u00e3chu ga ore chapuse dejade aja ome d\u00e1ringane dey\u00e1cho: Ore erane u Dosap\u00e9ode, ga ore tuj\u00faa d\u00e1ringai dey\u00e1cho. Picanerane ore erane u Tarajane, Umarajane ore ga ore tujua d\u00e1ringane dey\u00e1cho. Chiquenone ore erane u Ug\u00e1jnane, ga ore tujua d\u00e1ringane","og_url":"https:\/\/ayore.org\/ayo\/culture\/native-songs\/oidabiade-ore-terachu\/","og_site_name":"AYOR\u00c9.ORG","article_modified_time":"2019-03-02T19:24:16+00:00","twitter_card":"summary_large_image","twitter_misc":{"Est. reading time":"2 minutes"},"schema":{"@context":"https:\/\/schema.org","@graph":[{"@type":"WebPage","@id":"https:\/\/ayore.org\/ayo\/culture\/native-songs\/oidabiade-ore-terachu\/","url":"https:\/\/ayore.org\/ayo\/culture\/native-songs\/oidabiade-ore-terachu\/","name":"Ayore\u0301ode Irade\u0301die: Ore Terachu \u2022 Ayore.org","isPartOf":{"@id":"https:\/\/ayore.org\/#website"},"datePublished":"2018-09-10T17:43:15+00:00","dateModified":"2019-03-02T19:24:16+00:00","breadcrumb":{"@id":"https:\/\/ayore.org\/ayo\/culture\/native-songs\/oidabiade-ore-terachu\/#breadcrumb"},"inLanguage":"ayo","potentialAction":[{"@type":"ReadAction","target":["https:\/\/ayore.org\/ayo\/culture\/native-songs\/oidabiade-ore-terachu\/"]}]},{"@type":"BreadcrumbList","@id":"https:\/\/ayore.org\/ayo\/culture\/native-songs\/oidabiade-ore-terachu\/#breadcrumb","itemListElement":[{"@type":"ListItem","position":1,"name":"Jogate bajai tu ude\u0301","item":"https:\/\/ayore.org\/ayo\/"},{"@type":"ListItem","position":2,"name":"Ayore\u0301ode adode, angurenone cucha ore","item":"https:\/\/ayore.org\/ayo\/culture\/"},{"@type":"ListItem","position":3,"name":"Ayore\u0301ode Irade\u0301die","item":"https:\/\/ayore.org\/ayo\/culture\/native-songs\/"},{"@type":"ListItem","position":4,"name":"Oid\u00e1biad\u00e9 \u2013 Ore Ter\u00e3chu"}]},{"@type":"WebSite","@id":"https:\/\/ayore.org\/#website","url":"https:\/\/ayore.org\/","name":"AYOR\u00c9.ORG","description":"Ayore\u0301ode Uruode, Adode, Jnani bajade ati\u0301go ore ","potentialAction":[{"@type":"SearchAction","target":{"@type":"EntryPoint","urlTemplate":"https:\/\/ayore.org\/?s={search_term_string}"},"query-input":{"@type":"PropertyValueSpecification","valueRequired":true,"valueName":"search_term_string"}}],"inLanguage":"ayo"}]}},"_links":{"self":[{"href":"https:\/\/ayore.org\/ayo\/wp-json\/wp\/v2\/pages\/933","targetHints":{"allow":["GET"]}}],"collection":[{"href":"https:\/\/ayore.org\/ayo\/wp-json\/wp\/v2\/pages"}],"about":[{"href":"https:\/\/ayore.org\/ayo\/wp-json\/wp\/v2\/types\/page"}],"author":[{"embeddable":true,"href":"https:\/\/ayore.org\/ayo\/wp-json\/wp\/v2\/users\/2"}],"replies":[{"embeddable":true,"href":"https:\/\/ayore.org\/ayo\/wp-json\/wp\/v2\/comments?post=933"}],"version-history":[{"count":3,"href":"https:\/\/ayore.org\/ayo\/wp-json\/wp\/v2\/pages\/933\/revisions"}],"predecessor-version":[{"id":3170,"href":"https:\/\/ayore.org\/ayo\/wp-json\/wp\/v2\/pages\/933\/revisions\/3170"}],"up":[{"embeddable":true,"href":"https:\/\/ayore.org\/ayo\/wp-json\/wp\/v2\/pages\/713"}],"wp:attachment":[{"href":"https:\/\/ayore.org\/ayo\/wp-json\/wp\/v2\/media?parent=933"}],"curies":[{"name":"wp","href":"https:\/\/api.w.org\/{rel}","templated":true}]}}