{"id":929,"date":"2018-09-10T17:16:51","date_gmt":"2018-09-10T17:16:51","guid":{"rendered":"https:\/\/ayore.org\/?page_id=929"},"modified":"2019-03-04T16:56:24","modified_gmt":"2019-03-04T16:56:24","slug":"josede-yedobu-guidabia","status":"publish","type":"page","link":"https:\/\/ayore.org\/ayo\/culture\/native-songs\/josede-yedobu-guidabia\/","title":{"rendered":"Jos\u00e9de &#8211; Yedobu Guidabi\u0301a"},"content":{"rendered":"<p><strong>Jos\u00e9de Chijn\u0303ecare:<\/strong><\/p>\n<p>Yij\u00f1ecari iji de.<\/p>\n<p>Yedobu <em>Guidab\u00eda (Os\u00f5r\u00e1dat\u00e9).<\/em> Yajnemia u disia iji de.<\/p>\n<p>Yij\u00f5ra, ang\u00e1ri yu ga arate yu gajneri\u0303 ome yoquij\u00f5rai ore ga ore chirate yu\u00a0 gajneri\u0303. Ca aj\u00e9chome yu gajneri\u0303.<\/p>\n<p>Yus\u00e1gaja u\u00f1eque gajneri\u0303 uje yij\u00f1ecaco, yedobu <em>Tajerogue<\/em> iji de gajneri\u0303. Yisapie iji si\u00f1eque ga tang\u00e1ri yu ome dajn\u00e9one, dachachag\u00facho ga cho d\u00e1yugu gajneri\u0303\u00a0 j\u00f5 iji si\u00f1ec.<\/p>\n<p>Yacot\u00e9 chojninga: \u201cUacoyo dicasei iji uaque uje uac\u00e1tayo uagaja ore iji degu qued\u00e9jnane.\u00a0 Ji\u0303rique uat\u00e9 to\u0303\u0301raja dab\u00e1yode iji degu qued\u00e9jnane.&#8221;<\/p>\n<p>Yajni yeronie ore gari. Yo y\u00e1yugu uje chicha ur\u00f5sode. Coj\u00f1one chuj\u00e9 ore ga ji\u0303rique yajni yeronie ore gari. Yo yibaya ore ire garas\u00f3rone cucha.<\/p>\n<p><em>Joyce Davis Buchegger chur\u00fas\u00e3re Josede\u0301 iradedie udaji nanique iji Tobit\u00e9, Bolivia iji 1960.<\/em><\/p>\n<div class=\"navigation\"><div class=\"alignleft\"><a href=\"https:\/\/ayore.org\/ayo\/culture\/native-songs\/jnanine-yedobu-cheque-dago\/\"title=\"Jnan\u00edn\u00e9 &#8211; Yedobu Cheque Dago\"><img loading=\"lazy\" decoding=\"async\" src=\"https:\/\/ayore.org\/wp-content\/uploads\/2018\/10\/left-arrow.png\" width=\"50\" height=\"48\" alt=\"left arrow\"><\/a><\/div><div class=\"alignright\"><a href=\"https:\/\/ayore.org\/ayo\/culture\/native-songs\/oidabiade-ore-terachu\/\"title=\"Oid\u00e1biad\u00e9 \u2013 Ore Ter\u00e3chu\"><img loading=\"lazy\" decoding=\"async\" src=\"https:\/\/ayore.org\/wp-content\/uploads\/2018\/10\/right-arrow.png\" width=\"50\" height=\"48\" alt=\"right arrow\"><\/a><\/div>\n","protected":false},"excerpt":{"rendered":"<p>Jos\u00e9de Chijn\u0303ecare: Yij\u00f1ecari iji de. Yedobu Guidab\u00eda (Os\u00f5r\u00e1dat\u00e9). Yajnemia u disia iji de. Yij\u00f5ra, ang\u00e1ri yu ga arate yu gajneri\u0303 ome yoquij\u00f5rai ore ga ore chirate yu\u00a0 gajneri\u0303. Ca aj\u00e9chome yu gajneri\u0303. Yus\u00e1gaja u\u00f1eque gajneri\u0303 uje yij\u00f1ecaco, yedobu Tajerogue iji<\/p>\n","protected":false},"author":2,"featured_media":0,"parent":713,"menu_order":0,"comment_status":"closed","ping_status":"closed","template":"","meta":{"footnotes":""},"class_list":["post-929","page","type-page","status-publish","hentry"],"yoast_head":"<!-- This site is optimized with the Yoast SEO plugin v27.4 - https:\/\/yoast.com\/product\/yoast-seo-wordpress\/ -->\n<title>Ayore\u0301ode Irade\u0301die: Yedobu Guidabi\u0301a \u2022 Ayore.org<\/title>\n<meta name=\"robots\" content=\"index, follow, max-snippet:-1, max-image-preview:large, max-video-preview:-1\" \/>\n<link rel=\"canonical\" href=\"https:\/\/ayore.org\/ayo\/culture\/native-songs\/josede-yedobu-guidabia\/\" \/>\n<meta property=\"og:locale\" content=\"en_US\" \/>\n<meta property=\"og:type\" content=\"article\" \/>\n<meta property=\"og:title\" content=\"Ayore\u0301ode Irade\u0301die: Yedobu Guidabi\u0301a \u2022 Ayore.org\" \/>\n<meta property=\"og:description\" content=\"Jos\u00e9de Chijn\u0303ecare: Yij\u00f1ecari iji de. Yedobu Guidab\u00eda (Os\u00f5r\u00e1dat\u00e9). Yajnemia u disia iji de. Yij\u00f5ra, ang\u00e1ri yu ga arate yu gajneri\u0303 ome yoquij\u00f5rai ore ga ore chirate yu\u00a0 gajneri\u0303. Ca aj\u00e9chome yu gajneri\u0303. Yus\u00e1gaja u\u00f1eque gajneri\u0303 uje yij\u00f1ecaco, yedobu Tajerogue iji\" \/>\n<meta property=\"og:url\" content=\"https:\/\/ayore.org\/ayo\/culture\/native-songs\/josede-yedobu-guidabia\/\" \/>\n<meta property=\"og:site_name\" content=\"AYOR\u00c9.ORG\" \/>\n<meta property=\"article:modified_time\" content=\"2019-03-04T16:56:24+00:00\" \/>\n<meta name=\"twitter:card\" content=\"summary_large_image\" \/>\n<meta name=\"twitter:label1\" content=\"Est. reading time\" \/>\n\t<meta name=\"twitter:data1\" content=\"1 minute\" \/>\n<script type=\"application\/ld+json\" class=\"yoast-schema-graph\">{\"@context\":\"https:\\\/\\\/schema.org\",\"@graph\":[{\"@type\":\"WebPage\",\"@id\":\"https:\\\/\\\/ayore.org\\\/ayo\\\/culture\\\/native-songs\\\/josede-yedobu-guidabia\\\/\",\"url\":\"https:\\\/\\\/ayore.org\\\/ayo\\\/culture\\\/native-songs\\\/josede-yedobu-guidabia\\\/\",\"name\":\"Ayore\u0301ode Irade\u0301die: Yedobu Guidabi\u0301a \u2022 Ayore.org\",\"isPartOf\":{\"@id\":\"https:\\\/\\\/ayore.org\\\/#website\"},\"datePublished\":\"2018-09-10T17:16:51+00:00\",\"dateModified\":\"2019-03-04T16:56:24+00:00\",\"breadcrumb\":{\"@id\":\"https:\\\/\\\/ayore.org\\\/ayo\\\/culture\\\/native-songs\\\/josede-yedobu-guidabia\\\/#breadcrumb\"},\"inLanguage\":\"ayo\",\"potentialAction\":[{\"@type\":\"ReadAction\",\"target\":[\"https:\\\/\\\/ayore.org\\\/ayo\\\/culture\\\/native-songs\\\/josede-yedobu-guidabia\\\/\"]}]},{\"@type\":\"BreadcrumbList\",\"@id\":\"https:\\\/\\\/ayore.org\\\/ayo\\\/culture\\\/native-songs\\\/josede-yedobu-guidabia\\\/#breadcrumb\",\"itemListElement\":[{\"@type\":\"ListItem\",\"position\":1,\"name\":\"Jogate bajai tu ude\u0301\",\"item\":\"https:\\\/\\\/ayore.org\\\/ayo\\\/\"},{\"@type\":\"ListItem\",\"position\":2,\"name\":\"Ayore\u0301ode adode, angurenone cucha ore\",\"item\":\"https:\\\/\\\/ayore.org\\\/ayo\\\/culture\\\/\"},{\"@type\":\"ListItem\",\"position\":3,\"name\":\"Ayore\u0301ode Irade\u0301die\",\"item\":\"https:\\\/\\\/ayore.org\\\/ayo\\\/culture\\\/native-songs\\\/\"},{\"@type\":\"ListItem\",\"position\":4,\"name\":\"Jos\u00e9de &#8211; Yedobu Guidabi\u0301a\"}]},{\"@type\":\"WebSite\",\"@id\":\"https:\\\/\\\/ayore.org\\\/#website\",\"url\":\"https:\\\/\\\/ayore.org\\\/\",\"name\":\"AYOR\u00c9.ORG\",\"description\":\"Ayore\u0301ode Uruode, Adode, Jnani bajade ati\u0301go ore \",\"potentialAction\":[{\"@type\":\"SearchAction\",\"target\":{\"@type\":\"EntryPoint\",\"urlTemplate\":\"https:\\\/\\\/ayore.org\\\/?s={search_term_string}\"},\"query-input\":{\"@type\":\"PropertyValueSpecification\",\"valueRequired\":true,\"valueName\":\"search_term_string\"}}],\"inLanguage\":\"ayo\"}]}<\/script>\n<!-- \/ Yoast SEO plugin. -->","yoast_head_json":{"title":"Ayore\u0301ode Irade\u0301die: Yedobu Guidabi\u0301a \u2022 Ayore.org","robots":{"index":"index","follow":"follow","max-snippet":"max-snippet:-1","max-image-preview":"max-image-preview:large","max-video-preview":"max-video-preview:-1"},"canonical":"https:\/\/ayore.org\/ayo\/culture\/native-songs\/josede-yedobu-guidabia\/","og_locale":"en_US","og_type":"article","og_title":"Ayore\u0301ode Irade\u0301die: Yedobu Guidabi\u0301a \u2022 Ayore.org","og_description":"Jos\u00e9de Chijn\u0303ecare: Yij\u00f1ecari iji de. Yedobu Guidab\u00eda (Os\u00f5r\u00e1dat\u00e9). Yajnemia u disia iji de. Yij\u00f5ra, ang\u00e1ri yu ga arate yu gajneri\u0303 ome yoquij\u00f5rai ore ga ore chirate yu\u00a0 gajneri\u0303. Ca aj\u00e9chome yu gajneri\u0303. Yus\u00e1gaja u\u00f1eque gajneri\u0303 uje yij\u00f1ecaco, yedobu Tajerogue iji","og_url":"https:\/\/ayore.org\/ayo\/culture\/native-songs\/josede-yedobu-guidabia\/","og_site_name":"AYOR\u00c9.ORG","article_modified_time":"2019-03-04T16:56:24+00:00","twitter_card":"summary_large_image","twitter_misc":{"Est. reading time":"1 minute"},"schema":{"@context":"https:\/\/schema.org","@graph":[{"@type":"WebPage","@id":"https:\/\/ayore.org\/ayo\/culture\/native-songs\/josede-yedobu-guidabia\/","url":"https:\/\/ayore.org\/ayo\/culture\/native-songs\/josede-yedobu-guidabia\/","name":"Ayore\u0301ode Irade\u0301die: Yedobu Guidabi\u0301a \u2022 Ayore.org","isPartOf":{"@id":"https:\/\/ayore.org\/#website"},"datePublished":"2018-09-10T17:16:51+00:00","dateModified":"2019-03-04T16:56:24+00:00","breadcrumb":{"@id":"https:\/\/ayore.org\/ayo\/culture\/native-songs\/josede-yedobu-guidabia\/#breadcrumb"},"inLanguage":"ayo","potentialAction":[{"@type":"ReadAction","target":["https:\/\/ayore.org\/ayo\/culture\/native-songs\/josede-yedobu-guidabia\/"]}]},{"@type":"BreadcrumbList","@id":"https:\/\/ayore.org\/ayo\/culture\/native-songs\/josede-yedobu-guidabia\/#breadcrumb","itemListElement":[{"@type":"ListItem","position":1,"name":"Jogate bajai tu ude\u0301","item":"https:\/\/ayore.org\/ayo\/"},{"@type":"ListItem","position":2,"name":"Ayore\u0301ode adode, angurenone cucha ore","item":"https:\/\/ayore.org\/ayo\/culture\/"},{"@type":"ListItem","position":3,"name":"Ayore\u0301ode Irade\u0301die","item":"https:\/\/ayore.org\/ayo\/culture\/native-songs\/"},{"@type":"ListItem","position":4,"name":"Jos\u00e9de &#8211; Yedobu Guidabi\u0301a"}]},{"@type":"WebSite","@id":"https:\/\/ayore.org\/#website","url":"https:\/\/ayore.org\/","name":"AYOR\u00c9.ORG","description":"Ayore\u0301ode Uruode, Adode, Jnani bajade ati\u0301go ore ","potentialAction":[{"@type":"SearchAction","target":{"@type":"EntryPoint","urlTemplate":"https:\/\/ayore.org\/?s={search_term_string}"},"query-input":{"@type":"PropertyValueSpecification","valueRequired":true,"valueName":"search_term_string"}}],"inLanguage":"ayo"}]}},"_links":{"self":[{"href":"https:\/\/ayore.org\/ayo\/wp-json\/wp\/v2\/pages\/929","targetHints":{"allow":["GET"]}}],"collection":[{"href":"https:\/\/ayore.org\/ayo\/wp-json\/wp\/v2\/pages"}],"about":[{"href":"https:\/\/ayore.org\/ayo\/wp-json\/wp\/v2\/types\/page"}],"author":[{"embeddable":true,"href":"https:\/\/ayore.org\/ayo\/wp-json\/wp\/v2\/users\/2"}],"replies":[{"embeddable":true,"href":"https:\/\/ayore.org\/ayo\/wp-json\/wp\/v2\/comments?post=929"}],"version-history":[{"count":3,"href":"https:\/\/ayore.org\/ayo\/wp-json\/wp\/v2\/pages\/929\/revisions"}],"predecessor-version":[{"id":3230,"href":"https:\/\/ayore.org\/ayo\/wp-json\/wp\/v2\/pages\/929\/revisions\/3230"}],"up":[{"embeddable":true,"href":"https:\/\/ayore.org\/ayo\/wp-json\/wp\/v2\/pages\/713"}],"wp:attachment":[{"href":"https:\/\/ayore.org\/ayo\/wp-json\/wp\/v2\/media?parent=929"}],"curies":[{"name":"wp","href":"https:\/\/api.w.org\/{rel}","templated":true}]}}