{"id":926,"date":"2018-09-10T17:05:41","date_gmt":"2018-09-10T17:05:41","guid":{"rendered":"https:\/\/ayore.org\/?page_id=926"},"modified":"2019-03-04T19:24:44","modified_gmt":"2019-03-04T19:24:44","slug":"jnanine-yedobu-cheque-dago","status":"publish","type":"page","link":"https:\/\/ayore.org\/ayo\/culture\/native-songs\/jnanine-yedobu-cheque-dago\/","title":{"rendered":"Jnan\u00edn\u00e9 &#8211; Yedobu Cheque Dago"},"content":{"rendered":"<p><em><strong>Jnan\u00edn\u00e9 Chijn\u0303ecare:<\/strong><\/em><\/p>\n<p>Qu\u00e9 yedobu jnacarode acot\u00e9 <em>Chequ\u00e9 Dago<\/em>. Chojninga: E\u0303\u0301 yisapie\u0301 yacot\u00e9 gapu. <em>Pujnucode<\/em> d\u00e9ji sa\u00f1eque ga tang\u00e1ri yu ga chirate yu. Ca chaj\u00e9ngome yu jne. Chiradirase yu iji dejode gajneri\u0303, yacot\u00e9 cas\u00e9, <em>\u00c1tapide<\/em>.<\/p>\n<p>J\u00e9 yij\u00f1ecare iji de. Yed\u00f3bu jnacarode acot\u00e9, <em>Chequ\u00e9 Dago<\/em>. <em>Chequ\u00e9 Dago<\/em> chise yoquireng\u00fai, ga <em>Chequ\u00e9 Dago<\/em> chijna yajnenie pur\u00facho. Ch\u00e3r\u00e1gome.<\/p>\n<p><em>\u00a0Jnanin\u00e9 <\/em>uyu yojninga<em>:\u00a0<\/em>&#8220;E\u0303\u0301 <em>Chequ\u00e9 Dago<\/em>, \u00e3rame yu. Yijina yurasade ore to. Deroco yui jeta to\u0303\u0301ra yug\u00fachade, yacot\u00e9. Babe yu gu,\u201d yojningame <em>Chequ\u00e9 Dago<\/em>. \u201cBe bajogadi gotique ga yim\u00f3ji yijogadi. Jnani yu. Yabode d\u00e9ji deg\u00fai.\u201d<\/p>\n<p>Mu angonepar\u00e9 <em>Cheque Dago<\/em> ga j\u00e9 m\u00f3ji yari. <em>Cheque Dago<\/em> chojninga: \u201c<em>Jnan\u00edn\u00e9,<\/em> ayague ga yico yijogadi ga yim\u00f3ngo iji.\u201d<\/p>\n<p><em>Chequ\u00e9 Dago<\/em> aj\u00e9ode jno y\u00fadi aja dar\u00e1sade ga ore urejanie ore chicha yu aja dar\u00e1sade uje jnacare parigue\u0301jna yu. Que yij\u00edna aja ur\u00e1sade. Deroco yug\u00fachade dacaranone yui jeta yij\u00edna <em>Chequ\u00e9 Dago<\/em>.<\/p>\n<p><em>Jnanine\u0301 &#8211; Tobit\u00e9, Bolivia &#8211; 1960.<\/em><\/p>\n<p><em>Joyce Davis Buchegger chur\u00fas\u00e3re piradedie udaji nanique.<\/em><\/p>\n<div class=\"navigation\"><div class=\"alignleft\"><a href=\"https:\/\/ayore.org\/ayo\/culture\/native-songs\/jadia-yo-cuyuque-mu-ayore-chisa-yu\/\"title=\"Jadia &#8211; Yo cuyuque mu ayorei chisa yu\"><img loading=\"lazy\" decoding=\"async\" src=\"https:\/\/ayore.org\/wp-content\/uploads\/2018\/10\/left-arrow.png\" width=\"50\" height=\"48\" alt=\"left arrow\"><\/a><\/div><div class=\"alignright\"><a href=\"https:\/\/ayore.org\/ayo\/culture\/native-songs\/josede-yedobu-guidabia\/\"title=\"Jos\u00e9de &#8211; Yedobu Guidabi\u0301a\"><img loading=\"lazy\" decoding=\"async\" src=\"https:\/\/ayore.org\/wp-content\/uploads\/2018\/10\/right-arrow.png\" width=\"50\" height=\"48\" alt=\"right arrow\"><\/a><\/div>\n","protected":false},"excerpt":{"rendered":"<p>Jnan\u00edn\u00e9 Chijn\u0303ecare: Qu\u00e9 yedobu jnacarode acot\u00e9 Chequ\u00e9 Dago. Chojninga: E\u0303\u0301 yisapie\u0301 yacot\u00e9 gapu. Pujnucode d\u00e9ji sa\u00f1eque ga tang\u00e1ri yu ga chirate yu. Ca chaj\u00e9ngome yu jne. Chiradirase yu iji dejode gajneri\u0303, yacot\u00e9 cas\u00e9, \u00c1tapide. J\u00e9 yij\u00f1ecare iji de. Yed\u00f3bu jnacarode<\/p>\n","protected":false},"author":2,"featured_media":0,"parent":713,"menu_order":0,"comment_status":"closed","ping_status":"closed","template":"","meta":{"footnotes":""},"class_list":["post-926","page","type-page","status-publish","hentry"],"yoast_head":"<!-- This site is optimized with the Yoast SEO plugin v27.4 - https:\/\/yoast.com\/product\/yoast-seo-wordpress\/ -->\n<title>Ayore\u0301ode Irade\u0301die: Yedobu Cheque Dago \u2022 Ayore.org<\/title>\n<meta name=\"robots\" content=\"index, follow, max-snippet:-1, max-image-preview:large, max-video-preview:-1\" \/>\n<link rel=\"canonical\" href=\"https:\/\/ayore.org\/ayo\/culture\/native-songs\/jnanine-yedobu-cheque-dago\/\" \/>\n<meta property=\"og:locale\" content=\"en_US\" \/>\n<meta property=\"og:type\" content=\"article\" \/>\n<meta property=\"og:title\" content=\"Ayore\u0301ode Irade\u0301die: Yedobu Cheque Dago \u2022 Ayore.org\" \/>\n<meta property=\"og:description\" content=\"Jnan\u00edn\u00e9 Chijn\u0303ecare: Qu\u00e9 yedobu jnacarode acot\u00e9 Chequ\u00e9 Dago. Chojninga: E\u0303\u0301 yisapie\u0301 yacot\u00e9 gapu. Pujnucode d\u00e9ji sa\u00f1eque ga tang\u00e1ri yu ga chirate yu. Ca chaj\u00e9ngome yu jne. Chiradirase yu iji dejode gajneri\u0303, yacot\u00e9 cas\u00e9, \u00c1tapide. J\u00e9 yij\u00f1ecare iji de. Yed\u00f3bu jnacarode\" \/>\n<meta property=\"og:url\" content=\"https:\/\/ayore.org\/ayo\/culture\/native-songs\/jnanine-yedobu-cheque-dago\/\" \/>\n<meta property=\"og:site_name\" content=\"AYOR\u00c9.ORG\" \/>\n<meta property=\"article:modified_time\" content=\"2019-03-04T19:24:44+00:00\" \/>\n<meta name=\"twitter:card\" content=\"summary_large_image\" \/>\n<meta name=\"twitter:label1\" content=\"Est. reading time\" \/>\n\t<meta name=\"twitter:data1\" content=\"1 minute\" \/>\n<script type=\"application\/ld+json\" class=\"yoast-schema-graph\">{\"@context\":\"https:\\\/\\\/schema.org\",\"@graph\":[{\"@type\":\"WebPage\",\"@id\":\"https:\\\/\\\/ayore.org\\\/ayo\\\/culture\\\/native-songs\\\/jnanine-yedobu-cheque-dago\\\/\",\"url\":\"https:\\\/\\\/ayore.org\\\/ayo\\\/culture\\\/native-songs\\\/jnanine-yedobu-cheque-dago\\\/\",\"name\":\"Ayore\u0301ode Irade\u0301die: Yedobu Cheque Dago \u2022 Ayore.org\",\"isPartOf\":{\"@id\":\"https:\\\/\\\/ayore.org\\\/#website\"},\"datePublished\":\"2018-09-10T17:05:41+00:00\",\"dateModified\":\"2019-03-04T19:24:44+00:00\",\"breadcrumb\":{\"@id\":\"https:\\\/\\\/ayore.org\\\/ayo\\\/culture\\\/native-songs\\\/jnanine-yedobu-cheque-dago\\\/#breadcrumb\"},\"inLanguage\":\"ayo\",\"potentialAction\":[{\"@type\":\"ReadAction\",\"target\":[\"https:\\\/\\\/ayore.org\\\/ayo\\\/culture\\\/native-songs\\\/jnanine-yedobu-cheque-dago\\\/\"]}]},{\"@type\":\"BreadcrumbList\",\"@id\":\"https:\\\/\\\/ayore.org\\\/ayo\\\/culture\\\/native-songs\\\/jnanine-yedobu-cheque-dago\\\/#breadcrumb\",\"itemListElement\":[{\"@type\":\"ListItem\",\"position\":1,\"name\":\"Jogate bajai tu ude\u0301\",\"item\":\"https:\\\/\\\/ayore.org\\\/ayo\\\/\"},{\"@type\":\"ListItem\",\"position\":2,\"name\":\"Ayore\u0301ode adode, angurenone cucha ore\",\"item\":\"https:\\\/\\\/ayore.org\\\/ayo\\\/culture\\\/\"},{\"@type\":\"ListItem\",\"position\":3,\"name\":\"Ayore\u0301ode Irade\u0301die\",\"item\":\"https:\\\/\\\/ayore.org\\\/ayo\\\/culture\\\/native-songs\\\/\"},{\"@type\":\"ListItem\",\"position\":4,\"name\":\"Jnan\u00edn\u00e9 &#8211; Yedobu Cheque Dago\"}]},{\"@type\":\"WebSite\",\"@id\":\"https:\\\/\\\/ayore.org\\\/#website\",\"url\":\"https:\\\/\\\/ayore.org\\\/\",\"name\":\"AYOR\u00c9.ORG\",\"description\":\"Ayore\u0301ode Uruode, Adode, Jnani bajade ati\u0301go ore \",\"potentialAction\":[{\"@type\":\"SearchAction\",\"target\":{\"@type\":\"EntryPoint\",\"urlTemplate\":\"https:\\\/\\\/ayore.org\\\/?s={search_term_string}\"},\"query-input\":{\"@type\":\"PropertyValueSpecification\",\"valueRequired\":true,\"valueName\":\"search_term_string\"}}],\"inLanguage\":\"ayo\"}]}<\/script>\n<!-- \/ Yoast SEO plugin. -->","yoast_head_json":{"title":"Ayore\u0301ode Irade\u0301die: Yedobu Cheque Dago \u2022 Ayore.org","robots":{"index":"index","follow":"follow","max-snippet":"max-snippet:-1","max-image-preview":"max-image-preview:large","max-video-preview":"max-video-preview:-1"},"canonical":"https:\/\/ayore.org\/ayo\/culture\/native-songs\/jnanine-yedobu-cheque-dago\/","og_locale":"en_US","og_type":"article","og_title":"Ayore\u0301ode Irade\u0301die: Yedobu Cheque Dago \u2022 Ayore.org","og_description":"Jnan\u00edn\u00e9 Chijn\u0303ecare: Qu\u00e9 yedobu jnacarode acot\u00e9 Chequ\u00e9 Dago. Chojninga: E\u0303\u0301 yisapie\u0301 yacot\u00e9 gapu. Pujnucode d\u00e9ji sa\u00f1eque ga tang\u00e1ri yu ga chirate yu. Ca chaj\u00e9ngome yu jne. Chiradirase yu iji dejode gajneri\u0303, yacot\u00e9 cas\u00e9, \u00c1tapide. J\u00e9 yij\u00f1ecare iji de. Yed\u00f3bu jnacarode","og_url":"https:\/\/ayore.org\/ayo\/culture\/native-songs\/jnanine-yedobu-cheque-dago\/","og_site_name":"AYOR\u00c9.ORG","article_modified_time":"2019-03-04T19:24:44+00:00","twitter_card":"summary_large_image","twitter_misc":{"Est. reading time":"1 minute"},"schema":{"@context":"https:\/\/schema.org","@graph":[{"@type":"WebPage","@id":"https:\/\/ayore.org\/ayo\/culture\/native-songs\/jnanine-yedobu-cheque-dago\/","url":"https:\/\/ayore.org\/ayo\/culture\/native-songs\/jnanine-yedobu-cheque-dago\/","name":"Ayore\u0301ode Irade\u0301die: Yedobu Cheque Dago \u2022 Ayore.org","isPartOf":{"@id":"https:\/\/ayore.org\/#website"},"datePublished":"2018-09-10T17:05:41+00:00","dateModified":"2019-03-04T19:24:44+00:00","breadcrumb":{"@id":"https:\/\/ayore.org\/ayo\/culture\/native-songs\/jnanine-yedobu-cheque-dago\/#breadcrumb"},"inLanguage":"ayo","potentialAction":[{"@type":"ReadAction","target":["https:\/\/ayore.org\/ayo\/culture\/native-songs\/jnanine-yedobu-cheque-dago\/"]}]},{"@type":"BreadcrumbList","@id":"https:\/\/ayore.org\/ayo\/culture\/native-songs\/jnanine-yedobu-cheque-dago\/#breadcrumb","itemListElement":[{"@type":"ListItem","position":1,"name":"Jogate bajai tu ude\u0301","item":"https:\/\/ayore.org\/ayo\/"},{"@type":"ListItem","position":2,"name":"Ayore\u0301ode adode, angurenone cucha ore","item":"https:\/\/ayore.org\/ayo\/culture\/"},{"@type":"ListItem","position":3,"name":"Ayore\u0301ode Irade\u0301die","item":"https:\/\/ayore.org\/ayo\/culture\/native-songs\/"},{"@type":"ListItem","position":4,"name":"Jnan\u00edn\u00e9 &#8211; Yedobu Cheque Dago"}]},{"@type":"WebSite","@id":"https:\/\/ayore.org\/#website","url":"https:\/\/ayore.org\/","name":"AYOR\u00c9.ORG","description":"Ayore\u0301ode Uruode, Adode, Jnani bajade ati\u0301go ore ","potentialAction":[{"@type":"SearchAction","target":{"@type":"EntryPoint","urlTemplate":"https:\/\/ayore.org\/?s={search_term_string}"},"query-input":{"@type":"PropertyValueSpecification","valueRequired":true,"valueName":"search_term_string"}}],"inLanguage":"ayo"}]}},"_links":{"self":[{"href":"https:\/\/ayore.org\/ayo\/wp-json\/wp\/v2\/pages\/926","targetHints":{"allow":["GET"]}}],"collection":[{"href":"https:\/\/ayore.org\/ayo\/wp-json\/wp\/v2\/pages"}],"about":[{"href":"https:\/\/ayore.org\/ayo\/wp-json\/wp\/v2\/types\/page"}],"author":[{"embeddable":true,"href":"https:\/\/ayore.org\/ayo\/wp-json\/wp\/v2\/users\/2"}],"replies":[{"embeddable":true,"href":"https:\/\/ayore.org\/ayo\/wp-json\/wp\/v2\/comments?post=926"}],"version-history":[{"count":4,"href":"https:\/\/ayore.org\/ayo\/wp-json\/wp\/v2\/pages\/926\/revisions"}],"predecessor-version":[{"id":3254,"href":"https:\/\/ayore.org\/ayo\/wp-json\/wp\/v2\/pages\/926\/revisions\/3254"}],"up":[{"embeddable":true,"href":"https:\/\/ayore.org\/ayo\/wp-json\/wp\/v2\/pages\/713"}],"wp:attachment":[{"href":"https:\/\/ayore.org\/ayo\/wp-json\/wp\/v2\/media?parent=926"}],"curies":[{"name":"wp","href":"https:\/\/api.w.org\/{rel}","templated":true}]}}