{"id":919,"date":"2018-09-07T17:39:19","date_gmt":"2018-09-07T17:39:19","guid":{"rendered":"https:\/\/ayore.org\/?page_id=919"},"modified":"2019-03-03T01:26:41","modified_gmt":"2019-03-03T01:26:41","slug":"ijnamene-yachopise-jupi-ujosipiedie","status":"publish","type":"page","link":"https:\/\/ayore.org\/ayo\/culture\/native-songs\/ijnamene-yachopise-jupi-ujosipiedie\/","title":{"rendered":"Ijnamene &#8211; Yachopise Jup\u00ed ujosipiedie"},"content":{"rendered":"<p><em><strong>Ijnamene Chedo Jupi:<\/strong><\/em><\/p>\n<p>Yedobu yujode \u00c9tac\u00f5re, <em>Jupi<\/em>. Yachopise yujode \u00c9tac\u00f5re <em>Jupi<\/em> ujosipiedie. Yojninga: \u201cQue <em>Jupi<\/em> chuse guio daj\u00e9ningo ome Chiquejnone urodie ga chicha yibijnat\u00edgoningai ome date ejode. (Canir\u00e9pise dat\u00e9 mu.)<\/p>\n<p>Disidie ore chachai yu ga ore cho doj\u00f1a ome yu. Ore chojninga: \u201c<em>Ijnamene<\/em>, b\u00e3ri\u00a0 mu <em>Jupi<\/em> chajnarase ua, ga chijinarase ua aja deg\u00fai.\u201d<\/p>\n<p>Mu <em>Ijnamene <\/em>chojninga: \u201cCachi ayipieraque uje yujo gapua d\u00e9ji ejoi mu j\u00e9 chuj\u00f1ieta yu gu. Yiya. Yiabi yujo Dosapeque ome yabai, <em>Oregajn\u00fai<\/em>.\u201d<\/p>\n<p>Mu yiy\u00e1po <em>Oregajnui<\/em> ri\u0303 uje <em>Oregajnui<\/em> chajire ome <em>Jupi<\/em>, abai bajai.<\/p>\n<p>Mu <em>Jupi<\/em> chojninga: \u201cBe <em>Iyai<\/em> gari ga am\u00f3ji.\u201d<\/p>\n<p>Ji\u0303rique yiyapo <em>Iyai<\/em> ri\u0303. Ji\u0303rique yisapo yujode Etac\u00f5re <em>Jupi<\/em> ri\u0303.<\/p>\n<p><em>Ijnamene &#8211; Tobit\u00e9, Bolivia &#8211; 1960.<\/em><\/p>\n<p><em>Joyce Davis Buchegger chur\u00fas\u00e3re Ijnamene iradedie udaji nanique.<\/em><\/p>\n<div class=\"navigation\"><div class=\"alignleft\"><a href=\"https:\/\/ayore.org\/ayo\/culture\/native-songs\/guie-yo-yayugu-yu-uje-jonoine-cha-yu\/\"title=\"Guie &#8211; Yo y\u00e1yugu yu uje Jonoin\u00e9 cha yu\"><img loading=\"lazy\" decoding=\"async\" src=\"https:\/\/ayore.org\/wp-content\/uploads\/2018\/10\/left-arrow.png\" width=\"50\" height=\"48\" alt=\"left arrow\"><\/a><\/div><div class=\"alignright\"><a href=\"https:\/\/ayore.org\/ayo\/culture\/native-songs\/jadia-yo-cuyuque-mu-ayore-chisa-yu\/\"title=\"Jadia &#8211; Yo cuyuque mu ayorei chisa yu\"><img loading=\"lazy\" decoding=\"async\" src=\"https:\/\/ayore.org\/wp-content\/uploads\/2018\/10\/right-arrow.png\" width=\"50\" height=\"48\" alt=\"right arrow\"><\/a><\/div>\n","protected":false},"excerpt":{"rendered":"<p>Ijnamene Chedo Jupi: Yedobu yujode \u00c9tac\u00f5re, Jupi. Yachopise yujode \u00c9tac\u00f5re Jupi ujosipiedie. Yojninga: \u201cQue Jupi chuse guio daj\u00e9ningo ome Chiquejnone urodie ga chicha yibijnat\u00edgoningai ome date ejode. (Canir\u00e9pise dat\u00e9 mu.) Disidie ore chachai yu ga ore cho doj\u00f1a ome yu.<\/p>\n","protected":false},"author":2,"featured_media":0,"parent":713,"menu_order":0,"comment_status":"closed","ping_status":"closed","template":"","meta":{"footnotes":""},"class_list":["post-919","page","type-page","status-publish","hentry"],"yoast_head":"<!-- This site is optimized with the Yoast SEO plugin v27.4 - https:\/\/yoast.com\/product\/yoast-seo-wordpress\/ -->\n<title>Ayore\u0301ode Irade\u0301die: Yachopise Jup\u00ed Ujosipiedie \u2022 Ayore.org<\/title>\n<meta name=\"robots\" content=\"index, follow, max-snippet:-1, max-image-preview:large, max-video-preview:-1\" \/>\n<link rel=\"canonical\" href=\"https:\/\/ayore.org\/ayo\/culture\/native-songs\/ijnamene-yachopise-jupi-ujosipiedie\/\" \/>\n<meta property=\"og:locale\" content=\"en_US\" \/>\n<meta property=\"og:type\" content=\"article\" \/>\n<meta property=\"og:title\" content=\"Ayore\u0301ode Irade\u0301die: Yachopise Jup\u00ed Ujosipiedie \u2022 Ayore.org\" \/>\n<meta property=\"og:description\" content=\"Ijnamene Chedo Jupi: Yedobu yujode \u00c9tac\u00f5re, Jupi. Yachopise yujode \u00c9tac\u00f5re Jupi ujosipiedie. Yojninga: \u201cQue Jupi chuse guio daj\u00e9ningo ome Chiquejnone urodie ga chicha yibijnat\u00edgoningai ome date ejode. (Canir\u00e9pise dat\u00e9 mu.) Disidie ore chachai yu ga ore cho doj\u00f1a ome yu.\" \/>\n<meta property=\"og:url\" content=\"https:\/\/ayore.org\/ayo\/culture\/native-songs\/ijnamene-yachopise-jupi-ujosipiedie\/\" \/>\n<meta property=\"og:site_name\" content=\"AYOR\u00c9.ORG\" \/>\n<meta property=\"article:modified_time\" content=\"2019-03-03T01:26:41+00:00\" \/>\n<meta name=\"twitter:card\" content=\"summary_large_image\" \/>\n<meta name=\"twitter:label1\" content=\"Est. reading time\" \/>\n\t<meta name=\"twitter:data1\" content=\"1 minute\" \/>\n<script type=\"application\/ld+json\" class=\"yoast-schema-graph\">{\"@context\":\"https:\\\/\\\/schema.org\",\"@graph\":[{\"@type\":\"WebPage\",\"@id\":\"https:\\\/\\\/ayore.org\\\/ayo\\\/culture\\\/native-songs\\\/ijnamene-yachopise-jupi-ujosipiedie\\\/\",\"url\":\"https:\\\/\\\/ayore.org\\\/ayo\\\/culture\\\/native-songs\\\/ijnamene-yachopise-jupi-ujosipiedie\\\/\",\"name\":\"Ayore\u0301ode Irade\u0301die: Yachopise Jup\u00ed Ujosipiedie \u2022 Ayore.org\",\"isPartOf\":{\"@id\":\"https:\\\/\\\/ayore.org\\\/#website\"},\"datePublished\":\"2018-09-07T17:39:19+00:00\",\"dateModified\":\"2019-03-03T01:26:41+00:00\",\"breadcrumb\":{\"@id\":\"https:\\\/\\\/ayore.org\\\/ayo\\\/culture\\\/native-songs\\\/ijnamene-yachopise-jupi-ujosipiedie\\\/#breadcrumb\"},\"inLanguage\":\"ayo\",\"potentialAction\":[{\"@type\":\"ReadAction\",\"target\":[\"https:\\\/\\\/ayore.org\\\/ayo\\\/culture\\\/native-songs\\\/ijnamene-yachopise-jupi-ujosipiedie\\\/\"]}]},{\"@type\":\"BreadcrumbList\",\"@id\":\"https:\\\/\\\/ayore.org\\\/ayo\\\/culture\\\/native-songs\\\/ijnamene-yachopise-jupi-ujosipiedie\\\/#breadcrumb\",\"itemListElement\":[{\"@type\":\"ListItem\",\"position\":1,\"name\":\"Jogate bajai tu ude\u0301\",\"item\":\"https:\\\/\\\/ayore.org\\\/ayo\\\/\"},{\"@type\":\"ListItem\",\"position\":2,\"name\":\"Ayore\u0301ode adode, angurenone cucha ore\",\"item\":\"https:\\\/\\\/ayore.org\\\/ayo\\\/culture\\\/\"},{\"@type\":\"ListItem\",\"position\":3,\"name\":\"Ayore\u0301ode Irade\u0301die\",\"item\":\"https:\\\/\\\/ayore.org\\\/ayo\\\/culture\\\/native-songs\\\/\"},{\"@type\":\"ListItem\",\"position\":4,\"name\":\"Ijnamene &#8211; Yachopise Jup\u00ed ujosipiedie\"}]},{\"@type\":\"WebSite\",\"@id\":\"https:\\\/\\\/ayore.org\\\/#website\",\"url\":\"https:\\\/\\\/ayore.org\\\/\",\"name\":\"AYOR\u00c9.ORG\",\"description\":\"Ayore\u0301ode Uruode, Adode, Jnani bajade ati\u0301go ore \",\"potentialAction\":[{\"@type\":\"SearchAction\",\"target\":{\"@type\":\"EntryPoint\",\"urlTemplate\":\"https:\\\/\\\/ayore.org\\\/?s={search_term_string}\"},\"query-input\":{\"@type\":\"PropertyValueSpecification\",\"valueRequired\":true,\"valueName\":\"search_term_string\"}}],\"inLanguage\":\"ayo\"}]}<\/script>\n<!-- \/ Yoast SEO plugin. -->","yoast_head_json":{"title":"Ayore\u0301ode Irade\u0301die: Yachopise Jup\u00ed Ujosipiedie \u2022 Ayore.org","robots":{"index":"index","follow":"follow","max-snippet":"max-snippet:-1","max-image-preview":"max-image-preview:large","max-video-preview":"max-video-preview:-1"},"canonical":"https:\/\/ayore.org\/ayo\/culture\/native-songs\/ijnamene-yachopise-jupi-ujosipiedie\/","og_locale":"en_US","og_type":"article","og_title":"Ayore\u0301ode Irade\u0301die: Yachopise Jup\u00ed Ujosipiedie \u2022 Ayore.org","og_description":"Ijnamene Chedo Jupi: Yedobu yujode \u00c9tac\u00f5re, Jupi. Yachopise yujode \u00c9tac\u00f5re Jupi ujosipiedie. Yojninga: \u201cQue Jupi chuse guio daj\u00e9ningo ome Chiquejnone urodie ga chicha yibijnat\u00edgoningai ome date ejode. (Canir\u00e9pise dat\u00e9 mu.) Disidie ore chachai yu ga ore cho doj\u00f1a ome yu.","og_url":"https:\/\/ayore.org\/ayo\/culture\/native-songs\/ijnamene-yachopise-jupi-ujosipiedie\/","og_site_name":"AYOR\u00c9.ORG","article_modified_time":"2019-03-03T01:26:41+00:00","twitter_card":"summary_large_image","twitter_misc":{"Est. reading time":"1 minute"},"schema":{"@context":"https:\/\/schema.org","@graph":[{"@type":"WebPage","@id":"https:\/\/ayore.org\/ayo\/culture\/native-songs\/ijnamene-yachopise-jupi-ujosipiedie\/","url":"https:\/\/ayore.org\/ayo\/culture\/native-songs\/ijnamene-yachopise-jupi-ujosipiedie\/","name":"Ayore\u0301ode Irade\u0301die: Yachopise Jup\u00ed Ujosipiedie \u2022 Ayore.org","isPartOf":{"@id":"https:\/\/ayore.org\/#website"},"datePublished":"2018-09-07T17:39:19+00:00","dateModified":"2019-03-03T01:26:41+00:00","breadcrumb":{"@id":"https:\/\/ayore.org\/ayo\/culture\/native-songs\/ijnamene-yachopise-jupi-ujosipiedie\/#breadcrumb"},"inLanguage":"ayo","potentialAction":[{"@type":"ReadAction","target":["https:\/\/ayore.org\/ayo\/culture\/native-songs\/ijnamene-yachopise-jupi-ujosipiedie\/"]}]},{"@type":"BreadcrumbList","@id":"https:\/\/ayore.org\/ayo\/culture\/native-songs\/ijnamene-yachopise-jupi-ujosipiedie\/#breadcrumb","itemListElement":[{"@type":"ListItem","position":1,"name":"Jogate bajai tu ude\u0301","item":"https:\/\/ayore.org\/ayo\/"},{"@type":"ListItem","position":2,"name":"Ayore\u0301ode adode, angurenone cucha ore","item":"https:\/\/ayore.org\/ayo\/culture\/"},{"@type":"ListItem","position":3,"name":"Ayore\u0301ode Irade\u0301die","item":"https:\/\/ayore.org\/ayo\/culture\/native-songs\/"},{"@type":"ListItem","position":4,"name":"Ijnamene &#8211; Yachopise Jup\u00ed ujosipiedie"}]},{"@type":"WebSite","@id":"https:\/\/ayore.org\/#website","url":"https:\/\/ayore.org\/","name":"AYOR\u00c9.ORG","description":"Ayore\u0301ode Uruode, Adode, Jnani bajade ati\u0301go ore ","potentialAction":[{"@type":"SearchAction","target":{"@type":"EntryPoint","urlTemplate":"https:\/\/ayore.org\/?s={search_term_string}"},"query-input":{"@type":"PropertyValueSpecification","valueRequired":true,"valueName":"search_term_string"}}],"inLanguage":"ayo"}]}},"_links":{"self":[{"href":"https:\/\/ayore.org\/ayo\/wp-json\/wp\/v2\/pages\/919","targetHints":{"allow":["GET"]}}],"collection":[{"href":"https:\/\/ayore.org\/ayo\/wp-json\/wp\/v2\/pages"}],"about":[{"href":"https:\/\/ayore.org\/ayo\/wp-json\/wp\/v2\/types\/page"}],"author":[{"embeddable":true,"href":"https:\/\/ayore.org\/ayo\/wp-json\/wp\/v2\/users\/2"}],"replies":[{"embeddable":true,"href":"https:\/\/ayore.org\/ayo\/wp-json\/wp\/v2\/comments?post=919"}],"version-history":[{"count":3,"href":"https:\/\/ayore.org\/ayo\/wp-json\/wp\/v2\/pages\/919\/revisions"}],"predecessor-version":[{"id":3210,"href":"https:\/\/ayore.org\/ayo\/wp-json\/wp\/v2\/pages\/919\/revisions\/3210"}],"up":[{"embeddable":true,"href":"https:\/\/ayore.org\/ayo\/wp-json\/wp\/v2\/pages\/713"}],"wp:attachment":[{"href":"https:\/\/ayore.org\/ayo\/wp-json\/wp\/v2\/media?parent=919"}],"curies":[{"name":"wp","href":"https:\/\/api.w.org\/{rel}","templated":true}]}}