{"id":915,"date":"2018-09-07T17:36:25","date_gmt":"2018-09-07T17:36:25","guid":{"rendered":"https:\/\/ayore.org\/?page_id=915"},"modified":"2019-03-03T01:13:46","modified_gmt":"2019-03-03T01:13:46","slug":"guie-yo-yayugu-yu-uje-jonoine-cha-yu","status":"publish","type":"page","link":"https:\/\/ayore.org\/ayo\/culture\/native-songs\/guie-yo-yayugu-yu-uje-jonoine-cha-yu\/","title":{"rendered":"Guie &#8211; Yo y\u00e1yugu yu uje Jonoin\u00e9 cha yu"},"content":{"rendered":"<p><strong>Guie Irade\u0301:<\/strong><\/p>\n<p>Posoraj\u00e3 <em>Jonoine<\/em>.Yo y\u00e1yugu yu uje Posoraja\u0303\u0301dat\u00e9, <em>Jonoin\u00e9,<\/em> cha yu. Yeteque jnacare gatode uje que chimo yucanongonie urupi bisid\u00e9tique. Uje ore tuj\u00fana gueguerade bisidec uje que ore chuj\u00e9 ayor\u00e9ric, coj\u00f1otic ore.<\/p>\n<p>Jnusina <em>Jonoin\u00e9<\/em> uje <em>Jonoin\u00e9<\/em> chuj\u00e9pise caratade, coj\u00f1one, ayor\u00e9ode ore, ga j\u00e9 u\u0303repise uruode. J\u00e9 chopise uje cucha umusode. Jiei u jnese yugode.<\/p>\n<p>Jnusina dajai uje Ayor\u00e9. U\u00e1sejna ore tagu yacorenie ga chos\u00f5ripise dajai mu que iguiotique cuse ga ore gajnep\u00edode gar\u00f3si iji yacore. Chajire dajai. Chojninga: \u201cYajire bora p\u00f3roro mu que gajnep\u00edtique cuse ga yos\u00f5ripis.\u201d<\/p>\n<p>\u00c1yipie d\u00e9ji <em>Jonoin\u00e9<\/em> uje abai ica mu e cha.<\/p>\n<p><em>Guie\u0301 &#8211; Tobit\u00e9, Bolivia &#8211; 1960.<\/em><\/p>\n<p><em>Joyce Davis Buchegger chur\u00fas\u00e3re Guie\u0301 iradedie udaji nanique.<\/em><\/p>\n<div class=\"navigation\"><div class=\"alignleft\"><a href=\"https:\/\/ayore.org\/ayo\/culture\/native-songs\/gajnemiadai-yiabi-enuei-ga-yuje-uneque\/\"title=\"Gajn\u00e9miad\u00e1i &#8211; Yiabi enuei ga yuj\u00e9 u\u00f1eque\"><img loading=\"lazy\" decoding=\"async\" src=\"https:\/\/ayore.org\/wp-content\/uploads\/2018\/10\/left-arrow.png\" width=\"50\" height=\"48\" alt=\"left arrow\"><\/a><\/div><div class=\"alignright\"><a href=\"https:\/\/ayore.org\/ayo\/culture\/native-songs\/ijnamene-yachopise-jupi-ujosipiedie\/\"title=\"Ijnamene &#8211; Yachopise Jup\u00ed ujosipiedie\"><img loading=\"lazy\" decoding=\"async\" src=\"https:\/\/ayore.org\/wp-content\/uploads\/2018\/10\/right-arrow.png\" width=\"50\" height=\"48\" alt=\"right arrow\"><\/a><\/div>\n","protected":false},"excerpt":{"rendered":"<p>Guie Irade\u0301: Posoraj\u00e3 Jonoine.Yo y\u00e1yugu yu uje Posoraja\u0303\u0301dat\u00e9, Jonoin\u00e9, cha yu. Yeteque jnacare gatode uje que chimo yucanongonie urupi bisid\u00e9tique. Uje ore tuj\u00fana gueguerade bisidec uje que ore chuj\u00e9 ayor\u00e9ric, coj\u00f1otic ore. Jnusina Jonoin\u00e9 uje Jonoin\u00e9 chuj\u00e9pise caratade, coj\u00f1one, ayor\u00e9ode<\/p>\n","protected":false},"author":2,"featured_media":0,"parent":713,"menu_order":0,"comment_status":"closed","ping_status":"closed","template":"","meta":{"footnotes":""},"class_list":["post-915","page","type-page","status-publish","hentry"],"yoast_head":"<!-- This site is optimized with the Yoast SEO plugin v27.4 - https:\/\/yoast.com\/product\/yoast-seo-wordpress\/ -->\n<title>Ayore\u0301ode Irade\u0301die: Yo Y\u00e1yugu Yu Uje Jonoin\u00e9 Cha Yu \u2022 Ayore.org<\/title>\n<meta name=\"robots\" content=\"index, follow, max-snippet:-1, max-image-preview:large, max-video-preview:-1\" \/>\n<link rel=\"canonical\" href=\"https:\/\/ayore.org\/ayo\/culture\/native-songs\/guie-yo-yayugu-yu-uje-jonoine-cha-yu\/\" \/>\n<meta property=\"og:locale\" content=\"en_US\" \/>\n<meta property=\"og:type\" content=\"article\" \/>\n<meta property=\"og:title\" content=\"Ayore\u0301ode Irade\u0301die: Yo Y\u00e1yugu Yu Uje Jonoin\u00e9 Cha Yu \u2022 Ayore.org\" \/>\n<meta property=\"og:description\" content=\"Guie Irade\u0301: Posoraj\u00e3 Jonoine.Yo y\u00e1yugu yu uje Posoraja\u0303\u0301dat\u00e9, Jonoin\u00e9, cha yu. Yeteque jnacare gatode uje que chimo yucanongonie urupi bisid\u00e9tique. Uje ore tuj\u00fana gueguerade bisidec uje que ore chuj\u00e9 ayor\u00e9ric, coj\u00f1otic ore. Jnusina Jonoin\u00e9 uje Jonoin\u00e9 chuj\u00e9pise caratade, coj\u00f1one, ayor\u00e9ode\" \/>\n<meta property=\"og:url\" content=\"https:\/\/ayore.org\/ayo\/culture\/native-songs\/guie-yo-yayugu-yu-uje-jonoine-cha-yu\/\" \/>\n<meta property=\"og:site_name\" content=\"AYOR\u00c9.ORG\" \/>\n<meta property=\"article:modified_time\" content=\"2019-03-03T01:13:46+00:00\" \/>\n<meta name=\"twitter:card\" content=\"summary_large_image\" \/>\n<meta name=\"twitter:label1\" content=\"Est. reading time\" \/>\n\t<meta name=\"twitter:data1\" content=\"1 minute\" \/>\n<script type=\"application\/ld+json\" class=\"yoast-schema-graph\">{\"@context\":\"https:\\\/\\\/schema.org\",\"@graph\":[{\"@type\":\"WebPage\",\"@id\":\"https:\\\/\\\/ayore.org\\\/ayo\\\/culture\\\/native-songs\\\/guie-yo-yayugu-yu-uje-jonoine-cha-yu\\\/\",\"url\":\"https:\\\/\\\/ayore.org\\\/ayo\\\/culture\\\/native-songs\\\/guie-yo-yayugu-yu-uje-jonoine-cha-yu\\\/\",\"name\":\"Ayore\u0301ode Irade\u0301die: Yo Y\u00e1yugu Yu Uje Jonoin\u00e9 Cha Yu \u2022 Ayore.org\",\"isPartOf\":{\"@id\":\"https:\\\/\\\/ayore.org\\\/#website\"},\"datePublished\":\"2018-09-07T17:36:25+00:00\",\"dateModified\":\"2019-03-03T01:13:46+00:00\",\"breadcrumb\":{\"@id\":\"https:\\\/\\\/ayore.org\\\/ayo\\\/culture\\\/native-songs\\\/guie-yo-yayugu-yu-uje-jonoine-cha-yu\\\/#breadcrumb\"},\"inLanguage\":\"ayo\",\"potentialAction\":[{\"@type\":\"ReadAction\",\"target\":[\"https:\\\/\\\/ayore.org\\\/ayo\\\/culture\\\/native-songs\\\/guie-yo-yayugu-yu-uje-jonoine-cha-yu\\\/\"]}]},{\"@type\":\"BreadcrumbList\",\"@id\":\"https:\\\/\\\/ayore.org\\\/ayo\\\/culture\\\/native-songs\\\/guie-yo-yayugu-yu-uje-jonoine-cha-yu\\\/#breadcrumb\",\"itemListElement\":[{\"@type\":\"ListItem\",\"position\":1,\"name\":\"Jogate bajai tu ude\u0301\",\"item\":\"https:\\\/\\\/ayore.org\\\/ayo\\\/\"},{\"@type\":\"ListItem\",\"position\":2,\"name\":\"Ayore\u0301ode adode, angurenone cucha ore\",\"item\":\"https:\\\/\\\/ayore.org\\\/ayo\\\/culture\\\/\"},{\"@type\":\"ListItem\",\"position\":3,\"name\":\"Ayore\u0301ode Irade\u0301die\",\"item\":\"https:\\\/\\\/ayore.org\\\/ayo\\\/culture\\\/native-songs\\\/\"},{\"@type\":\"ListItem\",\"position\":4,\"name\":\"Guie &#8211; Yo y\u00e1yugu yu uje Jonoin\u00e9 cha yu\"}]},{\"@type\":\"WebSite\",\"@id\":\"https:\\\/\\\/ayore.org\\\/#website\",\"url\":\"https:\\\/\\\/ayore.org\\\/\",\"name\":\"AYOR\u00c9.ORG\",\"description\":\"Ayore\u0301ode Uruode, Adode, Jnani bajade ati\u0301go ore \",\"potentialAction\":[{\"@type\":\"SearchAction\",\"target\":{\"@type\":\"EntryPoint\",\"urlTemplate\":\"https:\\\/\\\/ayore.org\\\/?s={search_term_string}\"},\"query-input\":{\"@type\":\"PropertyValueSpecification\",\"valueRequired\":true,\"valueName\":\"search_term_string\"}}],\"inLanguage\":\"ayo\"}]}<\/script>\n<!-- \/ Yoast SEO plugin. -->","yoast_head_json":{"title":"Ayore\u0301ode Irade\u0301die: Yo Y\u00e1yugu Yu Uje Jonoin\u00e9 Cha Yu \u2022 Ayore.org","robots":{"index":"index","follow":"follow","max-snippet":"max-snippet:-1","max-image-preview":"max-image-preview:large","max-video-preview":"max-video-preview:-1"},"canonical":"https:\/\/ayore.org\/ayo\/culture\/native-songs\/guie-yo-yayugu-yu-uje-jonoine-cha-yu\/","og_locale":"en_US","og_type":"article","og_title":"Ayore\u0301ode Irade\u0301die: Yo Y\u00e1yugu Yu Uje Jonoin\u00e9 Cha Yu \u2022 Ayore.org","og_description":"Guie Irade\u0301: Posoraj\u00e3 Jonoine.Yo y\u00e1yugu yu uje Posoraja\u0303\u0301dat\u00e9, Jonoin\u00e9, cha yu. Yeteque jnacare gatode uje que chimo yucanongonie urupi bisid\u00e9tique. Uje ore tuj\u00fana gueguerade bisidec uje que ore chuj\u00e9 ayor\u00e9ric, coj\u00f1otic ore. Jnusina Jonoin\u00e9 uje Jonoin\u00e9 chuj\u00e9pise caratade, coj\u00f1one, ayor\u00e9ode","og_url":"https:\/\/ayore.org\/ayo\/culture\/native-songs\/guie-yo-yayugu-yu-uje-jonoine-cha-yu\/","og_site_name":"AYOR\u00c9.ORG","article_modified_time":"2019-03-03T01:13:46+00:00","twitter_card":"summary_large_image","twitter_misc":{"Est. reading time":"1 minute"},"schema":{"@context":"https:\/\/schema.org","@graph":[{"@type":"WebPage","@id":"https:\/\/ayore.org\/ayo\/culture\/native-songs\/guie-yo-yayugu-yu-uje-jonoine-cha-yu\/","url":"https:\/\/ayore.org\/ayo\/culture\/native-songs\/guie-yo-yayugu-yu-uje-jonoine-cha-yu\/","name":"Ayore\u0301ode Irade\u0301die: Yo Y\u00e1yugu Yu Uje Jonoin\u00e9 Cha Yu \u2022 Ayore.org","isPartOf":{"@id":"https:\/\/ayore.org\/#website"},"datePublished":"2018-09-07T17:36:25+00:00","dateModified":"2019-03-03T01:13:46+00:00","breadcrumb":{"@id":"https:\/\/ayore.org\/ayo\/culture\/native-songs\/guie-yo-yayugu-yu-uje-jonoine-cha-yu\/#breadcrumb"},"inLanguage":"ayo","potentialAction":[{"@type":"ReadAction","target":["https:\/\/ayore.org\/ayo\/culture\/native-songs\/guie-yo-yayugu-yu-uje-jonoine-cha-yu\/"]}]},{"@type":"BreadcrumbList","@id":"https:\/\/ayore.org\/ayo\/culture\/native-songs\/guie-yo-yayugu-yu-uje-jonoine-cha-yu\/#breadcrumb","itemListElement":[{"@type":"ListItem","position":1,"name":"Jogate bajai tu ude\u0301","item":"https:\/\/ayore.org\/ayo\/"},{"@type":"ListItem","position":2,"name":"Ayore\u0301ode adode, angurenone cucha ore","item":"https:\/\/ayore.org\/ayo\/culture\/"},{"@type":"ListItem","position":3,"name":"Ayore\u0301ode Irade\u0301die","item":"https:\/\/ayore.org\/ayo\/culture\/native-songs\/"},{"@type":"ListItem","position":4,"name":"Guie &#8211; Yo y\u00e1yugu yu uje Jonoin\u00e9 cha yu"}]},{"@type":"WebSite","@id":"https:\/\/ayore.org\/#website","url":"https:\/\/ayore.org\/","name":"AYOR\u00c9.ORG","description":"Ayore\u0301ode Uruode, Adode, Jnani bajade ati\u0301go ore ","potentialAction":[{"@type":"SearchAction","target":{"@type":"EntryPoint","urlTemplate":"https:\/\/ayore.org\/?s={search_term_string}"},"query-input":{"@type":"PropertyValueSpecification","valueRequired":true,"valueName":"search_term_string"}}],"inLanguage":"ayo"}]}},"_links":{"self":[{"href":"https:\/\/ayore.org\/ayo\/wp-json\/wp\/v2\/pages\/915","targetHints":{"allow":["GET"]}}],"collection":[{"href":"https:\/\/ayore.org\/ayo\/wp-json\/wp\/v2\/pages"}],"about":[{"href":"https:\/\/ayore.org\/ayo\/wp-json\/wp\/v2\/types\/page"}],"author":[{"embeddable":true,"href":"https:\/\/ayore.org\/ayo\/wp-json\/wp\/v2\/users\/2"}],"replies":[{"embeddable":true,"href":"https:\/\/ayore.org\/ayo\/wp-json\/wp\/v2\/comments?post=915"}],"version-history":[{"count":3,"href":"https:\/\/ayore.org\/ayo\/wp-json\/wp\/v2\/pages\/915\/revisions"}],"predecessor-version":[{"id":3204,"href":"https:\/\/ayore.org\/ayo\/wp-json\/wp\/v2\/pages\/915\/revisions\/3204"}],"up":[{"embeddable":true,"href":"https:\/\/ayore.org\/ayo\/wp-json\/wp\/v2\/pages\/713"}],"wp:attachment":[{"href":"https:\/\/ayore.org\/ayo\/wp-json\/wp\/v2\/media?parent=915"}],"curies":[{"name":"wp","href":"https:\/\/api.w.org\/{rel}","templated":true}]}}