{"id":913,"date":"2018-09-07T17:30:28","date_gmt":"2018-09-07T17:30:28","guid":{"rendered":"https:\/\/ayore.org\/?page_id=913"},"modified":"2019-03-03T00:57:42","modified_gmt":"2019-03-03T00:57:42","slug":"gajnemiadai-yiabi-enuei-ga-yuje-uneque","status":"publish","type":"page","link":"https:\/\/ayore.org\/ayo\/culture\/native-songs\/gajnemiadai-yiabi-enuei-ga-yuje-uneque\/","title":{"rendered":"Gajn\u00e9miad\u00e1i &#8211; Yiabi enuei ga yuj\u00e9 u\u00f1eque"},"content":{"rendered":"<p><em><strong>Gajn\u00e9miad\u00e1i Chijn\u0303ecare:<\/strong><\/em><\/p>\n<p><em>Gajne\u0301miada\u0301i<\/em> i u <em>Garajade<\/em> nanique uje jnacare, enga <em>Yocaoi <\/em>dai u\u00f1ai u uje dacasute nanique. Chijn\u0303ecare ga cho\u0301si te:<\/p>\n<p>Yijiabi enuei iji de jeta jec u\u0303r\u00e9 yu dir\u00edca ga yuj\u00e9 u\u00f1eque gajneri\u0303, coj\u00f1one. Quigade jeta coj\u00f1one u\u00f1ane chuj\u00e9 yu to. A yuj\u00e9 puj\u00f1eque bajaque gajneri\u0303. Quigade ga a puj\u00f1eque chuj\u00e9 yu to.<\/p>\n<p>Yedobu<em> Gajn\u00e9miadat\u00e9<\/em>. Dojn\u00f3ngaja yu dir\u00edca mu c\u00e1ma yise coj\u00f1one. C\u00e1ma u\u00f1\u00e9ngo chuj\u00e9 yu to. Yise ore iji putug\u00fatoi yung\u00f3ri cas\u00e9 mu ore chisa daboca taja yi\u0301rique ga ore chingu\u00edraja yu. Que yat\u00edgo pijoc ome ga que yuj\u00e9 u\u00f1eque.<\/p>\n<p>Ayor\u00e9ode ore chaqui\u0303\u0301ra yu iji dejode ga que yat\u00edgo pijoc ome ore. Yuj\u00e9 u\u00f1eque gajneri\u0303 ga yajneque yuj\u00f3raque <em>Chiqu\u00e9jnoro<\/em> piya.\u00a0 A yucu\u00e9 guesode gajneri\u0303. Yijnapo aja yu gajneri\u0303. Cachi cucha pimosoringuei ore ojning\u00e1mia<em> Er\u00e1bia<\/em>.<\/p>\n<p>Y\u00e3raque yejode ome jeta moji yari. Que d\u00e9ji yaj\u00e9nic. Que yipotas\u00eda. \u201cBesi si\u00f1ec ga am\u00f3ji. Que yipota ua.\u201d Mu angonepar\u00e9 ga moji yari. Yijosa yuj\u00f3rac <em>Chiquejnorodat\u00e9.<\/em> Yoquenoch\u00e1ric bijna ome \u00f1ane.<\/p>\n<p><em>Gajne\u0301miada\u0301i &#8211; Tobit\u00e9, Bolivia &#8211; 1960.<\/em><\/p>\n<p><em>Joyce Davis Buchegger chur\u00fas\u00e3re Gajne\u0301miada\u0301i iradedie udaji nanique.<\/em><\/p>\n<div class=\"navigation\"><div class=\"alignleft\"><a href=\"https:\/\/ayore.org\/ayo\/culture\/native-songs\/ecabi-ca-yijinapo-gapudie-to-jne-ri\/\"title=\"Ec\u00e1bi &#8211; Ca yij\u00ednapo gapud\u00ede to jne r\u0129\"><img loading=\"lazy\" decoding=\"async\" src=\"https:\/\/ayore.org\/wp-content\/uploads\/2018\/10\/left-arrow.png\" width=\"50\" height=\"48\" alt=\"left arrow\"><\/a><\/div><div class=\"alignright\"><a href=\"https:\/\/ayore.org\/ayo\/culture\/native-songs\/guie-yo-yayugu-yu-uje-jonoine-cha-yu\/\"title=\"Guie &#8211; Yo y\u00e1yugu yu uje Jonoin\u00e9 cha yu\"><img loading=\"lazy\" decoding=\"async\" src=\"https:\/\/ayore.org\/wp-content\/uploads\/2018\/10\/right-arrow.png\" width=\"50\" height=\"48\" alt=\"right arrow\"><\/a><\/div>\n","protected":false},"excerpt":{"rendered":"<p>Gajn\u00e9miad\u00e1i Chijn\u0303ecare: Gajne\u0301miada\u0301i i u Garajade nanique uje jnacare, enga Yocaoi dai u\u00f1ai u uje dacasute nanique. Chijn\u0303ecare ga cho\u0301si te: Yijiabi enuei iji de jeta jec u\u0303r\u00e9 yu dir\u00edca ga yuj\u00e9 u\u00f1eque gajneri\u0303, coj\u00f1one. Quigade jeta coj\u00f1one u\u00f1ane chuj\u00e9<\/p>\n","protected":false},"author":2,"featured_media":0,"parent":713,"menu_order":0,"comment_status":"closed","ping_status":"closed","template":"","meta":{"footnotes":""},"class_list":["post-913","page","type-page","status-publish","hentry"],"yoast_head":"<!-- This site is optimized with the Yoast SEO plugin v27.4 - https:\/\/yoast.com\/product\/yoast-seo-wordpress\/ -->\n<title>Ayore\u0301ode Irade\u0301die: Yiabi Enuei Ga Yuj\u00e9 U\u00f1eque \u2022 Ayore.org<\/title>\n<meta name=\"robots\" content=\"index, follow, max-snippet:-1, max-image-preview:large, max-video-preview:-1\" \/>\n<link rel=\"canonical\" href=\"https:\/\/ayore.org\/ayo\/culture\/native-songs\/gajnemiadai-yiabi-enuei-ga-yuje-uneque\/\" \/>\n<meta property=\"og:locale\" content=\"en_US\" \/>\n<meta property=\"og:type\" content=\"article\" \/>\n<meta property=\"og:title\" content=\"Ayore\u0301ode Irade\u0301die: Yiabi Enuei Ga Yuj\u00e9 U\u00f1eque \u2022 Ayore.org\" \/>\n<meta property=\"og:description\" content=\"Gajn\u00e9miad\u00e1i Chijn\u0303ecare: Gajne\u0301miada\u0301i i u Garajade nanique uje jnacare, enga Yocaoi dai u\u00f1ai u uje dacasute nanique. Chijn\u0303ecare ga cho\u0301si te: Yijiabi enuei iji de jeta jec u\u0303r\u00e9 yu dir\u00edca ga yuj\u00e9 u\u00f1eque gajneri\u0303, coj\u00f1one. Quigade jeta coj\u00f1one u\u00f1ane chuj\u00e9\" \/>\n<meta property=\"og:url\" content=\"https:\/\/ayore.org\/ayo\/culture\/native-songs\/gajnemiadai-yiabi-enuei-ga-yuje-uneque\/\" \/>\n<meta property=\"og:site_name\" content=\"AYOR\u00c9.ORG\" \/>\n<meta property=\"article:modified_time\" content=\"2019-03-03T00:57:42+00:00\" \/>\n<meta name=\"twitter:card\" content=\"summary_large_image\" \/>\n<meta name=\"twitter:label1\" content=\"Est. reading time\" \/>\n\t<meta name=\"twitter:data1\" content=\"1 minute\" \/>\n<script type=\"application\/ld+json\" class=\"yoast-schema-graph\">{\"@context\":\"https:\\\/\\\/schema.org\",\"@graph\":[{\"@type\":\"WebPage\",\"@id\":\"https:\\\/\\\/ayore.org\\\/ayo\\\/culture\\\/native-songs\\\/gajnemiadai-yiabi-enuei-ga-yuje-uneque\\\/\",\"url\":\"https:\\\/\\\/ayore.org\\\/ayo\\\/culture\\\/native-songs\\\/gajnemiadai-yiabi-enuei-ga-yuje-uneque\\\/\",\"name\":\"Ayore\u0301ode Irade\u0301die: Yiabi Enuei Ga Yuj\u00e9 U\u00f1eque \u2022 Ayore.org\",\"isPartOf\":{\"@id\":\"https:\\\/\\\/ayore.org\\\/#website\"},\"datePublished\":\"2018-09-07T17:30:28+00:00\",\"dateModified\":\"2019-03-03T00:57:42+00:00\",\"breadcrumb\":{\"@id\":\"https:\\\/\\\/ayore.org\\\/ayo\\\/culture\\\/native-songs\\\/gajnemiadai-yiabi-enuei-ga-yuje-uneque\\\/#breadcrumb\"},\"inLanguage\":\"ayo\",\"potentialAction\":[{\"@type\":\"ReadAction\",\"target\":[\"https:\\\/\\\/ayore.org\\\/ayo\\\/culture\\\/native-songs\\\/gajnemiadai-yiabi-enuei-ga-yuje-uneque\\\/\"]}]},{\"@type\":\"BreadcrumbList\",\"@id\":\"https:\\\/\\\/ayore.org\\\/ayo\\\/culture\\\/native-songs\\\/gajnemiadai-yiabi-enuei-ga-yuje-uneque\\\/#breadcrumb\",\"itemListElement\":[{\"@type\":\"ListItem\",\"position\":1,\"name\":\"Jogate bajai tu ude\u0301\",\"item\":\"https:\\\/\\\/ayore.org\\\/ayo\\\/\"},{\"@type\":\"ListItem\",\"position\":2,\"name\":\"Ayore\u0301ode adode, angurenone cucha ore\",\"item\":\"https:\\\/\\\/ayore.org\\\/ayo\\\/culture\\\/\"},{\"@type\":\"ListItem\",\"position\":3,\"name\":\"Ayore\u0301ode Irade\u0301die\",\"item\":\"https:\\\/\\\/ayore.org\\\/ayo\\\/culture\\\/native-songs\\\/\"},{\"@type\":\"ListItem\",\"position\":4,\"name\":\"Gajn\u00e9miad\u00e1i &#8211; Yiabi enuei ga yuj\u00e9 u\u00f1eque\"}]},{\"@type\":\"WebSite\",\"@id\":\"https:\\\/\\\/ayore.org\\\/#website\",\"url\":\"https:\\\/\\\/ayore.org\\\/\",\"name\":\"AYOR\u00c9.ORG\",\"description\":\"Ayore\u0301ode Uruode, Adode, Jnani bajade ati\u0301go ore \",\"potentialAction\":[{\"@type\":\"SearchAction\",\"target\":{\"@type\":\"EntryPoint\",\"urlTemplate\":\"https:\\\/\\\/ayore.org\\\/?s={search_term_string}\"},\"query-input\":{\"@type\":\"PropertyValueSpecification\",\"valueRequired\":true,\"valueName\":\"search_term_string\"}}],\"inLanguage\":\"ayo\"}]}<\/script>\n<!-- \/ Yoast SEO plugin. -->","yoast_head_json":{"title":"Ayore\u0301ode Irade\u0301die: Yiabi Enuei Ga Yuj\u00e9 U\u00f1eque \u2022 Ayore.org","robots":{"index":"index","follow":"follow","max-snippet":"max-snippet:-1","max-image-preview":"max-image-preview:large","max-video-preview":"max-video-preview:-1"},"canonical":"https:\/\/ayore.org\/ayo\/culture\/native-songs\/gajnemiadai-yiabi-enuei-ga-yuje-uneque\/","og_locale":"en_US","og_type":"article","og_title":"Ayore\u0301ode Irade\u0301die: Yiabi Enuei Ga Yuj\u00e9 U\u00f1eque \u2022 Ayore.org","og_description":"Gajn\u00e9miad\u00e1i Chijn\u0303ecare: Gajne\u0301miada\u0301i i u Garajade nanique uje jnacare, enga Yocaoi dai u\u00f1ai u uje dacasute nanique. Chijn\u0303ecare ga cho\u0301si te: Yijiabi enuei iji de jeta jec u\u0303r\u00e9 yu dir\u00edca ga yuj\u00e9 u\u00f1eque gajneri\u0303, coj\u00f1one. Quigade jeta coj\u00f1one u\u00f1ane chuj\u00e9","og_url":"https:\/\/ayore.org\/ayo\/culture\/native-songs\/gajnemiadai-yiabi-enuei-ga-yuje-uneque\/","og_site_name":"AYOR\u00c9.ORG","article_modified_time":"2019-03-03T00:57:42+00:00","twitter_card":"summary_large_image","twitter_misc":{"Est. reading time":"1 minute"},"schema":{"@context":"https:\/\/schema.org","@graph":[{"@type":"WebPage","@id":"https:\/\/ayore.org\/ayo\/culture\/native-songs\/gajnemiadai-yiabi-enuei-ga-yuje-uneque\/","url":"https:\/\/ayore.org\/ayo\/culture\/native-songs\/gajnemiadai-yiabi-enuei-ga-yuje-uneque\/","name":"Ayore\u0301ode Irade\u0301die: Yiabi Enuei Ga Yuj\u00e9 U\u00f1eque \u2022 Ayore.org","isPartOf":{"@id":"https:\/\/ayore.org\/#website"},"datePublished":"2018-09-07T17:30:28+00:00","dateModified":"2019-03-03T00:57:42+00:00","breadcrumb":{"@id":"https:\/\/ayore.org\/ayo\/culture\/native-songs\/gajnemiadai-yiabi-enuei-ga-yuje-uneque\/#breadcrumb"},"inLanguage":"ayo","potentialAction":[{"@type":"ReadAction","target":["https:\/\/ayore.org\/ayo\/culture\/native-songs\/gajnemiadai-yiabi-enuei-ga-yuje-uneque\/"]}]},{"@type":"BreadcrumbList","@id":"https:\/\/ayore.org\/ayo\/culture\/native-songs\/gajnemiadai-yiabi-enuei-ga-yuje-uneque\/#breadcrumb","itemListElement":[{"@type":"ListItem","position":1,"name":"Jogate bajai tu ude\u0301","item":"https:\/\/ayore.org\/ayo\/"},{"@type":"ListItem","position":2,"name":"Ayore\u0301ode adode, angurenone cucha ore","item":"https:\/\/ayore.org\/ayo\/culture\/"},{"@type":"ListItem","position":3,"name":"Ayore\u0301ode Irade\u0301die","item":"https:\/\/ayore.org\/ayo\/culture\/native-songs\/"},{"@type":"ListItem","position":4,"name":"Gajn\u00e9miad\u00e1i &#8211; Yiabi enuei ga yuj\u00e9 u\u00f1eque"}]},{"@type":"WebSite","@id":"https:\/\/ayore.org\/#website","url":"https:\/\/ayore.org\/","name":"AYOR\u00c9.ORG","description":"Ayore\u0301ode Uruode, Adode, Jnani bajade ati\u0301go ore ","potentialAction":[{"@type":"SearchAction","target":{"@type":"EntryPoint","urlTemplate":"https:\/\/ayore.org\/?s={search_term_string}"},"query-input":{"@type":"PropertyValueSpecification","valueRequired":true,"valueName":"search_term_string"}}],"inLanguage":"ayo"}]}},"_links":{"self":[{"href":"https:\/\/ayore.org\/ayo\/wp-json\/wp\/v2\/pages\/913","targetHints":{"allow":["GET"]}}],"collection":[{"href":"https:\/\/ayore.org\/ayo\/wp-json\/wp\/v2\/pages"}],"about":[{"href":"https:\/\/ayore.org\/ayo\/wp-json\/wp\/v2\/types\/page"}],"author":[{"embeddable":true,"href":"https:\/\/ayore.org\/ayo\/wp-json\/wp\/v2\/users\/2"}],"replies":[{"embeddable":true,"href":"https:\/\/ayore.org\/ayo\/wp-json\/wp\/v2\/comments?post=913"}],"version-history":[{"count":3,"href":"https:\/\/ayore.org\/ayo\/wp-json\/wp\/v2\/pages\/913\/revisions"}],"predecessor-version":[{"id":3197,"href":"https:\/\/ayore.org\/ayo\/wp-json\/wp\/v2\/pages\/913\/revisions\/3197"}],"up":[{"embeddable":true,"href":"https:\/\/ayore.org\/ayo\/wp-json\/wp\/v2\/pages\/713"}],"wp:attachment":[{"href":"https:\/\/ayore.org\/ayo\/wp-json\/wp\/v2\/media?parent=913"}],"curies":[{"name":"wp","href":"https:\/\/api.w.org\/{rel}","templated":true}]}}