{"id":907,"date":"2018-09-07T17:25:54","date_gmt":"2018-09-07T17:25:54","guid":{"rendered":"https:\/\/ayore.org\/?page_id=907"},"modified":"2019-03-02T20:04:04","modified_gmt":"2019-03-02T20:04:04","slug":"dapure-dejabi-aguineru-gadoi","status":"publish","type":"page","link":"https:\/\/ayore.org\/ayo\/culture\/native-songs\/dapure-dejabi-aguineru-gadoi\/","title":{"rendered":"Dapur\u00e9 &#8211; Dejabi, aguin\u00e9ru gadoi"},"content":{"rendered":"<p><strong>Dapur\u00e9 Chij\u00f1ec\u00e1re<\/strong><strong>\u00a0<\/strong><\/p>\n<p>Yij\u00f1ec\u00e1rosib\u00edji de. Yedobu. Yos\u00f5ripise ayor\u00e9 yocure\u0303ja, <em>\u00c1quid\u00e9<\/em>. Chaguhei chejna. \u201c<em>Dejabi<\/em>, aguin\u00e9ru gadoi ga yib\u00e1gui jnacarode.\u201d<\/p>\n<p>Yim\u00f3ji <em>Ch\u00edcode<\/em> gari mu yaj\u00e9ngopis ome <em>Ch\u00edcode<\/em> uje que cateca\u0303\u0301ri yu. A yiy\u00e1po <em>Ch\u00edcode<\/em> ri\u0303 uje que cateca\u0303\u0301ri yu ga yib\u00e1gui <em>Ecarai<\/em>. J\u00e9 yimese\u0303re <em>Ecarai<\/em> uje ji\u0303rique cateca\u0303\u0301ri yu, mu chi <em>Ch\u00edcode<\/em> chijn\u00f3ra yu dir\u00edca. Que cateca\u0303\u0301ri yu dir\u00edca mu chisapo yu ri\u0303 ga chojninga: \u201cQu\u00e9 yaj\u00e9ngome ua dir\u00edca gu.\u201d<\/p>\n<p><em>Barigu\u00e9jnai<\/em> chojninga: \u201cYij\u00ednar\u00e1sa ua, <em>Dapur\u00e9<\/em> \u00e1, jeta ese yu.\u201d<\/p>\n<p>Mu <em>Barigu\u00e9jnai <\/em>ch\u00e3ra yu. Yiji mu que n\u00f3na yu go uje jnusi <em>Ur\u00e9<\/em>.<\/p>\n<p>Y\u00e1yipie d\u00e9ji <em>Ecarai <\/em>uje que ch\u00e3ra yu. <em>Barigu\u00e9jnai<\/em> u uje ch\u00e3ra yu. Y\u00e1yipie d\u00e9ji <em>Ecarai<\/em> ome ayor\u00e9 docos\u00f5ra ome ayor\u00e9 yure\u0303ja uje que tagu dabotic iji der\u00e9jnane. Yijosa yiya<em> Ecarai<\/em>. Yiya gu uje ore chojninga: \u201cQue trabaj\u00e1ndo <em>Ecarai <\/em>gu. J\u00e9 trabaj\u00e1ndo uyu. Aj\u00edna yu.\u201d Mu ore ch\u00e3ra yu. Que ore n\u00f3na yu.<\/p>\n<p><em>Dapure\u0301 &#8211; Tobit\u00e9, Bolivia &#8211; 1960.<\/em><\/p>\n<p><em>Joyce Davis Buchegger chur\u00fas\u00e3re unojo.<\/em><\/p>\n<div class=\"navigation\"><div class=\"alignleft\"><a href=\"https:\/\/ayore.org\/ayo\/culture\/native-songs\/ajote-carayoi-todotigai-iji-ite\/\"title=\"Ajot\u00e9 &#8211; Carayoi tod\u00f3tigai iji it\u00e9\"><img loading=\"lazy\" decoding=\"async\" src=\"https:\/\/ayore.org\/wp-content\/uploads\/2018\/10\/left-arrow.png\" width=\"50\" height=\"48\" alt=\"left arrow\"><\/a><\/div><div class=\"alignright\"><a href=\"https:\/\/ayore.org\/ayo\/culture\/native-songs\/ecabi-ca-yijinapo-gapudie-to-jne-ri\/\"title=\"Ec\u00e1bi &#8211; Ca yij\u00ednapo gapud\u00ede to jne r\u0129\"><img loading=\"lazy\" decoding=\"async\" src=\"https:\/\/ayore.org\/wp-content\/uploads\/2018\/10\/right-arrow.png\" width=\"50\" height=\"48\" alt=\"right arrow\"><\/a><\/div>\n","protected":false},"excerpt":{"rendered":"<p>Dapur\u00e9 Chij\u00f1ec\u00e1re\u00a0 Yij\u00f1ec\u00e1rosib\u00edji de. Yedobu. Yos\u00f5ripise ayor\u00e9 yocure\u0303ja, \u00c1quid\u00e9. Chaguhei chejna. \u201cDejabi, aguin\u00e9ru gadoi ga yib\u00e1gui jnacarode.\u201d Yim\u00f3ji Ch\u00edcode gari mu yaj\u00e9ngopis ome Ch\u00edcode uje que cateca\u0303\u0301ri yu. A yiy\u00e1po Ch\u00edcode ri\u0303 uje que cateca\u0303\u0301ri yu ga yib\u00e1gui Ecarai. J\u00e9<\/p>\n","protected":false},"author":2,"featured_media":0,"parent":713,"menu_order":0,"comment_status":"closed","ping_status":"closed","template":"","meta":{"footnotes":""},"class_list":["post-907","page","type-page","status-publish","hentry"],"yoast_head":"<!-- This site is optimized with the Yoast SEO plugin v27.4 - https:\/\/yoast.com\/product\/yoast-seo-wordpress\/ -->\n<title>Ayore\u0301ode Irade\u0301die: Dejabi, Aguin\u00e9ru Gadoi \u2022 Ayore.org<\/title>\n<meta name=\"robots\" content=\"index, follow, max-snippet:-1, max-image-preview:large, max-video-preview:-1\" \/>\n<link rel=\"canonical\" href=\"https:\/\/ayore.org\/ayo\/culture\/native-songs\/dapure-dejabi-aguineru-gadoi\/\" \/>\n<meta property=\"og:locale\" content=\"en_US\" \/>\n<meta property=\"og:type\" content=\"article\" \/>\n<meta property=\"og:title\" content=\"Ayore\u0301ode Irade\u0301die: Dejabi, Aguin\u00e9ru Gadoi \u2022 Ayore.org\" \/>\n<meta property=\"og:description\" content=\"Dapur\u00e9 Chij\u00f1ec\u00e1re\u00a0 Yij\u00f1ec\u00e1rosib\u00edji de. Yedobu. Yos\u00f5ripise ayor\u00e9 yocure\u0303ja, \u00c1quid\u00e9. Chaguhei chejna. \u201cDejabi, aguin\u00e9ru gadoi ga yib\u00e1gui jnacarode.\u201d Yim\u00f3ji Ch\u00edcode gari mu yaj\u00e9ngopis ome Ch\u00edcode uje que cateca\u0303\u0301ri yu. A yiy\u00e1po Ch\u00edcode ri\u0303 uje que cateca\u0303\u0301ri yu ga yib\u00e1gui Ecarai. J\u00e9\" \/>\n<meta property=\"og:url\" content=\"https:\/\/ayore.org\/ayo\/culture\/native-songs\/dapure-dejabi-aguineru-gadoi\/\" \/>\n<meta property=\"og:site_name\" content=\"AYOR\u00c9.ORG\" \/>\n<meta property=\"article:modified_time\" content=\"2019-03-02T20:04:04+00:00\" \/>\n<meta name=\"twitter:card\" content=\"summary_large_image\" \/>\n<meta name=\"twitter:label1\" content=\"Est. reading time\" \/>\n\t<meta name=\"twitter:data1\" content=\"1 minute\" \/>\n<script type=\"application\/ld+json\" class=\"yoast-schema-graph\">{\"@context\":\"https:\\\/\\\/schema.org\",\"@graph\":[{\"@type\":\"WebPage\",\"@id\":\"https:\\\/\\\/ayore.org\\\/ayo\\\/culture\\\/native-songs\\\/dapure-dejabi-aguineru-gadoi\\\/\",\"url\":\"https:\\\/\\\/ayore.org\\\/ayo\\\/culture\\\/native-songs\\\/dapure-dejabi-aguineru-gadoi\\\/\",\"name\":\"Ayore\u0301ode Irade\u0301die: Dejabi, Aguin\u00e9ru Gadoi \u2022 Ayore.org\",\"isPartOf\":{\"@id\":\"https:\\\/\\\/ayore.org\\\/#website\"},\"datePublished\":\"2018-09-07T17:25:54+00:00\",\"dateModified\":\"2019-03-02T20:04:04+00:00\",\"breadcrumb\":{\"@id\":\"https:\\\/\\\/ayore.org\\\/ayo\\\/culture\\\/native-songs\\\/dapure-dejabi-aguineru-gadoi\\\/#breadcrumb\"},\"inLanguage\":\"ayo\",\"potentialAction\":[{\"@type\":\"ReadAction\",\"target\":[\"https:\\\/\\\/ayore.org\\\/ayo\\\/culture\\\/native-songs\\\/dapure-dejabi-aguineru-gadoi\\\/\"]}]},{\"@type\":\"BreadcrumbList\",\"@id\":\"https:\\\/\\\/ayore.org\\\/ayo\\\/culture\\\/native-songs\\\/dapure-dejabi-aguineru-gadoi\\\/#breadcrumb\",\"itemListElement\":[{\"@type\":\"ListItem\",\"position\":1,\"name\":\"Jogate bajai tu ude\u0301\",\"item\":\"https:\\\/\\\/ayore.org\\\/ayo\\\/\"},{\"@type\":\"ListItem\",\"position\":2,\"name\":\"Ayore\u0301ode adode, angurenone cucha ore\",\"item\":\"https:\\\/\\\/ayore.org\\\/ayo\\\/culture\\\/\"},{\"@type\":\"ListItem\",\"position\":3,\"name\":\"Ayore\u0301ode Irade\u0301die\",\"item\":\"https:\\\/\\\/ayore.org\\\/ayo\\\/culture\\\/native-songs\\\/\"},{\"@type\":\"ListItem\",\"position\":4,\"name\":\"Dapur\u00e9 &#8211; Dejabi, aguin\u00e9ru gadoi\"}]},{\"@type\":\"WebSite\",\"@id\":\"https:\\\/\\\/ayore.org\\\/#website\",\"url\":\"https:\\\/\\\/ayore.org\\\/\",\"name\":\"AYOR\u00c9.ORG\",\"description\":\"Ayore\u0301ode Uruode, Adode, Jnani bajade ati\u0301go ore \",\"potentialAction\":[{\"@type\":\"SearchAction\",\"target\":{\"@type\":\"EntryPoint\",\"urlTemplate\":\"https:\\\/\\\/ayore.org\\\/?s={search_term_string}\"},\"query-input\":{\"@type\":\"PropertyValueSpecification\",\"valueRequired\":true,\"valueName\":\"search_term_string\"}}],\"inLanguage\":\"ayo\"}]}<\/script>\n<!-- \/ Yoast SEO plugin. -->","yoast_head_json":{"title":"Ayore\u0301ode Irade\u0301die: Dejabi, Aguin\u00e9ru Gadoi \u2022 Ayore.org","robots":{"index":"index","follow":"follow","max-snippet":"max-snippet:-1","max-image-preview":"max-image-preview:large","max-video-preview":"max-video-preview:-1"},"canonical":"https:\/\/ayore.org\/ayo\/culture\/native-songs\/dapure-dejabi-aguineru-gadoi\/","og_locale":"en_US","og_type":"article","og_title":"Ayore\u0301ode Irade\u0301die: Dejabi, Aguin\u00e9ru Gadoi \u2022 Ayore.org","og_description":"Dapur\u00e9 Chij\u00f1ec\u00e1re\u00a0 Yij\u00f1ec\u00e1rosib\u00edji de. Yedobu. Yos\u00f5ripise ayor\u00e9 yocure\u0303ja, \u00c1quid\u00e9. Chaguhei chejna. \u201cDejabi, aguin\u00e9ru gadoi ga yib\u00e1gui jnacarode.\u201d Yim\u00f3ji Ch\u00edcode gari mu yaj\u00e9ngopis ome Ch\u00edcode uje que cateca\u0303\u0301ri yu. A yiy\u00e1po Ch\u00edcode ri\u0303 uje que cateca\u0303\u0301ri yu ga yib\u00e1gui Ecarai. J\u00e9","og_url":"https:\/\/ayore.org\/ayo\/culture\/native-songs\/dapure-dejabi-aguineru-gadoi\/","og_site_name":"AYOR\u00c9.ORG","article_modified_time":"2019-03-02T20:04:04+00:00","twitter_card":"summary_large_image","twitter_misc":{"Est. reading time":"1 minute"},"schema":{"@context":"https:\/\/schema.org","@graph":[{"@type":"WebPage","@id":"https:\/\/ayore.org\/ayo\/culture\/native-songs\/dapure-dejabi-aguineru-gadoi\/","url":"https:\/\/ayore.org\/ayo\/culture\/native-songs\/dapure-dejabi-aguineru-gadoi\/","name":"Ayore\u0301ode Irade\u0301die: Dejabi, Aguin\u00e9ru Gadoi \u2022 Ayore.org","isPartOf":{"@id":"https:\/\/ayore.org\/#website"},"datePublished":"2018-09-07T17:25:54+00:00","dateModified":"2019-03-02T20:04:04+00:00","breadcrumb":{"@id":"https:\/\/ayore.org\/ayo\/culture\/native-songs\/dapure-dejabi-aguineru-gadoi\/#breadcrumb"},"inLanguage":"ayo","potentialAction":[{"@type":"ReadAction","target":["https:\/\/ayore.org\/ayo\/culture\/native-songs\/dapure-dejabi-aguineru-gadoi\/"]}]},{"@type":"BreadcrumbList","@id":"https:\/\/ayore.org\/ayo\/culture\/native-songs\/dapure-dejabi-aguineru-gadoi\/#breadcrumb","itemListElement":[{"@type":"ListItem","position":1,"name":"Jogate bajai tu ude\u0301","item":"https:\/\/ayore.org\/ayo\/"},{"@type":"ListItem","position":2,"name":"Ayore\u0301ode adode, angurenone cucha ore","item":"https:\/\/ayore.org\/ayo\/culture\/"},{"@type":"ListItem","position":3,"name":"Ayore\u0301ode Irade\u0301die","item":"https:\/\/ayore.org\/ayo\/culture\/native-songs\/"},{"@type":"ListItem","position":4,"name":"Dapur\u00e9 &#8211; Dejabi, aguin\u00e9ru gadoi"}]},{"@type":"WebSite","@id":"https:\/\/ayore.org\/#website","url":"https:\/\/ayore.org\/","name":"AYOR\u00c9.ORG","description":"Ayore\u0301ode Uruode, Adode, Jnani bajade ati\u0301go ore ","potentialAction":[{"@type":"SearchAction","target":{"@type":"EntryPoint","urlTemplate":"https:\/\/ayore.org\/?s={search_term_string}"},"query-input":{"@type":"PropertyValueSpecification","valueRequired":true,"valueName":"search_term_string"}}],"inLanguage":"ayo"}]}},"_links":{"self":[{"href":"https:\/\/ayore.org\/ayo\/wp-json\/wp\/v2\/pages\/907","targetHints":{"allow":["GET"]}}],"collection":[{"href":"https:\/\/ayore.org\/ayo\/wp-json\/wp\/v2\/pages"}],"about":[{"href":"https:\/\/ayore.org\/ayo\/wp-json\/wp\/v2\/types\/page"}],"author":[{"embeddable":true,"href":"https:\/\/ayore.org\/ayo\/wp-json\/wp\/v2\/users\/2"}],"replies":[{"embeddable":true,"href":"https:\/\/ayore.org\/ayo\/wp-json\/wp\/v2\/comments?post=907"}],"version-history":[{"count":3,"href":"https:\/\/ayore.org\/ayo\/wp-json\/wp\/v2\/pages\/907\/revisions"}],"predecessor-version":[{"id":3182,"href":"https:\/\/ayore.org\/ayo\/wp-json\/wp\/v2\/pages\/907\/revisions\/3182"}],"up":[{"embeddable":true,"href":"https:\/\/ayore.org\/ayo\/wp-json\/wp\/v2\/pages\/713"}],"wp:attachment":[{"href":"https:\/\/ayore.org\/ayo\/wp-json\/wp\/v2\/media?parent=907"}],"curies":[{"name":"wp","href":"https:\/\/api.w.org\/{rel}","templated":true}]}}