{"id":903,"date":"2018-09-07T17:19:59","date_gmt":"2018-09-07T17:19:59","guid":{"rendered":"https:\/\/ayore.org\/?page_id=903"},"modified":"2019-03-02T19:48:13","modified_gmt":"2019-03-02T19:48:13","slug":"ajote-carayoi-todotigai-iji-ite","status":"publish","type":"page","link":"https:\/\/ayore.org\/ayo\/culture\/native-songs\/ajote-carayoi-todotigai-iji-ite\/","title":{"rendered":"Ajot\u00e9 &#8211; Carayoi tod\u00f3tigai iji it\u00e9"},"content":{"rendered":"<p><strong>Ajot\u00e9 chedo Carayoi <\/strong><\/p>\n<p>Yedobu <em>Carayoi<\/em> tod\u00f3tigade iji it\u00e9, yoquejode. Yiji jnacarode jnese iji data mu ore todo jnese. Y\u00e3rei <em>Carayoi<\/em> posode ica mu que pota posode. Chuj\u00e9rase yu. J\u00e9 chaquesu por\u00eda. Yujnusina yapade ga yipojna <em>Carayoi<\/em>.<\/p>\n<p>Yojninga: \u201c<em>Carayoi<\/em>, ca aj\u00e9 yapade ejode. J\u00e9 ca ajepise yu uje batodo yapade. <em>Carayoi,<\/em> yiya ua jne. Que yujn\u00fasi ua go. Yujnusi\u00e9tigade u <em>Iag\u00e1bide<\/em>. A yajire gued\u00e9 aja jnumone uje yujnusip\u00edsi uje que di. N\u00f3\u00f1a iji er\u00e1mi. Ch\u00e1care dacot\u00e9 u\u00f1a gari. Gusup\u00fasu ore.\u201d<\/p>\n<p>Yiji ga chaguhei chejna yu iji daj\u00e9ode. Y\u00e1yipie d\u00e9ji it\u00e9 ore ga yagu ore posode. Yicagoi idai jne, Bella Vista. Y\u00e1cariji it\u00e9 edopasai, cute ajidi piminingane ga jnacarode chisa yu. (Uje jnacarode ore tim\u00edninga aja qued\u00e9jnane.)<\/p>\n<p><em>\u00a0Ajote\u0301 &#8211; Tobit\u00e9, Bolivia &#8211; 1960.<\/em><\/p>\n<p><em>Joyce Davis Buchegger chur\u00fas\u00e3re unojo.<\/em><\/p>\n<div class=\"navigation\"><div class=\"alignleft\"><a href=\"https:\/\/ayore.org\/ayo\/culture\/native-songs\/aliciade-chedo-dajesudie-diyeque-quedejna\/\"title=\"Guebe\u0301jnane\u0301 &#8211; Al\u00edciad\u00e9 chedo dajesudie diyeque qued\u00e9jna\"><img loading=\"lazy\" decoding=\"async\" src=\"https:\/\/ayore.org\/wp-content\/uploads\/2018\/10\/left-arrow.png\" width=\"50\" height=\"48\" alt=\"left arrow\"><\/a><\/div><div class=\"alignright\"><a href=\"https:\/\/ayore.org\/ayo\/culture\/native-songs\/dapure-dejabi-aguineru-gadoi\/\"title=\"Dapur\u00e9 &#8211; Dejabi, aguin\u00e9ru gadoi\"><img loading=\"lazy\" decoding=\"async\" src=\"https:\/\/ayore.org\/wp-content\/uploads\/2018\/10\/right-arrow.png\" width=\"50\" height=\"48\" alt=\"right arrow\"><\/a><\/div>\n","protected":false},"excerpt":{"rendered":"<p>Ajot\u00e9 chedo Carayoi Yedobu Carayoi tod\u00f3tigade iji it\u00e9, yoquejode. Yiji jnacarode jnese iji data mu ore todo jnese. Y\u00e3rei Carayoi posode ica mu que pota posode. Chuj\u00e9rase yu. J\u00e9 chaquesu por\u00eda. Yujnusina yapade ga yipojna Carayoi. Yojninga: \u201cCarayoi, ca aj\u00e9<\/p>\n","protected":false},"author":2,"featured_media":0,"parent":713,"menu_order":0,"comment_status":"closed","ping_status":"closed","template":"","meta":{"footnotes":""},"class_list":["post-903","page","type-page","status-publish","hentry"],"yoast_head":"<!-- This site is optimized with the Yoast SEO plugin v27.4 - https:\/\/yoast.com\/product\/yoast-seo-wordpress\/ -->\n<title>Ayore\u0301ode Irade\u0301die: Carayoi Tod\u00f3tigai Iji It\u00e9 \u2022 Ayore.org<\/title>\n<meta name=\"robots\" content=\"index, follow, max-snippet:-1, max-image-preview:large, max-video-preview:-1\" \/>\n<link rel=\"canonical\" href=\"https:\/\/ayore.org\/ayo\/culture\/native-songs\/ajote-carayoi-todotigai-iji-ite\/\" \/>\n<meta property=\"og:locale\" content=\"en_US\" \/>\n<meta property=\"og:type\" content=\"article\" \/>\n<meta property=\"og:title\" content=\"Ayore\u0301ode Irade\u0301die: Carayoi Tod\u00f3tigai Iji It\u00e9 \u2022 Ayore.org\" \/>\n<meta property=\"og:description\" content=\"Ajot\u00e9 chedo Carayoi Yedobu Carayoi tod\u00f3tigade iji it\u00e9, yoquejode. Yiji jnacarode jnese iji data mu ore todo jnese. Y\u00e3rei Carayoi posode ica mu que pota posode. Chuj\u00e9rase yu. J\u00e9 chaquesu por\u00eda. Yujnusina yapade ga yipojna Carayoi. Yojninga: \u201cCarayoi, ca aj\u00e9\" \/>\n<meta property=\"og:url\" content=\"https:\/\/ayore.org\/ayo\/culture\/native-songs\/ajote-carayoi-todotigai-iji-ite\/\" \/>\n<meta property=\"og:site_name\" content=\"AYOR\u00c9.ORG\" \/>\n<meta property=\"article:modified_time\" content=\"2019-03-02T19:48:13+00:00\" \/>\n<meta name=\"twitter:card\" content=\"summary_large_image\" \/>\n<meta name=\"twitter:label1\" content=\"Est. reading time\" \/>\n\t<meta name=\"twitter:data1\" content=\"1 minute\" \/>\n<script type=\"application\/ld+json\" class=\"yoast-schema-graph\">{\"@context\":\"https:\\\/\\\/schema.org\",\"@graph\":[{\"@type\":\"WebPage\",\"@id\":\"https:\\\/\\\/ayore.org\\\/ayo\\\/culture\\\/native-songs\\\/ajote-carayoi-todotigai-iji-ite\\\/\",\"url\":\"https:\\\/\\\/ayore.org\\\/ayo\\\/culture\\\/native-songs\\\/ajote-carayoi-todotigai-iji-ite\\\/\",\"name\":\"Ayore\u0301ode Irade\u0301die: Carayoi Tod\u00f3tigai Iji It\u00e9 \u2022 Ayore.org\",\"isPartOf\":{\"@id\":\"https:\\\/\\\/ayore.org\\\/#website\"},\"datePublished\":\"2018-09-07T17:19:59+00:00\",\"dateModified\":\"2019-03-02T19:48:13+00:00\",\"breadcrumb\":{\"@id\":\"https:\\\/\\\/ayore.org\\\/ayo\\\/culture\\\/native-songs\\\/ajote-carayoi-todotigai-iji-ite\\\/#breadcrumb\"},\"inLanguage\":\"ayo\",\"potentialAction\":[{\"@type\":\"ReadAction\",\"target\":[\"https:\\\/\\\/ayore.org\\\/ayo\\\/culture\\\/native-songs\\\/ajote-carayoi-todotigai-iji-ite\\\/\"]}]},{\"@type\":\"BreadcrumbList\",\"@id\":\"https:\\\/\\\/ayore.org\\\/ayo\\\/culture\\\/native-songs\\\/ajote-carayoi-todotigai-iji-ite\\\/#breadcrumb\",\"itemListElement\":[{\"@type\":\"ListItem\",\"position\":1,\"name\":\"Jogate bajai tu ude\u0301\",\"item\":\"https:\\\/\\\/ayore.org\\\/ayo\\\/\"},{\"@type\":\"ListItem\",\"position\":2,\"name\":\"Ayore\u0301ode adode, angurenone cucha ore\",\"item\":\"https:\\\/\\\/ayore.org\\\/ayo\\\/culture\\\/\"},{\"@type\":\"ListItem\",\"position\":3,\"name\":\"Ayore\u0301ode Irade\u0301die\",\"item\":\"https:\\\/\\\/ayore.org\\\/ayo\\\/culture\\\/native-songs\\\/\"},{\"@type\":\"ListItem\",\"position\":4,\"name\":\"Ajot\u00e9 &#8211; Carayoi tod\u00f3tigai iji it\u00e9\"}]},{\"@type\":\"WebSite\",\"@id\":\"https:\\\/\\\/ayore.org\\\/#website\",\"url\":\"https:\\\/\\\/ayore.org\\\/\",\"name\":\"AYOR\u00c9.ORG\",\"description\":\"Ayore\u0301ode Uruode, Adode, Jnani bajade ati\u0301go ore \",\"potentialAction\":[{\"@type\":\"SearchAction\",\"target\":{\"@type\":\"EntryPoint\",\"urlTemplate\":\"https:\\\/\\\/ayore.org\\\/?s={search_term_string}\"},\"query-input\":{\"@type\":\"PropertyValueSpecification\",\"valueRequired\":true,\"valueName\":\"search_term_string\"}}],\"inLanguage\":\"ayo\"}]}<\/script>\n<!-- \/ Yoast SEO plugin. -->","yoast_head_json":{"title":"Ayore\u0301ode Irade\u0301die: Carayoi Tod\u00f3tigai Iji It\u00e9 \u2022 Ayore.org","robots":{"index":"index","follow":"follow","max-snippet":"max-snippet:-1","max-image-preview":"max-image-preview:large","max-video-preview":"max-video-preview:-1"},"canonical":"https:\/\/ayore.org\/ayo\/culture\/native-songs\/ajote-carayoi-todotigai-iji-ite\/","og_locale":"en_US","og_type":"article","og_title":"Ayore\u0301ode Irade\u0301die: Carayoi Tod\u00f3tigai Iji It\u00e9 \u2022 Ayore.org","og_description":"Ajot\u00e9 chedo Carayoi Yedobu Carayoi tod\u00f3tigade iji it\u00e9, yoquejode. Yiji jnacarode jnese iji data mu ore todo jnese. Y\u00e3rei Carayoi posode ica mu que pota posode. Chuj\u00e9rase yu. J\u00e9 chaquesu por\u00eda. Yujnusina yapade ga yipojna Carayoi. Yojninga: \u201cCarayoi, ca aj\u00e9","og_url":"https:\/\/ayore.org\/ayo\/culture\/native-songs\/ajote-carayoi-todotigai-iji-ite\/","og_site_name":"AYOR\u00c9.ORG","article_modified_time":"2019-03-02T19:48:13+00:00","twitter_card":"summary_large_image","twitter_misc":{"Est. reading time":"1 minute"},"schema":{"@context":"https:\/\/schema.org","@graph":[{"@type":"WebPage","@id":"https:\/\/ayore.org\/ayo\/culture\/native-songs\/ajote-carayoi-todotigai-iji-ite\/","url":"https:\/\/ayore.org\/ayo\/culture\/native-songs\/ajote-carayoi-todotigai-iji-ite\/","name":"Ayore\u0301ode Irade\u0301die: Carayoi Tod\u00f3tigai Iji It\u00e9 \u2022 Ayore.org","isPartOf":{"@id":"https:\/\/ayore.org\/#website"},"datePublished":"2018-09-07T17:19:59+00:00","dateModified":"2019-03-02T19:48:13+00:00","breadcrumb":{"@id":"https:\/\/ayore.org\/ayo\/culture\/native-songs\/ajote-carayoi-todotigai-iji-ite\/#breadcrumb"},"inLanguage":"ayo","potentialAction":[{"@type":"ReadAction","target":["https:\/\/ayore.org\/ayo\/culture\/native-songs\/ajote-carayoi-todotigai-iji-ite\/"]}]},{"@type":"BreadcrumbList","@id":"https:\/\/ayore.org\/ayo\/culture\/native-songs\/ajote-carayoi-todotigai-iji-ite\/#breadcrumb","itemListElement":[{"@type":"ListItem","position":1,"name":"Jogate bajai tu ude\u0301","item":"https:\/\/ayore.org\/ayo\/"},{"@type":"ListItem","position":2,"name":"Ayore\u0301ode adode, angurenone cucha ore","item":"https:\/\/ayore.org\/ayo\/culture\/"},{"@type":"ListItem","position":3,"name":"Ayore\u0301ode Irade\u0301die","item":"https:\/\/ayore.org\/ayo\/culture\/native-songs\/"},{"@type":"ListItem","position":4,"name":"Ajot\u00e9 &#8211; Carayoi tod\u00f3tigai iji it\u00e9"}]},{"@type":"WebSite","@id":"https:\/\/ayore.org\/#website","url":"https:\/\/ayore.org\/","name":"AYOR\u00c9.ORG","description":"Ayore\u0301ode Uruode, Adode, Jnani bajade ati\u0301go ore ","potentialAction":[{"@type":"SearchAction","target":{"@type":"EntryPoint","urlTemplate":"https:\/\/ayore.org\/?s={search_term_string}"},"query-input":{"@type":"PropertyValueSpecification","valueRequired":true,"valueName":"search_term_string"}}],"inLanguage":"ayo"}]}},"_links":{"self":[{"href":"https:\/\/ayore.org\/ayo\/wp-json\/wp\/v2\/pages\/903","targetHints":{"allow":["GET"]}}],"collection":[{"href":"https:\/\/ayore.org\/ayo\/wp-json\/wp\/v2\/pages"}],"about":[{"href":"https:\/\/ayore.org\/ayo\/wp-json\/wp\/v2\/types\/page"}],"author":[{"embeddable":true,"href":"https:\/\/ayore.org\/ayo\/wp-json\/wp\/v2\/users\/2"}],"replies":[{"embeddable":true,"href":"https:\/\/ayore.org\/ayo\/wp-json\/wp\/v2\/comments?post=903"}],"version-history":[{"count":3,"href":"https:\/\/ayore.org\/ayo\/wp-json\/wp\/v2\/pages\/903\/revisions"}],"predecessor-version":[{"id":3176,"href":"https:\/\/ayore.org\/ayo\/wp-json\/wp\/v2\/pages\/903\/revisions\/3176"}],"up":[{"embeddable":true,"href":"https:\/\/ayore.org\/ayo\/wp-json\/wp\/v2\/pages\/713"}],"wp:attachment":[{"href":"https:\/\/ayore.org\/ayo\/wp-json\/wp\/v2\/media?parent=903"}],"curies":[{"name":"wp","href":"https:\/\/api.w.org\/{rel}","templated":true}]}}