{"id":894,"date":"2018-09-05T18:11:00","date_gmt":"2018-09-05T18:11:00","guid":{"rendered":"https:\/\/ayore.org\/?page_id=894"},"modified":"2019-02-27T01:12:46","modified_gmt":"2019-02-27T01:12:46","slug":"oidabiade-dacasute-yu-iji-monte-nanique","status":"publish","type":"page","link":"https:\/\/ayore.org\/ayo\/culture\/first-person-narratives\/oidabiade-dacasute-yu-iji-monte-nanique\/","title":{"rendered":"Oid\u00e1biad\u00e9 &#8211; Dacasute\u0301 yu iji monte nanique"},"content":{"rendered":"<p><strong>Oida\u0301biade\u0301 Chatata dadode<\/strong><strong>\u00a0<\/strong><\/p>\n<p><strong><em>Dacasut\u00e9 yu iji monte nanique:<\/em><\/strong><\/p>\n<p>Sijnaque yu ga ore pojna yu ga que yib\u00e1siji ore y\u00faode. Ga jiei yugode. Dacasut\u00e9 yu ga yajneque deg\u00fai.<\/p>\n<p>Yaranguipise ome ore. Ga yisagode u yarengone ore.<\/p>\n<p>Pocaningadatei u uje ore chuj\u00e9 \u00f1ane iji Rinc\u00f3n ti\u00f3garei.<\/p>\n<p>Garaigosode ore dacasut\u00e9 u Jmanen\u00e1quid\u00e9.\u00a0 Jnupedogosode ore dacasut\u00e9 u Rinc\u00f3ngosi <em>Ingoin\u00e9<\/em> nanique, enga udore ore uaguedie ore chuj\u00e9 ore urodie nanique.<\/p>\n<p>Yarengo yoquigode ore gai. Chi ore co\u0303\u0301raja daragap\u00eddi ga ore toi, jeoga ore \u00f1ona bisidec.<\/p>\n<p>Dejai chojm\u00e1ra ga ore p\u00e9su daragap\u00eddi. Coj\u00f1one yung\u00f3rone u uje ore t\u00e3re gai. Ga daj\u00edrom\u00e9one que ore doi to. Ayor\u00e9 dacasutedie yuque cuchade nanique ga ayor\u00e9 gajnar\u00e9ngone que ore c\u00e1si ati ore chuj\u00e9 to. Uje dacasut\u00e9raque gajneque deg\u00fai ga ayor\u00e9 gajnar\u00e9ngone iji <em>cho buru, buru<\/em> iji ore quigade. Uje yicai pocaningai ga baj\u00e1guip\u00edsi dacasutedie ga ayor\u00e9 gajnar\u00e9ngone ore ch\u00e1cariji yoquiquigade.<\/p>\n<p>Yigode gag\u00e1jni ore iji Guidaigosode asutedie.<\/p>\n<p>Uje dago yoque ga yac\u00e1goja Boliviagosode.<\/p>\n<p>Yibatigai jogadi Eng\u00e1bi u guid\u00e1bi nanique.\u00a0Iapade i tu <em>Jomain\u00e9<\/em>. It\u00e9 i tu <em>Pod\u00e9<\/em>. Direqued\u00e9jnagose yacot\u00e9 dai ga i tu <em>Igoi<\/em>. Dat\u00e9 i tu <em>Jumun\u00e9<\/em>.<\/p>\n<p><em>\u00a0<\/em><\/p>\n<p><em>Oid\u00e1biad\u00e9 \u2013 Campo Loro, Paraguay \u2013 1988. <\/em><\/p>\n<p><em>Marina de Morarie chur\u00fas\u00e3re Oid\u00e1biad\u00e9 atatagode udojo nanique.<\/em><\/p>\n<div class=\"navigation\"><div class=\"alignleft\"><a href=\"https:\/\/ayore.org\/ayo\/culture\/first-person-narratives\/guibejnane-yibagui-echoi-casicaite\/\"title=\"Guib\u00e9jnan\u00e9 &#8211; Yiba\u0301gui echoi casicaite\"><img loading=\"lazy\" decoding=\"async\" src=\"https:\/\/ayore.org\/wp-content\/uploads\/2018\/10\/left-arrow.png\" width=\"50\" height=\"48\" alt=\"left arrow\"><\/a><\/div><div class=\"alignright\"><a href=\"https:\/\/ayore.org\/ayo\/culture\/first-person-narratives\/sama-rosade-chaca-yedodie-iji-yodi\/\"title=\"Sama \u2013 Rosad\u00e9 chaca yedodie iji yodi\"><img loading=\"lazy\" decoding=\"async\" src=\"https:\/\/ayore.org\/wp-content\/uploads\/2018\/10\/right-arrow.png\" width=\"50\" height=\"48\" alt=\"right arrow\"><\/a><\/div>\n","protected":false},"excerpt":{"rendered":"<p>Oida\u0301biade\u0301 Chatata dadode\u00a0 Dacasut\u00e9 yu iji monte nanique: Sijnaque yu ga ore pojna yu ga que yib\u00e1siji ore y\u00faode. Ga jiei yugode. Dacasut\u00e9 yu ga yajneque deg\u00fai. Yaranguipise ome ore. Ga yisagode u yarengone ore. Pocaningadatei u uje ore chuj\u00e9<\/p>\n","protected":false},"author":2,"featured_media":0,"parent":705,"menu_order":0,"comment_status":"closed","ping_status":"closed","template":"","meta":{"footnotes":""},"class_list":["post-894","page","type-page","status-publish","hentry"],"yoast_head":"<!-- This site is optimized with the Yoast SEO plugin v27.4 - https:\/\/yoast.com\/product\/yoast-seo-wordpress\/ -->\n<title>Ayore\u0301ode Gojn\u0303ane: Dacasute\u0301 Yu Iji Monte Nanique \u2022 Ayore.org<\/title>\n<meta name=\"robots\" content=\"index, follow, max-snippet:-1, max-image-preview:large, max-video-preview:-1\" \/>\n<link rel=\"canonical\" href=\"https:\/\/ayore.org\/ayo\/culture\/first-person-narratives\/oidabiade-dacasute-yu-iji-monte-nanique\/\" \/>\n<meta property=\"og:locale\" content=\"en_US\" \/>\n<meta property=\"og:type\" content=\"article\" \/>\n<meta property=\"og:title\" content=\"Ayore\u0301ode Gojn\u0303ane: Dacasute\u0301 Yu Iji Monte Nanique \u2022 Ayore.org\" \/>\n<meta property=\"og:description\" content=\"Oida\u0301biade\u0301 Chatata dadode\u00a0 Dacasut\u00e9 yu iji monte nanique: Sijnaque yu ga ore pojna yu ga que yib\u00e1siji ore y\u00faode. Ga jiei yugode. Dacasut\u00e9 yu ga yajneque deg\u00fai. Yaranguipise ome ore. Ga yisagode u yarengone ore. Pocaningadatei u uje ore chuj\u00e9\" \/>\n<meta property=\"og:url\" content=\"https:\/\/ayore.org\/ayo\/culture\/first-person-narratives\/oidabiade-dacasute-yu-iji-monte-nanique\/\" \/>\n<meta property=\"og:site_name\" content=\"AYOR\u00c9.ORG\" \/>\n<meta property=\"article:modified_time\" content=\"2019-02-27T01:12:46+00:00\" \/>\n<meta name=\"twitter:card\" content=\"summary_large_image\" \/>\n<meta name=\"twitter:label1\" content=\"Est. reading time\" \/>\n\t<meta name=\"twitter:data1\" content=\"1 minute\" \/>\n<script type=\"application\/ld+json\" class=\"yoast-schema-graph\">{\"@context\":\"https:\\\/\\\/schema.org\",\"@graph\":[{\"@type\":\"WebPage\",\"@id\":\"https:\\\/\\\/ayore.org\\\/ayo\\\/culture\\\/first-person-narratives\\\/oidabiade-dacasute-yu-iji-monte-nanique\\\/\",\"url\":\"https:\\\/\\\/ayore.org\\\/ayo\\\/culture\\\/first-person-narratives\\\/oidabiade-dacasute-yu-iji-monte-nanique\\\/\",\"name\":\"Ayore\u0301ode Gojn\u0303ane: Dacasute\u0301 Yu Iji Monte Nanique \u2022 Ayore.org\",\"isPartOf\":{\"@id\":\"https:\\\/\\\/ayore.org\\\/#website\"},\"datePublished\":\"2018-09-05T18:11:00+00:00\",\"dateModified\":\"2019-02-27T01:12:46+00:00\",\"breadcrumb\":{\"@id\":\"https:\\\/\\\/ayore.org\\\/ayo\\\/culture\\\/first-person-narratives\\\/oidabiade-dacasute-yu-iji-monte-nanique\\\/#breadcrumb\"},\"inLanguage\":\"ayo\",\"potentialAction\":[{\"@type\":\"ReadAction\",\"target\":[\"https:\\\/\\\/ayore.org\\\/ayo\\\/culture\\\/first-person-narratives\\\/oidabiade-dacasute-yu-iji-monte-nanique\\\/\"]}]},{\"@type\":\"BreadcrumbList\",\"@id\":\"https:\\\/\\\/ayore.org\\\/ayo\\\/culture\\\/first-person-narratives\\\/oidabiade-dacasute-yu-iji-monte-nanique\\\/#breadcrumb\",\"itemListElement\":[{\"@type\":\"ListItem\",\"position\":1,\"name\":\"Jogate bajai tu ude\u0301\",\"item\":\"https:\\\/\\\/ayore.org\\\/ayo\\\/\"},{\"@type\":\"ListItem\",\"position\":2,\"name\":\"Ayore\u0301ode adode, angurenone cucha ore\",\"item\":\"https:\\\/\\\/ayore.org\\\/ayo\\\/culture\\\/\"},{\"@type\":\"ListItem\",\"position\":3,\"name\":\"Ayore\u0301ode Gojn\u0303ane\",\"item\":\"https:\\\/\\\/ayore.org\\\/ayo\\\/culture\\\/first-person-narratives\\\/\"},{\"@type\":\"ListItem\",\"position\":4,\"name\":\"Oid\u00e1biad\u00e9 &#8211; Dacasute\u0301 yu iji monte nanique\"}]},{\"@type\":\"WebSite\",\"@id\":\"https:\\\/\\\/ayore.org\\\/#website\",\"url\":\"https:\\\/\\\/ayore.org\\\/\",\"name\":\"AYOR\u00c9.ORG\",\"description\":\"Ayore\u0301ode Uruode, Adode, Jnani bajade ati\u0301go ore \",\"potentialAction\":[{\"@type\":\"SearchAction\",\"target\":{\"@type\":\"EntryPoint\",\"urlTemplate\":\"https:\\\/\\\/ayore.org\\\/?s={search_term_string}\"},\"query-input\":{\"@type\":\"PropertyValueSpecification\",\"valueRequired\":true,\"valueName\":\"search_term_string\"}}],\"inLanguage\":\"ayo\"}]}<\/script>\n<!-- \/ Yoast SEO plugin. -->","yoast_head_json":{"title":"Ayore\u0301ode Gojn\u0303ane: Dacasute\u0301 Yu Iji Monte Nanique \u2022 Ayore.org","robots":{"index":"index","follow":"follow","max-snippet":"max-snippet:-1","max-image-preview":"max-image-preview:large","max-video-preview":"max-video-preview:-1"},"canonical":"https:\/\/ayore.org\/ayo\/culture\/first-person-narratives\/oidabiade-dacasute-yu-iji-monte-nanique\/","og_locale":"en_US","og_type":"article","og_title":"Ayore\u0301ode Gojn\u0303ane: Dacasute\u0301 Yu Iji Monte Nanique \u2022 Ayore.org","og_description":"Oida\u0301biade\u0301 Chatata dadode\u00a0 Dacasut\u00e9 yu iji monte nanique: Sijnaque yu ga ore pojna yu ga que yib\u00e1siji ore y\u00faode. Ga jiei yugode. Dacasut\u00e9 yu ga yajneque deg\u00fai. Yaranguipise ome ore. Ga yisagode u yarengone ore. Pocaningadatei u uje ore chuj\u00e9","og_url":"https:\/\/ayore.org\/ayo\/culture\/first-person-narratives\/oidabiade-dacasute-yu-iji-monte-nanique\/","og_site_name":"AYOR\u00c9.ORG","article_modified_time":"2019-02-27T01:12:46+00:00","twitter_card":"summary_large_image","twitter_misc":{"Est. reading time":"1 minute"},"schema":{"@context":"https:\/\/schema.org","@graph":[{"@type":"WebPage","@id":"https:\/\/ayore.org\/ayo\/culture\/first-person-narratives\/oidabiade-dacasute-yu-iji-monte-nanique\/","url":"https:\/\/ayore.org\/ayo\/culture\/first-person-narratives\/oidabiade-dacasute-yu-iji-monte-nanique\/","name":"Ayore\u0301ode Gojn\u0303ane: Dacasute\u0301 Yu Iji Monte Nanique \u2022 Ayore.org","isPartOf":{"@id":"https:\/\/ayore.org\/#website"},"datePublished":"2018-09-05T18:11:00+00:00","dateModified":"2019-02-27T01:12:46+00:00","breadcrumb":{"@id":"https:\/\/ayore.org\/ayo\/culture\/first-person-narratives\/oidabiade-dacasute-yu-iji-monte-nanique\/#breadcrumb"},"inLanguage":"ayo","potentialAction":[{"@type":"ReadAction","target":["https:\/\/ayore.org\/ayo\/culture\/first-person-narratives\/oidabiade-dacasute-yu-iji-monte-nanique\/"]}]},{"@type":"BreadcrumbList","@id":"https:\/\/ayore.org\/ayo\/culture\/first-person-narratives\/oidabiade-dacasute-yu-iji-monte-nanique\/#breadcrumb","itemListElement":[{"@type":"ListItem","position":1,"name":"Jogate bajai tu ude\u0301","item":"https:\/\/ayore.org\/ayo\/"},{"@type":"ListItem","position":2,"name":"Ayore\u0301ode adode, angurenone cucha ore","item":"https:\/\/ayore.org\/ayo\/culture\/"},{"@type":"ListItem","position":3,"name":"Ayore\u0301ode Gojn\u0303ane","item":"https:\/\/ayore.org\/ayo\/culture\/first-person-narratives\/"},{"@type":"ListItem","position":4,"name":"Oid\u00e1biad\u00e9 &#8211; Dacasute\u0301 yu iji monte nanique"}]},{"@type":"WebSite","@id":"https:\/\/ayore.org\/#website","url":"https:\/\/ayore.org\/","name":"AYOR\u00c9.ORG","description":"Ayore\u0301ode Uruode, Adode, Jnani bajade ati\u0301go ore ","potentialAction":[{"@type":"SearchAction","target":{"@type":"EntryPoint","urlTemplate":"https:\/\/ayore.org\/?s={search_term_string}"},"query-input":{"@type":"PropertyValueSpecification","valueRequired":true,"valueName":"search_term_string"}}],"inLanguage":"ayo"}]}},"_links":{"self":[{"href":"https:\/\/ayore.org\/ayo\/wp-json\/wp\/v2\/pages\/894","targetHints":{"allow":["GET"]}}],"collection":[{"href":"https:\/\/ayore.org\/ayo\/wp-json\/wp\/v2\/pages"}],"about":[{"href":"https:\/\/ayore.org\/ayo\/wp-json\/wp\/v2\/types\/page"}],"author":[{"embeddable":true,"href":"https:\/\/ayore.org\/ayo\/wp-json\/wp\/v2\/users\/2"}],"replies":[{"embeddable":true,"href":"https:\/\/ayore.org\/ayo\/wp-json\/wp\/v2\/comments?post=894"}],"version-history":[{"count":4,"href":"https:\/\/ayore.org\/ayo\/wp-json\/wp\/v2\/pages\/894\/revisions"}],"predecessor-version":[{"id":3092,"href":"https:\/\/ayore.org\/ayo\/wp-json\/wp\/v2\/pages\/894\/revisions\/3092"}],"up":[{"embeddable":true,"href":"https:\/\/ayore.org\/ayo\/wp-json\/wp\/v2\/pages\/705"}],"wp:attachment":[{"href":"https:\/\/ayore.org\/ayo\/wp-json\/wp\/v2\/media?parent=894"}],"curies":[{"name":"wp","href":"https:\/\/api.w.org\/{rel}","templated":true}]}}