{"id":884,"date":"2018-09-05T17:03:39","date_gmt":"2018-09-05T17:03:39","guid":{"rendered":"https:\/\/ayore.org\/?page_id=884"},"modified":"2019-02-25T21:14:15","modified_gmt":"2019-02-25T21:14:15","slug":"guibejnane-yibagui-echoi-casicaite","status":"publish","type":"page","link":"https:\/\/ayore.org\/ayo\/culture\/first-person-narratives\/guibejnane-yibagui-echoi-casicaite\/","title":{"rendered":"Guib\u00e9jnan\u00e9 &#8211; Yiba\u0301gui echoi casicaite"},"content":{"rendered":"<p><strong>Guibe\u0301jnane adode u<\/strong><\/p>\n<p>Yachigo chug\u00fape\u0303re nanique ga icoji deg\u00fai. Ga <em>Acensiad\u00e1i<\/em>: \u201cA yi jne. Yib\u00e1gui echoi casicaite jne. (Ome dabia <em>Yaride<\/em>.) Uje yos\u00f5re <em>Yaride<\/em> uje chipese yotu\u00e9.\u201d Ga chi: \u201cYi ga yib\u00e1gui echoi jne.\u201d<\/p>\n<p>Ga yico ga yib\u00e1joi echoi. Ico dajere casicaite. Dajere casicaite. Yim\u00f3ngo yoj\u00f1ane echoi yui mu yim\u00f3ngoji. Mu dire ga <em>Acensiad\u00e1i <\/em>casicai chojninga: \u201cA yi jne. Yib\u00e1gui echoi jne. A gu\u00e9rique basosi jne ga a gajn\u00e1rengapo jne ri\u0303, echoi.\u201d<\/p>\n<p>Yico echoi mu <em>Guidaigosode<\/em> ore ic\u00f3bidie iji. Ore ic\u00f3bidie ga itod\u00f3gopise. Ore tuj\u00fana <em>Guidaigosode<\/em> ic\u00f3bidie. Enga ijn\u00f3jo echoi. Upo ri\u0303 <em>Guidaigosode<\/em>. Ichaj\u00f3ja yoquipedie echoi.<\/p>\n<p>Mu icagoi ga im\u00f3ngo iji ta. Mu dire ga yico ga an\u00edrami chojningasia, <em>Pongora <\/em>d\u00e1yab\u00ed: \u201cBoyo ga ab\u00e1soi sa\u00f1eque jne. Mu yocatigai u ej\u00f3rique gajneri\u0303.\u201d<\/p>\n<p>E ico ga ib\u00e1coi ta. Enga icopo ri\u0303 ga yocatigai un\u00e9. Ga e yicoi cuchade iji dati, chicorone. Mu imo cute\u0303ri iji eb\u00e9dua enga <em>Gar\u00e1ijnaid\u00e1i<\/em> chijno. Ga yip\u00e9co.<\/p>\n<p>E yir\u00edngopo to ri\u0303 iji ta yoquiyaridi. E ore \u00edjnongaja er\u00e1mi ome doridie. U\u00f1ane chi chimo orojno<em> (un tipo de abeja<\/em>) ga ore dopoi ri\u0303. Anire casicaite ore chojninga: \u201cQu\u00e9 jed\u00f3ji que. Yicoi jeta gued\u00e9 doi ti enga a deg\u00fai u ej\u00f3rique jne. Yijnojorase echoi to.\u201d<\/p>\n<p>E ore jno ga ore basiji ta, mu e yicopo ri\u0303. E ore chise deg\u00fai iji te bajade. Enga <em>Gar\u00e1ijnain\u00e1i <\/em>chachai yu ri\u0303, ga yis\u00edome yi ome ga chijnoc. Degu te. J\u00e9 u gajneri\u0303 uje yij\u00ed\u00f1ongome yoquigode gajneri\u0303 iji diri.<\/p>\n<p>E yico. <em>Pongora<\/em> dayabi chojningasia: \u201cBoyo ga abasoi sa\u00f1eque jne. Mu yocatigai\u00a0 a u ej\u00f3rique gajneri\u0303. E yico. Yib\u00e1coi ta, mu e yicopo ri\u0303. Yocatigai ur\u00e1su un\u00e9 gajneri\u0303 mu ij\u00ed\u00f1ongome echode. E is\u00f5c\u00f3ji gai mu a e disor\u00e3que u\u00f1engo.<\/p>\n<p>Mu ore ichorade iji ti yoquiquigade. Jodeti Guidaigosode chise ore iji. J\u00e9 a cos\u00e1rei (avispa) chise ore iji ti (garapiedie u, Guidaigosode di). Yicoi ore iji ti nanique. Ore chojninga: \u201cCos\u00e1rei que. Yore yoquibai. Chajna dajere uat\u00e9 aja yoque.\u201d Ore chojninga, \u201cAj\u00ed\u00f1o\u00f1\u00f3me enga yico,\u201d <em>Pongara<\/em> dayabi chojningasia.<\/p>\n<p>U\u00f1ane chijn\u00f3ra j\u00f3roque echode. Ore chojninga: \u201cGuidaigosode id\u00e1ja ari\u0303e,\u201d ore chojninga.<\/p>\n<p>\u201cAj\u00ed\u00f1o\u00f1\u00f3me enga yico,\u201d <em>Pongara<\/em> dayabi chojningasia.<\/p>\n<p>Ico yoquiyaridi ga chojningasia: \u201cJnacarode u\u00f1\u00e9ngo doi yodi enga y\u00f3rangop\u00edsi jne iji ta,\u201d chojningasia, <em>Pongora<\/em> dayabi.<\/p>\n<p>E yico yodi ti\u00f3gare nanique. Ga yicoi mu ir\u00edngopo ri\u0303. Y\u00f3rangop\u00edsiji ore iji ti. Jnanione ore d\u00e9 ti to. J\u00e9 ij\u00ed\u00f1ong\u00f3me. Dire nanique ga yico. Mu e yir\u00f5co daj\u00e9redie udire. Ga e yico daj\u00e9redie mu j\u00e9 yitod\u00f3gop\u00edsa coj\u00f1one ri\u0303 ome yoquigode echo jeta yir\u00edngo bisideque jne. Ico dajere mu ajn\u00e9sacoja usodi. U\u00f1ane a j\u00e9 chaquesu bajade. A e iqu\u00edjnongosi to ome yi echo. Yojninga: \u201cYij\u00ed\u00f1ome to gajneri\u0303. Yiqu\u00edjnongosi gu. Umu\u00f1\u00e1si ut\u00e9betabi jogon\u00f3rami,\u201d ojninga, \u201cA yir\u00edringui\u00e1mi a su jne.\u201d<\/p>\n<p>E ud\u00faco ore pijnane. E ib\u00e1joi to. Jec u uje ico u\u00e9chai. Yim\u00f3ngoji ta nanique. Tejnuring\u00e1rique j\u00e9 ujuyapise yoque.<\/p>\n<p>Ore chojninga: \u201c\u00a1Jo! \u00bfYico rique gajneri\u0303 a? uje que yajo yoquibotique.\u201d<\/p>\n<p>Mu <em>Jnatua<\/em> dayabi casicaite chojningasia: \u201cQu\u00e9 ap\u00e9so p\u00e1yipierigui ga yiy\u00e1ji si\u00f1eque gajneri\u0303. A y\u00e1cariji yoquiquigade ga j\u00e9 ab\u00e1choi gajneri\u0303.\u201d<\/p>\n<p>Ga dire nanique ga e yico. <em>Jnatua<\/em> dayabi ch\u00e1si ti yoquiquigade. Coj\u00f1one a e ore chis\u00f3si ti. E irocorase iji yoquiyaridi. E jnupo (bulla de andar) chayo. Coj\u00f1one e ore diapo ri\u0303.<\/p>\n<p><em>Be\u00faid\u00e1i<\/em> casicaite chojninga: \u201c<em>Barigu\u00e9jn\u00e1<\/em>, \u00a1asa yocug\u00fachade jne a!\u201d Enga jno. A ore chayo.<\/p>\n<p>Jec qu\u00e9 yiyaridirase iji echoi iji ti ore yui. Mu yajire ne mu<em> Gar\u00e1ijnaid\u00e1i<\/em> casicaite iji ne. Chojninga: \u201c\u00a1Boyo yico to jne a! \u00a1A yejna yocug\u00fachade iji ti uque que.\u201d<\/p>\n<p>E yico. Edo yijman\u00e9. O\u0303\u0301rang\u00f3ji yodi iji ti. \u00c3r\u00e9raque j\u00e9 ujuyapise yoque.<\/p>\n<p><em>Guib\u00e9jnan\u00e9 \u2013 Tobit\u00e9, Bolivia \u2013 1970.<\/em><\/p>\n<p><em>Marina de Morarie chur\u00fas\u00e3re Guib\u00e9jnan\u00e9 atatagode udojo.<\/em><\/p>\n<div class=\"navigation\"><div class=\"alignleft\"><a href=\"https:\/\/ayore.org\/ayo\/culture\/first-person-narratives\/enueidate-atata-uje-i%cc%83ri-iji-tobite-nanique\/\"title=\"Enuedat\u00e9 &#8211; Uje i\u0303ri iji Tobite\u0301 nanique ga Yo\u0301jide\u0301 chijna\u0301rase yabode\"><img loading=\"lazy\" decoding=\"async\" src=\"https:\/\/ayore.org\/wp-content\/uploads\/2018\/10\/left-arrow.png\" width=\"50\" height=\"48\" alt=\"left arrow\"><\/a><\/div><div class=\"alignright\"><a href=\"https:\/\/ayore.org\/ayo\/culture\/first-person-narratives\/oidabiade-dacasute-yu-iji-monte-nanique\/\"title=\"Oid\u00e1biad\u00e9 &#8211; Dacasute\u0301 yu iji monte nanique\"><img loading=\"lazy\" decoding=\"async\" src=\"https:\/\/ayore.org\/wp-content\/uploads\/2018\/10\/right-arrow.png\" width=\"50\" height=\"48\" alt=\"right arrow\"><\/a><\/div>\n","protected":false},"excerpt":{"rendered":"<p>Guibe\u0301jnane adode u Yachigo chug\u00fape\u0303re nanique ga icoji deg\u00fai. Ga Acensiad\u00e1i: \u201cA yi jne. Yib\u00e1gui echoi casicaite jne. (Ome dabia Yaride.) Uje yos\u00f5re Yaride uje chipese yotu\u00e9.\u201d Ga chi: \u201cYi ga yib\u00e1gui echoi jne.\u201d Ga yico ga yib\u00e1joi echoi. Ico<\/p>\n","protected":false},"author":2,"featured_media":0,"parent":705,"menu_order":0,"comment_status":"closed","ping_status":"closed","template":"","meta":{"footnotes":""},"class_list":["post-884","page","type-page","status-publish","hentry"],"yoast_head":"<!-- This site is optimized with the Yoast SEO plugin v27.4 - https:\/\/yoast.com\/product\/yoast-seo-wordpress\/ -->\n<title>Ayore\u0301ode Gojn\u0303ane: Yiba\u0301gui Echoi Casicaite \u2022 Ayore.org<\/title>\n<meta name=\"robots\" content=\"index, follow, max-snippet:-1, max-image-preview:large, max-video-preview:-1\" \/>\n<link rel=\"canonical\" href=\"https:\/\/ayore.org\/ayo\/culture\/first-person-narratives\/guibejnane-yibagui-echoi-casicaite\/\" \/>\n<meta property=\"og:locale\" content=\"en_US\" \/>\n<meta property=\"og:type\" content=\"article\" \/>\n<meta property=\"og:title\" content=\"Ayore\u0301ode Gojn\u0303ane: Yiba\u0301gui Echoi Casicaite \u2022 Ayore.org\" \/>\n<meta property=\"og:description\" content=\"Guibe\u0301jnane adode u Yachigo chug\u00fape\u0303re nanique ga icoji deg\u00fai. Ga Acensiad\u00e1i: \u201cA yi jne. Yib\u00e1gui echoi casicaite jne. (Ome dabia Yaride.) Uje yos\u00f5re Yaride uje chipese yotu\u00e9.\u201d Ga chi: \u201cYi ga yib\u00e1gui echoi jne.\u201d Ga yico ga yib\u00e1joi echoi. Ico\" \/>\n<meta property=\"og:url\" content=\"https:\/\/ayore.org\/ayo\/culture\/first-person-narratives\/guibejnane-yibagui-echoi-casicaite\/\" \/>\n<meta property=\"og:site_name\" content=\"AYOR\u00c9.ORG\" \/>\n<meta property=\"article:modified_time\" content=\"2019-02-25T21:14:15+00:00\" \/>\n<meta name=\"twitter:card\" content=\"summary_large_image\" \/>\n<meta name=\"twitter:label1\" content=\"Est. reading time\" \/>\n\t<meta name=\"twitter:data1\" content=\"4 minutes\" \/>\n<script type=\"application\/ld+json\" class=\"yoast-schema-graph\">{\"@context\":\"https:\\\/\\\/schema.org\",\"@graph\":[{\"@type\":\"WebPage\",\"@id\":\"https:\\\/\\\/ayore.org\\\/ayo\\\/culture\\\/first-person-narratives\\\/guibejnane-yibagui-echoi-casicaite\\\/\",\"url\":\"https:\\\/\\\/ayore.org\\\/ayo\\\/culture\\\/first-person-narratives\\\/guibejnane-yibagui-echoi-casicaite\\\/\",\"name\":\"Ayore\u0301ode Gojn\u0303ane: Yiba\u0301gui Echoi Casicaite \u2022 Ayore.org\",\"isPartOf\":{\"@id\":\"https:\\\/\\\/ayore.org\\\/#website\"},\"datePublished\":\"2018-09-05T17:03:39+00:00\",\"dateModified\":\"2019-02-25T21:14:15+00:00\",\"breadcrumb\":{\"@id\":\"https:\\\/\\\/ayore.org\\\/ayo\\\/culture\\\/first-person-narratives\\\/guibejnane-yibagui-echoi-casicaite\\\/#breadcrumb\"},\"inLanguage\":\"ayo\",\"potentialAction\":[{\"@type\":\"ReadAction\",\"target\":[\"https:\\\/\\\/ayore.org\\\/ayo\\\/culture\\\/first-person-narratives\\\/guibejnane-yibagui-echoi-casicaite\\\/\"]}]},{\"@type\":\"BreadcrumbList\",\"@id\":\"https:\\\/\\\/ayore.org\\\/ayo\\\/culture\\\/first-person-narratives\\\/guibejnane-yibagui-echoi-casicaite\\\/#breadcrumb\",\"itemListElement\":[{\"@type\":\"ListItem\",\"position\":1,\"name\":\"Jogate bajai tu ude\u0301\",\"item\":\"https:\\\/\\\/ayore.org\\\/ayo\\\/\"},{\"@type\":\"ListItem\",\"position\":2,\"name\":\"Ayore\u0301ode adode, angurenone cucha ore\",\"item\":\"https:\\\/\\\/ayore.org\\\/ayo\\\/culture\\\/\"},{\"@type\":\"ListItem\",\"position\":3,\"name\":\"Ayore\u0301ode Gojn\u0303ane\",\"item\":\"https:\\\/\\\/ayore.org\\\/ayo\\\/culture\\\/first-person-narratives\\\/\"},{\"@type\":\"ListItem\",\"position\":4,\"name\":\"Guib\u00e9jnan\u00e9 &#8211; Yiba\u0301gui echoi casicaite\"}]},{\"@type\":\"WebSite\",\"@id\":\"https:\\\/\\\/ayore.org\\\/#website\",\"url\":\"https:\\\/\\\/ayore.org\\\/\",\"name\":\"AYOR\u00c9.ORG\",\"description\":\"Ayore\u0301ode Uruode, Adode, Jnani bajade ati\u0301go ore \",\"potentialAction\":[{\"@type\":\"SearchAction\",\"target\":{\"@type\":\"EntryPoint\",\"urlTemplate\":\"https:\\\/\\\/ayore.org\\\/?s={search_term_string}\"},\"query-input\":{\"@type\":\"PropertyValueSpecification\",\"valueRequired\":true,\"valueName\":\"search_term_string\"}}],\"inLanguage\":\"ayo\"}]}<\/script>\n<!-- \/ Yoast SEO plugin. -->","yoast_head_json":{"title":"Ayore\u0301ode Gojn\u0303ane: Yiba\u0301gui Echoi Casicaite \u2022 Ayore.org","robots":{"index":"index","follow":"follow","max-snippet":"max-snippet:-1","max-image-preview":"max-image-preview:large","max-video-preview":"max-video-preview:-1"},"canonical":"https:\/\/ayore.org\/ayo\/culture\/first-person-narratives\/guibejnane-yibagui-echoi-casicaite\/","og_locale":"en_US","og_type":"article","og_title":"Ayore\u0301ode Gojn\u0303ane: Yiba\u0301gui Echoi Casicaite \u2022 Ayore.org","og_description":"Guibe\u0301jnane adode u Yachigo chug\u00fape\u0303re nanique ga icoji deg\u00fai. Ga Acensiad\u00e1i: \u201cA yi jne. Yib\u00e1gui echoi casicaite jne. (Ome dabia Yaride.) Uje yos\u00f5re Yaride uje chipese yotu\u00e9.\u201d Ga chi: \u201cYi ga yib\u00e1gui echoi jne.\u201d Ga yico ga yib\u00e1joi echoi. Ico","og_url":"https:\/\/ayore.org\/ayo\/culture\/first-person-narratives\/guibejnane-yibagui-echoi-casicaite\/","og_site_name":"AYOR\u00c9.ORG","article_modified_time":"2019-02-25T21:14:15+00:00","twitter_card":"summary_large_image","twitter_misc":{"Est. reading time":"4 minutes"},"schema":{"@context":"https:\/\/schema.org","@graph":[{"@type":"WebPage","@id":"https:\/\/ayore.org\/ayo\/culture\/first-person-narratives\/guibejnane-yibagui-echoi-casicaite\/","url":"https:\/\/ayore.org\/ayo\/culture\/first-person-narratives\/guibejnane-yibagui-echoi-casicaite\/","name":"Ayore\u0301ode Gojn\u0303ane: Yiba\u0301gui Echoi Casicaite \u2022 Ayore.org","isPartOf":{"@id":"https:\/\/ayore.org\/#website"},"datePublished":"2018-09-05T17:03:39+00:00","dateModified":"2019-02-25T21:14:15+00:00","breadcrumb":{"@id":"https:\/\/ayore.org\/ayo\/culture\/first-person-narratives\/guibejnane-yibagui-echoi-casicaite\/#breadcrumb"},"inLanguage":"ayo","potentialAction":[{"@type":"ReadAction","target":["https:\/\/ayore.org\/ayo\/culture\/first-person-narratives\/guibejnane-yibagui-echoi-casicaite\/"]}]},{"@type":"BreadcrumbList","@id":"https:\/\/ayore.org\/ayo\/culture\/first-person-narratives\/guibejnane-yibagui-echoi-casicaite\/#breadcrumb","itemListElement":[{"@type":"ListItem","position":1,"name":"Jogate bajai tu ude\u0301","item":"https:\/\/ayore.org\/ayo\/"},{"@type":"ListItem","position":2,"name":"Ayore\u0301ode adode, angurenone cucha ore","item":"https:\/\/ayore.org\/ayo\/culture\/"},{"@type":"ListItem","position":3,"name":"Ayore\u0301ode Gojn\u0303ane","item":"https:\/\/ayore.org\/ayo\/culture\/first-person-narratives\/"},{"@type":"ListItem","position":4,"name":"Guib\u00e9jnan\u00e9 &#8211; Yiba\u0301gui echoi casicaite"}]},{"@type":"WebSite","@id":"https:\/\/ayore.org\/#website","url":"https:\/\/ayore.org\/","name":"AYOR\u00c9.ORG","description":"Ayore\u0301ode Uruode, Adode, Jnani bajade ati\u0301go ore ","potentialAction":[{"@type":"SearchAction","target":{"@type":"EntryPoint","urlTemplate":"https:\/\/ayore.org\/?s={search_term_string}"},"query-input":{"@type":"PropertyValueSpecification","valueRequired":true,"valueName":"search_term_string"}}],"inLanguage":"ayo"}]}},"_links":{"self":[{"href":"https:\/\/ayore.org\/ayo\/wp-json\/wp\/v2\/pages\/884","targetHints":{"allow":["GET"]}}],"collection":[{"href":"https:\/\/ayore.org\/ayo\/wp-json\/wp\/v2\/pages"}],"about":[{"href":"https:\/\/ayore.org\/ayo\/wp-json\/wp\/v2\/types\/page"}],"author":[{"embeddable":true,"href":"https:\/\/ayore.org\/ayo\/wp-json\/wp\/v2\/users\/2"}],"replies":[{"embeddable":true,"href":"https:\/\/ayore.org\/ayo\/wp-json\/wp\/v2\/comments?post=884"}],"version-history":[{"count":5,"href":"https:\/\/ayore.org\/ayo\/wp-json\/wp\/v2\/pages\/884\/revisions"}],"predecessor-version":[{"id":3075,"href":"https:\/\/ayore.org\/ayo\/wp-json\/wp\/v2\/pages\/884\/revisions\/3075"}],"up":[{"embeddable":true,"href":"https:\/\/ayore.org\/ayo\/wp-json\/wp\/v2\/pages\/705"}],"wp:attachment":[{"href":"https:\/\/ayore.org\/ayo\/wp-json\/wp\/v2\/media?parent=884"}],"curies":[{"name":"wp","href":"https:\/\/api.w.org\/{rel}","templated":true}]}}