{"id":880,"date":"2018-09-05T16:58:38","date_gmt":"2018-09-05T16:58:38","guid":{"rendered":"https:\/\/ayore.org\/?page_id=880"},"modified":"2019-02-27T00:44:05","modified_gmt":"2019-02-27T00:44:05","slug":"enueidate-atata-uje-i%cc%83ri-iji-tobite-nanique","status":"publish","type":"page","link":"https:\/\/ayore.org\/ayo\/culture\/first-person-narratives\/enueidate-atata-uje-i%cc%83ri-iji-tobite-nanique\/","title":{"rendered":"Enuedat\u00e9 &#8211; Uje i\u0303ri iji Tobite\u0301 nanique ga Yo\u0301jide\u0301 chijna\u0301rase yabode"},"content":{"rendered":"<p><strong>Enueidate chatata dadode<\/strong><\/p>\n<p><strong><em>Que yiraja yur\u00farigo mu j\u00e9 yiji:<\/em><\/strong><\/p>\n<p>Atata uje i\u0303ri iji Tobit\u00e9raque nanique. Yetingarape uje <em>Yo\u0301jide\u0301<\/em>\u00a0chijn\u00e1rase yabode iji yari. Yicag\u00f3ji de nanique iji Tobit\u00e9 y\u00faode. Taningane ga yicag\u00f3ji dojo nanique Tobit\u00e9 y\u00faode iji ta. Ga yico coj\u00f1one ore iji ta.<\/p>\n<p>Mu ayor\u00e9 d\u00e9ji jnoringai ga chatata. Chojninga: \u201cA yicode chijna uacabidie jne, disi j\u00e1tigo iji uacari,\u201d chojninga <em>Chan\u00e9<\/em>. \u201cA cod\u00e9 chijna uacabode jne, disi j\u00e1tigo,\u201d chojninga.<\/p>\n<p>Ga yitod\u00f3go ore y\u00faode mu ca yitod\u00f3go ore go uje ore chijna disiode, disi j\u00e1dode.<\/p>\n<p>Ore chaco itarap\u00e9rique <em>Dequerai<\/em> gai, mu cachi ore ac\u00f3gai. Yicoi uje d\u00f3ji ti gued\u00e9. Gued\u00e9 doi te uje id\u00e1ja uje yico. Mu chay\u00f3na ore, <em>Chan\u00e9<\/em>, ga chijna poca.<\/p>\n<p>Dacode chi chojninga: \u201cAcho jne \u00e1 jeta quejna om ua.\u201d<\/p>\n<p>Yibidi. Yojninga: \u201c\u00a1De ti \u00e9! Chicho uaque, <em>Dequerainat\u00e9<\/em> \u00e9!\u201d yojninga.<\/p>\n<p>Ga yico. Yicag\u00f3ji dojo. Ga anire, yicoji ta, deg\u00farase ta. Mu cho ta deg\u00farase ji de.<\/p>\n<p>\u201c\u00a1<em>Chan\u00e9<\/em> e diapo ri\u0303 \u00e9!\u201d ore chojninga. \u201cAj\u00ed\u00f1ome yoquiga casodicaite g\u00e1yode ome edugu\u00e9jnai.\u201d Ga yico.<\/p>\n<p>Yisago yocug\u00fachade. Yico garai ga yim\u00f3ngo iji ta uje gued\u00e9 jno. E dejac uje yim\u00f3ngo iji yoquireng\u00fai. Chaguhei chejnapise yoque. Jnanione chache\u0303re dati m\u00fa\u00f1i que yajo cuch\u00e1rique. Yico garai \u00fadi mu ore chojninga: \u201c<em>Burai<\/em> ducor\u00e9 chacose \u00e1.\u201d<\/p>\n<p>Yidogorod\u00ede p\u00f5 ri\u0303. Mu ore chacose que uje ore p\u00f3gu iji te yiquigade.<\/p>\n<p>\u201cAngo\u00f1o yu ga yij\u00edna ore que a\u0301,\u201d yojninga. Ga ore chac\u00e1ji ta. Mu coj\u00f1one iji ta ga ore chojninga, \u201c\u00a1Boyo!\u201d<\/p>\n<p>\u201cOre chinguirar\u00e1sa Ijmai yoque que a. Ore chinguirar\u00e1sa poca iji <em>Quer\u00faid\u00e9<\/em>,\u201d ore chojninga.<\/p>\n<p>Ga yac\u00e1goji ti. Yaj\u00e9ngome coj\u00f1one. Mu u\u00f1ai chise yoque iji toni\u00f1eque iji tie.\u00a0 Chajna tie tiji jnumi iji ti yoquiquei.<\/p>\n<p>Ga chojninga: \u201cAsi \u00f3riji echode jne, bar\u00e1sade,\u201d chojningame edugu\u00e9jnai ome <em>Jnanin\u00e9<\/em>. \u201cMu asi ome ques\u00e9ode ome. Mu asi ome bar\u00e1sade echoi jne.\u201d\u00a0\u00a0 E gusu.<\/p>\n<p><em>\u00a0<\/em><\/p>\n<p><em>Enueidat\u00e9 \u2013 Tobit\u00e9, Bolivia \u2013 1970.<\/em><\/p>\n<p><em>Marina de Morarie <\/em><em>chur\u00fas\u00e3re Enueidat\u00e9 atatagode udojo.<\/em><\/p>\n<div class=\"navigation\"><div class=\"alignleft\"><a href=\"https:\/\/ayore.org\/ayo\/culture\/first-person-narratives\/enueidate-bajn%cc%83arone-jiei-cho-guto-ujn%cc%83arone\/\"title=\"Enuedat\u00e9 &#8211; Jnupedogosode chuje\u0301 Enueidate\u0301 urasade nanique\"><img loading=\"lazy\" decoding=\"async\" src=\"https:\/\/ayore.org\/wp-content\/uploads\/2018\/10\/left-arrow.png\" width=\"50\" height=\"48\" alt=\"left arrow\"><\/a><\/div><div class=\"alignright\"><a href=\"https:\/\/ayore.org\/ayo\/culture\/first-person-narratives\/guibejnane-yibagui-echoi-casicaite\/\"title=\"Guib\u00e9jnan\u00e9 &#8211; Yiba\u0301gui echoi casicaite\"><img loading=\"lazy\" decoding=\"async\" src=\"https:\/\/ayore.org\/wp-content\/uploads\/2018\/10\/right-arrow.png\" width=\"50\" height=\"48\" alt=\"right arrow\"><\/a><\/div>\n","protected":false},"excerpt":{"rendered":"<p>Enueidate chatata dadode Que yiraja yur\u00farigo mu j\u00e9 yiji: Atata uje i\u0303ri iji Tobit\u00e9raque nanique. Yetingarape uje Yo\u0301jide\u0301\u00a0chijn\u00e1rase yabode iji yari. Yicag\u00f3ji de nanique iji Tobit\u00e9 y\u00faode. Taningane ga yicag\u00f3ji dojo nanique Tobit\u00e9 y\u00faode iji ta. Ga yico coj\u00f1one ore<\/p>\n","protected":false},"author":2,"featured_media":0,"parent":705,"menu_order":0,"comment_status":"closed","ping_status":"closed","template":"","meta":{"footnotes":""},"class_list":["post-880","page","type-page","status-publish","hentry"],"yoast_head":"<!-- This site is optimized with the Yoast SEO plugin v27.4 - https:\/\/yoast.com\/product\/yoast-seo-wordpress\/ -->\n<title>Ayore\u0301ode Gojn\u0303ane: Atata uje i\u0303ri Iji Tobite\u0301 Nanique \u2022 Ayore.org<\/title>\n<meta name=\"robots\" content=\"index, follow, max-snippet:-1, max-image-preview:large, max-video-preview:-1\" \/>\n<link rel=\"canonical\" href=\"https:\/\/ayore.org\/ayo\/culture\/first-person-narratives\/enueidate-atata-uje-i\u0303ri-iji-tobite-nanique\/\" \/>\n<meta property=\"og:locale\" content=\"en_US\" \/>\n<meta property=\"og:type\" content=\"article\" \/>\n<meta property=\"og:title\" content=\"Ayore\u0301ode Gojn\u0303ane: Atata uje i\u0303ri Iji Tobite\u0301 Nanique \u2022 Ayore.org\" \/>\n<meta property=\"og:description\" content=\"Enueidate chatata dadode Que yiraja yur\u00farigo mu j\u00e9 yiji: Atata uje i\u0303ri iji Tobit\u00e9raque nanique. Yetingarape uje Yo\u0301jide\u0301\u00a0chijn\u00e1rase yabode iji yari. Yicag\u00f3ji de nanique iji Tobit\u00e9 y\u00faode. Taningane ga yicag\u00f3ji dojo nanique Tobit\u00e9 y\u00faode iji ta. Ga yico coj\u00f1one ore\" \/>\n<meta property=\"og:url\" content=\"https:\/\/ayore.org\/ayo\/culture\/first-person-narratives\/enueidate-atata-uje-i\u0303ri-iji-tobite-nanique\/\" \/>\n<meta property=\"og:site_name\" content=\"AYOR\u00c9.ORG\" \/>\n<meta property=\"article:modified_time\" content=\"2019-02-27T00:44:05+00:00\" \/>\n<meta name=\"twitter:card\" content=\"summary_large_image\" \/>\n<meta name=\"twitter:label1\" content=\"Est. reading time\" \/>\n\t<meta name=\"twitter:data1\" content=\"2 minutes\" \/>\n<script type=\"application\/ld+json\" class=\"yoast-schema-graph\">{\"@context\":\"https:\\\/\\\/schema.org\",\"@graph\":[{\"@type\":\"WebPage\",\"@id\":\"https:\\\/\\\/ayore.org\\\/ayo\\\/culture\\\/first-person-narratives\\\/enueidate-atata-uje-i%cc%83ri-iji-tobite-nanique\\\/\",\"url\":\"https:\\\/\\\/ayore.org\\\/ayo\\\/culture\\\/first-person-narratives\\\/enueidate-atata-uje-i%cc%83ri-iji-tobite-nanique\\\/\",\"name\":\"Ayore\u0301ode Gojn\u0303ane: Atata uje i\u0303ri Iji Tobite\u0301 Nanique \u2022 Ayore.org\",\"isPartOf\":{\"@id\":\"https:\\\/\\\/ayore.org\\\/#website\"},\"datePublished\":\"2018-09-05T16:58:38+00:00\",\"dateModified\":\"2019-02-27T00:44:05+00:00\",\"breadcrumb\":{\"@id\":\"https:\\\/\\\/ayore.org\\\/ayo\\\/culture\\\/first-person-narratives\\\/enueidate-atata-uje-i%cc%83ri-iji-tobite-nanique\\\/#breadcrumb\"},\"inLanguage\":\"ayo\",\"potentialAction\":[{\"@type\":\"ReadAction\",\"target\":[\"https:\\\/\\\/ayore.org\\\/ayo\\\/culture\\\/first-person-narratives\\\/enueidate-atata-uje-i%cc%83ri-iji-tobite-nanique\\\/\"]}]},{\"@type\":\"BreadcrumbList\",\"@id\":\"https:\\\/\\\/ayore.org\\\/ayo\\\/culture\\\/first-person-narratives\\\/enueidate-atata-uje-i%cc%83ri-iji-tobite-nanique\\\/#breadcrumb\",\"itemListElement\":[{\"@type\":\"ListItem\",\"position\":1,\"name\":\"Jogate bajai tu ude\u0301\",\"item\":\"https:\\\/\\\/ayore.org\\\/ayo\\\/\"},{\"@type\":\"ListItem\",\"position\":2,\"name\":\"Ayore\u0301ode adode, angurenone cucha ore\",\"item\":\"https:\\\/\\\/ayore.org\\\/ayo\\\/culture\\\/\"},{\"@type\":\"ListItem\",\"position\":3,\"name\":\"Ayore\u0301ode Gojn\u0303ane\",\"item\":\"https:\\\/\\\/ayore.org\\\/ayo\\\/culture\\\/first-person-narratives\\\/\"},{\"@type\":\"ListItem\",\"position\":4,\"name\":\"Enuedat\u00e9 &#8211; Uje i\u0303ri iji Tobite\u0301 nanique ga Yo\u0301jide\u0301 chijna\u0301rase yabode\"}]},{\"@type\":\"WebSite\",\"@id\":\"https:\\\/\\\/ayore.org\\\/#website\",\"url\":\"https:\\\/\\\/ayore.org\\\/\",\"name\":\"AYOR\u00c9.ORG\",\"description\":\"Ayore\u0301ode Uruode, Adode, Jnani bajade ati\u0301go ore \",\"potentialAction\":[{\"@type\":\"SearchAction\",\"target\":{\"@type\":\"EntryPoint\",\"urlTemplate\":\"https:\\\/\\\/ayore.org\\\/?s={search_term_string}\"},\"query-input\":{\"@type\":\"PropertyValueSpecification\",\"valueRequired\":true,\"valueName\":\"search_term_string\"}}],\"inLanguage\":\"ayo\"}]}<\/script>\n<!-- \/ Yoast SEO plugin. -->","yoast_head_json":{"title":"Ayore\u0301ode Gojn\u0303ane: Atata uje i\u0303ri Iji Tobite\u0301 Nanique \u2022 Ayore.org","robots":{"index":"index","follow":"follow","max-snippet":"max-snippet:-1","max-image-preview":"max-image-preview:large","max-video-preview":"max-video-preview:-1"},"canonical":"https:\/\/ayore.org\/ayo\/culture\/first-person-narratives\/enueidate-atata-uje-i\u0303ri-iji-tobite-nanique\/","og_locale":"en_US","og_type":"article","og_title":"Ayore\u0301ode Gojn\u0303ane: Atata uje i\u0303ri Iji Tobite\u0301 Nanique \u2022 Ayore.org","og_description":"Enueidate chatata dadode Que yiraja yur\u00farigo mu j\u00e9 yiji: Atata uje i\u0303ri iji Tobit\u00e9raque nanique. Yetingarape uje Yo\u0301jide\u0301\u00a0chijn\u00e1rase yabode iji yari. Yicag\u00f3ji de nanique iji Tobit\u00e9 y\u00faode. Taningane ga yicag\u00f3ji dojo nanique Tobit\u00e9 y\u00faode iji ta. Ga yico coj\u00f1one ore","og_url":"https:\/\/ayore.org\/ayo\/culture\/first-person-narratives\/enueidate-atata-uje-i\u0303ri-iji-tobite-nanique\/","og_site_name":"AYOR\u00c9.ORG","article_modified_time":"2019-02-27T00:44:05+00:00","twitter_card":"summary_large_image","twitter_misc":{"Est. reading time":"2 minutes"},"schema":{"@context":"https:\/\/schema.org","@graph":[{"@type":"WebPage","@id":"https:\/\/ayore.org\/ayo\/culture\/first-person-narratives\/enueidate-atata-uje-i%cc%83ri-iji-tobite-nanique\/","url":"https:\/\/ayore.org\/ayo\/culture\/first-person-narratives\/enueidate-atata-uje-i%cc%83ri-iji-tobite-nanique\/","name":"Ayore\u0301ode Gojn\u0303ane: Atata uje i\u0303ri Iji Tobite\u0301 Nanique \u2022 Ayore.org","isPartOf":{"@id":"https:\/\/ayore.org\/#website"},"datePublished":"2018-09-05T16:58:38+00:00","dateModified":"2019-02-27T00:44:05+00:00","breadcrumb":{"@id":"https:\/\/ayore.org\/ayo\/culture\/first-person-narratives\/enueidate-atata-uje-i%cc%83ri-iji-tobite-nanique\/#breadcrumb"},"inLanguage":"ayo","potentialAction":[{"@type":"ReadAction","target":["https:\/\/ayore.org\/ayo\/culture\/first-person-narratives\/enueidate-atata-uje-i%cc%83ri-iji-tobite-nanique\/"]}]},{"@type":"BreadcrumbList","@id":"https:\/\/ayore.org\/ayo\/culture\/first-person-narratives\/enueidate-atata-uje-i%cc%83ri-iji-tobite-nanique\/#breadcrumb","itemListElement":[{"@type":"ListItem","position":1,"name":"Jogate bajai tu ude\u0301","item":"https:\/\/ayore.org\/ayo\/"},{"@type":"ListItem","position":2,"name":"Ayore\u0301ode adode, angurenone cucha ore","item":"https:\/\/ayore.org\/ayo\/culture\/"},{"@type":"ListItem","position":3,"name":"Ayore\u0301ode Gojn\u0303ane","item":"https:\/\/ayore.org\/ayo\/culture\/first-person-narratives\/"},{"@type":"ListItem","position":4,"name":"Enuedat\u00e9 &#8211; Uje i\u0303ri iji Tobite\u0301 nanique ga Yo\u0301jide\u0301 chijna\u0301rase yabode"}]},{"@type":"WebSite","@id":"https:\/\/ayore.org\/#website","url":"https:\/\/ayore.org\/","name":"AYOR\u00c9.ORG","description":"Ayore\u0301ode Uruode, Adode, Jnani bajade ati\u0301go ore ","potentialAction":[{"@type":"SearchAction","target":{"@type":"EntryPoint","urlTemplate":"https:\/\/ayore.org\/?s={search_term_string}"},"query-input":{"@type":"PropertyValueSpecification","valueRequired":true,"valueName":"search_term_string"}}],"inLanguage":"ayo"}]}},"_links":{"self":[{"href":"https:\/\/ayore.org\/ayo\/wp-json\/wp\/v2\/pages\/880","targetHints":{"allow":["GET"]}}],"collection":[{"href":"https:\/\/ayore.org\/ayo\/wp-json\/wp\/v2\/pages"}],"about":[{"href":"https:\/\/ayore.org\/ayo\/wp-json\/wp\/v2\/types\/page"}],"author":[{"embeddable":true,"href":"https:\/\/ayore.org\/ayo\/wp-json\/wp\/v2\/users\/2"}],"replies":[{"embeddable":true,"href":"https:\/\/ayore.org\/ayo\/wp-json\/wp\/v2\/comments?post=880"}],"version-history":[{"count":4,"href":"https:\/\/ayore.org\/ayo\/wp-json\/wp\/v2\/pages\/880\/revisions"}],"predecessor-version":[{"id":3086,"href":"https:\/\/ayore.org\/ayo\/wp-json\/wp\/v2\/pages\/880\/revisions\/3086"}],"up":[{"embeddable":true,"href":"https:\/\/ayore.org\/ayo\/wp-json\/wp\/v2\/pages\/705"}],"wp:attachment":[{"href":"https:\/\/ayore.org\/ayo\/wp-json\/wp\/v2\/media?parent=880"}],"curies":[{"name":"wp","href":"https:\/\/api.w.org\/{rel}","templated":true}]}}