{"id":875,"date":"2018-09-05T16:30:31","date_gmt":"2018-09-05T16:30:31","guid":{"rendered":"https:\/\/ayore.org\/?page_id=875"},"modified":"2019-05-29T01:36:57","modified_gmt":"2019-05-29T01:36:57","slug":"enuedate-ayore-do-yu","status":"publish","type":"page","link":"https:\/\/ayore.org\/ayo\/culture\/first-person-narratives\/enuedate-ayore-do-yu\/","title":{"rendered":"Enu\u00e9dat\u00e9 &#8211; Uje ayore\u0301 do yu nanique ga yise yodi iji poridie"},"content":{"rendered":"<p><strong>Enuedate\u0301 chatata dadode<\/strong><strong>&nbsp;<\/strong><\/p>\n<p><em>Enueidat\u00e9 bijna nanique enga chise yodi iji poridie:<\/em><\/p>\n<p>A yich\u00e1ji yimoringare cuchade aja: Yico nanique ga yijoranie ore jno. Ga <em>Toqu\u00e9<\/em> ore, ga ore chojninga: \u201cAj\u00edna ore to jne.\u201d<\/p>\n<p>Ga yiji ga yij\u00edna ore. Enga que yajire yij\u00f5ra <em>Juse<\/em> gat\u00e9 enga yajni. Yajni ga anire, jnacarode bajade to\u0303\u0301rai yoque iji ta.<\/p>\n<p>Enga yajni ga ore chij\u00ed\u00f1ome yu uje yajn\u00edngo. Yajn\u00edngo. Ducosi tagu y\u00f3guiji ta ga yitoi. A yo se\u0303re mu a yiquecapo ri\u0303. Enga yico\u0303\u0301raja ta. Ga yijosa yedodie aja jnumi. Yi\u0303riji enga y\u00f3ji yiyojnai iji ti.<\/p>\n<p>Yij\u00f3cha iji poria tajei. Yicha iji poria tajei enga y\u00f3ji ga, ga yiji. Yij\u00edna yod\u00e1bi ga chicha poria tajei ga yiya.<\/p>\n<p>Yic\u00e1ji ti.<\/p>\n<p>Ga yiji yimoch\u00e1di ga yim\u00f3ji. Mu dire ga yiji. Yicai de ga ayor\u00e9 do yu. Yajna yur\u00e1sade iji ti, m\u00f3ntedie. Yise ore iji ti uje godogape yu. Ga yi\u0303ri mu godogu\u00e9 yu. Yi\u0303ri iji yur\u00e1sadie.<\/p>\n<p>Yajire yiquetai mu a toi d\u00farasede. Ga yajire mu a \u00edjnoque pioi iji dojo. Yajire mu a toi d\u00farasede. Cachi yiquetaque pioi. Ga yiji. Yedu er\u00e1mone uje gusu yu. Que yur\u00e1saraque er\u00e1moro cus. Gusu yu iji er\u00e1mone ga yedu er\u00e1mone.<\/p>\n<p>Mu ore erugu\u00e9jnane iji er\u00e1mone. J\u00e9 gusu yu uje yitoi dir\u00edca gu, mu yiqueta yu. Yajna yur\u00e1sadie iji er\u00e1mone. Yi\u0303ri ji toni\u00f1eque uje godogape yu.<\/p>\n<p>Yuj\u00e9 yocai mu si\u0303ri (<em>espan\u0303ol: cojo<\/em>) mu j\u00e9 yagu. Yiraja uje si\u0303ri mu j\u00e9 yagu. Godogu\u00e9 yu gu. Yise ayoredie gajneri\u0303 ga yij\u00ed\u00f1ome yajur\u00e1none iji (<em>espan\u0303ol: tapeque<\/em>).<\/p>\n<p>Ga yojninga: \u201cA yi\u0303ri jne iji ayoredie. Ga yi\u0303ri. Yise ore ir\u00e1bode cut\u00e9rone iji te ga yumu\u00f1a, mu e ore d\u00e9ji yejoi. Ga ore d\u00e9ji yejoi ga yimo ore iji ta, ga ore chimo yu. Yi\u0303r\u00edji uque ga yatata uje yimo iji ti or\u00f3di&nbsp; mu ore d\u00e9ji ejoi.\u201d<\/p>\n<p><em>Umaridat\u00e9<\/em> chojninga: \u201c\u00a1<em>Jocha<\/em> casicaite de a t\u00ed!\u201d<\/p>\n<p>Mu or\u00f3di d\u00e9ji ejoi. Yibo uje <em>Jus\u00e9<\/em> poji yejode uje edopar\u00e9. Yu\u00e1re iji yejode. Ga yibo to. Yujnusina yapade enga yibo nanique. <em>Jus\u00e9<\/em> po yejode enga yu\u00e1re ga yibo to. Chos\u00f5re yu.<\/p>\n<p>Yip\u00edsir\u00e1siji yiramai. Yi\u0303ri <em>Asomed\u00e1i<\/em> mu ore ch\u00e3raque jogadi. Ga <em>Jus\u00e9 <\/em>chiroque yu aja dajogadi. Chojninga: \u201cAjni, ga be baterama jogadi a.\u201d<\/p>\n<p>Ga yuare. Ga yibo to.<\/p>\n<p>Mu chojninga: \u201cAya. Godogu\u00e9 ua. Ca abo,\u201d chojninga <em>Jus\u00e9<\/em>.<\/p>\n<p><em>&nbsp;<\/em><\/p>\n<p><em>Enuedat\u00e9 \u2013 Tobit\u00e9, Bolivia \u2013 1970.<\/em><\/p>\n<p><em>Marina de Morarie chur\u00fas\u00e3re Enuedat\u00e9 atatagode udojo nanique.<\/em><\/p>\n<div class=\"navigation\"><div class=\"alignleft\"><a href=\"https:\/\/ayore.org\/ayo\/culture\/first-person-narratives\/me-tiraron-al-agua\/\"title=\"Betidat\u00e9 &#8211; Ore to\u0303\u0301ra yu aja yodi\"><img loading=\"lazy\" decoding=\"async\" src=\"https:\/\/ayore.org\/wp-content\/uploads\/2018\/10\/left-arrow.png\" width=\"50\" height=\"48\" alt=\"left arrow\"><\/a><\/div><div class=\"alignright\"><a href=\"https:\/\/ayore.org\/ayo\/culture\/first-person-narratives\/enueidate-bajn%cc%83arone-jiei-cho-guto-ujn%cc%83arone\/\"title=\"Enuedat\u00e9 &#8211; Jnupedogosode chuje\u0301 Enueidate\u0301 urasade nanique\"><img loading=\"lazy\" decoding=\"async\" src=\"https:\/\/ayore.org\/wp-content\/uploads\/2018\/10\/right-arrow.png\" width=\"50\" height=\"48\" alt=\"right arrow\"><\/a><\/div>\n","protected":false},"excerpt":{"rendered":"<p>Enuedate\u0301 chatata dadode&nbsp; Enueidat\u00e9 bijna nanique enga chise yodi iji poridie: A yich\u00e1ji yimoringare cuchade aja: Yico nanique ga yijoranie ore jno. Ga Toqu\u00e9 ore, ga ore chojninga: \u201cAj\u00edna ore to jne.\u201d Ga yiji ga yij\u00edna ore. Enga que yajire<\/p>\n","protected":false},"author":2,"featured_media":0,"parent":705,"menu_order":0,"comment_status":"closed","ping_status":"closed","template":"","meta":{"footnotes":""},"class_list":["post-875","page","type-page","status-publish","hentry"],"yoast_head":"<!-- This site is optimized with the Yoast SEO plugin v27.4 - https:\/\/yoast.com\/product\/yoast-seo-wordpress\/ -->\n<title>Ayore\u0301ode Gojn\u0303ane: Ayore\u0301 Do Yu\u2022 Ayore.org<\/title>\n<meta name=\"robots\" content=\"index, follow, max-snippet:-1, max-image-preview:large, max-video-preview:-1\" \/>\n<link rel=\"canonical\" href=\"https:\/\/ayore.org\/ayo\/culture\/first-person-narratives\/enuedate-ayore-do-yu\/\" \/>\n<meta property=\"og:locale\" content=\"en_US\" \/>\n<meta property=\"og:type\" content=\"article\" \/>\n<meta property=\"og:title\" content=\"Ayore\u0301ode Gojn\u0303ane: Ayore\u0301 Do Yu\u2022 Ayore.org\" \/>\n<meta property=\"og:description\" content=\"Enuedate\u0301 chatata dadode&nbsp; Enueidat\u00e9 bijna nanique enga chise yodi iji poridie: A yich\u00e1ji yimoringare cuchade aja: Yico nanique ga yijoranie ore jno. Ga Toqu\u00e9 ore, ga ore chojninga: \u201cAj\u00edna ore to jne.\u201d Ga yiji ga yij\u00edna ore. Enga que yajire\" \/>\n<meta property=\"og:url\" content=\"https:\/\/ayore.org\/ayo\/culture\/first-person-narratives\/enuedate-ayore-do-yu\/\" \/>\n<meta property=\"og:site_name\" content=\"AYOR\u00c9.ORG\" \/>\n<meta property=\"article:modified_time\" content=\"2019-05-29T01:36:57+00:00\" \/>\n<meta name=\"twitter:card\" content=\"summary_large_image\" \/>\n<meta name=\"twitter:label1\" content=\"Est. reading time\" \/>\n\t<meta name=\"twitter:data1\" content=\"2 minutes\" \/>\n<script type=\"application\/ld+json\" class=\"yoast-schema-graph\">{\"@context\":\"https:\\\/\\\/schema.org\",\"@graph\":[{\"@type\":\"WebPage\",\"@id\":\"https:\\\/\\\/ayore.org\\\/ayo\\\/culture\\\/first-person-narratives\\\/enuedate-ayore-do-yu\\\/\",\"url\":\"https:\\\/\\\/ayore.org\\\/ayo\\\/culture\\\/first-person-narratives\\\/enuedate-ayore-do-yu\\\/\",\"name\":\"Ayore\u0301ode Gojn\u0303ane: Ayore\u0301 Do Yu\u2022 Ayore.org\",\"isPartOf\":{\"@id\":\"https:\\\/\\\/ayore.org\\\/#website\"},\"datePublished\":\"2018-09-05T16:30:31+00:00\",\"dateModified\":\"2019-05-29T01:36:57+00:00\",\"breadcrumb\":{\"@id\":\"https:\\\/\\\/ayore.org\\\/ayo\\\/culture\\\/first-person-narratives\\\/enuedate-ayore-do-yu\\\/#breadcrumb\"},\"inLanguage\":\"ayo\",\"potentialAction\":[{\"@type\":\"ReadAction\",\"target\":[\"https:\\\/\\\/ayore.org\\\/ayo\\\/culture\\\/first-person-narratives\\\/enuedate-ayore-do-yu\\\/\"]}]},{\"@type\":\"BreadcrumbList\",\"@id\":\"https:\\\/\\\/ayore.org\\\/ayo\\\/culture\\\/first-person-narratives\\\/enuedate-ayore-do-yu\\\/#breadcrumb\",\"itemListElement\":[{\"@type\":\"ListItem\",\"position\":1,\"name\":\"Jogate bajai tu ude\u0301\",\"item\":\"https:\\\/\\\/ayore.org\\\/ayo\\\/\"},{\"@type\":\"ListItem\",\"position\":2,\"name\":\"Ayore\u0301ode adode, angurenone cucha ore\",\"item\":\"https:\\\/\\\/ayore.org\\\/ayo\\\/culture\\\/\"},{\"@type\":\"ListItem\",\"position\":3,\"name\":\"Ayore\u0301ode Gojn\u0303ane\",\"item\":\"https:\\\/\\\/ayore.org\\\/ayo\\\/culture\\\/first-person-narratives\\\/\"},{\"@type\":\"ListItem\",\"position\":4,\"name\":\"Enu\u00e9dat\u00e9 &#8211; Uje ayore\u0301 do yu nanique ga yise yodi iji poridie\"}]},{\"@type\":\"WebSite\",\"@id\":\"https:\\\/\\\/ayore.org\\\/#website\",\"url\":\"https:\\\/\\\/ayore.org\\\/\",\"name\":\"AYOR\u00c9.ORG\",\"description\":\"Ayore\u0301ode Uruode, Adode, Jnani bajade ati\u0301go ore \",\"potentialAction\":[{\"@type\":\"SearchAction\",\"target\":{\"@type\":\"EntryPoint\",\"urlTemplate\":\"https:\\\/\\\/ayore.org\\\/?s={search_term_string}\"},\"query-input\":{\"@type\":\"PropertyValueSpecification\",\"valueRequired\":true,\"valueName\":\"search_term_string\"}}],\"inLanguage\":\"ayo\"}]}<\/script>\n<!-- \/ Yoast SEO plugin. -->","yoast_head_json":{"title":"Ayore\u0301ode Gojn\u0303ane: Ayore\u0301 Do Yu\u2022 Ayore.org","robots":{"index":"index","follow":"follow","max-snippet":"max-snippet:-1","max-image-preview":"max-image-preview:large","max-video-preview":"max-video-preview:-1"},"canonical":"https:\/\/ayore.org\/ayo\/culture\/first-person-narratives\/enuedate-ayore-do-yu\/","og_locale":"en_US","og_type":"article","og_title":"Ayore\u0301ode Gojn\u0303ane: Ayore\u0301 Do Yu\u2022 Ayore.org","og_description":"Enuedate\u0301 chatata dadode&nbsp; Enueidat\u00e9 bijna nanique enga chise yodi iji poridie: A yich\u00e1ji yimoringare cuchade aja: Yico nanique ga yijoranie ore jno. Ga Toqu\u00e9 ore, ga ore chojninga: \u201cAj\u00edna ore to jne.\u201d Ga yiji ga yij\u00edna ore. Enga que yajire","og_url":"https:\/\/ayore.org\/ayo\/culture\/first-person-narratives\/enuedate-ayore-do-yu\/","og_site_name":"AYOR\u00c9.ORG","article_modified_time":"2019-05-29T01:36:57+00:00","twitter_card":"summary_large_image","twitter_misc":{"Est. reading time":"2 minutes"},"schema":{"@context":"https:\/\/schema.org","@graph":[{"@type":"WebPage","@id":"https:\/\/ayore.org\/ayo\/culture\/first-person-narratives\/enuedate-ayore-do-yu\/","url":"https:\/\/ayore.org\/ayo\/culture\/first-person-narratives\/enuedate-ayore-do-yu\/","name":"Ayore\u0301ode Gojn\u0303ane: Ayore\u0301 Do Yu\u2022 Ayore.org","isPartOf":{"@id":"https:\/\/ayore.org\/#website"},"datePublished":"2018-09-05T16:30:31+00:00","dateModified":"2019-05-29T01:36:57+00:00","breadcrumb":{"@id":"https:\/\/ayore.org\/ayo\/culture\/first-person-narratives\/enuedate-ayore-do-yu\/#breadcrumb"},"inLanguage":"ayo","potentialAction":[{"@type":"ReadAction","target":["https:\/\/ayore.org\/ayo\/culture\/first-person-narratives\/enuedate-ayore-do-yu\/"]}]},{"@type":"BreadcrumbList","@id":"https:\/\/ayore.org\/ayo\/culture\/first-person-narratives\/enuedate-ayore-do-yu\/#breadcrumb","itemListElement":[{"@type":"ListItem","position":1,"name":"Jogate bajai tu ude\u0301","item":"https:\/\/ayore.org\/ayo\/"},{"@type":"ListItem","position":2,"name":"Ayore\u0301ode adode, angurenone cucha ore","item":"https:\/\/ayore.org\/ayo\/culture\/"},{"@type":"ListItem","position":3,"name":"Ayore\u0301ode Gojn\u0303ane","item":"https:\/\/ayore.org\/ayo\/culture\/first-person-narratives\/"},{"@type":"ListItem","position":4,"name":"Enu\u00e9dat\u00e9 &#8211; Uje ayore\u0301 do yu nanique ga yise yodi iji poridie"}]},{"@type":"WebSite","@id":"https:\/\/ayore.org\/#website","url":"https:\/\/ayore.org\/","name":"AYOR\u00c9.ORG","description":"Ayore\u0301ode Uruode, Adode, Jnani bajade ati\u0301go ore ","potentialAction":[{"@type":"SearchAction","target":{"@type":"EntryPoint","urlTemplate":"https:\/\/ayore.org\/?s={search_term_string}"},"query-input":{"@type":"PropertyValueSpecification","valueRequired":true,"valueName":"search_term_string"}}],"inLanguage":"ayo"}]}},"_links":{"self":[{"href":"https:\/\/ayore.org\/ayo\/wp-json\/wp\/v2\/pages\/875","targetHints":{"allow":["GET"]}}],"collection":[{"href":"https:\/\/ayore.org\/ayo\/wp-json\/wp\/v2\/pages"}],"about":[{"href":"https:\/\/ayore.org\/ayo\/wp-json\/wp\/v2\/types\/page"}],"author":[{"embeddable":true,"href":"https:\/\/ayore.org\/ayo\/wp-json\/wp\/v2\/users\/2"}],"replies":[{"embeddable":true,"href":"https:\/\/ayore.org\/ayo\/wp-json\/wp\/v2\/comments?post=875"}],"version-history":[{"count":6,"href":"https:\/\/ayore.org\/ayo\/wp-json\/wp\/v2\/pages\/875\/revisions"}],"predecessor-version":[{"id":4115,"href":"https:\/\/ayore.org\/ayo\/wp-json\/wp\/v2\/pages\/875\/revisions\/4115"}],"up":[{"embeddable":true,"href":"https:\/\/ayore.org\/ayo\/wp-json\/wp\/v2\/pages\/705"}],"wp:attachment":[{"href":"https:\/\/ayore.org\/ayo\/wp-json\/wp\/v2\/media?parent=875"}],"curies":[{"name":"wp","href":"https:\/\/api.w.org\/{rel}","templated":true}]}}