{"id":873,"date":"2018-09-05T16:22:58","date_gmt":"2018-09-05T16:22:58","guid":{"rendered":"https:\/\/ayore.org\/?page_id=873"},"modified":"2019-03-18T19:09:47","modified_gmt":"2019-03-18T19:09:47","slug":"samane-guei-basui-adode-jnani-bajatique-chise-mu-todo","status":"publish","type":"page","link":"https:\/\/ayore.org\/ayo\/culture\/oral-traditions\/samane-guei-basui-adode-jnani-bajatique-chise-mu-todo\/","title":{"rendered":"Saman\u00e9 &#8211; Jnani baja\u0301tique chise Gue\u0301bi mu todo"},"content":{"rendered":"<p><em><strong>Guebi<\/strong><\/em><\/p>\n<p><strong>\u00a0<\/strong><strong><em>Jnani bajai chise guei enga cho dabi iji:<\/em><\/strong><\/p>\n<p>Jnani bajai baque nanique ga chise guei mu todop\u00edsa. Tib\u00e1gui mu chajni, chajni y\u00faode. Jose cucha u\u0303rusopis iji. Chimoche\u0303re dac\u00e3rai. Ch\u00f3ji gat\u00e9 mu todop\u00edsa. Chicapo ta iji quigade ri\u0303. Chise dag\u00fachade mu chucuepo ri\u0303. Chim\u00f3si ti iji pur\u00fadi. M\u00f3siji pur\u00fadi. A basosi nanique.<\/p>\n<p>Chichaga raja jnumi. Chojninga: \u201cA yap ua jne. Aj\u00edna yu,\u201d chojninga.<\/p>\n<p>Chi chojn\u00edngasia: \u201cYij\u00edna ua jne,\u201d mu gajn\u00e1rec uru\u00e1bode. Iyajm\u00e1nguiji jnumi gu, mu j\u00e9 irasique re to. Chipoc\u00e1susu dacar\u00e1mi aja \u00f1ane ga que ore chiraj\u00e1si gotique.\u00a0 Ore jose cucha bisid\u00e9guiji guei. Chis\u00e1si dabade uje chir\u00f5re ore ireng\u00fai. Chidota re ome ore gu, ayor\u00e9ode uje piogode d\u00e9ji. Dot\u00e3re ore ireng\u00fai gu. Areredat\u00e9si <em>Gu\u00e9bi<\/em> ga que t\u00f5r\u00edasi piotique gu. C\u00e1si udui; d\u00e9ji ac\u00e3rai, mu p\u00f3si. Chose yui. Dot\u00e3re ore ireng\u00fai gu uje piot\u00edgo d\u00e9ji. Mu isang\u00f3ri chijn\u00f3rasip\u00edsa. Chisasi jmanec\u00e1bi.<\/p>\n<p>Chojninga: \u201cYap ua. Que chugu\u00e9 ua.\u201d Chim\u00e1nosi aja deg\u00fai mu chij\u00f1ecar\u00f3si aja dabai ome ore dot\u00e1ningai.<\/p>\n<p>Dire u\u00f1eque ga ore baque ga chi irasique dasaso\u0303\u0301ri. Chi chijno cute\u0303\u0301ri mu chi cajnorip\u00edsiji. Chir\u00f3gaja chico\u0303\u0301ri uje cajn\u00f3riji. Chi chim\u00f3si chico\u0303\u0301ram\u00ed uje at\u00ed\u00e3p. Isaso\u0303\u0301ri chajire mu chojninga: \u201cA ca chejna yuy\u00e1di jne.\u201d Uje cajnoripise gu uje chijno cute\u0303\u0301ri iji ta. Que chajire dabi yui go mu e chijose chico\u0303\u0301ri mu que chijose go. Chijose dac\u00e3rai. \u00a1Cho <em>s\u00f5rororo<\/em>! Yodi d\u00e9ji ac\u00e3rai. Abi chir\u00f3gaja jnumi, isaso\u0303\u0301ri.<\/p>\n<p>Chojninga: \u201cBe jnumi ga \u00f3ji yijoyai. Iragup\u00fasu bajo.\u201d<\/p>\n<p>Jos eti chico\u0303\u0301ri, day\u00e9. Ch\u00f3ji mu areredat\u00e9. Mu que chiraja. Ji\u0303rique chipoc\u00e1supo dac\u00e3rai gu. Jos eti chico\u0303\u0301ri taja dajoyai. J\u00e9 abi gatoi tu udui. Mu c\u00e1ma chiraja.<\/p>\n<p>\u201cCucha areredat\u00e9 bajoyai. Abape que mu chico\u0303\u0301ram\u00ed.\u201d<\/p>\n<p>Mu <em>Gu\u00e9bi<\/em> que nar\u00e1rosi. Chiraja gu uje dac\u00e3rai u.<\/p>\n<p>Dire u\u00f1ai ga b\u00e1gasiapo ri\u0303. Day\u00e9 chojninga: \u201cYabi, aj\u00edna yu.\u201d<\/p>\n<p>Chojninga: \u201cQu\u00e9 yij\u00edna ua jne.\u201d<\/p>\n<p>Mu adi j\u00e9 u dadi uje cajnore uje chijno cute\u0303\u0301ri. E chiraja. C\u00e1ma chirajapise mu e chachase. \u201cA yajiripise basocai gajneri\u0303 jeta ajose chico\u0303\u0301ri.\u201d<\/p>\n<p>Chojninga: \u201cBe chico\u0303\u0301ri ga ajose. Yicajn\u00f3riji.\u201d<\/p>\n<p>Adi j\u00e9 u bajai tu. Doi chico\u0303\u0301ri\u00a0 mu abape yug\u00e1bia. Chi chajni cute\u0303\u0301ri isang\u00f3ri mu ji\u0303rique edo u\u00f1a, edo gapudi chajire yui uje e chachase dir\u00edca gu. Chijose dac\u00e3rai mu e chiraja. Todop\u00edsa dabi.<\/p>\n<p>Chojninga: \u201cA cuchape yabi \u00a1j\u00f5!\u201d<\/p>\n<p>Uje chej\u00f1u dac\u00e3rai mu yodi to\u0303\u0301raji. Jot\u00e1bia d\u00e9siji gai.<\/p>\n<p>Ch\u00f3ji dabi ijoyai mu areredat\u00e9. \u201cCuchape ua ya, yab\u00ed a? A ap\u00f3gu bat\u00edgome yu.\u201d Mu que nar\u00e1rosi ababi.<\/p>\n<p>Quigade mu e jnosi. Que yiraja gotique uje jnosi uje ur\u00e1sa ayor\u00e9ode. Diyajm\u00e1nguiji ore gari.<\/p>\n<p>Ore b\u00e1gapo ri\u0303 uje jnosi gajneri\u0303. Mu que jnusina dabi iji deg\u00fai gotique jeta chij\u00edna. Chojninga: \u201cYicadique yabi tuqu\u00e9 \u00a1j\u00f5! A uj\u00f3rique dis\u00edrique chuj\u00e9 gajneri\u0303. A p\u00f3si ga.\u00a0 A jn\u00f3si ga.\u201d<\/p>\n<p>Mu ore tibid\u00f3si <em>Gu\u00e9bi<\/em>, jnani bajade abode. Ore chojninga: \u201cBo ji te \u00e1. Yuch\u00edgobi \u00f1ane. Yingan\u00e1ngope \u00f1ane.\u201d<\/p>\n<p>Ore chuch\u00edesi \u00f1ane uje ore canare \u00f1ane. Mu <em>Gu\u00e9bi<\/em> p\u00e9su bajac, dagu\u00edjnai. Chojninga: \u201cAyape jne. J\u00e9 yip\u00e9su yigu\u00edjnai bajac.\u201d<\/p>\n<p>U\u00e1sejna \u00e3re gu. Que ore chiraja uje dayode doi gajneri\u0303. <em>Gu\u00e9bi<\/em> que pota paj\u00f1amini mu ore potap\u00edsa, ayor\u00e9ode abode. E p\u00e9susu dagu\u00edjnami ga uerat igu\u00edjnai. Chimate ga e doi ore. Canare ore mu qu\u00e9 na dasang\u00f3ri ug\u00fachade taja igu\u00edjnai bajaque. Mu u\u00f1eque chuch\u00edesi de jman\u00e9ro ga chi qui\u0303rique \u00e1jningarape to. Ur\u00f5so uchi\u00e9jnai ji jman\u00e9ro. Chengame ur\u00e1ya mu qued\u00e9jna. Cho ajnorane. Gaidi tu jeta ore chudute, urasade.<\/p>\n<p>Chaj\u00faguiji ti igu\u00edjnai piagode, urasade. Chingo aja ore gu uje ore doi jnumi. Iyajm\u00e1nguipis uje base gotique nanique, mu que ore chiraja, jnani bajade. Ore cho guei iji. Que yiraja jeta Jesuse u nanique. Ore doi jnumi, ur\u00e1sade. Ore jnosi \u00fadi. U\u00e1sejnapise guei uje jnosi gajneri\u0303. Ore chajire mu e ore dosi ore ababi iji jnumi. Ore gaid\u00e1bi dababi iji jnumi.<\/p>\n<p><em>Gu\u00e9bi<\/em> chojninga: \u201cYapade a ore di jne,\u201d mu que ore todo. Ore josipise ayorep\u00edsiji day\u00e9. Day\u00e9 u gu\u00e9ode. Que ojningai u ayor\u00e9 go, isaso\u0303\u0301ri. Chojninga: \u201cCa acay\u00f3ji yigu\u00edjnai. Sijnac u\u00e1gome yu gu.\u201d<\/p>\n<p>Mu ore chojninga: \u201cQue gu\u00e9rique cuse to,\u201d disiode.<\/p>\n<p>Mu chi e beque ga u\u00e1sejnapise. Guei abujade iji ore ejode. Cho dejade. U\u00e1sejnapise guei, mu <em>Gu\u00e9bi<\/em> que pota disi sijn\u00e1ngone ore ucode ome dagu\u00edjnai. Que pota chequ\u00e9 sijn\u00e1ngueraque, jnani sijn\u00e1tique ri\u0303. Chetac ore. Pota ayor\u00e9 par\u00e1gode ome dagu\u00edjnai jeta ore chac\u00e1ja ome guei ome dayode.<\/p>\n<p>E ore toi ayor\u00e9 abode uje guei chinire poridie. Que pijoque jnutic. Mu ipesudi igu\u00edjnai chicai gat\u00e9. Yodi que chac\u00e1ja go. Mu que pota jeta chuj\u00e9 isango\u0303\u0301ri, acot\u00e9 ore. Ore d\u00e9ji er\u00e1mi mu e ore chicai igu\u00edjnai yui. Isang\u00f3ri abode d\u00e9poji igu\u00edjnai ajei to. Que pota j\u00e9ta chuj\u00e9 ore. Chimo dasango\u0303\u0301ri ga ji\u0303rique to\u0303\u0301ra ore aja dagu\u00edjnai ajei. Irasique ore gu. Mu e jno.<\/p>\n<p>Chojningame dasango\u0303\u0301ri: \u201cAr\u00e1ngome cucha sijn\u00e1ngone jne iji yigu\u00edjnai.\u201d<\/p>\n<p>Isang\u00f3ri ch\u00e3raque. Iyajmanguipise mu que ore tagu dabotic uje iyajmaque guei casodicai, mu ore borade d\u00e9ji ore gari iji ajei, yocade mu e gar\u00f3si uje guedoside e gare. E pijoque poridie acarane. E ore changureta. Guedoside chejna yijmanai uje e \u00edjnoque yodi iji er\u00e1mone. Ore doi guesi iji igu\u00edjnai. Ore chajuque dabai uje que piag\u00f3rique cus. Ore to\u0303\u0301raji dasingap\u00eddi.<\/p>\n<p><em>\u00a0<\/em><\/p>\n<p><em>Saman\u00e9 \u2013 Tobit\u00e9, Bolivia \u2013 1970.<\/em><\/p>\n<p><em>Joyce Davis Buchegger chur\u00fas\u00e3re Saman\u00e9 atatagode udojo.<\/em><\/p>\n<div class=\"navigation\"><div class=\"alignleft\"><a href=\"https:\/\/ayore.org\/ayo\/culture\/oral-traditions\/\"title=\"Ayore\u0301ode Ate Bajade\"><img loading=\"lazy\" decoding=\"async\" src=\"https:\/\/ayore.org\/wp-content\/uploads\/2018\/10\/left-arrow.png\" width=\"50\" height=\"48\" alt=\"left arrow\"><\/a><\/div><div class=\"alignright\"><a href=\"https:\/\/ayore.org\/ayo\/culture\/oral-traditions\/manuelne-dachagaide\/\"title=\"Manue\u0301lne\u0301 &#8211; Sijnaque Dachagaid\u00e9 enga cachi yuque ayore\u0301ode\"><img loading=\"lazy\" decoding=\"async\" src=\"https:\/\/ayore.org\/wp-content\/uploads\/2018\/10\/right-arrow.png\" width=\"50\" height=\"48\" alt=\"right arrow\"><\/a><\/div>\n","protected":false},"excerpt":{"rendered":"<p>Guebi \u00a0Jnani bajai chise guei enga cho dabi iji: Jnani bajai baque nanique ga chise guei mu todop\u00edsa. Tib\u00e1gui mu chajni, chajni y\u00faode. Jose cucha u\u0303rusopis iji. Chimoche\u0303re dac\u00e3rai. Ch\u00f3ji gat\u00e9 mu todop\u00edsa. Chicapo ta iji quigade ri\u0303. Chise dag\u00fachade<\/p>\n","protected":false},"author":2,"featured_media":0,"parent":717,"menu_order":0,"comment_status":"closed","ping_status":"closed","template":"","meta":{"footnotes":""},"class_list":["post-873","page","type-page","status-publish","hentry"],"yoast_head":"<!-- This site is optimized with the Yoast SEO plugin v27.4 - https:\/\/yoast.com\/product\/yoast-seo-wordpress\/ -->\n<title>Ayore\u0301ode Ate Bajade: Guei Basui adode - Jnani Baja\u0301tique Chise Mu Todo \u2022 Ayore.org<\/title>\n<meta name=\"robots\" content=\"index, follow, max-snippet:-1, max-image-preview:large, max-video-preview:-1\" \/>\n<link rel=\"canonical\" href=\"https:\/\/ayore.org\/ayo\/culture\/oral-traditions\/samane-guei-basui-adode-jnani-bajatique-chise-mu-todo\/\" \/>\n<meta property=\"og:locale\" content=\"en_US\" \/>\n<meta property=\"og:type\" content=\"article\" \/>\n<meta property=\"og:title\" content=\"Ayore\u0301ode Ate Bajade: Guei Basui adode - Jnani Baja\u0301tique Chise Mu Todo \u2022 Ayore.org\" \/>\n<meta property=\"og:description\" content=\"Guebi \u00a0Jnani bajai chise guei enga cho dabi iji: Jnani bajai baque nanique ga chise guei mu todop\u00edsa. Tib\u00e1gui mu chajni, chajni y\u00faode. Jose cucha u\u0303rusopis iji. Chimoche\u0303re dac\u00e3rai. Ch\u00f3ji gat\u00e9 mu todop\u00edsa. Chicapo ta iji quigade ri\u0303. Chise dag\u00fachade\" \/>\n<meta property=\"og:url\" content=\"https:\/\/ayore.org\/ayo\/culture\/oral-traditions\/samane-guei-basui-adode-jnani-bajatique-chise-mu-todo\/\" \/>\n<meta property=\"og:site_name\" content=\"AYOR\u00c9.ORG\" \/>\n<meta property=\"article:modified_time\" content=\"2019-03-18T19:09:47+00:00\" \/>\n<meta name=\"twitter:card\" content=\"summary_large_image\" \/>\n<meta name=\"twitter:label1\" content=\"Est. reading time\" \/>\n\t<meta name=\"twitter:data1\" content=\"5 minutes\" \/>\n<script type=\"application\/ld+json\" class=\"yoast-schema-graph\">{\"@context\":\"https:\\\/\\\/schema.org\",\"@graph\":[{\"@type\":\"WebPage\",\"@id\":\"https:\\\/\\\/ayore.org\\\/ayo\\\/culture\\\/oral-traditions\\\/samane-guei-basui-adode-jnani-bajatique-chise-mu-todo\\\/\",\"url\":\"https:\\\/\\\/ayore.org\\\/ayo\\\/culture\\\/oral-traditions\\\/samane-guei-basui-adode-jnani-bajatique-chise-mu-todo\\\/\",\"name\":\"Ayore\u0301ode Ate Bajade: Guei Basui adode - Jnani Baja\u0301tique Chise Mu Todo \u2022 Ayore.org\",\"isPartOf\":{\"@id\":\"https:\\\/\\\/ayore.org\\\/#website\"},\"datePublished\":\"2018-09-05T16:22:58+00:00\",\"dateModified\":\"2019-03-18T19:09:47+00:00\",\"breadcrumb\":{\"@id\":\"https:\\\/\\\/ayore.org\\\/ayo\\\/culture\\\/oral-traditions\\\/samane-guei-basui-adode-jnani-bajatique-chise-mu-todo\\\/#breadcrumb\"},\"inLanguage\":\"ayo\",\"potentialAction\":[{\"@type\":\"ReadAction\",\"target\":[\"https:\\\/\\\/ayore.org\\\/ayo\\\/culture\\\/oral-traditions\\\/samane-guei-basui-adode-jnani-bajatique-chise-mu-todo\\\/\"]}]},{\"@type\":\"BreadcrumbList\",\"@id\":\"https:\\\/\\\/ayore.org\\\/ayo\\\/culture\\\/oral-traditions\\\/samane-guei-basui-adode-jnani-bajatique-chise-mu-todo\\\/#breadcrumb\",\"itemListElement\":[{\"@type\":\"ListItem\",\"position\":1,\"name\":\"Jogate bajai tu ude\u0301\",\"item\":\"https:\\\/\\\/ayore.org\\\/ayo\\\/\"},{\"@type\":\"ListItem\",\"position\":2,\"name\":\"Ayore\u0301ode adode, angurenone cucha ore\",\"item\":\"https:\\\/\\\/ayore.org\\\/ayo\\\/culture\\\/\"},{\"@type\":\"ListItem\",\"position\":3,\"name\":\"Ayore\u0301ode Ate Bajade\",\"item\":\"https:\\\/\\\/ayore.org\\\/ayo\\\/culture\\\/oral-traditions\\\/\"},{\"@type\":\"ListItem\",\"position\":4,\"name\":\"Saman\u00e9 &#8211; Jnani baja\u0301tique chise Gue\u0301bi mu todo\"}]},{\"@type\":\"WebSite\",\"@id\":\"https:\\\/\\\/ayore.org\\\/#website\",\"url\":\"https:\\\/\\\/ayore.org\\\/\",\"name\":\"AYOR\u00c9.ORG\",\"description\":\"Ayore\u0301ode Uruode, Adode, Jnani bajade ati\u0301go ore \",\"potentialAction\":[{\"@type\":\"SearchAction\",\"target\":{\"@type\":\"EntryPoint\",\"urlTemplate\":\"https:\\\/\\\/ayore.org\\\/?s={search_term_string}\"},\"query-input\":{\"@type\":\"PropertyValueSpecification\",\"valueRequired\":true,\"valueName\":\"search_term_string\"}}],\"inLanguage\":\"ayo\"}]}<\/script>\n<!-- \/ Yoast SEO plugin. -->","yoast_head_json":{"title":"Ayore\u0301ode Ate Bajade: Guei Basui adode - Jnani Baja\u0301tique Chise Mu Todo \u2022 Ayore.org","robots":{"index":"index","follow":"follow","max-snippet":"max-snippet:-1","max-image-preview":"max-image-preview:large","max-video-preview":"max-video-preview:-1"},"canonical":"https:\/\/ayore.org\/ayo\/culture\/oral-traditions\/samane-guei-basui-adode-jnani-bajatique-chise-mu-todo\/","og_locale":"en_US","og_type":"article","og_title":"Ayore\u0301ode Ate Bajade: Guei Basui adode - Jnani Baja\u0301tique Chise Mu Todo \u2022 Ayore.org","og_description":"Guebi \u00a0Jnani bajai chise guei enga cho dabi iji: Jnani bajai baque nanique ga chise guei mu todop\u00edsa. Tib\u00e1gui mu chajni, chajni y\u00faode. Jose cucha u\u0303rusopis iji. Chimoche\u0303re dac\u00e3rai. Ch\u00f3ji gat\u00e9 mu todop\u00edsa. Chicapo ta iji quigade ri\u0303. Chise dag\u00fachade","og_url":"https:\/\/ayore.org\/ayo\/culture\/oral-traditions\/samane-guei-basui-adode-jnani-bajatique-chise-mu-todo\/","og_site_name":"AYOR\u00c9.ORG","article_modified_time":"2019-03-18T19:09:47+00:00","twitter_card":"summary_large_image","twitter_misc":{"Est. reading time":"5 minutes"},"schema":{"@context":"https:\/\/schema.org","@graph":[{"@type":"WebPage","@id":"https:\/\/ayore.org\/ayo\/culture\/oral-traditions\/samane-guei-basui-adode-jnani-bajatique-chise-mu-todo\/","url":"https:\/\/ayore.org\/ayo\/culture\/oral-traditions\/samane-guei-basui-adode-jnani-bajatique-chise-mu-todo\/","name":"Ayore\u0301ode Ate Bajade: Guei Basui adode - Jnani Baja\u0301tique Chise Mu Todo \u2022 Ayore.org","isPartOf":{"@id":"https:\/\/ayore.org\/#website"},"datePublished":"2018-09-05T16:22:58+00:00","dateModified":"2019-03-18T19:09:47+00:00","breadcrumb":{"@id":"https:\/\/ayore.org\/ayo\/culture\/oral-traditions\/samane-guei-basui-adode-jnani-bajatique-chise-mu-todo\/#breadcrumb"},"inLanguage":"ayo","potentialAction":[{"@type":"ReadAction","target":["https:\/\/ayore.org\/ayo\/culture\/oral-traditions\/samane-guei-basui-adode-jnani-bajatique-chise-mu-todo\/"]}]},{"@type":"BreadcrumbList","@id":"https:\/\/ayore.org\/ayo\/culture\/oral-traditions\/samane-guei-basui-adode-jnani-bajatique-chise-mu-todo\/#breadcrumb","itemListElement":[{"@type":"ListItem","position":1,"name":"Jogate bajai tu ude\u0301","item":"https:\/\/ayore.org\/ayo\/"},{"@type":"ListItem","position":2,"name":"Ayore\u0301ode adode, angurenone cucha ore","item":"https:\/\/ayore.org\/ayo\/culture\/"},{"@type":"ListItem","position":3,"name":"Ayore\u0301ode Ate Bajade","item":"https:\/\/ayore.org\/ayo\/culture\/oral-traditions\/"},{"@type":"ListItem","position":4,"name":"Saman\u00e9 &#8211; Jnani baja\u0301tique chise Gue\u0301bi mu todo"}]},{"@type":"WebSite","@id":"https:\/\/ayore.org\/#website","url":"https:\/\/ayore.org\/","name":"AYOR\u00c9.ORG","description":"Ayore\u0301ode Uruode, Adode, Jnani bajade ati\u0301go ore ","potentialAction":[{"@type":"SearchAction","target":{"@type":"EntryPoint","urlTemplate":"https:\/\/ayore.org\/?s={search_term_string}"},"query-input":{"@type":"PropertyValueSpecification","valueRequired":true,"valueName":"search_term_string"}}],"inLanguage":"ayo"}]}},"_links":{"self":[{"href":"https:\/\/ayore.org\/ayo\/wp-json\/wp\/v2\/pages\/873","targetHints":{"allow":["GET"]}}],"collection":[{"href":"https:\/\/ayore.org\/ayo\/wp-json\/wp\/v2\/pages"}],"about":[{"href":"https:\/\/ayore.org\/ayo\/wp-json\/wp\/v2\/types\/page"}],"author":[{"embeddable":true,"href":"https:\/\/ayore.org\/ayo\/wp-json\/wp\/v2\/users\/2"}],"replies":[{"embeddable":true,"href":"https:\/\/ayore.org\/ayo\/wp-json\/wp\/v2\/comments?post=873"}],"version-history":[{"count":3,"href":"https:\/\/ayore.org\/ayo\/wp-json\/wp\/v2\/pages\/873\/revisions"}],"predecessor-version":[{"id":3507,"href":"https:\/\/ayore.org\/ayo\/wp-json\/wp\/v2\/pages\/873\/revisions\/3507"}],"up":[{"embeddable":true,"href":"https:\/\/ayore.org\/ayo\/wp-json\/wp\/v2\/pages\/717"}],"wp:attachment":[{"href":"https:\/\/ayore.org\/ayo\/wp-json\/wp\/v2\/media?parent=873"}],"curies":[{"name":"wp","href":"https:\/\/api.w.org\/{rel}","templated":true}]}}