{"id":869,"date":"2018-08-31T18:21:12","date_gmt":"2018-08-31T18:21:12","guid":{"rendered":"https:\/\/ayore.org\/?page_id=869"},"modified":"2019-03-18T18:17:26","modified_gmt":"2019-03-18T18:17:26","slug":"samane-corabe-canare-dajmainone-jnacare","status":"publish","type":"page","link":"https:\/\/ayore.org\/ayo\/culture\/oral-traditions\/samane-corabe-canare-dajmainone-jnacare\/","title":{"rendered":"Samane &#8211; Corabe\u0301 canare dajma\u0301inone jnacare"},"content":{"rendered":"<p><em>\u00a0<strong>Corab\u00e9<\/strong><\/em><\/p>\n<p><em>Corab\u00e9<\/em> jor\u00e3 tu <em>Guiriamia<\/em> ga ore cho daj\u00f5ra ome \u00f1ane. Ore chojningame \u00f1ane: \u201cYij\u00f5ra.\u201d Boquere ore ga ore canare dajm\u00e1inone jnacare. Chi ore ajm\u00e1ini u <em>Caric Icha<\/em>, jnacare gatoi. Ore chuju datui aja guesi. Ore chajningarase gatererodie. Que sueapo ri\u0303. Ore canare gu. Ujo gapudie ore chojningame <em>Corab\u00e9<\/em>: \u201cAya bajm\u00e1inone. A topie ba\u00f3rique jne. Ore tujua pioi gueguerade.\u201d<\/p>\n<p>\u201cA ca topie yu. Y\u00e9sariji yodi jne ga ichapo yaoi ri\u0303,\u201d chojninga.<\/p>\n<p><em>Jongongo<\/em> (espan\u0303ol: sapo) que churu re. Irasique jnacarode gu. Mu jnacarode ore <em>*erutodie <\/em>p\u00e9su ug\u00f3rodie iji gai. Chibica iji dabai uje dorit. Chajn\u00e9ra d\u00e1di uje p\u00e9su, p\u00e9su iji gai, ug\u00f3rodie.<\/p>\n<p><em>Guiramia<\/em> j\u00f5ra tu <em>Corab\u00e9<\/em>. <em>Bujote<\/em> (espan\u0303ol: pa\u0301jaro) j\u00f5ra tu <em>Jongongo<\/em>. <em>Caric Ichai<\/em> gajm\u00e1inenie jiei \u2013\u00a0 <em>Guiriamia, Corab\u00e9, Bujote, Jongongo<\/em> ore.<\/p>\n<p>Jnacarode ore changureta jeta doi, mu que doi ore, <em>Corab\u00e9<\/em>. Cachi gajmai tu ore. Ore potap\u00edsa gu. Mu <em>Corab\u00e9 <\/em>ab\u00e1yabi carujnangue eruso\u0303\u0301rami su jne.<\/p>\n<p>Chi chacho ore uje moi tome, <em>Corab\u00e9<\/em>. Chi jno. Cheru carujnangue. Ore chucu\u00e9 jeta ore doi. Ore chojninga: \u201cJ\u00e9 yacot\u00e9 jeta yise jne. J\u00e9 yacot\u00e9 jeta ca yiya jne.\u201d Ore potap\u00edsa uje p\u00f3roro gu. Ore chichaga daj\u00e9ode taja jnese, jnacarode. Ore chojninga: \u201cA yacot\u00e9rase, a yacot\u00e9rase.\u201d<\/p>\n<p>Ore pota jnese. Ore chojninga: \u201cBoyo yico. Yico ga yar\u00e1ngo y\u00f3guiji yoquisorane jne.\u201d Chi ore chutai jnese. Ore pota j\u00f5roque <em>Corab\u00e9<\/em>. Que toc jeta doi u\u00f1ec. Cachi ajmai ore. Chi ore chacho ud\u00e9 niriji ga <em>Corab\u00e9<\/em> chojninga: \u201cA yimope jne.\u201d<\/p>\n<p>Chi jno. Chojninga: \u201cA yiji. Yeru por\u00eda jne. Yip\u00f3gu yu ome yajm\u00e1inone jne.\u201d<\/p>\n<p>Chiraja gu ga ore chucu\u00e9 jne. Ji\u0303rique p\u00f3gu re. Cheru carujnangue iji ti. Chi chingo raja daj\u00f5ranie. Chojninga: \u201cU\u00f1ec a chise yu jne, a yabai jne iji yiyang\u00f3ri. A yeru carujnangue ga yimo iji gatei jne.\u201d<\/p>\n<p>Chi ore chatata uruode, joranie uje jnacarode que ore chise gu. Ore chojninga: \u201cCajicho poridie gat\u00e9ode uje chojninga, \u2018A yimo iji por\u00eda gatei jne.\u2019\u201d<\/p>\n<p>Chi ore chucu\u00e9 mu ji\u0303rique ore chise. D\u00e9ji poria gatei. Iyang\u00f3ri chojninga: \u201cD\u00e9 daque, mu poria carujna aja jnumi.\u201d Chi ji\u0303rique cherur\u00e1su mu carujna aja jnumi, poria.<\/p>\n<p>\u201c \u00a1D\u00e9 daque. Ga beyoi to mu d\u00e9ji poria iji gatei e!\u201d<\/p>\n<p>Chi ore quejna yui. Ore chojninga: \u201c\u00a1Chi d\u00e9 daque e! mu id\u00e1ja jnumi. M\u00f3ji ti, por\u00eda ujai.\u201d Jiei ore iji poria \u00fadi.<\/p>\n<p>Joranie ore chatata uruode que uje chojninga: \u201cYiyang\u00f3ri yabai jne.\u201d Ore chojninga: \u201cU\u00f1eque iya ga j\u00e9 acot\u00e9 jne.\u201d<\/p>\n<p>U\u00f1ai chojninga: \u201cYip\u00e9su \u00a1pu! yiya j\u00f5.\u201d<\/p>\n<p>U\u00f1ai chojninga: \u201c\u00a1Yichai yiquei j\u00f5! A yacot\u00e9.\u201d<\/p>\n<p><em>Corab\u00e9<\/em> chojninga: \u201cA gajn\u00e1reque yiyang\u00f3nic u mar\u00ednga, a j\u00e9 yabai jne.\u201d Chojning\u00e1po ri\u0303 uje ore chise: \u201cA yabai jne yiyang\u00f3nic.\u201d<\/p>\n<p>Ore chajo \u00fadi.<\/p>\n<p>Chojninga: \u201cEcho yu. Yibai tu yiyang\u00f3nique jne.\u201d<\/p>\n<p>Ore jnusi j\u00f3rogome. \u201cYip\u00e9su \u00a1pu! ga yiya j\u00f5.\u201d Chi ore cheru mu cho caru aja jnumone, cho caru aja jnumone. Ore charat\u00e1yime ayor\u00e9ode ome \u00f1ane. Ore chojninga: \u201cCa ese\u00a0 gajneri\u0303 \u00a1pu j\u00f5! Ca ese gajneri\u0303 \u00a1pu j\u00f5!\u201d<\/p>\n<p>U\u00f1ane ore chojningame daguiosode: \u201cEse gajneri\u0303 \u00a1pu j\u00f5! Ese gajneri\u0303 \u00a1pu j\u00f5!\u201d<\/p>\n<p><em>Corab\u00e9<\/em> chi chojninga: \u201cAguin\u00e9cho. Ayor\u00e9 yiyang\u00f3nique, a yabai gosi gajneri\u0303.\u201d Chisi ome dajmanai ome ore. Chojninga: \u201c\u00a1Asa yijmanai, asa yijmanai!\u201d mu cho caru, caru aja jnumone.<\/p>\n<p>U\u00f1ane chojninga: \u201c\u00a1Pu o! Ca asa gajneri\u0303. \u00a1Pu o! Ca asa gajneri\u0303. O caru ua aja jnumi. O caru ua aja jnumi.\u201d<\/p>\n<p>U\u00f1ane chojninga: \u201c\u00a1Pu a! asa gajner\u00ed. \u00a1Pu a! asa gajner\u00ed.\u201d Jiei ore iji carujnangue \u00fadi. Ore chajo \u00fadi ga guesa \u00fadi.<\/p>\n<p>Chi e iyang\u00f3ri di. I tu \u2018<em>Carujn\u00e1ngue Eruso\u0303\u0301ri<\/em>\u2019. Chojninga: \u201cAjoso da ti. Yise gajneri\u0303 ga yacot\u00e9 jne.\u201d<\/p>\n<p>Ore charat\u00e1yime acot\u00e9 ome uje chise gat\u00e9 uje chi gajn\u00e1reque gu, ayorei. Iyang\u00f3ri u \u2018<em>Carujn\u00e1ngue Eruso\u0303\u0301ri<\/em>\u2019. Chi cheru caru, caru uje cata isagode gu. Que carujna isatique go.<\/p>\n<p>Corab\u00e9 chojninga: \u201c\u00a1Aguito!\u201d Chi e chisa gapua jmanai. Chi e chim\u00e1naja dari. Chi ore tagu u\u00f1ane uredie iji gat\u00e9 uje chimate raja.<\/p>\n<p>Ayor\u00e9ode ore chetac uje gajn\u00e1rec ayorei mu uerad\u00e9 acot\u00e9.<\/p>\n<p><em>Corab\u00e9<\/em> chojninga: \u201cJ\u00e9 yur\u00fao que gu. A j\u00e9 yabai yiyag\u00f3nic. A disi mar\u00ednga, j\u00e9 yabai jne. Yap\u00fasa yamanique jeta u\u00f1eque iya yu.\u201d Chi gajnar\u00e9nguip\u00edse abai mu j\u00e9 ur\u00fao que gu. Que chi\u0303ro dar\u00fao. \u00c1yipie chojm\u00e1ra. Jecute que ch\u00e3ra dojo ayor\u00e9ric.<\/p>\n<p style=\"padding-left: 30px;\">(A Dupade \u00e1tapie nanique <em>Corab\u00e9<\/em>. Coj\u00f1one quic uj\u00e1idie u gu. Coj\u00f1oc ayor\u00e9ode quic uj\u00e1idie <em>Jongongo<\/em> (Bolivianos) jecute ore *tabua bisidec, jnacarode. )<\/p>\n<p><strong><em>Saman\u00e9 e jnopo datatagode \u00fadi ri\u0303:<\/em><\/strong><\/p>\n<p>Abai e na darei taja pijnani. <em>Corab\u00e9<\/em> chi chojninga: \u201cA yij\u00edna ua aja jnumi jne, mu que yise baredie.\u201d Obir\u00e9jna uje ca to\u0303\u0301ra gajneri\u0303 go. A ca chise unerotigu\u00e9ric. A ca tagur\u00e1su uredie. <em>Carujnangue Eruso\u0303\u0301ri<\/em> ch\u00e1cariji Corab\u00e9 etar\u00fadode gai.<\/p>\n<p>Mu jnacarode chetac. Ore chojninga: \u201c\u00a1Beyoi ga yuj\u00e9 ga!\u201d Mu iguiosode narare gai ga que ore chuj\u00e9. Ore chojningame <em>Corab\u00e9<\/em> abai: \u201cA yico \u00fadi.\u201d<\/p>\n<p style=\"padding-left: 30px;\"><em>(<\/em>Ore jno \u00fadi ga <em>Corab\u00e9<\/em> iguiosode n\u00f3na. Abai iguiosode nonapo ri\u0303. Ore qui tu uacanirone. Que igu\u00ednique cus <em>Corab\u00e9<\/em>. Jecute que uacagu\u00ednique cus. Yim\u00f3ngo <em>Juana <\/em>(<em>Dye<\/em>) casica ga <em>Ejenai<\/em> chojninga: \u201cA amanique d\u00e9ji sa\u00f1eque ga aoi p\u00f3roro to. <em>Corab\u00e9<\/em> quic uj\u00e1idie gu nanique. A coj\u00f1oque p\u00f3roro irasique yoque uje ore quic uj\u00e1idie irasique yoque nanique. Ore quic uj\u00e1idie u <em>Corab\u00e9<\/em> nanique.\u201d Chiraja nanique <em>Ejenai<\/em> uje p\u00f3roro. <em>Queseid\u00e1quide, Esoqued\u00e9jnan\u00e1i<\/em> chojninga: \u201cBoyo yico. Yajo ore pot\u00edgo to. Cachi canirac ore iji daquic uj\u00e1idie nanique.\u201d)<\/p>\n<p><strong><em>Saman\u00e9 e jnopo datatagode \u00fadi ri\u0303:<\/em><\/strong><\/p>\n<p><em>Jot\u00f3jnai<\/em> chug\u00faja <em>Corab\u00e9<\/em> abai. Que aj\u00e9nique tejnu ome go. Chi chojninga: \u201cA yiji. Yico \u00fadi jne.\u201d<\/p>\n<p>Mu todo <em>Corab\u00e9 <\/em>abai y\u00faode to uje iguiosode jiei. <em>Corab\u00e9<\/em> chos\u00f5re dabai uje ore chet\u00e1gome. U\u00f1ane ore chojninga: \u201cA yuj\u00e9 iji batigai jne.\u201d<\/p>\n<p>U\u00f1ane ore chojninga: \u201cYuj\u00e9 ga yijna acot\u00e9 aja yu.\u201d Ore tim\u00edninga aja ajes\u00faode, abai, jeta ore chuj\u00e9. Mu chiraja ore, acot\u00e9, ga chojningame dabai: \u201c\u00a1Boyo yico!\u201d<\/p>\n<p><em>\u00a0<\/em><\/p>\n<p><em>Samane \u2013 Tobit\u00e9, Bolivia \u2013 diciembre de 1960.<\/em><\/p>\n<p><em>Joyce Davis Buchegger chur\u00fas\u00e3re Saman\u00e9 atatagode udojo nanique.<\/em><\/p>\n<div class=\"navigation\"><div class=\"alignleft\"><a href=\"https:\/\/ayore.org\/ayo\/culture\/oral-traditions\/adudui-chirote-nujna\/\"title=\"Saman\u00e9 &#8211; Adudui chirote nujna\"><img loading=\"lazy\" decoding=\"async\" src=\"https:\/\/ayore.org\/wp-content\/uploads\/2018\/10\/left-arrow.png\" width=\"50\" height=\"48\" alt=\"left arrow\"><\/a><\/div><div class=\"alignright\"><a href=\"https:\/\/ayore.org\/ayo\/culture\/teachings\/\"title=\"Ayore\u0301ode Acajnaque\u0301ode\"><img loading=\"lazy\" decoding=\"async\" src=\"https:\/\/ayore.org\/wp-content\/uploads\/2018\/10\/right-arrow.png\" width=\"50\" height=\"48\" alt=\"right arrow\"><\/a><\/div>\n","protected":false},"excerpt":{"rendered":"<p>\u00a0Corab\u00e9 Corab\u00e9 jor\u00e3 tu Guiriamia ga ore cho daj\u00f5ra ome \u00f1ane. Ore chojningame \u00f1ane: \u201cYij\u00f5ra.\u201d Boquere ore ga ore canare dajm\u00e1inone jnacare. Chi ore ajm\u00e1ini u Caric Icha, jnacare gatoi. Ore chuju datui aja guesi. Ore chajningarase gatererodie. Que sueapo<\/p>\n","protected":false},"author":2,"featured_media":0,"parent":717,"menu_order":0,"comment_status":"closed","ping_status":"closed","template":"","meta":{"footnotes":""},"class_list":["post-869","page","type-page","status-publish","hentry"],"yoast_head":"<!-- This site is optimized with the Yoast SEO plugin v27.4 - https:\/\/yoast.com\/product\/yoast-seo-wordpress\/ -->\n<title>Ayore\u0301ode Ate Bajade: Corabe\u0301 Canare Dajma\u0301inone Jnacare \u2022 Ayore.org<\/title>\n<meta name=\"robots\" content=\"index, follow, max-snippet:-1, max-image-preview:large, max-video-preview:-1\" \/>\n<link rel=\"canonical\" href=\"https:\/\/ayore.org\/ayo\/culture\/oral-traditions\/samane-corabe-canare-dajmainone-jnacare\/\" \/>\n<meta property=\"og:locale\" content=\"en_US\" \/>\n<meta property=\"og:type\" content=\"article\" \/>\n<meta property=\"og:title\" content=\"Ayore\u0301ode Ate Bajade: Corabe\u0301 Canare Dajma\u0301inone Jnacare \u2022 Ayore.org\" \/>\n<meta property=\"og:description\" content=\"\u00a0Corab\u00e9 Corab\u00e9 jor\u00e3 tu Guiriamia ga ore cho daj\u00f5ra ome \u00f1ane. Ore chojningame \u00f1ane: \u201cYij\u00f5ra.\u201d Boquere ore ga ore canare dajm\u00e1inone jnacare. Chi ore ajm\u00e1ini u Caric Icha, jnacare gatoi. Ore chuju datui aja guesi. Ore chajningarase gatererodie. Que sueapo\" \/>\n<meta property=\"og:url\" content=\"https:\/\/ayore.org\/ayo\/culture\/oral-traditions\/samane-corabe-canare-dajmainone-jnacare\/\" \/>\n<meta property=\"og:site_name\" content=\"AYOR\u00c9.ORG\" \/>\n<meta property=\"article:modified_time\" content=\"2019-03-18T18:17:26+00:00\" \/>\n<meta name=\"twitter:card\" content=\"summary_large_image\" \/>\n<meta name=\"twitter:label1\" content=\"Est. reading time\" \/>\n\t<meta name=\"twitter:data1\" content=\"5 minutes\" \/>\n<script type=\"application\/ld+json\" class=\"yoast-schema-graph\">{\"@context\":\"https:\\\/\\\/schema.org\",\"@graph\":[{\"@type\":\"WebPage\",\"@id\":\"https:\\\/\\\/ayore.org\\\/ayo\\\/culture\\\/oral-traditions\\\/samane-corabe-canare-dajmainone-jnacare\\\/\",\"url\":\"https:\\\/\\\/ayore.org\\\/ayo\\\/culture\\\/oral-traditions\\\/samane-corabe-canare-dajmainone-jnacare\\\/\",\"name\":\"Ayore\u0301ode Ate Bajade: Corabe\u0301 Canare Dajma\u0301inone Jnacare \u2022 Ayore.org\",\"isPartOf\":{\"@id\":\"https:\\\/\\\/ayore.org\\\/#website\"},\"datePublished\":\"2018-08-31T18:21:12+00:00\",\"dateModified\":\"2019-03-18T18:17:26+00:00\",\"breadcrumb\":{\"@id\":\"https:\\\/\\\/ayore.org\\\/ayo\\\/culture\\\/oral-traditions\\\/samane-corabe-canare-dajmainone-jnacare\\\/#breadcrumb\"},\"inLanguage\":\"ayo\",\"potentialAction\":[{\"@type\":\"ReadAction\",\"target\":[\"https:\\\/\\\/ayore.org\\\/ayo\\\/culture\\\/oral-traditions\\\/samane-corabe-canare-dajmainone-jnacare\\\/\"]}]},{\"@type\":\"BreadcrumbList\",\"@id\":\"https:\\\/\\\/ayore.org\\\/ayo\\\/culture\\\/oral-traditions\\\/samane-corabe-canare-dajmainone-jnacare\\\/#breadcrumb\",\"itemListElement\":[{\"@type\":\"ListItem\",\"position\":1,\"name\":\"Jogate bajai tu ude\u0301\",\"item\":\"https:\\\/\\\/ayore.org\\\/ayo\\\/\"},{\"@type\":\"ListItem\",\"position\":2,\"name\":\"Ayore\u0301ode adode, angurenone cucha ore\",\"item\":\"https:\\\/\\\/ayore.org\\\/ayo\\\/culture\\\/\"},{\"@type\":\"ListItem\",\"position\":3,\"name\":\"Ayore\u0301ode Ate Bajade\",\"item\":\"https:\\\/\\\/ayore.org\\\/ayo\\\/culture\\\/oral-traditions\\\/\"},{\"@type\":\"ListItem\",\"position\":4,\"name\":\"Samane &#8211; Corabe\u0301 canare dajma\u0301inone jnacare\"}]},{\"@type\":\"WebSite\",\"@id\":\"https:\\\/\\\/ayore.org\\\/#website\",\"url\":\"https:\\\/\\\/ayore.org\\\/\",\"name\":\"AYOR\u00c9.ORG\",\"description\":\"Ayore\u0301ode Uruode, Adode, Jnani bajade ati\u0301go ore \",\"potentialAction\":[{\"@type\":\"SearchAction\",\"target\":{\"@type\":\"EntryPoint\",\"urlTemplate\":\"https:\\\/\\\/ayore.org\\\/?s={search_term_string}\"},\"query-input\":{\"@type\":\"PropertyValueSpecification\",\"valueRequired\":true,\"valueName\":\"search_term_string\"}}],\"inLanguage\":\"ayo\"}]}<\/script>\n<!-- \/ Yoast SEO plugin. -->","yoast_head_json":{"title":"Ayore\u0301ode Ate Bajade: Corabe\u0301 Canare Dajma\u0301inone Jnacare \u2022 Ayore.org","robots":{"index":"index","follow":"follow","max-snippet":"max-snippet:-1","max-image-preview":"max-image-preview:large","max-video-preview":"max-video-preview:-1"},"canonical":"https:\/\/ayore.org\/ayo\/culture\/oral-traditions\/samane-corabe-canare-dajmainone-jnacare\/","og_locale":"en_US","og_type":"article","og_title":"Ayore\u0301ode Ate Bajade: Corabe\u0301 Canare Dajma\u0301inone Jnacare \u2022 Ayore.org","og_description":"\u00a0Corab\u00e9 Corab\u00e9 jor\u00e3 tu Guiriamia ga ore cho daj\u00f5ra ome \u00f1ane. Ore chojningame \u00f1ane: \u201cYij\u00f5ra.\u201d Boquere ore ga ore canare dajm\u00e1inone jnacare. Chi ore ajm\u00e1ini u Caric Icha, jnacare gatoi. Ore chuju datui aja guesi. Ore chajningarase gatererodie. Que sueapo","og_url":"https:\/\/ayore.org\/ayo\/culture\/oral-traditions\/samane-corabe-canare-dajmainone-jnacare\/","og_site_name":"AYOR\u00c9.ORG","article_modified_time":"2019-03-18T18:17:26+00:00","twitter_card":"summary_large_image","twitter_misc":{"Est. reading time":"5 minutes"},"schema":{"@context":"https:\/\/schema.org","@graph":[{"@type":"WebPage","@id":"https:\/\/ayore.org\/ayo\/culture\/oral-traditions\/samane-corabe-canare-dajmainone-jnacare\/","url":"https:\/\/ayore.org\/ayo\/culture\/oral-traditions\/samane-corabe-canare-dajmainone-jnacare\/","name":"Ayore\u0301ode Ate Bajade: Corabe\u0301 Canare Dajma\u0301inone Jnacare \u2022 Ayore.org","isPartOf":{"@id":"https:\/\/ayore.org\/#website"},"datePublished":"2018-08-31T18:21:12+00:00","dateModified":"2019-03-18T18:17:26+00:00","breadcrumb":{"@id":"https:\/\/ayore.org\/ayo\/culture\/oral-traditions\/samane-corabe-canare-dajmainone-jnacare\/#breadcrumb"},"inLanguage":"ayo","potentialAction":[{"@type":"ReadAction","target":["https:\/\/ayore.org\/ayo\/culture\/oral-traditions\/samane-corabe-canare-dajmainone-jnacare\/"]}]},{"@type":"BreadcrumbList","@id":"https:\/\/ayore.org\/ayo\/culture\/oral-traditions\/samane-corabe-canare-dajmainone-jnacare\/#breadcrumb","itemListElement":[{"@type":"ListItem","position":1,"name":"Jogate bajai tu ude\u0301","item":"https:\/\/ayore.org\/ayo\/"},{"@type":"ListItem","position":2,"name":"Ayore\u0301ode adode, angurenone cucha ore","item":"https:\/\/ayore.org\/ayo\/culture\/"},{"@type":"ListItem","position":3,"name":"Ayore\u0301ode Ate Bajade","item":"https:\/\/ayore.org\/ayo\/culture\/oral-traditions\/"},{"@type":"ListItem","position":4,"name":"Samane &#8211; Corabe\u0301 canare dajma\u0301inone jnacare"}]},{"@type":"WebSite","@id":"https:\/\/ayore.org\/#website","url":"https:\/\/ayore.org\/","name":"AYOR\u00c9.ORG","description":"Ayore\u0301ode Uruode, Adode, Jnani bajade ati\u0301go ore ","potentialAction":[{"@type":"SearchAction","target":{"@type":"EntryPoint","urlTemplate":"https:\/\/ayore.org\/?s={search_term_string}"},"query-input":{"@type":"PropertyValueSpecification","valueRequired":true,"valueName":"search_term_string"}}],"inLanguage":"ayo"}]}},"_links":{"self":[{"href":"https:\/\/ayore.org\/ayo\/wp-json\/wp\/v2\/pages\/869","targetHints":{"allow":["GET"]}}],"collection":[{"href":"https:\/\/ayore.org\/ayo\/wp-json\/wp\/v2\/pages"}],"about":[{"href":"https:\/\/ayore.org\/ayo\/wp-json\/wp\/v2\/types\/page"}],"author":[{"embeddable":true,"href":"https:\/\/ayore.org\/ayo\/wp-json\/wp\/v2\/users\/2"}],"replies":[{"embeddable":true,"href":"https:\/\/ayore.org\/ayo\/wp-json\/wp\/v2\/comments?post=869"}],"version-history":[{"count":5,"href":"https:\/\/ayore.org\/ayo\/wp-json\/wp\/v2\/pages\/869\/revisions"}],"predecessor-version":[{"id":3503,"href":"https:\/\/ayore.org\/ayo\/wp-json\/wp\/v2\/pages\/869\/revisions\/3503"}],"up":[{"embeddable":true,"href":"https:\/\/ayore.org\/ayo\/wp-json\/wp\/v2\/pages\/717"}],"wp:attachment":[{"href":"https:\/\/ayore.org\/ayo\/wp-json\/wp\/v2\/media?parent=869"}],"curies":[{"name":"wp","href":"https:\/\/api.w.org\/{rel}","templated":true}]}}