{"id":857,"date":"2018-08-31T17:09:58","date_gmt":"2018-08-31T17:09:58","guid":{"rendered":"https:\/\/ayore.org\/?page_id=857"},"modified":"2019-03-17T03:40:27","modified_gmt":"2019-03-17T03:40:27","slug":"oidabiade-diti-chuje-chugupe%cc%83redatei","status":"publish","type":"page","link":"https:\/\/ayore.org\/ayo\/culture\/oral-traditions\/oidabiade-diti-chuje-chugupe%cc%83redatei\/","title":{"rendered":"Oid\u00e1biad\u00e9 &#8211; Diti chuje\u0301 Chugu\u0301pe\u0303redatei"},"content":{"rendered":"<p><em><strong>Jnani Bajai Chuj\u00e9 Chug\u00fape\u0303redat\u00e9i:<\/strong><\/em><em>\u00a0<\/em><\/p>\n<p><em>Diti<\/em> chuj\u00e9 chug\u00fape\u0303redatei. Ga chi chojninga: \u201cCod\u00e9 a, a yuj\u00e9 <em>Natingarai<\/em> te jne.\u201d (Chug\u00fape\u0303redatei chi i tu <em>Natingarai<\/em>.)<\/p>\n<p>Chi chojninga: \u201cA yuj\u00e9 jne.\u201d<\/p>\n<p>Mu dacode chojninga: \u201c\u00a1Cucha chuque! Su\u00e9pise dojode cucha gai ga chi ca chuque.\u201d<\/p>\n<p>Mu <em>Diti<\/em> chojninga: \u201cYirote iji jopid\u00e9 gaj\u00f1o.\u201d<\/p>\n<p>Chi e chirote, mu dacode chojninga: \u201c\u00a1Cucha chuque! Uajate.\u201d<\/p>\n<p>Ebeguejnai ga baj\u00e1gaja iquei. Ga chi chirote ga chijna dojigu\u00e9jnarique. Chijna dagait\u00e9jna, ga chijna ome. Chi chichome dagait\u00e9jna. Ga chojninga: \u201c\u00a1Ut\u00e9, ut\u00e9, e di, e di, e di!\u201d<\/p>\n<p>Ga bas\u00e1ja gaj\u00f1o ga e chich\u00f3ji ga chuj\u00e9. Chicho ga churug\u00fasiji jnumi. J\u00e9 u uje chejna. J\u00e9 u uje chojninga: \u201cCod\u00e9, \u00a1yuj\u00e9 <em>Natingarai<\/em>!\u201d<\/p>\n<p>Ga cod\u00e9 chojninga: \u201c\u00a1Cucha dat\u00e9 u bei, mu j\u00e9 baj\u00e9!\u201d<\/p>\n<p>Ga ore doi ga ore chase\u0303ra chug\u00fape\u0303redat\u00e9i ga jiei ore ga ore chase\u0303ra jnese. Ga chi ch\u00f3na abuei. Chijna iyoi. Chi gajneque iyojna. Ga j\u00e9 no\u00f1\u00e1ja abuei ajei. Gati ajei.<\/p>\n<p>J\u00e9 u uje chi datu\u0303ra changu\u00f1e\u0301ra iyoi aja dabai ga no\u00f1\u00e1ji aoi.<\/p>\n<p>J\u00e9 u uje darujna changu\u00f1era dabai to ga no\u00f1a ajei, aoi. J\u00e9 u uje ajniecai chuj\u00e9 asi aja do\u0301jo, ga j\u00e9 no\u00f1\u00e1ji \u00f3jo, ajniecai.<\/p>\n<p><em>Diti<\/em> yuc mu ore chase\u0303ra ga ore chijna adode.<\/p>\n<p>Chi chug\u00fape\u0303redate\u0301i, ga jnani bajade ore chisa iyoi ga ore chur\u00fas\u00e3re dagu\u00edjnane g\u00e1yode ome iyoi. Ore gaidi tu gu uje ore chur\u00fas\u00e3re dagu\u00edjnane piagode ujetiga gat\u00edjna.<\/p>\n<p>Cutamurajane ore edopasa datu\u0303ra, ajniecai, asi ore.<\/p>\n<p><em>Oid\u00e1biad\u00e9 \u2013 Campo Loro, Paraguay \u2013 1988.<\/em><\/p>\n<p><em>Marina de Morarie chur\u00fas\u00e3re Oid\u00e1biad\u00e9 atatagode udojo nanique.<\/em><\/p>\n<div class=\"navigation\"><div class=\"alignleft\"><a href=\"https:\/\/ayore.org\/ayo\/culture\/oral-traditions\/oidabiade-yacorenie-oidi-ayore-disijate\/\"title=\"Oid\u00e1biad\u00e9 &#8211; Yacorenie oidi ayore\u0301 disijate\"><img loading=\"lazy\" decoding=\"async\" src=\"https:\/\/ayore.org\/wp-content\/uploads\/2018\/10\/left-arrow.png\" width=\"50\" height=\"48\" alt=\"left arrow\"><\/a><\/div><div class=\"alignright\"><a href=\"https:\/\/ayore.org\/ayo\/culture\/oral-traditions\/adudui-chirote-nujna\/\"title=\"Saman\u00e9 &#8211; Adudui chirote nujna\"><img loading=\"lazy\" decoding=\"async\" src=\"https:\/\/ayore.org\/wp-content\/uploads\/2018\/10\/right-arrow.png\" width=\"50\" height=\"48\" alt=\"right arrow\"><\/a><\/div>\n","protected":false},"excerpt":{"rendered":"<p>Jnani Bajai Chuj\u00e9 Chug\u00fape\u0303redat\u00e9i:\u00a0 Diti chuj\u00e9 chug\u00fape\u0303redatei. Ga chi chojninga: \u201cCod\u00e9 a, a yuj\u00e9 Natingarai te jne.\u201d (Chug\u00fape\u0303redatei chi i tu Natingarai.) Chi chojninga: \u201cA yuj\u00e9 jne.\u201d Mu dacode chojninga: \u201c\u00a1Cucha chuque! Su\u00e9pise dojode cucha gai ga chi ca chuque.\u201d<\/p>\n","protected":false},"author":2,"featured_media":0,"parent":717,"menu_order":0,"comment_status":"closed","ping_status":"closed","template":"","meta":{"footnotes":""},"class_list":["post-857","page","type-page","status-publish","hentry"],"yoast_head":"<!-- This site is optimized with the Yoast SEO plugin v27.4 - https:\/\/yoast.com\/product\/yoast-seo-wordpress\/ -->\n<title>Ayore\u0301ode Ate Bajade: Diti Chuje\u0301 Chugu\u0301pe\u0303redatei \u2022 Ayore.org<\/title>\n<meta name=\"robots\" content=\"index, follow, max-snippet:-1, max-image-preview:large, max-video-preview:-1\" \/>\n<link rel=\"canonical\" href=\"https:\/\/ayore.org\/ayo\/culture\/oral-traditions\/oidabiade-diti-chuje-chugupe\u0303redatei\/\" \/>\n<meta property=\"og:locale\" content=\"en_US\" \/>\n<meta property=\"og:type\" content=\"article\" \/>\n<meta property=\"og:title\" content=\"Ayore\u0301ode Ate Bajade: Diti Chuje\u0301 Chugu\u0301pe\u0303redatei \u2022 Ayore.org\" \/>\n<meta property=\"og:description\" content=\"Jnani Bajai Chuj\u00e9 Chug\u00fape\u0303redat\u00e9i:\u00a0 Diti chuj\u00e9 chug\u00fape\u0303redatei. Ga chi chojninga: \u201cCod\u00e9 a, a yuj\u00e9 Natingarai te jne.\u201d (Chug\u00fape\u0303redatei chi i tu Natingarai.) Chi chojninga: \u201cA yuj\u00e9 jne.\u201d Mu dacode chojninga: \u201c\u00a1Cucha chuque! Su\u00e9pise dojode cucha gai ga chi ca chuque.\u201d\" \/>\n<meta property=\"og:url\" content=\"https:\/\/ayore.org\/ayo\/culture\/oral-traditions\/oidabiade-diti-chuje-chugupe\u0303redatei\/\" \/>\n<meta property=\"og:site_name\" content=\"AYOR\u00c9.ORG\" \/>\n<meta property=\"article:modified_time\" content=\"2019-03-17T03:40:27+00:00\" \/>\n<meta name=\"twitter:card\" content=\"summary_large_image\" \/>\n<meta name=\"twitter:label1\" content=\"Est. reading time\" \/>\n\t<meta name=\"twitter:data1\" content=\"1 minute\" \/>\n<script type=\"application\/ld+json\" class=\"yoast-schema-graph\">{\"@context\":\"https:\\\/\\\/schema.org\",\"@graph\":[{\"@type\":\"WebPage\",\"@id\":\"https:\\\/\\\/ayore.org\\\/ayo\\\/culture\\\/oral-traditions\\\/oidabiade-diti-chuje-chugupe%cc%83redatei\\\/\",\"url\":\"https:\\\/\\\/ayore.org\\\/ayo\\\/culture\\\/oral-traditions\\\/oidabiade-diti-chuje-chugupe%cc%83redatei\\\/\",\"name\":\"Ayore\u0301ode Ate Bajade: Diti Chuje\u0301 Chugu\u0301pe\u0303redatei \u2022 Ayore.org\",\"isPartOf\":{\"@id\":\"https:\\\/\\\/ayore.org\\\/#website\"},\"datePublished\":\"2018-08-31T17:09:58+00:00\",\"dateModified\":\"2019-03-17T03:40:27+00:00\",\"breadcrumb\":{\"@id\":\"https:\\\/\\\/ayore.org\\\/ayo\\\/culture\\\/oral-traditions\\\/oidabiade-diti-chuje-chugupe%cc%83redatei\\\/#breadcrumb\"},\"inLanguage\":\"ayo\",\"potentialAction\":[{\"@type\":\"ReadAction\",\"target\":[\"https:\\\/\\\/ayore.org\\\/ayo\\\/culture\\\/oral-traditions\\\/oidabiade-diti-chuje-chugupe%cc%83redatei\\\/\"]}]},{\"@type\":\"BreadcrumbList\",\"@id\":\"https:\\\/\\\/ayore.org\\\/ayo\\\/culture\\\/oral-traditions\\\/oidabiade-diti-chuje-chugupe%cc%83redatei\\\/#breadcrumb\",\"itemListElement\":[{\"@type\":\"ListItem\",\"position\":1,\"name\":\"Jogate bajai tu ude\u0301\",\"item\":\"https:\\\/\\\/ayore.org\\\/ayo\\\/\"},{\"@type\":\"ListItem\",\"position\":2,\"name\":\"Ayore\u0301ode adode, angurenone cucha ore\",\"item\":\"https:\\\/\\\/ayore.org\\\/ayo\\\/culture\\\/\"},{\"@type\":\"ListItem\",\"position\":3,\"name\":\"Ayore\u0301ode Ate Bajade\",\"item\":\"https:\\\/\\\/ayore.org\\\/ayo\\\/culture\\\/oral-traditions\\\/\"},{\"@type\":\"ListItem\",\"position\":4,\"name\":\"Oid\u00e1biad\u00e9 &#8211; Diti chuje\u0301 Chugu\u0301pe\u0303redatei\"}]},{\"@type\":\"WebSite\",\"@id\":\"https:\\\/\\\/ayore.org\\\/#website\",\"url\":\"https:\\\/\\\/ayore.org\\\/\",\"name\":\"AYOR\u00c9.ORG\",\"description\":\"Ayore\u0301ode Uruode, Adode, Jnani bajade ati\u0301go ore \",\"potentialAction\":[{\"@type\":\"SearchAction\",\"target\":{\"@type\":\"EntryPoint\",\"urlTemplate\":\"https:\\\/\\\/ayore.org\\\/?s={search_term_string}\"},\"query-input\":{\"@type\":\"PropertyValueSpecification\",\"valueRequired\":true,\"valueName\":\"search_term_string\"}}],\"inLanguage\":\"ayo\"}]}<\/script>\n<!-- \/ Yoast SEO plugin. -->","yoast_head_json":{"title":"Ayore\u0301ode Ate Bajade: Diti Chuje\u0301 Chugu\u0301pe\u0303redatei \u2022 Ayore.org","robots":{"index":"index","follow":"follow","max-snippet":"max-snippet:-1","max-image-preview":"max-image-preview:large","max-video-preview":"max-video-preview:-1"},"canonical":"https:\/\/ayore.org\/ayo\/culture\/oral-traditions\/oidabiade-diti-chuje-chugupe\u0303redatei\/","og_locale":"en_US","og_type":"article","og_title":"Ayore\u0301ode Ate Bajade: Diti Chuje\u0301 Chugu\u0301pe\u0303redatei \u2022 Ayore.org","og_description":"Jnani Bajai Chuj\u00e9 Chug\u00fape\u0303redat\u00e9i:\u00a0 Diti chuj\u00e9 chug\u00fape\u0303redatei. Ga chi chojninga: \u201cCod\u00e9 a, a yuj\u00e9 Natingarai te jne.\u201d (Chug\u00fape\u0303redatei chi i tu Natingarai.) Chi chojninga: \u201cA yuj\u00e9 jne.\u201d Mu dacode chojninga: \u201c\u00a1Cucha chuque! Su\u00e9pise dojode cucha gai ga chi ca chuque.\u201d","og_url":"https:\/\/ayore.org\/ayo\/culture\/oral-traditions\/oidabiade-diti-chuje-chugupe\u0303redatei\/","og_site_name":"AYOR\u00c9.ORG","article_modified_time":"2019-03-17T03:40:27+00:00","twitter_card":"summary_large_image","twitter_misc":{"Est. reading time":"1 minute"},"schema":{"@context":"https:\/\/schema.org","@graph":[{"@type":"WebPage","@id":"https:\/\/ayore.org\/ayo\/culture\/oral-traditions\/oidabiade-diti-chuje-chugupe%cc%83redatei\/","url":"https:\/\/ayore.org\/ayo\/culture\/oral-traditions\/oidabiade-diti-chuje-chugupe%cc%83redatei\/","name":"Ayore\u0301ode Ate Bajade: Diti Chuje\u0301 Chugu\u0301pe\u0303redatei \u2022 Ayore.org","isPartOf":{"@id":"https:\/\/ayore.org\/#website"},"datePublished":"2018-08-31T17:09:58+00:00","dateModified":"2019-03-17T03:40:27+00:00","breadcrumb":{"@id":"https:\/\/ayore.org\/ayo\/culture\/oral-traditions\/oidabiade-diti-chuje-chugupe%cc%83redatei\/#breadcrumb"},"inLanguage":"ayo","potentialAction":[{"@type":"ReadAction","target":["https:\/\/ayore.org\/ayo\/culture\/oral-traditions\/oidabiade-diti-chuje-chugupe%cc%83redatei\/"]}]},{"@type":"BreadcrumbList","@id":"https:\/\/ayore.org\/ayo\/culture\/oral-traditions\/oidabiade-diti-chuje-chugupe%cc%83redatei\/#breadcrumb","itemListElement":[{"@type":"ListItem","position":1,"name":"Jogate bajai tu ude\u0301","item":"https:\/\/ayore.org\/ayo\/"},{"@type":"ListItem","position":2,"name":"Ayore\u0301ode adode, angurenone cucha ore","item":"https:\/\/ayore.org\/ayo\/culture\/"},{"@type":"ListItem","position":3,"name":"Ayore\u0301ode Ate Bajade","item":"https:\/\/ayore.org\/ayo\/culture\/oral-traditions\/"},{"@type":"ListItem","position":4,"name":"Oid\u00e1biad\u00e9 &#8211; Diti chuje\u0301 Chugu\u0301pe\u0303redatei"}]},{"@type":"WebSite","@id":"https:\/\/ayore.org\/#website","url":"https:\/\/ayore.org\/","name":"AYOR\u00c9.ORG","description":"Ayore\u0301ode Uruode, Adode, Jnani bajade ati\u0301go ore ","potentialAction":[{"@type":"SearchAction","target":{"@type":"EntryPoint","urlTemplate":"https:\/\/ayore.org\/?s={search_term_string}"},"query-input":{"@type":"PropertyValueSpecification","valueRequired":true,"valueName":"search_term_string"}}],"inLanguage":"ayo"}]}},"_links":{"self":[{"href":"https:\/\/ayore.org\/ayo\/wp-json\/wp\/v2\/pages\/857","targetHints":{"allow":["GET"]}}],"collection":[{"href":"https:\/\/ayore.org\/ayo\/wp-json\/wp\/v2\/pages"}],"about":[{"href":"https:\/\/ayore.org\/ayo\/wp-json\/wp\/v2\/types\/page"}],"author":[{"embeddable":true,"href":"https:\/\/ayore.org\/ayo\/wp-json\/wp\/v2\/users\/2"}],"replies":[{"embeddable":true,"href":"https:\/\/ayore.org\/ayo\/wp-json\/wp\/v2\/comments?post=857"}],"version-history":[{"count":3,"href":"https:\/\/ayore.org\/ayo\/wp-json\/wp\/v2\/pages\/857\/revisions"}],"predecessor-version":[{"id":3490,"href":"https:\/\/ayore.org\/ayo\/wp-json\/wp\/v2\/pages\/857\/revisions\/3490"}],"up":[{"embeddable":true,"href":"https:\/\/ayore.org\/ayo\/wp-json\/wp\/v2\/pages\/717"}],"wp:attachment":[{"href":"https:\/\/ayore.org\/ayo\/wp-json\/wp\/v2\/media?parent=857"}],"curies":[{"name":"wp","href":"https:\/\/api.w.org\/{rel}","templated":true}]}}