{"id":849,"date":"2018-08-30T23:01:54","date_gmt":"2018-08-30T23:01:54","guid":{"rendered":"https:\/\/ayore.org\/?page_id=849"},"modified":"2019-03-16T21:10:04","modified_gmt":"2019-03-16T21:10:04","slug":"oidabiade-siquere-adode-acaca%cc%83ratigade-u-datatagode-ome-siqueredie-adode","status":"publish","type":"page","link":"https:\/\/ayore.org\/ayo\/culture\/oral-traditions\/oidabiade-siquere-adode-acaca%cc%83ratigade-u-datatagode-ome-siqueredie-adode\/","title":{"rendered":"Oid\u00e1biad\u00e9 &#8211; Acaca\u0303ra\u0301tigade u patatagode ome Siqueredie Adode"},"content":{"rendered":"<p><strong>Siquer\u00e9 Adode <\/strong><\/p>\n<p><strong><em>Yatatagode u siquer\u00e9 adode:<\/em><\/strong><\/p>\n<p>Jnanione ore chim\u00e1ta \u00f1ane iji siqueredie ga jnani chojmarai chacac\u00e3re dar\u00e1sade.\u00a0 Enga acac\u00e3r\u00e1tigade u datatagode udojo ome siqueredie adode.<\/p>\n<p>Chi Dosapeque <em>caratai<\/em>.<\/p>\n<p>Dosapeque <em>c\u00facujna<\/em>.<\/p>\n<p>Dosapeque <em>cucurui<\/em>.<\/p>\n<p>Dosapeque <em>tachei<\/em>.<\/p>\n<p>Ga chi siquer\u00e9 d\u00edji ore, ga chi ore chudute siquer\u00e9 userer\u00e9jna. Ore chayo ga <em>caratai<\/em> chi chojninga: \u201cA yiyame gotique.\u201d<\/p>\n<p>Ga <em>cucujna<\/em> chojninga: \u201cA yij\u00edna yaj\u00e1bi ga yipat\u00edorango \u00f1ane ome gotique.\u201d<\/p>\n<p>Ga chi <em>cucur\u00e1bi<\/em> pat\u00edor\u00e3 datigate <em>caratai<\/em>.<\/p>\n<p>Ga <em>tachei<\/em> chojninga: \u201cYipat\u00edor\u00e3 yitigate <em>caratai<\/em>.\u201d<\/p>\n<p>Ore nero u <em>cucujna<\/em>. Ga ore chayo ga baj\u00e9 aja ore iquei.<\/p>\n<p>Ga chi siquer\u00e9 di iji ore. Chi bajaque duch\u00fabia aja ore iquei ga <em>caratai<\/em> chisa ga chijna ga chojninga: \u201c\u00bfCucha pibose gotique u un\u00e9?\u201d<\/p>\n<p>Chi jno enga <em>cucur\u00e1bi<\/em> chache\u0303re dutu\u00e9 ga chijna ga chojninga: \u201cYagu daque jne.\u201d<\/p>\n<p><em>Cucujna<\/em> chache\u0303re mimir\u00e9 ga chijna ga chojninga: \u201cYajn\u00e9 nac, a yagu jne.\u201d<\/p>\n<p><em>Tachei<\/em> chache\u0303re guejna ga chijna ga chojninga: \u201cYagu jne.\u201d<\/p>\n<p><em>Caratai<\/em> chache\u0303re cugu\u00e9ode ga chijna ga chojninga: \u201cYijna ga yagu jne.\u201d<\/p>\n<p>Ga Dosapeque ueque siquer\u00e9 imaning\u00f3rone ga j\u00e9 ore ed\u00f3pasa.<\/p>\n<p>Chi ore chiqueta ejodie, ga siquer\u00e9 diriringai userejna aja jnumi, ga ore doi ga ore ch\u00e9c\u00e3raja edo, dutuedie.<\/p>\n<p><em>Oid\u00e1biad\u00e9 \u2013 Campo Loro, Paraguay \u2013 1988.<\/em><\/p>\n<p><em>Marina de Morarie chur\u00fas\u00e3re Oid\u00e1biad\u00e9 atatagode udojo nanique.<\/em><\/p>\n<div class=\"navigation\"><div class=\"alignleft\"><a href=\"https:\/\/ayore.org\/ayo\/culture\/oral-traditions\/oidabiade-jnagoto-ta%cc%83re-ome-enga-chijaro-jnui\/\"title=\"Oid\u00e1biad\u00e9 &#8211; Jnagoto ta\u0303re ome enga chijaro jnui\"><img loading=\"lazy\" decoding=\"async\" src=\"https:\/\/ayore.org\/wp-content\/uploads\/2018\/10\/left-arrow.png\" width=\"50\" height=\"48\" alt=\"left arrow\"><\/a><\/div><div class=\"alignright\"><a href=\"https:\/\/ayore.org\/ayo\/culture\/oral-traditions\/oidabiade-ore-chuje-togabi\/\"title=\"Oid\u00e1biad\u00e9 &#8211; Ore chuje\u0301 Toga\u0301bi\"><img loading=\"lazy\" decoding=\"async\" src=\"https:\/\/ayore.org\/wp-content\/uploads\/2018\/10\/right-arrow.png\" width=\"50\" height=\"48\" alt=\"right arrow\"><\/a><\/div>\n","protected":false},"excerpt":{"rendered":"<p>Siquer\u00e9 Adode Yatatagode u siquer\u00e9 adode: Jnanione ore chim\u00e1ta \u00f1ane iji siqueredie ga jnani chojmarai chacac\u00e3re dar\u00e1sade.\u00a0 Enga acac\u00e3r\u00e1tigade u datatagode udojo ome siqueredie adode. Chi Dosapeque caratai. Dosapeque c\u00facujna. Dosapeque cucurui. Dosapeque tachei. Ga chi siquer\u00e9 d\u00edji ore, ga<\/p>\n","protected":false},"author":2,"featured_media":0,"parent":717,"menu_order":0,"comment_status":"closed","ping_status":"closed","template":"","meta":{"footnotes":""},"class_list":["post-849","page","type-page","status-publish","hentry"],"yoast_head":"<!-- This site is optimized with the Yoast SEO plugin v27.4 - https:\/\/yoast.com\/product\/yoast-seo-wordpress\/ -->\n<title>Ayore\u0301ode Ate Bajade: Siquere\u0301 Adode - Acaca\u0303ra\u0301tigade U Datatagode Ome Siqueredie Adode \u2022 Ayore.org<\/title>\n<meta name=\"robots\" content=\"index, follow, max-snippet:-1, max-image-preview:large, max-video-preview:-1\" \/>\n<link rel=\"canonical\" href=\"https:\/\/ayore.org\/ayo\/culture\/oral-traditions\/oidabiade-siquere-adode-acaca\u0303ratigade-u-datatagode-ome-siqueredie-adode\/\" \/>\n<meta property=\"og:locale\" content=\"en_US\" \/>\n<meta property=\"og:type\" content=\"article\" \/>\n<meta property=\"og:title\" content=\"Ayore\u0301ode Ate Bajade: Siquere\u0301 Adode - Acaca\u0303ra\u0301tigade U Datatagode Ome Siqueredie Adode \u2022 Ayore.org\" \/>\n<meta property=\"og:description\" content=\"Siquer\u00e9 Adode Yatatagode u siquer\u00e9 adode: Jnanione ore chim\u00e1ta \u00f1ane iji siqueredie ga jnani chojmarai chacac\u00e3re dar\u00e1sade.\u00a0 Enga acac\u00e3r\u00e1tigade u datatagode udojo ome siqueredie adode. Chi Dosapeque caratai. Dosapeque c\u00facujna. Dosapeque cucurui. Dosapeque tachei. Ga chi siquer\u00e9 d\u00edji ore, ga\" \/>\n<meta property=\"og:url\" content=\"https:\/\/ayore.org\/ayo\/culture\/oral-traditions\/oidabiade-siquere-adode-acaca\u0303ratigade-u-datatagode-ome-siqueredie-adode\/\" \/>\n<meta property=\"og:site_name\" content=\"AYOR\u00c9.ORG\" \/>\n<meta property=\"article:modified_time\" content=\"2019-03-16T21:10:04+00:00\" \/>\n<meta name=\"twitter:card\" content=\"summary_large_image\" \/>\n<meta name=\"twitter:label1\" content=\"Est. reading time\" \/>\n\t<meta name=\"twitter:data1\" content=\"1 minute\" \/>\n<script type=\"application\/ld+json\" class=\"yoast-schema-graph\">{\"@context\":\"https:\\\/\\\/schema.org\",\"@graph\":[{\"@type\":\"WebPage\",\"@id\":\"https:\\\/\\\/ayore.org\\\/ayo\\\/culture\\\/oral-traditions\\\/oidabiade-siquere-adode-acaca%cc%83ratigade-u-datatagode-ome-siqueredie-adode\\\/\",\"url\":\"https:\\\/\\\/ayore.org\\\/ayo\\\/culture\\\/oral-traditions\\\/oidabiade-siquere-adode-acaca%cc%83ratigade-u-datatagode-ome-siqueredie-adode\\\/\",\"name\":\"Ayore\u0301ode Ate Bajade: Siquere\u0301 Adode - Acaca\u0303ra\u0301tigade U Datatagode Ome Siqueredie Adode \u2022 Ayore.org\",\"isPartOf\":{\"@id\":\"https:\\\/\\\/ayore.org\\\/#website\"},\"datePublished\":\"2018-08-30T23:01:54+00:00\",\"dateModified\":\"2019-03-16T21:10:04+00:00\",\"breadcrumb\":{\"@id\":\"https:\\\/\\\/ayore.org\\\/ayo\\\/culture\\\/oral-traditions\\\/oidabiade-siquere-adode-acaca%cc%83ratigade-u-datatagode-ome-siqueredie-adode\\\/#breadcrumb\"},\"inLanguage\":\"ayo\",\"potentialAction\":[{\"@type\":\"ReadAction\",\"target\":[\"https:\\\/\\\/ayore.org\\\/ayo\\\/culture\\\/oral-traditions\\\/oidabiade-siquere-adode-acaca%cc%83ratigade-u-datatagode-ome-siqueredie-adode\\\/\"]}]},{\"@type\":\"BreadcrumbList\",\"@id\":\"https:\\\/\\\/ayore.org\\\/ayo\\\/culture\\\/oral-traditions\\\/oidabiade-siquere-adode-acaca%cc%83ratigade-u-datatagode-ome-siqueredie-adode\\\/#breadcrumb\",\"itemListElement\":[{\"@type\":\"ListItem\",\"position\":1,\"name\":\"Jogate bajai tu ude\u0301\",\"item\":\"https:\\\/\\\/ayore.org\\\/ayo\\\/\"},{\"@type\":\"ListItem\",\"position\":2,\"name\":\"Ayore\u0301ode adode, angurenone cucha ore\",\"item\":\"https:\\\/\\\/ayore.org\\\/ayo\\\/culture\\\/\"},{\"@type\":\"ListItem\",\"position\":3,\"name\":\"Ayore\u0301ode Ate Bajade\",\"item\":\"https:\\\/\\\/ayore.org\\\/ayo\\\/culture\\\/oral-traditions\\\/\"},{\"@type\":\"ListItem\",\"position\":4,\"name\":\"Oid\u00e1biad\u00e9 &#8211; Acaca\u0303ra\u0301tigade u patatagode ome Siqueredie Adode\"}]},{\"@type\":\"WebSite\",\"@id\":\"https:\\\/\\\/ayore.org\\\/#website\",\"url\":\"https:\\\/\\\/ayore.org\\\/\",\"name\":\"AYOR\u00c9.ORG\",\"description\":\"Ayore\u0301ode Uruode, Adode, Jnani bajade ati\u0301go ore \",\"potentialAction\":[{\"@type\":\"SearchAction\",\"target\":{\"@type\":\"EntryPoint\",\"urlTemplate\":\"https:\\\/\\\/ayore.org\\\/?s={search_term_string}\"},\"query-input\":{\"@type\":\"PropertyValueSpecification\",\"valueRequired\":true,\"valueName\":\"search_term_string\"}}],\"inLanguage\":\"ayo\"}]}<\/script>\n<!-- \/ Yoast SEO plugin. -->","yoast_head_json":{"title":"Ayore\u0301ode Ate Bajade: Siquere\u0301 Adode - Acaca\u0303ra\u0301tigade U Datatagode Ome Siqueredie Adode \u2022 Ayore.org","robots":{"index":"index","follow":"follow","max-snippet":"max-snippet:-1","max-image-preview":"max-image-preview:large","max-video-preview":"max-video-preview:-1"},"canonical":"https:\/\/ayore.org\/ayo\/culture\/oral-traditions\/oidabiade-siquere-adode-acaca\u0303ratigade-u-datatagode-ome-siqueredie-adode\/","og_locale":"en_US","og_type":"article","og_title":"Ayore\u0301ode Ate Bajade: Siquere\u0301 Adode - Acaca\u0303ra\u0301tigade U Datatagode Ome Siqueredie Adode \u2022 Ayore.org","og_description":"Siquer\u00e9 Adode Yatatagode u siquer\u00e9 adode: Jnanione ore chim\u00e1ta \u00f1ane iji siqueredie ga jnani chojmarai chacac\u00e3re dar\u00e1sade.\u00a0 Enga acac\u00e3r\u00e1tigade u datatagode udojo ome siqueredie adode. Chi Dosapeque caratai. Dosapeque c\u00facujna. Dosapeque cucurui. Dosapeque tachei. Ga chi siquer\u00e9 d\u00edji ore, ga","og_url":"https:\/\/ayore.org\/ayo\/culture\/oral-traditions\/oidabiade-siquere-adode-acaca\u0303ratigade-u-datatagode-ome-siqueredie-adode\/","og_site_name":"AYOR\u00c9.ORG","article_modified_time":"2019-03-16T21:10:04+00:00","twitter_card":"summary_large_image","twitter_misc":{"Est. reading time":"1 minute"},"schema":{"@context":"https:\/\/schema.org","@graph":[{"@type":"WebPage","@id":"https:\/\/ayore.org\/ayo\/culture\/oral-traditions\/oidabiade-siquere-adode-acaca%cc%83ratigade-u-datatagode-ome-siqueredie-adode\/","url":"https:\/\/ayore.org\/ayo\/culture\/oral-traditions\/oidabiade-siquere-adode-acaca%cc%83ratigade-u-datatagode-ome-siqueredie-adode\/","name":"Ayore\u0301ode Ate Bajade: Siquere\u0301 Adode - Acaca\u0303ra\u0301tigade U Datatagode Ome Siqueredie Adode \u2022 Ayore.org","isPartOf":{"@id":"https:\/\/ayore.org\/#website"},"datePublished":"2018-08-30T23:01:54+00:00","dateModified":"2019-03-16T21:10:04+00:00","breadcrumb":{"@id":"https:\/\/ayore.org\/ayo\/culture\/oral-traditions\/oidabiade-siquere-adode-acaca%cc%83ratigade-u-datatagode-ome-siqueredie-adode\/#breadcrumb"},"inLanguage":"ayo","potentialAction":[{"@type":"ReadAction","target":["https:\/\/ayore.org\/ayo\/culture\/oral-traditions\/oidabiade-siquere-adode-acaca%cc%83ratigade-u-datatagode-ome-siqueredie-adode\/"]}]},{"@type":"BreadcrumbList","@id":"https:\/\/ayore.org\/ayo\/culture\/oral-traditions\/oidabiade-siquere-adode-acaca%cc%83ratigade-u-datatagode-ome-siqueredie-adode\/#breadcrumb","itemListElement":[{"@type":"ListItem","position":1,"name":"Jogate bajai tu ude\u0301","item":"https:\/\/ayore.org\/ayo\/"},{"@type":"ListItem","position":2,"name":"Ayore\u0301ode adode, angurenone cucha ore","item":"https:\/\/ayore.org\/ayo\/culture\/"},{"@type":"ListItem","position":3,"name":"Ayore\u0301ode Ate Bajade","item":"https:\/\/ayore.org\/ayo\/culture\/oral-traditions\/"},{"@type":"ListItem","position":4,"name":"Oid\u00e1biad\u00e9 &#8211; Acaca\u0303ra\u0301tigade u patatagode ome Siqueredie Adode"}]},{"@type":"WebSite","@id":"https:\/\/ayore.org\/#website","url":"https:\/\/ayore.org\/","name":"AYOR\u00c9.ORG","description":"Ayore\u0301ode Uruode, Adode, Jnani bajade ati\u0301go ore ","potentialAction":[{"@type":"SearchAction","target":{"@type":"EntryPoint","urlTemplate":"https:\/\/ayore.org\/?s={search_term_string}"},"query-input":{"@type":"PropertyValueSpecification","valueRequired":true,"valueName":"search_term_string"}}],"inLanguage":"ayo"}]}},"_links":{"self":[{"href":"https:\/\/ayore.org\/ayo\/wp-json\/wp\/v2\/pages\/849","targetHints":{"allow":["GET"]}}],"collection":[{"href":"https:\/\/ayore.org\/ayo\/wp-json\/wp\/v2\/pages"}],"about":[{"href":"https:\/\/ayore.org\/ayo\/wp-json\/wp\/v2\/types\/page"}],"author":[{"embeddable":true,"href":"https:\/\/ayore.org\/ayo\/wp-json\/wp\/v2\/users\/2"}],"replies":[{"embeddable":true,"href":"https:\/\/ayore.org\/ayo\/wp-json\/wp\/v2\/comments?post=849"}],"version-history":[{"count":4,"href":"https:\/\/ayore.org\/ayo\/wp-json\/wp\/v2\/pages\/849\/revisions"}],"predecessor-version":[{"id":3462,"href":"https:\/\/ayore.org\/ayo\/wp-json\/wp\/v2\/pages\/849\/revisions\/3462"}],"up":[{"embeddable":true,"href":"https:\/\/ayore.org\/ayo\/wp-json\/wp\/v2\/pages\/717"}],"wp:attachment":[{"href":"https:\/\/ayore.org\/ayo\/wp-json\/wp\/v2\/media?parent=849"}],"curies":[{"name":"wp","href":"https:\/\/api.w.org\/{rel}","templated":true}]}}