{"id":846,"date":"2018-08-30T22:56:20","date_gmt":"2018-08-30T22:56:20","guid":{"rendered":"https:\/\/ayore.org\/?page_id=846"},"modified":"2019-03-13T23:30:01","modified_gmt":"2019-03-13T23:30:01","slug":"oidabiade-jnagoto-ta%cc%83re-ome-enga-chijaro-jnui","status":"publish","type":"page","link":"https:\/\/ayore.org\/ayo\/culture\/oral-traditions\/oidabiade-jnagoto-ta%cc%83re-ome-enga-chijaro-jnui\/","title":{"rendered":"Oid\u00e1biad\u00e9 &#8211; Jnagoto ta\u0303re ome enga chijaro jnui"},"content":{"rendered":"<p><strong>Jnu \u00c3ri<\/strong><\/p>\n<p><strong><em>Chi ayor\u00e9 dacasutedie poti tu jnu \u00e3ri:<\/em><\/strong><\/p>\n<p><em>Jnaguto<\/em> u uje t\u00e3re ome iji dati enga chiese ij\u00e1rogome jnui ore.<\/p>\n<p>Enga chi ayor\u00e9 dacasutedie ore garani ud\u00e9.<\/p>\n<p>Enga chi jnu \u00e3ri garanome ore \u00faringane dacasut\u00e9 ome ore nanique uje ore tagu.<\/p>\n<p>Enga chi <em>Jnaguto<\/em> chim\u00e1ta cucha pon\u00e1yone \u2013cuchisode, ayor\u00e9ode ore jnese- enga chi chojninga: \u201cBeyoi yijaroi ud\u00e9 jnu \u00e3ri ga acho.\u201d<\/p>\n<p>Enga <em>Oron\u00e9<\/em> day\u00e9 <em>Jaboid\u00e9<\/em> chatata quigode ome yoque ga ch\u00f3si te: \u201cUjode cuchape ore tagu. Ga chi ore tagu ga ujnu\u00e9ng\u00e1yone u uje ore chijna daj\u00e9ode aja guesode. Enga j\u00e9 u uje ayor\u00e9 dacasutedie u\u00f1anie chijna daj\u00e9ode aja guesode nanique iji daruguringane, daj\u00f3caning\u00e1ne (uje ore chug\u00faji, enga \u00e1jningara\u0303c ore).\u201d<\/p>\n<p>Ga u udojo: Chiese ayor\u00e9 asutedie ipesung\u00f3ri tu ud\u00e9, jnu \u00e3ri ud\u00e9. Ujnu\u00e9ng\u00e1yone chi ca u\u00f1ane chijna daj\u00e9ode aja guesode. Chi ca chijnime u\u00f1ane ari\u0303\u0301rique. Chi j\u00e9 ujn\u00e9ng\u00e1yone u uje udore ore t\u00e3rar\u00e1ji jmainie.<\/p>\n<p>Ga chi bajai tu <em>Ugobedai<\/em> uje choru poridie iji dat\u00e9. Ore tagu jnu \u00e3ri iji taningai ga chinoningase ajei ga ajei gat\u00edjna dosadode, ga pose bajaque ijaroi, mu que yirajapise quigode ome <em>Jaboid\u00e9<\/em>.<\/p>\n<p>Ga chi quigamin\u00f3ri tu <em>Arori<\/em> iji dat\u00ed uje bas\u00e1ja poridie enga chi pose bajaque to.<\/p>\n<p>Yoc\u00e1quiode chojninga: \u201cJ\u00e9 uacam\u00f3\u00f1o <em>Arori<\/em> u uje cho d\u00e1jninga mu que chiraja tij\u00f3rique (que todo cuch\u00e1rique).<\/p>\n<p>Enga chi j\u00e9 u uje ayor\u00e9ode tagu to ga ujnu\u00e9ngais\u00f3rone u uje ore chijna daj\u00e9ode aja guesode. J\u00e9 u\u00f1ane ga ore su\u00e9 gai ga que ore chijna daj\u00e9ode aja guesode to, que chijnime ore ari\u0303\u0301rique. Udojo uje chi ayor\u00e9 dacasutedie posode u nanique iji jnani bajade ore.<\/p>\n<p><em>(Oida\u0301biade\u0301 <\/em>cho quique: Mu que ore chiraja nanique uje a Satanas utocaidode u nanique, uje ore chiroque yoc\u00e1quiode ore aja d\u00e1ringaringo pocaningai gais\u00f3\u00f1o.)<\/p>\n<p><em><strong>Chi ayore\u0301 dacasutedie gajnenie je\u0301 upo udojo cucha ri\u0303:<\/strong><\/em><\/p>\n<p>Uje yoc\u00e1quiode ore chatatapo u\u00f1eque ri\u0303 uje chi ayor\u00e9 dacasutedie gajnenie j\u00e9 u. Chopise ayor\u00e9 dacasutedie poti jnu \u00e3ri adode ri\u0303. Uje chi ipesud\u00e9 ayor\u00e9 dacasutedie nanique jnu \u00e3ri.<\/p>\n<p><em><strong>Chi cucherane ore chuje\u0301 Poritai nanique:<\/strong><\/em><\/p>\n<p>Uje p\u00e9su ore \u00e1jningane iji ore ajei uje chi ore chuj\u00e9 jnani bajade ore i\u00f1o\u00f1ai, ome <em>Jaboid\u00e9<\/em>. J\u00e9 u uje dacasutedie cucherane chi ore ipesung\u00f3ri tu ore i\u00f1o\u00f1ai (<em>Poritai<\/em>). Chi dacasutedie ore ipesung\u00f3ri ud\u00e9, ome <em>Jaboid\u00e9<\/em>.<\/p>\n<p>Chi ore chuj\u00e9 ga chi Chiquenone ore chuj\u00e9 bajaque. Chi ore chijna daj\u00e9ode aja guesi tiji gai. Ga chi ayor\u00e9 dacasutedie ipesung\u00f3rone u udojo, ome <em>Jaboid\u00e9<\/em>. Chiquenone chi ore chijna daj\u00e9ode aja guesi ga ore cho je-je-je iji gai.<\/p>\n<p>Quigade ga Dosap\u00e9ode ore chuj\u00e9 ga j\u00e9 isoca ga ore chijna daj\u00e9ode aja guesi.<\/p>\n<p>Quigade ga Posorajane ore chuj\u00e9 to, mu chi ca ore chijna daj\u00e9ode aja guesi to.<\/p>\n<p>Chi i\u00f1o\u00f1ai ore su\u00e9 i\u00f1o\u00f1ai gai gu.<\/p>\n<p>Quigade ga Picanerane ore chuj\u00e9, mu j\u00e9 ore cho, chi ca ore chijna daj\u00e9ode aja guesi to.<\/p>\n<p>Quigade ga \u00c9tacorone ore chuj\u00e9 mu ore chijna daj\u00e9ode aja guesi tiji gai.<\/p>\n<p><em><strong>Ore chosina dojode ayore\u0301 iji era\u0301mi nanique:<\/strong><\/em><\/p>\n<p>Enga chojninga, <em>Jaboid\u00e9<\/em>: \u201cJ\u00e9 uacam\u00f3\u00f1o to uje posito (pijosito) ayor\u00e9ode yoquiquicuj\u00e1idie iji er\u00e1mone. Uje ayor\u00e9ode yijos\u00ednango yocur\u00e1sade aja qued\u00e9jnane nanique ga quigade u udojo uje chi ayor\u00e9 dacasut\u00e9 pijositodie chi quicujaidie u udiji iji jnani bajade ore.&#8221;<\/p>\n<p>Uje ore chosina dojode ayor\u00e9 iji er\u00e1mone nanique ga ore chayome ore uje ore chiraja gu uje sijnaque ayor\u00e9ode.<\/p>\n<p>Ga <em>Jaboid\u00e9<\/em> chojninga: \u201cJ\u00e9 uacam\u00f3\u00f1o Picanerane ore to uje ore chosina dojode ayor\u00e9 iji er\u00e1mi. Uje ore ujode ayor\u00e9 chay\u00f3na er\u00e1mi tome ore.<\/p>\n<p>Juruminone chi j\u00e9 cho ore. Juruminone ujatigui chi ore chuj\u00e9 mu j\u00e9 cho. Que ore chijna daj\u00e9ningai aja guetique. Enga chi pijositodie up\u00fasu udiji iji ore quicuj\u00e1idie. (Positodie jeoga Pijositodie). Uje que sujm\u00e1ning\u00e1rique chajire re ome ore nanique ga ore chosina dojode ayor\u00e9 iji er\u00e1mi.&#8221;<\/p>\n<p>\u201cUacam\u00f3\u00f1o to,\u201d chojninga, \u201cuje ayor\u00e9 dacasutedie pijositodie u udiji ore.<\/p>\n<p><em>Posorajane, Picanerane, Juruminone<\/em> ore u uje que picasid\u00e9 ore nanique ga chi u udojo,\u201d ome <em>Jaboid\u00e9<\/em> nanique.&#8221;<\/p>\n<p>Ayor\u00e9 dacasutedie chi ore quigode u udojo uje ayor\u00e9 dacasut\u00e9 positodie u uje ore chuj\u00e9 \u00a1paque! i\u00f1o\u00f1ai <em>Poritai\u00a0<\/em>ut\u00e9, mu que chijnime ari\u0303\u0301rique uje que chijna daj\u00e9ode aja guesi.<\/p>\n<p>Chi ayor\u00e9 dacasutedie u udojo, ome <em>Jaboid\u00e9<\/em>.<\/p>\n<p>J\u00e9 u udojo eruei tu, enga que yiraja iquemin\u00f3ningo.<\/p>\n<p><em>\u00a0<\/em><\/p>\n<p><em>Oid\u00e1biad\u00e9 \u2013 Campo Loro, Paraguay \u2013 1988.<\/em><\/p>\n<p><em>Marina de Morarie chur\u00fas\u00e3re Oid\u00e1biad\u00e9 atatagode udojo nanique.<\/em><\/p>\n<div class=\"navigation\"><div class=\"alignleft\"><a href=\"https:\/\/ayore.org\/ayo\/culture\/oral-traditions\/oidabiade-jnani-bajatique-todo-guei-basui\/\"title=\"Oid\u00e1biad\u00e9 &#8211; Jnani Baja\u0301tique todo Guei Basui\"><img loading=\"lazy\" decoding=\"async\" src=\"https:\/\/ayore.org\/wp-content\/uploads\/2018\/10\/left-arrow.png\" width=\"50\" height=\"48\" alt=\"left arrow\"><\/a><\/div><div class=\"alignright\"><a href=\"https:\/\/ayore.org\/ayo\/culture\/oral-traditions\/oidabiade-siquere-adode-acaca%cc%83ratigade-u-datatagode-ome-siqueredie-adode\/\"title=\"Oid\u00e1biad\u00e9 &#8211; Acaca\u0303ra\u0301tigade u patatagode ome Siqueredie Adode\"><img loading=\"lazy\" decoding=\"async\" src=\"https:\/\/ayore.org\/wp-content\/uploads\/2018\/10\/right-arrow.png\" width=\"50\" height=\"48\" alt=\"right arrow\"><\/a><\/div>\n","protected":false},"excerpt":{"rendered":"<p>Jnu \u00c3ri Chi ayor\u00e9 dacasutedie poti tu jnu \u00e3ri: Jnaguto u uje t\u00e3re ome iji dati enga chiese ij\u00e1rogome jnui ore. Enga chi ayor\u00e9 dacasutedie ore garani ud\u00e9. Enga chi jnu \u00e3ri garanome ore \u00faringane dacasut\u00e9 ome ore nanique uje<\/p>\n","protected":false},"author":2,"featured_media":0,"parent":717,"menu_order":0,"comment_status":"closed","ping_status":"closed","template":"","meta":{"footnotes":""},"class_list":["post-846","page","type-page","status-publish","hentry"],"yoast_head":"<!-- This site is optimized with the Yoast SEO plugin v27.4 - https:\/\/yoast.com\/product\/yoast-seo-wordpress\/ -->\n<title>Ayore\u0301ode Ate Bajade: Jnagoto Ta\u0303re Ome Enga Chijaro Jnui \u2022 Ayore.org<\/title>\n<meta name=\"robots\" content=\"index, follow, max-snippet:-1, max-image-preview:large, max-video-preview:-1\" \/>\n<link rel=\"canonical\" href=\"https:\/\/ayore.org\/ayo\/culture\/oral-traditions\/oidabiade-jnagoto-ta\u0303re-ome-enga-chijaro-jnui\/\" \/>\n<meta property=\"og:locale\" content=\"en_US\" \/>\n<meta property=\"og:type\" content=\"article\" \/>\n<meta property=\"og:title\" content=\"Ayore\u0301ode Ate Bajade: Jnagoto Ta\u0303re Ome Enga Chijaro Jnui \u2022 Ayore.org\" \/>\n<meta property=\"og:description\" content=\"Jnu \u00c3ri Chi ayor\u00e9 dacasutedie poti tu jnu \u00e3ri: Jnaguto u uje t\u00e3re ome iji dati enga chiese ij\u00e1rogome jnui ore. Enga chi ayor\u00e9 dacasutedie ore garani ud\u00e9. Enga chi jnu \u00e3ri garanome ore \u00faringane dacasut\u00e9 ome ore nanique uje\" \/>\n<meta property=\"og:url\" content=\"https:\/\/ayore.org\/ayo\/culture\/oral-traditions\/oidabiade-jnagoto-ta\u0303re-ome-enga-chijaro-jnui\/\" \/>\n<meta property=\"og:site_name\" content=\"AYOR\u00c9.ORG\" \/>\n<meta property=\"article:modified_time\" content=\"2019-03-13T23:30:01+00:00\" \/>\n<meta name=\"twitter:card\" content=\"summary_large_image\" \/>\n<meta name=\"twitter:label1\" content=\"Est. reading time\" \/>\n\t<meta name=\"twitter:data1\" content=\"4 minutes\" \/>\n<script type=\"application\/ld+json\" class=\"yoast-schema-graph\">{\"@context\":\"https:\\\/\\\/schema.org\",\"@graph\":[{\"@type\":\"WebPage\",\"@id\":\"https:\\\/\\\/ayore.org\\\/ayo\\\/culture\\\/oral-traditions\\\/oidabiade-jnagoto-ta%cc%83re-ome-enga-chijaro-jnui\\\/\",\"url\":\"https:\\\/\\\/ayore.org\\\/ayo\\\/culture\\\/oral-traditions\\\/oidabiade-jnagoto-ta%cc%83re-ome-enga-chijaro-jnui\\\/\",\"name\":\"Ayore\u0301ode Ate Bajade: Jnagoto Ta\u0303re Ome Enga Chijaro Jnui \u2022 Ayore.org\",\"isPartOf\":{\"@id\":\"https:\\\/\\\/ayore.org\\\/#website\"},\"datePublished\":\"2018-08-30T22:56:20+00:00\",\"dateModified\":\"2019-03-13T23:30:01+00:00\",\"breadcrumb\":{\"@id\":\"https:\\\/\\\/ayore.org\\\/ayo\\\/culture\\\/oral-traditions\\\/oidabiade-jnagoto-ta%cc%83re-ome-enga-chijaro-jnui\\\/#breadcrumb\"},\"inLanguage\":\"ayo\",\"potentialAction\":[{\"@type\":\"ReadAction\",\"target\":[\"https:\\\/\\\/ayore.org\\\/ayo\\\/culture\\\/oral-traditions\\\/oidabiade-jnagoto-ta%cc%83re-ome-enga-chijaro-jnui\\\/\"]}]},{\"@type\":\"BreadcrumbList\",\"@id\":\"https:\\\/\\\/ayore.org\\\/ayo\\\/culture\\\/oral-traditions\\\/oidabiade-jnagoto-ta%cc%83re-ome-enga-chijaro-jnui\\\/#breadcrumb\",\"itemListElement\":[{\"@type\":\"ListItem\",\"position\":1,\"name\":\"Jogate bajai tu ude\u0301\",\"item\":\"https:\\\/\\\/ayore.org\\\/ayo\\\/\"},{\"@type\":\"ListItem\",\"position\":2,\"name\":\"Ayore\u0301ode adode, angurenone cucha ore\",\"item\":\"https:\\\/\\\/ayore.org\\\/ayo\\\/culture\\\/\"},{\"@type\":\"ListItem\",\"position\":3,\"name\":\"Ayore\u0301ode Ate Bajade\",\"item\":\"https:\\\/\\\/ayore.org\\\/ayo\\\/culture\\\/oral-traditions\\\/\"},{\"@type\":\"ListItem\",\"position\":4,\"name\":\"Oid\u00e1biad\u00e9 &#8211; Jnagoto ta\u0303re ome enga chijaro jnui\"}]},{\"@type\":\"WebSite\",\"@id\":\"https:\\\/\\\/ayore.org\\\/#website\",\"url\":\"https:\\\/\\\/ayore.org\\\/\",\"name\":\"AYOR\u00c9.ORG\",\"description\":\"Ayore\u0301ode Uruode, Adode, Jnani bajade ati\u0301go ore \",\"potentialAction\":[{\"@type\":\"SearchAction\",\"target\":{\"@type\":\"EntryPoint\",\"urlTemplate\":\"https:\\\/\\\/ayore.org\\\/?s={search_term_string}\"},\"query-input\":{\"@type\":\"PropertyValueSpecification\",\"valueRequired\":true,\"valueName\":\"search_term_string\"}}],\"inLanguage\":\"ayo\"}]}<\/script>\n<!-- \/ Yoast SEO plugin. -->","yoast_head_json":{"title":"Ayore\u0301ode Ate Bajade: Jnagoto Ta\u0303re Ome Enga Chijaro Jnui \u2022 Ayore.org","robots":{"index":"index","follow":"follow","max-snippet":"max-snippet:-1","max-image-preview":"max-image-preview:large","max-video-preview":"max-video-preview:-1"},"canonical":"https:\/\/ayore.org\/ayo\/culture\/oral-traditions\/oidabiade-jnagoto-ta\u0303re-ome-enga-chijaro-jnui\/","og_locale":"en_US","og_type":"article","og_title":"Ayore\u0301ode Ate Bajade: Jnagoto Ta\u0303re Ome Enga Chijaro Jnui \u2022 Ayore.org","og_description":"Jnu \u00c3ri Chi ayor\u00e9 dacasutedie poti tu jnu \u00e3ri: Jnaguto u uje t\u00e3re ome iji dati enga chiese ij\u00e1rogome jnui ore. Enga chi ayor\u00e9 dacasutedie ore garani ud\u00e9. Enga chi jnu \u00e3ri garanome ore \u00faringane dacasut\u00e9 ome ore nanique uje","og_url":"https:\/\/ayore.org\/ayo\/culture\/oral-traditions\/oidabiade-jnagoto-ta\u0303re-ome-enga-chijaro-jnui\/","og_site_name":"AYOR\u00c9.ORG","article_modified_time":"2019-03-13T23:30:01+00:00","twitter_card":"summary_large_image","twitter_misc":{"Est. reading time":"4 minutes"},"schema":{"@context":"https:\/\/schema.org","@graph":[{"@type":"WebPage","@id":"https:\/\/ayore.org\/ayo\/culture\/oral-traditions\/oidabiade-jnagoto-ta%cc%83re-ome-enga-chijaro-jnui\/","url":"https:\/\/ayore.org\/ayo\/culture\/oral-traditions\/oidabiade-jnagoto-ta%cc%83re-ome-enga-chijaro-jnui\/","name":"Ayore\u0301ode Ate Bajade: Jnagoto Ta\u0303re Ome Enga Chijaro Jnui \u2022 Ayore.org","isPartOf":{"@id":"https:\/\/ayore.org\/#website"},"datePublished":"2018-08-30T22:56:20+00:00","dateModified":"2019-03-13T23:30:01+00:00","breadcrumb":{"@id":"https:\/\/ayore.org\/ayo\/culture\/oral-traditions\/oidabiade-jnagoto-ta%cc%83re-ome-enga-chijaro-jnui\/#breadcrumb"},"inLanguage":"ayo","potentialAction":[{"@type":"ReadAction","target":["https:\/\/ayore.org\/ayo\/culture\/oral-traditions\/oidabiade-jnagoto-ta%cc%83re-ome-enga-chijaro-jnui\/"]}]},{"@type":"BreadcrumbList","@id":"https:\/\/ayore.org\/ayo\/culture\/oral-traditions\/oidabiade-jnagoto-ta%cc%83re-ome-enga-chijaro-jnui\/#breadcrumb","itemListElement":[{"@type":"ListItem","position":1,"name":"Jogate bajai tu ude\u0301","item":"https:\/\/ayore.org\/ayo\/"},{"@type":"ListItem","position":2,"name":"Ayore\u0301ode adode, angurenone cucha ore","item":"https:\/\/ayore.org\/ayo\/culture\/"},{"@type":"ListItem","position":3,"name":"Ayore\u0301ode Ate Bajade","item":"https:\/\/ayore.org\/ayo\/culture\/oral-traditions\/"},{"@type":"ListItem","position":4,"name":"Oid\u00e1biad\u00e9 &#8211; Jnagoto ta\u0303re ome enga chijaro jnui"}]},{"@type":"WebSite","@id":"https:\/\/ayore.org\/#website","url":"https:\/\/ayore.org\/","name":"AYOR\u00c9.ORG","description":"Ayore\u0301ode Uruode, Adode, Jnani bajade ati\u0301go ore ","potentialAction":[{"@type":"SearchAction","target":{"@type":"EntryPoint","urlTemplate":"https:\/\/ayore.org\/?s={search_term_string}"},"query-input":{"@type":"PropertyValueSpecification","valueRequired":true,"valueName":"search_term_string"}}],"inLanguage":"ayo"}]}},"_links":{"self":[{"href":"https:\/\/ayore.org\/ayo\/wp-json\/wp\/v2\/pages\/846","targetHints":{"allow":["GET"]}}],"collection":[{"href":"https:\/\/ayore.org\/ayo\/wp-json\/wp\/v2\/pages"}],"about":[{"href":"https:\/\/ayore.org\/ayo\/wp-json\/wp\/v2\/types\/page"}],"author":[{"embeddable":true,"href":"https:\/\/ayore.org\/ayo\/wp-json\/wp\/v2\/users\/2"}],"replies":[{"embeddable":true,"href":"https:\/\/ayore.org\/ayo\/wp-json\/wp\/v2\/comments?post=846"}],"version-history":[{"count":6,"href":"https:\/\/ayore.org\/ayo\/wp-json\/wp\/v2\/pages\/846\/revisions"}],"predecessor-version":[{"id":3455,"href":"https:\/\/ayore.org\/ayo\/wp-json\/wp\/v2\/pages\/846\/revisions\/3455"}],"up":[{"embeddable":true,"href":"https:\/\/ayore.org\/ayo\/wp-json\/wp\/v2\/pages\/717"}],"wp:attachment":[{"href":"https:\/\/ayore.org\/ayo\/wp-json\/wp\/v2\/media?parent=846"}],"curies":[{"name":"wp","href":"https:\/\/api.w.org\/{rel}","templated":true}]}}