{"id":844,"date":"2018-08-30T22:39:58","date_gmt":"2018-08-30T22:39:58","guid":{"rendered":"https:\/\/ayore.org\/?page_id=844"},"modified":"2019-03-10T03:13:28","modified_gmt":"2019-03-10T03:13:28","slug":"oidabiade-jnani-bajatique-todo-guei-basui","status":"publish","type":"page","link":"https:\/\/ayore.org\/ayo\/culture\/oral-traditions\/oidabiade-jnani-bajatique-todo-guei-basui\/","title":{"rendered":"Oid\u00e1biad\u00e9 &#8211; Jnani Baja\u0301tique todo Guei Basui"},"content":{"rendered":"<p><strong><em>Yatataba Guei Basui adode:<\/em><\/strong><\/p>\n<p>Chi yocai jnani baj\u00e1tique chi baque. Chi chudute guei adode. Chi doi guei adode.\u00a0Chi chudute adode mu chi todo ga ch\u00e1c\u00e3re darani tome. J\u00e9 todo guei basui adode gu.<\/p>\n<p>Chi chimoche\u0303re gatoi gai ga chi chorei damocheca\u0301ya iji \u00fadi.<\/p>\n<p>Chi chojninga: \u201cQue bay\u00e9 udac.\u201d Chorei damocheca\u0301ya iji \u00fadi.<\/p>\n<p>J\u00e9 u uje chise Guei Basui. Chi d\u00e9ji dache\u0303ra pore \u00fadi. Chiese n\u00f3na dache\u0303ra aja jnumi. Ga chi n\u00f3na aja deg\u00fai.<\/p>\n<p>Ga chi n\u00f3na aja dabatigade. Ga chi chijno cut\u00e9rone ga \u00e3re\u0301 chejna. Chi chojninga: \u201c\u00a1<em>Jiiiii!<\/em>\u00a0\u00a1Yuy\u00e1tique di iji yu iiii!\u201d<\/p>\n<p>Chi Guei Basui jno ga chijn\u00e1sia chicor\u00e1mi ababi. Chijo\u0301cha mu uy\u00e1di su\u00e9si gai.<\/p>\n<p>Mu chi jnani bajai chajire iji jnumi.<\/p>\n<p>Chijose dacaj\u00f1ui aja bajo ga ir\u00e1gu mu jot\u00e1bia d\u00e9ji gai.<\/p>\n<p>Chi jnani bajai chojninga: \u201c\u00a1Yiji\u0301na cuch\u00e1bi!\u201d<\/p>\n<p>Chi di ji deg\u00fai, ga chojningame dacot\u00e9: \u201cA yij\u00edna cuch\u00e1tique.\u201d Chiraja uje jot\u00e1bia d\u00e9si ijoyade gai te.<\/p>\n<p>Mu chi jnani bajai cho paraque ga no\u00f1ome Guei Basui iji deg\u00fai.<\/p>\n<p>Chojningame dar\u00e1sade: \u201cYo paraque. Yij\u00ed\u00f1ome iji deg\u00fai uje uacagachodi u jne.\u201d<\/p>\n<p>Mu chi Guei Basui p\u00e9su dagu\u00edjnai. Mu chi disiode chimitingare. Ga ore chojninga: \u201cE ajnorate ji. Ga chiese ajnor\u00e1piedie to\u0303\u0301raji ur\u00e1idie.\u201d<\/p>\n<p>Mu chi chimate dagu\u00edjnai ga ch\u00e9c\u00e3re dameserane aja ajei. Ch\u00e9c\u00e3re ore aja guigu\u00edjnai ajei, ga j\u00e9 u uje soca rome ore iji guesi. To\u0303\u0301ra dameserane aja guijnatajei; j\u00e9 to\u0303\u0301ra det\u00e9gode, damitingarang\u00f3rone aja guesi.<\/p>\n<p>Ga no\u00f1a ga jmi que&#8217;. Ga chiese jnanione u jm\u00edngone, ga chequed\u00ede u jongogonie; chiese disiode, disid\u00ede u paparanie, par\u00e1tagabidie su gui\u00e1minie.<\/p>\n<p>To\u0303\u0301ra ore ga yote uj\u00f3so\u0301\u00f1o u. Ga ore poji yodi. J\u00e9 u uje cho jnare ga Guei Basui jno ga n\u00f3na aja gat\u00e9. Chejna ore. Yirajap\u00eddode eruei j\u00e9 u.<\/p>\n<p><em>Oid\u00e1biad\u00e9 \u2013 Campo Loro, Paraguay \u2013 1988.<\/em><\/p>\n<p><em>Marina de Morarie chur\u00fas\u00e3re Oid\u00e1biad\u00e9 atatagode udojo nanique.<\/em><\/p>\n<div class=\"navigation\"><div class=\"alignleft\"><a href=\"https:\/\/ayore.org\/ayo\/culture\/oral-traditions\/oidabiade-disiode-ore-chipocasu-gajnoque\/\"title=\"Oid\u00e1biad\u00e9 &#8211; Disiode ore chipoca\u0301su gajnoque\"><img loading=\"lazy\" decoding=\"async\" src=\"https:\/\/ayore.org\/wp-content\/uploads\/2018\/10\/left-arrow.png\" width=\"50\" height=\"48\" alt=\"left arrow\"><\/a><\/div><div class=\"alignright\"><a href=\"https:\/\/ayore.org\/ayo\/culture\/oral-traditions\/oidabiade-jnagoto-ta%cc%83re-ome-enga-chijaro-jnui\/\"title=\"Oid\u00e1biad\u00e9 &#8211; Jnagoto ta\u0303re ome enga chijaro jnui\"><img loading=\"lazy\" decoding=\"async\" src=\"https:\/\/ayore.org\/wp-content\/uploads\/2018\/10\/right-arrow.png\" width=\"50\" height=\"48\" alt=\"right arrow\"><\/a><\/div>\n","protected":false},"excerpt":{"rendered":"<p>Yatataba Guei Basui adode: Chi yocai jnani baj\u00e1tique chi baque. Chi chudute guei adode. Chi doi guei adode.\u00a0Chi chudute adode mu chi todo ga ch\u00e1c\u00e3re darani tome. J\u00e9 todo guei basui adode gu. Chi chimoche\u0303re gatoi gai ga chi chorei<\/p>\n","protected":false},"author":2,"featured_media":0,"parent":717,"menu_order":0,"comment_status":"closed","ping_status":"closed","template":"","meta":{"footnotes":""},"class_list":["post-844","page","type-page","status-publish","hentry"],"yoast_head":"<!-- This site is optimized with the Yoast SEO plugin v27.4 - https:\/\/yoast.com\/product\/yoast-seo-wordpress\/ -->\n<title>Ayore\u0301ode Ate Bajade: Jnani Baja\u0301tique Todo Guei Basui \u2022 Ayore.org<\/title>\n<meta name=\"robots\" content=\"index, follow, max-snippet:-1, max-image-preview:large, max-video-preview:-1\" \/>\n<link rel=\"canonical\" href=\"https:\/\/ayore.org\/ayo\/culture\/oral-traditions\/oidabiade-jnani-bajatique-todo-guei-basui\/\" \/>\n<meta property=\"og:locale\" content=\"en_US\" \/>\n<meta property=\"og:type\" content=\"article\" \/>\n<meta property=\"og:title\" content=\"Ayore\u0301ode Ate Bajade: Jnani Baja\u0301tique Todo Guei Basui \u2022 Ayore.org\" \/>\n<meta property=\"og:description\" content=\"Yatataba Guei Basui adode: Chi yocai jnani baj\u00e1tique chi baque. Chi chudute guei adode. Chi doi guei adode.\u00a0Chi chudute adode mu chi todo ga ch\u00e1c\u00e3re darani tome. J\u00e9 todo guei basui adode gu. Chi chimoche\u0303re gatoi gai ga chi chorei\" \/>\n<meta property=\"og:url\" content=\"https:\/\/ayore.org\/ayo\/culture\/oral-traditions\/oidabiade-jnani-bajatique-todo-guei-basui\/\" \/>\n<meta property=\"og:site_name\" content=\"AYOR\u00c9.ORG\" \/>\n<meta property=\"article:modified_time\" content=\"2019-03-10T03:13:28+00:00\" \/>\n<meta name=\"twitter:card\" content=\"summary_large_image\" \/>\n<meta name=\"twitter:label1\" content=\"Est. reading time\" \/>\n\t<meta name=\"twitter:data1\" content=\"2 minutes\" \/>\n<script type=\"application\/ld+json\" class=\"yoast-schema-graph\">{\"@context\":\"https:\\\/\\\/schema.org\",\"@graph\":[{\"@type\":\"WebPage\",\"@id\":\"https:\\\/\\\/ayore.org\\\/ayo\\\/culture\\\/oral-traditions\\\/oidabiade-jnani-bajatique-todo-guei-basui\\\/\",\"url\":\"https:\\\/\\\/ayore.org\\\/ayo\\\/culture\\\/oral-traditions\\\/oidabiade-jnani-bajatique-todo-guei-basui\\\/\",\"name\":\"Ayore\u0301ode Ate Bajade: Jnani Baja\u0301tique Todo Guei Basui \u2022 Ayore.org\",\"isPartOf\":{\"@id\":\"https:\\\/\\\/ayore.org\\\/#website\"},\"datePublished\":\"2018-08-30T22:39:58+00:00\",\"dateModified\":\"2019-03-10T03:13:28+00:00\",\"breadcrumb\":{\"@id\":\"https:\\\/\\\/ayore.org\\\/ayo\\\/culture\\\/oral-traditions\\\/oidabiade-jnani-bajatique-todo-guei-basui\\\/#breadcrumb\"},\"inLanguage\":\"ayo\",\"potentialAction\":[{\"@type\":\"ReadAction\",\"target\":[\"https:\\\/\\\/ayore.org\\\/ayo\\\/culture\\\/oral-traditions\\\/oidabiade-jnani-bajatique-todo-guei-basui\\\/\"]}]},{\"@type\":\"BreadcrumbList\",\"@id\":\"https:\\\/\\\/ayore.org\\\/ayo\\\/culture\\\/oral-traditions\\\/oidabiade-jnani-bajatique-todo-guei-basui\\\/#breadcrumb\",\"itemListElement\":[{\"@type\":\"ListItem\",\"position\":1,\"name\":\"Jogate bajai tu ude\u0301\",\"item\":\"https:\\\/\\\/ayore.org\\\/ayo\\\/\"},{\"@type\":\"ListItem\",\"position\":2,\"name\":\"Ayore\u0301ode adode, angurenone cucha ore\",\"item\":\"https:\\\/\\\/ayore.org\\\/ayo\\\/culture\\\/\"},{\"@type\":\"ListItem\",\"position\":3,\"name\":\"Ayore\u0301ode Ate Bajade\",\"item\":\"https:\\\/\\\/ayore.org\\\/ayo\\\/culture\\\/oral-traditions\\\/\"},{\"@type\":\"ListItem\",\"position\":4,\"name\":\"Oid\u00e1biad\u00e9 &#8211; Jnani Baja\u0301tique todo Guei Basui\"}]},{\"@type\":\"WebSite\",\"@id\":\"https:\\\/\\\/ayore.org\\\/#website\",\"url\":\"https:\\\/\\\/ayore.org\\\/\",\"name\":\"AYOR\u00c9.ORG\",\"description\":\"Ayore\u0301ode Uruode, Adode, Jnani bajade ati\u0301go ore \",\"potentialAction\":[{\"@type\":\"SearchAction\",\"target\":{\"@type\":\"EntryPoint\",\"urlTemplate\":\"https:\\\/\\\/ayore.org\\\/?s={search_term_string}\"},\"query-input\":{\"@type\":\"PropertyValueSpecification\",\"valueRequired\":true,\"valueName\":\"search_term_string\"}}],\"inLanguage\":\"ayo\"}]}<\/script>\n<!-- \/ Yoast SEO plugin. -->","yoast_head_json":{"title":"Ayore\u0301ode Ate Bajade: Jnani Baja\u0301tique Todo Guei Basui \u2022 Ayore.org","robots":{"index":"index","follow":"follow","max-snippet":"max-snippet:-1","max-image-preview":"max-image-preview:large","max-video-preview":"max-video-preview:-1"},"canonical":"https:\/\/ayore.org\/ayo\/culture\/oral-traditions\/oidabiade-jnani-bajatique-todo-guei-basui\/","og_locale":"en_US","og_type":"article","og_title":"Ayore\u0301ode Ate Bajade: Jnani Baja\u0301tique Todo Guei Basui \u2022 Ayore.org","og_description":"Yatataba Guei Basui adode: Chi yocai jnani baj\u00e1tique chi baque. Chi chudute guei adode. Chi doi guei adode.\u00a0Chi chudute adode mu chi todo ga ch\u00e1c\u00e3re darani tome. J\u00e9 todo guei basui adode gu. Chi chimoche\u0303re gatoi gai ga chi chorei","og_url":"https:\/\/ayore.org\/ayo\/culture\/oral-traditions\/oidabiade-jnani-bajatique-todo-guei-basui\/","og_site_name":"AYOR\u00c9.ORG","article_modified_time":"2019-03-10T03:13:28+00:00","twitter_card":"summary_large_image","twitter_misc":{"Est. reading time":"2 minutes"},"schema":{"@context":"https:\/\/schema.org","@graph":[{"@type":"WebPage","@id":"https:\/\/ayore.org\/ayo\/culture\/oral-traditions\/oidabiade-jnani-bajatique-todo-guei-basui\/","url":"https:\/\/ayore.org\/ayo\/culture\/oral-traditions\/oidabiade-jnani-bajatique-todo-guei-basui\/","name":"Ayore\u0301ode Ate Bajade: Jnani Baja\u0301tique Todo Guei Basui \u2022 Ayore.org","isPartOf":{"@id":"https:\/\/ayore.org\/#website"},"datePublished":"2018-08-30T22:39:58+00:00","dateModified":"2019-03-10T03:13:28+00:00","breadcrumb":{"@id":"https:\/\/ayore.org\/ayo\/culture\/oral-traditions\/oidabiade-jnani-bajatique-todo-guei-basui\/#breadcrumb"},"inLanguage":"ayo","potentialAction":[{"@type":"ReadAction","target":["https:\/\/ayore.org\/ayo\/culture\/oral-traditions\/oidabiade-jnani-bajatique-todo-guei-basui\/"]}]},{"@type":"BreadcrumbList","@id":"https:\/\/ayore.org\/ayo\/culture\/oral-traditions\/oidabiade-jnani-bajatique-todo-guei-basui\/#breadcrumb","itemListElement":[{"@type":"ListItem","position":1,"name":"Jogate bajai tu ude\u0301","item":"https:\/\/ayore.org\/ayo\/"},{"@type":"ListItem","position":2,"name":"Ayore\u0301ode adode, angurenone cucha ore","item":"https:\/\/ayore.org\/ayo\/culture\/"},{"@type":"ListItem","position":3,"name":"Ayore\u0301ode Ate Bajade","item":"https:\/\/ayore.org\/ayo\/culture\/oral-traditions\/"},{"@type":"ListItem","position":4,"name":"Oid\u00e1biad\u00e9 &#8211; Jnani Baja\u0301tique todo Guei Basui"}]},{"@type":"WebSite","@id":"https:\/\/ayore.org\/#website","url":"https:\/\/ayore.org\/","name":"AYOR\u00c9.ORG","description":"Ayore\u0301ode Uruode, Adode, Jnani bajade ati\u0301go ore ","potentialAction":[{"@type":"SearchAction","target":{"@type":"EntryPoint","urlTemplate":"https:\/\/ayore.org\/?s={search_term_string}"},"query-input":{"@type":"PropertyValueSpecification","valueRequired":true,"valueName":"search_term_string"}}],"inLanguage":"ayo"}]}},"_links":{"self":[{"href":"https:\/\/ayore.org\/ayo\/wp-json\/wp\/v2\/pages\/844","targetHints":{"allow":["GET"]}}],"collection":[{"href":"https:\/\/ayore.org\/ayo\/wp-json\/wp\/v2\/pages"}],"about":[{"href":"https:\/\/ayore.org\/ayo\/wp-json\/wp\/v2\/types\/page"}],"author":[{"embeddable":true,"href":"https:\/\/ayore.org\/ayo\/wp-json\/wp\/v2\/users\/2"}],"replies":[{"embeddable":true,"href":"https:\/\/ayore.org\/ayo\/wp-json\/wp\/v2\/comments?post=844"}],"version-history":[{"count":3,"href":"https:\/\/ayore.org\/ayo\/wp-json\/wp\/v2\/pages\/844\/revisions"}],"predecessor-version":[{"id":3437,"href":"https:\/\/ayore.org\/ayo\/wp-json\/wp\/v2\/pages\/844\/revisions\/3437"}],"up":[{"embeddable":true,"href":"https:\/\/ayore.org\/ayo\/wp-json\/wp\/v2\/pages\/717"}],"wp:attachment":[{"href":"https:\/\/ayore.org\/ayo\/wp-json\/wp\/v2\/media?parent=844"}],"curies":[{"name":"wp","href":"https:\/\/api.w.org\/{rel}","templated":true}]}}