{"id":841,"date":"2018-08-30T22:26:31","date_gmt":"2018-08-30T22:26:31","guid":{"rendered":"https:\/\/ayore.org\/?page_id=841"},"modified":"2019-03-09T20:37:32","modified_gmt":"2019-03-09T20:37:32","slug":"oidabiade-disiode-ore-chipocasu-gajnoque","status":"publish","type":"page","link":"https:\/\/ayore.org\/ayo\/culture\/oral-traditions\/oidabiade-disiode-ore-chipocasu-gajnoque\/","title":{"rendered":"Oid\u00e1biad\u00e9 &#8211; Disiode ore chipoca\u0301su gajnoque"},"content":{"rendered":"<p><em><strong>Gajnoque Qued\u00e9jna<\/strong><\/em><\/p>\n<p><strong><em>Yocayode ore guejnato u Gajnoque Qued\u00e9jna:<\/em><\/strong><\/p>\n<p>Chi disiode ore dayode baque. Ga ore abode chipos\u00e1su Gajnoque. Ga ore chipese datedie ajerabidie. Ga disiode ore chipese dayode gapudode iji. Ga chi Gajnoque Qued\u00e9jna chetaque ore ga chejna ore.<\/p>\n<p>Chejn\u00e1pise ore ga uecai chojm\u00e1ra. Chi chayo ga chi choru ch\u00farumei. Ga chojninga: \u201cUdaque que d\u00e9ji ti\u00e9raque.\u201d Ga chi moji ch\u00farumei ujade. Chi dire ga jno.<\/p>\n<p>Ga chise j\u00f5r\u00e1bejnane ore idaidat\u00e9ode. Chamacoco u. Chi co\u0303\u0301raji ore aj\u00e1rojna. Ga chi ore n\u00f3na aja jnumi.<\/p>\n<p>Ore chojninga: \u201c\u00bfCuch\u00e1rique guejnaque b\u00e1ningo?\u201d<\/p>\n<p>Ga chojninga: \u201cGajnoque Qued\u00e9jna chejna yayode ore.\u201d<\/p>\n<p>Ore chojninga: \u201c\u00bfBayode guejnato isoc\u00e1rigo cho rique?<\/p>\n<p>Chi chojninga: \u201cYayode guejnato a di jne,\u00a0 ga baj\u00e9 userer\u00e9jna aja iquei, \u00fayujna cuch\u00e1be baj\u00e9 aja iquei. Mu chi bajaque jnacode, chug\u00fape\u0303re yote dequejnang\u00f3rone aja iquei jne. A di jne.\u201d<\/p>\n<p>Ga chi ore p\u00e9su dajuyaquei iji poridie ga chaparu ore gai. Ga ore chijnoja iquei ome ore inamanie. Ga chejna yijmanai ore inamanie.<\/p>\n<p>Ga ore chudute usererejna ga ore chojninga: \u201c\u00c3cho inama.\u201d<\/p>\n<p>Chi que\u0301 su\u00e9 gai iji taningai.<\/p>\n<p>Chi chojninga: \u201cYayode guejnato Gajnoque Qued\u00e9jna uat\u00e9 ga e di.\u201d<\/p>\n<p>Ga chi ore chache\u0303re ga ore ch\u00e3ru inamanie chojmarai. Ore chache\u0303rapo ga gare ri\u0303 mu yodi qu\u00e9 su\u00e9 gai ga que chajni. Ore chache\u0303rapo gadiogu\u00e9 ga que chajniapo ri\u0303. Ga gag\u00e1nia ga yodi e chapu re iji jmainie. Udaque, cinco, ga chajnipise.<\/p>\n<p>Tiedie \u00edjnonguiji er\u00e1mone ga inoningayato u Gajnoque chag\u00fai adode.<\/p>\n<p>Chiese ore apose gat\u00e9ode ga ca gu\u00e9rique tagu ayor\u00e9rique.<\/p>\n<p>Ga que ore chatata.<\/p>\n<p><em>\u00a0<\/em><\/p>\n<p><em>Oid\u00e1biad\u00e9 \u2013 Campo Loro, Paraguay \u2013 1988.<\/em><\/p>\n<p><em>Marina de Morarie chur\u00fas\u00e3re Oid\u00e1biad\u00e9 atatagode udojo nanique.<\/em><\/p>\n<div class=\"navigation\"><div class=\"alignleft\"><a href=\"https:\/\/ayore.org\/ayo\/culture\/oral-traditions\/oidabiade-dachapiborate-yusori\/\"title=\"Oidabiad\u00e9 &#8211; Dachapiborat\u00e9 yus\u00f5ri\"><img loading=\"lazy\" decoding=\"async\" src=\"https:\/\/ayore.org\/wp-content\/uploads\/2018\/10\/left-arrow.png\" width=\"50\" height=\"48\" alt=\"left arrow\"><\/a><\/div><div class=\"alignright\"><a href=\"https:\/\/ayore.org\/ayo\/culture\/oral-traditions\/oidabiade-jnani-bajatique-todo-guei-basui\/\"title=\"Oid\u00e1biad\u00e9 &#8211; Jnani Baja\u0301tique todo Guei Basui\"><img loading=\"lazy\" decoding=\"async\" src=\"https:\/\/ayore.org\/wp-content\/uploads\/2018\/10\/right-arrow.png\" width=\"50\" height=\"48\" alt=\"right arrow\"><\/a><\/div>\n","protected":false},"excerpt":{"rendered":"<p>Gajnoque Qued\u00e9jna Yocayode ore guejnato u Gajnoque Qued\u00e9jna: Chi disiode ore dayode baque. Ga ore abode chipos\u00e1su Gajnoque. Ga ore chipese datedie ajerabidie. Ga disiode ore chipese dayode gapudode iji. Ga chi Gajnoque Qued\u00e9jna chetaque ore ga chejna ore. Chejn\u00e1pise<\/p>\n","protected":false},"author":2,"featured_media":0,"parent":717,"menu_order":0,"comment_status":"closed","ping_status":"closed","template":"","meta":{"footnotes":""},"class_list":["post-841","page","type-page","status-publish","hentry"],"yoast_head":"<!-- This site is optimized with the Yoast SEO plugin v27.4 - https:\/\/yoast.com\/product\/yoast-seo-wordpress\/ -->\n<title>Ayore\u0301ode Ate Bajade: Disiode Ore Chipoca\u0301su Gajnoque \u2022 Ayore.org<\/title>\n<meta name=\"robots\" content=\"index, follow, max-snippet:-1, max-image-preview:large, max-video-preview:-1\" \/>\n<link rel=\"canonical\" href=\"https:\/\/ayore.org\/ayo\/culture\/oral-traditions\/oidabiade-disiode-ore-chipocasu-gajnoque\/\" \/>\n<meta property=\"og:locale\" content=\"en_US\" \/>\n<meta property=\"og:type\" content=\"article\" \/>\n<meta property=\"og:title\" content=\"Ayore\u0301ode Ate Bajade: Disiode Ore Chipoca\u0301su Gajnoque \u2022 Ayore.org\" \/>\n<meta property=\"og:description\" content=\"Gajnoque Qued\u00e9jna Yocayode ore guejnato u Gajnoque Qued\u00e9jna: Chi disiode ore dayode baque. Ga ore abode chipos\u00e1su Gajnoque. Ga ore chipese datedie ajerabidie. Ga disiode ore chipese dayode gapudode iji. Ga chi Gajnoque Qued\u00e9jna chetaque ore ga chejna ore. Chejn\u00e1pise\" \/>\n<meta property=\"og:url\" content=\"https:\/\/ayore.org\/ayo\/culture\/oral-traditions\/oidabiade-disiode-ore-chipocasu-gajnoque\/\" \/>\n<meta property=\"og:site_name\" content=\"AYOR\u00c9.ORG\" \/>\n<meta property=\"article:modified_time\" content=\"2019-03-09T20:37:32+00:00\" \/>\n<meta name=\"twitter:card\" content=\"summary_large_image\" \/>\n<meta name=\"twitter:label1\" content=\"Est. reading time\" \/>\n\t<meta name=\"twitter:data1\" content=\"1 minute\" \/>\n<script type=\"application\/ld+json\" class=\"yoast-schema-graph\">{\"@context\":\"https:\\\/\\\/schema.org\",\"@graph\":[{\"@type\":\"WebPage\",\"@id\":\"https:\\\/\\\/ayore.org\\\/ayo\\\/culture\\\/oral-traditions\\\/oidabiade-disiode-ore-chipocasu-gajnoque\\\/\",\"url\":\"https:\\\/\\\/ayore.org\\\/ayo\\\/culture\\\/oral-traditions\\\/oidabiade-disiode-ore-chipocasu-gajnoque\\\/\",\"name\":\"Ayore\u0301ode Ate Bajade: Disiode Ore Chipoca\u0301su Gajnoque \u2022 Ayore.org\",\"isPartOf\":{\"@id\":\"https:\\\/\\\/ayore.org\\\/#website\"},\"datePublished\":\"2018-08-30T22:26:31+00:00\",\"dateModified\":\"2019-03-09T20:37:32+00:00\",\"breadcrumb\":{\"@id\":\"https:\\\/\\\/ayore.org\\\/ayo\\\/culture\\\/oral-traditions\\\/oidabiade-disiode-ore-chipocasu-gajnoque\\\/#breadcrumb\"},\"inLanguage\":\"ayo\",\"potentialAction\":[{\"@type\":\"ReadAction\",\"target\":[\"https:\\\/\\\/ayore.org\\\/ayo\\\/culture\\\/oral-traditions\\\/oidabiade-disiode-ore-chipocasu-gajnoque\\\/\"]}]},{\"@type\":\"BreadcrumbList\",\"@id\":\"https:\\\/\\\/ayore.org\\\/ayo\\\/culture\\\/oral-traditions\\\/oidabiade-disiode-ore-chipocasu-gajnoque\\\/#breadcrumb\",\"itemListElement\":[{\"@type\":\"ListItem\",\"position\":1,\"name\":\"Jogate bajai tu ude\u0301\",\"item\":\"https:\\\/\\\/ayore.org\\\/ayo\\\/\"},{\"@type\":\"ListItem\",\"position\":2,\"name\":\"Ayore\u0301ode adode, angurenone cucha ore\",\"item\":\"https:\\\/\\\/ayore.org\\\/ayo\\\/culture\\\/\"},{\"@type\":\"ListItem\",\"position\":3,\"name\":\"Ayore\u0301ode Ate Bajade\",\"item\":\"https:\\\/\\\/ayore.org\\\/ayo\\\/culture\\\/oral-traditions\\\/\"},{\"@type\":\"ListItem\",\"position\":4,\"name\":\"Oid\u00e1biad\u00e9 &#8211; Disiode ore chipoca\u0301su gajnoque\"}]},{\"@type\":\"WebSite\",\"@id\":\"https:\\\/\\\/ayore.org\\\/#website\",\"url\":\"https:\\\/\\\/ayore.org\\\/\",\"name\":\"AYOR\u00c9.ORG\",\"description\":\"Ayore\u0301ode Uruode, Adode, Jnani bajade ati\u0301go ore \",\"potentialAction\":[{\"@type\":\"SearchAction\",\"target\":{\"@type\":\"EntryPoint\",\"urlTemplate\":\"https:\\\/\\\/ayore.org\\\/?s={search_term_string}\"},\"query-input\":{\"@type\":\"PropertyValueSpecification\",\"valueRequired\":true,\"valueName\":\"search_term_string\"}}],\"inLanguage\":\"ayo\"}]}<\/script>\n<!-- \/ Yoast SEO plugin. -->","yoast_head_json":{"title":"Ayore\u0301ode Ate Bajade: Disiode Ore Chipoca\u0301su Gajnoque \u2022 Ayore.org","robots":{"index":"index","follow":"follow","max-snippet":"max-snippet:-1","max-image-preview":"max-image-preview:large","max-video-preview":"max-video-preview:-1"},"canonical":"https:\/\/ayore.org\/ayo\/culture\/oral-traditions\/oidabiade-disiode-ore-chipocasu-gajnoque\/","og_locale":"en_US","og_type":"article","og_title":"Ayore\u0301ode Ate Bajade: Disiode Ore Chipoca\u0301su Gajnoque \u2022 Ayore.org","og_description":"Gajnoque Qued\u00e9jna Yocayode ore guejnato u Gajnoque Qued\u00e9jna: Chi disiode ore dayode baque. Ga ore abode chipos\u00e1su Gajnoque. Ga ore chipese datedie ajerabidie. Ga disiode ore chipese dayode gapudode iji. Ga chi Gajnoque Qued\u00e9jna chetaque ore ga chejna ore. Chejn\u00e1pise","og_url":"https:\/\/ayore.org\/ayo\/culture\/oral-traditions\/oidabiade-disiode-ore-chipocasu-gajnoque\/","og_site_name":"AYOR\u00c9.ORG","article_modified_time":"2019-03-09T20:37:32+00:00","twitter_card":"summary_large_image","twitter_misc":{"Est. reading time":"1 minute"},"schema":{"@context":"https:\/\/schema.org","@graph":[{"@type":"WebPage","@id":"https:\/\/ayore.org\/ayo\/culture\/oral-traditions\/oidabiade-disiode-ore-chipocasu-gajnoque\/","url":"https:\/\/ayore.org\/ayo\/culture\/oral-traditions\/oidabiade-disiode-ore-chipocasu-gajnoque\/","name":"Ayore\u0301ode Ate Bajade: Disiode Ore Chipoca\u0301su Gajnoque \u2022 Ayore.org","isPartOf":{"@id":"https:\/\/ayore.org\/#website"},"datePublished":"2018-08-30T22:26:31+00:00","dateModified":"2019-03-09T20:37:32+00:00","breadcrumb":{"@id":"https:\/\/ayore.org\/ayo\/culture\/oral-traditions\/oidabiade-disiode-ore-chipocasu-gajnoque\/#breadcrumb"},"inLanguage":"ayo","potentialAction":[{"@type":"ReadAction","target":["https:\/\/ayore.org\/ayo\/culture\/oral-traditions\/oidabiade-disiode-ore-chipocasu-gajnoque\/"]}]},{"@type":"BreadcrumbList","@id":"https:\/\/ayore.org\/ayo\/culture\/oral-traditions\/oidabiade-disiode-ore-chipocasu-gajnoque\/#breadcrumb","itemListElement":[{"@type":"ListItem","position":1,"name":"Jogate bajai tu ude\u0301","item":"https:\/\/ayore.org\/ayo\/"},{"@type":"ListItem","position":2,"name":"Ayore\u0301ode adode, angurenone cucha ore","item":"https:\/\/ayore.org\/ayo\/culture\/"},{"@type":"ListItem","position":3,"name":"Ayore\u0301ode Ate Bajade","item":"https:\/\/ayore.org\/ayo\/culture\/oral-traditions\/"},{"@type":"ListItem","position":4,"name":"Oid\u00e1biad\u00e9 &#8211; Disiode ore chipoca\u0301su gajnoque"}]},{"@type":"WebSite","@id":"https:\/\/ayore.org\/#website","url":"https:\/\/ayore.org\/","name":"AYOR\u00c9.ORG","description":"Ayore\u0301ode Uruode, Adode, Jnani bajade ati\u0301go ore ","potentialAction":[{"@type":"SearchAction","target":{"@type":"EntryPoint","urlTemplate":"https:\/\/ayore.org\/?s={search_term_string}"},"query-input":{"@type":"PropertyValueSpecification","valueRequired":true,"valueName":"search_term_string"}}],"inLanguage":"ayo"}]}},"_links":{"self":[{"href":"https:\/\/ayore.org\/ayo\/wp-json\/wp\/v2\/pages\/841","targetHints":{"allow":["GET"]}}],"collection":[{"href":"https:\/\/ayore.org\/ayo\/wp-json\/wp\/v2\/pages"}],"about":[{"href":"https:\/\/ayore.org\/ayo\/wp-json\/wp\/v2\/types\/page"}],"author":[{"embeddable":true,"href":"https:\/\/ayore.org\/ayo\/wp-json\/wp\/v2\/users\/2"}],"replies":[{"embeddable":true,"href":"https:\/\/ayore.org\/ayo\/wp-json\/wp\/v2\/comments?post=841"}],"version-history":[{"count":4,"href":"https:\/\/ayore.org\/ayo\/wp-json\/wp\/v2\/pages\/841\/revisions"}],"predecessor-version":[{"id":3431,"href":"https:\/\/ayore.org\/ayo\/wp-json\/wp\/v2\/pages\/841\/revisions\/3431"}],"up":[{"embeddable":true,"href":"https:\/\/ayore.org\/ayo\/wp-json\/wp\/v2\/pages\/717"}],"wp:attachment":[{"href":"https:\/\/ayore.org\/ayo\/wp-json\/wp\/v2\/media?parent=841"}],"curies":[{"name":"wp","href":"https:\/\/api.w.org\/{rel}","templated":true}]}}