{"id":828,"date":"2018-08-30T21:54:13","date_gmt":"2018-08-30T21:54:13","guid":{"rendered":"https:\/\/ayore.org\/?page_id=828"},"modified":"2019-03-05T20:49:15","modified_gmt":"2019-03-05T20:49:15","slug":"ayoreode-chuje-yai-nanique","status":"publish","type":"page","link":"https:\/\/ayore.org\/ayo\/culture\/oral-history\/ayoreode-chuje-yai-nanique\/","title":{"rendered":"Paul Dye &#8211; Ayor\u00e9ode chuj\u00e9 yai nanique"},"content":{"rendered":"<p><strong>Pablo Dye chatata dadode:<\/strong><\/p>\n<p>Yirasique yu uje yugu\u0301si uacajade iji de Campo Loro. Yacote\u0301 i tu Patricia, ga uate\u0301 pota jeta araja\u0301yo uje chi unere uaque\u0301ode ome uate\u0301.<\/p>\n<p>Yijo\u0303rai Cadui e chingome uaque uje ayore\u0301ode chuje\u0301 yai nanique iji 1943 uje que\u0301 disape yu nanique. Jecute que yujnusina yai gotique enga que yujnu\u0301si to go. Yidai u Tobite\u0301 nanique uje que\u0301 disi yu enga yirasiguipise yidai ute\u0301 nanique. Ayore\u0301ode u uje ore chuje\u0301 yai, mu que gusu yai, mu ore chuje yai un\u0303ai to uje i tu Roberto, je\u0301 aja udore ore jorane uje ore i\u0301ode u David, Jorge, Eldon ore.<\/p>\n<p>Uje quene yicago\u0301ji Tobite\u0301 nanique iji taningai, enga ite\u0301, yinanie, uyoque yuje\u0301go yogaja bue\u0301yode ga\u0301yode. Uje yiro\u0303co Tobite\u0301 yui, mu yai yuso\u0303\u0301rone ore chachai yoque. Uje ore chudute uje chi ore yui acote\u0301 chica\u0301ji Tobite\u0301 enga ore pota jeta ore chachai uate\u0301. Uje yi\u0303ri\u0301ngo enga ore chojningame ite\u0301: \u201cYoco yoca\u0301yugu uje yipe\u0301co bajnusie\u0301tigade nanique. Ujetiga yiraja\u0301gorase uje ueradei babai ore a\u0301yipiedie nanique enga, a ca yuje\u0301gorase ore.\u201d<\/p>\n<p>Ite\u0301 chajnai ore uruode ga chojninga: \u201cJe\u0301 arec. Yimo uje e aje\u0301quese\u0301 uaque gu.\u201d<\/p>\n<p>Jiei misione\u0301rone uje ore tiba\u0301gui ayore\u0301ode uaqueda\u0301yode uje udore ore chiraja Dupade. Yipota jeta uaca\u0301yipiedie de\u0301ji uje cuchade e che\u0301ca\u0303re re ome uaque enga aje\u0301quese\u0301 uaque gu uje udore chise uaque nanique enga ore chacate uagome Dupade Uruode. Mu gose Dupade ijnoraque\u0301i. Chojninga:<\/p>\n<p><em>\u201cYababode uaque a, yoquijnoraquei j\u00e9 ca u cuchade uje cachi gar\u00e3te yoquibijnanone. Mu j\u00e9 u\u0303repise yoquijnoraquei enga pij\u00f3guiji yocadode ome \u00f1ane.\u201d (1 Juan 3:18)<\/em><\/p>\n<p>Jiei ore uje ore chojninga: \u201cYijno\u0301ra yujode ayore\u0301o ari\u0303a.\u201d Mu cachi ore uru\u0301o.<\/p>\n<p>Mu Dupade uruode chojninga: \u201cYoquijnoraquei j\u00e9 ca u cuchade uje cachi gar\u00e3te yoquibijnanone.\u201d<\/p>\n<p>Cucha ibiraque ari\u0303a jeta yojni\u0301jo, \u2018yijno\u0301ra ore,\u2019 mu cucha amiri de\u0301ji ome yoque ujetiga yipe\u0301co, enga u ujetiga yujuse\u0301jo yocujode ayore\u0301o to.<\/p>\n<p><em>\u201cMu j\u00e9 u\u0303repise yoquijnoraquei enga pij\u00f3guiji yocadode ome \u00f1ane,\u201d chojninga.<\/em><\/p>\n<p>Quene yoquijnoraquei pijoque uje yoco n\u0303ane quique, jeoga yipe\u0301co udore gajnu\u0301one, enga je\u0301 u uje ore chojninga: a yijo\u0303rai ute\u0301 chijnora dojoi ayore\u0301 uje cho quique gu.<\/p>\n<p>Que cachi Dupade uruode uje chijno\u0301ra yoque, mu yimo\u0301ngo ijnoraque\u0301date\u0301i ome yoque uje chiroque dajnacari aja jnumi nanique ujetiga toji curesei gai ome yoque, ujetiga diga yangureta\u0301go enga dai Dupade cho dabode iji yoque to.<\/p>\n<p>Yai, ute\u0301 jorane ore, ore chica\u0301ji ore uniri Bolivia nanique. Que cachi ore uru\u0301o uje ore chijno\u0301ra ayore\u0301ode ore. Mu ore te\u0303ra re ome ayore\u0301ode uje ore chucue\u0301 ore nanique. Yirajago uje u\u0303re\u0301 ore ijnoraquei gu uje ore chucue\u0301 ore nanique enga ore te\u0303ra re ome ore.<\/p>\n<p>Dupade Uruode chatata uje tadipise Dupade ijnoraquei ome yoque.\u00a0 Chojninga:<\/p>\n<p><em>\u201cQue pijnoraquei pijoque gu yoquijnoraquei ome Dupade. Mu pijoque gu Dupade ijnoraquei ome yoque. Uje chingo yoque dajnoraqu\u00e9dat\u00e9i uje chiroque dabi aja er\u00e1mone nanique ujetiga cho yoquisijnaringu\u00e9one or\u00e9 ome datoringai.\u201d (1 Juan 4:10)<\/em><\/p>\n<p>Uje Dupade pe\u0301su cuchade, que pe\u0301su dati\u0301go bisideque.\u00a0 Mu pe\u0301su gu dajnoraquei. Uruode chojninga:<\/p>\n<p><em>\u201cYiraj\u00e1go uje uacajn\u00f3ra\u00f1o Jesucr\u00edsto uje que am\u00f3\u00f1o ome uaquedodie. Que am\u00f3\u00f1o mar\u00ednga, j\u00e9 uacanguret\u00e1yo. Jecute uacarasiguipise uaque. Enga que uacar\u00farigo cus ome uacaninaquei ut\u00e9 uje uacarasiguipise uaque gu.\u201d (1 Pedro 1:8)<\/em><\/p>\n<p>Que yimo\u0301ngo Dupade ome yoquedodie, mu yijno\u0301rango ute\u0301.<\/p>\n<p>Sequere\u0301 baje\u0301 u diri\u0301ca uje chigocabe\u0301ode iji Colombia ore chisa yu. Yicateca\u0303\u0301ri ore enga yingome ore uje Dupade chijno\u0301ra ore, mu ore chojningame yu diri\u0301ca: \u201cQue Dupa\u0301rique cusipise go.\u201d<\/p>\n<p>Mu yojningame ore: \u201cYingome uaque uje que yimo Dupade ome yedodie, mu yajire Dupade Uruode enga yira\u0303ra\u0301ja gai. Enga uruode u uje chingome yu uje chijno\u0301ra yoque. Dupa uecai u ute\u0301. Ujetiga ca Dupa\u0301rique cuse enga a ca era\u0301mi, gate\u0301 cuse to, uje ute\u0301 u gu uje ipesute ore nanique.\u201d<\/p>\n<p>Yojninga: \u201cOme uaque enga ujetiga ca pimo cucha\u0301rique, enga i\u0301jnoque. Jecute a ca e\u0303tique cuse uje que pimo emi gu, \u00bfjec u\u0303re\u0301 yu a? A uacab\u00e9royopi\u0301se uaquedodie iji jeta amon\u0303o emi ome uaquedodie, mu a ca amo\u0301n\u0303o jne. Mu uacaraja\u0301yo uje de\u0301ji uje uacamo\u0301n\u0303o adode gu uje chubu\u0301chu cuchade.\u201d<\/p>\n<p>Ore cho paraque, uje que ore chiraja daru quiti\u0301gome yu. Mu quigade enga ore chojninga: \u201cYimo\u0301ngo adode ga yiraja\u0301go uje emi cuse.\u201d<\/p>\n<p>Yojninga: \u201cJe\u0301 u\u0303re\u0301 uaque. Je\u0301 cho Dupade to. Yimo\u0301ngo ute\u0301 adode to ga je\u0301 u uje yiraja\u0301go uje Dupade cuse. Cajicho poridie to, pore umaripi\u0301sedie ore. Uacaqueca\u0301yo, \u00bfje\u0301 u\u0303re\u0301 yu a? Jecute uje yimo uaquedodie enga yiraja uje uacapesuso\u0303\u0301ri Dupade eca to.\u201d<\/p>\n<p>Dire gaga\u0301jnione u uje ugu\u0301si yisaso\u0303\u0301rone ore gari ica. \u00bfAma adu\u0301cho yisoca\u0301ringome yu\u0301ringai juseque ica ya?\u00a0 Dejaque ica enga yi guesi, mu yisaso\u0303\u0301rone ore mo jnese enga que ore chimo yu. Dejaque mu yise yachidi cuchabasuc. Yurugusiji yachidi aja dajei, mu jesi cuse ga que yimopise yajiritique. Mu yaca\u0301ja cuchabasui ajei, enga yijocase enga ji\u0303raque cuchabasui de\u0301ji gate\u0301. Mu yajire jeta <em>gasolina<\/em> cuse, mu yimo uje garo\u0301si. Yojninga: \u201cA <em>una hora<\/em> enga e i\u0301jnoque <em>gasolina<\/em> jo\u0303.\u201d<\/p>\n<p>Enga je\u0301c u\u0303re\u0301 yu uje <em>hora chojmarai<\/em> enga i\u0301jnoque. Cuchabasui doi jnumi mu Dupade pe\u0301su ga yico jnumi enga que cucha\u0301rique de\u0301ji yoquiquei. Uje dire enga yimo uje cuchabasui de\u0301ji pore umarenie ujai, mu que cucha\u0301rique chosi ti iji yoc. Yijos eti uyu u ijocayaso\u0303\u0301ri, mu a Dupade u cuchabasui ijocayaso\u0303\u0301ripi\u0301si diri\u0301ca jo\u0303.<\/p>\n<p>U gu uje jiei ore uje ore cateca\u0303\u0301ri Dupade ome yu uje ore chudute yujnomei uje chi chigocabe\u0301ode ore chisa yu. Cojn\u0303one iji era\u0301mone jnese chiroque darusarane ome yu jeta ore chingome yu uje ore cateca\u0303\u0301ripi\u0301si Dupade ome yu ica. Ore jnese chojninga: \u201cUje bagu\u0301si basaso\u0303\u0301rone ore josipiedie jmainie diri\u0301ca enga que yibe\u0301rogo yogome yoquicatecaraitigade ome ua.\u201d<\/p>\n<p>Yiraja uje iji Tobite\u0301 ore cateca\u0303\u0301ri Dupade ome yu to. Chiese ore cateca\u0303\u0301ri misionerone iji dirode jnese enga ore chojningame ore: \u201c\u00bfPablo de\u0301ji rique a?\u201d Enga uje ore chudute uje juseque yu, enga ore ninapu\u0301su raque.<\/p>\n<p>Je\u0301 tio\u0301gara yoquicotaque\u0301ode ome Yocangureni Dupa. Yoquipesuso\u0303\u0301ri u gu. Cuchade jnese ipesuso\u0303\u0301re ute\u0301. Yiraja\u0301go ijnoraquedate\u0301i gu ipesudode cucha, cuchiyi tupu\u0301su uje chiroque dajnacari Jesucristo aja jnumi ome yoque ujetiga cho daba yoquisijnaringue\u0301one.<\/p>\n<p>Yacaranguipis ome Campo Loro gosode uaque uje chi uacacateca\u0303choi Dupade ome yu to ica.<\/p>\n<p><em>Pablo Dye \u2013 Campo Loro, Paraguay \u2013 1985<\/em><\/p>\n<div class=\"navigation\"><div class=\"alignleft\"><a href=\"https:\/\/ayore.org\/ayo\/culture\/oral-history\/oidabiade-cucha-bijnangone-guiyasore-tinaine\/\"title=\"Oid\u00e1biad\u00e9 &#8211; Cucha bijn\u00e1ngone guiyang\u00f5re Tinain\u00e9\"><img loading=\"lazy\" decoding=\"async\" src=\"https:\/\/ayore.org\/wp-content\/uploads\/2018\/10\/left-arrow.png\" width=\"50\" height=\"48\" alt=\"left arrow\"><\/a><\/div><div class=\"alignright\"><a href=\"https:\/\/ayore.org\/ayo\/culture\/oral-traditions\/\"title=\"Ayore\u0301ode Ate Bajade\"><img loading=\"lazy\" decoding=\"async\" src=\"https:\/\/ayore.org\/wp-content\/uploads\/2018\/10\/right-arrow.png\" width=\"50\" height=\"48\" alt=\"right arrow\"><\/a><\/div>\n","protected":false},"excerpt":{"rendered":"<p>Pablo Dye chatata dadode: Yirasique yu uje yugu\u0301si uacajade iji de Campo Loro. Yacote\u0301 i tu Patricia, ga uate\u0301 pota jeta araja\u0301yo uje chi unere uaque\u0301ode ome uate\u0301. Yijo\u0303rai Cadui e chingome uaque uje ayore\u0301ode chuje\u0301 yai nanique iji 1943<\/p>\n","protected":false},"author":2,"featured_media":0,"parent":715,"menu_order":0,"comment_status":"closed","ping_status":"closed","template":"","meta":{"footnotes":""},"class_list":["post-828","page","type-page","status-publish","hentry"],"yoast_head":"<!-- This site is optimized with the Yoast SEO plugin v27.4 - https:\/\/yoast.com\/product\/yoast-seo-wordpress\/ -->\n<title>Ayore\u0301 Bajade Ore Gojn\u0303ane: Ayor\u00e9ode Chuj\u00e9 Yai Nanique \u2022 Ayore.org<\/title>\n<meta name=\"robots\" content=\"index, follow, max-snippet:-1, max-image-preview:large, max-video-preview:-1\" \/>\n<link rel=\"canonical\" href=\"https:\/\/ayore.org\/ayo\/culture\/oral-history\/ayoreode-chuje-yai-nanique\/\" \/>\n<meta property=\"og:locale\" content=\"en_US\" \/>\n<meta property=\"og:type\" content=\"article\" \/>\n<meta property=\"og:title\" content=\"Ayore\u0301 Bajade Ore Gojn\u0303ane: Ayor\u00e9ode Chuj\u00e9 Yai Nanique \u2022 Ayore.org\" \/>\n<meta property=\"og:description\" content=\"Pablo Dye chatata dadode: Yirasique yu uje yugu\u0301si uacajade iji de Campo Loro. Yacote\u0301 i tu Patricia, ga uate\u0301 pota jeta araja\u0301yo uje chi unere uaque\u0301ode ome uate\u0301. Yijo\u0303rai Cadui e chingome uaque uje ayore\u0301ode chuje\u0301 yai nanique iji 1943\" \/>\n<meta property=\"og:url\" content=\"https:\/\/ayore.org\/ayo\/culture\/oral-history\/ayoreode-chuje-yai-nanique\/\" \/>\n<meta property=\"og:site_name\" content=\"AYOR\u00c9.ORG\" \/>\n<meta property=\"article:modified_time\" content=\"2019-03-05T20:49:15+00:00\" \/>\n<meta name=\"twitter:card\" content=\"summary_large_image\" \/>\n<meta name=\"twitter:label1\" content=\"Est. reading time\" \/>\n\t<meta name=\"twitter:data1\" content=\"6 minutes\" \/>\n<script type=\"application\/ld+json\" class=\"yoast-schema-graph\">{\"@context\":\"https:\\\/\\\/schema.org\",\"@graph\":[{\"@type\":\"WebPage\",\"@id\":\"https:\\\/\\\/ayore.org\\\/ayo\\\/culture\\\/oral-history\\\/ayoreode-chuje-yai-nanique\\\/\",\"url\":\"https:\\\/\\\/ayore.org\\\/ayo\\\/culture\\\/oral-history\\\/ayoreode-chuje-yai-nanique\\\/\",\"name\":\"Ayore\u0301 Bajade Ore Gojn\u0303ane: Ayor\u00e9ode Chuj\u00e9 Yai Nanique \u2022 Ayore.org\",\"isPartOf\":{\"@id\":\"https:\\\/\\\/ayore.org\\\/#website\"},\"datePublished\":\"2018-08-30T21:54:13+00:00\",\"dateModified\":\"2019-03-05T20:49:15+00:00\",\"breadcrumb\":{\"@id\":\"https:\\\/\\\/ayore.org\\\/ayo\\\/culture\\\/oral-history\\\/ayoreode-chuje-yai-nanique\\\/#breadcrumb\"},\"inLanguage\":\"ayo\",\"potentialAction\":[{\"@type\":\"ReadAction\",\"target\":[\"https:\\\/\\\/ayore.org\\\/ayo\\\/culture\\\/oral-history\\\/ayoreode-chuje-yai-nanique\\\/\"]}]},{\"@type\":\"BreadcrumbList\",\"@id\":\"https:\\\/\\\/ayore.org\\\/ayo\\\/culture\\\/oral-history\\\/ayoreode-chuje-yai-nanique\\\/#breadcrumb\",\"itemListElement\":[{\"@type\":\"ListItem\",\"position\":1,\"name\":\"Jogate bajai tu ude\u0301\",\"item\":\"https:\\\/\\\/ayore.org\\\/ayo\\\/\"},{\"@type\":\"ListItem\",\"position\":2,\"name\":\"Ayore\u0301ode adode, angurenone cucha ore\",\"item\":\"https:\\\/\\\/ayore.org\\\/ayo\\\/culture\\\/\"},{\"@type\":\"ListItem\",\"position\":3,\"name\":\"Ayore\u0301 Bajade Ore Gojn\u0303ane\",\"item\":\"https:\\\/\\\/ayore.org\\\/ayo\\\/culture\\\/oral-history\\\/\"},{\"@type\":\"ListItem\",\"position\":4,\"name\":\"Paul Dye &#8211; Ayor\u00e9ode chuj\u00e9 yai nanique\"}]},{\"@type\":\"WebSite\",\"@id\":\"https:\\\/\\\/ayore.org\\\/#website\",\"url\":\"https:\\\/\\\/ayore.org\\\/\",\"name\":\"AYOR\u00c9.ORG\",\"description\":\"Ayore\u0301ode Uruode, Adode, Jnani bajade ati\u0301go ore \",\"potentialAction\":[{\"@type\":\"SearchAction\",\"target\":{\"@type\":\"EntryPoint\",\"urlTemplate\":\"https:\\\/\\\/ayore.org\\\/?s={search_term_string}\"},\"query-input\":{\"@type\":\"PropertyValueSpecification\",\"valueRequired\":true,\"valueName\":\"search_term_string\"}}],\"inLanguage\":\"ayo\"}]}<\/script>\n<!-- \/ Yoast SEO plugin. -->","yoast_head_json":{"title":"Ayore\u0301 Bajade Ore Gojn\u0303ane: Ayor\u00e9ode Chuj\u00e9 Yai Nanique \u2022 Ayore.org","robots":{"index":"index","follow":"follow","max-snippet":"max-snippet:-1","max-image-preview":"max-image-preview:large","max-video-preview":"max-video-preview:-1"},"canonical":"https:\/\/ayore.org\/ayo\/culture\/oral-history\/ayoreode-chuje-yai-nanique\/","og_locale":"en_US","og_type":"article","og_title":"Ayore\u0301 Bajade Ore Gojn\u0303ane: Ayor\u00e9ode Chuj\u00e9 Yai Nanique \u2022 Ayore.org","og_description":"Pablo Dye chatata dadode: Yirasique yu uje yugu\u0301si uacajade iji de Campo Loro. Yacote\u0301 i tu Patricia, ga uate\u0301 pota jeta araja\u0301yo uje chi unere uaque\u0301ode ome uate\u0301. Yijo\u0303rai Cadui e chingome uaque uje ayore\u0301ode chuje\u0301 yai nanique iji 1943","og_url":"https:\/\/ayore.org\/ayo\/culture\/oral-history\/ayoreode-chuje-yai-nanique\/","og_site_name":"AYOR\u00c9.ORG","article_modified_time":"2019-03-05T20:49:15+00:00","twitter_card":"summary_large_image","twitter_misc":{"Est. reading time":"6 minutes"},"schema":{"@context":"https:\/\/schema.org","@graph":[{"@type":"WebPage","@id":"https:\/\/ayore.org\/ayo\/culture\/oral-history\/ayoreode-chuje-yai-nanique\/","url":"https:\/\/ayore.org\/ayo\/culture\/oral-history\/ayoreode-chuje-yai-nanique\/","name":"Ayore\u0301 Bajade Ore Gojn\u0303ane: Ayor\u00e9ode Chuj\u00e9 Yai Nanique \u2022 Ayore.org","isPartOf":{"@id":"https:\/\/ayore.org\/#website"},"datePublished":"2018-08-30T21:54:13+00:00","dateModified":"2019-03-05T20:49:15+00:00","breadcrumb":{"@id":"https:\/\/ayore.org\/ayo\/culture\/oral-history\/ayoreode-chuje-yai-nanique\/#breadcrumb"},"inLanguage":"ayo","potentialAction":[{"@type":"ReadAction","target":["https:\/\/ayore.org\/ayo\/culture\/oral-history\/ayoreode-chuje-yai-nanique\/"]}]},{"@type":"BreadcrumbList","@id":"https:\/\/ayore.org\/ayo\/culture\/oral-history\/ayoreode-chuje-yai-nanique\/#breadcrumb","itemListElement":[{"@type":"ListItem","position":1,"name":"Jogate bajai tu ude\u0301","item":"https:\/\/ayore.org\/ayo\/"},{"@type":"ListItem","position":2,"name":"Ayore\u0301ode adode, angurenone cucha ore","item":"https:\/\/ayore.org\/ayo\/culture\/"},{"@type":"ListItem","position":3,"name":"Ayore\u0301 Bajade Ore Gojn\u0303ane","item":"https:\/\/ayore.org\/ayo\/culture\/oral-history\/"},{"@type":"ListItem","position":4,"name":"Paul Dye &#8211; Ayor\u00e9ode chuj\u00e9 yai nanique"}]},{"@type":"WebSite","@id":"https:\/\/ayore.org\/#website","url":"https:\/\/ayore.org\/","name":"AYOR\u00c9.ORG","description":"Ayore\u0301ode Uruode, Adode, Jnani bajade ati\u0301go ore ","potentialAction":[{"@type":"SearchAction","target":{"@type":"EntryPoint","urlTemplate":"https:\/\/ayore.org\/?s={search_term_string}"},"query-input":{"@type":"PropertyValueSpecification","valueRequired":true,"valueName":"search_term_string"}}],"inLanguage":"ayo"}]}},"_links":{"self":[{"href":"https:\/\/ayore.org\/ayo\/wp-json\/wp\/v2\/pages\/828","targetHints":{"allow":["GET"]}}],"collection":[{"href":"https:\/\/ayore.org\/ayo\/wp-json\/wp\/v2\/pages"}],"about":[{"href":"https:\/\/ayore.org\/ayo\/wp-json\/wp\/v2\/types\/page"}],"author":[{"embeddable":true,"href":"https:\/\/ayore.org\/ayo\/wp-json\/wp\/v2\/users\/2"}],"replies":[{"embeddable":true,"href":"https:\/\/ayore.org\/ayo\/wp-json\/wp\/v2\/comments?post=828"}],"version-history":[{"count":4,"href":"https:\/\/ayore.org\/ayo\/wp-json\/wp\/v2\/pages\/828\/revisions"}],"predecessor-version":[{"id":3314,"href":"https:\/\/ayore.org\/ayo\/wp-json\/wp\/v2\/pages\/828\/revisions\/3314"}],"up":[{"embeddable":true,"href":"https:\/\/ayore.org\/ayo\/wp-json\/wp\/v2\/pages\/715"}],"wp:attachment":[{"href":"https:\/\/ayore.org\/ayo\/wp-json\/wp\/v2\/media?parent=828"}],"curies":[{"name":"wp","href":"https:\/\/api.w.org\/{rel}","templated":true}]}}