{"id":827,"date":"2018-08-30T22:03:56","date_gmt":"2018-08-30T22:03:56","guid":{"rendered":"https:\/\/ayore.org\/?page_id=827"},"modified":"2019-03-09T02:08:07","modified_gmt":"2019-03-09T02:08:07","slug":"ayoreode-bisdode-cucha-dibe-chuchere-oyidode-gai","status":"publish","type":"page","link":"https:\/\/ayore.org\/ayo\/culture\/oral-traditions\/ayoreode-bisdode-cucha-dibe-chuchere-oyidode-gai\/","title":{"rendered":"Manu\u00e9ln\u00e9 &#8211; Dib\u00e9 chuch\u1ebdre oy\u00eddode gai"},"content":{"rendered":"<p><b>Ore po\u0301gu oyi\u0301dode nanique:<\/b><strong><em>\u00a0<\/em><\/strong><\/p>\n<p>Dibe chi chuche\u0303\u0301re oy\u00eddode gai. Chuche\u0303\u0301re gai uje ore p\u00f3gu nanique. Jec u\u0303r\u00e9 u\u00e1sejna oy\u00eddode iji er\u00e1mi uje chuche\u0303\u0301re gai. Yodi d\u00e9ji cucarani ajei. A cuch\u00e1rique suru gai mu dib\u00e9 chuche\u0303\u0301re gai ga e d\u00e9ji er\u00e1mone jn\u00e9se oy\u00eddode. Que pijoque jurugaiso\u0303\u0301ri. Cucha pijogarabia dibedie ome jnani bajade.<\/p>\n<p>Ujode cuchiso ore chuj\u00e9rase dib\u00e9 mu chayome ore. Ore chucu\u00e9sosi iji cucoi choqui \u00f3jo. Ore to\u0303\u0301rasi aja er\u00e1mi. Ore to\u0303\u0301rasi aja da te. Ore cho dajuyame gu mu ore chiquet\u00e1siapo ri\u0303.<\/p>\n<p>U\u00f1eque chuti\u0303\u0301raja jnumi ga utirane cho enu\u00e9one. \u00a1Cho que\u0303\u0301eeeera! ga ec\u00e1siapo ri\u0303 iji jnumi, dib\u00e9. Que yiraja jeta poji nanique. A poji. Chiqueta dib\u00e9 ome daj\u00f1one. Ore cha\u0303r\u00e1ngome \u00f1ane aj\u00f1oi jeta u\u00f1eque gajneque isocai to.<\/p>\n<p>Jiei jnani bajade ore atuatigade, ore josipiedie. Cucha irajag\u00f3nic atuatigade.<\/p>\n<p><em>\u00a0<\/em><\/p>\n<p><em>Manu\u00e9ln\u00e9 \u2013 Tobit\u00e9, Bolivia \u2013 1960.<\/em><\/p>\n<p><em>Joyce Davis Buchegger chur\u00fas\u00e3re Manu\u00e9ln\u00e9 atatagode udojo nanique.<\/em><\/p>\n<div class=\"navigation\"><div class=\"alignleft\"><a href=\"https:\/\/ayore.org\/ayo\/culture\/oral-traditions\/manuelne-dachagaide\/\"title=\"Manue\u0301lne\u0301 &#8211; Sijnaque Dachagaid\u00e9 enga cachi yuque ayore\u0301ode\"><img loading=\"lazy\" decoding=\"async\" src=\"https:\/\/ayore.org\/wp-content\/uploads\/2018\/10\/left-arrow.png\" width=\"50\" height=\"48\" alt=\"left arrow\"><\/a><\/div><div class=\"alignright\"><a href=\"https:\/\/ayore.org\/ayo\/culture\/oral-traditions\/oidabiade-chuguperedatei-chise-siquere-diringai\/\"title=\"Oid\u00e1biad\u00e9 &#8211; Chug\u00fap\u1ebdredatei chise siquer\u00e9 diringai\"><img loading=\"lazy\" decoding=\"async\" src=\"https:\/\/ayore.org\/wp-content\/uploads\/2018\/10\/right-arrow.png\" width=\"50\" height=\"48\" alt=\"right arrow\"><\/a><\/div>\n","protected":false},"excerpt":{"rendered":"<p>Ore po\u0301gu oyi\u0301dode nanique:\u00a0 Dibe chi chuche\u0303\u0301re oy\u00eddode gai. Chuche\u0303\u0301re gai uje ore p\u00f3gu nanique. Jec u\u0303r\u00e9 u\u00e1sejna oy\u00eddode iji er\u00e1mi uje chuche\u0303\u0301re gai. Yodi d\u00e9ji cucarani ajei. A cuch\u00e1rique suru gai mu dib\u00e9 chuche\u0303\u0301re gai ga e d\u00e9ji er\u00e1mone<\/p>\n","protected":false},"author":2,"featured_media":0,"parent":717,"menu_order":0,"comment_status":"closed","ping_status":"closed","template":"","meta":{"footnotes":""},"class_list":["post-827","page","type-page","status-publish","hentry"],"yoast_head":"<!-- This site is optimized with the Yoast SEO plugin v27.4 - https:\/\/yoast.com\/product\/yoast-seo-wordpress\/ -->\n<title>Dib\u00e9 chuch\u1ebdre oy\u00eddode gai<\/title>\n<meta name=\"robots\" content=\"index, follow, max-snippet:-1, max-image-preview:large, max-video-preview:-1\" \/>\n<link rel=\"canonical\" href=\"https:\/\/ayore.org\/ayo\/culture\/oral-traditions\/ayoreode-bisdode-cucha-dibe-chuchere-oyidode-gai\/\" \/>\n<meta property=\"og:locale\" content=\"en_US\" \/>\n<meta property=\"og:type\" content=\"article\" \/>\n<meta property=\"og:title\" content=\"Dib\u00e9 chuch\u1ebdre oy\u00eddode gai\" \/>\n<meta property=\"og:description\" content=\"Ore po\u0301gu oyi\u0301dode nanique:\u00a0 Dibe chi chuche\u0303\u0301re oy\u00eddode gai. Chuche\u0303\u0301re gai uje ore p\u00f3gu nanique. Jec u\u0303r\u00e9 u\u00e1sejna oy\u00eddode iji er\u00e1mi uje chuche\u0303\u0301re gai. Yodi d\u00e9ji cucarani ajei. A cuch\u00e1rique suru gai mu dib\u00e9 chuche\u0303\u0301re gai ga e d\u00e9ji er\u00e1mone\" \/>\n<meta property=\"og:url\" content=\"https:\/\/ayore.org\/ayo\/culture\/oral-traditions\/ayoreode-bisdode-cucha-dibe-chuchere-oyidode-gai\/\" \/>\n<meta property=\"og:site_name\" content=\"AYOR\u00c9.ORG\" \/>\n<meta property=\"article:modified_time\" content=\"2019-03-09T02:08:07+00:00\" \/>\n<meta name=\"twitter:card\" content=\"summary_large_image\" \/>\n<meta name=\"twitter:label1\" content=\"Est. reading time\" \/>\n\t<meta name=\"twitter:data1\" content=\"1 minute\" \/>\n<script type=\"application\/ld+json\" class=\"yoast-schema-graph\">{\"@context\":\"https:\\\/\\\/schema.org\",\"@graph\":[{\"@type\":\"WebPage\",\"@id\":\"https:\\\/\\\/ayore.org\\\/ayo\\\/culture\\\/oral-traditions\\\/ayoreode-bisdode-cucha-dibe-chuchere-oyidode-gai\\\/\",\"url\":\"https:\\\/\\\/ayore.org\\\/ayo\\\/culture\\\/oral-traditions\\\/ayoreode-bisdode-cucha-dibe-chuchere-oyidode-gai\\\/\",\"name\":\"Dib\u00e9 chuch\u1ebdre oy\u00eddode gai\",\"isPartOf\":{\"@id\":\"https:\\\/\\\/ayore.org\\\/#website\"},\"datePublished\":\"2018-08-30T22:03:56+00:00\",\"dateModified\":\"2019-03-09T02:08:07+00:00\",\"breadcrumb\":{\"@id\":\"https:\\\/\\\/ayore.org\\\/ayo\\\/culture\\\/oral-traditions\\\/ayoreode-bisdode-cucha-dibe-chuchere-oyidode-gai\\\/#breadcrumb\"},\"inLanguage\":\"ayo\",\"potentialAction\":[{\"@type\":\"ReadAction\",\"target\":[\"https:\\\/\\\/ayore.org\\\/ayo\\\/culture\\\/oral-traditions\\\/ayoreode-bisdode-cucha-dibe-chuchere-oyidode-gai\\\/\"]}]},{\"@type\":\"BreadcrumbList\",\"@id\":\"https:\\\/\\\/ayore.org\\\/ayo\\\/culture\\\/oral-traditions\\\/ayoreode-bisdode-cucha-dibe-chuchere-oyidode-gai\\\/#breadcrumb\",\"itemListElement\":[{\"@type\":\"ListItem\",\"position\":1,\"name\":\"Jogate bajai tu ude\u0301\",\"item\":\"https:\\\/\\\/ayore.org\\\/ayo\\\/\"},{\"@type\":\"ListItem\",\"position\":2,\"name\":\"Ayore\u0301ode adode, angurenone cucha ore\",\"item\":\"https:\\\/\\\/ayore.org\\\/ayo\\\/culture\\\/\"},{\"@type\":\"ListItem\",\"position\":3,\"name\":\"Ayore\u0301ode Ate Bajade\",\"item\":\"https:\\\/\\\/ayore.org\\\/ayo\\\/culture\\\/oral-traditions\\\/\"},{\"@type\":\"ListItem\",\"position\":4,\"name\":\"Manu\u00e9ln\u00e9 &#8211; Dib\u00e9 chuch\u1ebdre oy\u00eddode gai\"}]},{\"@type\":\"WebSite\",\"@id\":\"https:\\\/\\\/ayore.org\\\/#website\",\"url\":\"https:\\\/\\\/ayore.org\\\/\",\"name\":\"AYOR\u00c9.ORG\",\"description\":\"Ayore\u0301ode Uruode, Adode, Jnani bajade ati\u0301go ore \",\"potentialAction\":[{\"@type\":\"SearchAction\",\"target\":{\"@type\":\"EntryPoint\",\"urlTemplate\":\"https:\\\/\\\/ayore.org\\\/?s={search_term_string}\"},\"query-input\":{\"@type\":\"PropertyValueSpecification\",\"valueRequired\":true,\"valueName\":\"search_term_string\"}}],\"inLanguage\":\"ayo\"}]}<\/script>\n<!-- \/ Yoast SEO plugin. -->","yoast_head_json":{"title":"Dib\u00e9 chuch\u1ebdre oy\u00eddode gai","robots":{"index":"index","follow":"follow","max-snippet":"max-snippet:-1","max-image-preview":"max-image-preview:large","max-video-preview":"max-video-preview:-1"},"canonical":"https:\/\/ayore.org\/ayo\/culture\/oral-traditions\/ayoreode-bisdode-cucha-dibe-chuchere-oyidode-gai\/","og_locale":"en_US","og_type":"article","og_title":"Dib\u00e9 chuch\u1ebdre oy\u00eddode gai","og_description":"Ore po\u0301gu oyi\u0301dode nanique:\u00a0 Dibe chi chuche\u0303\u0301re oy\u00eddode gai. Chuche\u0303\u0301re gai uje ore p\u00f3gu nanique. Jec u\u0303r\u00e9 u\u00e1sejna oy\u00eddode iji er\u00e1mi uje chuche\u0303\u0301re gai. Yodi d\u00e9ji cucarani ajei. A cuch\u00e1rique suru gai mu dib\u00e9 chuche\u0303\u0301re gai ga e d\u00e9ji er\u00e1mone","og_url":"https:\/\/ayore.org\/ayo\/culture\/oral-traditions\/ayoreode-bisdode-cucha-dibe-chuchere-oyidode-gai\/","og_site_name":"AYOR\u00c9.ORG","article_modified_time":"2019-03-09T02:08:07+00:00","twitter_card":"summary_large_image","twitter_misc":{"Est. reading time":"1 minute"},"schema":{"@context":"https:\/\/schema.org","@graph":[{"@type":"WebPage","@id":"https:\/\/ayore.org\/ayo\/culture\/oral-traditions\/ayoreode-bisdode-cucha-dibe-chuchere-oyidode-gai\/","url":"https:\/\/ayore.org\/ayo\/culture\/oral-traditions\/ayoreode-bisdode-cucha-dibe-chuchere-oyidode-gai\/","name":"Dib\u00e9 chuch\u1ebdre oy\u00eddode gai","isPartOf":{"@id":"https:\/\/ayore.org\/#website"},"datePublished":"2018-08-30T22:03:56+00:00","dateModified":"2019-03-09T02:08:07+00:00","breadcrumb":{"@id":"https:\/\/ayore.org\/ayo\/culture\/oral-traditions\/ayoreode-bisdode-cucha-dibe-chuchere-oyidode-gai\/#breadcrumb"},"inLanguage":"ayo","potentialAction":[{"@type":"ReadAction","target":["https:\/\/ayore.org\/ayo\/culture\/oral-traditions\/ayoreode-bisdode-cucha-dibe-chuchere-oyidode-gai\/"]}]},{"@type":"BreadcrumbList","@id":"https:\/\/ayore.org\/ayo\/culture\/oral-traditions\/ayoreode-bisdode-cucha-dibe-chuchere-oyidode-gai\/#breadcrumb","itemListElement":[{"@type":"ListItem","position":1,"name":"Jogate bajai tu ude\u0301","item":"https:\/\/ayore.org\/ayo\/"},{"@type":"ListItem","position":2,"name":"Ayore\u0301ode adode, angurenone cucha ore","item":"https:\/\/ayore.org\/ayo\/culture\/"},{"@type":"ListItem","position":3,"name":"Ayore\u0301ode Ate Bajade","item":"https:\/\/ayore.org\/ayo\/culture\/oral-traditions\/"},{"@type":"ListItem","position":4,"name":"Manu\u00e9ln\u00e9 &#8211; Dib\u00e9 chuch\u1ebdre oy\u00eddode gai"}]},{"@type":"WebSite","@id":"https:\/\/ayore.org\/#website","url":"https:\/\/ayore.org\/","name":"AYOR\u00c9.ORG","description":"Ayore\u0301ode Uruode, Adode, Jnani bajade ati\u0301go ore ","potentialAction":[{"@type":"SearchAction","target":{"@type":"EntryPoint","urlTemplate":"https:\/\/ayore.org\/?s={search_term_string}"},"query-input":{"@type":"PropertyValueSpecification","valueRequired":true,"valueName":"search_term_string"}}],"inLanguage":"ayo"}]}},"_links":{"self":[{"href":"https:\/\/ayore.org\/ayo\/wp-json\/wp\/v2\/pages\/827","targetHints":{"allow":["GET"]}}],"collection":[{"href":"https:\/\/ayore.org\/ayo\/wp-json\/wp\/v2\/pages"}],"about":[{"href":"https:\/\/ayore.org\/ayo\/wp-json\/wp\/v2\/types\/page"}],"author":[{"embeddable":true,"href":"https:\/\/ayore.org\/ayo\/wp-json\/wp\/v2\/users\/2"}],"replies":[{"embeddable":true,"href":"https:\/\/ayore.org\/ayo\/wp-json\/wp\/v2\/comments?post=827"}],"version-history":[{"count":4,"href":"https:\/\/ayore.org\/ayo\/wp-json\/wp\/v2\/pages\/827\/revisions"}],"predecessor-version":[{"id":3406,"href":"https:\/\/ayore.org\/ayo\/wp-json\/wp\/v2\/pages\/827\/revisions\/3406"}],"up":[{"embeddable":true,"href":"https:\/\/ayore.org\/ayo\/wp-json\/wp\/v2\/pages\/717"}],"wp:attachment":[{"href":"https:\/\/ayore.org\/ayo\/wp-json\/wp\/v2\/media?parent=827"}],"curies":[{"name":"wp","href":"https:\/\/api.w.org\/{rel}","templated":true}]}}