{"id":814,"date":"2018-08-29T19:18:15","date_gmt":"2018-08-29T19:18:15","guid":{"rendered":"https:\/\/ayore.org\/?page_id=814"},"modified":"2019-02-27T04:13:54","modified_gmt":"2019-02-27T04:13:54","slug":"cajoide-achinguirai-chi-inoningayato-erapurujnanguenie","status":"publish","type":"page","link":"https:\/\/ayore.org\/ayo\/culture\/medicine\/cajoide-achinguirai-chi-inoningayato-erapurujnanguenie\/","title":{"rendered":"Cajoid\u00e9 &#8211; Achinguirai chi in\u00f3ning\u00e1yat\u00f3 erapurujnanguenie"},"content":{"rendered":"<p><strong>Achinguirai In\u00f3ning\u00e1yat\u00f3die Cucha<\/strong><\/p>\n<p><em>Achinguirai<\/em> chi in\u00f3ning\u00e1yat\u00f3 <em>erapurujn\u00e1nguenie<\/em>. J\u00f5ra tu <em>gaco<\/em> uje inoninga <em>achinguirane<\/em>. J\u00f5rai tu <em>yodi<\/em>; <em>achinguirai<\/em> in\u00f3ning\u00e1yas\u00f3rone u <em>yodi<\/em>.<\/p>\n<p>Ore chingu\u00edra posode aja ayor\u00e9 ga ore chingu\u00edra <em>gaco<\/em> uj\u00f1arone ga que chequ\u00e9s\u00e3re gotique. Ore chingu\u00edra <em>erapujn\u00e1nguen\u00ede<\/em> uj\u00f1arone ga que chequ\u00e9s\u00e3re gotique. <em>Achinguirane <\/em>in\u00f3ning\u00e1yat\u00f3 u gu.<\/p>\n<p>Ayor\u00e9 irajatade ore chiraja in\u00f3ning\u00e1yas\u00f3rone cucha ga ore chiqueta posode ayor\u00e9 ore.<\/p>\n<p>Uj\u00f1arone u ore uruode ga chub\u00fachu ga to\u0303\u0301raji.<\/p>\n<p>Daijnane ore chigase ga chijni\u0301miiji posode ayor\u00e9. Daijna cuch\u00e1bode ore. Ore iquetaque posode ayor\u00e9; ore chijni\u0301miji ore gu. Pujopie garani dajnu dit\u00e1ji ome jnacare bajade uje daijna ore. Ga ore tocade ga pujopie chiqueta raja ore iji dajnu dit\u00e1ji ga daijna ore ga chijn\u00edmiji ore.<\/p>\n<p>Chi daijnane ore chuj\u00e9 dajnu dit\u00e1ji ga pujopie to\u0303\u0301raji ore ome ore enga j\u00e9 daijna ore.<\/p>\n<p><em>Sidode<\/em> chijnime ore ga daijna ore. Ore ch\u00f3ji <em>sidode<\/em> otadi ga j\u00e9 u uje chijnime ore ga daijna ore.<\/p>\n<p>Uje daijn\u00e1rique ujuya ga cho daju\u00f1ame ayor\u00e9ode ga chequ\u00e9s\u00e3re ore ga ore chuj\u00e9 daijna ujuyarane.<\/p>\n<p><em>Cajoid\u00e9 \u2013 \u00a0Campo Loro, Paraguay \u2013 1985.<\/em><\/p>\n<p><em>Marina de Morarie chur\u00fas\u00e3re Cajoid\u00e9 atatagode udojo nanique.<\/em><\/p>\n<div class=\"navigation\"><div class=\"alignleft\"><a href=\"https:\/\/ayore.org\/ayo\/culture\/medicine\/\"title=\"Ayore\u0301ode Bisidode Cucha\"><img loading=\"lazy\" decoding=\"async\" src=\"https:\/\/ayore.org\/wp-content\/uploads\/2018\/10\/left-arrow.png\" width=\"50\" height=\"48\" alt=\"left arrow\"><\/a><\/div><div class=\"alignright\"><a href=\"https:\/\/ayore.org\/ayo\/culture\/native-songs\/\"title=\"Ayore\u0301ode Irade\u0301die\"><img loading=\"lazy\" decoding=\"async\" src=\"https:\/\/ayore.org\/wp-content\/uploads\/2018\/10\/right-arrow.png\" width=\"50\" height=\"48\" alt=\"right arrow\"><\/a><\/div>\n","protected":false},"excerpt":{"rendered":"<p>Achinguirai In\u00f3ning\u00e1yat\u00f3die Cucha Achinguirai chi in\u00f3ning\u00e1yat\u00f3 erapurujn\u00e1nguenie. J\u00f5ra tu gaco uje inoninga achinguirane. J\u00f5rai tu yodi; achinguirai in\u00f3ning\u00e1yas\u00f3rone u yodi. Ore chingu\u00edra posode aja ayor\u00e9 ga ore chingu\u00edra gaco uj\u00f1arone ga que chequ\u00e9s\u00e3re gotique. Ore chingu\u00edra erapujn\u00e1nguen\u00ede uj\u00f1arone ga que<\/p>\n","protected":false},"author":2,"featured_media":0,"parent":711,"menu_order":0,"comment_status":"closed","ping_status":"closed","template":"","meta":{"footnotes":""},"class_list":["post-814","page","type-page","status-publish","hentry"],"yoast_head":"<!-- This site is optimized with the Yoast SEO plugin v27.4 - https:\/\/yoast.com\/product\/yoast-seo-wordpress\/ -->\n<title>Ayore\u0301ode Bisidode Cucha: Achinguirai Chi In\u00f3ning\u00e1yat\u00f3 Erapurujnanguenie \u2022 Ayore.org<\/title>\n<meta name=\"robots\" content=\"index, follow, max-snippet:-1, max-image-preview:large, max-video-preview:-1\" \/>\n<link rel=\"canonical\" href=\"https:\/\/ayore.org\/ayo\/culture\/medicine\/cajoide-achinguirai-chi-inoningayato-erapurujnanguenie\/\" \/>\n<meta property=\"og:locale\" content=\"en_US\" \/>\n<meta property=\"og:type\" content=\"article\" \/>\n<meta property=\"og:title\" content=\"Ayore\u0301ode Bisidode Cucha: Achinguirai Chi In\u00f3ning\u00e1yat\u00f3 Erapurujnanguenie \u2022 Ayore.org\" \/>\n<meta property=\"og:description\" content=\"Achinguirai In\u00f3ning\u00e1yat\u00f3die Cucha Achinguirai chi in\u00f3ning\u00e1yat\u00f3 erapurujn\u00e1nguenie. J\u00f5ra tu gaco uje inoninga achinguirane. J\u00f5rai tu yodi; achinguirai in\u00f3ning\u00e1yas\u00f3rone u yodi. Ore chingu\u00edra posode aja ayor\u00e9 ga ore chingu\u00edra gaco uj\u00f1arone ga que chequ\u00e9s\u00e3re gotique. Ore chingu\u00edra erapujn\u00e1nguen\u00ede uj\u00f1arone ga que\" \/>\n<meta property=\"og:url\" content=\"https:\/\/ayore.org\/ayo\/culture\/medicine\/cajoide-achinguirai-chi-inoningayato-erapurujnanguenie\/\" \/>\n<meta property=\"og:site_name\" content=\"AYOR\u00c9.ORG\" \/>\n<meta property=\"article:modified_time\" content=\"2019-02-27T04:13:54+00:00\" \/>\n<meta name=\"twitter:card\" content=\"summary_large_image\" \/>\n<meta name=\"twitter:label1\" content=\"Est. reading time\" \/>\n\t<meta name=\"twitter:data1\" content=\"1 minute\" \/>\n<script type=\"application\/ld+json\" class=\"yoast-schema-graph\">{\"@context\":\"https:\\\/\\\/schema.org\",\"@graph\":[{\"@type\":\"WebPage\",\"@id\":\"https:\\\/\\\/ayore.org\\\/ayo\\\/culture\\\/medicine\\\/cajoide-achinguirai-chi-inoningayato-erapurujnanguenie\\\/\",\"url\":\"https:\\\/\\\/ayore.org\\\/ayo\\\/culture\\\/medicine\\\/cajoide-achinguirai-chi-inoningayato-erapurujnanguenie\\\/\",\"name\":\"Ayore\u0301ode Bisidode Cucha: Achinguirai Chi In\u00f3ning\u00e1yat\u00f3 Erapurujnanguenie \u2022 Ayore.org\",\"isPartOf\":{\"@id\":\"https:\\\/\\\/ayore.org\\\/#website\"},\"datePublished\":\"2018-08-29T19:18:15+00:00\",\"dateModified\":\"2019-02-27T04:13:54+00:00\",\"breadcrumb\":{\"@id\":\"https:\\\/\\\/ayore.org\\\/ayo\\\/culture\\\/medicine\\\/cajoide-achinguirai-chi-inoningayato-erapurujnanguenie\\\/#breadcrumb\"},\"inLanguage\":\"ayo\",\"potentialAction\":[{\"@type\":\"ReadAction\",\"target\":[\"https:\\\/\\\/ayore.org\\\/ayo\\\/culture\\\/medicine\\\/cajoide-achinguirai-chi-inoningayato-erapurujnanguenie\\\/\"]}]},{\"@type\":\"BreadcrumbList\",\"@id\":\"https:\\\/\\\/ayore.org\\\/ayo\\\/culture\\\/medicine\\\/cajoide-achinguirai-chi-inoningayato-erapurujnanguenie\\\/#breadcrumb\",\"itemListElement\":[{\"@type\":\"ListItem\",\"position\":1,\"name\":\"Jogate bajai tu ude\u0301\",\"item\":\"https:\\\/\\\/ayore.org\\\/ayo\\\/\"},{\"@type\":\"ListItem\",\"position\":2,\"name\":\"Ayore\u0301ode adode, angurenone cucha ore\",\"item\":\"https:\\\/\\\/ayore.org\\\/ayo\\\/culture\\\/\"},{\"@type\":\"ListItem\",\"position\":3,\"name\":\"Ayore\u0301ode Bisidode Cucha\",\"item\":\"https:\\\/\\\/ayore.org\\\/ayo\\\/culture\\\/medicine\\\/\"},{\"@type\":\"ListItem\",\"position\":4,\"name\":\"Cajoid\u00e9 &#8211; Achinguirai chi in\u00f3ning\u00e1yat\u00f3 erapurujnanguenie\"}]},{\"@type\":\"WebSite\",\"@id\":\"https:\\\/\\\/ayore.org\\\/#website\",\"url\":\"https:\\\/\\\/ayore.org\\\/\",\"name\":\"AYOR\u00c9.ORG\",\"description\":\"Ayore\u0301ode Uruode, Adode, Jnani bajade ati\u0301go ore \",\"potentialAction\":[{\"@type\":\"SearchAction\",\"target\":{\"@type\":\"EntryPoint\",\"urlTemplate\":\"https:\\\/\\\/ayore.org\\\/?s={search_term_string}\"},\"query-input\":{\"@type\":\"PropertyValueSpecification\",\"valueRequired\":true,\"valueName\":\"search_term_string\"}}],\"inLanguage\":\"ayo\"}]}<\/script>\n<!-- \/ Yoast SEO plugin. -->","yoast_head_json":{"title":"Ayore\u0301ode Bisidode Cucha: Achinguirai Chi In\u00f3ning\u00e1yat\u00f3 Erapurujnanguenie \u2022 Ayore.org","robots":{"index":"index","follow":"follow","max-snippet":"max-snippet:-1","max-image-preview":"max-image-preview:large","max-video-preview":"max-video-preview:-1"},"canonical":"https:\/\/ayore.org\/ayo\/culture\/medicine\/cajoide-achinguirai-chi-inoningayato-erapurujnanguenie\/","og_locale":"en_US","og_type":"article","og_title":"Ayore\u0301ode Bisidode Cucha: Achinguirai Chi In\u00f3ning\u00e1yat\u00f3 Erapurujnanguenie \u2022 Ayore.org","og_description":"Achinguirai In\u00f3ning\u00e1yat\u00f3die Cucha Achinguirai chi in\u00f3ning\u00e1yat\u00f3 erapurujn\u00e1nguenie. J\u00f5ra tu gaco uje inoninga achinguirane. J\u00f5rai tu yodi; achinguirai in\u00f3ning\u00e1yas\u00f3rone u yodi. Ore chingu\u00edra posode aja ayor\u00e9 ga ore chingu\u00edra gaco uj\u00f1arone ga que chequ\u00e9s\u00e3re gotique. Ore chingu\u00edra erapujn\u00e1nguen\u00ede uj\u00f1arone ga que","og_url":"https:\/\/ayore.org\/ayo\/culture\/medicine\/cajoide-achinguirai-chi-inoningayato-erapurujnanguenie\/","og_site_name":"AYOR\u00c9.ORG","article_modified_time":"2019-02-27T04:13:54+00:00","twitter_card":"summary_large_image","twitter_misc":{"Est. reading time":"1 minute"},"schema":{"@context":"https:\/\/schema.org","@graph":[{"@type":"WebPage","@id":"https:\/\/ayore.org\/ayo\/culture\/medicine\/cajoide-achinguirai-chi-inoningayato-erapurujnanguenie\/","url":"https:\/\/ayore.org\/ayo\/culture\/medicine\/cajoide-achinguirai-chi-inoningayato-erapurujnanguenie\/","name":"Ayore\u0301ode Bisidode Cucha: Achinguirai Chi In\u00f3ning\u00e1yat\u00f3 Erapurujnanguenie \u2022 Ayore.org","isPartOf":{"@id":"https:\/\/ayore.org\/#website"},"datePublished":"2018-08-29T19:18:15+00:00","dateModified":"2019-02-27T04:13:54+00:00","breadcrumb":{"@id":"https:\/\/ayore.org\/ayo\/culture\/medicine\/cajoide-achinguirai-chi-inoningayato-erapurujnanguenie\/#breadcrumb"},"inLanguage":"ayo","potentialAction":[{"@type":"ReadAction","target":["https:\/\/ayore.org\/ayo\/culture\/medicine\/cajoide-achinguirai-chi-inoningayato-erapurujnanguenie\/"]}]},{"@type":"BreadcrumbList","@id":"https:\/\/ayore.org\/ayo\/culture\/medicine\/cajoide-achinguirai-chi-inoningayato-erapurujnanguenie\/#breadcrumb","itemListElement":[{"@type":"ListItem","position":1,"name":"Jogate bajai tu ude\u0301","item":"https:\/\/ayore.org\/ayo\/"},{"@type":"ListItem","position":2,"name":"Ayore\u0301ode adode, angurenone cucha ore","item":"https:\/\/ayore.org\/ayo\/culture\/"},{"@type":"ListItem","position":3,"name":"Ayore\u0301ode Bisidode Cucha","item":"https:\/\/ayore.org\/ayo\/culture\/medicine\/"},{"@type":"ListItem","position":4,"name":"Cajoid\u00e9 &#8211; Achinguirai chi in\u00f3ning\u00e1yat\u00f3 erapurujnanguenie"}]},{"@type":"WebSite","@id":"https:\/\/ayore.org\/#website","url":"https:\/\/ayore.org\/","name":"AYOR\u00c9.ORG","description":"Ayore\u0301ode Uruode, Adode, Jnani bajade ati\u0301go ore ","potentialAction":[{"@type":"SearchAction","target":{"@type":"EntryPoint","urlTemplate":"https:\/\/ayore.org\/?s={search_term_string}"},"query-input":{"@type":"PropertyValueSpecification","valueRequired":true,"valueName":"search_term_string"}}],"inLanguage":"ayo"}]}},"_links":{"self":[{"href":"https:\/\/ayore.org\/ayo\/wp-json\/wp\/v2\/pages\/814","targetHints":{"allow":["GET"]}}],"collection":[{"href":"https:\/\/ayore.org\/ayo\/wp-json\/wp\/v2\/pages"}],"about":[{"href":"https:\/\/ayore.org\/ayo\/wp-json\/wp\/v2\/types\/page"}],"author":[{"embeddable":true,"href":"https:\/\/ayore.org\/ayo\/wp-json\/wp\/v2\/users\/2"}],"replies":[{"embeddable":true,"href":"https:\/\/ayore.org\/ayo\/wp-json\/wp\/v2\/comments?post=814"}],"version-history":[{"count":3,"href":"https:\/\/ayore.org\/ayo\/wp-json\/wp\/v2\/pages\/814\/revisions"}],"predecessor-version":[{"id":3138,"href":"https:\/\/ayore.org\/ayo\/wp-json\/wp\/v2\/pages\/814\/revisions\/3138"}],"up":[{"embeddable":true,"href":"https:\/\/ayore.org\/ayo\/wp-json\/wp\/v2\/pages\/711"}],"wp:attachment":[{"href":"https:\/\/ayore.org\/ayo\/wp-json\/wp\/v2\/media?parent=814"}],"curies":[{"name":"wp","href":"https:\/\/api.w.org\/{rel}","templated":true}]}}