{"id":800,"date":"2018-08-29T18:33:03","date_gmt":"2018-08-29T18:33:03","guid":{"rendered":"https:\/\/ayore.org\/?page_id=800"},"modified":"2019-03-07T22:14:27","modified_gmt":"2019-03-07T22:14:27","slug":"oidabiade-cucha-bijnangone-guiyasore-tinaine","status":"publish","type":"page","link":"https:\/\/ayore.org\/ayo\/culture\/oral-history\/oidabiade-cucha-bijnangone-guiyasore-tinaine\/","title":{"rendered":"Oid\u00e1biad\u00e9 &#8211; Cucha bijn\u00e1ngone guiyang\u00f5re Tinain\u00e9"},"content":{"rendered":"<p><strong><em>Yatata cucha bijn\u00e1ngone guiyang\u00f5\u0301ri:<\/em><\/strong><\/p>\n<p>Chi cucha bijn\u00e1ngone guiyang\u00f5\u0301ri tu <em>Tin\u00e1in\u00e9<\/em>.<\/p>\n<p>Ga chi ore chojninga nanique: &#8216;Beyoi <em>Tin\u00e1in\u00e9<\/em> ome cucha bijnai.&#8217;<\/p>\n<p>Ga chi ore doi <em>Tin\u00e1in\u00e9<\/em>, ga <em>Tin\u00e1in\u00e9<\/em> chijna re aja jogadi, ore ijnangui\u00e9ni, ga chojninga: \u2018D\u00e9ji de uacajnangui\u00e9ni.\u2019<\/p>\n<p>Ga cucha bijn\u00e1ngone guiyang\u00f5\u0301ri u <em>Tin\u00e1in\u00e9<\/em>.<\/p>\n<p><em>\u00a0<\/em><\/p>\n<p><em>Oid\u00e1biad\u00e9 \u2013 Campo Loro, Paraguay nanique \u2013 1988.<\/em><\/p>\n<p><em>Marina de <\/em><em>Morarie chur\u00fas\u00e3re Oid\u00e1biad\u00e9 atatagode udojo nanique.<\/em><\/p>\n<div class=\"navigation\"><div class=\"alignleft\"><a href=\"https:\/\/ayore.org\/ayo\/culture\/oral-history\/oidabiade-ayoreode-jora-nane-jnese-iji-taningai\/\"title=\"Oid\u00e1biad\u00e9 &#8211; Ayor\u00e9ode j\u00f5ra n\u0303ane jnese iji taningai\"><img loading=\"lazy\" decoding=\"async\" src=\"https:\/\/ayore.org\/wp-content\/uploads\/2018\/10\/left-arrow.png\" width=\"50\" height=\"48\" alt=\"left arrow\"><\/a><\/div><div class=\"alignright\"><a href=\"https:\/\/ayore.org\/ayo\/culture\/oral-history\/ayoreode-chuje-yai-nanique\/\"title=\"Paul Dye &#8211; Ayor\u00e9ode chuj\u00e9 yai nanique\"><img loading=\"lazy\" decoding=\"async\" src=\"https:\/\/ayore.org\/wp-content\/uploads\/2018\/10\/right-arrow.png\" width=\"50\" height=\"48\" alt=\"right arrow\"><\/a><\/div>\n","protected":false},"excerpt":{"rendered":"<p>Yatata cucha bijn\u00e1ngone guiyang\u00f5\u0301ri: Chi cucha bijn\u00e1ngone guiyang\u00f5\u0301ri tu Tin\u00e1in\u00e9. Ga chi ore chojninga nanique: &#8216;Beyoi Tin\u00e1in\u00e9 ome cucha bijnai.&#8217; Ga chi ore doi Tin\u00e1in\u00e9, ga Tin\u00e1in\u00e9 chijna re aja jogadi, ore ijnangui\u00e9ni, ga chojninga: \u2018D\u00e9ji de uacajnangui\u00e9ni.\u2019 Ga cucha<\/p>\n","protected":false},"author":2,"featured_media":0,"parent":715,"menu_order":0,"comment_status":"closed","ping_status":"closed","template":"","meta":{"footnotes":""},"class_list":["post-800","page","type-page","status-publish","hentry"],"yoast_head":"<!-- This site is optimized with the Yoast SEO plugin v27.4 - https:\/\/yoast.com\/product\/yoast-seo-wordpress\/ -->\n<title>Ayore\u0301 Bajade Ore Gojn\u0303ane: Cucha Bijn\u00e1ngone Guiyas\u00f5re Tinain\u00e9 \u2022 Ayore.org<\/title>\n<meta name=\"robots\" content=\"index, follow, max-snippet:-1, max-image-preview:large, max-video-preview:-1\" \/>\n<link rel=\"canonical\" href=\"https:\/\/ayore.org\/ayo\/culture\/oral-history\/oidabiade-cucha-bijnangone-guiyasore-tinaine\/\" \/>\n<meta property=\"og:locale\" content=\"en_US\" \/>\n<meta property=\"og:type\" content=\"article\" \/>\n<meta property=\"og:title\" content=\"Ayore\u0301 Bajade Ore Gojn\u0303ane: Cucha Bijn\u00e1ngone Guiyas\u00f5re Tinain\u00e9 \u2022 Ayore.org\" \/>\n<meta property=\"og:description\" content=\"Yatata cucha bijn\u00e1ngone guiyang\u00f5\u0301ri: Chi cucha bijn\u00e1ngone guiyang\u00f5\u0301ri tu Tin\u00e1in\u00e9. Ga chi ore chojninga nanique: &#8216;Beyoi Tin\u00e1in\u00e9 ome cucha bijnai.&#8217; Ga chi ore doi Tin\u00e1in\u00e9, ga Tin\u00e1in\u00e9 chijna re aja jogadi, ore ijnangui\u00e9ni, ga chojninga: \u2018D\u00e9ji de uacajnangui\u00e9ni.\u2019 Ga cucha\" \/>\n<meta property=\"og:url\" content=\"https:\/\/ayore.org\/ayo\/culture\/oral-history\/oidabiade-cucha-bijnangone-guiyasore-tinaine\/\" \/>\n<meta property=\"og:site_name\" content=\"AYOR\u00c9.ORG\" \/>\n<meta property=\"article:modified_time\" content=\"2019-03-07T22:14:27+00:00\" \/>\n<meta name=\"twitter:card\" content=\"summary_large_image\" \/>\n<script type=\"application\/ld+json\" class=\"yoast-schema-graph\">{\"@context\":\"https:\\\/\\\/schema.org\",\"@graph\":[{\"@type\":\"WebPage\",\"@id\":\"https:\\\/\\\/ayore.org\\\/ayo\\\/culture\\\/oral-history\\\/oidabiade-cucha-bijnangone-guiyasore-tinaine\\\/\",\"url\":\"https:\\\/\\\/ayore.org\\\/ayo\\\/culture\\\/oral-history\\\/oidabiade-cucha-bijnangone-guiyasore-tinaine\\\/\",\"name\":\"Ayore\u0301 Bajade Ore Gojn\u0303ane: Cucha Bijn\u00e1ngone Guiyas\u00f5re Tinain\u00e9 \u2022 Ayore.org\",\"isPartOf\":{\"@id\":\"https:\\\/\\\/ayore.org\\\/#website\"},\"datePublished\":\"2018-08-29T18:33:03+00:00\",\"dateModified\":\"2019-03-07T22:14:27+00:00\",\"breadcrumb\":{\"@id\":\"https:\\\/\\\/ayore.org\\\/ayo\\\/culture\\\/oral-history\\\/oidabiade-cucha-bijnangone-guiyasore-tinaine\\\/#breadcrumb\"},\"inLanguage\":\"ayo\",\"potentialAction\":[{\"@type\":\"ReadAction\",\"target\":[\"https:\\\/\\\/ayore.org\\\/ayo\\\/culture\\\/oral-history\\\/oidabiade-cucha-bijnangone-guiyasore-tinaine\\\/\"]}]},{\"@type\":\"BreadcrumbList\",\"@id\":\"https:\\\/\\\/ayore.org\\\/ayo\\\/culture\\\/oral-history\\\/oidabiade-cucha-bijnangone-guiyasore-tinaine\\\/#breadcrumb\",\"itemListElement\":[{\"@type\":\"ListItem\",\"position\":1,\"name\":\"Jogate bajai tu ude\u0301\",\"item\":\"https:\\\/\\\/ayore.org\\\/ayo\\\/\"},{\"@type\":\"ListItem\",\"position\":2,\"name\":\"Ayore\u0301ode adode, angurenone cucha ore\",\"item\":\"https:\\\/\\\/ayore.org\\\/ayo\\\/culture\\\/\"},{\"@type\":\"ListItem\",\"position\":3,\"name\":\"Ayore\u0301 Bajade Ore Gojn\u0303ane\",\"item\":\"https:\\\/\\\/ayore.org\\\/ayo\\\/culture\\\/oral-history\\\/\"},{\"@type\":\"ListItem\",\"position\":4,\"name\":\"Oid\u00e1biad\u00e9 &#8211; Cucha bijn\u00e1ngone guiyang\u00f5re Tinain\u00e9\"}]},{\"@type\":\"WebSite\",\"@id\":\"https:\\\/\\\/ayore.org\\\/#website\",\"url\":\"https:\\\/\\\/ayore.org\\\/\",\"name\":\"AYOR\u00c9.ORG\",\"description\":\"Ayore\u0301ode Uruode, Adode, Jnani bajade ati\u0301go ore \",\"potentialAction\":[{\"@type\":\"SearchAction\",\"target\":{\"@type\":\"EntryPoint\",\"urlTemplate\":\"https:\\\/\\\/ayore.org\\\/?s={search_term_string}\"},\"query-input\":{\"@type\":\"PropertyValueSpecification\",\"valueRequired\":true,\"valueName\":\"search_term_string\"}}],\"inLanguage\":\"ayo\"}]}<\/script>\n<!-- \/ Yoast SEO plugin. -->","yoast_head_json":{"title":"Ayore\u0301 Bajade Ore Gojn\u0303ane: Cucha Bijn\u00e1ngone Guiyas\u00f5re Tinain\u00e9 \u2022 Ayore.org","robots":{"index":"index","follow":"follow","max-snippet":"max-snippet:-1","max-image-preview":"max-image-preview:large","max-video-preview":"max-video-preview:-1"},"canonical":"https:\/\/ayore.org\/ayo\/culture\/oral-history\/oidabiade-cucha-bijnangone-guiyasore-tinaine\/","og_locale":"en_US","og_type":"article","og_title":"Ayore\u0301 Bajade Ore Gojn\u0303ane: Cucha Bijn\u00e1ngone Guiyas\u00f5re Tinain\u00e9 \u2022 Ayore.org","og_description":"Yatata cucha bijn\u00e1ngone guiyang\u00f5\u0301ri: Chi cucha bijn\u00e1ngone guiyang\u00f5\u0301ri tu Tin\u00e1in\u00e9. Ga chi ore chojninga nanique: &#8216;Beyoi Tin\u00e1in\u00e9 ome cucha bijnai.&#8217; Ga chi ore doi Tin\u00e1in\u00e9, ga Tin\u00e1in\u00e9 chijna re aja jogadi, ore ijnangui\u00e9ni, ga chojninga: \u2018D\u00e9ji de uacajnangui\u00e9ni.\u2019 Ga cucha","og_url":"https:\/\/ayore.org\/ayo\/culture\/oral-history\/oidabiade-cucha-bijnangone-guiyasore-tinaine\/","og_site_name":"AYOR\u00c9.ORG","article_modified_time":"2019-03-07T22:14:27+00:00","twitter_card":"summary_large_image","schema":{"@context":"https:\/\/schema.org","@graph":[{"@type":"WebPage","@id":"https:\/\/ayore.org\/ayo\/culture\/oral-history\/oidabiade-cucha-bijnangone-guiyasore-tinaine\/","url":"https:\/\/ayore.org\/ayo\/culture\/oral-history\/oidabiade-cucha-bijnangone-guiyasore-tinaine\/","name":"Ayore\u0301 Bajade Ore Gojn\u0303ane: Cucha Bijn\u00e1ngone Guiyas\u00f5re Tinain\u00e9 \u2022 Ayore.org","isPartOf":{"@id":"https:\/\/ayore.org\/#website"},"datePublished":"2018-08-29T18:33:03+00:00","dateModified":"2019-03-07T22:14:27+00:00","breadcrumb":{"@id":"https:\/\/ayore.org\/ayo\/culture\/oral-history\/oidabiade-cucha-bijnangone-guiyasore-tinaine\/#breadcrumb"},"inLanguage":"ayo","potentialAction":[{"@type":"ReadAction","target":["https:\/\/ayore.org\/ayo\/culture\/oral-history\/oidabiade-cucha-bijnangone-guiyasore-tinaine\/"]}]},{"@type":"BreadcrumbList","@id":"https:\/\/ayore.org\/ayo\/culture\/oral-history\/oidabiade-cucha-bijnangone-guiyasore-tinaine\/#breadcrumb","itemListElement":[{"@type":"ListItem","position":1,"name":"Jogate bajai tu ude\u0301","item":"https:\/\/ayore.org\/ayo\/"},{"@type":"ListItem","position":2,"name":"Ayore\u0301ode adode, angurenone cucha ore","item":"https:\/\/ayore.org\/ayo\/culture\/"},{"@type":"ListItem","position":3,"name":"Ayore\u0301 Bajade Ore Gojn\u0303ane","item":"https:\/\/ayore.org\/ayo\/culture\/oral-history\/"},{"@type":"ListItem","position":4,"name":"Oid\u00e1biad\u00e9 &#8211; Cucha bijn\u00e1ngone guiyang\u00f5re Tinain\u00e9"}]},{"@type":"WebSite","@id":"https:\/\/ayore.org\/#website","url":"https:\/\/ayore.org\/","name":"AYOR\u00c9.ORG","description":"Ayore\u0301ode Uruode, Adode, Jnani bajade ati\u0301go ore ","potentialAction":[{"@type":"SearchAction","target":{"@type":"EntryPoint","urlTemplate":"https:\/\/ayore.org\/?s={search_term_string}"},"query-input":{"@type":"PropertyValueSpecification","valueRequired":true,"valueName":"search_term_string"}}],"inLanguage":"ayo"}]}},"_links":{"self":[{"href":"https:\/\/ayore.org\/ayo\/wp-json\/wp\/v2\/pages\/800","targetHints":{"allow":["GET"]}}],"collection":[{"href":"https:\/\/ayore.org\/ayo\/wp-json\/wp\/v2\/pages"}],"about":[{"href":"https:\/\/ayore.org\/ayo\/wp-json\/wp\/v2\/types\/page"}],"author":[{"embeddable":true,"href":"https:\/\/ayore.org\/ayo\/wp-json\/wp\/v2\/users\/2"}],"replies":[{"embeddable":true,"href":"https:\/\/ayore.org\/ayo\/wp-json\/wp\/v2\/comments?post=800"}],"version-history":[{"count":4,"href":"https:\/\/ayore.org\/ayo\/wp-json\/wp\/v2\/pages\/800\/revisions"}],"predecessor-version":[{"id":3371,"href":"https:\/\/ayore.org\/ayo\/wp-json\/wp\/v2\/pages\/800\/revisions\/3371"}],"up":[{"embeddable":true,"href":"https:\/\/ayore.org\/ayo\/wp-json\/wp\/v2\/pages\/715"}],"wp:attachment":[{"href":"https:\/\/ayore.org\/ayo\/wp-json\/wp\/v2\/media?parent=800"}],"curies":[{"name":"wp","href":"https:\/\/api.w.org\/{rel}","templated":true}]}}