{"id":797,"date":"2018-08-29T18:26:36","date_gmt":"2018-08-29T18:26:36","guid":{"rendered":"https:\/\/ayore.org\/?page_id=797"},"modified":"2019-03-08T03:29:49","modified_gmt":"2019-03-08T03:29:49","slug":"oidabiade-ayoreode-jora-nane-jnese-iji-taningai","status":"publish","type":"page","link":"https:\/\/ayore.org\/ayo\/culture\/oral-history\/oidabiade-ayoreode-jora-nane-jnese-iji-taningai\/","title":{"rendered":"Oid\u00e1biad\u00e9 &#8211; Ayor\u00e9ode j\u00f5ra n\u0303ane jnese iji taningai"},"content":{"rendered":"<p><strong>Pedugu\u00e9jna Ejode<\/strong><em>\u00a0<\/em><\/p>\n<p><strong>Ayor\u00e9ode ore edugu\u00e9jna ejode u udojo:<\/strong><\/p>\n<p>Ayor\u00e9ode ore j\u00f5ra \u00f1ane jnese iji taningai. Ore chuj\u00e9 ayor\u00e9 qued\u00e9jnane. Ore edugu\u00e9jna\u00a0ejode u udojo:<\/p>\n<p><strong><u>J\u00f5rai tu:<\/u><\/strong><\/p>\n<p><em>Yacaman\u00e1quide<\/em> \u2013 ore edugu\u00e9jna cuch\u00e1bi \u2013 Picaner\u00e3i \u2013 Tiegose<\/p>\n<p><em>Caj\u00f5d\u00e1quide<\/em> \u2013 \u00c9tac\u00f5re \u2013 Tiegose<\/p>\n<p><em>Guebei<\/em> \u2013 Jnurumite \u2013 Tiegose<\/p>\n<p><em>Jnurumini<\/em> \u2013 Chiqueno \u2013 Tiegose<\/p>\n<p><em>Chug\u00fape\u0303re Ungoin\u00e9<\/em> \u2013 Picanerac \u2013 Ducod\u00e9gose<\/p>\n<p><em>Esoqued\u00e9jnain\u00e9<\/em> \u2013 Posoraj\u00e3 \u2013 Ducodegose<\/p>\n<p><em>Namised\u00e9<\/em> \u2013 Chiqueno &#8211; Ducodegose<\/p>\n<p><em>Beuid\u00e9<\/em> \u2013 Picaneraque \u2013 Tiegose<\/p>\n<p><em>Coj\u00f1oquen\u00e9<\/em> \u2013 Dosapec \u2013 Tiegose<\/p>\n<p><em>Jnumon\u00e9<\/em> \u2013 Chiqueno \u2013 Tiegose<\/p>\n<p><em>Jnoh\u00e1in\u00e9<\/em> \u2013 Chiqueno \u2013 Tiegose<\/p>\n<p><em>Uejai (Dichaca)<\/em> \u2013 Picaneraque \u2013 Tiegose<\/p>\n<p><em>Idaid\u00e9<\/em> \u2013 \u00c9tac\u00f5re \u2013 Ducodegose<\/p>\n<p><strong>Totobiegosode ore<\/strong>:<\/p>\n<p><em>Arangu\u00e9<\/em>, Tiegoto, ga ore chirota ga ore chuj\u00e9 Totobiegosode ga ore cho jmite-jmite ome \u00f1ane. Ore edugu\u00e9jna <em>Jochad\u00e1quide<\/em>. Tagu jonane (cugu\u00e9ode); j\u00e9 ore chuj\u00e9. Chiroque ore aja ga ore chuj\u00e9.<\/p>\n<p><em>Oid\u00e1biad\u00e9 \u2013 Campo Loro, Paraguay \u2013 1988.<\/em><\/p>\n<p><em>Marina de Morarie chur\u00fars\u00e3re Oid\u00e1biad\u00e9 atatagode udojo.<\/em><\/p>\n<div class=\"navigation\"><div class=\"alignleft\"><a href=\"https:\/\/ayore.org\/ayo\/culture\/oral-history\/oidabiade-uringane-cucherade-u\/\"title=\"Oidabiad\u00e9 &#8211; Uringane cucherade u\"><img loading=\"lazy\" decoding=\"async\" src=\"https:\/\/ayore.org\/wp-content\/uploads\/2018\/10\/left-arrow.png\" width=\"50\" height=\"48\" alt=\"left arrow\"><\/a><\/div><div class=\"alignright\"><a href=\"https:\/\/ayore.org\/ayo\/culture\/oral-history\/oidabiade-cucha-bijnangone-guiyasore-tinaine\/\"title=\"Oid\u00e1biad\u00e9 &#8211; Cucha bijn\u00e1ngone guiyang\u00f5re Tinain\u00e9\"><img loading=\"lazy\" decoding=\"async\" src=\"https:\/\/ayore.org\/wp-content\/uploads\/2018\/10\/right-arrow.png\" width=\"50\" height=\"48\" alt=\"right arrow\"><\/a><\/div>\n","protected":false},"excerpt":{"rendered":"<p>Pedugu\u00e9jna Ejode\u00a0 Ayor\u00e9ode ore edugu\u00e9jna ejode u udojo: Ayor\u00e9ode ore j\u00f5ra \u00f1ane jnese iji taningai. Ore chuj\u00e9 ayor\u00e9 qued\u00e9jnane. Ore edugu\u00e9jna\u00a0ejode u udojo: J\u00f5rai tu: Yacaman\u00e1quide \u2013 ore edugu\u00e9jna cuch\u00e1bi \u2013 Picaner\u00e3i \u2013 Tiegose Caj\u00f5d\u00e1quide \u2013 \u00c9tac\u00f5re \u2013 Tiegose Guebei<\/p>\n","protected":false},"author":2,"featured_media":0,"parent":715,"menu_order":0,"comment_status":"closed","ping_status":"closed","template":"","meta":{"footnotes":""},"class_list":["post-797","page","type-page","status-publish","hentry"],"yoast_head":"<!-- This site is optimized with the Yoast SEO plugin v27.4 - https:\/\/yoast.com\/product\/yoast-seo-wordpress\/ -->\n<title>Ayore\u0301 Bajade Ore Gojn\u0303ane: Ayor\u00e9ode J\u00f5ra \u00d1ane Jnese Iji Taningai \u2022 Ayore.org<\/title>\n<meta name=\"robots\" content=\"index, follow, max-snippet:-1, max-image-preview:large, max-video-preview:-1\" \/>\n<link rel=\"canonical\" href=\"https:\/\/ayore.org\/ayo\/culture\/oral-history\/oidabiade-ayoreode-jora-nane-jnese-iji-taningai\/\" \/>\n<meta property=\"og:locale\" content=\"en_US\" \/>\n<meta property=\"og:type\" content=\"article\" \/>\n<meta property=\"og:title\" content=\"Ayore\u0301 Bajade Ore Gojn\u0303ane: Ayor\u00e9ode J\u00f5ra \u00d1ane Jnese Iji Taningai \u2022 Ayore.org\" \/>\n<meta property=\"og:description\" content=\"Pedugu\u00e9jna Ejode\u00a0 Ayor\u00e9ode ore edugu\u00e9jna ejode u udojo: Ayor\u00e9ode ore j\u00f5ra \u00f1ane jnese iji taningai. Ore chuj\u00e9 ayor\u00e9 qued\u00e9jnane. Ore edugu\u00e9jna\u00a0ejode u udojo: J\u00f5rai tu: Yacaman\u00e1quide \u2013 ore edugu\u00e9jna cuch\u00e1bi \u2013 Picaner\u00e3i \u2013 Tiegose Caj\u00f5d\u00e1quide \u2013 \u00c9tac\u00f5re \u2013 Tiegose Guebei\" \/>\n<meta property=\"og:url\" content=\"https:\/\/ayore.org\/ayo\/culture\/oral-history\/oidabiade-ayoreode-jora-nane-jnese-iji-taningai\/\" \/>\n<meta property=\"og:site_name\" content=\"AYOR\u00c9.ORG\" \/>\n<meta property=\"article:modified_time\" content=\"2019-03-08T03:29:49+00:00\" \/>\n<meta name=\"twitter:card\" content=\"summary_large_image\" \/>\n<meta name=\"twitter:label1\" content=\"Est. reading time\" \/>\n\t<meta name=\"twitter:data1\" content=\"1 minute\" \/>\n<script type=\"application\/ld+json\" class=\"yoast-schema-graph\">{\"@context\":\"https:\\\/\\\/schema.org\",\"@graph\":[{\"@type\":\"WebPage\",\"@id\":\"https:\\\/\\\/ayore.org\\\/ayo\\\/culture\\\/oral-history\\\/oidabiade-ayoreode-jora-nane-jnese-iji-taningai\\\/\",\"url\":\"https:\\\/\\\/ayore.org\\\/ayo\\\/culture\\\/oral-history\\\/oidabiade-ayoreode-jora-nane-jnese-iji-taningai\\\/\",\"name\":\"Ayore\u0301 Bajade Ore Gojn\u0303ane: Ayor\u00e9ode J\u00f5ra \u00d1ane Jnese Iji Taningai \u2022 Ayore.org\",\"isPartOf\":{\"@id\":\"https:\\\/\\\/ayore.org\\\/#website\"},\"datePublished\":\"2018-08-29T18:26:36+00:00\",\"dateModified\":\"2019-03-08T03:29:49+00:00\",\"breadcrumb\":{\"@id\":\"https:\\\/\\\/ayore.org\\\/ayo\\\/culture\\\/oral-history\\\/oidabiade-ayoreode-jora-nane-jnese-iji-taningai\\\/#breadcrumb\"},\"inLanguage\":\"ayo\",\"potentialAction\":[{\"@type\":\"ReadAction\",\"target\":[\"https:\\\/\\\/ayore.org\\\/ayo\\\/culture\\\/oral-history\\\/oidabiade-ayoreode-jora-nane-jnese-iji-taningai\\\/\"]}]},{\"@type\":\"BreadcrumbList\",\"@id\":\"https:\\\/\\\/ayore.org\\\/ayo\\\/culture\\\/oral-history\\\/oidabiade-ayoreode-jora-nane-jnese-iji-taningai\\\/#breadcrumb\",\"itemListElement\":[{\"@type\":\"ListItem\",\"position\":1,\"name\":\"Jogate bajai tu ude\u0301\",\"item\":\"https:\\\/\\\/ayore.org\\\/ayo\\\/\"},{\"@type\":\"ListItem\",\"position\":2,\"name\":\"Ayore\u0301ode adode, angurenone cucha ore\",\"item\":\"https:\\\/\\\/ayore.org\\\/ayo\\\/culture\\\/\"},{\"@type\":\"ListItem\",\"position\":3,\"name\":\"Ayore\u0301 Bajade Ore Gojn\u0303ane\",\"item\":\"https:\\\/\\\/ayore.org\\\/ayo\\\/culture\\\/oral-history\\\/\"},{\"@type\":\"ListItem\",\"position\":4,\"name\":\"Oid\u00e1biad\u00e9 &#8211; Ayor\u00e9ode j\u00f5ra n\u0303ane jnese iji taningai\"}]},{\"@type\":\"WebSite\",\"@id\":\"https:\\\/\\\/ayore.org\\\/#website\",\"url\":\"https:\\\/\\\/ayore.org\\\/\",\"name\":\"AYOR\u00c9.ORG\",\"description\":\"Ayore\u0301ode Uruode, Adode, Jnani bajade ati\u0301go ore \",\"potentialAction\":[{\"@type\":\"SearchAction\",\"target\":{\"@type\":\"EntryPoint\",\"urlTemplate\":\"https:\\\/\\\/ayore.org\\\/?s={search_term_string}\"},\"query-input\":{\"@type\":\"PropertyValueSpecification\",\"valueRequired\":true,\"valueName\":\"search_term_string\"}}],\"inLanguage\":\"ayo\"}]}<\/script>\n<!-- \/ Yoast SEO plugin. -->","yoast_head_json":{"title":"Ayore\u0301 Bajade Ore Gojn\u0303ane: Ayor\u00e9ode J\u00f5ra \u00d1ane Jnese Iji Taningai \u2022 Ayore.org","robots":{"index":"index","follow":"follow","max-snippet":"max-snippet:-1","max-image-preview":"max-image-preview:large","max-video-preview":"max-video-preview:-1"},"canonical":"https:\/\/ayore.org\/ayo\/culture\/oral-history\/oidabiade-ayoreode-jora-nane-jnese-iji-taningai\/","og_locale":"en_US","og_type":"article","og_title":"Ayore\u0301 Bajade Ore Gojn\u0303ane: Ayor\u00e9ode J\u00f5ra \u00d1ane Jnese Iji Taningai \u2022 Ayore.org","og_description":"Pedugu\u00e9jna Ejode\u00a0 Ayor\u00e9ode ore edugu\u00e9jna ejode u udojo: Ayor\u00e9ode ore j\u00f5ra \u00f1ane jnese iji taningai. Ore chuj\u00e9 ayor\u00e9 qued\u00e9jnane. Ore edugu\u00e9jna\u00a0ejode u udojo: J\u00f5rai tu: Yacaman\u00e1quide \u2013 ore edugu\u00e9jna cuch\u00e1bi \u2013 Picaner\u00e3i \u2013 Tiegose Caj\u00f5d\u00e1quide \u2013 \u00c9tac\u00f5re \u2013 Tiegose Guebei","og_url":"https:\/\/ayore.org\/ayo\/culture\/oral-history\/oidabiade-ayoreode-jora-nane-jnese-iji-taningai\/","og_site_name":"AYOR\u00c9.ORG","article_modified_time":"2019-03-08T03:29:49+00:00","twitter_card":"summary_large_image","twitter_misc":{"Est. reading time":"1 minute"},"schema":{"@context":"https:\/\/schema.org","@graph":[{"@type":"WebPage","@id":"https:\/\/ayore.org\/ayo\/culture\/oral-history\/oidabiade-ayoreode-jora-nane-jnese-iji-taningai\/","url":"https:\/\/ayore.org\/ayo\/culture\/oral-history\/oidabiade-ayoreode-jora-nane-jnese-iji-taningai\/","name":"Ayore\u0301 Bajade Ore Gojn\u0303ane: Ayor\u00e9ode J\u00f5ra \u00d1ane Jnese Iji Taningai \u2022 Ayore.org","isPartOf":{"@id":"https:\/\/ayore.org\/#website"},"datePublished":"2018-08-29T18:26:36+00:00","dateModified":"2019-03-08T03:29:49+00:00","breadcrumb":{"@id":"https:\/\/ayore.org\/ayo\/culture\/oral-history\/oidabiade-ayoreode-jora-nane-jnese-iji-taningai\/#breadcrumb"},"inLanguage":"ayo","potentialAction":[{"@type":"ReadAction","target":["https:\/\/ayore.org\/ayo\/culture\/oral-history\/oidabiade-ayoreode-jora-nane-jnese-iji-taningai\/"]}]},{"@type":"BreadcrumbList","@id":"https:\/\/ayore.org\/ayo\/culture\/oral-history\/oidabiade-ayoreode-jora-nane-jnese-iji-taningai\/#breadcrumb","itemListElement":[{"@type":"ListItem","position":1,"name":"Jogate bajai tu ude\u0301","item":"https:\/\/ayore.org\/ayo\/"},{"@type":"ListItem","position":2,"name":"Ayore\u0301ode adode, angurenone cucha ore","item":"https:\/\/ayore.org\/ayo\/culture\/"},{"@type":"ListItem","position":3,"name":"Ayore\u0301 Bajade Ore Gojn\u0303ane","item":"https:\/\/ayore.org\/ayo\/culture\/oral-history\/"},{"@type":"ListItem","position":4,"name":"Oid\u00e1biad\u00e9 &#8211; Ayor\u00e9ode j\u00f5ra n\u0303ane jnese iji taningai"}]},{"@type":"WebSite","@id":"https:\/\/ayore.org\/#website","url":"https:\/\/ayore.org\/","name":"AYOR\u00c9.ORG","description":"Ayore\u0301ode Uruode, Adode, Jnani bajade ati\u0301go ore ","potentialAction":[{"@type":"SearchAction","target":{"@type":"EntryPoint","urlTemplate":"https:\/\/ayore.org\/?s={search_term_string}"},"query-input":{"@type":"PropertyValueSpecification","valueRequired":true,"valueName":"search_term_string"}}],"inLanguage":"ayo"}]}},"_links":{"self":[{"href":"https:\/\/ayore.org\/ayo\/wp-json\/wp\/v2\/pages\/797","targetHints":{"allow":["GET"]}}],"collection":[{"href":"https:\/\/ayore.org\/ayo\/wp-json\/wp\/v2\/pages"}],"about":[{"href":"https:\/\/ayore.org\/ayo\/wp-json\/wp\/v2\/types\/page"}],"author":[{"embeddable":true,"href":"https:\/\/ayore.org\/ayo\/wp-json\/wp\/v2\/users\/2"}],"replies":[{"embeddable":true,"href":"https:\/\/ayore.org\/ayo\/wp-json\/wp\/v2\/comments?post=797"}],"version-history":[{"count":4,"href":"https:\/\/ayore.org\/ayo\/wp-json\/wp\/v2\/pages\/797\/revisions"}],"predecessor-version":[{"id":3396,"href":"https:\/\/ayore.org\/ayo\/wp-json\/wp\/v2\/pages\/797\/revisions\/3396"}],"up":[{"embeddable":true,"href":"https:\/\/ayore.org\/ayo\/wp-json\/wp\/v2\/pages\/715"}],"wp:attachment":[{"href":"https:\/\/ayore.org\/ayo\/wp-json\/wp\/v2\/media?parent=797"}],"curies":[{"name":"wp","href":"https:\/\/api.w.org\/{rel}","templated":true}]}}