{"id":786,"date":"2018-08-29T18:05:34","date_gmt":"2018-08-29T18:05:34","guid":{"rendered":"https:\/\/ayore.org\/?page_id=786"},"modified":"2019-03-07T20:38:49","modified_gmt":"2019-03-07T20:38:49","slug":"oidabiade-chi-sujmajningai-jnue-gayode","status":"publish","type":"page","link":"https:\/\/ayore.org\/ayo\/culture\/oral-history\/oidabiade-chi-sujmajningai-jnue-gayode\/","title":{"rendered":"Oid\u00e1biad\u00e9 &#8211; Chi sum\u00e1jningai jnu\u00e9 g\u00e1yode"},"content":{"rendered":"<p><em><strong>Chuque Pade ore I\u00f1o\u00f1ai<\/strong><\/em><\/p>\n<p><strong><em>Yatata ayor\u00e9 jnani bajade ore isocade uje ore chuj\u00e9 Pade ore i\u00f1o\u00f1ai nanique:<\/em><\/strong><\/p>\n<p>Chi ayor\u00e9 jnani bajade nanique ga chi ore chuj\u00e9 *Pade ore i\u00f1o\u00f1ai.<\/p>\n<p>Chi sum\u00e1jningai jnu\u00e9\u00a0 g\u00e1yode uje ore chejna daj\u00e9ode aja guesi iji gai.<\/p>\n<p>Chi Picanerane chi ca chijnime ore \u00e3r\u00edrique. Posing\u00f3rone u Picanerane ore iji er\u00e1mi uje ore chosina dojode ayor\u00e9o aja er\u00e1mi.<\/p>\n<p>Ga j\u00e9 u uje cucher\u00e3que u\u00f1ane sum\u00e1jningai su\u00e9 ore. Ga ore chejna daj\u00e9ode aja guesi iji <em>Pade<\/em> ore i\u00f1o\u00f1ai gai. J\u00e9 u uje sum\u00e1jningai su\u00e9 ore gai; ore chejna daj\u00e9ode aja guesi, ga <em>\u00a1ore cho je\u0301rere!<\/em><\/p>\n<p>J\u00e9 basa que ore chijnime Picanerane ore \u00e3r\u00edrique.<\/p>\n<p>Chi cucherane sum\u00e1jningai su\u00e9 ore gai ga ore chejna daj\u00e9ode aja guesi iji darurui gai.<\/p>\n<p>Sum\u00e1jningai su\u00e9 ore gai gu.<\/p>\n<p>Que Picanerane que ore chejna daj\u00e9nique aja guetique iji darurui gai.<\/p>\n<p>Ore su\u00e9 sum\u00e1jningai gai gu.<\/p>\n<p>*Pade \u2013 plural de <em>pai, ga ayore\u0301ode uruode ome\u00a0<\/em>padre, sacerdote<\/p>\n<p><em>\u00a0<\/em><\/p>\n<p><em>Oid\u00e1biad\u00e9 \u2013 Campo Loro, Paraguay \u2013 1988.<\/em><\/p>\n<p><em>Marina de Morarie chur\u00fas\u00e3re Oid\u00e1biad\u00e9 atatagode udojo nanique.<\/em><\/p>\n<div class=\"navigation\"><div class=\"alignleft\"><a href=\"https:\/\/ayore.org\/ayo\/culture\/oral-history\/oidabiade-cabayui-adode-jno-ayore-udi\/\"title=\"Oid\u00e1biad\u00e9 &#8211; Cabayui jno Ayorei u\u0301di\"><img loading=\"lazy\" decoding=\"async\" src=\"https:\/\/ayore.org\/wp-content\/uploads\/2018\/10\/left-arrow.png\" width=\"50\" height=\"48\" alt=\"left arrow\"><\/a><\/div><div class=\"alignright\"><a href=\"https:\/\/ayore.org\/ayo\/culture\/oral-history\/oidabiade-jocarataquechoquiode\/\"title=\"Oid\u00e1biad\u00e9 &#8211; Joc\u00e3rataque choqu\u00edode\"><img loading=\"lazy\" decoding=\"async\" src=\"https:\/\/ayore.org\/wp-content\/uploads\/2018\/10\/right-arrow.png\" width=\"50\" height=\"48\" alt=\"right arrow\"><\/a><\/div>\n","protected":false},"excerpt":{"rendered":"<p>Chuque Pade ore I\u00f1o\u00f1ai Yatata ayor\u00e9 jnani bajade ore isocade uje ore chuj\u00e9 Pade ore i\u00f1o\u00f1ai nanique: Chi ayor\u00e9 jnani bajade nanique ga chi ore chuj\u00e9 *Pade ore i\u00f1o\u00f1ai. Chi sum\u00e1jningai jnu\u00e9\u00a0 g\u00e1yode uje ore chejna daj\u00e9ode aja guesi iji<\/p>\n","protected":false},"author":2,"featured_media":0,"parent":715,"menu_order":0,"comment_status":"closed","ping_status":"closed","template":"","meta":{"footnotes":""},"class_list":["post-786","page","type-page","status-publish","hentry"],"yoast_head":"<!-- This site is optimized with the Yoast SEO plugin v27.4 - https:\/\/yoast.com\/product\/yoast-seo-wordpress\/ -->\n<title>Ayore\u0301 Bajade Ore Gojn\u0303ane: Chi Sujm\u00e1jningai Jnu\u00e9 G\u00e1yode \u2022 Ayore.org<\/title>\n<meta name=\"robots\" content=\"index, follow, max-snippet:-1, max-image-preview:large, max-video-preview:-1\" \/>\n<link rel=\"canonical\" href=\"https:\/\/ayore.org\/ayo\/culture\/oral-history\/oidabiade-chi-sujmajningai-jnue-gayode\/\" \/>\n<meta property=\"og:locale\" content=\"en_US\" \/>\n<meta property=\"og:type\" content=\"article\" \/>\n<meta property=\"og:title\" content=\"Ayore\u0301 Bajade Ore Gojn\u0303ane: Chi Sujm\u00e1jningai Jnu\u00e9 G\u00e1yode \u2022 Ayore.org\" \/>\n<meta property=\"og:description\" content=\"Chuque Pade ore I\u00f1o\u00f1ai Yatata ayor\u00e9 jnani bajade ore isocade uje ore chuj\u00e9 Pade ore i\u00f1o\u00f1ai nanique: Chi ayor\u00e9 jnani bajade nanique ga chi ore chuj\u00e9 *Pade ore i\u00f1o\u00f1ai. Chi sum\u00e1jningai jnu\u00e9\u00a0 g\u00e1yode uje ore chejna daj\u00e9ode aja guesi iji\" \/>\n<meta property=\"og:url\" content=\"https:\/\/ayore.org\/ayo\/culture\/oral-history\/oidabiade-chi-sujmajningai-jnue-gayode\/\" \/>\n<meta property=\"og:site_name\" content=\"AYOR\u00c9.ORG\" \/>\n<meta property=\"article:modified_time\" content=\"2019-03-07T20:38:49+00:00\" \/>\n<meta name=\"twitter:card\" content=\"summary_large_image\" \/>\n<meta name=\"twitter:label1\" content=\"Est. reading time\" \/>\n\t<meta name=\"twitter:data1\" content=\"1 minute\" \/>\n<script type=\"application\/ld+json\" class=\"yoast-schema-graph\">{\"@context\":\"https:\\\/\\\/schema.org\",\"@graph\":[{\"@type\":\"WebPage\",\"@id\":\"https:\\\/\\\/ayore.org\\\/ayo\\\/culture\\\/oral-history\\\/oidabiade-chi-sujmajningai-jnue-gayode\\\/\",\"url\":\"https:\\\/\\\/ayore.org\\\/ayo\\\/culture\\\/oral-history\\\/oidabiade-chi-sujmajningai-jnue-gayode\\\/\",\"name\":\"Ayore\u0301 Bajade Ore Gojn\u0303ane: Chi Sujm\u00e1jningai Jnu\u00e9 G\u00e1yode \u2022 Ayore.org\",\"isPartOf\":{\"@id\":\"https:\\\/\\\/ayore.org\\\/#website\"},\"datePublished\":\"2018-08-29T18:05:34+00:00\",\"dateModified\":\"2019-03-07T20:38:49+00:00\",\"breadcrumb\":{\"@id\":\"https:\\\/\\\/ayore.org\\\/ayo\\\/culture\\\/oral-history\\\/oidabiade-chi-sujmajningai-jnue-gayode\\\/#breadcrumb\"},\"inLanguage\":\"ayo\",\"potentialAction\":[{\"@type\":\"ReadAction\",\"target\":[\"https:\\\/\\\/ayore.org\\\/ayo\\\/culture\\\/oral-history\\\/oidabiade-chi-sujmajningai-jnue-gayode\\\/\"]}]},{\"@type\":\"BreadcrumbList\",\"@id\":\"https:\\\/\\\/ayore.org\\\/ayo\\\/culture\\\/oral-history\\\/oidabiade-chi-sujmajningai-jnue-gayode\\\/#breadcrumb\",\"itemListElement\":[{\"@type\":\"ListItem\",\"position\":1,\"name\":\"Jogate bajai tu ude\u0301\",\"item\":\"https:\\\/\\\/ayore.org\\\/ayo\\\/\"},{\"@type\":\"ListItem\",\"position\":2,\"name\":\"Ayore\u0301ode adode, angurenone cucha ore\",\"item\":\"https:\\\/\\\/ayore.org\\\/ayo\\\/culture\\\/\"},{\"@type\":\"ListItem\",\"position\":3,\"name\":\"Ayore\u0301 Bajade Ore Gojn\u0303ane\",\"item\":\"https:\\\/\\\/ayore.org\\\/ayo\\\/culture\\\/oral-history\\\/\"},{\"@type\":\"ListItem\",\"position\":4,\"name\":\"Oid\u00e1biad\u00e9 &#8211; Chi sum\u00e1jningai jnu\u00e9 g\u00e1yode\"}]},{\"@type\":\"WebSite\",\"@id\":\"https:\\\/\\\/ayore.org\\\/#website\",\"url\":\"https:\\\/\\\/ayore.org\\\/\",\"name\":\"AYOR\u00c9.ORG\",\"description\":\"Ayore\u0301ode Uruode, Adode, Jnani bajade ati\u0301go ore \",\"potentialAction\":[{\"@type\":\"SearchAction\",\"target\":{\"@type\":\"EntryPoint\",\"urlTemplate\":\"https:\\\/\\\/ayore.org\\\/?s={search_term_string}\"},\"query-input\":{\"@type\":\"PropertyValueSpecification\",\"valueRequired\":true,\"valueName\":\"search_term_string\"}}],\"inLanguage\":\"ayo\"}]}<\/script>\n<!-- \/ Yoast SEO plugin. -->","yoast_head_json":{"title":"Ayore\u0301 Bajade Ore Gojn\u0303ane: Chi Sujm\u00e1jningai Jnu\u00e9 G\u00e1yode \u2022 Ayore.org","robots":{"index":"index","follow":"follow","max-snippet":"max-snippet:-1","max-image-preview":"max-image-preview:large","max-video-preview":"max-video-preview:-1"},"canonical":"https:\/\/ayore.org\/ayo\/culture\/oral-history\/oidabiade-chi-sujmajningai-jnue-gayode\/","og_locale":"en_US","og_type":"article","og_title":"Ayore\u0301 Bajade Ore Gojn\u0303ane: Chi Sujm\u00e1jningai Jnu\u00e9 G\u00e1yode \u2022 Ayore.org","og_description":"Chuque Pade ore I\u00f1o\u00f1ai Yatata ayor\u00e9 jnani bajade ore isocade uje ore chuj\u00e9 Pade ore i\u00f1o\u00f1ai nanique: Chi ayor\u00e9 jnani bajade nanique ga chi ore chuj\u00e9 *Pade ore i\u00f1o\u00f1ai. Chi sum\u00e1jningai jnu\u00e9\u00a0 g\u00e1yode uje ore chejna daj\u00e9ode aja guesi iji","og_url":"https:\/\/ayore.org\/ayo\/culture\/oral-history\/oidabiade-chi-sujmajningai-jnue-gayode\/","og_site_name":"AYOR\u00c9.ORG","article_modified_time":"2019-03-07T20:38:49+00:00","twitter_card":"summary_large_image","twitter_misc":{"Est. reading time":"1 minute"},"schema":{"@context":"https:\/\/schema.org","@graph":[{"@type":"WebPage","@id":"https:\/\/ayore.org\/ayo\/culture\/oral-history\/oidabiade-chi-sujmajningai-jnue-gayode\/","url":"https:\/\/ayore.org\/ayo\/culture\/oral-history\/oidabiade-chi-sujmajningai-jnue-gayode\/","name":"Ayore\u0301 Bajade Ore Gojn\u0303ane: Chi Sujm\u00e1jningai Jnu\u00e9 G\u00e1yode \u2022 Ayore.org","isPartOf":{"@id":"https:\/\/ayore.org\/#website"},"datePublished":"2018-08-29T18:05:34+00:00","dateModified":"2019-03-07T20:38:49+00:00","breadcrumb":{"@id":"https:\/\/ayore.org\/ayo\/culture\/oral-history\/oidabiade-chi-sujmajningai-jnue-gayode\/#breadcrumb"},"inLanguage":"ayo","potentialAction":[{"@type":"ReadAction","target":["https:\/\/ayore.org\/ayo\/culture\/oral-history\/oidabiade-chi-sujmajningai-jnue-gayode\/"]}]},{"@type":"BreadcrumbList","@id":"https:\/\/ayore.org\/ayo\/culture\/oral-history\/oidabiade-chi-sujmajningai-jnue-gayode\/#breadcrumb","itemListElement":[{"@type":"ListItem","position":1,"name":"Jogate bajai tu ude\u0301","item":"https:\/\/ayore.org\/ayo\/"},{"@type":"ListItem","position":2,"name":"Ayore\u0301ode adode, angurenone cucha ore","item":"https:\/\/ayore.org\/ayo\/culture\/"},{"@type":"ListItem","position":3,"name":"Ayore\u0301 Bajade Ore Gojn\u0303ane","item":"https:\/\/ayore.org\/ayo\/culture\/oral-history\/"},{"@type":"ListItem","position":4,"name":"Oid\u00e1biad\u00e9 &#8211; Chi sum\u00e1jningai jnu\u00e9 g\u00e1yode"}]},{"@type":"WebSite","@id":"https:\/\/ayore.org\/#website","url":"https:\/\/ayore.org\/","name":"AYOR\u00c9.ORG","description":"Ayore\u0301ode Uruode, Adode, Jnani bajade ati\u0301go ore ","potentialAction":[{"@type":"SearchAction","target":{"@type":"EntryPoint","urlTemplate":"https:\/\/ayore.org\/?s={search_term_string}"},"query-input":{"@type":"PropertyValueSpecification","valueRequired":true,"valueName":"search_term_string"}}],"inLanguage":"ayo"}]}},"_links":{"self":[{"href":"https:\/\/ayore.org\/ayo\/wp-json\/wp\/v2\/pages\/786","targetHints":{"allow":["GET"]}}],"collection":[{"href":"https:\/\/ayore.org\/ayo\/wp-json\/wp\/v2\/pages"}],"about":[{"href":"https:\/\/ayore.org\/ayo\/wp-json\/wp\/v2\/types\/page"}],"author":[{"embeddable":true,"href":"https:\/\/ayore.org\/ayo\/wp-json\/wp\/v2\/users\/2"}],"replies":[{"embeddable":true,"href":"https:\/\/ayore.org\/ayo\/wp-json\/wp\/v2\/comments?post=786"}],"version-history":[{"count":3,"href":"https:\/\/ayore.org\/ayo\/wp-json\/wp\/v2\/pages\/786\/revisions"}],"predecessor-version":[{"id":3365,"href":"https:\/\/ayore.org\/ayo\/wp-json\/wp\/v2\/pages\/786\/revisions\/3365"}],"up":[{"embeddable":true,"href":"https:\/\/ayore.org\/ayo\/wp-json\/wp\/v2\/pages\/715"}],"wp:attachment":[{"href":"https:\/\/ayore.org\/ayo\/wp-json\/wp\/v2\/media?parent=786"}],"curies":[{"name":"wp","href":"https:\/\/api.w.org\/{rel}","templated":true}]}}