{"id":780,"date":"2018-08-29T17:47:22","date_gmt":"2018-08-29T17:47:22","guid":{"rendered":"https:\/\/ayore.org\/?page_id=780"},"modified":"2019-03-07T18:34:17","modified_gmt":"2019-03-07T18:34:17","slug":"borade-ore-chigaru-aruratadie-picanerai-gai","status":"publish","type":"page","link":"https:\/\/ayore.org\/ayo\/culture\/oral-history\/borade-ore-chigaru-aruratadie-picanerai-gai\/","title":{"rendered":"Oida\u0301biade\u0301 &#8211; Ore Chigaru Arura\u0303\u0301tadie Picanerai Gai"},"content":{"rendered":"<p><em>Borade &#8211; As\u00f5renie Ore<\/em><em>\u00a0 \u00a0 \u00a0 \u00a0 \u00a0<\/em><\/p>\n<p><strong><em>Borade udire, chi jnani bajade p\u00e9su jnatudie ga i tu boradie ome jnani bajade:<\/em><\/strong><\/p>\n<p>Ga chi ore jnome dajocaningai, jnani baj\u00e1tigo, ga ore chigaru arura\u0303\u0301tadie Picanerai gai. Ga ore chim\u00e1naja, ga ore chigaru aja Chiquenoi gai, ga arura\u0303\u0301tadie de\u0301ji Chiquenoi gai. Ga ore doi Dosap\u00e9 ga ore chigaru arura\u0303\u0301tadie Dosap\u00e9 gai. Ga ore doi \u00c9tac\u00f5ri gai ga gusu ore \u2013 gag\u00e1jni asutedie ome dajocaningai gai uje ore chim\u00e1naja arura\u0303\u0301tadie ore gai.<\/p>\n<p><strong><em>Ore chimate ore ga cheting\u00e3re as\u00f5renie:<\/em><\/strong><\/p>\n<p>Ore chimate ore ga cheting\u00e3re as\u00f5renie uje bajai u Picanerai, ga ore chisi ome Chiquenoi ga cheting\u00e3re as\u00f5renie Chiquenoi gai. Dosapei u uje chetingare das\u00f5renie, ga chetingare \u00c9tac\u00f5ri gai.<\/p>\n<p><strong><em>Borade, as\u00f5renie p\u00e9su ore \u00faringai dacasut\u00e9 nanique, \u00faringai pirosob\u00e1dedie.<\/em><\/strong><\/p>\n<p>Que picasite Picanerane, j\u00e9 aja Chiquenone, Dosap\u00e9ode, j\u00e9 aja \u00c9tacorone.<\/p>\n<p>Coj\u00f1one, ore chejna. Ore su\u00e9 diri gai, que ayor\u00e9ode chuj\u00f1ieta ore uje dequejnangore ore gu.<\/p>\n<p><strong><em>Namac\u00e1dedie <\/em><\/strong><\/p>\n<p>Darujna \u2013 ga ore chur\u00fas\u00e3re gai; ore chicha cucha pibosode iji \u00fadi.<\/p>\n<p>Cutamuraja ed\u00f3pasa namacade.<\/p>\n<p>Ore chutai ore ome coj\u00f1one jeta ore chuj\u00e9.<\/p>\n<p>Ore ch\u00e3raque ejode ome disiode. Gusu jnanione iji \u00fadi. (Umaripise namac\u00e1dedie.)<\/p>\n<p><em>Oid\u00e1biad\u00e9 \u2013 Campo Loro, Paraguay \u2013 1988.<\/em><\/p>\n<p><em>Marina de Morarie chur\u00fas\u00e3re Oid\u00e1biad\u00e9 atatagode udojo nanique.<\/em><\/p>\n<div class=\"navigation\"><div class=\"alignleft\"><a href=\"https:\/\/ayore.org\/ayo\/culture\/oral-history\/oidabiade-ayoreode-uaguedie-iode\/\"title=\"Oid\u00e1biad\u00e9 &#8211; Ayor\u00e9ode u\u00e1guedie i\u0301ode\"><img loading=\"lazy\" decoding=\"async\" src=\"https:\/\/ayore.org\/wp-content\/uploads\/2018\/10\/left-arrow.png\" width=\"50\" height=\"48\" alt=\"left arrow\"><\/a><\/div><div class=\"alignright\"><a href=\"https:\/\/ayore.org\/ayo\/culture\/oral-history\/oidabiade-cabayui-adode-jno-ayore-udi\/\"title=\"Oid\u00e1biad\u00e9 &#8211; Cabayui jno Ayorei u\u0301di\"><img loading=\"lazy\" decoding=\"async\" src=\"https:\/\/ayore.org\/wp-content\/uploads\/2018\/10\/right-arrow.png\" width=\"50\" height=\"48\" alt=\"right arrow\"><\/a><\/div>\n","protected":false},"excerpt":{"rendered":"<p>Borade &#8211; As\u00f5renie Ore\u00a0 \u00a0 \u00a0 \u00a0 \u00a0 Borade udire, chi jnani bajade p\u00e9su jnatudie ga i tu boradie ome jnani bajade: Ga chi ore jnome dajocaningai, jnani baj\u00e1tigo, ga ore chigaru arura\u0303\u0301tadie Picanerai gai. Ga ore chim\u00e1naja, ga ore<\/p>\n","protected":false},"author":2,"featured_media":0,"parent":715,"menu_order":0,"comment_status":"closed","ping_status":"closed","template":"","meta":{"footnotes":""},"class_list":["post-780","page","type-page","status-publish","hentry"],"yoast_head":"<!-- This site is optimized with the Yoast SEO plugin v27.4 - https:\/\/yoast.com\/product\/yoast-seo-wordpress\/ -->\n<title>Ayore\u0301 Bajade Ore Gojn\u0303ane: Ore Chigaru Arur\u00e3tadie Picanerai Gai \u2022 Ayore.org<\/title>\n<meta name=\"robots\" content=\"index, follow, max-snippet:-1, max-image-preview:large, max-video-preview:-1\" \/>\n<link rel=\"canonical\" href=\"https:\/\/ayore.org\/ayo\/culture\/oral-history\/borade-ore-chigaru-aruratadie-picanerai-gai\/\" \/>\n<meta property=\"og:locale\" content=\"en_US\" \/>\n<meta property=\"og:type\" content=\"article\" \/>\n<meta property=\"og:title\" content=\"Ayore\u0301 Bajade Ore Gojn\u0303ane: Ore Chigaru Arur\u00e3tadie Picanerai Gai \u2022 Ayore.org\" \/>\n<meta property=\"og:description\" content=\"Borade &#8211; As\u00f5renie Ore\u00a0 \u00a0 \u00a0 \u00a0 \u00a0 Borade udire, chi jnani bajade p\u00e9su jnatudie ga i tu boradie ome jnani bajade: Ga chi ore jnome dajocaningai, jnani baj\u00e1tigo, ga ore chigaru arura\u0303\u0301tadie Picanerai gai. Ga ore chim\u00e1naja, ga ore\" \/>\n<meta property=\"og:url\" content=\"https:\/\/ayore.org\/ayo\/culture\/oral-history\/borade-ore-chigaru-aruratadie-picanerai-gai\/\" \/>\n<meta property=\"og:site_name\" content=\"AYOR\u00c9.ORG\" \/>\n<meta property=\"article:modified_time\" content=\"2019-03-07T18:34:17+00:00\" \/>\n<meta name=\"twitter:card\" content=\"summary_large_image\" \/>\n<meta name=\"twitter:label1\" content=\"Est. reading time\" \/>\n\t<meta name=\"twitter:data1\" content=\"1 minute\" \/>\n<script type=\"application\/ld+json\" class=\"yoast-schema-graph\">{\"@context\":\"https:\\\/\\\/schema.org\",\"@graph\":[{\"@type\":\"WebPage\",\"@id\":\"https:\\\/\\\/ayore.org\\\/ayo\\\/culture\\\/oral-history\\\/borade-ore-chigaru-aruratadie-picanerai-gai\\\/\",\"url\":\"https:\\\/\\\/ayore.org\\\/ayo\\\/culture\\\/oral-history\\\/borade-ore-chigaru-aruratadie-picanerai-gai\\\/\",\"name\":\"Ayore\u0301 Bajade Ore Gojn\u0303ane: Ore Chigaru Arur\u00e3tadie Picanerai Gai \u2022 Ayore.org\",\"isPartOf\":{\"@id\":\"https:\\\/\\\/ayore.org\\\/#website\"},\"datePublished\":\"2018-08-29T17:47:22+00:00\",\"dateModified\":\"2019-03-07T18:34:17+00:00\",\"breadcrumb\":{\"@id\":\"https:\\\/\\\/ayore.org\\\/ayo\\\/culture\\\/oral-history\\\/borade-ore-chigaru-aruratadie-picanerai-gai\\\/#breadcrumb\"},\"inLanguage\":\"ayo\",\"potentialAction\":[{\"@type\":\"ReadAction\",\"target\":[\"https:\\\/\\\/ayore.org\\\/ayo\\\/culture\\\/oral-history\\\/borade-ore-chigaru-aruratadie-picanerai-gai\\\/\"]}]},{\"@type\":\"BreadcrumbList\",\"@id\":\"https:\\\/\\\/ayore.org\\\/ayo\\\/culture\\\/oral-history\\\/borade-ore-chigaru-aruratadie-picanerai-gai\\\/#breadcrumb\",\"itemListElement\":[{\"@type\":\"ListItem\",\"position\":1,\"name\":\"Jogate bajai tu ude\u0301\",\"item\":\"https:\\\/\\\/ayore.org\\\/ayo\\\/\"},{\"@type\":\"ListItem\",\"position\":2,\"name\":\"Ayore\u0301ode adode, angurenone cucha ore\",\"item\":\"https:\\\/\\\/ayore.org\\\/ayo\\\/culture\\\/\"},{\"@type\":\"ListItem\",\"position\":3,\"name\":\"Ayore\u0301 Bajade Ore Gojn\u0303ane\",\"item\":\"https:\\\/\\\/ayore.org\\\/ayo\\\/culture\\\/oral-history\\\/\"},{\"@type\":\"ListItem\",\"position\":4,\"name\":\"Oida\u0301biade\u0301 &#8211; Ore Chigaru Arura\u0303\u0301tadie Picanerai Gai\"}]},{\"@type\":\"WebSite\",\"@id\":\"https:\\\/\\\/ayore.org\\\/#website\",\"url\":\"https:\\\/\\\/ayore.org\\\/\",\"name\":\"AYOR\u00c9.ORG\",\"description\":\"Ayore\u0301ode Uruode, Adode, Jnani bajade ati\u0301go ore \",\"potentialAction\":[{\"@type\":\"SearchAction\",\"target\":{\"@type\":\"EntryPoint\",\"urlTemplate\":\"https:\\\/\\\/ayore.org\\\/?s={search_term_string}\"},\"query-input\":{\"@type\":\"PropertyValueSpecification\",\"valueRequired\":true,\"valueName\":\"search_term_string\"}}],\"inLanguage\":\"ayo\"}]}<\/script>\n<!-- \/ Yoast SEO plugin. -->","yoast_head_json":{"title":"Ayore\u0301 Bajade Ore Gojn\u0303ane: Ore Chigaru Arur\u00e3tadie Picanerai Gai \u2022 Ayore.org","robots":{"index":"index","follow":"follow","max-snippet":"max-snippet:-1","max-image-preview":"max-image-preview:large","max-video-preview":"max-video-preview:-1"},"canonical":"https:\/\/ayore.org\/ayo\/culture\/oral-history\/borade-ore-chigaru-aruratadie-picanerai-gai\/","og_locale":"en_US","og_type":"article","og_title":"Ayore\u0301 Bajade Ore Gojn\u0303ane: Ore Chigaru Arur\u00e3tadie Picanerai Gai \u2022 Ayore.org","og_description":"Borade &#8211; As\u00f5renie Ore\u00a0 \u00a0 \u00a0 \u00a0 \u00a0 Borade udire, chi jnani bajade p\u00e9su jnatudie ga i tu boradie ome jnani bajade: Ga chi ore jnome dajocaningai, jnani baj\u00e1tigo, ga ore chigaru arura\u0303\u0301tadie Picanerai gai. Ga ore chim\u00e1naja, ga ore","og_url":"https:\/\/ayore.org\/ayo\/culture\/oral-history\/borade-ore-chigaru-aruratadie-picanerai-gai\/","og_site_name":"AYOR\u00c9.ORG","article_modified_time":"2019-03-07T18:34:17+00:00","twitter_card":"summary_large_image","twitter_misc":{"Est. reading time":"1 minute"},"schema":{"@context":"https:\/\/schema.org","@graph":[{"@type":"WebPage","@id":"https:\/\/ayore.org\/ayo\/culture\/oral-history\/borade-ore-chigaru-aruratadie-picanerai-gai\/","url":"https:\/\/ayore.org\/ayo\/culture\/oral-history\/borade-ore-chigaru-aruratadie-picanerai-gai\/","name":"Ayore\u0301 Bajade Ore Gojn\u0303ane: Ore Chigaru Arur\u00e3tadie Picanerai Gai \u2022 Ayore.org","isPartOf":{"@id":"https:\/\/ayore.org\/#website"},"datePublished":"2018-08-29T17:47:22+00:00","dateModified":"2019-03-07T18:34:17+00:00","breadcrumb":{"@id":"https:\/\/ayore.org\/ayo\/culture\/oral-history\/borade-ore-chigaru-aruratadie-picanerai-gai\/#breadcrumb"},"inLanguage":"ayo","potentialAction":[{"@type":"ReadAction","target":["https:\/\/ayore.org\/ayo\/culture\/oral-history\/borade-ore-chigaru-aruratadie-picanerai-gai\/"]}]},{"@type":"BreadcrumbList","@id":"https:\/\/ayore.org\/ayo\/culture\/oral-history\/borade-ore-chigaru-aruratadie-picanerai-gai\/#breadcrumb","itemListElement":[{"@type":"ListItem","position":1,"name":"Jogate bajai tu ude\u0301","item":"https:\/\/ayore.org\/ayo\/"},{"@type":"ListItem","position":2,"name":"Ayore\u0301ode adode, angurenone cucha ore","item":"https:\/\/ayore.org\/ayo\/culture\/"},{"@type":"ListItem","position":3,"name":"Ayore\u0301 Bajade Ore Gojn\u0303ane","item":"https:\/\/ayore.org\/ayo\/culture\/oral-history\/"},{"@type":"ListItem","position":4,"name":"Oida\u0301biade\u0301 &#8211; Ore Chigaru Arura\u0303\u0301tadie Picanerai Gai"}]},{"@type":"WebSite","@id":"https:\/\/ayore.org\/#website","url":"https:\/\/ayore.org\/","name":"AYOR\u00c9.ORG","description":"Ayore\u0301ode Uruode, Adode, Jnani bajade ati\u0301go ore ","potentialAction":[{"@type":"SearchAction","target":{"@type":"EntryPoint","urlTemplate":"https:\/\/ayore.org\/?s={search_term_string}"},"query-input":{"@type":"PropertyValueSpecification","valueRequired":true,"valueName":"search_term_string"}}],"inLanguage":"ayo"}]}},"_links":{"self":[{"href":"https:\/\/ayore.org\/ayo\/wp-json\/wp\/v2\/pages\/780","targetHints":{"allow":["GET"]}}],"collection":[{"href":"https:\/\/ayore.org\/ayo\/wp-json\/wp\/v2\/pages"}],"about":[{"href":"https:\/\/ayore.org\/ayo\/wp-json\/wp\/v2\/types\/page"}],"author":[{"embeddable":true,"href":"https:\/\/ayore.org\/ayo\/wp-json\/wp\/v2\/users\/2"}],"replies":[{"embeddable":true,"href":"https:\/\/ayore.org\/ayo\/wp-json\/wp\/v2\/comments?post=780"}],"version-history":[{"count":3,"href":"https:\/\/ayore.org\/ayo\/wp-json\/wp\/v2\/pages\/780\/revisions"}],"predecessor-version":[{"id":3351,"href":"https:\/\/ayore.org\/ayo\/wp-json\/wp\/v2\/pages\/780\/revisions\/3351"}],"up":[{"embeddable":true,"href":"https:\/\/ayore.org\/ayo\/wp-json\/wp\/v2\/pages\/715"}],"wp:attachment":[{"href":"https:\/\/ayore.org\/ayo\/wp-json\/wp\/v2\/media?parent=780"}],"curies":[{"name":"wp","href":"https:\/\/api.w.org\/{rel}","templated":true}]}}