{"id":775,"date":"2018-08-29T17:38:07","date_gmt":"2018-08-29T17:38:07","guid":{"rendered":"https:\/\/ayore.org\/?page_id=775"},"modified":"2019-03-06T23:16:58","modified_gmt":"2019-03-06T23:16:58","slug":"oidabiade-ayoreode-uaguedie-iode","status":"publish","type":"page","link":"https:\/\/ayore.org\/ayo\/culture\/oral-history\/oidabiade-ayoreode-uaguedie-iode\/","title":{"rendered":"Oid\u00e1biad\u00e9 &#8211; Ayor\u00e9ode u\u00e1guedie i\u0301ode"},"content":{"rendered":"<p><strong>Ayor\u00e9ode u\u00e1guedie i\u0301ode u udojo uje ore uniri u Paraguay:<\/strong><\/p>\n<p><strong>Ducod\u00e9gosode <\/strong>\u2013 ore uniri tu\u00a0<em>Ducode<\/em>, ga jiei ore nanique.<\/p>\n<p>Ore asutedie u: Idaid\u00e9 Etac\u00f5re, Asid\u00e1quide ore.<\/p>\n<p><strong>Totob\u00edegosode<\/strong> \u2013 ore uniri tu <em>C<\/em><em>ucarani Cerro Leon<\/em>. Gar\u00f3si ore nanique.<\/p>\n<p>Ore asutedie u: Jochad\u00e1quide, Pajnid\u00e1quide Chiqueno.<em>\u00a0<\/em><\/p>\n<p><strong>Ti\u00e9gosode<\/strong> \u2013 ore uniri tu <em>T<\/em><em>i\u00e9<\/em>, ga jiei ore nanique.<\/p>\n<p>Ore asutedie u: Beuid\u00e9, Noain\u00e9 ore.<em>\u00a0<\/em><\/p>\n<p><strong>Guidaigosode <\/strong>\u2013 ore uniri tu <em>I<\/em><em>d\u00e1yabi<\/em>, ga jiei ore to.<\/p>\n<p>Ore asutedie u: Uruode (Deg\u00fayade yuc), Cuterid\u00e1quide, Eoded\u00e1quide, Jnumone ore.<em>\u00a0<\/em><\/p>\n<p><strong>Cut\u00e9repaj\u00f3gosode<\/strong>\u2013 ore uniri tu <em>G<\/em><em>uer\u00e1cadie<\/em>, ga jiei ore to.<\/p>\n<p>Ore asut\u00e9 u: Unin\u00e9.<\/p>\n<p>Ore i un\u0303ai u: <strong>Cut\u00e9repaog\u00f3ronegos\u00f3de<\/strong><\/p>\n<p><strong>Chabot\u00f3diegos\u00f3de<\/strong> \u2013 Ore uniri tu D<em>eyaidatedie<\/em>, <em>Puredai ore<\/em>.<\/p>\n<p>Ore asutedie u: Cutaded\u00e9, Tocoidie.<em>\u00a0<\/em><\/p>\n<p><strong>Dajegu\u00e9ogos\u00f3de <\/strong>\u2013 ore uniri tu <em>D<\/em><em>ajegu\u00e9o<\/em>.<\/p>\n<p>Ore asutedie u: Guebei, Cajod\u00e1quide.<em>\u00a0<\/em><\/p>\n<p><strong>Er\u00e3pepar\u00edgos\u00f3de<\/strong> \u2013<\/p>\n<p><strong>Amom\u00e9gos\u00f3de<\/strong> \u2013<\/p>\n<p><strong>Ayor\u00e9ode u\u00e1guedie i\u0301ode u udojo uje ore uniri u Bolivia:<\/strong><\/p>\n<p><strong>Tiequed\u00e9jnagos\u00f3de <\/strong>\u2013 ore uniri tu <em>D<\/em><em>orojobie\u0301<\/em>, ga jiei ore to.<\/p>\n<p>Ore asutedie u: Ichagued\u00e1quide, Ichabiad\u00e9 Dosapeque, Pachade.<em>\u00a0<\/em><\/p>\n<p><strong>Dorojobi\u00e9gos\u00f3de<\/strong> \u2013 ore uniri tu <em>Tie Qued\u00e9jnai<\/em>, ga jiei ore.<\/p>\n<p><strong>Direqued\u00e9jnagosip\u00edsode (Unirequede\u0301jnagosode) <\/strong><em>\u2013 <\/em>\u00a0ore uniri tu <em>D<\/em><em>i\u0301a<\/em>\u00a0Q<em>uede\u0301jnai<\/em> jeoga <em>U<\/em><em>niri<\/em>\u00a0<em>Quede\u0301jnai<\/em>,<em> ga jiei ore to.<\/em><\/p>\n<p>Ore asutedie u: Capich\u00e1ded\u00e9, Guijnane ore.<em>\u00a0<\/em><\/p>\n<p><strong>Pic\u00e1deb\u00faigos\u00f3de<\/strong> \u2013 ore uniri tu <em>P<\/em><em>icadebui,<\/em> ga jiei ore.<\/p>\n<p>Ore asutedie u: Pochade, Jororode.<\/p>\n<p><strong>Cochocoigosode <\/strong>\u2013 ore uniri tu <em>C<\/em><em>ochocoidie; Tie Jochaque<\/em>\u00a0<em>Cochocoi;<\/em>\u00a0ga jiei ore.<\/p>\n<p>Ore asutedie u: Ingoinie, Guiejnane.<em>\u00a0<\/em><\/p>\n<p><strong>Pajogosode<\/strong> \u2013 gar\u00f3si ore iji ore uniri <em>Garai<\/em> nanique.<\/p>\n<p>Ore asutedie u: Aitede, Utatade.<\/p>\n<p><strong>Tuijnaigosode<\/strong> \u2013 ore uniri tu <em>T<\/em><em>uijnai.<\/em><\/p>\n<p>Ore asutedie u: Arobede, Etoguede.<em>\u00a0<\/em><\/p>\n<p><strong>Cuc\u00f3jnaigosode<\/strong> \u2013 ore uniri u <em>G<\/em><em>arai <\/em>nanique.<\/p>\n<p><strong>Jnuped\u00f3gos\u00f3de<\/strong> (ore i ejoi tu) \u2013 ore uniri i tu <em>C<\/em><em>uc\u00f3jna<\/em>\u00a0 bajaque, ejoi i tu <em>J<\/em><em>nupedo<\/em>\u00a0<em>Cucar\u00e3te<\/em>\u00a0<em>Cuch\u00e1bode<\/em>\u00a0 ga jnupedo d\u00e9ji.<\/p>\n<p>Ore asutedie u: Jnohain\u00e9 Cuch\u00e1bi, Idaide ore.<\/p>\n<p>(Ore i u\u00f1ai u <em>Gu\u00e9dogosode<\/em>\u00a0 to iji taningai uje qu\u00e9 ore d\u00e9ji Paraguay nanique.)<\/p>\n<p><strong>Uechamit\u00f3gos\u00f3de <\/strong>\u2013 ore uniri i tu <em>Ugu\u00edjnam\u00faone<\/em>.<\/p>\n<p>Ore asutedie u: Tununguene, Eduguede, Moine ore.<em>\u00a0<\/em><\/p>\n<p><strong>Tiquijnach\u00faigos\u00f3de<\/strong> \u2013Uechamitogosode uniripise to aja <em>Ugu\u00edjnamuone<\/em>.\u00a0<em>\u00a0<\/em><\/p>\n<p><strong>Jachaigosode<\/strong> \u2013ore uniri tu <em>C<\/em><em>uc\u00f3jnai<\/em>.<\/p>\n<p>Ore asutedie u: Jonanine, Acui.<\/p>\n<p>Ore jno nanique ga ore ch\u1ebdc\u00e1re re, ga ore uniri tu <em>jachai, garai<\/em>.<strong>\u00a0<\/strong><\/p>\n<p><strong>Car\u00e1biagosode<\/strong> \u2013 ore uniri tu <em>C<\/em><em>ara\u0301bia<\/em>.<\/p>\n<p>Ore asutedie u: Ijneraine, Ocoi.<strong>\u00a0<\/strong><\/p>\n<p><strong>Togar\u00f3gos\u00f3de<\/strong> \u2013 uniri tu <em>T<\/em><em>ogaro<\/em>.\u00a0<em>\u00a0<\/em><\/p>\n<p><strong>Cuc\u00f3jnaigosode<\/strong> \u2013<\/p>\n<p><strong>\u00a0<\/strong><\/p>\n<p><em>Oid\u00e1biad\u00e9 \u2013 Campo Loro, Paraguay \u2013 1988.<\/em><\/p>\n<p><em>Marina de Morarie chur\u00fas\u00e3re Oid\u00e1biad\u00e9 atatagode udojo nanique.<\/em><\/p>\n<div class=\"navigation\"><div class=\"alignleft\"><a href=\"https:\/\/ayore.org\/ayo\/culture\/oral-history\/oidabiade-ayoreode-chisite-ragaja-erami\/\"title=\"Oid\u00e1biad\u00e9 &#8211; Ayor\u00e9ode chisite r\u00e1gaja er\u00e1mi\"><img loading=\"lazy\" decoding=\"async\" src=\"https:\/\/ayore.org\/wp-content\/uploads\/2018\/10\/left-arrow.png\" width=\"50\" height=\"48\" alt=\"left arrow\"><\/a><\/div><div class=\"alignright\"><a href=\"https:\/\/ayore.org\/ayo\/culture\/oral-history\/borade-ore-chigaru-aruratadie-picanerai-gai\/\"title=\"Oida\u0301biade\u0301 &#8211; Ore Chigaru Arura\u0303\u0301tadie Picanerai Gai\"><img loading=\"lazy\" decoding=\"async\" src=\"https:\/\/ayore.org\/wp-content\/uploads\/2018\/10\/right-arrow.png\" width=\"50\" height=\"48\" alt=\"right arrow\"><\/a><\/div>\n","protected":false},"excerpt":{"rendered":"<p>Ayor\u00e9ode u\u00e1guedie i\u0301ode u udojo uje ore uniri u Paraguay: Ducod\u00e9gosode \u2013 ore uniri tu\u00a0Ducode, ga jiei ore nanique. Ore asutedie u: Idaid\u00e9 Etac\u00f5re, Asid\u00e1quide ore. Totob\u00edegosode \u2013 ore uniri tu Cucarani Cerro Leon. Gar\u00f3si ore nanique. Ore asutedie u:<\/p>\n","protected":false},"author":2,"featured_media":0,"parent":715,"menu_order":0,"comment_status":"closed","ping_status":"closed","template":"","meta":{"footnotes":""},"class_list":["post-775","page","type-page","status-publish","hentry"],"yoast_head":"<!-- This site is optimized with the Yoast SEO plugin v27.5 - https:\/\/yoast.com\/product\/yoast-seo-wordpress\/ -->\n<title>Ayore\u0301 Bajade Ore Gojn\u0303ane: Ayor\u00e9ode U\u00e1guedie \u00cdode \u2022 Ayore.org<\/title>\n<meta name=\"robots\" content=\"index, follow, max-snippet:-1, max-image-preview:large, max-video-preview:-1\" \/>\n<link rel=\"canonical\" href=\"https:\/\/ayore.org\/ayo\/culture\/oral-history\/oidabiade-ayoreode-uaguedie-iode\/\" \/>\n<meta property=\"og:locale\" content=\"en_US\" \/>\n<meta property=\"og:type\" content=\"article\" \/>\n<meta property=\"og:title\" content=\"Ayore\u0301 Bajade Ore Gojn\u0303ane: Ayor\u00e9ode U\u00e1guedie \u00cdode \u2022 Ayore.org\" \/>\n<meta property=\"og:description\" content=\"Ayor\u00e9ode u\u00e1guedie i\u0301ode u udojo uje ore uniri u Paraguay: Ducod\u00e9gosode \u2013 ore uniri tu\u00a0Ducode, ga jiei ore nanique. Ore asutedie u: Idaid\u00e9 Etac\u00f5re, Asid\u00e1quide ore. Totob\u00edegosode \u2013 ore uniri tu Cucarani Cerro Leon. Gar\u00f3si ore nanique. Ore asutedie u:\" \/>\n<meta property=\"og:url\" content=\"https:\/\/ayore.org\/ayo\/culture\/oral-history\/oidabiade-ayoreode-uaguedie-iode\/\" \/>\n<meta property=\"og:site_name\" content=\"AYOR\u00c9.ORG\" \/>\n<meta property=\"article:modified_time\" content=\"2019-03-06T23:16:58+00:00\" \/>\n<meta name=\"twitter:card\" content=\"summary_large_image\" \/>\n<meta name=\"twitter:label1\" content=\"Est. reading time\" \/>\n\t<meta name=\"twitter:data1\" content=\"2 minutes\" \/>\n<script type=\"application\/ld+json\" class=\"yoast-schema-graph\">{\"@context\":\"https:\\\/\\\/schema.org\",\"@graph\":[{\"@type\":\"WebPage\",\"@id\":\"https:\\\/\\\/ayore.org\\\/ayo\\\/culture\\\/oral-history\\\/oidabiade-ayoreode-uaguedie-iode\\\/\",\"url\":\"https:\\\/\\\/ayore.org\\\/ayo\\\/culture\\\/oral-history\\\/oidabiade-ayoreode-uaguedie-iode\\\/\",\"name\":\"Ayore\u0301 Bajade Ore Gojn\u0303ane: Ayor\u00e9ode U\u00e1guedie \u00cdode \u2022 Ayore.org\",\"isPartOf\":{\"@id\":\"https:\\\/\\\/ayore.org\\\/#website\"},\"datePublished\":\"2018-08-29T17:38:07+00:00\",\"dateModified\":\"2019-03-06T23:16:58+00:00\",\"breadcrumb\":{\"@id\":\"https:\\\/\\\/ayore.org\\\/ayo\\\/culture\\\/oral-history\\\/oidabiade-ayoreode-uaguedie-iode\\\/#breadcrumb\"},\"inLanguage\":\"ayo\",\"potentialAction\":[{\"@type\":\"ReadAction\",\"target\":[\"https:\\\/\\\/ayore.org\\\/ayo\\\/culture\\\/oral-history\\\/oidabiade-ayoreode-uaguedie-iode\\\/\"]}]},{\"@type\":\"BreadcrumbList\",\"@id\":\"https:\\\/\\\/ayore.org\\\/ayo\\\/culture\\\/oral-history\\\/oidabiade-ayoreode-uaguedie-iode\\\/#breadcrumb\",\"itemListElement\":[{\"@type\":\"ListItem\",\"position\":1,\"name\":\"Jogate bajai tu ude\u0301\",\"item\":\"https:\\\/\\\/ayore.org\\\/ayo\\\/\"},{\"@type\":\"ListItem\",\"position\":2,\"name\":\"Ayore\u0301ode adode, angurenone cucha ore\",\"item\":\"https:\\\/\\\/ayore.org\\\/ayo\\\/culture\\\/\"},{\"@type\":\"ListItem\",\"position\":3,\"name\":\"Ayore\u0301 Bajade Ore Gojn\u0303ane\",\"item\":\"https:\\\/\\\/ayore.org\\\/ayo\\\/culture\\\/oral-history\\\/\"},{\"@type\":\"ListItem\",\"position\":4,\"name\":\"Oid\u00e1biad\u00e9 &#8211; Ayor\u00e9ode u\u00e1guedie i\u0301ode\"}]},{\"@type\":\"WebSite\",\"@id\":\"https:\\\/\\\/ayore.org\\\/#website\",\"url\":\"https:\\\/\\\/ayore.org\\\/\",\"name\":\"AYOR\u00c9.ORG\",\"description\":\"Ayore\u0301ode Uruode, Adode, Jnani bajade ati\u0301go ore \",\"potentialAction\":[{\"@type\":\"SearchAction\",\"target\":{\"@type\":\"EntryPoint\",\"urlTemplate\":\"https:\\\/\\\/ayore.org\\\/?s={search_term_string}\"},\"query-input\":{\"@type\":\"PropertyValueSpecification\",\"valueRequired\":true,\"valueName\":\"search_term_string\"}}],\"inLanguage\":\"ayo\"}]}<\/script>\n<!-- \/ Yoast SEO plugin. -->","yoast_head_json":{"title":"Ayore\u0301 Bajade Ore Gojn\u0303ane: Ayor\u00e9ode U\u00e1guedie \u00cdode \u2022 Ayore.org","robots":{"index":"index","follow":"follow","max-snippet":"max-snippet:-1","max-image-preview":"max-image-preview:large","max-video-preview":"max-video-preview:-1"},"canonical":"https:\/\/ayore.org\/ayo\/culture\/oral-history\/oidabiade-ayoreode-uaguedie-iode\/","og_locale":"en_US","og_type":"article","og_title":"Ayore\u0301 Bajade Ore Gojn\u0303ane: Ayor\u00e9ode U\u00e1guedie \u00cdode \u2022 Ayore.org","og_description":"Ayor\u00e9ode u\u00e1guedie i\u0301ode u udojo uje ore uniri u Paraguay: Ducod\u00e9gosode \u2013 ore uniri tu\u00a0Ducode, ga jiei ore nanique. Ore asutedie u: Idaid\u00e9 Etac\u00f5re, Asid\u00e1quide ore. Totob\u00edegosode \u2013 ore uniri tu Cucarani Cerro Leon. Gar\u00f3si ore nanique. Ore asutedie u:","og_url":"https:\/\/ayore.org\/ayo\/culture\/oral-history\/oidabiade-ayoreode-uaguedie-iode\/","og_site_name":"AYOR\u00c9.ORG","article_modified_time":"2019-03-06T23:16:58+00:00","twitter_card":"summary_large_image","twitter_misc":{"Est. reading time":"2 minutes"},"schema":{"@context":"https:\/\/schema.org","@graph":[{"@type":"WebPage","@id":"https:\/\/ayore.org\/ayo\/culture\/oral-history\/oidabiade-ayoreode-uaguedie-iode\/","url":"https:\/\/ayore.org\/ayo\/culture\/oral-history\/oidabiade-ayoreode-uaguedie-iode\/","name":"Ayore\u0301 Bajade Ore Gojn\u0303ane: Ayor\u00e9ode U\u00e1guedie \u00cdode \u2022 Ayore.org","isPartOf":{"@id":"https:\/\/ayore.org\/#website"},"datePublished":"2018-08-29T17:38:07+00:00","dateModified":"2019-03-06T23:16:58+00:00","breadcrumb":{"@id":"https:\/\/ayore.org\/ayo\/culture\/oral-history\/oidabiade-ayoreode-uaguedie-iode\/#breadcrumb"},"inLanguage":"ayo","potentialAction":[{"@type":"ReadAction","target":["https:\/\/ayore.org\/ayo\/culture\/oral-history\/oidabiade-ayoreode-uaguedie-iode\/"]}]},{"@type":"BreadcrumbList","@id":"https:\/\/ayore.org\/ayo\/culture\/oral-history\/oidabiade-ayoreode-uaguedie-iode\/#breadcrumb","itemListElement":[{"@type":"ListItem","position":1,"name":"Jogate bajai tu ude\u0301","item":"https:\/\/ayore.org\/ayo\/"},{"@type":"ListItem","position":2,"name":"Ayore\u0301ode adode, angurenone cucha ore","item":"https:\/\/ayore.org\/ayo\/culture\/"},{"@type":"ListItem","position":3,"name":"Ayore\u0301 Bajade Ore Gojn\u0303ane","item":"https:\/\/ayore.org\/ayo\/culture\/oral-history\/"},{"@type":"ListItem","position":4,"name":"Oid\u00e1biad\u00e9 &#8211; Ayor\u00e9ode u\u00e1guedie i\u0301ode"}]},{"@type":"WebSite","@id":"https:\/\/ayore.org\/#website","url":"https:\/\/ayore.org\/","name":"AYOR\u00c9.ORG","description":"Ayore\u0301ode Uruode, Adode, Jnani bajade ati\u0301go ore ","potentialAction":[{"@type":"SearchAction","target":{"@type":"EntryPoint","urlTemplate":"https:\/\/ayore.org\/?s={search_term_string}"},"query-input":{"@type":"PropertyValueSpecification","valueRequired":true,"valueName":"search_term_string"}}],"inLanguage":"ayo"}]}},"_links":{"self":[{"href":"https:\/\/ayore.org\/ayo\/wp-json\/wp\/v2\/pages\/775","targetHints":{"allow":["GET"]}}],"collection":[{"href":"https:\/\/ayore.org\/ayo\/wp-json\/wp\/v2\/pages"}],"about":[{"href":"https:\/\/ayore.org\/ayo\/wp-json\/wp\/v2\/types\/page"}],"author":[{"embeddable":true,"href":"https:\/\/ayore.org\/ayo\/wp-json\/wp\/v2\/users\/2"}],"replies":[{"embeddable":true,"href":"https:\/\/ayore.org\/ayo\/wp-json\/wp\/v2\/comments?post=775"}],"version-history":[{"count":4,"href":"https:\/\/ayore.org\/ayo\/wp-json\/wp\/v2\/pages\/775\/revisions"}],"predecessor-version":[{"id":3347,"href":"https:\/\/ayore.org\/ayo\/wp-json\/wp\/v2\/pages\/775\/revisions\/3347"}],"up":[{"embeddable":true,"href":"https:\/\/ayore.org\/ayo\/wp-json\/wp\/v2\/pages\/715"}],"wp:attachment":[{"href":"https:\/\/ayore.org\/ayo\/wp-json\/wp\/v2\/media?parent=775"}],"curies":[{"name":"wp","href":"https:\/\/api.w.org\/{rel}","templated":true}]}}