{"id":695,"date":"2018-08-27T00:38:27","date_gmt":"2018-08-27T00:38:27","guid":{"rendered":"https:\/\/ayore.org\/?page_id=695"},"modified":"2019-03-06T21:42:23","modified_gmt":"2019-03-06T21:42:23","slug":"oidabiade-ayoreode-chisite-ragaja-erami","status":"publish","type":"page","link":"https:\/\/ayore.org\/ayo\/culture\/oral-history\/oidabiade-ayoreode-chisite-ragaja-erami\/","title":{"rendered":"Oid\u00e1biad\u00e9 &#8211; Ayor\u00e9ode chisite r\u00e1gaja er\u00e1mi"},"content":{"rendered":"<p><strong><em>Ayor\u00e9 qued\u00e9jnane to\u0303\u0301raji cucherane unojo:<\/em><\/strong><\/p>\n<ol>\n<li>Chiquen\u00f3ne \u2013 Chulup\u00edode, ayor\u00e9 qued\u00e9jnane yur\u00fatiode. Chiqueno u\u00e9cho ore nanique.<\/li>\n<li>Picanerane \u2013 J\u00e9 basa ga Picanerane ore chicai Paragu\u00e1y gosode.<\/li>\n<li>\u00c9tacorone \u2013 Chamac\u00f3co ore. \u00c9tac\u00f5re u\u00e9cho Chamac\u00f3co. Ore jno nanique. Ore \u00faringai cuche\u0303ra chojm\u00e1ra.<\/li>\n<li>Deg\u00fayade \u2013 Posorajane u\u00e9cho Manj\u00fai.<\/li>\n<\/ol>\n<p><strong><em>Ore jorane:<\/em><\/strong><\/p>\n<ol>\n<li>Cutamurajane j\u00f5rane u Picanerane.<\/li>\n<li>Chiquenone j\u00f5rane u Posorajane.<\/li>\n<li>\u00c9tacorone jorane u Dosap\u00e9ode.<\/li>\n<li>Jnuruminone que jorane cuse, ga gar\u00f3sipise ore.<\/li>\n<\/ol>\n<p><em>Oid\u00e1biad\u00e9 \u2013 Campo Loro, Paraguay \u2013 1988.<\/em><\/p>\n<p><em>Marina de Morarie chur\u00fas\u00e3re Oid\u00e1biad\u00e9 atatagode nanique.<\/em><\/p>\n<div class=\"navigation\"><div class=\"alignleft\"><a href=\"https:\/\/ayore.org\/ayo\/culture\/oral-history\/jomone-yicagoi-ayoreode-jne\/\"title=\"Jomon\u00e9 &#8211; Yicagoi ayor\u00e9ode jne\"><img loading=\"lazy\" decoding=\"async\" src=\"https:\/\/ayore.org\/wp-content\/uploads\/2018\/10\/left-arrow.png\" width=\"50\" height=\"48\" alt=\"left arrow\"><\/a><\/div><div class=\"alignright\"><a href=\"https:\/\/ayore.org\/ayo\/culture\/oral-history\/oidabiade-ayoreode-uaguedie-iode\/\"title=\"Oid\u00e1biad\u00e9 &#8211; Ayor\u00e9ode u\u00e1guedie i\u0301ode\"><img loading=\"lazy\" decoding=\"async\" src=\"https:\/\/ayore.org\/wp-content\/uploads\/2018\/10\/right-arrow.png\" width=\"50\" height=\"48\" alt=\"right arrow\"><\/a><\/div>\n","protected":false},"excerpt":{"rendered":"<p>Ayor\u00e9 qued\u00e9jnane to\u0303\u0301raji cucherane unojo: Chiquen\u00f3ne \u2013 Chulup\u00edode, ayor\u00e9 qued\u00e9jnane yur\u00fatiode. Chiqueno u\u00e9cho ore nanique. Picanerane \u2013 J\u00e9 basa ga Picanerane ore chicai Paragu\u00e1y gosode. \u00c9tacorone \u2013 Chamac\u00f3co ore. \u00c9tac\u00f5re u\u00e9cho Chamac\u00f3co. Ore jno nanique. Ore \u00faringai cuche\u0303ra chojm\u00e1ra. Deg\u00fayade<\/p>\n","protected":false},"author":2,"featured_media":0,"parent":715,"menu_order":0,"comment_status":"closed","ping_status":"closed","template":"","meta":{"footnotes":""},"class_list":["post-695","page","type-page","status-publish","hentry"],"yoast_head":"<!-- This site is optimized with the Yoast SEO plugin v27.4 - https:\/\/yoast.com\/product\/yoast-seo-wordpress\/ -->\n<title>Ayore\u0301 Bajade Ore Gojn\u0303ane: Ayor\u00e9ode Chisite Ragaja Er\u00e1mi \u2022 Ayore.org<\/title>\n<meta name=\"robots\" content=\"index, follow, max-snippet:-1, max-image-preview:large, max-video-preview:-1\" \/>\n<link rel=\"canonical\" href=\"https:\/\/ayore.org\/ayo\/culture\/oral-history\/oidabiade-ayoreode-chisite-ragaja-erami\/\" \/>\n<meta property=\"og:locale\" content=\"en_US\" \/>\n<meta property=\"og:type\" content=\"article\" \/>\n<meta property=\"og:title\" content=\"Ayore\u0301 Bajade Ore Gojn\u0303ane: Ayor\u00e9ode Chisite Ragaja Er\u00e1mi \u2022 Ayore.org\" \/>\n<meta property=\"og:description\" content=\"Ayor\u00e9 qued\u00e9jnane to\u0303\u0301raji cucherane unojo: Chiquen\u00f3ne \u2013 Chulup\u00edode, ayor\u00e9 qued\u00e9jnane yur\u00fatiode. Chiqueno u\u00e9cho ore nanique. Picanerane \u2013 J\u00e9 basa ga Picanerane ore chicai Paragu\u00e1y gosode. \u00c9tacorone \u2013 Chamac\u00f3co ore. \u00c9tac\u00f5re u\u00e9cho Chamac\u00f3co. Ore jno nanique. Ore \u00faringai cuche\u0303ra chojm\u00e1ra. Deg\u00fayade\" \/>\n<meta property=\"og:url\" content=\"https:\/\/ayore.org\/ayo\/culture\/oral-history\/oidabiade-ayoreode-chisite-ragaja-erami\/\" \/>\n<meta property=\"og:site_name\" content=\"AYOR\u00c9.ORG\" \/>\n<meta property=\"article:modified_time\" content=\"2019-03-06T21:42:23+00:00\" \/>\n<meta name=\"twitter:card\" content=\"summary_large_image\" \/>\n<script type=\"application\/ld+json\" class=\"yoast-schema-graph\">{\"@context\":\"https:\\\/\\\/schema.org\",\"@graph\":[{\"@type\":\"WebPage\",\"@id\":\"https:\\\/\\\/ayore.org\\\/ayo\\\/culture\\\/oral-history\\\/oidabiade-ayoreode-chisite-ragaja-erami\\\/\",\"url\":\"https:\\\/\\\/ayore.org\\\/ayo\\\/culture\\\/oral-history\\\/oidabiade-ayoreode-chisite-ragaja-erami\\\/\",\"name\":\"Ayore\u0301 Bajade Ore Gojn\u0303ane: Ayor\u00e9ode Chisite Ragaja Er\u00e1mi \u2022 Ayore.org\",\"isPartOf\":{\"@id\":\"https:\\\/\\\/ayore.org\\\/#website\"},\"datePublished\":\"2018-08-27T00:38:27+00:00\",\"dateModified\":\"2019-03-06T21:42:23+00:00\",\"breadcrumb\":{\"@id\":\"https:\\\/\\\/ayore.org\\\/ayo\\\/culture\\\/oral-history\\\/oidabiade-ayoreode-chisite-ragaja-erami\\\/#breadcrumb\"},\"inLanguage\":\"ayo\",\"potentialAction\":[{\"@type\":\"ReadAction\",\"target\":[\"https:\\\/\\\/ayore.org\\\/ayo\\\/culture\\\/oral-history\\\/oidabiade-ayoreode-chisite-ragaja-erami\\\/\"]}]},{\"@type\":\"BreadcrumbList\",\"@id\":\"https:\\\/\\\/ayore.org\\\/ayo\\\/culture\\\/oral-history\\\/oidabiade-ayoreode-chisite-ragaja-erami\\\/#breadcrumb\",\"itemListElement\":[{\"@type\":\"ListItem\",\"position\":1,\"name\":\"Jogate bajai tu ude\u0301\",\"item\":\"https:\\\/\\\/ayore.org\\\/ayo\\\/\"},{\"@type\":\"ListItem\",\"position\":2,\"name\":\"Ayore\u0301ode adode, angurenone cucha ore\",\"item\":\"https:\\\/\\\/ayore.org\\\/ayo\\\/culture\\\/\"},{\"@type\":\"ListItem\",\"position\":3,\"name\":\"Ayore\u0301 Bajade Ore Gojn\u0303ane\",\"item\":\"https:\\\/\\\/ayore.org\\\/ayo\\\/culture\\\/oral-history\\\/\"},{\"@type\":\"ListItem\",\"position\":4,\"name\":\"Oid\u00e1biad\u00e9 &#8211; Ayor\u00e9ode chisite r\u00e1gaja er\u00e1mi\"}]},{\"@type\":\"WebSite\",\"@id\":\"https:\\\/\\\/ayore.org\\\/#website\",\"url\":\"https:\\\/\\\/ayore.org\\\/\",\"name\":\"AYOR\u00c9.ORG\",\"description\":\"Ayore\u0301ode Uruode, Adode, Jnani bajade ati\u0301go ore \",\"potentialAction\":[{\"@type\":\"SearchAction\",\"target\":{\"@type\":\"EntryPoint\",\"urlTemplate\":\"https:\\\/\\\/ayore.org\\\/?s={search_term_string}\"},\"query-input\":{\"@type\":\"PropertyValueSpecification\",\"valueRequired\":true,\"valueName\":\"search_term_string\"}}],\"inLanguage\":\"ayo\"}]}<\/script>\n<!-- \/ Yoast SEO plugin. -->","yoast_head_json":{"title":"Ayore\u0301 Bajade Ore Gojn\u0303ane: Ayor\u00e9ode Chisite Ragaja Er\u00e1mi \u2022 Ayore.org","robots":{"index":"index","follow":"follow","max-snippet":"max-snippet:-1","max-image-preview":"max-image-preview:large","max-video-preview":"max-video-preview:-1"},"canonical":"https:\/\/ayore.org\/ayo\/culture\/oral-history\/oidabiade-ayoreode-chisite-ragaja-erami\/","og_locale":"en_US","og_type":"article","og_title":"Ayore\u0301 Bajade Ore Gojn\u0303ane: Ayor\u00e9ode Chisite Ragaja Er\u00e1mi \u2022 Ayore.org","og_description":"Ayor\u00e9 qued\u00e9jnane to\u0303\u0301raji cucherane unojo: Chiquen\u00f3ne \u2013 Chulup\u00edode, ayor\u00e9 qued\u00e9jnane yur\u00fatiode. Chiqueno u\u00e9cho ore nanique. Picanerane \u2013 J\u00e9 basa ga Picanerane ore chicai Paragu\u00e1y gosode. \u00c9tacorone \u2013 Chamac\u00f3co ore. \u00c9tac\u00f5re u\u00e9cho Chamac\u00f3co. Ore jno nanique. Ore \u00faringai cuche\u0303ra chojm\u00e1ra. Deg\u00fayade","og_url":"https:\/\/ayore.org\/ayo\/culture\/oral-history\/oidabiade-ayoreode-chisite-ragaja-erami\/","og_site_name":"AYOR\u00c9.ORG","article_modified_time":"2019-03-06T21:42:23+00:00","twitter_card":"summary_large_image","schema":{"@context":"https:\/\/schema.org","@graph":[{"@type":"WebPage","@id":"https:\/\/ayore.org\/ayo\/culture\/oral-history\/oidabiade-ayoreode-chisite-ragaja-erami\/","url":"https:\/\/ayore.org\/ayo\/culture\/oral-history\/oidabiade-ayoreode-chisite-ragaja-erami\/","name":"Ayore\u0301 Bajade Ore Gojn\u0303ane: Ayor\u00e9ode Chisite Ragaja Er\u00e1mi \u2022 Ayore.org","isPartOf":{"@id":"https:\/\/ayore.org\/#website"},"datePublished":"2018-08-27T00:38:27+00:00","dateModified":"2019-03-06T21:42:23+00:00","breadcrumb":{"@id":"https:\/\/ayore.org\/ayo\/culture\/oral-history\/oidabiade-ayoreode-chisite-ragaja-erami\/#breadcrumb"},"inLanguage":"ayo","potentialAction":[{"@type":"ReadAction","target":["https:\/\/ayore.org\/ayo\/culture\/oral-history\/oidabiade-ayoreode-chisite-ragaja-erami\/"]}]},{"@type":"BreadcrumbList","@id":"https:\/\/ayore.org\/ayo\/culture\/oral-history\/oidabiade-ayoreode-chisite-ragaja-erami\/#breadcrumb","itemListElement":[{"@type":"ListItem","position":1,"name":"Jogate bajai tu ude\u0301","item":"https:\/\/ayore.org\/ayo\/"},{"@type":"ListItem","position":2,"name":"Ayore\u0301ode adode, angurenone cucha ore","item":"https:\/\/ayore.org\/ayo\/culture\/"},{"@type":"ListItem","position":3,"name":"Ayore\u0301 Bajade Ore Gojn\u0303ane","item":"https:\/\/ayore.org\/ayo\/culture\/oral-history\/"},{"@type":"ListItem","position":4,"name":"Oid\u00e1biad\u00e9 &#8211; Ayor\u00e9ode chisite r\u00e1gaja er\u00e1mi"}]},{"@type":"WebSite","@id":"https:\/\/ayore.org\/#website","url":"https:\/\/ayore.org\/","name":"AYOR\u00c9.ORG","description":"Ayore\u0301ode Uruode, Adode, Jnani bajade ati\u0301go ore ","potentialAction":[{"@type":"SearchAction","target":{"@type":"EntryPoint","urlTemplate":"https:\/\/ayore.org\/?s={search_term_string}"},"query-input":{"@type":"PropertyValueSpecification","valueRequired":true,"valueName":"search_term_string"}}],"inLanguage":"ayo"}]}},"_links":{"self":[{"href":"https:\/\/ayore.org\/ayo\/wp-json\/wp\/v2\/pages\/695","targetHints":{"allow":["GET"]}}],"collection":[{"href":"https:\/\/ayore.org\/ayo\/wp-json\/wp\/v2\/pages"}],"about":[{"href":"https:\/\/ayore.org\/ayo\/wp-json\/wp\/v2\/types\/page"}],"author":[{"embeddable":true,"href":"https:\/\/ayore.org\/ayo\/wp-json\/wp\/v2\/users\/2"}],"replies":[{"embeddable":true,"href":"https:\/\/ayore.org\/ayo\/wp-json\/wp\/v2\/comments?post=695"}],"version-history":[{"count":4,"href":"https:\/\/ayore.org\/ayo\/wp-json\/wp\/v2\/pages\/695\/revisions"}],"predecessor-version":[{"id":3339,"href":"https:\/\/ayore.org\/ayo\/wp-json\/wp\/v2\/pages\/695\/revisions\/3339"}],"up":[{"embeddable":true,"href":"https:\/\/ayore.org\/ayo\/wp-json\/wp\/v2\/pages\/715"}],"wp:attachment":[{"href":"https:\/\/ayore.org\/ayo\/wp-json\/wp\/v2\/media?parent=695"}],"curies":[{"name":"wp","href":"https:\/\/api.w.org\/{rel}","templated":true}]}}