{"id":678,"date":"2018-08-27T00:11:28","date_gmt":"2018-08-27T00:11:28","guid":{"rendered":"https:\/\/ayore.org\/?page_id=678"},"modified":"2019-02-27T02:34:34","modified_gmt":"2019-02-27T02:34:34","slug":"cajoide-jobedaye","status":"publish","type":"page","link":"https:\/\/ayore.org\/ayo\/culture\/games\/cajoide-jobedaye\/","title":{"rendered":"Cajoide\u0301 &#8211; Jobeday\u00e9"},"content":{"rendered":"<p><strong>Paj\u00f1aminone<\/strong><\/p>\n<p><strong><em>Ore tibidi n\u0303ane enga ore chojninga:<\/em><\/strong><\/p>\n<p>\u201c\u00a1Beyoi ga yicoi <em>jobeday\u00e9<\/em> a\u0301!\u201d<\/p>\n<p>Ore p\u00e9su dagu\u00e9 taja ga j\u00e9 ore chij\u00f1ecare aja jnese, ga ore chisa \u00f1ane jman\u00e1yone. Ga jnacarode, gapud\u00ede ore chap\u00fase \u00f1ane aja. Abechugode ore doi to uje dago ore, mu chequedie que ore doi go.<\/p>\n<p>Orichor\u00e1jna ga cho uje jnacarode ore doi \u2018pelota\u2019 ga orichor\u00e1jna to.<\/p>\n<p>Ore chap\u00fasaja esode, sequeredie ore jnese uje ore p\u00e9su <em>jobeday\u00e9<\/em>. Ore doi<em> jobeday\u00e9<\/em> ga ore p\u00e9su quigode. Ore p\u00e9su iji dejai uje cho diri. Uerad\u00e9 aj\u00e1rone ome, ore aj\u00f1amite gu, enga ore c\u00e3ra daradedie ome \u00f1ane.<\/p>\n<p>Ore p\u00e9su gu uje, yocaj\u00f1amicho gu uje cucha om\u00e9jna ome yoque.<\/p>\n<p><em>Cajoide \u2013 Campo Loro, Paraguay \u2013 11 de octubre de 1985.<\/em><\/p>\n<p><em>Marina de Morarie chur\u00fas\u00e3re Cajoide atatagode udojo nanique.<\/em><\/p>\n<div class=\"navigation\"><div class=\"alignleft\"><a href=\"https:\/\/ayore.org\/ayo\/culture\/games\/cajoide-ore-chingo-nane-cureseode\/\"title=\"Cajoide &#8211; Ore chingo n\u0303ane cures\u00e9ode\"><img loading=\"lazy\" decoding=\"async\" src=\"https:\/\/ayore.org\/wp-content\/uploads\/2018\/10\/left-arrow.png\" width=\"50\" height=\"48\" alt=\"left arrow\"><\/a><\/div><div class=\"alignright\"><a href=\"https:\/\/ayore.org\/ayo\/culture\/games\/cajoide-pajuyapidode\/\"title=\"Cajoide\u0301 &#8211; Pajuyap\u00eddode\"><img loading=\"lazy\" decoding=\"async\" src=\"https:\/\/ayore.org\/wp-content\/uploads\/2018\/10\/right-arrow.png\" width=\"50\" height=\"48\" alt=\"right arrow\"><\/a><\/div>\n","protected":false},"excerpt":{"rendered":"<p>Paj\u00f1aminone Ore tibidi n\u0303ane enga ore chojninga: \u201c\u00a1Beyoi ga yicoi jobeday\u00e9 a\u0301!\u201d Ore p\u00e9su dagu\u00e9 taja ga j\u00e9 ore chij\u00f1ecare aja jnese, ga ore chisa \u00f1ane jman\u00e1yone. Ga jnacarode, gapud\u00ede ore chap\u00fase \u00f1ane aja. Abechugode ore doi to uje dago<\/p>\n","protected":false},"author":2,"featured_media":0,"parent":709,"menu_order":0,"comment_status":"closed","ping_status":"closed","template":"","meta":{"footnotes":""},"class_list":["post-678","page","type-page","status-publish","hentry"],"yoast_head":"<!-- This site is optimized with the Yoast SEO plugin v27.4 - https:\/\/yoast.com\/product\/yoast-seo-wordpress\/ -->\n<title>Pajn\u0303aminone Ayore\u0301ode: Jobeday\u00e9 \u2022 Ayore.org<\/title>\n<meta name=\"robots\" content=\"index, follow, max-snippet:-1, max-image-preview:large, max-video-preview:-1\" \/>\n<link rel=\"canonical\" href=\"https:\/\/ayore.org\/ayo\/culture\/games\/cajoide-jobedaye\/\" \/>\n<meta property=\"og:locale\" content=\"en_US\" \/>\n<meta property=\"og:type\" content=\"article\" \/>\n<meta property=\"og:title\" content=\"Pajn\u0303aminone Ayore\u0301ode: Jobeday\u00e9 \u2022 Ayore.org\" \/>\n<meta property=\"og:description\" content=\"Paj\u00f1aminone Ore tibidi n\u0303ane enga ore chojninga: \u201c\u00a1Beyoi ga yicoi jobeday\u00e9 a\u0301!\u201d Ore p\u00e9su dagu\u00e9 taja ga j\u00e9 ore chij\u00f1ecare aja jnese, ga ore chisa \u00f1ane jman\u00e1yone. Ga jnacarode, gapud\u00ede ore chap\u00fase \u00f1ane aja. Abechugode ore doi to uje dago\" \/>\n<meta property=\"og:url\" content=\"https:\/\/ayore.org\/ayo\/culture\/games\/cajoide-jobedaye\/\" \/>\n<meta property=\"og:site_name\" content=\"AYOR\u00c9.ORG\" \/>\n<meta property=\"article:modified_time\" content=\"2019-02-27T02:34:34+00:00\" \/>\n<meta name=\"twitter:card\" content=\"summary_large_image\" \/>\n<meta name=\"twitter:label1\" content=\"Est. reading time\" \/>\n\t<meta name=\"twitter:data1\" content=\"1 minute\" \/>\n<script type=\"application\/ld+json\" class=\"yoast-schema-graph\">{\"@context\":\"https:\\\/\\\/schema.org\",\"@graph\":[{\"@type\":\"WebPage\",\"@id\":\"https:\\\/\\\/ayore.org\\\/ayo\\\/culture\\\/games\\\/cajoide-jobedaye\\\/\",\"url\":\"https:\\\/\\\/ayore.org\\\/ayo\\\/culture\\\/games\\\/cajoide-jobedaye\\\/\",\"name\":\"Pajn\u0303aminone Ayore\u0301ode: Jobeday\u00e9 \u2022 Ayore.org\",\"isPartOf\":{\"@id\":\"https:\\\/\\\/ayore.org\\\/#website\"},\"datePublished\":\"2018-08-27T00:11:28+00:00\",\"dateModified\":\"2019-02-27T02:34:34+00:00\",\"breadcrumb\":{\"@id\":\"https:\\\/\\\/ayore.org\\\/ayo\\\/culture\\\/games\\\/cajoide-jobedaye\\\/#breadcrumb\"},\"inLanguage\":\"ayo\",\"potentialAction\":[{\"@type\":\"ReadAction\",\"target\":[\"https:\\\/\\\/ayore.org\\\/ayo\\\/culture\\\/games\\\/cajoide-jobedaye\\\/\"]}]},{\"@type\":\"BreadcrumbList\",\"@id\":\"https:\\\/\\\/ayore.org\\\/ayo\\\/culture\\\/games\\\/cajoide-jobedaye\\\/#breadcrumb\",\"itemListElement\":[{\"@type\":\"ListItem\",\"position\":1,\"name\":\"Jogate bajai tu ude\u0301\",\"item\":\"https:\\\/\\\/ayore.org\\\/ayo\\\/\"},{\"@type\":\"ListItem\",\"position\":2,\"name\":\"Ayore\u0301ode adode, angurenone cucha ore\",\"item\":\"https:\\\/\\\/ayore.org\\\/ayo\\\/culture\\\/\"},{\"@type\":\"ListItem\",\"position\":3,\"name\":\"Pajn\u0303aminone Ayore\u0301ode\",\"item\":\"https:\\\/\\\/ayore.org\\\/ayo\\\/culture\\\/games\\\/\"},{\"@type\":\"ListItem\",\"position\":4,\"name\":\"Cajoide\u0301 &#8211; Jobeday\u00e9\"}]},{\"@type\":\"WebSite\",\"@id\":\"https:\\\/\\\/ayore.org\\\/#website\",\"url\":\"https:\\\/\\\/ayore.org\\\/\",\"name\":\"AYOR\u00c9.ORG\",\"description\":\"Ayore\u0301ode Uruode, Adode, Jnani bajade ati\u0301go ore \",\"potentialAction\":[{\"@type\":\"SearchAction\",\"target\":{\"@type\":\"EntryPoint\",\"urlTemplate\":\"https:\\\/\\\/ayore.org\\\/?s={search_term_string}\"},\"query-input\":{\"@type\":\"PropertyValueSpecification\",\"valueRequired\":true,\"valueName\":\"search_term_string\"}}],\"inLanguage\":\"ayo\"}]}<\/script>\n<!-- \/ Yoast SEO plugin. -->","yoast_head_json":{"title":"Pajn\u0303aminone Ayore\u0301ode: Jobeday\u00e9 \u2022 Ayore.org","robots":{"index":"index","follow":"follow","max-snippet":"max-snippet:-1","max-image-preview":"max-image-preview:large","max-video-preview":"max-video-preview:-1"},"canonical":"https:\/\/ayore.org\/ayo\/culture\/games\/cajoide-jobedaye\/","og_locale":"en_US","og_type":"article","og_title":"Pajn\u0303aminone Ayore\u0301ode: Jobeday\u00e9 \u2022 Ayore.org","og_description":"Paj\u00f1aminone Ore tibidi n\u0303ane enga ore chojninga: \u201c\u00a1Beyoi ga yicoi jobeday\u00e9 a\u0301!\u201d Ore p\u00e9su dagu\u00e9 taja ga j\u00e9 ore chij\u00f1ecare aja jnese, ga ore chisa \u00f1ane jman\u00e1yone. Ga jnacarode, gapud\u00ede ore chap\u00fase \u00f1ane aja. Abechugode ore doi to uje dago","og_url":"https:\/\/ayore.org\/ayo\/culture\/games\/cajoide-jobedaye\/","og_site_name":"AYOR\u00c9.ORG","article_modified_time":"2019-02-27T02:34:34+00:00","twitter_card":"summary_large_image","twitter_misc":{"Est. reading time":"1 minute"},"schema":{"@context":"https:\/\/schema.org","@graph":[{"@type":"WebPage","@id":"https:\/\/ayore.org\/ayo\/culture\/games\/cajoide-jobedaye\/","url":"https:\/\/ayore.org\/ayo\/culture\/games\/cajoide-jobedaye\/","name":"Pajn\u0303aminone Ayore\u0301ode: Jobeday\u00e9 \u2022 Ayore.org","isPartOf":{"@id":"https:\/\/ayore.org\/#website"},"datePublished":"2018-08-27T00:11:28+00:00","dateModified":"2019-02-27T02:34:34+00:00","breadcrumb":{"@id":"https:\/\/ayore.org\/ayo\/culture\/games\/cajoide-jobedaye\/#breadcrumb"},"inLanguage":"ayo","potentialAction":[{"@type":"ReadAction","target":["https:\/\/ayore.org\/ayo\/culture\/games\/cajoide-jobedaye\/"]}]},{"@type":"BreadcrumbList","@id":"https:\/\/ayore.org\/ayo\/culture\/games\/cajoide-jobedaye\/#breadcrumb","itemListElement":[{"@type":"ListItem","position":1,"name":"Jogate bajai tu ude\u0301","item":"https:\/\/ayore.org\/ayo\/"},{"@type":"ListItem","position":2,"name":"Ayore\u0301ode adode, angurenone cucha ore","item":"https:\/\/ayore.org\/ayo\/culture\/"},{"@type":"ListItem","position":3,"name":"Pajn\u0303aminone Ayore\u0301ode","item":"https:\/\/ayore.org\/ayo\/culture\/games\/"},{"@type":"ListItem","position":4,"name":"Cajoide\u0301 &#8211; Jobeday\u00e9"}]},{"@type":"WebSite","@id":"https:\/\/ayore.org\/#website","url":"https:\/\/ayore.org\/","name":"AYOR\u00c9.ORG","description":"Ayore\u0301ode Uruode, Adode, Jnani bajade ati\u0301go ore ","potentialAction":[{"@type":"SearchAction","target":{"@type":"EntryPoint","urlTemplate":"https:\/\/ayore.org\/?s={search_term_string}"},"query-input":{"@type":"PropertyValueSpecification","valueRequired":true,"valueName":"search_term_string"}}],"inLanguage":"ayo"}]}},"_links":{"self":[{"href":"https:\/\/ayore.org\/ayo\/wp-json\/wp\/v2\/pages\/678","targetHints":{"allow":["GET"]}}],"collection":[{"href":"https:\/\/ayore.org\/ayo\/wp-json\/wp\/v2\/pages"}],"about":[{"href":"https:\/\/ayore.org\/ayo\/wp-json\/wp\/v2\/types\/page"}],"author":[{"embeddable":true,"href":"https:\/\/ayore.org\/ayo\/wp-json\/wp\/v2\/users\/2"}],"replies":[{"embeddable":true,"href":"https:\/\/ayore.org\/ayo\/wp-json\/wp\/v2\/comments?post=678"}],"version-history":[{"count":3,"href":"https:\/\/ayore.org\/ayo\/wp-json\/wp\/v2\/pages\/678\/revisions"}],"predecessor-version":[{"id":3120,"href":"https:\/\/ayore.org\/ayo\/wp-json\/wp\/v2\/pages\/678\/revisions\/3120"}],"up":[{"embeddable":true,"href":"https:\/\/ayore.org\/ayo\/wp-json\/wp\/v2\/pages\/709"}],"wp:attachment":[{"href":"https:\/\/ayore.org\/ayo\/wp-json\/wp\/v2\/media?parent=678"}],"curies":[{"name":"wp","href":"https:\/\/api.w.org\/{rel}","templated":true}]}}