{"id":676,"date":"2018-08-26T23:59:47","date_gmt":"2018-08-26T23:59:47","guid":{"rendered":"https:\/\/ayore.org\/?page_id=676"},"modified":"2019-02-27T02:03:33","modified_gmt":"2019-02-27T02:03:33","slug":"cajoide-ore-chingo-nane-cureseode","status":"publish","type":"page","link":"https:\/\/ayore.org\/ayo\/culture\/games\/cajoide-ore-chingo-nane-cureseode\/","title":{"rendered":"Cajoide &#8211; Ore chingo n\u0303ane cures\u00e9ode"},"content":{"rendered":"<p><strong>Paj\u00f1aminone &#8211; Curesei<\/strong><\/p>\n<p><strong><em>Curesei<\/em><\/strong><\/p>\n<p>Ore chingo \u00f1ane cures\u00e9ode, ga jnanione chijna u\u00f1ai, ga jnacarode chijna u\u00f1ai. Ujetiga ore curesei char\u00e3ja ore oidi ga ore yucho. Ore is\u00edode u dach\u00e1yode.<\/p>\n<p><em>Cajoide \u2013 Campo Loro, Paraguay \u2013 11 de octubre de 1985.<\/em><\/p>\n<p><em>Marina de Morarie chur\u00fas\u00e3re Cajoide atatagode udojo nanique.<\/em><\/p>\n<div class=\"navigation\"><div class=\"alignleft\"><a href=\"https:\/\/ayore.org\/ayo\/culture\/games\/cajoide-ore-cojnopite-nane\/\"title=\"Cajoide\u0301 &#8211; Ore coj\u00f1opite n\u0303ane\"><img loading=\"lazy\" decoding=\"async\" src=\"https:\/\/ayore.org\/wp-content\/uploads\/2018\/10\/left-arrow.png\" width=\"50\" height=\"48\" alt=\"left arrow\"><\/a><\/div><div class=\"alignright\"><a href=\"https:\/\/ayore.org\/ayo\/culture\/games\/cajoide-jobedaye\/\"title=\"Cajoide\u0301 &#8211; Jobeday\u00e9\"><img loading=\"lazy\" decoding=\"async\" src=\"https:\/\/ayore.org\/wp-content\/uploads\/2018\/10\/right-arrow.png\" width=\"50\" height=\"48\" alt=\"right arrow\"><\/a><\/div>\n","protected":false},"excerpt":{"rendered":"<p>Paj\u00f1aminone &#8211; Curesei Curesei Ore chingo \u00f1ane cures\u00e9ode, ga jnanione chijna u\u00f1ai, ga jnacarode chijna u\u00f1ai. Ujetiga ore curesei char\u00e3ja ore oidi ga ore yucho. Ore is\u00edode u dach\u00e1yode. Cajoide \u2013 Campo Loro, Paraguay \u2013 11 de octubre de 1985.<\/p>\n","protected":false},"author":2,"featured_media":0,"parent":709,"menu_order":0,"comment_status":"closed","ping_status":"closed","template":"","meta":{"footnotes":""},"class_list":["post-676","page","type-page","status-publish","hentry"],"yoast_head":"<!-- This site is optimized with the Yoast SEO plugin v27.4 - https:\/\/yoast.com\/product\/yoast-seo-wordpress\/ -->\n<title>Pajn\u0303aminone Ayore\u0301ode: Ore Chingo \u00d1ane Cures\u00e9ode \u2022 Ayore.org<\/title>\n<meta name=\"robots\" content=\"index, follow, max-snippet:-1, max-image-preview:large, max-video-preview:-1\" \/>\n<link rel=\"canonical\" href=\"https:\/\/ayore.org\/ayo\/culture\/games\/cajoide-ore-chingo-nane-cureseode\/\" \/>\n<meta property=\"og:locale\" content=\"en_US\" \/>\n<meta property=\"og:type\" content=\"article\" \/>\n<meta property=\"og:title\" content=\"Pajn\u0303aminone Ayore\u0301ode: Ore Chingo \u00d1ane Cures\u00e9ode \u2022 Ayore.org\" \/>\n<meta property=\"og:description\" content=\"Paj\u00f1aminone &#8211; Curesei Curesei Ore chingo \u00f1ane cures\u00e9ode, ga jnanione chijna u\u00f1ai, ga jnacarode chijna u\u00f1ai. Ujetiga ore curesei char\u00e3ja ore oidi ga ore yucho. Ore is\u00edode u dach\u00e1yode. Cajoide \u2013 Campo Loro, Paraguay \u2013 11 de octubre de 1985.\" \/>\n<meta property=\"og:url\" content=\"https:\/\/ayore.org\/ayo\/culture\/games\/cajoide-ore-chingo-nane-cureseode\/\" \/>\n<meta property=\"og:site_name\" content=\"AYOR\u00c9.ORG\" \/>\n<meta property=\"article:modified_time\" content=\"2019-02-27T02:03:33+00:00\" \/>\n<meta name=\"twitter:card\" content=\"summary_large_image\" \/>\n<script type=\"application\/ld+json\" class=\"yoast-schema-graph\">{\"@context\":\"https:\\\/\\\/schema.org\",\"@graph\":[{\"@type\":\"WebPage\",\"@id\":\"https:\\\/\\\/ayore.org\\\/ayo\\\/culture\\\/games\\\/cajoide-ore-chingo-nane-cureseode\\\/\",\"url\":\"https:\\\/\\\/ayore.org\\\/ayo\\\/culture\\\/games\\\/cajoide-ore-chingo-nane-cureseode\\\/\",\"name\":\"Pajn\u0303aminone Ayore\u0301ode: Ore Chingo \u00d1ane Cures\u00e9ode \u2022 Ayore.org\",\"isPartOf\":{\"@id\":\"https:\\\/\\\/ayore.org\\\/#website\"},\"datePublished\":\"2018-08-26T23:59:47+00:00\",\"dateModified\":\"2019-02-27T02:03:33+00:00\",\"breadcrumb\":{\"@id\":\"https:\\\/\\\/ayore.org\\\/ayo\\\/culture\\\/games\\\/cajoide-ore-chingo-nane-cureseode\\\/#breadcrumb\"},\"inLanguage\":\"ayo\",\"potentialAction\":[{\"@type\":\"ReadAction\",\"target\":[\"https:\\\/\\\/ayore.org\\\/ayo\\\/culture\\\/games\\\/cajoide-ore-chingo-nane-cureseode\\\/\"]}]},{\"@type\":\"BreadcrumbList\",\"@id\":\"https:\\\/\\\/ayore.org\\\/ayo\\\/culture\\\/games\\\/cajoide-ore-chingo-nane-cureseode\\\/#breadcrumb\",\"itemListElement\":[{\"@type\":\"ListItem\",\"position\":1,\"name\":\"Jogate bajai tu ude\u0301\",\"item\":\"https:\\\/\\\/ayore.org\\\/ayo\\\/\"},{\"@type\":\"ListItem\",\"position\":2,\"name\":\"Ayore\u0301ode adode, angurenone cucha ore\",\"item\":\"https:\\\/\\\/ayore.org\\\/ayo\\\/culture\\\/\"},{\"@type\":\"ListItem\",\"position\":3,\"name\":\"Pajn\u0303aminone Ayore\u0301ode\",\"item\":\"https:\\\/\\\/ayore.org\\\/ayo\\\/culture\\\/games\\\/\"},{\"@type\":\"ListItem\",\"position\":4,\"name\":\"Cajoide &#8211; Ore chingo n\u0303ane cures\u00e9ode\"}]},{\"@type\":\"WebSite\",\"@id\":\"https:\\\/\\\/ayore.org\\\/#website\",\"url\":\"https:\\\/\\\/ayore.org\\\/\",\"name\":\"AYOR\u00c9.ORG\",\"description\":\"Ayore\u0301ode Uruode, Adode, Jnani bajade ati\u0301go ore \",\"potentialAction\":[{\"@type\":\"SearchAction\",\"target\":{\"@type\":\"EntryPoint\",\"urlTemplate\":\"https:\\\/\\\/ayore.org\\\/?s={search_term_string}\"},\"query-input\":{\"@type\":\"PropertyValueSpecification\",\"valueRequired\":true,\"valueName\":\"search_term_string\"}}],\"inLanguage\":\"ayo\"}]}<\/script>\n<!-- \/ Yoast SEO plugin. -->","yoast_head_json":{"title":"Pajn\u0303aminone Ayore\u0301ode: Ore Chingo \u00d1ane Cures\u00e9ode \u2022 Ayore.org","robots":{"index":"index","follow":"follow","max-snippet":"max-snippet:-1","max-image-preview":"max-image-preview:large","max-video-preview":"max-video-preview:-1"},"canonical":"https:\/\/ayore.org\/ayo\/culture\/games\/cajoide-ore-chingo-nane-cureseode\/","og_locale":"en_US","og_type":"article","og_title":"Pajn\u0303aminone Ayore\u0301ode: Ore Chingo \u00d1ane Cures\u00e9ode \u2022 Ayore.org","og_description":"Paj\u00f1aminone &#8211; Curesei Curesei Ore chingo \u00f1ane cures\u00e9ode, ga jnanione chijna u\u00f1ai, ga jnacarode chijna u\u00f1ai. Ujetiga ore curesei char\u00e3ja ore oidi ga ore yucho. Ore is\u00edode u dach\u00e1yode. Cajoide \u2013 Campo Loro, Paraguay \u2013 11 de octubre de 1985.","og_url":"https:\/\/ayore.org\/ayo\/culture\/games\/cajoide-ore-chingo-nane-cureseode\/","og_site_name":"AYOR\u00c9.ORG","article_modified_time":"2019-02-27T02:03:33+00:00","twitter_card":"summary_large_image","schema":{"@context":"https:\/\/schema.org","@graph":[{"@type":"WebPage","@id":"https:\/\/ayore.org\/ayo\/culture\/games\/cajoide-ore-chingo-nane-cureseode\/","url":"https:\/\/ayore.org\/ayo\/culture\/games\/cajoide-ore-chingo-nane-cureseode\/","name":"Pajn\u0303aminone Ayore\u0301ode: Ore Chingo \u00d1ane Cures\u00e9ode \u2022 Ayore.org","isPartOf":{"@id":"https:\/\/ayore.org\/#website"},"datePublished":"2018-08-26T23:59:47+00:00","dateModified":"2019-02-27T02:03:33+00:00","breadcrumb":{"@id":"https:\/\/ayore.org\/ayo\/culture\/games\/cajoide-ore-chingo-nane-cureseode\/#breadcrumb"},"inLanguage":"ayo","potentialAction":[{"@type":"ReadAction","target":["https:\/\/ayore.org\/ayo\/culture\/games\/cajoide-ore-chingo-nane-cureseode\/"]}]},{"@type":"BreadcrumbList","@id":"https:\/\/ayore.org\/ayo\/culture\/games\/cajoide-ore-chingo-nane-cureseode\/#breadcrumb","itemListElement":[{"@type":"ListItem","position":1,"name":"Jogate bajai tu ude\u0301","item":"https:\/\/ayore.org\/ayo\/"},{"@type":"ListItem","position":2,"name":"Ayore\u0301ode adode, angurenone cucha ore","item":"https:\/\/ayore.org\/ayo\/culture\/"},{"@type":"ListItem","position":3,"name":"Pajn\u0303aminone Ayore\u0301ode","item":"https:\/\/ayore.org\/ayo\/culture\/games\/"},{"@type":"ListItem","position":4,"name":"Cajoide &#8211; Ore chingo n\u0303ane cures\u00e9ode"}]},{"@type":"WebSite","@id":"https:\/\/ayore.org\/#website","url":"https:\/\/ayore.org\/","name":"AYOR\u00c9.ORG","description":"Ayore\u0301ode Uruode, Adode, Jnani bajade ati\u0301go ore ","potentialAction":[{"@type":"SearchAction","target":{"@type":"EntryPoint","urlTemplate":"https:\/\/ayore.org\/?s={search_term_string}"},"query-input":{"@type":"PropertyValueSpecification","valueRequired":true,"valueName":"search_term_string"}}],"inLanguage":"ayo"}]}},"_links":{"self":[{"href":"https:\/\/ayore.org\/ayo\/wp-json\/wp\/v2\/pages\/676","targetHints":{"allow":["GET"]}}],"collection":[{"href":"https:\/\/ayore.org\/ayo\/wp-json\/wp\/v2\/pages"}],"about":[{"href":"https:\/\/ayore.org\/ayo\/wp-json\/wp\/v2\/types\/page"}],"author":[{"embeddable":true,"href":"https:\/\/ayore.org\/ayo\/wp-json\/wp\/v2\/users\/2"}],"replies":[{"embeddable":true,"href":"https:\/\/ayore.org\/ayo\/wp-json\/wp\/v2\/comments?post=676"}],"version-history":[{"count":4,"href":"https:\/\/ayore.org\/ayo\/wp-json\/wp\/v2\/pages\/676\/revisions"}],"predecessor-version":[{"id":3110,"href":"https:\/\/ayore.org\/ayo\/wp-json\/wp\/v2\/pages\/676\/revisions\/3110"}],"up":[{"embeddable":true,"href":"https:\/\/ayore.org\/ayo\/wp-json\/wp\/v2\/pages\/709"}],"wp:attachment":[{"href":"https:\/\/ayore.org\/ayo\/wp-json\/wp\/v2\/media?parent=676"}],"curies":[{"name":"wp","href":"https:\/\/api.w.org\/{rel}","templated":true}]}}