{"id":669,"date":"2018-08-26T23:50:19","date_gmt":"2018-08-26T23:50:19","guid":{"rendered":"https:\/\/ayore.org\/?page_id=669"},"modified":"2019-02-27T01:40:43","modified_gmt":"2019-02-27T01:40:43","slug":"pasedate-cucha-pibosode-ome-tujurua-picanere","status":"publish","type":"page","link":"https:\/\/ayore.org\/ayo\/culture\/foods\/pasedate-cucha-pibosode-ome-tujurua-picanere\/","title":{"rendered":"Pas\u00e9dat\u00e9 &#8211; Cucha pibosode ome Tuj\u00farua Picaner\u00e9"},"content":{"rendered":"<p><strong><em>Pas\u00e9dat\u00e9 ur\u00e1sade ore \u00edode u udojo:\u00a0<\/em><\/strong><em>Pas\u00e9dat\u00e9<\/em> ip\u00edsi u <em>Toju\u0301rua Picaner\u00e9<\/em>. U\u00f1aria i tu <em>Toque\u0301<\/em>. Daj\u00e1bi i tu <em>Chic\u00f3pode<\/em>. Isogui\u00e9 i tu <em>Us\u00faa<\/em>.<\/p>\n<p>Ducod\u00e9goto u <em>Pas\u00e9dat\u00e9<\/em>.\u00a0 Abai bajai i tu <em>Imocar\u00e3i <\/em>ga ducosi chequ\u00e9s\u00e3re. Ducosi pos.<\/p>\n<p>Dat\u00e9 ip\u00edsi u <em>Ocojnamen\u00e9 Jnurumin\u00e9<\/em>. Dat\u00e9 ica p\u00f5 ga aj\u00e9nique chequ\u00e9s\u00e3re. Dai ip\u00edsi u <em>Yuran\u00e9 Picanerai<\/em>. Choqu\u00edjnape dai nanique ga tosi ome. <em>Pas\u00e9dat\u00e9<\/em> daj\u00e1bi u\u00f1ai qu\u00e9 eca ga d\u00e9ji Pai Idai ga gus\u00fap\u00fasu ut\u00e9. Ip\u00edsi u <em>Iringai<\/em> nanique.<\/p>\n<p>Abai iji der\u00e9jnane unojo i tu <em>Dorojoi Chiquenori<\/em>, <em>Ojicureid\u00e9<\/em>. (Apodo: <em>Presidente<\/em>.)<\/p>\n<p><em>Pas\u00e9dat\u00e9<\/em> ip\u00edsi u <em>Toj\u00farua<\/em> ga i to\u0303\u0301raji unojo: Ujeta jnan\u00edrique to\u0303\u0301ra dacot\u00e9 ga chijnoque dag\u00fachade ga chiret\u00e1si dep\u00e9 ga ch\u00f3si \u2018toj\u00faruru\u2019 aja dajesua.<\/p>\n<p><strong><em>Yoquibosode:<\/em><\/strong><\/p>\n<p>Yim\u00e9co doridie ica ga yijm\u00f3co. Yicaruaco\u00a0 dajud\u00ede.\u00a0 Yip\u00e9co cut\u00e9rone iji monte. Yib\u00e1jo ga yijn\u00f3jo cut\u00e9rone. Ga yij\u00ednango yocabayode uje ore bac.<\/p>\n<p>It\u00e9 ore chimere doridie to. Yij\u00f3chago chic\u00f3rone to.<\/p>\n<p>Yij\u00e1rogo damini aja pucutad\u00e9 iji mimir\u00e9 aj\u00f1unie, j\u00e9 aja dutuedie aj\u00f1unie ri\u0303. Paraquedie uje yij\u00e1rogo cucha aj\u00f1unie. Yip\u00e9co echoi.<\/p>\n<p>Uner\u00e9jna yacorenie arione, yaj\u00f3guedie. Ore chibore yaj\u00f3guedie. Yij\u00f3chagome. Ore chiqueta ejo tome. Ore chedu chan\u00faone aja ejo, pidode. Yocade, yoca aj\u00e1mone u apiejnane ga yip\u00e9co.<\/p>\n<p>Uje uaj\u00e1cho dosip\u00e9ode ga yarengoi. Cob\u00e9ode, mu j\u00e9 yajo.<\/p>\n<p>Dachabeque piracadie nanique. Cojnanie ore chiro dop\u00e9ode ga ore ch\u00e1taja peroguedie.<\/p>\n<p><em>Pas\u00e9dat\u00e9 \u2013 Campo Loro, Paraguay \u2013 1988.<\/em><\/p>\n<p><em>Marina de Morarie chur\u00fas\u00e3re Pas\u00e9dat\u00e9 atatagode udojo nanique.<\/em><\/p>\n<div class=\"navigation\"><div class=\"alignleft\"><a href=\"https:\/\/ayore.org\/ayo\/culture\/foods\/\"title=\"Ayore\u0301ode Posode\"><img loading=\"lazy\" decoding=\"async\" src=\"https:\/\/ayore.org\/wp-content\/uploads\/2018\/10\/left-arrow.png\" width=\"50\" height=\"48\" alt=\"left arrow\"><\/a><\/div><div class=\"alignright\"><a href=\"https:\/\/ayore.org\/ayo\/culture\/games\/\"title=\"Pajn\u0303aminone Ayore\u0301ode\"><img loading=\"lazy\" decoding=\"async\" src=\"https:\/\/ayore.org\/wp-content\/uploads\/2018\/10\/right-arrow.png\" width=\"50\" height=\"48\" alt=\"right arrow\"><\/a><\/div>\n","protected":false},"excerpt":{"rendered":"<p>Pas\u00e9dat\u00e9 ur\u00e1sade ore \u00edode u udojo:\u00a0Pas\u00e9dat\u00e9 ip\u00edsi u Toju\u0301rua Picaner\u00e9. U\u00f1aria i tu Toque\u0301. Daj\u00e1bi i tu Chic\u00f3pode. Isogui\u00e9 i tu Us\u00faa. Ducod\u00e9goto u Pas\u00e9dat\u00e9.\u00a0 Abai bajai i tu Imocar\u00e3i ga ducosi chequ\u00e9s\u00e3re. Ducosi pos. Dat\u00e9 ip\u00edsi u Ocojnamen\u00e9 Jnurumin\u00e9.<\/p>\n","protected":false},"author":2,"featured_media":0,"parent":707,"menu_order":0,"comment_status":"closed","ping_status":"closed","template":"","meta":{"footnotes":""},"class_list":["post-669","page","type-page","status-publish","hentry"],"yoast_head":"<!-- This site is optimized with the Yoast SEO plugin v27.4 - https:\/\/yoast.com\/product\/yoast-seo-wordpress\/ -->\n<title>Ayore\u0301ode Posode: Cucha Pibosode Ome Tuj\u00farua Picaner\u00e9 \u2022 Ayore.org<\/title>\n<meta name=\"robots\" content=\"index, follow, max-snippet:-1, max-image-preview:large, max-video-preview:-1\" \/>\n<link rel=\"canonical\" href=\"https:\/\/ayore.org\/ayo\/culture\/foods\/pasedate-cucha-pibosode-ome-tujurua-picanere\/\" \/>\n<meta property=\"og:locale\" content=\"en_US\" \/>\n<meta property=\"og:type\" content=\"article\" \/>\n<meta property=\"og:title\" content=\"Ayore\u0301ode Posode: Cucha Pibosode Ome Tuj\u00farua Picaner\u00e9 \u2022 Ayore.org\" \/>\n<meta property=\"og:description\" content=\"Pas\u00e9dat\u00e9 ur\u00e1sade ore \u00edode u udojo:\u00a0Pas\u00e9dat\u00e9 ip\u00edsi u Toju\u0301rua Picaner\u00e9. U\u00f1aria i tu Toque\u0301. Daj\u00e1bi i tu Chic\u00f3pode. Isogui\u00e9 i tu Us\u00faa. Ducod\u00e9goto u Pas\u00e9dat\u00e9.\u00a0 Abai bajai i tu Imocar\u00e3i ga ducosi chequ\u00e9s\u00e3re. Ducosi pos. Dat\u00e9 ip\u00edsi u Ocojnamen\u00e9 Jnurumin\u00e9.\" \/>\n<meta property=\"og:url\" content=\"https:\/\/ayore.org\/ayo\/culture\/foods\/pasedate-cucha-pibosode-ome-tujurua-picanere\/\" \/>\n<meta property=\"og:site_name\" content=\"AYOR\u00c9.ORG\" \/>\n<meta property=\"article:modified_time\" content=\"2019-02-27T01:40:43+00:00\" \/>\n<meta name=\"twitter:card\" content=\"summary_large_image\" \/>\n<meta name=\"twitter:label1\" content=\"Est. reading time\" \/>\n\t<meta name=\"twitter:data1\" content=\"1 minute\" \/>\n<script type=\"application\/ld+json\" class=\"yoast-schema-graph\">{\"@context\":\"https:\\\/\\\/schema.org\",\"@graph\":[{\"@type\":\"WebPage\",\"@id\":\"https:\\\/\\\/ayore.org\\\/ayo\\\/culture\\\/foods\\\/pasedate-cucha-pibosode-ome-tujurua-picanere\\\/\",\"url\":\"https:\\\/\\\/ayore.org\\\/ayo\\\/culture\\\/foods\\\/pasedate-cucha-pibosode-ome-tujurua-picanere\\\/\",\"name\":\"Ayore\u0301ode Posode: Cucha Pibosode Ome Tuj\u00farua Picaner\u00e9 \u2022 Ayore.org\",\"isPartOf\":{\"@id\":\"https:\\\/\\\/ayore.org\\\/#website\"},\"datePublished\":\"2018-08-26T23:50:19+00:00\",\"dateModified\":\"2019-02-27T01:40:43+00:00\",\"breadcrumb\":{\"@id\":\"https:\\\/\\\/ayore.org\\\/ayo\\\/culture\\\/foods\\\/pasedate-cucha-pibosode-ome-tujurua-picanere\\\/#breadcrumb\"},\"inLanguage\":\"ayo\",\"potentialAction\":[{\"@type\":\"ReadAction\",\"target\":[\"https:\\\/\\\/ayore.org\\\/ayo\\\/culture\\\/foods\\\/pasedate-cucha-pibosode-ome-tujurua-picanere\\\/\"]}]},{\"@type\":\"BreadcrumbList\",\"@id\":\"https:\\\/\\\/ayore.org\\\/ayo\\\/culture\\\/foods\\\/pasedate-cucha-pibosode-ome-tujurua-picanere\\\/#breadcrumb\",\"itemListElement\":[{\"@type\":\"ListItem\",\"position\":1,\"name\":\"Jogate bajai tu ude\u0301\",\"item\":\"https:\\\/\\\/ayore.org\\\/ayo\\\/\"},{\"@type\":\"ListItem\",\"position\":2,\"name\":\"Ayore\u0301ode adode, angurenone cucha ore\",\"item\":\"https:\\\/\\\/ayore.org\\\/ayo\\\/culture\\\/\"},{\"@type\":\"ListItem\",\"position\":3,\"name\":\"Ayore\u0301ode Posode\",\"item\":\"https:\\\/\\\/ayore.org\\\/ayo\\\/culture\\\/foods\\\/\"},{\"@type\":\"ListItem\",\"position\":4,\"name\":\"Pas\u00e9dat\u00e9 &#8211; Cucha pibosode ome Tuj\u00farua Picaner\u00e9\"}]},{\"@type\":\"WebSite\",\"@id\":\"https:\\\/\\\/ayore.org\\\/#website\",\"url\":\"https:\\\/\\\/ayore.org\\\/\",\"name\":\"AYOR\u00c9.ORG\",\"description\":\"Ayore\u0301ode Uruode, Adode, Jnani bajade ati\u0301go ore \",\"potentialAction\":[{\"@type\":\"SearchAction\",\"target\":{\"@type\":\"EntryPoint\",\"urlTemplate\":\"https:\\\/\\\/ayore.org\\\/?s={search_term_string}\"},\"query-input\":{\"@type\":\"PropertyValueSpecification\",\"valueRequired\":true,\"valueName\":\"search_term_string\"}}],\"inLanguage\":\"ayo\"}]}<\/script>\n<!-- \/ Yoast SEO plugin. -->","yoast_head_json":{"title":"Ayore\u0301ode Posode: Cucha Pibosode Ome Tuj\u00farua Picaner\u00e9 \u2022 Ayore.org","robots":{"index":"index","follow":"follow","max-snippet":"max-snippet:-1","max-image-preview":"max-image-preview:large","max-video-preview":"max-video-preview:-1"},"canonical":"https:\/\/ayore.org\/ayo\/culture\/foods\/pasedate-cucha-pibosode-ome-tujurua-picanere\/","og_locale":"en_US","og_type":"article","og_title":"Ayore\u0301ode Posode: Cucha Pibosode Ome Tuj\u00farua Picaner\u00e9 \u2022 Ayore.org","og_description":"Pas\u00e9dat\u00e9 ur\u00e1sade ore \u00edode u udojo:\u00a0Pas\u00e9dat\u00e9 ip\u00edsi u Toju\u0301rua Picaner\u00e9. U\u00f1aria i tu Toque\u0301. Daj\u00e1bi i tu Chic\u00f3pode. Isogui\u00e9 i tu Us\u00faa. Ducod\u00e9goto u Pas\u00e9dat\u00e9.\u00a0 Abai bajai i tu Imocar\u00e3i ga ducosi chequ\u00e9s\u00e3re. Ducosi pos. Dat\u00e9 ip\u00edsi u Ocojnamen\u00e9 Jnurumin\u00e9.","og_url":"https:\/\/ayore.org\/ayo\/culture\/foods\/pasedate-cucha-pibosode-ome-tujurua-picanere\/","og_site_name":"AYOR\u00c9.ORG","article_modified_time":"2019-02-27T01:40:43+00:00","twitter_card":"summary_large_image","twitter_misc":{"Est. reading time":"1 minute"},"schema":{"@context":"https:\/\/schema.org","@graph":[{"@type":"WebPage","@id":"https:\/\/ayore.org\/ayo\/culture\/foods\/pasedate-cucha-pibosode-ome-tujurua-picanere\/","url":"https:\/\/ayore.org\/ayo\/culture\/foods\/pasedate-cucha-pibosode-ome-tujurua-picanere\/","name":"Ayore\u0301ode Posode: Cucha Pibosode Ome Tuj\u00farua Picaner\u00e9 \u2022 Ayore.org","isPartOf":{"@id":"https:\/\/ayore.org\/#website"},"datePublished":"2018-08-26T23:50:19+00:00","dateModified":"2019-02-27T01:40:43+00:00","breadcrumb":{"@id":"https:\/\/ayore.org\/ayo\/culture\/foods\/pasedate-cucha-pibosode-ome-tujurua-picanere\/#breadcrumb"},"inLanguage":"ayo","potentialAction":[{"@type":"ReadAction","target":["https:\/\/ayore.org\/ayo\/culture\/foods\/pasedate-cucha-pibosode-ome-tujurua-picanere\/"]}]},{"@type":"BreadcrumbList","@id":"https:\/\/ayore.org\/ayo\/culture\/foods\/pasedate-cucha-pibosode-ome-tujurua-picanere\/#breadcrumb","itemListElement":[{"@type":"ListItem","position":1,"name":"Jogate bajai tu ude\u0301","item":"https:\/\/ayore.org\/ayo\/"},{"@type":"ListItem","position":2,"name":"Ayore\u0301ode adode, angurenone cucha ore","item":"https:\/\/ayore.org\/ayo\/culture\/"},{"@type":"ListItem","position":3,"name":"Ayore\u0301ode Posode","item":"https:\/\/ayore.org\/ayo\/culture\/foods\/"},{"@type":"ListItem","position":4,"name":"Pas\u00e9dat\u00e9 &#8211; Cucha pibosode ome Tuj\u00farua Picaner\u00e9"}]},{"@type":"WebSite","@id":"https:\/\/ayore.org\/#website","url":"https:\/\/ayore.org\/","name":"AYOR\u00c9.ORG","description":"Ayore\u0301ode Uruode, Adode, Jnani bajade ati\u0301go ore ","potentialAction":[{"@type":"SearchAction","target":{"@type":"EntryPoint","urlTemplate":"https:\/\/ayore.org\/?s={search_term_string}"},"query-input":{"@type":"PropertyValueSpecification","valueRequired":true,"valueName":"search_term_string"}}],"inLanguage":"ayo"}]}},"_links":{"self":[{"href":"https:\/\/ayore.org\/ayo\/wp-json\/wp\/v2\/pages\/669","targetHints":{"allow":["GET"]}}],"collection":[{"href":"https:\/\/ayore.org\/ayo\/wp-json\/wp\/v2\/pages"}],"about":[{"href":"https:\/\/ayore.org\/ayo\/wp-json\/wp\/v2\/types\/page"}],"author":[{"embeddable":true,"href":"https:\/\/ayore.org\/ayo\/wp-json\/wp\/v2\/users\/2"}],"replies":[{"embeddable":true,"href":"https:\/\/ayore.org\/ayo\/wp-json\/wp\/v2\/comments?post=669"}],"version-history":[{"count":4,"href":"https:\/\/ayore.org\/ayo\/wp-json\/wp\/v2\/pages\/669\/revisions"}],"predecessor-version":[{"id":3097,"href":"https:\/\/ayore.org\/ayo\/wp-json\/wp\/v2\/pages\/669\/revisions\/3097"}],"up":[{"embeddable":true,"href":"https:\/\/ayore.org\/ayo\/wp-json\/wp\/v2\/pages\/707"}],"wp:attachment":[{"href":"https:\/\/ayore.org\/ayo\/wp-json\/wp\/v2\/media?parent=669"}],"curies":[{"name":"wp","href":"https:\/\/api.w.org\/{rel}","templated":true}]}}