{"id":667,"date":"2018-08-26T23:47:27","date_gmt":"2018-08-26T23:47:27","guid":{"rendered":"https:\/\/ayore.org\/?page_id=667"},"modified":"2019-02-23T03:52:12","modified_gmt":"2019-02-23T03:52:12","slug":"oidabiade-ore-pijnane-aja-guede","status":"publish","type":"page","link":"https:\/\/ayore.org\/ayo\/culture\/beliefs\/oidabiade-ore-pijnane-aja-guede\/","title":{"rendered":"Oid\u00e1biad\u00e9 &#8211; Ore pijnane aja gued\u00e9"},"content":{"rendered":"<p><em>Yoc\u00e1qui Jnupab\u00e9jnaringui<\/em><\/p>\n<p><em><strong>Yocaranone u yoc\u00e1qui jnupab\u00e9jnaringui:<\/strong><\/em><\/p>\n<p>\u201cIapa\u0301, \u00bfo\u0303\u0301ra\u00f1oji rique nanique a?\u201d<\/p>\n<p>\u201cYocaranone u yoc\u00e1qui jnupab\u00e9jnaringui.\u201d<\/p>\n<p><strong>Ayor\u00e9ode ore pijnane aja gued\u00e9 nanique:<\/strong><\/p>\n<p>Mu gued\u00e9 i tu <em>Yoquimamito<\/em>, ga ore cho Dupade iji gued\u00e9 nanique. Ore pijnane aja gued\u00e9: \u2018\u00a1<em>Yoquimamito<\/em> \u00e9, asi ome yoque to \u00e9!\u2019 Ore tibite duras\u00e9, jeoga gat\u00f3coro, jeoga gued\u00e9 jnoringai. Gued\u00e9 gue\u0303rate cuchade ome ore.\u201d<\/p>\n<p><strong>Cabayudie chajna dajeque u\u00f1ai ga Guedoside chajna dajeque u\u00f1ai nanique:<\/strong><\/p>\n<p>Cabayudie chajna dajeque u\u00f1ai ujetiga ore dirase bajaque ga ayor\u00e9 togode nijiapo ri\u0303. Guedoside chajna dajeque u\u00f1ai. Bajai tu guedoside ga chequ\u00e9s\u00e3re Ayor\u00e9ode ga ore top\u00edsi.<\/p>\n<p><strong>Coj\u00f1\u00f3cho ayor\u00e9ode nanique:<\/strong><\/p>\n<p>Coj\u00f1\u00f3cho ayor\u00e9ode. Chi ayor\u00e9 Aramato, cho otad\u00e1bode. Ore chuj\u00e9 Yamochai ga chijaro ajnoqu\u00e9ode ga chisite ajnoqu\u00e9ode. Ga p\u00e9su ayor\u00e9ode adode tiji jnese, Aramato. P\u00e9su ayor\u00e9; chijaro ajnoqu\u00e9ode, Yamochai ajnoqu\u00e9ode. Chimate ga chibote uj\u00f1ari aja ajei. Chimate ga ayor\u00e9. Chi chich\u00e1ji ti. Chiese coj\u00f1one yocar\u00e3pi tu Yamochai ajnoqu\u00e9ode.<\/p>\n<p><strong>Dis\u00edrique chicho yocade ga yocade que chayo:<\/strong><\/p>\n<p>Cuchisode garan\u00e9 tu chequ\u00e9 cuch\u00e1bia. Su\u00e9 cuchade. Yocade su\u00e9 cuchisode ore iji er\u00e1mi. Chi chijire dejode ga chejna cuchade.<\/p>\n<p>Chi dis\u00edrique chirote gaj\u00f1o. \u2018<em>Cod\u00e9 \u00e1<\/em>, yi ga yuj\u00e9 jeta yirote.\u2019 Chijna doji tome.<\/p>\n<p>Ga dacode chojninga: \u2018Ajuse bero ome.\u2019<\/p>\n<p>Chejna dojode cucha. Chicho gaj\u00f1o, chimoche\u0303re \u00f3goro. Ga ajnango\u0301i u. Jecute yocade que chayo; chinoningase gu.<\/p>\n<p><em>Oid\u00e1biad\u00e9 \u2013 Campo Loro, Paraguay \u2013 1988.<\/em><\/p>\n<p><em>Marina de Morarie chur\u00fas\u00e3re Oid\u00e1biad\u00e9 atatagode udojo.<\/em><\/p>\n<div class=\"navigation\"><div class=\"alignleft\"><a href=\"https:\/\/ayore.org\/ayo\/culture\/beliefs\/oidabiade-yocayode-ore-todode-cucha\/\"title=\"Oid\u00e1biad\u00e9 &#8211; Yocayode ore t\u00f3dode cucha\"><img loading=\"lazy\" decoding=\"async\" src=\"https:\/\/ayore.org\/wp-content\/uploads\/2018\/10\/left-arrow.png\" width=\"50\" height=\"48\" alt=\"left arrow\"><\/a><\/div><div class=\"alignright\"><a href=\"https:\/\/ayore.org\/ayo\/culture\/beliefs\/iquide-chugupere-chuje-ayoreode\/\"title=\"I\u0301quide\u0301 &#8211; Chugu\u0301pere chuje\u0301 ayore\u0301ode\"><img loading=\"lazy\" decoding=\"async\" src=\"https:\/\/ayore.org\/wp-content\/uploads\/2018\/10\/right-arrow.png\" width=\"50\" height=\"48\" alt=\"right arrow\"><\/a><\/div>\n","protected":false},"excerpt":{"rendered":"<p>Yoc\u00e1qui Jnupab\u00e9jnaringui Yocaranone u yoc\u00e1qui jnupab\u00e9jnaringui: \u201cIapa\u0301, \u00bfo\u0303\u0301ra\u00f1oji rique nanique a?\u201d \u201cYocaranone u yoc\u00e1qui jnupab\u00e9jnaringui.\u201d Ayor\u00e9ode ore pijnane aja gued\u00e9 nanique: Mu gued\u00e9 i tu Yoquimamito, ga ore cho Dupade iji gued\u00e9 nanique. Ore pijnane aja gued\u00e9: \u2018\u00a1Yoquimamito \u00e9, asi<\/p>\n","protected":false},"author":2,"featured_media":0,"parent":703,"menu_order":0,"comment_status":"closed","ping_status":"closed","template":"","meta":{"footnotes":""},"class_list":["post-667","page","type-page","status-publish","hentry"],"yoast_head":"<!-- This site is optimized with the Yoast SEO plugin v27.4 - https:\/\/yoast.com\/product\/yoast-seo-wordpress\/ -->\n<title>Ayore\u0301ode Anguretigade Cucha: Ore Pijnane Aja Gued\u00e9 \u2022 Ayore.org<\/title>\n<meta name=\"robots\" content=\"index, follow, max-snippet:-1, max-image-preview:large, max-video-preview:-1\" \/>\n<link rel=\"canonical\" href=\"https:\/\/ayore.org\/ayo\/culture\/beliefs\/oidabiade-ore-pijnane-aja-guede\/\" \/>\n<meta property=\"og:locale\" content=\"en_US\" \/>\n<meta property=\"og:type\" content=\"article\" \/>\n<meta property=\"og:title\" content=\"Ayore\u0301ode Anguretigade Cucha: Ore Pijnane Aja Gued\u00e9 \u2022 Ayore.org\" \/>\n<meta property=\"og:description\" content=\"Yoc\u00e1qui Jnupab\u00e9jnaringui Yocaranone u yoc\u00e1qui jnupab\u00e9jnaringui: \u201cIapa\u0301, \u00bfo\u0303\u0301ra\u00f1oji rique nanique a?\u201d \u201cYocaranone u yoc\u00e1qui jnupab\u00e9jnaringui.\u201d Ayor\u00e9ode ore pijnane aja gued\u00e9 nanique: Mu gued\u00e9 i tu Yoquimamito, ga ore cho Dupade iji gued\u00e9 nanique. Ore pijnane aja gued\u00e9: \u2018\u00a1Yoquimamito \u00e9, asi\" \/>\n<meta property=\"og:url\" content=\"https:\/\/ayore.org\/ayo\/culture\/beliefs\/oidabiade-ore-pijnane-aja-guede\/\" \/>\n<meta property=\"og:site_name\" content=\"AYOR\u00c9.ORG\" \/>\n<meta property=\"article:modified_time\" content=\"2019-02-23T03:52:12+00:00\" \/>\n<meta name=\"twitter:card\" content=\"summary_large_image\" \/>\n<meta name=\"twitter:label1\" content=\"Est. reading time\" \/>\n\t<meta name=\"twitter:data1\" content=\"1 minute\" \/>\n<script type=\"application\/ld+json\" class=\"yoast-schema-graph\">{\"@context\":\"https:\\\/\\\/schema.org\",\"@graph\":[{\"@type\":\"WebPage\",\"@id\":\"https:\\\/\\\/ayore.org\\\/ayo\\\/culture\\\/beliefs\\\/oidabiade-ore-pijnane-aja-guede\\\/\",\"url\":\"https:\\\/\\\/ayore.org\\\/ayo\\\/culture\\\/beliefs\\\/oidabiade-ore-pijnane-aja-guede\\\/\",\"name\":\"Ayore\u0301ode Anguretigade Cucha: Ore Pijnane Aja Gued\u00e9 \u2022 Ayore.org\",\"isPartOf\":{\"@id\":\"https:\\\/\\\/ayore.org\\\/#website\"},\"datePublished\":\"2018-08-26T23:47:27+00:00\",\"dateModified\":\"2019-02-23T03:52:12+00:00\",\"breadcrumb\":{\"@id\":\"https:\\\/\\\/ayore.org\\\/ayo\\\/culture\\\/beliefs\\\/oidabiade-ore-pijnane-aja-guede\\\/#breadcrumb\"},\"inLanguage\":\"ayo\",\"potentialAction\":[{\"@type\":\"ReadAction\",\"target\":[\"https:\\\/\\\/ayore.org\\\/ayo\\\/culture\\\/beliefs\\\/oidabiade-ore-pijnane-aja-guede\\\/\"]}]},{\"@type\":\"BreadcrumbList\",\"@id\":\"https:\\\/\\\/ayore.org\\\/ayo\\\/culture\\\/beliefs\\\/oidabiade-ore-pijnane-aja-guede\\\/#breadcrumb\",\"itemListElement\":[{\"@type\":\"ListItem\",\"position\":1,\"name\":\"Jogate bajai tu ude\u0301\",\"item\":\"https:\\\/\\\/ayore.org\\\/ayo\\\/\"},{\"@type\":\"ListItem\",\"position\":2,\"name\":\"Ayore\u0301ode adode, angurenone cucha ore\",\"item\":\"https:\\\/\\\/ayore.org\\\/ayo\\\/culture\\\/\"},{\"@type\":\"ListItem\",\"position\":3,\"name\":\"Ayore\u0301ode Anguretigade Cucha\",\"item\":\"https:\\\/\\\/ayore.org\\\/ayo\\\/culture\\\/beliefs\\\/\"},{\"@type\":\"ListItem\",\"position\":4,\"name\":\"Oid\u00e1biad\u00e9 &#8211; Ore pijnane aja gued\u00e9\"}]},{\"@type\":\"WebSite\",\"@id\":\"https:\\\/\\\/ayore.org\\\/#website\",\"url\":\"https:\\\/\\\/ayore.org\\\/\",\"name\":\"AYOR\u00c9.ORG\",\"description\":\"Ayore\u0301ode Uruode, Adode, Jnani bajade ati\u0301go ore \",\"potentialAction\":[{\"@type\":\"SearchAction\",\"target\":{\"@type\":\"EntryPoint\",\"urlTemplate\":\"https:\\\/\\\/ayore.org\\\/?s={search_term_string}\"},\"query-input\":{\"@type\":\"PropertyValueSpecification\",\"valueRequired\":true,\"valueName\":\"search_term_string\"}}],\"inLanguage\":\"ayo\"}]}<\/script>\n<!-- \/ Yoast SEO plugin. -->","yoast_head_json":{"title":"Ayore\u0301ode Anguretigade Cucha: Ore Pijnane Aja Gued\u00e9 \u2022 Ayore.org","robots":{"index":"index","follow":"follow","max-snippet":"max-snippet:-1","max-image-preview":"max-image-preview:large","max-video-preview":"max-video-preview:-1"},"canonical":"https:\/\/ayore.org\/ayo\/culture\/beliefs\/oidabiade-ore-pijnane-aja-guede\/","og_locale":"en_US","og_type":"article","og_title":"Ayore\u0301ode Anguretigade Cucha: Ore Pijnane Aja Gued\u00e9 \u2022 Ayore.org","og_description":"Yoc\u00e1qui Jnupab\u00e9jnaringui Yocaranone u yoc\u00e1qui jnupab\u00e9jnaringui: \u201cIapa\u0301, \u00bfo\u0303\u0301ra\u00f1oji rique nanique a?\u201d \u201cYocaranone u yoc\u00e1qui jnupab\u00e9jnaringui.\u201d Ayor\u00e9ode ore pijnane aja gued\u00e9 nanique: Mu gued\u00e9 i tu Yoquimamito, ga ore cho Dupade iji gued\u00e9 nanique. Ore pijnane aja gued\u00e9: \u2018\u00a1Yoquimamito \u00e9, asi","og_url":"https:\/\/ayore.org\/ayo\/culture\/beliefs\/oidabiade-ore-pijnane-aja-guede\/","og_site_name":"AYOR\u00c9.ORG","article_modified_time":"2019-02-23T03:52:12+00:00","twitter_card":"summary_large_image","twitter_misc":{"Est. reading time":"1 minute"},"schema":{"@context":"https:\/\/schema.org","@graph":[{"@type":"WebPage","@id":"https:\/\/ayore.org\/ayo\/culture\/beliefs\/oidabiade-ore-pijnane-aja-guede\/","url":"https:\/\/ayore.org\/ayo\/culture\/beliefs\/oidabiade-ore-pijnane-aja-guede\/","name":"Ayore\u0301ode Anguretigade Cucha: Ore Pijnane Aja Gued\u00e9 \u2022 Ayore.org","isPartOf":{"@id":"https:\/\/ayore.org\/#website"},"datePublished":"2018-08-26T23:47:27+00:00","dateModified":"2019-02-23T03:52:12+00:00","breadcrumb":{"@id":"https:\/\/ayore.org\/ayo\/culture\/beliefs\/oidabiade-ore-pijnane-aja-guede\/#breadcrumb"},"inLanguage":"ayo","potentialAction":[{"@type":"ReadAction","target":["https:\/\/ayore.org\/ayo\/culture\/beliefs\/oidabiade-ore-pijnane-aja-guede\/"]}]},{"@type":"BreadcrumbList","@id":"https:\/\/ayore.org\/ayo\/culture\/beliefs\/oidabiade-ore-pijnane-aja-guede\/#breadcrumb","itemListElement":[{"@type":"ListItem","position":1,"name":"Jogate bajai tu ude\u0301","item":"https:\/\/ayore.org\/ayo\/"},{"@type":"ListItem","position":2,"name":"Ayore\u0301ode adode, angurenone cucha ore","item":"https:\/\/ayore.org\/ayo\/culture\/"},{"@type":"ListItem","position":3,"name":"Ayore\u0301ode Anguretigade Cucha","item":"https:\/\/ayore.org\/ayo\/culture\/beliefs\/"},{"@type":"ListItem","position":4,"name":"Oid\u00e1biad\u00e9 &#8211; Ore pijnane aja gued\u00e9"}]},{"@type":"WebSite","@id":"https:\/\/ayore.org\/#website","url":"https:\/\/ayore.org\/","name":"AYOR\u00c9.ORG","description":"Ayore\u0301ode Uruode, Adode, Jnani bajade ati\u0301go ore ","potentialAction":[{"@type":"SearchAction","target":{"@type":"EntryPoint","urlTemplate":"https:\/\/ayore.org\/?s={search_term_string}"},"query-input":{"@type":"PropertyValueSpecification","valueRequired":true,"valueName":"search_term_string"}}],"inLanguage":"ayo"}]}},"_links":{"self":[{"href":"https:\/\/ayore.org\/ayo\/wp-json\/wp\/v2\/pages\/667","targetHints":{"allow":["GET"]}}],"collection":[{"href":"https:\/\/ayore.org\/ayo\/wp-json\/wp\/v2\/pages"}],"about":[{"href":"https:\/\/ayore.org\/ayo\/wp-json\/wp\/v2\/types\/page"}],"author":[{"embeddable":true,"href":"https:\/\/ayore.org\/ayo\/wp-json\/wp\/v2\/users\/2"}],"replies":[{"embeddable":true,"href":"https:\/\/ayore.org\/ayo\/wp-json\/wp\/v2\/comments?post=667"}],"version-history":[{"count":3,"href":"https:\/\/ayore.org\/ayo\/wp-json\/wp\/v2\/pages\/667\/revisions"}],"predecessor-version":[{"id":3037,"href":"https:\/\/ayore.org\/ayo\/wp-json\/wp\/v2\/pages\/667\/revisions\/3037"}],"up":[{"embeddable":true,"href":"https:\/\/ayore.org\/ayo\/wp-json\/wp\/v2\/pages\/703"}],"wp:attachment":[{"href":"https:\/\/ayore.org\/ayo\/wp-json\/wp\/v2\/media?parent=667"}],"curies":[{"name":"wp","href":"https:\/\/api.w.org\/{rel}","templated":true}]}}