{"id":661,"date":"2018-08-26T23:42:26","date_gmt":"2018-08-26T23:42:26","guid":{"rendered":"https:\/\/ayore.org\/?page_id=661"},"modified":"2019-02-22T23:33:57","modified_gmt":"2019-02-22T23:33:57","slug":"oidabiade-ore-chise-diri","status":"publish","type":"page","link":"https:\/\/ayore.org\/ayo\/culture\/beliefs\/oidabiade-ore-chise-diri\/","title":{"rendered":"Oid\u00e1biad\u00e9 &#8211; Ore chise &#8216;diri&#8217;"},"content":{"rendered":"<p><strong>Pedopasade<\/strong><\/p>\n<p><em>(Los nombres esta\u0301n en cursiva)<\/em><\/p>\n<p><strong><em>\u00a0<\/em><\/strong><strong>Diri, dejai, guebei \u2013ore \u00faringane ped\u00f3pasa:<\/strong><\/p>\n<p><em>Ajatiguei \u00c9tac\u00f5ri<\/em>, <em>Jicai Chiquenoi<\/em>, ga ore guiy\u00e9 cuchade iji er\u00e1mone.\u00a0Ga ore chicai ti, ga ore chise diri eruei. Mu chi Chiquenoi chac\u00e1ja. Doi guesi, ga chac\u00e1ja. Ga ore chise diri.<\/p>\n<p>\u00c9tacorone ore chise dejai eruei. \u00c9tacorone, <em>Ajatiguei<\/em> chajuque dejai.<\/p>\n<p><em>Jicai<\/em> chajuque ijnangunua. <em>Ajatiguei<\/em> ga chise diri tud\u00e9 iji u\u00e9chai. \u00c9tac\u00f5ri chejna direcaringuei aja re ga ed\u00f3pasade u.<\/p>\n<p>Chiquenone ore chise gueb\u00e9ode ga ore chejna aja re ga ed\u00f3pasai u.<\/p>\n<p><strong>\u00a0<\/strong><strong>Echoi \u2013\u00faringai pedopasa:<\/strong><\/p>\n<ul>\n<li>Picanerane ore gajneque echoi iji Paraguay.<\/li>\n<li>Chiquenone ore gajneque echoi iji Bolivia.<\/li>\n<\/ul>\n<p><strong>\u00a0<\/strong><strong>Echoi garan\u00e9 tu cheque baj\u00e9 nanique:<\/strong><\/p>\n<p>Chi chequ\u00e9 chare\u0303i dutuedie. Ga to\u0303\u0301ra dacaranone aja, ga uneripise. Mu jorane que chiraja gar\u00e3tique cucha ga uneripise \u00e3raquegode.<\/p>\n<p>\u00c1jnamone chojninga: \u201cYiroco <em>Cod\u00e9<\/em>. Ga yajico isoc\u00e1ringome jne.\u201d<\/p>\n<p>\u00c1jnamone ore chajire mu to\u0303\u0301ra dacaranone aja daraquegu\u00e9 dutuei. Ga uniripise ichag\u00e1ja ga quene ore chiraja isocai. Ga chi uat\u00e9 toi enga echoi garan\u00e9 tu uat\u00e9.<\/p>\n<p>Dire ejoi jnani bajade ga <em>Ducaraj\u00e1men\u00e9<\/em>, <em>Sug\u00e1cad\u00e9<\/em> chucu\u00e9 ga ore chise. Ga di \u00fadi ga chojninga: \u201cYise cuch\u00e1bi ipeya echujna uat\u00e9.\u201d<\/p>\n<p>Ga acot\u00e9 ch\u00e3rei dutuedie ga chumute gai ga uneripise. Ga ore neronie chojninga: \u201c<em>Ducaraj\u00e1medat\u00e9<\/em>, asi y\u00f3guiji to ga yumuco yoc\u00e3raqueguedie gai.\u201d<\/p>\n<p>J\u00e9 u uje Picanerane cho ded\u00f3pasade iji uje Picaner\u00e9 diyaque. Ore chajm\u00e1rap\u00fasu.<\/p>\n<p><strong>\u00a0<\/strong><strong>Igabi (Guid\u00e1yode)<\/strong><\/p>\n<p>Igabi u uje Bolivia, Paraguay ore chuj\u00e9 \u00f1ane ga ore chijna aja re Paraguay gosode.<\/p>\n<p>Ga uac\u00e1quiode ore chopise dar\u00e1sa \u00f1ane iji Ig\u00e1bi. Bolivia edugu\u00e9jna cuch\u00e1bi u <em>Ajugor\u00f3cuch\u00e1tique<\/em>.<\/p>\n<p>Paraguay edugu\u00e9jnane u: <em>Sug\u00e1cad\u00e9 Picanerai<\/em>. <em>Presidente<\/em> yumin\u00f3ri tu. <em>Ducaraj\u00e1men\u00e9<\/em> ga guidoboi chariso\u0303\u0301ri u <em>Yacamaque<\/em>. Chiqueno <em>Yacamaque<\/em>.<\/p>\n<p><strong><em>\u00a0<\/em><\/strong><strong>Ore guiyaque cuch\u00e1rique ga ore cho ded\u00f3pasade iji:<\/strong><\/p>\n<p>Ore ch\u00e3raque dedopasade ome \u00f1ane.<\/p>\n<p><em>Oid\u00e1biad\u00e9 \u2013 Campo Loro, Paraguay \u2013 1988.<\/em><\/p>\n<p><em>Marina de Morarie chur\u00fas\u00e3re Oid\u00e1biad\u00e9 atatagode udojo nanique.<\/em><\/p>\n<div class=\"navigation\"><div class=\"alignleft\"><a href=\"https:\/\/ayore.org\/ayo\/culture\/beliefs\/oidabiade-coracha-jnungori-u\/\"title=\"Oidabiade &#8211; Cor\u00e3cha Jnungori U\"><img loading=\"lazy\" decoding=\"async\" src=\"https:\/\/ayore.org\/wp-content\/uploads\/2018\/10\/left-arrow.png\" width=\"50\" height=\"48\" alt=\"left arrow\"><\/a><\/div><div class=\"alignright\"><a href=\"https:\/\/ayore.org\/ayo\/culture\/beliefs\/oidabiade-yocayode-ore-todode-cucha\/\"title=\"Oid\u00e1biad\u00e9 &#8211; Yocayode ore t\u00f3dode cucha\"><img loading=\"lazy\" decoding=\"async\" src=\"https:\/\/ayore.org\/wp-content\/uploads\/2018\/10\/right-arrow.png\" width=\"50\" height=\"48\" alt=\"right arrow\"><\/a><\/div>\n","protected":false},"excerpt":{"rendered":"<p>Pedopasade (Los nombres esta\u0301n en cursiva) \u00a0Diri, dejai, guebei \u2013ore \u00faringane ped\u00f3pasa: Ajatiguei \u00c9tac\u00f5ri, Jicai Chiquenoi, ga ore guiy\u00e9 cuchade iji er\u00e1mone.\u00a0Ga ore chicai ti, ga ore chise diri eruei. Mu chi Chiquenoi chac\u00e1ja. Doi guesi, ga chac\u00e1ja. Ga ore<\/p>\n","protected":false},"author":2,"featured_media":0,"parent":703,"menu_order":0,"comment_status":"closed","ping_status":"closed","template":"","meta":{"footnotes":""},"class_list":["post-661","page","type-page","status-publish","hentry"],"yoast_head":"<!-- This site is optimized with the Yoast SEO plugin v27.4 - https:\/\/yoast.com\/product\/yoast-seo-wordpress\/ -->\n<title>Ayore\u0301ode Anguretigade Cucha: Ore Chise &#039;Diri&#039; \u2022 Ayore.org<\/title>\n<meta name=\"robots\" content=\"index, follow, max-snippet:-1, max-image-preview:large, max-video-preview:-1\" \/>\n<link rel=\"canonical\" href=\"https:\/\/ayore.org\/ayo\/culture\/beliefs\/oidabiade-ore-chise-diri\/\" \/>\n<meta property=\"og:locale\" content=\"en_US\" \/>\n<meta property=\"og:type\" content=\"article\" \/>\n<meta property=\"og:title\" content=\"Ayore\u0301ode Anguretigade Cucha: Ore Chise &#039;Diri&#039; \u2022 Ayore.org\" \/>\n<meta property=\"og:description\" content=\"Pedopasade (Los nombres esta\u0301n en cursiva) \u00a0Diri, dejai, guebei \u2013ore \u00faringane ped\u00f3pasa: Ajatiguei \u00c9tac\u00f5ri, Jicai Chiquenoi, ga ore guiy\u00e9 cuchade iji er\u00e1mone.\u00a0Ga ore chicai ti, ga ore chise diri eruei. Mu chi Chiquenoi chac\u00e1ja. Doi guesi, ga chac\u00e1ja. Ga ore\" \/>\n<meta property=\"og:url\" content=\"https:\/\/ayore.org\/ayo\/culture\/beliefs\/oidabiade-ore-chise-diri\/\" \/>\n<meta property=\"og:site_name\" content=\"AYOR\u00c9.ORG\" \/>\n<meta property=\"article:modified_time\" content=\"2019-02-22T23:33:57+00:00\" \/>\n<meta name=\"twitter:card\" content=\"summary_large_image\" \/>\n<meta name=\"twitter:label1\" content=\"Est. reading time\" \/>\n\t<meta name=\"twitter:data1\" content=\"2 minutes\" \/>\n<script type=\"application\/ld+json\" class=\"yoast-schema-graph\">{\"@context\":\"https:\\\/\\\/schema.org\",\"@graph\":[{\"@type\":\"WebPage\",\"@id\":\"https:\\\/\\\/ayore.org\\\/ayo\\\/culture\\\/beliefs\\\/oidabiade-ore-chise-diri\\\/\",\"url\":\"https:\\\/\\\/ayore.org\\\/ayo\\\/culture\\\/beliefs\\\/oidabiade-ore-chise-diri\\\/\",\"name\":\"Ayore\u0301ode Anguretigade Cucha: Ore Chise 'Diri' \u2022 Ayore.org\",\"isPartOf\":{\"@id\":\"https:\\\/\\\/ayore.org\\\/#website\"},\"datePublished\":\"2018-08-26T23:42:26+00:00\",\"dateModified\":\"2019-02-22T23:33:57+00:00\",\"breadcrumb\":{\"@id\":\"https:\\\/\\\/ayore.org\\\/ayo\\\/culture\\\/beliefs\\\/oidabiade-ore-chise-diri\\\/#breadcrumb\"},\"inLanguage\":\"ayo\",\"potentialAction\":[{\"@type\":\"ReadAction\",\"target\":[\"https:\\\/\\\/ayore.org\\\/ayo\\\/culture\\\/beliefs\\\/oidabiade-ore-chise-diri\\\/\"]}]},{\"@type\":\"BreadcrumbList\",\"@id\":\"https:\\\/\\\/ayore.org\\\/ayo\\\/culture\\\/beliefs\\\/oidabiade-ore-chise-diri\\\/#breadcrumb\",\"itemListElement\":[{\"@type\":\"ListItem\",\"position\":1,\"name\":\"Jogate bajai tu ude\u0301\",\"item\":\"https:\\\/\\\/ayore.org\\\/ayo\\\/\"},{\"@type\":\"ListItem\",\"position\":2,\"name\":\"Ayore\u0301ode adode, angurenone cucha ore\",\"item\":\"https:\\\/\\\/ayore.org\\\/ayo\\\/culture\\\/\"},{\"@type\":\"ListItem\",\"position\":3,\"name\":\"Ayore\u0301ode Anguretigade Cucha\",\"item\":\"https:\\\/\\\/ayore.org\\\/ayo\\\/culture\\\/beliefs\\\/\"},{\"@type\":\"ListItem\",\"position\":4,\"name\":\"Oid\u00e1biad\u00e9 &#8211; Ore chise &#8216;diri&#8217;\"}]},{\"@type\":\"WebSite\",\"@id\":\"https:\\\/\\\/ayore.org\\\/#website\",\"url\":\"https:\\\/\\\/ayore.org\\\/\",\"name\":\"AYOR\u00c9.ORG\",\"description\":\"Ayore\u0301ode Uruode, Adode, Jnani bajade ati\u0301go ore \",\"potentialAction\":[{\"@type\":\"SearchAction\",\"target\":{\"@type\":\"EntryPoint\",\"urlTemplate\":\"https:\\\/\\\/ayore.org\\\/?s={search_term_string}\"},\"query-input\":{\"@type\":\"PropertyValueSpecification\",\"valueRequired\":true,\"valueName\":\"search_term_string\"}}],\"inLanguage\":\"ayo\"}]}<\/script>\n<!-- \/ Yoast SEO plugin. -->","yoast_head_json":{"title":"Ayore\u0301ode Anguretigade Cucha: Ore Chise 'Diri' \u2022 Ayore.org","robots":{"index":"index","follow":"follow","max-snippet":"max-snippet:-1","max-image-preview":"max-image-preview:large","max-video-preview":"max-video-preview:-1"},"canonical":"https:\/\/ayore.org\/ayo\/culture\/beliefs\/oidabiade-ore-chise-diri\/","og_locale":"en_US","og_type":"article","og_title":"Ayore\u0301ode Anguretigade Cucha: Ore Chise 'Diri' \u2022 Ayore.org","og_description":"Pedopasade (Los nombres esta\u0301n en cursiva) \u00a0Diri, dejai, guebei \u2013ore \u00faringane ped\u00f3pasa: Ajatiguei \u00c9tac\u00f5ri, Jicai Chiquenoi, ga ore guiy\u00e9 cuchade iji er\u00e1mone.\u00a0Ga ore chicai ti, ga ore chise diri eruei. Mu chi Chiquenoi chac\u00e1ja. Doi guesi, ga chac\u00e1ja. Ga ore","og_url":"https:\/\/ayore.org\/ayo\/culture\/beliefs\/oidabiade-ore-chise-diri\/","og_site_name":"AYOR\u00c9.ORG","article_modified_time":"2019-02-22T23:33:57+00:00","twitter_card":"summary_large_image","twitter_misc":{"Est. reading time":"2 minutes"},"schema":{"@context":"https:\/\/schema.org","@graph":[{"@type":"WebPage","@id":"https:\/\/ayore.org\/ayo\/culture\/beliefs\/oidabiade-ore-chise-diri\/","url":"https:\/\/ayore.org\/ayo\/culture\/beliefs\/oidabiade-ore-chise-diri\/","name":"Ayore\u0301ode Anguretigade Cucha: Ore Chise 'Diri' \u2022 Ayore.org","isPartOf":{"@id":"https:\/\/ayore.org\/#website"},"datePublished":"2018-08-26T23:42:26+00:00","dateModified":"2019-02-22T23:33:57+00:00","breadcrumb":{"@id":"https:\/\/ayore.org\/ayo\/culture\/beliefs\/oidabiade-ore-chise-diri\/#breadcrumb"},"inLanguage":"ayo","potentialAction":[{"@type":"ReadAction","target":["https:\/\/ayore.org\/ayo\/culture\/beliefs\/oidabiade-ore-chise-diri\/"]}]},{"@type":"BreadcrumbList","@id":"https:\/\/ayore.org\/ayo\/culture\/beliefs\/oidabiade-ore-chise-diri\/#breadcrumb","itemListElement":[{"@type":"ListItem","position":1,"name":"Jogate bajai tu ude\u0301","item":"https:\/\/ayore.org\/ayo\/"},{"@type":"ListItem","position":2,"name":"Ayore\u0301ode adode, angurenone cucha ore","item":"https:\/\/ayore.org\/ayo\/culture\/"},{"@type":"ListItem","position":3,"name":"Ayore\u0301ode Anguretigade Cucha","item":"https:\/\/ayore.org\/ayo\/culture\/beliefs\/"},{"@type":"ListItem","position":4,"name":"Oid\u00e1biad\u00e9 &#8211; Ore chise &#8216;diri&#8217;"}]},{"@type":"WebSite","@id":"https:\/\/ayore.org\/#website","url":"https:\/\/ayore.org\/","name":"AYOR\u00c9.ORG","description":"Ayore\u0301ode Uruode, Adode, Jnani bajade ati\u0301go ore ","potentialAction":[{"@type":"SearchAction","target":{"@type":"EntryPoint","urlTemplate":"https:\/\/ayore.org\/?s={search_term_string}"},"query-input":{"@type":"PropertyValueSpecification","valueRequired":true,"valueName":"search_term_string"}}],"inLanguage":"ayo"}]}},"_links":{"self":[{"href":"https:\/\/ayore.org\/ayo\/wp-json\/wp\/v2\/pages\/661","targetHints":{"allow":["GET"]}}],"collection":[{"href":"https:\/\/ayore.org\/ayo\/wp-json\/wp\/v2\/pages"}],"about":[{"href":"https:\/\/ayore.org\/ayo\/wp-json\/wp\/v2\/types\/page"}],"author":[{"embeddable":true,"href":"https:\/\/ayore.org\/ayo\/wp-json\/wp\/v2\/users\/2"}],"replies":[{"embeddable":true,"href":"https:\/\/ayore.org\/ayo\/wp-json\/wp\/v2\/comments?post=661"}],"version-history":[{"count":3,"href":"https:\/\/ayore.org\/ayo\/wp-json\/wp\/v2\/pages\/661\/revisions"}],"predecessor-version":[{"id":3024,"href":"https:\/\/ayore.org\/ayo\/wp-json\/wp\/v2\/pages\/661\/revisions\/3024"}],"up":[{"embeddable":true,"href":"https:\/\/ayore.org\/ayo\/wp-json\/wp\/v2\/pages\/703"}],"wp:attachment":[{"href":"https:\/\/ayore.org\/ayo\/wp-json\/wp\/v2\/media?parent=661"}],"curies":[{"name":"wp","href":"https:\/\/api.w.org\/{rel}","templated":true}]}}