{"id":659,"date":"2018-08-26T23:39:29","date_gmt":"2018-08-26T23:39:29","guid":{"rendered":"https:\/\/ayore.org\/?page_id=659"},"modified":"2019-02-22T04:12:42","modified_gmt":"2019-02-22T04:12:42","slug":"oidabiade-coracha-jnungori-u","status":"publish","type":"page","link":"https:\/\/ayore.org\/ayo\/culture\/beliefs\/oidabiade-coracha-jnungori-u\/","title":{"rendered":"Oidabiade &#8211; Cor\u00e3cha Jnungori U"},"content":{"rendered":"<p><strong>Edopasade U\u00f1ane<\/strong><\/p>\n<p><strong><em>Chiquenone ore edopasa u &#8216;cor\u00e3cha jnung\u00f3ri:&#8217;<\/em><\/strong><\/p>\n<p>Ga j\u00e9 ore cho deraso\u0303\u0301ri iji cor\u00e3cha jnung\u00f3r<em>i<\/em>. Chi cora\u0303\u0301cha jnung\u00f3ri u jochacai <em>(tatu cadeta)<\/em> iji quicujat\u00edgui uje ayor\u00e9 nanique. Uje Chiquenone ore cho ded\u00f3pasa iji jochacai ga ore chac\u00e3ra raja.\u00a0 A j\u00e9 yo jochacai ome gajn\u00e9one cora\u0303\u0301chac.<\/p>\n<p>Ayor\u00e9 dacasutedie ore chug\u00faji nanique ga ore chac\u00e3ra raja uje chi cora\u0303\u0301cha jnung\u00f3ri tu jochacai iji quicujat\u00edgui uje chij\u00f3cha jnumi. Chi ore ed\u00f3pasa iji quicujat\u00edgui enga ore chac\u00e3ra raja. Ore chac\u00e3ra raja ome \u00faringai cora\u0303\u0301cha jnung\u00f3ri mu chi ca ayor\u00e9 gajnar\u00e9tique chac\u00e3ra raja, uje dacasut\u00e9 gu.<\/p>\n<p>Chi ayor\u00e9 dacasutedie ore edop\u00e1sa u uje degu gajnengore ore.\u00a0 Ga chi ore chac\u00e3ra raja uje chi cora\u0303\u0301cha jnung\u00f3ri gotic iji quicujat\u00edgui. Mu chi ore chache\u0303re deg\u00fai enga gosi ca chajire rome iji dajnei degu ga gajnei cor\u00e3chaque d\u00e9poji ri\u0303 uje ore chimate gosi \u00fadode ga j\u00e9 u uje ore chac\u00e3ra raja.<\/p>\n<p>Uje ore igojnone (yumajos\u00f3rone) \u2013 caratade, coj\u00f1one, cucha urosode \u2013 ore chimate ore ga j\u00e9 u uje ore chac\u00e3ra raja. Ore chac\u00e3ra raja gu udojo. Chiquenone.<\/p>\n<p>Ore chac\u00e3rapo raja \u00faringai cora\u0303\u0301cha jnung\u00f3ri iji darug\u00faringane, uje ore chug\u00faa cucha ur\u00f3sode y\u00faode. Ga j\u00e9 u uje ore chac\u00e3ra raja, mu cuchade udore jiei ome yoc\u00e1quiode. Ga j\u00e9 ore chopo der\u00e1s\u00f5ri iji ded\u00f3pasade ri\u0303.<\/p>\n<p>Ga ore cho der\u00e1s\u00f5ri iji ore ujode ed\u00f3pasade.\u00a0 Ore chojninga: \u201cYujoi cora\u0303\u0301cha jnungore.\u201d<\/p>\n<p>Ore edopasade udojo j\u00e9 u ore er\u00e1sorone nanique iji guesode. Uje ore edopasa ga j\u00e9 ore cho der\u00e1s\u00f5ri iji ri\u0303. Uje Chiquenone ore er\u00e1s\u00f5ri cor\u00e3cha jnung\u00f3ri ome dojode ayor\u00e9 ore.<\/p>\n<p>Enga ore chac\u00e3ra raja ri\u0303 iji darunguringane ga ore chojninga: \u201cYac\u00e3ra yu aja gajin\u00e9 ome yajnetique cora\u0303\u0301cha gajin\u00e9.\u201d Ore chijnime ded\u00f3pasai jman\u00e9 \u2013 j\u00e9 yo jne.<\/p>\n<p>Enga ayor\u00e9ode ore datedie ed\u00f3pasa ga ujnacarode ore chac\u00e3ra raja. J\u00e9 yac\u00e3co y\u00f3gaja yocatedie ore er\u00e1sorone, ore edopasade to nanique.<\/p>\n<p>Ore er\u00e1s\u00f5re ud\u00e9 cora\u0303\u0301cha jnungore adode ga u uje ore cho der\u00e1s\u00f5ri iji Chiquenone ore ed\u00f3pasa uqu\u00e9 ga ore ed\u00f3pasa ques\u00e9ode udore iji dati, j\u00e9 aja gueb\u00e9ode. Ajiinerenie ore.<\/p>\n<p>Chiquenone ed\u00f3pasa gueb\u00e9ode udore; ome yoc\u00e1quiode, ore ed\u00f3pasade jiei. Ore ed\u00f3pasa piguiran\u00e9. Uje ayor\u00e9ode ore chimochere gai nanique ga ore ed\u00f3pasa. Chequ\u00e9 bajedie nanique ore chojninga: piguiran\u00e9. Ore ed\u00f3pasa gueb\u00e9ode ri\u0303 udore iji dati. Ajinerenie j\u00e9 aja gueb\u00e9ode udore jnese.<\/p>\n<p><strong><em>Picanerane ed\u00f3pasade ud\u00e1ji:<\/em><\/strong><\/p>\n<p>Picanerane uyoque ga yoquedo\u0301pasa udaji uacagu\u00edjnane ud\u00e1ji, cochocoidie udaji; cochocoidie udiji \u00f3jo. Picanerane ore ed\u00f3pasa udiji ome yoc\u00e1quiode ore.<\/p>\n<p>Ore chojninga: \u201cPicanerane ed\u00f3pasa cochocoidie.\u201d<\/p>\n<p>Uje chi Picanerane ore iman\u00e9 \u00f3jo nanique ga chi ore ed\u00f3pasa \u00f3jo.<\/p>\n<p>Ore ed\u00f3pasa <em><u>pajojo<\/u>. <\/em>Picanerane ore ed\u00f3pasa tu <em>sioti<\/em> te ri\u0303.<\/p>\n<p>Uje ore ayo nanique uje ch\u00f3si te iji ore enochai enga Picanerane ed\u00f3pasa.<\/p>\n<p>Picanerane ed\u00f3pasa <em>cuqu\u00e9bi<\/em> (un tipo de pa\u0301jaro).<\/p>\n<p>(Oidabiade\u0301 cho quique: Ayor\u00e9 nanique ga jeta baro\u00a0<em>Patricia<\/em> potara\u0301sa <em>Ayor\u00e9 Gajnui<\/em> ga uyu ga yiji \u2013 mu <em>Noemia<\/em> abai tu ga y\u00e3ratayipis ome <em>Juan<\/em> uhuaque enga dire u\u00f1ai enga <em>Patricia<\/em> cha. Mu chug\u00fape\u0303re ut\u00e9 u iji dat\u00ed. Boquere chug\u00fape\u0303re. Datedie ore chojningame dabode: \u201cAya dara, \u201c<em>cuqu\u00e9bi a!<\/em>\u201d Ujetiga abi que cha go enga dat\u00e9 chojninga: \u201c\u00a1<em>Cuquep<\/em>!\u201d)<\/p>\n<p>Yoqued\u00f3pasa <em>coyid\u00e9<\/em> (un tipo de pa\u0301jaro) uje chojninga: \u201c<em>Coyi-coyi-coyi<\/em>!\u201d Agoy\u00e9 u.<\/p>\n<p>Que yiraja ore ed\u00f3pasade, cucherane jnoji y\u00e1yipie gu.<\/p>\n<p>Jnuriminone ore ed\u00f3pasa pitoringai uje yitogoi. Chi ore ed\u00f3pasa pitoringai. Mu que yiraja Jnuriminone edopasade to.<\/p>\n<p>Ujeta gosi acot\u00e9 toi ga abai chojninga: \u201cYimope cochocoi abubie sog\u00f3jma yacot\u00e9 uaqu\u00e9 to que.\u201d Gaidi u uje chijnorapise dacot\u00e9 ga chijna ed\u00f3pasa ingoning\u00e1jnai taja.<\/p>\n<p><em>Oidabiade \u2013 Campo Loro, Paraguay \u2013 1988.<\/em><\/p>\n<p><em>Marina de Morarie chur\u00fas\u00e3re Oidabiad\u00e9 atatagode udojo.<\/em><\/p>\n<div class=\"navigation\"><div class=\"alignleft\"><a href=\"https:\/\/ayore.org\/ayo\/culture\/beliefs\/iquide-chugupere-cho-dajnare\/\"title=\"\u00cdquede &#8211; Chug\u00fap\u1ebdre cho daj\u00f1are\"><img loading=\"lazy\" decoding=\"async\" src=\"https:\/\/ayore.org\/wp-content\/uploads\/2018\/10\/left-arrow.png\" width=\"50\" height=\"48\" alt=\"left arrow\"><\/a><\/div><div class=\"alignright\"><a href=\"https:\/\/ayore.org\/ayo\/culture\/beliefs\/oidabiade-ore-chise-diri\/\"title=\"Oid\u00e1biad\u00e9 &#8211; Ore chise &#8216;diri&#8217;\"><img loading=\"lazy\" decoding=\"async\" src=\"https:\/\/ayore.org\/wp-content\/uploads\/2018\/10\/right-arrow.png\" width=\"50\" height=\"48\" alt=\"right arrow\"><\/a><\/div>\n","protected":false},"excerpt":{"rendered":"<p>Edopasade U\u00f1ane Chiquenone ore edopasa u &#8216;cor\u00e3cha jnung\u00f3ri:&#8217; Ga j\u00e9 ore cho deraso\u0303\u0301ri iji cor\u00e3cha jnung\u00f3ri. Chi cora\u0303\u0301cha jnung\u00f3ri u jochacai (tatu cadeta) iji quicujat\u00edgui uje ayor\u00e9 nanique. Uje Chiquenone ore cho ded\u00f3pasa iji jochacai ga ore chac\u00e3ra raja.\u00a0 A<\/p>\n","protected":false},"author":2,"featured_media":0,"parent":703,"menu_order":0,"comment_status":"closed","ping_status":"closed","template":"","meta":{"footnotes":""},"class_list":["post-659","page","type-page","status-publish","hentry"],"yoast_head":"<!-- This site is optimized with the Yoast SEO plugin v27.4 - https:\/\/yoast.com\/product\/yoast-seo-wordpress\/ -->\n<title>Ayore\u0301ode Anguretigade Cucha: Cor\u00e3cha Jnungori U \u2022 Ayore.org<\/title>\n<meta name=\"robots\" content=\"index, follow, max-snippet:-1, max-image-preview:large, max-video-preview:-1\" \/>\n<link rel=\"canonical\" href=\"https:\/\/ayore.org\/ayo\/culture\/beliefs\/oidabiade-coracha-jnungori-u\/\" \/>\n<meta property=\"og:locale\" content=\"en_US\" \/>\n<meta property=\"og:type\" content=\"article\" \/>\n<meta property=\"og:title\" content=\"Ayore\u0301ode Anguretigade Cucha: Cor\u00e3cha Jnungori U \u2022 Ayore.org\" \/>\n<meta property=\"og:description\" content=\"Edopasade U\u00f1ane Chiquenone ore edopasa u &#8216;cor\u00e3cha jnung\u00f3ri:&#8217; Ga j\u00e9 ore cho deraso\u0303\u0301ri iji cor\u00e3cha jnung\u00f3ri. Chi cora\u0303\u0301cha jnung\u00f3ri u jochacai (tatu cadeta) iji quicujat\u00edgui uje ayor\u00e9 nanique. Uje Chiquenone ore cho ded\u00f3pasa iji jochacai ga ore chac\u00e3ra raja.\u00a0 A\" \/>\n<meta property=\"og:url\" content=\"https:\/\/ayore.org\/ayo\/culture\/beliefs\/oidabiade-coracha-jnungori-u\/\" \/>\n<meta property=\"og:site_name\" content=\"AYOR\u00c9.ORG\" \/>\n<meta property=\"article:modified_time\" content=\"2019-02-22T04:12:42+00:00\" \/>\n<meta name=\"twitter:card\" content=\"summary_large_image\" \/>\n<meta name=\"twitter:label1\" content=\"Est. reading time\" \/>\n\t<meta name=\"twitter:data1\" content=\"3 minutes\" \/>\n<script type=\"application\/ld+json\" class=\"yoast-schema-graph\">{\"@context\":\"https:\\\/\\\/schema.org\",\"@graph\":[{\"@type\":\"WebPage\",\"@id\":\"https:\\\/\\\/ayore.org\\\/ayo\\\/culture\\\/beliefs\\\/oidabiade-coracha-jnungori-u\\\/\",\"url\":\"https:\\\/\\\/ayore.org\\\/ayo\\\/culture\\\/beliefs\\\/oidabiade-coracha-jnungori-u\\\/\",\"name\":\"Ayore\u0301ode Anguretigade Cucha: Cor\u00e3cha Jnungori U \u2022 Ayore.org\",\"isPartOf\":{\"@id\":\"https:\\\/\\\/ayore.org\\\/#website\"},\"datePublished\":\"2018-08-26T23:39:29+00:00\",\"dateModified\":\"2019-02-22T04:12:42+00:00\",\"breadcrumb\":{\"@id\":\"https:\\\/\\\/ayore.org\\\/ayo\\\/culture\\\/beliefs\\\/oidabiade-coracha-jnungori-u\\\/#breadcrumb\"},\"inLanguage\":\"ayo\",\"potentialAction\":[{\"@type\":\"ReadAction\",\"target\":[\"https:\\\/\\\/ayore.org\\\/ayo\\\/culture\\\/beliefs\\\/oidabiade-coracha-jnungori-u\\\/\"]}]},{\"@type\":\"BreadcrumbList\",\"@id\":\"https:\\\/\\\/ayore.org\\\/ayo\\\/culture\\\/beliefs\\\/oidabiade-coracha-jnungori-u\\\/#breadcrumb\",\"itemListElement\":[{\"@type\":\"ListItem\",\"position\":1,\"name\":\"Jogate bajai tu ude\u0301\",\"item\":\"https:\\\/\\\/ayore.org\\\/ayo\\\/\"},{\"@type\":\"ListItem\",\"position\":2,\"name\":\"Ayore\u0301ode adode, angurenone cucha ore\",\"item\":\"https:\\\/\\\/ayore.org\\\/ayo\\\/culture\\\/\"},{\"@type\":\"ListItem\",\"position\":3,\"name\":\"Ayore\u0301ode Anguretigade Cucha\",\"item\":\"https:\\\/\\\/ayore.org\\\/ayo\\\/culture\\\/beliefs\\\/\"},{\"@type\":\"ListItem\",\"position\":4,\"name\":\"Oidabiade &#8211; Cor\u00e3cha Jnungori U\"}]},{\"@type\":\"WebSite\",\"@id\":\"https:\\\/\\\/ayore.org\\\/#website\",\"url\":\"https:\\\/\\\/ayore.org\\\/\",\"name\":\"AYOR\u00c9.ORG\",\"description\":\"Ayore\u0301ode Uruode, Adode, Jnani bajade ati\u0301go ore \",\"potentialAction\":[{\"@type\":\"SearchAction\",\"target\":{\"@type\":\"EntryPoint\",\"urlTemplate\":\"https:\\\/\\\/ayore.org\\\/?s={search_term_string}\"},\"query-input\":{\"@type\":\"PropertyValueSpecification\",\"valueRequired\":true,\"valueName\":\"search_term_string\"}}],\"inLanguage\":\"ayo\"}]}<\/script>\n<!-- \/ Yoast SEO plugin. -->","yoast_head_json":{"title":"Ayore\u0301ode Anguretigade Cucha: Cor\u00e3cha Jnungori U \u2022 Ayore.org","robots":{"index":"index","follow":"follow","max-snippet":"max-snippet:-1","max-image-preview":"max-image-preview:large","max-video-preview":"max-video-preview:-1"},"canonical":"https:\/\/ayore.org\/ayo\/culture\/beliefs\/oidabiade-coracha-jnungori-u\/","og_locale":"en_US","og_type":"article","og_title":"Ayore\u0301ode Anguretigade Cucha: Cor\u00e3cha Jnungori U \u2022 Ayore.org","og_description":"Edopasade U\u00f1ane Chiquenone ore edopasa u &#8216;cor\u00e3cha jnung\u00f3ri:&#8217; Ga j\u00e9 ore cho deraso\u0303\u0301ri iji cor\u00e3cha jnung\u00f3ri. Chi cora\u0303\u0301cha jnung\u00f3ri u jochacai (tatu cadeta) iji quicujat\u00edgui uje ayor\u00e9 nanique. Uje Chiquenone ore cho ded\u00f3pasa iji jochacai ga ore chac\u00e3ra raja.\u00a0 A","og_url":"https:\/\/ayore.org\/ayo\/culture\/beliefs\/oidabiade-coracha-jnungori-u\/","og_site_name":"AYOR\u00c9.ORG","article_modified_time":"2019-02-22T04:12:42+00:00","twitter_card":"summary_large_image","twitter_misc":{"Est. reading time":"3 minutes"},"schema":{"@context":"https:\/\/schema.org","@graph":[{"@type":"WebPage","@id":"https:\/\/ayore.org\/ayo\/culture\/beliefs\/oidabiade-coracha-jnungori-u\/","url":"https:\/\/ayore.org\/ayo\/culture\/beliefs\/oidabiade-coracha-jnungori-u\/","name":"Ayore\u0301ode Anguretigade Cucha: Cor\u00e3cha Jnungori U \u2022 Ayore.org","isPartOf":{"@id":"https:\/\/ayore.org\/#website"},"datePublished":"2018-08-26T23:39:29+00:00","dateModified":"2019-02-22T04:12:42+00:00","breadcrumb":{"@id":"https:\/\/ayore.org\/ayo\/culture\/beliefs\/oidabiade-coracha-jnungori-u\/#breadcrumb"},"inLanguage":"ayo","potentialAction":[{"@type":"ReadAction","target":["https:\/\/ayore.org\/ayo\/culture\/beliefs\/oidabiade-coracha-jnungori-u\/"]}]},{"@type":"BreadcrumbList","@id":"https:\/\/ayore.org\/ayo\/culture\/beliefs\/oidabiade-coracha-jnungori-u\/#breadcrumb","itemListElement":[{"@type":"ListItem","position":1,"name":"Jogate bajai tu ude\u0301","item":"https:\/\/ayore.org\/ayo\/"},{"@type":"ListItem","position":2,"name":"Ayore\u0301ode adode, angurenone cucha ore","item":"https:\/\/ayore.org\/ayo\/culture\/"},{"@type":"ListItem","position":3,"name":"Ayore\u0301ode Anguretigade Cucha","item":"https:\/\/ayore.org\/ayo\/culture\/beliefs\/"},{"@type":"ListItem","position":4,"name":"Oidabiade &#8211; Cor\u00e3cha Jnungori U"}]},{"@type":"WebSite","@id":"https:\/\/ayore.org\/#website","url":"https:\/\/ayore.org\/","name":"AYOR\u00c9.ORG","description":"Ayore\u0301ode Uruode, Adode, Jnani bajade ati\u0301go ore ","potentialAction":[{"@type":"SearchAction","target":{"@type":"EntryPoint","urlTemplate":"https:\/\/ayore.org\/?s={search_term_string}"},"query-input":{"@type":"PropertyValueSpecification","valueRequired":true,"valueName":"search_term_string"}}],"inLanguage":"ayo"}]}},"_links":{"self":[{"href":"https:\/\/ayore.org\/ayo\/wp-json\/wp\/v2\/pages\/659","targetHints":{"allow":["GET"]}}],"collection":[{"href":"https:\/\/ayore.org\/ayo\/wp-json\/wp\/v2\/pages"}],"about":[{"href":"https:\/\/ayore.org\/ayo\/wp-json\/wp\/v2\/types\/page"}],"author":[{"embeddable":true,"href":"https:\/\/ayore.org\/ayo\/wp-json\/wp\/v2\/users\/2"}],"replies":[{"embeddable":true,"href":"https:\/\/ayore.org\/ayo\/wp-json\/wp\/v2\/comments?post=659"}],"version-history":[{"count":4,"href":"https:\/\/ayore.org\/ayo\/wp-json\/wp\/v2\/pages\/659\/revisions"}],"predecessor-version":[{"id":3018,"href":"https:\/\/ayore.org\/ayo\/wp-json\/wp\/v2\/pages\/659\/revisions\/3018"}],"up":[{"embeddable":true,"href":"https:\/\/ayore.org\/ayo\/wp-json\/wp\/v2\/pages\/703"}],"wp:attachment":[{"href":"https:\/\/ayore.org\/ayo\/wp-json\/wp\/v2\/media?parent=659"}],"curies":[{"name":"wp","href":"https:\/\/api.w.org\/{rel}","templated":true}]}}