{"id":650,"date":"2018-08-26T23:28:09","date_gmt":"2018-08-26T23:28:09","guid":{"rendered":"https:\/\/ayore.org\/?page_id=650"},"modified":"2019-05-10T00:28:24","modified_gmt":"2019-05-10T00:28:24","slug":"iquide-chugupere-cho-dajnare","status":"publish","type":"page","link":"https:\/\/ayore.org\/ayo\/culture\/beliefs\/iquide-chugupere-cho-dajnare\/","title":{"rendered":"\u00cdquede &#8211; Chug\u00fap\u1ebdre cho daj\u00f1are"},"content":{"rendered":"<p><strong><em>Ut\u00e9, yub\u00fachu goj\u00f1ane iji monte casodica uje chiqueta ayor\u00e9ode, ga puy\u00e1cho to:<\/em><\/strong><\/p>\n<p>Chug\u00fap\u1ebdri adode u. Uje chuj\u00e9 ayor\u00e9ode, mu ayor\u00e9ode yiquet\u00e1gop\u00edse yocurasade to, chug\u00fap\u1ebdri yugode ayor\u00e9 iji m\u00f3ntedie. Ga er\u00e1s\u00f5ri jec u de ica ga adode u uje j\u00e9 cho daj\u00f1\u00e1re iji udore:<\/p>\n<p>Doi uje yob\u00e9co er\u00e1mi, uje yob\u00e9co er\u00e1mi iji ti uje yicoi dej\u00e1bi at\u00edamone. Ga yipoting\u00e1co iji ti. Uje cho daj\u00f1\u00e1re. Yijn\u00e1ngo ti guesi uje cho daj\u00f1\u00e1re. Ga j\u00e9 cho daj\u00f1\u00e1riji, ga yicagoi ta.<\/p>\n<p>J\u00e9 cho daj\u00f1\u00e1riji uje yac\u00e1go ducayode. Yac\u00e1go ichade, ducayode, c\u00f3bidie ore. J\u00e9 cho daj\u00f1\u00e1riji to.<\/p>\n<p>Cho daj\u00f1\u00e1riji udore uje yur\u00fagome udaque yoquib\u00e1yode ga adi tu ome gueguerade. Cho daj\u00f1\u00e1riji to gueguerade.<\/p>\n<p>Ga yejn\u00e1ngo guesi ga yicoi udore uje yejn\u00e1ngo yocate ich\u00e1daja, ut\u00e9beode. Uje yac\u00e1go cuch\u00e1rigaja to. Ga chojninga: \u201cCuch\u00e1rigo a chichaga raja yu \u00e9. Cuch\u00e1rigo a chichaga raja yu \u00e9.\u201d<\/p>\n<p>Uje yijn\u00f3jo yocutaidode, yocate omone u. Uje cho daj\u00f1ariji.<\/p>\n<p>J\u00e9 cho daj\u00f1ariji uje que yibor\u00e1rique pirac. Uje que yibor\u00e1rique pirac. Ga chisi ome yoque to. (J\u00e9 adi tur\u00e1su Dupade adi. Mu chis\u00edome daborade ome yoque to uje que pirac.) Uje cho daj\u00f1\u00e1riji. Uje t\u1ebdr\u00e1ja ayor\u00e9ode to. (Adi j\u00e9 ur\u00e1su Dupade adi to. Uje adi ur\u00e1su.)<\/p>\n<p><em><br \/>\n\u00cdquede \u2013 \u00a0Puesto Paz, Bolivia \u2013 1976<br \/>\n<\/em><em>Timoteo Wyma chur\u00fas\u00e3re \u00cdquede atatagode udojo<\/em><\/p>\n<div class=\"navigation\"><div class=\"alignleft\"><a href=\"https:\/\/ayore.org\/ayo\/culture\/beliefs\/cajoide-ore-chipotingara-potadie\/\"title=\"Cajoid\u00e9 &#8211; Ore chipoting\u00e1ra potadie\"><img loading=\"lazy\" decoding=\"async\" src=\"https:\/\/ayore.org\/wp-content\/uploads\/2018\/10\/left-arrow.png\" width=\"50\" height=\"48\" alt=\"left arrow\"><\/a><\/div><div class=\"alignright\"><a href=\"https:\/\/ayore.org\/ayo\/culture\/beliefs\/oidabiade-coracha-jnungori-u\/\"title=\"Oidabiade &#8211; Cor\u00e3cha Jnungori U\"><img loading=\"lazy\" decoding=\"async\" src=\"https:\/\/ayore.org\/wp-content\/uploads\/2018\/10\/right-arrow.png\" width=\"50\" height=\"48\" alt=\"right arrow\"><\/a><\/div>\n","protected":false},"excerpt":{"rendered":"<p>Ut\u00e9, yub\u00fachu goj\u00f1ane iji monte casodica uje chiqueta ayor\u00e9ode, ga puy\u00e1cho to: Chug\u00fap\u1ebdri adode u. Uje chuj\u00e9 ayor\u00e9ode, mu ayor\u00e9ode yiquet\u00e1gop\u00edse yocurasade to, chug\u00fap\u1ebdri yugode ayor\u00e9 iji m\u00f3ntedie. Ga er\u00e1s\u00f5ri jec u de ica ga adode u uje j\u00e9 cho<\/p>\n","protected":false},"author":2,"featured_media":0,"parent":703,"menu_order":0,"comment_status":"closed","ping_status":"closed","template":"","meta":{"footnotes":""},"class_list":["post-650","page","type-page","status-publish","hentry"],"yoast_head":"<!-- This site is optimized with the Yoast SEO plugin v27.4 - https:\/\/yoast.com\/product\/yoast-seo-wordpress\/ -->\n<title>Ayore\u0301ode Anguretigade Cucha: Chug\u00fap\u1ebdre Cho Daj\u00f1are \u2022 Ayore.org<\/title>\n<meta name=\"robots\" content=\"index, follow, max-snippet:-1, max-image-preview:large, max-video-preview:-1\" \/>\n<link rel=\"canonical\" href=\"https:\/\/ayore.org\/ayo\/culture\/beliefs\/iquide-chugupere-cho-dajnare\/\" \/>\n<meta property=\"og:locale\" content=\"en_US\" \/>\n<meta property=\"og:type\" content=\"article\" \/>\n<meta property=\"og:title\" content=\"Ayore\u0301ode Anguretigade Cucha: Chug\u00fap\u1ebdre Cho Daj\u00f1are \u2022 Ayore.org\" \/>\n<meta property=\"og:description\" content=\"Ut\u00e9, yub\u00fachu goj\u00f1ane iji monte casodica uje chiqueta ayor\u00e9ode, ga puy\u00e1cho to: Chug\u00fap\u1ebdri adode u. Uje chuj\u00e9 ayor\u00e9ode, mu ayor\u00e9ode yiquet\u00e1gop\u00edse yocurasade to, chug\u00fap\u1ebdri yugode ayor\u00e9 iji m\u00f3ntedie. Ga er\u00e1s\u00f5ri jec u de ica ga adode u uje j\u00e9 cho\" \/>\n<meta property=\"og:url\" content=\"https:\/\/ayore.org\/ayo\/culture\/beliefs\/iquide-chugupere-cho-dajnare\/\" \/>\n<meta property=\"og:site_name\" content=\"AYOR\u00c9.ORG\" \/>\n<meta property=\"article:modified_time\" content=\"2019-05-10T00:28:24+00:00\" \/>\n<meta name=\"twitter:card\" content=\"summary_large_image\" \/>\n<meta name=\"twitter:label1\" content=\"Est. reading time\" \/>\n\t<meta name=\"twitter:data1\" content=\"1 minute\" \/>\n<script type=\"application\/ld+json\" class=\"yoast-schema-graph\">{\"@context\":\"https:\\\/\\\/schema.org\",\"@graph\":[{\"@type\":\"WebPage\",\"@id\":\"https:\\\/\\\/ayore.org\\\/ayo\\\/culture\\\/beliefs\\\/iquide-chugupere-cho-dajnare\\\/\",\"url\":\"https:\\\/\\\/ayore.org\\\/ayo\\\/culture\\\/beliefs\\\/iquide-chugupere-cho-dajnare\\\/\",\"name\":\"Ayore\u0301ode Anguretigade Cucha: Chug\u00fap\u1ebdre Cho Daj\u00f1are \u2022 Ayore.org\",\"isPartOf\":{\"@id\":\"https:\\\/\\\/ayore.org\\\/#website\"},\"datePublished\":\"2018-08-26T23:28:09+00:00\",\"dateModified\":\"2019-05-10T00:28:24+00:00\",\"breadcrumb\":{\"@id\":\"https:\\\/\\\/ayore.org\\\/ayo\\\/culture\\\/beliefs\\\/iquide-chugupere-cho-dajnare\\\/#breadcrumb\"},\"inLanguage\":\"ayo\",\"potentialAction\":[{\"@type\":\"ReadAction\",\"target\":[\"https:\\\/\\\/ayore.org\\\/ayo\\\/culture\\\/beliefs\\\/iquide-chugupere-cho-dajnare\\\/\"]}]},{\"@type\":\"BreadcrumbList\",\"@id\":\"https:\\\/\\\/ayore.org\\\/ayo\\\/culture\\\/beliefs\\\/iquide-chugupere-cho-dajnare\\\/#breadcrumb\",\"itemListElement\":[{\"@type\":\"ListItem\",\"position\":1,\"name\":\"Jogate bajai tu ude\u0301\",\"item\":\"https:\\\/\\\/ayore.org\\\/ayo\\\/\"},{\"@type\":\"ListItem\",\"position\":2,\"name\":\"Ayore\u0301ode adode, angurenone cucha ore\",\"item\":\"https:\\\/\\\/ayore.org\\\/ayo\\\/culture\\\/\"},{\"@type\":\"ListItem\",\"position\":3,\"name\":\"Ayore\u0301ode Anguretigade Cucha\",\"item\":\"https:\\\/\\\/ayore.org\\\/ayo\\\/culture\\\/beliefs\\\/\"},{\"@type\":\"ListItem\",\"position\":4,\"name\":\"\u00cdquede &#8211; Chug\u00fap\u1ebdre cho daj\u00f1are\"}]},{\"@type\":\"WebSite\",\"@id\":\"https:\\\/\\\/ayore.org\\\/#website\",\"url\":\"https:\\\/\\\/ayore.org\\\/\",\"name\":\"AYOR\u00c9.ORG\",\"description\":\"Ayore\u0301ode Uruode, Adode, Jnani bajade ati\u0301go ore \",\"potentialAction\":[{\"@type\":\"SearchAction\",\"target\":{\"@type\":\"EntryPoint\",\"urlTemplate\":\"https:\\\/\\\/ayore.org\\\/?s={search_term_string}\"},\"query-input\":{\"@type\":\"PropertyValueSpecification\",\"valueRequired\":true,\"valueName\":\"search_term_string\"}}],\"inLanguage\":\"ayo\"}]}<\/script>\n<!-- \/ Yoast SEO plugin. -->","yoast_head_json":{"title":"Ayore\u0301ode Anguretigade Cucha: Chug\u00fap\u1ebdre Cho Daj\u00f1are \u2022 Ayore.org","robots":{"index":"index","follow":"follow","max-snippet":"max-snippet:-1","max-image-preview":"max-image-preview:large","max-video-preview":"max-video-preview:-1"},"canonical":"https:\/\/ayore.org\/ayo\/culture\/beliefs\/iquide-chugupere-cho-dajnare\/","og_locale":"en_US","og_type":"article","og_title":"Ayore\u0301ode Anguretigade Cucha: Chug\u00fap\u1ebdre Cho Daj\u00f1are \u2022 Ayore.org","og_description":"Ut\u00e9, yub\u00fachu goj\u00f1ane iji monte casodica uje chiqueta ayor\u00e9ode, ga puy\u00e1cho to: Chug\u00fap\u1ebdri adode u. Uje chuj\u00e9 ayor\u00e9ode, mu ayor\u00e9ode yiquet\u00e1gop\u00edse yocurasade to, chug\u00fap\u1ebdri yugode ayor\u00e9 iji m\u00f3ntedie. Ga er\u00e1s\u00f5ri jec u de ica ga adode u uje j\u00e9 cho","og_url":"https:\/\/ayore.org\/ayo\/culture\/beliefs\/iquide-chugupere-cho-dajnare\/","og_site_name":"AYOR\u00c9.ORG","article_modified_time":"2019-05-10T00:28:24+00:00","twitter_card":"summary_large_image","twitter_misc":{"Est. reading time":"1 minute"},"schema":{"@context":"https:\/\/schema.org","@graph":[{"@type":"WebPage","@id":"https:\/\/ayore.org\/ayo\/culture\/beliefs\/iquide-chugupere-cho-dajnare\/","url":"https:\/\/ayore.org\/ayo\/culture\/beliefs\/iquide-chugupere-cho-dajnare\/","name":"Ayore\u0301ode Anguretigade Cucha: Chug\u00fap\u1ebdre Cho Daj\u00f1are \u2022 Ayore.org","isPartOf":{"@id":"https:\/\/ayore.org\/#website"},"datePublished":"2018-08-26T23:28:09+00:00","dateModified":"2019-05-10T00:28:24+00:00","breadcrumb":{"@id":"https:\/\/ayore.org\/ayo\/culture\/beliefs\/iquide-chugupere-cho-dajnare\/#breadcrumb"},"inLanguage":"ayo","potentialAction":[{"@type":"ReadAction","target":["https:\/\/ayore.org\/ayo\/culture\/beliefs\/iquide-chugupere-cho-dajnare\/"]}]},{"@type":"BreadcrumbList","@id":"https:\/\/ayore.org\/ayo\/culture\/beliefs\/iquide-chugupere-cho-dajnare\/#breadcrumb","itemListElement":[{"@type":"ListItem","position":1,"name":"Jogate bajai tu ude\u0301","item":"https:\/\/ayore.org\/ayo\/"},{"@type":"ListItem","position":2,"name":"Ayore\u0301ode adode, angurenone cucha ore","item":"https:\/\/ayore.org\/ayo\/culture\/"},{"@type":"ListItem","position":3,"name":"Ayore\u0301ode Anguretigade Cucha","item":"https:\/\/ayore.org\/ayo\/culture\/beliefs\/"},{"@type":"ListItem","position":4,"name":"\u00cdquede &#8211; Chug\u00fap\u1ebdre cho daj\u00f1are"}]},{"@type":"WebSite","@id":"https:\/\/ayore.org\/#website","url":"https:\/\/ayore.org\/","name":"AYOR\u00c9.ORG","description":"Ayore\u0301ode Uruode, Adode, Jnani bajade ati\u0301go ore ","potentialAction":[{"@type":"SearchAction","target":{"@type":"EntryPoint","urlTemplate":"https:\/\/ayore.org\/?s={search_term_string}"},"query-input":{"@type":"PropertyValueSpecification","valueRequired":true,"valueName":"search_term_string"}}],"inLanguage":"ayo"}]}},"_links":{"self":[{"href":"https:\/\/ayore.org\/ayo\/wp-json\/wp\/v2\/pages\/650","targetHints":{"allow":["GET"]}}],"collection":[{"href":"https:\/\/ayore.org\/ayo\/wp-json\/wp\/v2\/pages"}],"about":[{"href":"https:\/\/ayore.org\/ayo\/wp-json\/wp\/v2\/types\/page"}],"author":[{"embeddable":true,"href":"https:\/\/ayore.org\/ayo\/wp-json\/wp\/v2\/users\/2"}],"replies":[{"embeddable":true,"href":"https:\/\/ayore.org\/ayo\/wp-json\/wp\/v2\/comments?post=650"}],"version-history":[{"count":6,"href":"https:\/\/ayore.org\/ayo\/wp-json\/wp\/v2\/pages\/650\/revisions"}],"predecessor-version":[{"id":3712,"href":"https:\/\/ayore.org\/ayo\/wp-json\/wp\/v2\/pages\/650\/revisions\/3712"}],"up":[{"embeddable":true,"href":"https:\/\/ayore.org\/ayo\/wp-json\/wp\/v2\/pages\/703"}],"wp:attachment":[{"href":"https:\/\/ayore.org\/ayo\/wp-json\/wp\/v2\/media?parent=650"}],"curies":[{"name":"wp","href":"https:\/\/api.w.org\/{rel}","templated":true}]}}