{"id":644,"date":"2018-08-26T23:13:28","date_gmt":"2018-08-26T23:13:28","guid":{"rendered":"https:\/\/ayore.org\/?page_id=644"},"modified":"2019-02-20T19:01:57","modified_gmt":"2019-02-20T19:01:57","slug":"cajoide-ore-tare-gai","status":"publish","type":"page","link":"https:\/\/ayore.org\/ayo\/culture\/beliefs\/cajoide-ore-tare-gai\/","title":{"rendered":"Cajoid\u00e9 &#8211; Ore t\u00e3re gai"},"content":{"rendered":"<p><strong>Ore chuj\u00e9 caratade ga ore chica jnumi ga ore t\u00e3re gai:<\/strong><\/p>\n<ul>\n<li>Ga ore doi gatoi bajaque.<\/li>\n<li>Ore chuchie jnumi<em> tac-tac-tac<\/em>.<\/li>\n<li>Ore dopoi ti ri\u0303 guidedie.<\/li>\n<li>Quigade ore doi gatoi.<\/li>\n<li>Ore cha ga ore cho \u2018j\u00ed-a-que\u2019 (j\u00edraque).<\/li>\n<li>Uje uacajnai tu ore ga guidai gajneso\u0303\u0301ri bajai tu jeta t\u00e3re gai.<\/li>\n<li>A chajni ome ga ut\u00e9 j\u00e9 doi to.<\/li>\n<li>Chome pij\u00f1ecade. J\u00e9 u perane u. Je chirate perane.<\/li>\n<li>Que ore chuseque.<\/li>\n<li>Ujetiga ore to\u0303\u0301ra rome ga chibor\u00e1taja dequejnar\u00e9ngone.<\/li>\n<\/ul>\n<p><strong>Diyoi Ditaite:<\/strong><\/p>\n<p>Ore chuj\u00e9 cucha ur\u00f5soi ga j\u00e9 ditac ore ga ore chise gapud\u00ede, ga chisi \u00f1ane cucha pibosode, cutep\u00e9ode, ga quigade u uje ore chimate ditai ga ore chac\u00e1ja \u00f1ane.<\/p>\n<p>E ore doi dabayode ejode.<\/p>\n<p><strong>\u00a0<\/strong><strong>Ditacho ditai, cor\u00e3chade<\/strong>:<\/p>\n<p>Uje ore chuj\u00e9 cucha ur\u00f5s\u00f3rique ome ga ditac. Jeoga ore chichagu cucha ur\u00f5s\u00f3rique ome as\u00f5re ga dit\u00e9, jeoga docoji jeta ore chicho coj\u00f1oi ome docoji ga dit\u00e9. Ore chuj\u00e9 cucha ur\u00f5s\u00f3rique ga j\u00e9 ore oite dor\u00e3chai. Ore no\u00f1ome gu uje t\u00e3re gai. Qu\u00e9 ore to\u0303\u0301ra dor\u00e1chade ga ore chosaja jnumi ga ore no\u00f1ome iji te. Ore ch\u00e9c\u00e3re dor\u00e3chade. Ditaque or\u00e3chade ga que poicho ga ore p\u00e9su u\u00f1ai.<\/p>\n<p><em>Cajoid\u00e9 \u2013 Campo Loro, Paraguay \u2013 1985.<\/em><\/p>\n<p><em>Marina de Morarie chur\u00fas\u00e3re Cajoid\u00e9 atatagode udojo.<\/em><\/p>\n<div class=\"navigation\"><div class=\"alignleft\"><a href=\"https:\/\/ayore.org\/ayo\/culture\/beliefs\/cajoide-namacade\/\"title=\"Cajoide\u0301 &#8211; Namacade\"><img loading=\"lazy\" decoding=\"async\" src=\"https:\/\/ayore.org\/wp-content\/uploads\/2018\/10\/left-arrow.png\" width=\"50\" height=\"48\" alt=\"left arrow\"><\/a><\/div><div class=\"alignright\"><a href=\"https:\/\/ayore.org\/ayo\/culture\/beliefs\/cajoide-ore-chipotingara-potadie\/\"title=\"Cajoid\u00e9 &#8211; Ore chipoting\u00e1ra potadie\"><img loading=\"lazy\" decoding=\"async\" src=\"https:\/\/ayore.org\/wp-content\/uploads\/2018\/10\/right-arrow.png\" width=\"50\" height=\"48\" alt=\"right arrow\"><\/a><\/div>\n","protected":false},"excerpt":{"rendered":"<p>Ore chuj\u00e9 caratade ga ore chica jnumi ga ore t\u00e3re gai: Ga ore doi gatoi bajaque. Ore chuchie jnumi tac-tac-tac. Ore dopoi ti ri\u0303 guidedie. Quigade ore doi gatoi. Ore cha ga ore cho \u2018j\u00ed-a-que\u2019 (j\u00edraque). Uje uacajnai tu ore<\/p>\n","protected":false},"author":2,"featured_media":0,"parent":703,"menu_order":0,"comment_status":"closed","ping_status":"closed","template":"","meta":{"footnotes":""},"class_list":["post-644","page","type-page","status-publish","hentry"],"yoast_head":"<!-- This site is optimized with the Yoast SEO plugin v27.4 - https:\/\/yoast.com\/product\/yoast-seo-wordpress\/ -->\n<title>Ayore\u0301ode Anguretigade Cucha: Ore t\u00e3re gai \u2022 Ayore.org<\/title>\n<meta name=\"robots\" content=\"index, follow, max-snippet:-1, max-image-preview:large, max-video-preview:-1\" \/>\n<link rel=\"canonical\" href=\"https:\/\/ayore.org\/ayo\/culture\/beliefs\/cajoide-ore-tare-gai\/\" \/>\n<meta property=\"og:locale\" content=\"en_US\" \/>\n<meta property=\"og:type\" content=\"article\" \/>\n<meta property=\"og:title\" content=\"Ayore\u0301ode Anguretigade Cucha: Ore t\u00e3re gai \u2022 Ayore.org\" \/>\n<meta property=\"og:description\" content=\"Ore chuj\u00e9 caratade ga ore chica jnumi ga ore t\u00e3re gai: Ga ore doi gatoi bajaque. Ore chuchie jnumi tac-tac-tac. Ore dopoi ti ri\u0303 guidedie. Quigade ore doi gatoi. Ore cha ga ore cho \u2018j\u00ed-a-que\u2019 (j\u00edraque). Uje uacajnai tu ore\" \/>\n<meta property=\"og:url\" content=\"https:\/\/ayore.org\/ayo\/culture\/beliefs\/cajoide-ore-tare-gai\/\" \/>\n<meta property=\"og:site_name\" content=\"AYOR\u00c9.ORG\" \/>\n<meta property=\"article:modified_time\" content=\"2019-02-20T19:01:57+00:00\" \/>\n<meta name=\"twitter:card\" content=\"summary_large_image\" \/>\n<meta name=\"twitter:label1\" content=\"Est. reading time\" \/>\n\t<meta name=\"twitter:data1\" content=\"1 minute\" \/>\n<script type=\"application\/ld+json\" class=\"yoast-schema-graph\">{\"@context\":\"https:\\\/\\\/schema.org\",\"@graph\":[{\"@type\":\"WebPage\",\"@id\":\"https:\\\/\\\/ayore.org\\\/ayo\\\/culture\\\/beliefs\\\/cajoide-ore-tare-gai\\\/\",\"url\":\"https:\\\/\\\/ayore.org\\\/ayo\\\/culture\\\/beliefs\\\/cajoide-ore-tare-gai\\\/\",\"name\":\"Ayore\u0301ode Anguretigade Cucha: Ore t\u00e3re gai \u2022 Ayore.org\",\"isPartOf\":{\"@id\":\"https:\\\/\\\/ayore.org\\\/#website\"},\"datePublished\":\"2018-08-26T23:13:28+00:00\",\"dateModified\":\"2019-02-20T19:01:57+00:00\",\"breadcrumb\":{\"@id\":\"https:\\\/\\\/ayore.org\\\/ayo\\\/culture\\\/beliefs\\\/cajoide-ore-tare-gai\\\/#breadcrumb\"},\"inLanguage\":\"ayo\",\"potentialAction\":[{\"@type\":\"ReadAction\",\"target\":[\"https:\\\/\\\/ayore.org\\\/ayo\\\/culture\\\/beliefs\\\/cajoide-ore-tare-gai\\\/\"]}]},{\"@type\":\"BreadcrumbList\",\"@id\":\"https:\\\/\\\/ayore.org\\\/ayo\\\/culture\\\/beliefs\\\/cajoide-ore-tare-gai\\\/#breadcrumb\",\"itemListElement\":[{\"@type\":\"ListItem\",\"position\":1,\"name\":\"Jogate bajai tu ude\u0301\",\"item\":\"https:\\\/\\\/ayore.org\\\/ayo\\\/\"},{\"@type\":\"ListItem\",\"position\":2,\"name\":\"Ayore\u0301ode adode, angurenone cucha ore\",\"item\":\"https:\\\/\\\/ayore.org\\\/ayo\\\/culture\\\/\"},{\"@type\":\"ListItem\",\"position\":3,\"name\":\"Ayore\u0301ode Anguretigade Cucha\",\"item\":\"https:\\\/\\\/ayore.org\\\/ayo\\\/culture\\\/beliefs\\\/\"},{\"@type\":\"ListItem\",\"position\":4,\"name\":\"Cajoid\u00e9 &#8211; Ore t\u00e3re gai\"}]},{\"@type\":\"WebSite\",\"@id\":\"https:\\\/\\\/ayore.org\\\/#website\",\"url\":\"https:\\\/\\\/ayore.org\\\/\",\"name\":\"AYOR\u00c9.ORG\",\"description\":\"Ayore\u0301ode Uruode, Adode, Jnani bajade ati\u0301go ore \",\"potentialAction\":[{\"@type\":\"SearchAction\",\"target\":{\"@type\":\"EntryPoint\",\"urlTemplate\":\"https:\\\/\\\/ayore.org\\\/?s={search_term_string}\"},\"query-input\":{\"@type\":\"PropertyValueSpecification\",\"valueRequired\":true,\"valueName\":\"search_term_string\"}}],\"inLanguage\":\"ayo\"}]}<\/script>\n<!-- \/ Yoast SEO plugin. -->","yoast_head_json":{"title":"Ayore\u0301ode Anguretigade Cucha: Ore t\u00e3re gai \u2022 Ayore.org","robots":{"index":"index","follow":"follow","max-snippet":"max-snippet:-1","max-image-preview":"max-image-preview:large","max-video-preview":"max-video-preview:-1"},"canonical":"https:\/\/ayore.org\/ayo\/culture\/beliefs\/cajoide-ore-tare-gai\/","og_locale":"en_US","og_type":"article","og_title":"Ayore\u0301ode Anguretigade Cucha: Ore t\u00e3re gai \u2022 Ayore.org","og_description":"Ore chuj\u00e9 caratade ga ore chica jnumi ga ore t\u00e3re gai: Ga ore doi gatoi bajaque. Ore chuchie jnumi tac-tac-tac. Ore dopoi ti ri\u0303 guidedie. Quigade ore doi gatoi. Ore cha ga ore cho \u2018j\u00ed-a-que\u2019 (j\u00edraque). Uje uacajnai tu ore","og_url":"https:\/\/ayore.org\/ayo\/culture\/beliefs\/cajoide-ore-tare-gai\/","og_site_name":"AYOR\u00c9.ORG","article_modified_time":"2019-02-20T19:01:57+00:00","twitter_card":"summary_large_image","twitter_misc":{"Est. reading time":"1 minute"},"schema":{"@context":"https:\/\/schema.org","@graph":[{"@type":"WebPage","@id":"https:\/\/ayore.org\/ayo\/culture\/beliefs\/cajoide-ore-tare-gai\/","url":"https:\/\/ayore.org\/ayo\/culture\/beliefs\/cajoide-ore-tare-gai\/","name":"Ayore\u0301ode Anguretigade Cucha: Ore t\u00e3re gai \u2022 Ayore.org","isPartOf":{"@id":"https:\/\/ayore.org\/#website"},"datePublished":"2018-08-26T23:13:28+00:00","dateModified":"2019-02-20T19:01:57+00:00","breadcrumb":{"@id":"https:\/\/ayore.org\/ayo\/culture\/beliefs\/cajoide-ore-tare-gai\/#breadcrumb"},"inLanguage":"ayo","potentialAction":[{"@type":"ReadAction","target":["https:\/\/ayore.org\/ayo\/culture\/beliefs\/cajoide-ore-tare-gai\/"]}]},{"@type":"BreadcrumbList","@id":"https:\/\/ayore.org\/ayo\/culture\/beliefs\/cajoide-ore-tare-gai\/#breadcrumb","itemListElement":[{"@type":"ListItem","position":1,"name":"Jogate bajai tu ude\u0301","item":"https:\/\/ayore.org\/ayo\/"},{"@type":"ListItem","position":2,"name":"Ayore\u0301ode adode, angurenone cucha ore","item":"https:\/\/ayore.org\/ayo\/culture\/"},{"@type":"ListItem","position":3,"name":"Ayore\u0301ode Anguretigade Cucha","item":"https:\/\/ayore.org\/ayo\/culture\/beliefs\/"},{"@type":"ListItem","position":4,"name":"Cajoid\u00e9 &#8211; Ore t\u00e3re gai"}]},{"@type":"WebSite","@id":"https:\/\/ayore.org\/#website","url":"https:\/\/ayore.org\/","name":"AYOR\u00c9.ORG","description":"Ayore\u0301ode Uruode, Adode, Jnani bajade ati\u0301go ore ","potentialAction":[{"@type":"SearchAction","target":{"@type":"EntryPoint","urlTemplate":"https:\/\/ayore.org\/?s={search_term_string}"},"query-input":{"@type":"PropertyValueSpecification","valueRequired":true,"valueName":"search_term_string"}}],"inLanguage":"ayo"}]}},"_links":{"self":[{"href":"https:\/\/ayore.org\/ayo\/wp-json\/wp\/v2\/pages\/644","targetHints":{"allow":["GET"]}}],"collection":[{"href":"https:\/\/ayore.org\/ayo\/wp-json\/wp\/v2\/pages"}],"about":[{"href":"https:\/\/ayore.org\/ayo\/wp-json\/wp\/v2\/types\/page"}],"author":[{"embeddable":true,"href":"https:\/\/ayore.org\/ayo\/wp-json\/wp\/v2\/users\/2"}],"replies":[{"embeddable":true,"href":"https:\/\/ayore.org\/ayo\/wp-json\/wp\/v2\/comments?post=644"}],"version-history":[{"count":5,"href":"https:\/\/ayore.org\/ayo\/wp-json\/wp\/v2\/pages\/644\/revisions"}],"predecessor-version":[{"id":3002,"href":"https:\/\/ayore.org\/ayo\/wp-json\/wp\/v2\/pages\/644\/revisions\/3002"}],"up":[{"embeddable":true,"href":"https:\/\/ayore.org\/ayo\/wp-json\/wp\/v2\/pages\/703"}],"wp:attachment":[{"href":"https:\/\/ayore.org\/ayo\/wp-json\/wp\/v2\/media?parent=644"}],"curies":[{"name":"wp","href":"https:\/\/api.w.org\/{rel}","templated":true}]}}