{"id":642,"date":"2018-08-26T23:11:23","date_gmt":"2018-08-26T23:11:23","guid":{"rendered":"https:\/\/ayore.org\/?page_id=642"},"modified":"2019-02-20T17:27:10","modified_gmt":"2019-02-20T17:27:10","slug":"cajoide-namacade","status":"publish","type":"page","link":"https:\/\/ayore.org\/ayo\/culture\/beliefs\/cajoide-namacade\/","title":{"rendered":"Cajoide\u0301 &#8211; Namacade"},"content":{"rendered":"<p><em>\u00a0<\/em><strong><em>Ore p\u00e9su namacade gu siqueredie:<\/em><\/strong><\/p>\n<p>Ore acade cucha jiei ga ore chijn\u00f3ngaja \u00fadi cucha pibosode.<\/p>\n<p>Ore chij\u00f3cha darujna gai ga ore chijna \u00fadi. Ujeta pero ga gajnareque.<\/p>\n<p>Cho na aja jnumi. Jnanione ore chijn\u00f3ja jnumi uje ojnane gu. Ore er\u00e1soningo u gueb\u00e9ode nanique uje ore chijno.<\/p>\n<p>Ore jno \u00fadi aja guidai aja\u0303\u0301ro ga ore chij\u00f3chame iji guidai gat\u00f3coro.<\/p>\n<p>Ga chi ore doi guidai \u00f1ane ome dapesudi namacade. Que ore chuseque que.<\/p>\n<p>Ore cho cheme uje que ore narare go.<\/p>\n<p>Guidai u\u00f1ai ore p\u00f3gu re ome namacade ijnimis\u00f3rone ga guidai u\u00f1ai que chunina ijnimis\u00f3rone. Ga ore chijocase dac\u00e3ra tiji. Ga ore ipesus\u00f3rone ore chur\u00fas\u00e3re d\u00e1dode jnese ome curud\u00e9. Ore chur\u00fas\u00e3re dar\u00eddade carubode. Ore chur\u00fas\u00e3re namacad\u00e9 \u00fadode. Irar\u00e3re aja gat\u00e9.<\/p>\n<p>Jnuruminone \u2013 pajei carubode<\/p>\n<p>Picanerane \u2013pajojode<\/p>\n<p>Cutamurajane \u2013 pedobicaidie<\/p>\n<p>Dosap\u00e9ode \u2013 yajogaroa<\/p>\n<p>Posorajane \u2013 gogogoi carigode, chug\u00fape\u0303redate\u0301i<\/p>\n<p>\u00c9tac\u00f5rone \u2013suarecari<\/p>\n<p>Ajinereminie ore chica ome cucarani carob\u00e9 ga ca toc jeta chise coj\u00f1otic jeta pero. Ore t\u00e3rei ome aja namacad\u00e9 yui: jnacarode, jnanione ore. Ore chij\u00f1ec\u00e1raja. Ore chutai. Ore chadia c\u00f3bipise j\u00e9 aja ore ayode.<\/p>\n<p>Ore chipoc\u00e1su dajmainie ga ore cho \u2018juiiiiiii\u2019 aja jnumi. Ga ore chojninga: \u201cCod\u00e9 a, yi\u00f1ong\u00f3quedatei, c\u00e1 chisa dej\u00f3ringome yu jne.\u201d<\/p>\n<p>Ore canare iji dejai, dirode. A iyajmaque ore iji. Ore chijna dac\u00e1ranie jnese.<\/p>\n<p>Ore tibidi guidai u\u00f1ane. Que ore chimitingare. Ujetiga ore chimitingare enga ore chache\u0303re cucha ur\u00f5sode ga cucha ur\u00f5sode chimate ore.<\/p>\n<p><strong><em><u>Cheque abai toguedie.<\/u><\/em><\/strong><\/p>\n<p>Uje ore abayode toi ga ore doi carichade ga ore chingu\u00edra u\u00f1ane iji ore \u00f3jo.<\/p>\n<p>Ore na abai aja acot\u00e9 uj\u00fabei ajei uje ore chij\u00f3chame ore.<\/p>\n<p><strong><em><u>Ajnorane<\/u><\/em><\/strong><\/p>\n<p>Ore cho i iji gu uje ajnorane chuj\u00e9 ga ore chojninga: \u201cDuju\u00e1bid\u00e9 uruode.\u201d<\/p>\n<p><em>Cajo\u0301ide\u0301 \u2013 Campo Loro, Paraguay \u2013 1988.<\/em><\/p>\n<p><em>Marina de Morarie chur\u00fas\u00e3re Cajo\u0301id\u00e9 atatagode udojo.<\/em><\/p>\n<div class=\"navigation\"><div class=\"alignleft\"><a href=\"https:\/\/ayore.org\/ayo\/culture\/beliefs\/iquede-dupade-esta-en-todas-partes-a-nuestro-alrededor\/\"title=\"Iquede\u0301 &#8211; Dupade u gued\u00e9 uat\u00e9\"><img loading=\"lazy\" decoding=\"async\" src=\"https:\/\/ayore.org\/wp-content\/uploads\/2018\/10\/left-arrow.png\" width=\"50\" height=\"48\" alt=\"left arrow\"><\/a><\/div><div class=\"alignright\"><a href=\"https:\/\/ayore.org\/ayo\/culture\/beliefs\/cajoide-ore-tare-gai\/\"title=\"Cajoid\u00e9 &#8211; Ore t\u00e3re gai\"><img loading=\"lazy\" decoding=\"async\" src=\"https:\/\/ayore.org\/wp-content\/uploads\/2018\/10\/right-arrow.png\" width=\"50\" height=\"48\" alt=\"right arrow\"><\/a><\/div>\n","protected":false},"excerpt":{"rendered":"<p>\u00a0Ore p\u00e9su namacade gu siqueredie: Ore acade cucha jiei ga ore chijn\u00f3ngaja \u00fadi cucha pibosode. Ore chij\u00f3cha darujna gai ga ore chijna \u00fadi. Ujeta pero ga gajnareque. Cho na aja jnumi. Jnanione ore chijn\u00f3ja jnumi uje ojnane gu. Ore er\u00e1soningo<\/p>\n","protected":false},"author":2,"featured_media":0,"parent":703,"menu_order":0,"comment_status":"closed","ping_status":"closed","template":"","meta":{"footnotes":""},"class_list":["post-642","page","type-page","status-publish","hentry"],"yoast_head":"<!-- This site is optimized with the Yoast SEO plugin v27.4 - https:\/\/yoast.com\/product\/yoast-seo-wordpress\/ -->\n<title>Ayore\u0301ode Anguretigade Cucha: Namacade \u2022 Ayore.org<\/title>\n<meta name=\"robots\" content=\"index, follow, max-snippet:-1, max-image-preview:large, max-video-preview:-1\" \/>\n<link rel=\"canonical\" href=\"https:\/\/ayore.org\/ayo\/culture\/beliefs\/cajoide-namacade\/\" \/>\n<meta property=\"og:locale\" content=\"en_US\" \/>\n<meta property=\"og:type\" content=\"article\" \/>\n<meta property=\"og:title\" content=\"Ayore\u0301ode Anguretigade Cucha: Namacade \u2022 Ayore.org\" \/>\n<meta property=\"og:description\" content=\"\u00a0Ore p\u00e9su namacade gu siqueredie: Ore acade cucha jiei ga ore chijn\u00f3ngaja \u00fadi cucha pibosode. Ore chij\u00f3cha darujna gai ga ore chijna \u00fadi. Ujeta pero ga gajnareque. Cho na aja jnumi. Jnanione ore chijn\u00f3ja jnumi uje ojnane gu. Ore er\u00e1soningo\" \/>\n<meta property=\"og:url\" content=\"https:\/\/ayore.org\/ayo\/culture\/beliefs\/cajoide-namacade\/\" \/>\n<meta property=\"og:site_name\" content=\"AYOR\u00c9.ORG\" \/>\n<meta property=\"article:modified_time\" content=\"2019-02-20T17:27:10+00:00\" \/>\n<meta name=\"twitter:card\" content=\"summary_large_image\" \/>\n<meta name=\"twitter:label1\" content=\"Est. reading time\" \/>\n\t<meta name=\"twitter:data1\" content=\"2 minutes\" \/>\n<script type=\"application\/ld+json\" class=\"yoast-schema-graph\">{\"@context\":\"https:\\\/\\\/schema.org\",\"@graph\":[{\"@type\":\"WebPage\",\"@id\":\"https:\\\/\\\/ayore.org\\\/ayo\\\/culture\\\/beliefs\\\/cajoide-namacade\\\/\",\"url\":\"https:\\\/\\\/ayore.org\\\/ayo\\\/culture\\\/beliefs\\\/cajoide-namacade\\\/\",\"name\":\"Ayore\u0301ode Anguretigade Cucha: Namacade \u2022 Ayore.org\",\"isPartOf\":{\"@id\":\"https:\\\/\\\/ayore.org\\\/#website\"},\"datePublished\":\"2018-08-26T23:11:23+00:00\",\"dateModified\":\"2019-02-20T17:27:10+00:00\",\"breadcrumb\":{\"@id\":\"https:\\\/\\\/ayore.org\\\/ayo\\\/culture\\\/beliefs\\\/cajoide-namacade\\\/#breadcrumb\"},\"inLanguage\":\"ayo\",\"potentialAction\":[{\"@type\":\"ReadAction\",\"target\":[\"https:\\\/\\\/ayore.org\\\/ayo\\\/culture\\\/beliefs\\\/cajoide-namacade\\\/\"]}]},{\"@type\":\"BreadcrumbList\",\"@id\":\"https:\\\/\\\/ayore.org\\\/ayo\\\/culture\\\/beliefs\\\/cajoide-namacade\\\/#breadcrumb\",\"itemListElement\":[{\"@type\":\"ListItem\",\"position\":1,\"name\":\"Jogate bajai tu ude\u0301\",\"item\":\"https:\\\/\\\/ayore.org\\\/ayo\\\/\"},{\"@type\":\"ListItem\",\"position\":2,\"name\":\"Ayore\u0301ode adode, angurenone cucha ore\",\"item\":\"https:\\\/\\\/ayore.org\\\/ayo\\\/culture\\\/\"},{\"@type\":\"ListItem\",\"position\":3,\"name\":\"Ayore\u0301ode Anguretigade Cucha\",\"item\":\"https:\\\/\\\/ayore.org\\\/ayo\\\/culture\\\/beliefs\\\/\"},{\"@type\":\"ListItem\",\"position\":4,\"name\":\"Cajoide\u0301 &#8211; Namacade\"}]},{\"@type\":\"WebSite\",\"@id\":\"https:\\\/\\\/ayore.org\\\/#website\",\"url\":\"https:\\\/\\\/ayore.org\\\/\",\"name\":\"AYOR\u00c9.ORG\",\"description\":\"Ayore\u0301ode Uruode, Adode, Jnani bajade ati\u0301go ore \",\"potentialAction\":[{\"@type\":\"SearchAction\",\"target\":{\"@type\":\"EntryPoint\",\"urlTemplate\":\"https:\\\/\\\/ayore.org\\\/?s={search_term_string}\"},\"query-input\":{\"@type\":\"PropertyValueSpecification\",\"valueRequired\":true,\"valueName\":\"search_term_string\"}}],\"inLanguage\":\"ayo\"}]}<\/script>\n<!-- \/ Yoast SEO plugin. -->","yoast_head_json":{"title":"Ayore\u0301ode Anguretigade Cucha: Namacade \u2022 Ayore.org","robots":{"index":"index","follow":"follow","max-snippet":"max-snippet:-1","max-image-preview":"max-image-preview:large","max-video-preview":"max-video-preview:-1"},"canonical":"https:\/\/ayore.org\/ayo\/culture\/beliefs\/cajoide-namacade\/","og_locale":"en_US","og_type":"article","og_title":"Ayore\u0301ode Anguretigade Cucha: Namacade \u2022 Ayore.org","og_description":"\u00a0Ore p\u00e9su namacade gu siqueredie: Ore acade cucha jiei ga ore chijn\u00f3ngaja \u00fadi cucha pibosode. Ore chij\u00f3cha darujna gai ga ore chijna \u00fadi. Ujeta pero ga gajnareque. Cho na aja jnumi. Jnanione ore chijn\u00f3ja jnumi uje ojnane gu. Ore er\u00e1soningo","og_url":"https:\/\/ayore.org\/ayo\/culture\/beliefs\/cajoide-namacade\/","og_site_name":"AYOR\u00c9.ORG","article_modified_time":"2019-02-20T17:27:10+00:00","twitter_card":"summary_large_image","twitter_misc":{"Est. reading time":"2 minutes"},"schema":{"@context":"https:\/\/schema.org","@graph":[{"@type":"WebPage","@id":"https:\/\/ayore.org\/ayo\/culture\/beliefs\/cajoide-namacade\/","url":"https:\/\/ayore.org\/ayo\/culture\/beliefs\/cajoide-namacade\/","name":"Ayore\u0301ode Anguretigade Cucha: Namacade \u2022 Ayore.org","isPartOf":{"@id":"https:\/\/ayore.org\/#website"},"datePublished":"2018-08-26T23:11:23+00:00","dateModified":"2019-02-20T17:27:10+00:00","breadcrumb":{"@id":"https:\/\/ayore.org\/ayo\/culture\/beliefs\/cajoide-namacade\/#breadcrumb"},"inLanguage":"ayo","potentialAction":[{"@type":"ReadAction","target":["https:\/\/ayore.org\/ayo\/culture\/beliefs\/cajoide-namacade\/"]}]},{"@type":"BreadcrumbList","@id":"https:\/\/ayore.org\/ayo\/culture\/beliefs\/cajoide-namacade\/#breadcrumb","itemListElement":[{"@type":"ListItem","position":1,"name":"Jogate bajai tu ude\u0301","item":"https:\/\/ayore.org\/ayo\/"},{"@type":"ListItem","position":2,"name":"Ayore\u0301ode adode, angurenone cucha ore","item":"https:\/\/ayore.org\/ayo\/culture\/"},{"@type":"ListItem","position":3,"name":"Ayore\u0301ode Anguretigade Cucha","item":"https:\/\/ayore.org\/ayo\/culture\/beliefs\/"},{"@type":"ListItem","position":4,"name":"Cajoide\u0301 &#8211; Namacade"}]},{"@type":"WebSite","@id":"https:\/\/ayore.org\/#website","url":"https:\/\/ayore.org\/","name":"AYOR\u00c9.ORG","description":"Ayore\u0301ode Uruode, Adode, Jnani bajade ati\u0301go ore ","potentialAction":[{"@type":"SearchAction","target":{"@type":"EntryPoint","urlTemplate":"https:\/\/ayore.org\/?s={search_term_string}"},"query-input":{"@type":"PropertyValueSpecification","valueRequired":true,"valueName":"search_term_string"}}],"inLanguage":"ayo"}]}},"_links":{"self":[{"href":"https:\/\/ayore.org\/ayo\/wp-json\/wp\/v2\/pages\/642","targetHints":{"allow":["GET"]}}],"collection":[{"href":"https:\/\/ayore.org\/ayo\/wp-json\/wp\/v2\/pages"}],"about":[{"href":"https:\/\/ayore.org\/ayo\/wp-json\/wp\/v2\/types\/page"}],"author":[{"embeddable":true,"href":"https:\/\/ayore.org\/ayo\/wp-json\/wp\/v2\/users\/2"}],"replies":[{"embeddable":true,"href":"https:\/\/ayore.org\/ayo\/wp-json\/wp\/v2\/comments?post=642"}],"version-history":[{"count":3,"href":"https:\/\/ayore.org\/ayo\/wp-json\/wp\/v2\/pages\/642\/revisions"}],"predecessor-version":[{"id":2997,"href":"https:\/\/ayore.org\/ayo\/wp-json\/wp\/v2\/pages\/642\/revisions\/2997"}],"up":[{"embeddable":true,"href":"https:\/\/ayore.org\/ayo\/wp-json\/wp\/v2\/pages\/703"}],"wp:attachment":[{"href":"https:\/\/ayore.org\/ayo\/wp-json\/wp\/v2\/media?parent=642"}],"curies":[{"name":"wp","href":"https:\/\/api.w.org\/{rel}","templated":true}]}}