{"id":4100,"date":"2019-05-25T19:03:21","date_gmt":"2019-05-25T19:03:21","guid":{"rendered":"https:\/\/ayore.org\/?page_id=4100"},"modified":"2019-05-25T19:03:23","modified_gmt":"2019-05-25T19:03:23","slug":"urusa%cc%83raquede-atecachoi-dupade-ome-uyu","status":"publish","type":"page","link":"https:\/\/ayore.org\/ayo\/culture\/teachings\/urusa%cc%83raquede-atecachoi-dupade-ome-uyu\/","title":{"rendered":"Urusa\u0303ra\u0301quede\u0301 \u2013 Atecachoi Dupade ome uyu"},"content":{"rendered":"\n<p><strong><em>Dupade angures\u1e4dre uyu ga yingo yate bajade ome uaque:<\/em><\/strong><br>Yingo uaque to yate bajade. Yisijnaringu\u00e9one. Mu yadode gajn\u00e1recho dir\u00edca, mu yujode Dupade angures\u00f5re, <em>atecachoi<\/em> Dupade ome Urus\u00e3r\u00e1qued\u00e9 uyu ome udore to jne. <\/p>\n\n\n\n<p>Jecucha yiya Dupade adode mu\nyorase paraque dir\u00edca. Ore chojninga: \u201cUrus\u00e3r\u00e1qued\u00e9 ga Dupade angures\u00f5re ga\ncho yoque to.\u201d<\/p>\n\n\n\n<p><strong><em>De ta, Dupade ejode, uerate:<\/em><\/strong><br>Yiraj\u00e1go uje cucha omi d\u00e9ji gat\u00e9. Dupade ipesudi cucha uerate d\u00e9ji gat\u00e9. Jeta yo par\u00e1gome Dupade adode, a yoco par\u00e1gome Dupade, ga \u00edjnoque Dupade ueratigai tiji yoc. J\u00e9 yocadi pitoringai jeta yoco par\u00e1gome. Adi j\u00e9 cho uje que yiraja cuch\u00e1ric. Que yirajapise cuch\u00e1rigo. Jecute yingo uaque to yate bajade.<\/p>\n\n\n\n<p>Yacaranguip\u00edsome Dupade uje jnusina yoguiji der\u00e9jnane, j\u00e9 ud\u00e9 to r\u0129. Cachi j\u00e9 adi ud\u00e9. J\u00e9 ca oco ate gajnar\u00e9ngone iji yoque, Dupade angures\u00f3rone, Dupade anguretodie uhuac. De ta, Dupade ejode, uerate. Anguret\u00e1yo uac, uje er\u00e3pe ueradode d\u00e9ji ome yoque. Jeta Dupade angureto uaque enga uacajneque to er\u00e3pe ueradi iji gat\u00e9.<\/p>\n\n\n\n<p><strong><em>J\u00e9 ca aj\u00e9jome Dupade adode:<\/em><\/strong><br>Yocacaranguip\u00edsome Dupade uje an\u00edri, Ipeyai ore d\u00e9ji yoque, enga ore chingo yoque ome Dupade. Dupade angures\u00f5re uaque, j\u00e9 ca yaj\u00e9jome queyate gajnar\u00e9ngone ome cucha an\u00ednique gotique. Gajn\u00e1rec jeta y\u00e3r\u00e1ngome darai tiji yipajei. Ga adi u Dupade jeta chaj\u00e9ngome ore to jeta di. <\/p>\n\n\n\n<p>J\u00e9 ca aj\u00e9chome Dupade adode to jeta acacho yoque to. Jnacarode uhuac, j\u00e9 gapudi\u0301e uhu\u00e1que to. A j\u00e9 ca aj\u00e9jome Dupade adode. Yacaco ore iji dirode jnese to. <em>(1 Timoteo 4:12)<\/em><\/p>\n\n\n\n<p><strong><em>Eri jnusina yogome Dupade Uruode:<\/em><\/strong><br>Adi u Eri uje chise y\u00f3guiji de dir\u00edca ga jnusina yogome Dupade Uruode, enga e que toc jeta yip\u00e9co yocuru gajnar\u00e9cho ome <em>queyuj\u00f3rique<\/em> ayor\u00e9. Jeta j\u00e9 adi tu ome cuchade. J\u00e9 ca yaj\u00e9nique dot\u00e3re ome yuj\u00f3rique ayor\u00e9. J\u00e9 ca yaguh\u00e9ta yuj\u00f3rique ayor\u00e9 gai ome cucha gajnar\u00e9tique. Gajn\u00e1reque ud\u00e9, cham\u00e1\u00f1aje Dupade ur\u00fao gu. Dupade aj\u00e9ode u ujeta yacaco y\u00f3gome iji der\u00e9jnane jnese. J\u00e9 ca <em>queyur\u00farigo<\/em> gajnar\u00e9ngome yuj\u00f3rique ayor\u00e9. Jeta yuruode gajnar\u00e9ngome yuj\u00f3rique ayor\u00e9 ga e yique. Jeta Dupade di jne mu yip\u00f3gu ica yuruode, mu yingome uje yuruode gajnar\u00e9cho ome yuj\u00f3rique ayor\u00e9 ica ga yate gajnareque. Ga j\u00e9 yique.<\/p>\n\n\n\n<p><strong><em>Ang\u00e1choi yocacading\u00f3rone:<\/em><\/strong><br>Yigaidi cas\u00e9 yuj\u00f3rique ayor\u00e9. Gajn\u00e1reque ud\u00e9 ga que Dupade acho gotique. U gapudi\u0301e uhuac, jnacarode ore. Ang\u00e1choi yocacading\u00f3rone \u2013 Guejn\u00e1min\u00e9 ore.<\/p>\n\n\n\n<p><strong><em>Ajusipise uaqueo to:<\/em><\/strong><br>Gajn\u00e1reque jne uje uacap\u00f3tayo jnacarode ore. Ajusipise uaqueo to. Jnacarode uhuaque jeta uacacotedie di, beyoi uacacotepise. <\/p>\n\n\n\n<p>Eri a adi u. Uje Eri a chojninga: \u201cA yip\u00e9su gu diri gajnar\u00e9tigo, yi\u00f1o\u00f1\u00e1ringuei.\u201d<\/p>\n\n\n\n<p><em>Queyadi<\/em> ujeta yip\u00e9jo <em>queyidai<\/em> i\u00f1o\u00f1aringuei tome Dupade angures\u00f3nique ore. J\u00e9 uacam\u00f3\u00f1o to uje <em>yatec\u00e3ri<\/em> David\u00e9 ica. Dupade angures\u00f5re ore adi u. E yuruode to uje David\u00e9 chachai ujuyaquei ome uyoque que. Ujeta Dupade angures\u00f3ningo ore isocai yocadi u. Uje yimesacoa \u00f1ane ome cuchade.<\/p>\n\n\n\n<p><em>Urus\u00e3r\u00e1qued\u00e9 \u2013 Rincon de Tigre, Bolivia \u2013 1970<\/em><br><em>Marina de Morarie chur\u00fas\u00e3re Urus\u00e3r\u00e1qued\u00e9 uruode<\/em><\/p>\n\n\n<div class=\"navigation\"><div class=\"alignleft\"><a href=\"https:\/\/ayore.org\/ayo\/culture\/teachings\/uroi-danielne-a-badute-baruode-iji-yoquibijnani\/\"title=\"Uroi (Danielne\u0301) \u2013 A badute baruode iji yoquibijnani\"><img loading=\"lazy\" decoding=\"async\" src=\"https:\/\/ayore.org\/wp-content\/uploads\/2018\/10\/left-arrow.png\" width=\"50\" height=\"48\" alt=\"left arrow\"><\/a><\/div><div class=\"alignright\"><a href=\"https:\/\/ayore.org\/ayo\/language\/\"title=\"Darujna aode ome Ayore\u0301ode Uruode\"><img loading=\"lazy\" decoding=\"async\" src=\"https:\/\/ayore.org\/wp-content\/uploads\/2018\/10\/right-arrow.png\" width=\"50\" height=\"48\" alt=\"right arrow\"><\/a><\/div>\n","protected":false},"excerpt":{"rendered":"<p>Dupade angures\u1e4dre uyu ga yingo yate bajade ome uaque:Yingo uaque to yate bajade. Yisijnaringu\u00e9one. Mu yadode gajn\u00e1recho dir\u00edca, mu yujode Dupade angures\u00f5re, atecachoi Dupade ome Urus\u00e3r\u00e1qued\u00e9 uyu ome udore to jne. Jecucha yiya Dupade adode mu yorase paraque dir\u00edca. Ore<\/p>\n","protected":false},"author":5,"featured_media":0,"parent":719,"menu_order":0,"comment_status":"closed","ping_status":"closed","template":"","meta":{"footnotes":""},"class_list":["post-4100","page","type-page","status-publish","hentry"],"yoast_head":"<!-- This site is optimized with the Yoast SEO plugin v27.4 - https:\/\/yoast.com\/product\/yoast-seo-wordpress\/ -->\n<title>Urusa\u0303ra\u0301quede\u0301 \u2013 Atecachoi Dupade ome uyu &#8226; AYOR\u00c9.ORG<\/title>\n<meta name=\"robots\" content=\"index, follow, max-snippet:-1, max-image-preview:large, max-video-preview:-1\" \/>\n<link rel=\"canonical\" href=\"https:\/\/ayore.org\/ayo\/culture\/teachings\/urusa\u0303raquede-atecachoi-dupade-ome-uyu\/\" \/>\n<meta property=\"og:locale\" content=\"en_US\" \/>\n<meta property=\"og:type\" content=\"article\" \/>\n<meta property=\"og:title\" content=\"Urusa\u0303ra\u0301quede\u0301 \u2013 Atecachoi Dupade ome uyu &#8226; AYOR\u00c9.ORG\" \/>\n<meta property=\"og:description\" content=\"Dupade angures\u1e4dre uyu ga yingo yate bajade ome uaque:Yingo uaque to yate bajade. Yisijnaringu\u00e9one. Mu yadode gajn\u00e1recho dir\u00edca, mu yujode Dupade angures\u00f5re, atecachoi Dupade ome Urus\u00e3r\u00e1qued\u00e9 uyu ome udore to jne. Jecucha yiya Dupade adode mu yorase paraque dir\u00edca. Ore\" \/>\n<meta property=\"og:url\" content=\"https:\/\/ayore.org\/ayo\/culture\/teachings\/urusa\u0303raquede-atecachoi-dupade-ome-uyu\/\" \/>\n<meta property=\"og:site_name\" content=\"AYOR\u00c9.ORG\" \/>\n<meta property=\"article:modified_time\" content=\"2019-05-25T19:03:23+00:00\" \/>\n<meta name=\"twitter:card\" content=\"summary_large_image\" \/>\n<meta name=\"twitter:label1\" content=\"Est. reading time\" \/>\n\t<meta name=\"twitter:data1\" content=\"3 minutes\" \/>\n<script type=\"application\/ld+json\" class=\"yoast-schema-graph\">{\"@context\":\"https:\\\/\\\/schema.org\",\"@graph\":[{\"@type\":\"WebPage\",\"@id\":\"https:\\\/\\\/ayore.org\\\/ayo\\\/culture\\\/teachings\\\/urusa%cc%83raquede-atecachoi-dupade-ome-uyu\\\/\",\"url\":\"https:\\\/\\\/ayore.org\\\/ayo\\\/culture\\\/teachings\\\/urusa%cc%83raquede-atecachoi-dupade-ome-uyu\\\/\",\"name\":\"Urusa\u0303ra\u0301quede\u0301 \u2013 Atecachoi Dupade ome uyu &#8226; AYOR\u00c9.ORG\",\"isPartOf\":{\"@id\":\"https:\\\/\\\/ayore.org\\\/#website\"},\"datePublished\":\"2019-05-25T19:03:21+00:00\",\"dateModified\":\"2019-05-25T19:03:23+00:00\",\"breadcrumb\":{\"@id\":\"https:\\\/\\\/ayore.org\\\/ayo\\\/culture\\\/teachings\\\/urusa%cc%83raquede-atecachoi-dupade-ome-uyu\\\/#breadcrumb\"},\"inLanguage\":\"ayo\",\"potentialAction\":[{\"@type\":\"ReadAction\",\"target\":[\"https:\\\/\\\/ayore.org\\\/ayo\\\/culture\\\/teachings\\\/urusa%cc%83raquede-atecachoi-dupade-ome-uyu\\\/\"]}]},{\"@type\":\"BreadcrumbList\",\"@id\":\"https:\\\/\\\/ayore.org\\\/ayo\\\/culture\\\/teachings\\\/urusa%cc%83raquede-atecachoi-dupade-ome-uyu\\\/#breadcrumb\",\"itemListElement\":[{\"@type\":\"ListItem\",\"position\":1,\"name\":\"Jogate bajai tu ude\u0301\",\"item\":\"https:\\\/\\\/ayore.org\\\/ayo\\\/\"},{\"@type\":\"ListItem\",\"position\":2,\"name\":\"Ayore\u0301ode adode, angurenone cucha ore\",\"item\":\"https:\\\/\\\/ayore.org\\\/ayo\\\/culture\\\/\"},{\"@type\":\"ListItem\",\"position\":3,\"name\":\"Ayore\u0301ode Acajnaque\u0301ode\",\"item\":\"https:\\\/\\\/ayore.org\\\/ayo\\\/culture\\\/teachings\\\/\"},{\"@type\":\"ListItem\",\"position\":4,\"name\":\"Urusa\u0303ra\u0301quede\u0301 \u2013 Atecachoi Dupade ome uyu\"}]},{\"@type\":\"WebSite\",\"@id\":\"https:\\\/\\\/ayore.org\\\/#website\",\"url\":\"https:\\\/\\\/ayore.org\\\/\",\"name\":\"AYOR\u00c9.ORG\",\"description\":\"Ayore\u0301ode Uruode, Adode, Jnani bajade ati\u0301go ore \",\"potentialAction\":[{\"@type\":\"SearchAction\",\"target\":{\"@type\":\"EntryPoint\",\"urlTemplate\":\"https:\\\/\\\/ayore.org\\\/?s={search_term_string}\"},\"query-input\":{\"@type\":\"PropertyValueSpecification\",\"valueRequired\":true,\"valueName\":\"search_term_string\"}}],\"inLanguage\":\"ayo\"}]}<\/script>\n<!-- \/ Yoast SEO plugin. -->","yoast_head_json":{"title":"Urusa\u0303ra\u0301quede\u0301 \u2013 Atecachoi Dupade ome uyu &#8226; AYOR\u00c9.ORG","robots":{"index":"index","follow":"follow","max-snippet":"max-snippet:-1","max-image-preview":"max-image-preview:large","max-video-preview":"max-video-preview:-1"},"canonical":"https:\/\/ayore.org\/ayo\/culture\/teachings\/urusa\u0303raquede-atecachoi-dupade-ome-uyu\/","og_locale":"en_US","og_type":"article","og_title":"Urusa\u0303ra\u0301quede\u0301 \u2013 Atecachoi Dupade ome uyu &#8226; AYOR\u00c9.ORG","og_description":"Dupade angures\u1e4dre uyu ga yingo yate bajade ome uaque:Yingo uaque to yate bajade. Yisijnaringu\u00e9one. Mu yadode gajn\u00e1recho dir\u00edca, mu yujode Dupade angures\u00f5re, atecachoi Dupade ome Urus\u00e3r\u00e1qued\u00e9 uyu ome udore to jne. Jecucha yiya Dupade adode mu yorase paraque dir\u00edca. Ore","og_url":"https:\/\/ayore.org\/ayo\/culture\/teachings\/urusa\u0303raquede-atecachoi-dupade-ome-uyu\/","og_site_name":"AYOR\u00c9.ORG","article_modified_time":"2019-05-25T19:03:23+00:00","twitter_card":"summary_large_image","twitter_misc":{"Est. reading time":"3 minutes"},"schema":{"@context":"https:\/\/schema.org","@graph":[{"@type":"WebPage","@id":"https:\/\/ayore.org\/ayo\/culture\/teachings\/urusa%cc%83raquede-atecachoi-dupade-ome-uyu\/","url":"https:\/\/ayore.org\/ayo\/culture\/teachings\/urusa%cc%83raquede-atecachoi-dupade-ome-uyu\/","name":"Urusa\u0303ra\u0301quede\u0301 \u2013 Atecachoi Dupade ome uyu &#8226; AYOR\u00c9.ORG","isPartOf":{"@id":"https:\/\/ayore.org\/#website"},"datePublished":"2019-05-25T19:03:21+00:00","dateModified":"2019-05-25T19:03:23+00:00","breadcrumb":{"@id":"https:\/\/ayore.org\/ayo\/culture\/teachings\/urusa%cc%83raquede-atecachoi-dupade-ome-uyu\/#breadcrumb"},"inLanguage":"ayo","potentialAction":[{"@type":"ReadAction","target":["https:\/\/ayore.org\/ayo\/culture\/teachings\/urusa%cc%83raquede-atecachoi-dupade-ome-uyu\/"]}]},{"@type":"BreadcrumbList","@id":"https:\/\/ayore.org\/ayo\/culture\/teachings\/urusa%cc%83raquede-atecachoi-dupade-ome-uyu\/#breadcrumb","itemListElement":[{"@type":"ListItem","position":1,"name":"Jogate bajai tu ude\u0301","item":"https:\/\/ayore.org\/ayo\/"},{"@type":"ListItem","position":2,"name":"Ayore\u0301ode adode, angurenone cucha ore","item":"https:\/\/ayore.org\/ayo\/culture\/"},{"@type":"ListItem","position":3,"name":"Ayore\u0301ode Acajnaque\u0301ode","item":"https:\/\/ayore.org\/ayo\/culture\/teachings\/"},{"@type":"ListItem","position":4,"name":"Urusa\u0303ra\u0301quede\u0301 \u2013 Atecachoi Dupade ome uyu"}]},{"@type":"WebSite","@id":"https:\/\/ayore.org\/#website","url":"https:\/\/ayore.org\/","name":"AYOR\u00c9.ORG","description":"Ayore\u0301ode Uruode, Adode, Jnani bajade ati\u0301go ore ","potentialAction":[{"@type":"SearchAction","target":{"@type":"EntryPoint","urlTemplate":"https:\/\/ayore.org\/?s={search_term_string}"},"query-input":{"@type":"PropertyValueSpecification","valueRequired":true,"valueName":"search_term_string"}}],"inLanguage":"ayo"}]}},"_links":{"self":[{"href":"https:\/\/ayore.org\/ayo\/wp-json\/wp\/v2\/pages\/4100","targetHints":{"allow":["GET"]}}],"collection":[{"href":"https:\/\/ayore.org\/ayo\/wp-json\/wp\/v2\/pages"}],"about":[{"href":"https:\/\/ayore.org\/ayo\/wp-json\/wp\/v2\/types\/page"}],"author":[{"embeddable":true,"href":"https:\/\/ayore.org\/ayo\/wp-json\/wp\/v2\/users\/5"}],"replies":[{"embeddable":true,"href":"https:\/\/ayore.org\/ayo\/wp-json\/wp\/v2\/comments?post=4100"}],"version-history":[{"count":2,"href":"https:\/\/ayore.org\/ayo\/wp-json\/wp\/v2\/pages\/4100\/revisions"}],"predecessor-version":[{"id":4102,"href":"https:\/\/ayore.org\/ayo\/wp-json\/wp\/v2\/pages\/4100\/revisions\/4102"}],"up":[{"embeddable":true,"href":"https:\/\/ayore.org\/ayo\/wp-json\/wp\/v2\/pages\/719"}],"wp:attachment":[{"href":"https:\/\/ayore.org\/ayo\/wp-json\/wp\/v2\/media?parent=4100"}],"curies":[{"name":"wp","href":"https:\/\/api.w.org\/{rel}","templated":true}]}}