{"id":4095,"date":"2019-05-25T18:35:23","date_gmt":"2019-05-25T18:35:23","guid":{"rendered":"https:\/\/ayore.org\/?page_id=4095"},"modified":"2019-05-25T18:35:24","modified_gmt":"2019-05-25T18:35:24","slug":"uroi-danielne-a-badute-baruode-iji-yoquibijnani","status":"publish","type":"page","link":"https:\/\/ayore.org\/ayo\/culture\/teachings\/uroi-danielne-a-badute-baruode-iji-yoquibijnani\/","title":{"rendered":"Uroi (Danielne\u0301) \u2013 A badute baruode iji yoquibijnani"},"content":{"rendered":"\n<p><strong><em>Uroi catec\u00e3\u0301ri Dupade:<\/em><\/strong><br>Ud\u00faco baruode iji domingo tun\u00e9, yoque Dupade. Que yimo jeta barasique ua uje badute baruode iji yoquibijnani uje yacaco yocujode bangures\u00f3\u00f1o ore, yoque Dupade. Mu ajusipise baruode guio iji dejai ud\u00e9 to, yoque Dupade, iji baruode jogadi ud\u00e9. A yud\u00faco baruode iji gajneri, yoque Dupade. C\u00e1ma yud\u00faco que mu, a yud\u00faco jne, yoque Dupade, enga ajusi yoquio gajneri uje uduco pacajnaqu\u00e9ode.<\/p>\n\n\n\n<p>David\u00e9 que d\u00e9ji guidai\nmar\u00ednga, mu yam\u00e1tago yoque ome baruode. Que yiy\u00e1go gotique, yoque Dupade, mu\nque toc jeta u\u00f1eque chacate yogome baruode, yoque Dupade, uje David\u00e9 e jno,\nyoque Dupade, mu a yacate yocurasade jne. Mu ar\u00f3diji sa\u00f1eque, yoque Dupade, David\u00e9,\nJ\u00f3mone ore ujetiga ca cuch\u00e1rique gajnar\u00e9nguiji ore, yoque Dupade. Enga jeta\nchacate yoque dirome iji dom\u00edngoi, David\u00e9. Bamo uje chiraja baruode. Chiraja\nbaruode quigode uje chingo yoc iji domingone jnese, yoque Dupade. <\/p>\n\n\n\n<p>Enga \u00e1taja yoque gajneri iji\nbagu\u00edjnai ud\u00e9 uje bang\u00e1ri baruode gajneri iji yibijnani, yoque Dupade \u00e1.\nUjetiga jec areque gajneri baruode ome ua, yoque Dupade. Enga barasique yoque\ngajneri jeta adute baruode. Icatec\u00e3\u0301ri ua ome babi Jesus i. Am\u1ebd.<\/p>\n\n\n\n<p><strong><em>Uroi chatata Fara\u00f3n urigode quigode:<\/em><\/strong><br>Yajirigode u ore edugu\u00e9jna cuch\u00e1bi Fara\u00f3n urigode que iji duras\u00e9 ud\u00e9. O y\u00e1yugu uje yajire bisideque. Mu Don Len chise yu que, mu que yiraja yajiritique quit\u00edgo. Que yiraja yaj\u00e9ningo jeta yacate uagome. Uje yajire Fara\u00f3n urigode. <em>(Genesis 41:7-16)<\/em><\/p>\n\n\n\n<p>Uje edugu\u00e9jna cuch\u00e1bi Fara\u00f3n chi\nmo nanique iji dejai. Mu urigode gajn\u00e1recho. Enga chi ch\u0129\u0301cara ga aquir\u00e1jna\nueradedie doi. Mu quigade ga aquir\u00e1jna god\u00f3gued\u00ede chi doi dojodie aquir\u00e1jna\nurojnai enga chi chuj\u00e9. Enga chi tagu ga jogadi chona. <\/p>\n\n\n\n<p>Enga edugu\u00e9jnai cho d\u00e1yugu re.\nUje urigode gajn\u00e1recho ome re. Mu chi mopo r\u0129 enga doi damoque ichai. Chi mo\nmu urigode u\u00f1ane chise. Maiz quer\u00faode chi doi Fara\u00f3n urigode. Mu quigade ga\nmaiz cosocod\u00e1bidie doi Fara\u00f3n urigode. Ga maiz cosocod\u00e1bidie chuj\u00e9 maiz\nquer\u00faode. Enga tagu ga \u00edjnoque jogadi. Mu edugu\u00e9jna cuch\u00e1bi chi chojninga: \u201cO\ny\u00e1yugu yu ome yurigode uje gajn\u00e1recho ome yu.\u201d<\/p>\n\n\n\n<p><strong><em>Edugu\u00e9jnai tibidi daijna gajnar\u00e9ngone:<\/em><\/strong><br>Enga chojninga: \u201cA yi daijna gajnar\u00e9ngone ome yurigode jnenga ore chirajape jne. Uje gosi chiraja enga a yijnime yu iji yiyaridi tun\u00e9 ga yich\u00e1ji gosi taja.\u201d<\/p>\n\n\n\n<p>Enga chi doi daijna gajnar\u00e9ngone\niji er\u00e1mi. Chatatame ore mu que ore chiraja urigode go.<\/p>\n\n\n\n<p><strong><em>Edugu\u00e9jnai tibidi Jos\u00e9:<\/em><\/strong><br>Mu quigade ga iroi uje chisi ome <em>v\u00ednoi <\/em>ome dedugu\u00e9jnai narare enga chi chojninga: \u201cU baroi uje bajuru gai uje i tu Jos\u00e9. Jos\u00e9 u uje chiraja purigode to.\u201d<\/p>\n\n\n\n<p>Enga chi Fara\u00f3n chojninga: \u201cBe\nenga chajire yurigode to. O y\u00e1yugu yu yurigode uje gajn\u00e1recho ome yu. Daijna\ngajnar\u00e9ngone que chajnerame yur\u00edrique gotique.<\/p>\n\n\n\n<p>Chi ore doi Jos\u00e9 ga ore chijn\u00e1ja\nedugu\u00e9jnai igu\u00edjnai yui uje ore suru gai tiji. Chi ore chojninga: \u201cJos\u00e9 \u00e1,\nuyoque u uje yib\u00e1joi ua. J\u00e9 ib\u00e1joi ua ujetiga araja edugu\u00e9jnai Fara\u00f3n urigode.\nUje daijna gajnar\u00e9ngone que ore chiraja go.\u201d<\/p>\n\n\n\n<p>Enga chi ore ch\u00e9c\u00e3re Jos\u00e9\niguidedie. Chi ore doi oite ueradi ga ore chad\u00edja. Tuj\u00fana daj\u00fanone to. Ch\u00e9c\u00e3re\ndadode ga ore chijn\u00edmiji edugu\u00e9jna igu\u00edjnai uje ore suru gai tiji. Enga chi jno\nga chajnai Fara\u00f3n yui.<\/p>\n\n\n\n<p><strong><em>Edugu\u00e9jna cuch\u00e1bi Fara\u00f3n chatata darigode ome Jos\u00e9:<\/em><\/strong><br>Enga chi chise Fara\u00f3n enga chi chojninga: \u201cFara\u00f3n \u00e1, \u00bfJ\u00e9 gotique?\u201d<\/p>\n\n\n\n<p>Mu chi Fara\u00f3n chojninga: \u201cJos\u00e9\n\u00e1, qu\u00e9 icatec\u00e3\u0301ri ua ujetiga arajape yurigode. Yurigode gajn\u00e1recho ome yu iji\ndejai seque. Ujetiga arajape yurigode,\u201d chojninga Fara\u00f3n ome Jos\u00e9.<\/p>\n\n\n\n<p>Jos\u00e9 chi chojninga: \u201cIraja.\u201d<\/p>\n\n\n\n<p>Fara\u00f3n chojninga: \u201cJos\u00e9 \u00e1,\ny\u00edc\u00e3ra enga cabayu urojnanie d\u00e9ji ti\u00e9 ed\u00fadi. Mu quigade ga cabayu godog\u00e1bidie\ndoi aquira urojnanie ga chuj\u00e9. Enga tagu ga \u00edjnoque jogadi. Ga siete godog\u00e1bidie\nr\u0129,\u201d chi chojninga. \u201cJos\u00e9 \u00e1, ujnojo que, yurigode. Ga gajn\u00e1recho ome yu.\u201d<\/p>\n\n\n\n<p>Enga Jos\u00e9 chi chojninga: \u201cIraja.\u201d<\/p>\n\n\n\n<p>Mu Fara\u00f3n chojninga: \u201cImopo que\nr\u0129 iji yimoque ich\u00e1rique enga yimo que mu maiz quer\u00faode doi yu iji yurigode.\nMu que yiraja gotique uje maiz cosocod\u00e1bidie dopoi yu r\u0129. Doi yu enga doi\nmaiz quer\u00faode. Enga chuj\u00e9 enga tagu enga a chona.\u201d<\/p>\n\n\n\n<p><strong><em>Jos\u00e9 catec\u00e3\u0301ri Dupade ome Fara\u00f3n urigode quit\u00edgo:<\/em><\/strong><br>Jos\u00e9 e quejn\u00e1ji Dupade yui jeta ch\u00e1taja ome Fara\u00f3n urigode quit\u00edgo. <\/p>\n\n\n\n<p>Jos\u00e9 chojninga: \u201cFara\u00f3n \u00e1,\nDupade irajat\u00edga un\u00e9. Fara\u00f3n, barigode udore chi im\u00f3ringui sequer\u00e9 no\u00f1angue\njne, siete sequeredie enga chi im\u00f3ringo chaguh\u00e9o iji er\u00e1mone jne,\u201d chojninga\nJos\u00e9 ome Fara\u00f3n. \u201cMu que yirajat\u00edga go. Dupade irajat\u00edga uje chingo yu,\u201d Jos\u00e9\nchojningame.<\/p>\n\n\n\n<p>Chi chojninga que, edugu\u00e9jna\ncuch\u00e1bi: \u201cQue yirasique yu ome yurigode go. Daijna gajnar\u00e9ngone que ore\nchajnerame yur\u00edrique go ome yurigode jeta ore chiraja,\u201d Fara\u00f3n chi chojninga, \u201cMu\na yejna daijna gajnar\u00e9ngone ore iji er\u00e1mone,\u201d chi Fara\u00f3n chojninga. \u201cUje que\npirajaque yurigode go ome ore.\u201d <\/p>\n\n\n\n<p>Uje chojninga que: \u201cJos\u00e9 \u00e1, a\nyijnime yu iji yijogadi te jne, ug\u00fasi ucase enga a ore cho dedugu\u00e9jna iji ua\njnese jne iji sequer\u00e9 omenie, j\u00e9 iji sequer\u00e9 no\u00f1\u00e1nguenie to.\u201d <\/p>\n\n\n\n<p><strong><em>Chi coj\u00f1one u\u00f1\u00e9ngo chingo darigode aja Jos\u00e9 to uje qu\u00e9 d\u00e9ji ore jur\u00fagaip\u00eddi ajei:<\/em><\/strong><br>Enga chi ore chatata darigode ome Jos\u00e9 jnese.<\/p>\n\n\n\n<p>Chi u\u00f1eque chojninga to: \u201cJos\u00e9 \u00e1,\narajape yurigode to,\u201d chojninga. \u201cQue yiraja gotique que uje yiji enga yiji\ndurasede enga, Jos\u00e9, yiji durasede iji yurigode enga yijnoque yibosode iji\ncan\u00e1sta iji yatoi durasede. Mu chug\u00fap\u1ebdre chag\u00faode iji gatajnoque tagu yibosode\niji yatoi durase,\u201d chojningame Jos\u00e9.<\/p>\n\n\n\n<p>Mu Jos\u00e9 e chojninga: \u201cIraja. Enga\nim\u00f3ringo u uje ujetiga bar\u00f3s\u00f5ri tut\u00e9 ir\u00f3gode chuj\u00e9 ua jne enga ore t\u1e4dra ua\naja aj\u00e3ro enga chug\u00fap\u1ebdre chag\u00faode tagu ua iji guesi.\u201d<\/p>\n\n\n\n<p>Quigade ga u\u00f1ai chojninga: \u201cJos\u00e9\n\u00e1, y\u0129\u0301cara to iji dejai tuqu\u00e9 ga coj\u00f1otique chisi \u00favadie adie ome yu,\u201d\nchojninga, \u201cCoj\u00f1otique chisi ome \u00favadie adie ome yu iji yurigode,\u201d chojninga.<\/p>\n\n\n\n<p>Jos\u00e9 chojninga: \u201cIraja. Yiraja\nar\u0129a barigode. Udore imoi chi u ujetiga chiroque ua iji quigade. Bajne tu \u00fava\nadie ujetiga ap\u00e9su edugu\u00e9jna cuch\u00e1bi jotai v\u00ednoi ome udire. Enga uacarigode\nquigode u unojo. Mu que yirajat\u00edga go. Dupade irajat\u00edga uje chingome uaque,\u201d\nJos\u00e9 chojninga.<\/p>\n\n\n\n<p><strong><em>Uroi chojninga: \u2018Yajir\u00e1po an\u00edri Juan, Pedro ore adode r\u0129 iji Hechos:<\/em><\/strong><br>Juan a chojninga: \u201cPedro \u00e1, yico ga icoi Dupade igu\u00edjnai jne uje gued\u00e9 cho j\u00f1uque. Yicoi ga yicatec\u00e3coi Dupade iji jne.\u201d<\/p>\n\n\n\n<p>Enga Juan, Pedro ore jno ga ore chic\u00e1ji\nDupade igu\u00edjna cuch\u00e1bi. Chi ore chajire Dupade igu\u00edjnai piagoi mu ore chimo jnani\niji uje no\u00f1aque. No\u00f1ai ut\u00e9 qu\u00e9 chirote coj\u00f1one ore iji Dupade igu\u00edjnai piagoi.\nNo\u00f1ai u uje chi no\u00f1\u00e1ngaja guesi tiji dat\u00e9. Dat\u00e9ringa uje a chugutana dagutadedie\naja Dupade igu\u00edjnai piagoi. Ga chirote coj\u00f1one ore iji. Mu chi Juan, Pedro ore\nt\u1e4draji to ome Dupade igu\u00edjnai. Mu ore chajire daquei tiji ga e ore chimo\nno\u00f1ai tiji. Enga qu\u00e9 chirote coj\u00f1one tiji Dupade igu\u00edjnai piagoi.<\/p>\n\n\n\n<p>Chi no\u00f1ai iji chojninga: \u201c\u00a1Ju\u00e3\u0301! \u00a1Pedro \u00e1! \u00a1Uaque!\u201d chi chojninga. \u201cYicatec\u00e3\u0301ri uac\nujetiga as\u00edyope yu iji cucha aj\u00f3ning\u00e1rique,\u201d chi chojninga peroi. \u201cUacam\u00f3\u00f1o uje\nperoque yu ga que toque cuch\u00e1ringome yu.\u201d<\/p>\n\n\n\n<p><strong>Juan, Pedro ore chisiome cucha ueradi ome peroi uje chutai cucha aj\u00f3ning\u00e1rique ome ore:<\/strong><br>Enga Juan, Pedro ore chojninga: \u201cIraja.\u201d Chi ore chojningame peroi: \u201cIraja baruode, mu \u00edjnoque yoquipl\u00e1tadie. \u00cdjnoque <em>oro<\/em> iji yoque.\u201d <\/p>\n\n\n\n<p>Mu Pedro chi chojningame peroi: \u201cPeroi\nch\u00e1, \u00edjnoque yipar\u00e1tadie, \u00edjnoque cuchade iji yu, pijotade ujetiga yisi ome\nua. Mu a yisi ome cucha ueradi ome ua,\u201d chojninga Pedro. \u201cA yisi ome cucha\nueradi ome ua jne, \u00a1cucha uerad\u00e9jna!\u201d<\/p>\n\n\n\n<p>Mu peroi chi chojninga: \u201cJuan,\nPedro, uacam\u00f3\u00f1o yu to nanique uje ibas\u00edji it\u00e9 nanique ga no\u00f1aque yu aja guesi\nnanique. Enga qu\u00e9 yug\u00fasiji de iji dirode unojo. Ga as\u00edyope yu iji uacabotique,\njeoga uacapl\u00e1ta aj\u00f3ning\u00e1rique. Uacam\u00f3\u00f1o to uje peroque yu nanique iji it\u00e9 ajei\nga j\u00e9 qu\u00e9 u aja dirode udojo.\u201d<\/p>\n\n\n\n<p><strong><em>Juan, Pedro chiqueta peroi nanique uje ore ch\u0129\u0301care Jesuse i:<\/em><\/strong><br>Mu Juan, Pedro ore chojninga: \u201cPeroi ch\u00e1, yiraja mu \u00edjnoque cuchade iji yoc, mu a yis\u00edgo ome cucha ueradi aja ua enga cucha ueradi tut\u00e9 u Jesuse i.\u201d <\/p>\n\n\n\n<p>Chi Juan, Pedro ore ch\u0129\u0301care\nJesus i enga ore chojninga: \u201cBe gues\u00e1ringai tut\u00e9 ga ay\u00e1gue. Mu ay\u00e1gue gajner\u00ed\nenga asa bagutad\u00e9 uat\u00e9 ome b\u00e3rach\u00faa te enga ca ap\u00fasaja ome bajmainie, bajmanecade\nore. A asa baqu\u00e9 tome b\u00e3rachua te enga jeta asa ome naque gajner\u00ed, mu qu\u00e9\nay\u00e1gue.\u201d<\/p>\n\n\n\n<p>Ga chi peroi doi gues\u00e1ringai te\nga chi ch\u00e1ji enga doi ore uruode. A Juan jmanecai chi j\u00e9 jogadi tiji ome peroi.\nMu Juan chojninga: \u201cAyague, Peroi ch\u00e1, ay\u00e1gue. Tatoguei \u00e1, ayague.\u201d<\/p>\n\n\n\n<p>Ga tat\u00f3guei doi uruode ga chi\nchague. Enga chisa dogu\u00e9 ome d\u00e3rachua. Enga chague jmame, enga uqu\u00e9 e dique. Enga\ncho omone. Cho jetiga et\u00f3guiji dat\u00e9 ajei nanique.<\/p>\n\n\n\n<p>Mu Pedro, Juan chi ore chojninga:\n\u201cQue yirajatiguei go. Dupade irajat\u00edga, Dupade ujopi\u00e9 tu yoid\u00e9.\u201d<\/p>\n\n\n\n<p>Ore chiqueta peroi. Mu Juan,\nPedro que ore iquetaque go. Dupade ujopi\u00e9 tu uje d\u00e9ji ore aj\u00e9ode. Ga ore oid\u00e9\ntu Dupade Ujopi\u00e9 aja qued\u00e9jnane uje chiqueta peroi. Ga ore irasique re uje ore chiqueta\nperoi. Mu que ore iquetaque go. Dupade Ujopi\u00e9 u. Dupade chingo dajopi\u00e9 taja\nJuan, Pedro ore. Ga ore chijna Dupade ujopi\u00e9 aja qued\u00e9jnane. Ga Juan, Pedro ore\nchiqueta peroi, tatoi. Enga etoque iji dirode udojo. Cho jetiga et\u00f3gaja guesi\nnanique iji dat\u00e9 ajei. Ga chi peroi irasique re uje Juan, Pedro ore chiqueta.\nMu que ore iquetaque go. Mu ore iquetaque uje ore chijna Dupade ujopi\u00e9 aja\nqued\u00e9jnane.<\/p>\n\n\n\n<p>Gar\u00f3si\nto uje yajire Dupade Uruode to iji gued\u00e9 jnoringai.<em><\/em><\/p>\n\n\n\n<p><em>Uroi \u2013 Tobit\u00e9, Bolivia \u2013 1970<\/em><br><em>Marina Morarie chur\u00fas\u00e3re Uroi uruode nanique<\/em><\/p>\n\n\n<div class=\"navigation\"><div class=\"alignleft\"><a href=\"https:\/\/ayore.org\/ayo\/culture\/teachings\/rincongotique-etoguipise-dupade\/\"title=\"Rinco\u0301ngotique \u2013 Etoguipise Dupade\"><img loading=\"lazy\" decoding=\"async\" src=\"https:\/\/ayore.org\/wp-content\/uploads\/2018\/10\/left-arrow.png\" width=\"50\" height=\"48\" alt=\"left arrow\"><\/a><\/div><div class=\"alignright\"><a href=\"https:\/\/ayore.org\/ayo\/culture\/teachings\/urusa%cc%83raquede-atecachoi-dupade-ome-uyu\/\"title=\"Urusa\u0303ra\u0301quede\u0301 \u2013 Atecachoi Dupade ome uyu\"><img loading=\"lazy\" decoding=\"async\" src=\"https:\/\/ayore.org\/wp-content\/uploads\/2018\/10\/right-arrow.png\" width=\"50\" height=\"48\" alt=\"right arrow\"><\/a><\/div>\n","protected":false},"excerpt":{"rendered":"<p>Uroi catec\u00e3\u0301ri Dupade:Ud\u00faco baruode iji domingo tun\u00e9, yoque Dupade. Que yimo jeta barasique ua uje badute baruode iji yoquibijnani uje yacaco yocujode bangures\u00f3\u00f1o ore, yoque Dupade. Mu ajusipise baruode guio iji dejai ud\u00e9 to, yoque Dupade, iji baruode jogadi ud\u00e9.<\/p>\n","protected":false},"author":5,"featured_media":0,"parent":719,"menu_order":0,"comment_status":"closed","ping_status":"closed","template":"","meta":{"footnotes":""},"class_list":["post-4095","page","type-page","status-publish","hentry"],"yoast_head":"<!-- This site is optimized with the Yoast SEO plugin v27.4 - https:\/\/yoast.com\/product\/yoast-seo-wordpress\/ -->\n<title>Uroi (Danielne\u0301) \u2013 A badute baruode iji yoquibijnani &#8226; AYOR\u00c9.ORG<\/title>\n<meta name=\"robots\" content=\"index, follow, max-snippet:-1, max-image-preview:large, max-video-preview:-1\" \/>\n<link rel=\"canonical\" href=\"https:\/\/ayore.org\/ayo\/culture\/teachings\/uroi-danielne-a-badute-baruode-iji-yoquibijnani\/\" \/>\n<meta property=\"og:locale\" content=\"en_US\" \/>\n<meta property=\"og:type\" content=\"article\" \/>\n<meta property=\"og:title\" content=\"Uroi (Danielne\u0301) \u2013 A badute baruode iji yoquibijnani &#8226; AYOR\u00c9.ORG\" \/>\n<meta property=\"og:description\" content=\"Uroi catec\u00e3\u0301ri Dupade:Ud\u00faco baruode iji domingo tun\u00e9, yoque Dupade. Que yimo jeta barasique ua uje badute baruode iji yoquibijnani uje yacaco yocujode bangures\u00f3\u00f1o ore, yoque Dupade. Mu ajusipise baruode guio iji dejai ud\u00e9 to, yoque Dupade, iji baruode jogadi ud\u00e9.\" \/>\n<meta property=\"og:url\" content=\"https:\/\/ayore.org\/ayo\/culture\/teachings\/uroi-danielne-a-badute-baruode-iji-yoquibijnani\/\" \/>\n<meta property=\"og:site_name\" content=\"AYOR\u00c9.ORG\" \/>\n<meta property=\"article:modified_time\" content=\"2019-05-25T18:35:24+00:00\" \/>\n<meta name=\"twitter:card\" content=\"summary_large_image\" \/>\n<meta name=\"twitter:label1\" content=\"Est. reading time\" \/>\n\t<meta name=\"twitter:data1\" content=\"9 minutes\" \/>\n<script type=\"application\/ld+json\" class=\"yoast-schema-graph\">{\"@context\":\"https:\\\/\\\/schema.org\",\"@graph\":[{\"@type\":\"WebPage\",\"@id\":\"https:\\\/\\\/ayore.org\\\/ayo\\\/culture\\\/teachings\\\/uroi-danielne-a-badute-baruode-iji-yoquibijnani\\\/\",\"url\":\"https:\\\/\\\/ayore.org\\\/ayo\\\/culture\\\/teachings\\\/uroi-danielne-a-badute-baruode-iji-yoquibijnani\\\/\",\"name\":\"Uroi (Danielne\u0301) \u2013 A badute baruode iji yoquibijnani &#8226; AYOR\u00c9.ORG\",\"isPartOf\":{\"@id\":\"https:\\\/\\\/ayore.org\\\/#website\"},\"datePublished\":\"2019-05-25T18:35:23+00:00\",\"dateModified\":\"2019-05-25T18:35:24+00:00\",\"breadcrumb\":{\"@id\":\"https:\\\/\\\/ayore.org\\\/ayo\\\/culture\\\/teachings\\\/uroi-danielne-a-badute-baruode-iji-yoquibijnani\\\/#breadcrumb\"},\"inLanguage\":\"ayo\",\"potentialAction\":[{\"@type\":\"ReadAction\",\"target\":[\"https:\\\/\\\/ayore.org\\\/ayo\\\/culture\\\/teachings\\\/uroi-danielne-a-badute-baruode-iji-yoquibijnani\\\/\"]}]},{\"@type\":\"BreadcrumbList\",\"@id\":\"https:\\\/\\\/ayore.org\\\/ayo\\\/culture\\\/teachings\\\/uroi-danielne-a-badute-baruode-iji-yoquibijnani\\\/#breadcrumb\",\"itemListElement\":[{\"@type\":\"ListItem\",\"position\":1,\"name\":\"Jogate bajai tu ude\u0301\",\"item\":\"https:\\\/\\\/ayore.org\\\/ayo\\\/\"},{\"@type\":\"ListItem\",\"position\":2,\"name\":\"Ayore\u0301ode adode, angurenone cucha ore\",\"item\":\"https:\\\/\\\/ayore.org\\\/ayo\\\/culture\\\/\"},{\"@type\":\"ListItem\",\"position\":3,\"name\":\"Ayore\u0301ode Acajnaque\u0301ode\",\"item\":\"https:\\\/\\\/ayore.org\\\/ayo\\\/culture\\\/teachings\\\/\"},{\"@type\":\"ListItem\",\"position\":4,\"name\":\"Uroi (Danielne\u0301) \u2013 A badute baruode iji yoquibijnani\"}]},{\"@type\":\"WebSite\",\"@id\":\"https:\\\/\\\/ayore.org\\\/#website\",\"url\":\"https:\\\/\\\/ayore.org\\\/\",\"name\":\"AYOR\u00c9.ORG\",\"description\":\"Ayore\u0301ode Uruode, Adode, Jnani bajade ati\u0301go ore \",\"potentialAction\":[{\"@type\":\"SearchAction\",\"target\":{\"@type\":\"EntryPoint\",\"urlTemplate\":\"https:\\\/\\\/ayore.org\\\/?s={search_term_string}\"},\"query-input\":{\"@type\":\"PropertyValueSpecification\",\"valueRequired\":true,\"valueName\":\"search_term_string\"}}],\"inLanguage\":\"ayo\"}]}<\/script>\n<!-- \/ Yoast SEO plugin. -->","yoast_head_json":{"title":"Uroi (Danielne\u0301) \u2013 A badute baruode iji yoquibijnani &#8226; AYOR\u00c9.ORG","robots":{"index":"index","follow":"follow","max-snippet":"max-snippet:-1","max-image-preview":"max-image-preview:large","max-video-preview":"max-video-preview:-1"},"canonical":"https:\/\/ayore.org\/ayo\/culture\/teachings\/uroi-danielne-a-badute-baruode-iji-yoquibijnani\/","og_locale":"en_US","og_type":"article","og_title":"Uroi (Danielne\u0301) \u2013 A badute baruode iji yoquibijnani &#8226; AYOR\u00c9.ORG","og_description":"Uroi catec\u00e3\u0301ri Dupade:Ud\u00faco baruode iji domingo tun\u00e9, yoque Dupade. Que yimo jeta barasique ua uje badute baruode iji yoquibijnani uje yacaco yocujode bangures\u00f3\u00f1o ore, yoque Dupade. Mu ajusipise baruode guio iji dejai ud\u00e9 to, yoque Dupade, iji baruode jogadi ud\u00e9.","og_url":"https:\/\/ayore.org\/ayo\/culture\/teachings\/uroi-danielne-a-badute-baruode-iji-yoquibijnani\/","og_site_name":"AYOR\u00c9.ORG","article_modified_time":"2019-05-25T18:35:24+00:00","twitter_card":"summary_large_image","twitter_misc":{"Est. reading time":"9 minutes"},"schema":{"@context":"https:\/\/schema.org","@graph":[{"@type":"WebPage","@id":"https:\/\/ayore.org\/ayo\/culture\/teachings\/uroi-danielne-a-badute-baruode-iji-yoquibijnani\/","url":"https:\/\/ayore.org\/ayo\/culture\/teachings\/uroi-danielne-a-badute-baruode-iji-yoquibijnani\/","name":"Uroi (Danielne\u0301) \u2013 A badute baruode iji yoquibijnani &#8226; AYOR\u00c9.ORG","isPartOf":{"@id":"https:\/\/ayore.org\/#website"},"datePublished":"2019-05-25T18:35:23+00:00","dateModified":"2019-05-25T18:35:24+00:00","breadcrumb":{"@id":"https:\/\/ayore.org\/ayo\/culture\/teachings\/uroi-danielne-a-badute-baruode-iji-yoquibijnani\/#breadcrumb"},"inLanguage":"ayo","potentialAction":[{"@type":"ReadAction","target":["https:\/\/ayore.org\/ayo\/culture\/teachings\/uroi-danielne-a-badute-baruode-iji-yoquibijnani\/"]}]},{"@type":"BreadcrumbList","@id":"https:\/\/ayore.org\/ayo\/culture\/teachings\/uroi-danielne-a-badute-baruode-iji-yoquibijnani\/#breadcrumb","itemListElement":[{"@type":"ListItem","position":1,"name":"Jogate bajai tu ude\u0301","item":"https:\/\/ayore.org\/ayo\/"},{"@type":"ListItem","position":2,"name":"Ayore\u0301ode adode, angurenone cucha ore","item":"https:\/\/ayore.org\/ayo\/culture\/"},{"@type":"ListItem","position":3,"name":"Ayore\u0301ode Acajnaque\u0301ode","item":"https:\/\/ayore.org\/ayo\/culture\/teachings\/"},{"@type":"ListItem","position":4,"name":"Uroi (Danielne\u0301) \u2013 A badute baruode iji yoquibijnani"}]},{"@type":"WebSite","@id":"https:\/\/ayore.org\/#website","url":"https:\/\/ayore.org\/","name":"AYOR\u00c9.ORG","description":"Ayore\u0301ode Uruode, Adode, Jnani bajade ati\u0301go ore ","potentialAction":[{"@type":"SearchAction","target":{"@type":"EntryPoint","urlTemplate":"https:\/\/ayore.org\/?s={search_term_string}"},"query-input":{"@type":"PropertyValueSpecification","valueRequired":true,"valueName":"search_term_string"}}],"inLanguage":"ayo"}]}},"_links":{"self":[{"href":"https:\/\/ayore.org\/ayo\/wp-json\/wp\/v2\/pages\/4095","targetHints":{"allow":["GET"]}}],"collection":[{"href":"https:\/\/ayore.org\/ayo\/wp-json\/wp\/v2\/pages"}],"about":[{"href":"https:\/\/ayore.org\/ayo\/wp-json\/wp\/v2\/types\/page"}],"author":[{"embeddable":true,"href":"https:\/\/ayore.org\/ayo\/wp-json\/wp\/v2\/users\/5"}],"replies":[{"embeddable":true,"href":"https:\/\/ayore.org\/ayo\/wp-json\/wp\/v2\/comments?post=4095"}],"version-history":[{"count":1,"href":"https:\/\/ayore.org\/ayo\/wp-json\/wp\/v2\/pages\/4095\/revisions"}],"predecessor-version":[{"id":4096,"href":"https:\/\/ayore.org\/ayo\/wp-json\/wp\/v2\/pages\/4095\/revisions\/4096"}],"up":[{"embeddable":true,"href":"https:\/\/ayore.org\/ayo\/wp-json\/wp\/v2\/pages\/719"}],"wp:attachment":[{"href":"https:\/\/ayore.org\/ayo\/wp-json\/wp\/v2\/media?parent=4095"}],"curies":[{"name":"wp","href":"https:\/\/api.w.org\/{rel}","templated":true}]}}