{"id":4090,"date":"2019-05-25T03:29:03","date_gmt":"2019-05-25T03:29:03","guid":{"rendered":"https:\/\/ayore.org\/?page_id=4090"},"modified":"2019-05-25T03:29:04","modified_gmt":"2019-05-25T03:29:04","slug":"rincongotique-etoguipise-dupade","status":"publish","type":"page","link":"https:\/\/ayore.org\/ayo\/culture\/teachings\/rincongotique-etoguipise-dupade\/","title":{"rendered":"Rinco\u0301ngotique \u2013 Etoguipise Dupade"},"content":{"rendered":"\n<p><strong><em>Dupade angures\u00f3rone etoc ore ome cuchade:<\/em><\/strong><br>J\u00e9 uacam\u00f3\u00f1o uje que yiraja coj\u00f1otique ur\u00farique to. E uerad\u00e9 yocu\u00f1ane. Mu etoguipise Dupade. Etoque Dupade. Mu Dupade angures\u00f3ningo, anguret\u00f3rigui \u2013 chequed\u00ede, gapud\u00ede ore \u2013 ag\u00fasoi Dupade to. Adot\u00e1yo u\u00e1gaja. Dupade angures\u00f3rone etoc ore ome cuchade. Etoc ore gu uje que ore pota cucha qued\u00e9jnarique gotique.<\/p>\n\n\n\n<p><strong><em>Que Dupade anguresorip\u00edsode ore pota cuch\u00e1rigo mu ore ipotig\u00e1dode u Dupade:<\/em><\/strong><br>Uacam\u00f3\u00f1o uje ip\u00f3tago cuchade jnese. Etoguipise Dupade Uruode. J\u00e9 uacam\u00f3\u00f1o to uje jiei yoc uje que yoco et\u00f3que iji Dupade gotique. Etoque Dupade, mu Dupade angures\u00f3rone ore adi uyoque uje yip\u00f3tago gapua. J\u00e9 adi u uje Dupade angures\u00f3rone adi u uje que ore pota cuch\u00e1rigo mu ore ipotig\u00e1dode u Dupade.<\/p>\n\n\n\n<p>&nbsp;&nbsp;&nbsp;&nbsp;&nbsp;&nbsp;&nbsp;&nbsp;&nbsp; Adi u\nuyu. Ujetiga yipota gap\u00faraque ga yedo que chamurase iji ti. Dupade anguresore\nore adi u ud\u00e9. Que ore pota cuch\u00e1rigo mu ore ipotig\u00e1dip\u00edsi u Dupade. Mu uyoque\nga yiy\u00e1go iji gai. Etoguipise gu.<\/p>\n\n\n\n<p><strong><em>Que etoque cuch\u00e1ringome Dupade gotique:<\/em><\/strong><br>Mu yacaranguip\u00edsome don Pablo, don Len, Ipeyai ore uje ore di iji yoque. J\u00e9 etoque ore uje ore di iji yoque. Araj\u00e1yo Dupade uje que etoque cuch\u00e1ringome gotique gu. <em>(Mateo 22:37)<\/em><\/p>\n\n\n\n<p><strong><em>Coj\u00f1oque bajade ore chotigase:<\/em><\/strong><br>Mu qu\u00e9 adi j\u00e9 u coj\u00f1oque bajade uje coj\u00f1one chi ore chotigase. Adi u uje yotig\u00e1go Mer\u00e1min\u00e9, Juan ore. Uje yojn\u00edjo: \u201cArapataque Mer\u00e1min\u00e9 ore.\u201d<\/p>\n\n\n\n<p>Coj\u00f1oque ore iji yocujade chi ore chojninga: \u201cQue yanguret\u00e1go Dupade. Arapataque ore gu, acadis\u00f3rone, Pedro ore. A gu\u00e9rique tagu yoque mu yeru poridie,\u201d ore chojninga. \u201cY\u1ebdco cucaranone. Amo cucarani uje de ti uje umare. Ga yocaj\u00e9o. A yoquisat\u00edgo chise jeta yotique chise de pajei.\u201d<\/p>\n\n\n\n<p><strong><em>Yacaranguip\u00edsome don Len ore uje ore chise yoque:<\/em><\/strong><br>Ayor\u00e9ode <em>yocadi<\/em> ud\u00e9. <em>Yocadi<\/em> u coj\u00f1oque bajade adode gu. Mu yacaranguip\u00edsome don Len ore uje ore chise yoque, ga ore chingo Dupade uruode aja yoc uje que etoque gotique. Socase ti ga ore chajni yoque to ome dacajnaqu\u00e9ode. Etoc ore, uyoque. Que yotig\u00e1co yocacadis\u00f3rone ore uruode. Yacaranguipis uje e jiei coj\u00f1one ore uje ore chingo Dupade Uruode aja yoque, ayor\u00e9ode uyoque iji de Rinc\u00f3n.<\/p>\n\n\n\n<p><strong><em>Adot\u00e1yop\u00edse u\u00e1guiji Dupade gai gajner\u0129 ujetiga yanguret\u00e1go to:<\/em><\/strong><br>Etoguipise Dupade. Etoque gu uje jiei yoquipotigu\u00e9odecucha unej\u00e1ngone. Uacam\u00f3\u00f1o uje adi uyu uje yipotap\u00edsa Dupade. Yipota Dupade jeta yangureta, mu yicha yiroqu\u00e9ode aja ujade. J\u00e9 Dupade uruode que chaca yajei gotique. <\/p>\n\n\n\n<p>Dupade chi di jne, enga chicha\ny\u00f3gaja dajmana aj\u00e3\u0301ro. J\u00e9 uacam\u00f3\u00f1o to uje yoquijmana aj\u00e3ro aj\u00e3pe. Aj\u00e3pe ga a\nyicha yuj\u00f3rique ayor\u00e9 dis\u00edrique aja ga chap\u00e9dugu. Dupade chi di jne, enga\nchich\u00e1ji ua iji dajmana aj\u00e3\u0301ro jne j\u00e9 aja coj\u00f1one, j\u00e9 aja cuchisode ore\nuyoque. J\u00e9 cho yoque j\u00faruru. <\/p>\n\n\n\n<p>J\u00e9 uacam\u00f3\u00f1o uje aj\u00e3pe yoquijmanai ga ayor\u00e9 chojmarai chap\u00e9dugu.\nDupade cho daju\u00f1ame yoque uje chi chicha y\u00f3gaja dajmana aj\u00e3\u0301ro jne. Cham\u00e1ta\ncuchisode ore uyoque. E uacam\u00f3\u00f1o uje e jiei cuchisode, coj\u00f1one ore uyoque.\nItor\u00f3ngaja. Chi itor\u00f3ngaja jmana aj\u00e3\u0301ro. <\/p>\n\n\n\n<p>A di jne enga chuj\u00e9 ibiot\u00edgo tese r\u0129. Tagu cuchade enga chejna cuchade\nudore jnese. E tagu yoque j\u00faruru. Et\u00f3guipise Dupade Uruode. <em>(Hebreos 12:29)<\/em><\/p>\n\n\n\n<p><em>Rinc\u00f3ngosi \u2013 Rinc\u00f3n de Tigre, Bolivia \u2013 1970<\/em><br><em>Marina de Morarie chur\u00fas\u00e3re Rinc\u00f3ngotique ut\u00e9 uruode.<\/em><\/p>\n\n\n<div class=\"navigation\"><div class=\"alignleft\"><a href=\"https:\/\/ayore.org\/ayo\/culture\/teachings\/pedrode-san-pablo-uringai-sijnaque\/\"title=\"Pedrode\u0301 \u2013 San Pablo u\u0301ringai sijnaque\"><img loading=\"lazy\" decoding=\"async\" src=\"https:\/\/ayore.org\/wp-content\/uploads\/2018\/10\/left-arrow.png\" width=\"50\" height=\"48\" alt=\"left arrow\"><\/a><\/div><div class=\"alignright\"><a href=\"https:\/\/ayore.org\/ayo\/culture\/teachings\/uroi-danielne-a-badute-baruode-iji-yoquibijnani\/\"title=\"Uroi (Danielne\u0301) \u2013 A badute baruode iji yoquibijnani\"><img loading=\"lazy\" decoding=\"async\" src=\"https:\/\/ayore.org\/wp-content\/uploads\/2018\/10\/right-arrow.png\" width=\"50\" height=\"48\" alt=\"right arrow\"><\/a><\/div>\n","protected":false},"excerpt":{"rendered":"<p>Dupade angures\u00f3rone etoc ore ome cuchade:J\u00e9 uacam\u00f3\u00f1o uje que yiraja coj\u00f1otique ur\u00farique to. E uerad\u00e9 yocu\u00f1ane. Mu etoguipise Dupade. Etoque Dupade. Mu Dupade angures\u00f3ningo, anguret\u00f3rigui \u2013 chequed\u00ede, gapud\u00ede ore \u2013 ag\u00fasoi Dupade to. Adot\u00e1yo u\u00e1gaja. Dupade angures\u00f3rone etoc ore ome<\/p>\n","protected":false},"author":5,"featured_media":0,"parent":719,"menu_order":0,"comment_status":"closed","ping_status":"closed","template":"","meta":{"footnotes":""},"class_list":["post-4090","page","type-page","status-publish","hentry"],"yoast_head":"<!-- This site is optimized with the Yoast SEO plugin v27.4 - https:\/\/yoast.com\/product\/yoast-seo-wordpress\/ -->\n<title>Rinco\u0301ngotique \u2013 Etoguipise Dupade &#8226; AYOR\u00c9.ORG<\/title>\n<meta name=\"robots\" content=\"index, follow, max-snippet:-1, max-image-preview:large, max-video-preview:-1\" \/>\n<link rel=\"canonical\" href=\"https:\/\/ayore.org\/ayo\/culture\/teachings\/rincongotique-etoguipise-dupade\/\" \/>\n<meta property=\"og:locale\" content=\"en_US\" \/>\n<meta property=\"og:type\" content=\"article\" \/>\n<meta property=\"og:title\" content=\"Rinco\u0301ngotique \u2013 Etoguipise Dupade &#8226; AYOR\u00c9.ORG\" \/>\n<meta property=\"og:description\" content=\"Dupade angures\u00f3rone etoc ore ome cuchade:J\u00e9 uacam\u00f3\u00f1o uje que yiraja coj\u00f1otique ur\u00farique to. E uerad\u00e9 yocu\u00f1ane. Mu etoguipise Dupade. Etoque Dupade. Mu Dupade angures\u00f3ningo, anguret\u00f3rigui \u2013 chequed\u00ede, gapud\u00ede ore \u2013 ag\u00fasoi Dupade to. Adot\u00e1yo u\u00e1gaja. Dupade angures\u00f3rone etoc ore ome\" \/>\n<meta property=\"og:url\" content=\"https:\/\/ayore.org\/ayo\/culture\/teachings\/rincongotique-etoguipise-dupade\/\" \/>\n<meta property=\"og:site_name\" content=\"AYOR\u00c9.ORG\" \/>\n<meta property=\"article:modified_time\" content=\"2019-05-25T03:29:04+00:00\" \/>\n<meta name=\"twitter:card\" content=\"summary_large_image\" \/>\n<meta name=\"twitter:label1\" content=\"Est. reading time\" \/>\n\t<meta name=\"twitter:data1\" content=\"3 minutes\" \/>\n<script type=\"application\/ld+json\" class=\"yoast-schema-graph\">{\"@context\":\"https:\\\/\\\/schema.org\",\"@graph\":[{\"@type\":\"WebPage\",\"@id\":\"https:\\\/\\\/ayore.org\\\/ayo\\\/culture\\\/teachings\\\/rincongotique-etoguipise-dupade\\\/\",\"url\":\"https:\\\/\\\/ayore.org\\\/ayo\\\/culture\\\/teachings\\\/rincongotique-etoguipise-dupade\\\/\",\"name\":\"Rinco\u0301ngotique \u2013 Etoguipise Dupade &#8226; AYOR\u00c9.ORG\",\"isPartOf\":{\"@id\":\"https:\\\/\\\/ayore.org\\\/#website\"},\"datePublished\":\"2019-05-25T03:29:03+00:00\",\"dateModified\":\"2019-05-25T03:29:04+00:00\",\"breadcrumb\":{\"@id\":\"https:\\\/\\\/ayore.org\\\/ayo\\\/culture\\\/teachings\\\/rincongotique-etoguipise-dupade\\\/#breadcrumb\"},\"inLanguage\":\"ayo\",\"potentialAction\":[{\"@type\":\"ReadAction\",\"target\":[\"https:\\\/\\\/ayore.org\\\/ayo\\\/culture\\\/teachings\\\/rincongotique-etoguipise-dupade\\\/\"]}]},{\"@type\":\"BreadcrumbList\",\"@id\":\"https:\\\/\\\/ayore.org\\\/ayo\\\/culture\\\/teachings\\\/rincongotique-etoguipise-dupade\\\/#breadcrumb\",\"itemListElement\":[{\"@type\":\"ListItem\",\"position\":1,\"name\":\"Jogate bajai tu ude\u0301\",\"item\":\"https:\\\/\\\/ayore.org\\\/ayo\\\/\"},{\"@type\":\"ListItem\",\"position\":2,\"name\":\"Ayore\u0301ode adode, angurenone cucha ore\",\"item\":\"https:\\\/\\\/ayore.org\\\/ayo\\\/culture\\\/\"},{\"@type\":\"ListItem\",\"position\":3,\"name\":\"Ayore\u0301ode Acajnaque\u0301ode\",\"item\":\"https:\\\/\\\/ayore.org\\\/ayo\\\/culture\\\/teachings\\\/\"},{\"@type\":\"ListItem\",\"position\":4,\"name\":\"Rinco\u0301ngotique \u2013 Etoguipise Dupade\"}]},{\"@type\":\"WebSite\",\"@id\":\"https:\\\/\\\/ayore.org\\\/#website\",\"url\":\"https:\\\/\\\/ayore.org\\\/\",\"name\":\"AYOR\u00c9.ORG\",\"description\":\"Ayore\u0301ode Uruode, Adode, Jnani bajade ati\u0301go ore \",\"potentialAction\":[{\"@type\":\"SearchAction\",\"target\":{\"@type\":\"EntryPoint\",\"urlTemplate\":\"https:\\\/\\\/ayore.org\\\/?s={search_term_string}\"},\"query-input\":{\"@type\":\"PropertyValueSpecification\",\"valueRequired\":true,\"valueName\":\"search_term_string\"}}],\"inLanguage\":\"ayo\"}]}<\/script>\n<!-- \/ Yoast SEO plugin. -->","yoast_head_json":{"title":"Rinco\u0301ngotique \u2013 Etoguipise Dupade &#8226; AYOR\u00c9.ORG","robots":{"index":"index","follow":"follow","max-snippet":"max-snippet:-1","max-image-preview":"max-image-preview:large","max-video-preview":"max-video-preview:-1"},"canonical":"https:\/\/ayore.org\/ayo\/culture\/teachings\/rincongotique-etoguipise-dupade\/","og_locale":"en_US","og_type":"article","og_title":"Rinco\u0301ngotique \u2013 Etoguipise Dupade &#8226; AYOR\u00c9.ORG","og_description":"Dupade angures\u00f3rone etoc ore ome cuchade:J\u00e9 uacam\u00f3\u00f1o uje que yiraja coj\u00f1otique ur\u00farique to. E uerad\u00e9 yocu\u00f1ane. Mu etoguipise Dupade. Etoque Dupade. Mu Dupade angures\u00f3ningo, anguret\u00f3rigui \u2013 chequed\u00ede, gapud\u00ede ore \u2013 ag\u00fasoi Dupade to. Adot\u00e1yo u\u00e1gaja. Dupade angures\u00f3rone etoc ore ome","og_url":"https:\/\/ayore.org\/ayo\/culture\/teachings\/rincongotique-etoguipise-dupade\/","og_site_name":"AYOR\u00c9.ORG","article_modified_time":"2019-05-25T03:29:04+00:00","twitter_card":"summary_large_image","twitter_misc":{"Est. reading time":"3 minutes"},"schema":{"@context":"https:\/\/schema.org","@graph":[{"@type":"WebPage","@id":"https:\/\/ayore.org\/ayo\/culture\/teachings\/rincongotique-etoguipise-dupade\/","url":"https:\/\/ayore.org\/ayo\/culture\/teachings\/rincongotique-etoguipise-dupade\/","name":"Rinco\u0301ngotique \u2013 Etoguipise Dupade &#8226; AYOR\u00c9.ORG","isPartOf":{"@id":"https:\/\/ayore.org\/#website"},"datePublished":"2019-05-25T03:29:03+00:00","dateModified":"2019-05-25T03:29:04+00:00","breadcrumb":{"@id":"https:\/\/ayore.org\/ayo\/culture\/teachings\/rincongotique-etoguipise-dupade\/#breadcrumb"},"inLanguage":"ayo","potentialAction":[{"@type":"ReadAction","target":["https:\/\/ayore.org\/ayo\/culture\/teachings\/rincongotique-etoguipise-dupade\/"]}]},{"@type":"BreadcrumbList","@id":"https:\/\/ayore.org\/ayo\/culture\/teachings\/rincongotique-etoguipise-dupade\/#breadcrumb","itemListElement":[{"@type":"ListItem","position":1,"name":"Jogate bajai tu ude\u0301","item":"https:\/\/ayore.org\/ayo\/"},{"@type":"ListItem","position":2,"name":"Ayore\u0301ode adode, angurenone cucha ore","item":"https:\/\/ayore.org\/ayo\/culture\/"},{"@type":"ListItem","position":3,"name":"Ayore\u0301ode Acajnaque\u0301ode","item":"https:\/\/ayore.org\/ayo\/culture\/teachings\/"},{"@type":"ListItem","position":4,"name":"Rinco\u0301ngotique \u2013 Etoguipise Dupade"}]},{"@type":"WebSite","@id":"https:\/\/ayore.org\/#website","url":"https:\/\/ayore.org\/","name":"AYOR\u00c9.ORG","description":"Ayore\u0301ode Uruode, Adode, Jnani bajade ati\u0301go ore ","potentialAction":[{"@type":"SearchAction","target":{"@type":"EntryPoint","urlTemplate":"https:\/\/ayore.org\/?s={search_term_string}"},"query-input":{"@type":"PropertyValueSpecification","valueRequired":true,"valueName":"search_term_string"}}],"inLanguage":"ayo"}]}},"_links":{"self":[{"href":"https:\/\/ayore.org\/ayo\/wp-json\/wp\/v2\/pages\/4090","targetHints":{"allow":["GET"]}}],"collection":[{"href":"https:\/\/ayore.org\/ayo\/wp-json\/wp\/v2\/pages"}],"about":[{"href":"https:\/\/ayore.org\/ayo\/wp-json\/wp\/v2\/types\/page"}],"author":[{"embeddable":true,"href":"https:\/\/ayore.org\/ayo\/wp-json\/wp\/v2\/users\/5"}],"replies":[{"embeddable":true,"href":"https:\/\/ayore.org\/ayo\/wp-json\/wp\/v2\/comments?post=4090"}],"version-history":[{"count":2,"href":"https:\/\/ayore.org\/ayo\/wp-json\/wp\/v2\/pages\/4090\/revisions"}],"predecessor-version":[{"id":4092,"href":"https:\/\/ayore.org\/ayo\/wp-json\/wp\/v2\/pages\/4090\/revisions\/4092"}],"up":[{"embeddable":true,"href":"https:\/\/ayore.org\/ayo\/wp-json\/wp\/v2\/pages\/719"}],"wp:attachment":[{"href":"https:\/\/ayore.org\/ayo\/wp-json\/wp\/v2\/media?parent=4090"}],"curies":[{"name":"wp","href":"https:\/\/api.w.org\/{rel}","templated":true}]}}