{"id":4085,"date":"2019-05-25T03:10:44","date_gmt":"2019-05-25T03:10:44","guid":{"rendered":"https:\/\/ayore.org\/?page_id=4085"},"modified":"2019-05-25T03:10:46","modified_gmt":"2019-05-25T03:10:46","slug":"pedrode-san-pablo-uringai-sijnaque","status":"publish","type":"page","link":"https:\/\/ayore.org\/ayo\/culture\/teachings\/pedrode-san-pablo-uringai-sijnaque\/","title":{"rendered":"Pedrode\u0301 \u2013 San Pablo u\u0301ringai sijnaque"},"content":{"rendered":"\n<p><strong><em>Pablo irasique ujeta chuj\u00e9 Jesuse anguretas\u00f3rone:<\/em><\/strong><br>Yipota jeta yingome yoque ome San Pablo an\u00edrone, \u00faringai sijnaque nanique uje c\u00e1ma changureta to Jesuse nanic. Irasique ujeta chuj\u00e9 Jesuse anguretas\u00f3rone. Irasique ujeta sue ore gai nanic. Mu que chiraja uje <em>Dupade<\/em> ajegaite jne ujetiga jno Jesus ujnomei \u00fadi aja er\u00e1mi.<\/p>\n\n\n\n<p>Adi j\u00e9 u yu. Que yiraja uje <em>Dupade<\/em> ajegaite yu uje qu\u00e9 sijnaque yu\nnanique. Mu chise diri nanique uje San Pablo changureta Jesuse enga chacate ore\nuje changureta <em>Dupade<\/em> to. Ujeta\nayor\u00e9rique chacate yu ome <em>Dupade<\/em> <em>Uruode<\/em> to nanique, mu chacate yu\nbisideque, uje bijna ore acajnaqu\u00e9ode u\u00f1engo ome yu gu.<\/p>\n\n\n\n<p><strong><em>Coj\u00f1one yungore Pablo maringa, quigade enga chacate ore ome Jesuse<\/em><\/strong>:<br>San Pablo chacate <em>coj\u00f1one<\/em> ore r\u0129 ome Jesus, mu chatata d\u00e1ringai j\u00f5carat\u00e1guiji aniri, uje c\u00e1ma changureta to <em>Dupade<\/em> nanic. Chatatame ore to uje changureta <em>Dupade<\/em> to. Aj\u00e9ode u ujetiga disi ejode uyoque y\u0129rac\u00f3ja urusarane gai enga yatat\u00e1go quit\u00edgo to. Uje jiei gu vers\u00edculode iji <em>Dupade<\/em> <em>Uruode<\/em> uje San Pablo urus\u00e3racho ome yoc ujetiga yiraj\u00e1go. Chojninga: \u201cQue yacajnaqu\u00e9o go. <em>Dupade<\/em> <em>Uruode<\/em> u. <em>Dupade<\/em> acajnaqu\u00e9ode u yurus\u00e3rane.\u201d<\/p>\n\n\n\n<p>J\u00e9 basa ga qu\u00e9 chacate yogome\nudore, San Pablo. Uje yajico urus\u00e3rane enga Pablo qu\u00e9 cho yoquiquique enga\nque gusu yoque, mu, chacate <em>coj\u00f1one<\/em>\nore iji er\u00e1mone jnese to. Chatata doj\u00f1ane ga chojninga: \u201cYiji ga yic\u00e1ji anire, ga\nyigarabu Jesuse anguretas\u00f3rone, ga yiquejna aja er\u00e1mi uje yucu\u00e9 ore.\u201d Chi\nchigaru ore aja jnumi nanique, enga chuj\u00e9 u\u00f1ane, j\u00e9 basa ga suru u\u00f1ane ore\ng\u00e1yode.<\/p>\n\n\n\n<p><strong><em>Pablo chudute darade ga chojningame: \u201cJ\u00e9 uh\u00faa, \u00bfgosi te?\u201d<\/em><\/strong><br>Chi chirore an\u00edri, ore idai, ga j\u0129rique cho p\u0169ru iji jnumicho aja jorane ore. Jorane ore an\u00edri, chaj\u00fagapo ore agutedie r\u0129. Uje ore chudute darade, mu que ore chimo cuch\u00e1riguiji gat\u00e9. Mu darai chojninga: \u201c\u00a1Saulo \u00e1! \u00a1Saulo \u00e1!\u201d Mu que chingo cuch\u00e1rique iji darai udore gotique iji gat\u00e9 r\u0129. (Saulo u San Pablo i nanique uje c\u00e1ma changureta Jesus.)<\/p>\n\n\n\n<p>Pablo cho <em>pobre<\/em> iji jnumi tome darade. Chojninga: \u201cJ\u00e9 uh\u00faa, \u00bfgosi te?\u201d<\/p>\n\n\n\n<p>Mu chojninga: \u201cCachi Jesuse tu\nyu, bamojoi tu yu,\u201d chojninga. \u201cUje bo bamojo yu,\u201d chi chojninga.&nbsp;&nbsp; <\/p>\n\n\n\n<p>Chi chojninga: \u201c\u00bfJ\u00e9 yipesut\u00edgome\nua,\u201d chojninga, \u201cyangar\u00e1ni a?\u201d chojninga.<\/p>\n\n\n\n<p>Mu Jesuse chojninga: \u201cBo, ac\u00e1ji\nan\u00edri, ore idai. Ac\u00e1ji, ga a ore chingo bapesutique cucha ome ua,\u201d chojninga.<\/p>\n\n\n\n<p>Mu yingome uyoque uje yocajnei\nj\u00e9 u to uje jiei jnanione, chequed\u00ede uyoque, mu que yocu\u00f1eque changureta <em>Dupade<\/em> iji d\u00e1ring\u00e1rique disape to.\nYocajnui u Pablo uje unere isijnaringu\u00e9one ome. Unere dajocaningane uje cho\ndamojo ome Jesuse angures\u00f3rone. Mu que chiraja uje <em>Dupade<\/em> ajegaite. Uje a <em>Dupade<\/em>,\na ore chiroque jne jeta jno Jesus ujnomei \u00fadi aja er\u00e1mi. <\/p>\n\n\n\n<p>Mu adi j\u00e9 u iji der\u00e9jnane unojo.\nUje josip\u00eder\u00e3que yoque, sijnaque yoque, mu <em>Dupade<\/em>\nu uje pota yoc ujetiga yiy\u00e1go yoc\u00faringane sijnac. Pota jeta chiroque yoc.\nAjegaite yoc.<\/p>\n\n\n\n<p><strong><em>Anan\u00edas cho Pablo quique enga Pablo tang\u00e1ri.<\/em><\/strong><br>Chi ore di iji guidai ga jnani u\u00f1ai d\u00e9ji. Anan\u00edas gotique. Chi chijn\u00e1ja dagu\u00edjnai. Chojninga: \u201cJesuse u yojningai uje chiqueta ore gajner\u0129. Uje chejna bajirigode. Mu pota ujetiga chiroque ua aja ore, pur\u00e1sa qued\u00e9jnane iji er\u00e1mi,\u201d chojninga. Anan\u00edas cho Pablo quique ome udore enga Pablo tang\u00e1ri.<\/p>\n\n\n\n<p>Yud\u00faco uje ch\u0129\u0301care pur\u00e1sa\nqued\u00e9jnane. Que yimo jeta ayor\u00e9ode uyoc u, mu a u uy\u00f3guiji er\u00e1mi jnese uje\nque jud\u00edo uyoque. Mu San Pablo u uje <em>Dupade<\/em>\nchir\u00f3gaja ore, uje e changureta Jesus nanique gu, enga cha dasijnaringu\u00e9one. Que\nchir\u00f3guir\u00e1si gotique uje cho damojo ore, uje chejna ore iji damojoi, mu j\u00e9 u\nuje chiroque Pablo uje changureta Jesuse. Pota gu jeta er\u00e1mi jnese chudute\ndajnacari Jesucr\u00edsto ujnomei, uje toi ome ore iji curesei gai.<\/p>\n\n\n\n<p>Ejo ayor\u00e9ode yogome <em>Dupade<\/em> <em>Uruode<\/em> iji der\u00e9jnane unojo. Mu e\nyanguret\u00e1go <em>Dupade<\/em>. Mu que yicoi <em>Dupade<\/em> \u00e1yipiedie quitique gotique. Que\nyimo ujeta j\u00e9 \u0169r\u00e9 yu uje que yicoi <em>Dupade<\/em>\n\u00e1yipiedie quit\u00edgo to.<\/p>\n\n\n\n<p><strong><em>San Pablo jno enga doi Dupade iroqu\u00e9ode, enga chacate ore:<\/em><\/strong><br>San Pablo u uje chacate <em>coj\u00f1one<\/em> ore. Chatatame udore ore uje chi Jesuse chiqueta raja enga chir\u00f3gaja daroqu\u00e9ode. Uje chojninga: \u201cA yiroque ua aja pur\u00e1sa qued\u00e9jnane iji er\u00e1mi,\u201d chi chojninga Jesus.<\/p>\n\n\n\n<p>Jesuse u uje chiqueta raja Pablo. Que yiraja ujeta icha jeoga ore\nenom\u00edcho. Mu a <em>Dupade<\/em> <em>Ujopie<\/em> chiqueta raja nanique.<\/p>\n\n\n\n<p><strong><em>Chiese yanguret\u00e1go Jesuse to, mu que yijn\u00e1ngo Dupade \u00e1yipiedie to:<\/em><\/strong><br>Enga que yijn\u00e1ngo <em>Dupade<\/em> \u00e1yipiedie to. Yajire <em>Dupade<\/em> <em>Uruode<\/em> iji ta. Yajire <em>Dupade<\/em> <em>Uruode<\/em> uje suse yiro. Unere uje <em>Dupade<\/em> <em>Uruode<\/em> d\u00e9 ti. Enga j\u00e9 chopise. Uje yip\u00e9co <em>Dupade<\/em> guet\u00e9gode cucha. Yajire uje chi chiqueta jnani ejnaretac uje Jesuse ore chiqueta ejnaretade ore nanic. Mu Jesuse ujopie cuse ome udore, mu yajico <em>Dupade<\/em> <em>Uruode<\/em> bisideque, ga que yijn\u00e1ngo unojo ore to gotique. Uje chi jnani bajade ore adi tu. Ore chiqueta ejnaretade ore to. Mu que yiraj\u00e1go. <\/p>\n\n\n\n<p>Mu der\u00e9jnane u uje Jesuse pota\njetiga y\u00f3jigo iyoi uje chingo yoque. Que yip\u00e9co to gotique <em>Dupade<\/em> uru quit\u00edgo. Mu San Pablo u to uje chatatame yoque to\nujetiga y\u00f3jigo Jesuse iyode cucha uje yujnusin\u00e1ngo. Cham\u00e1\u00f1aje Jesuse ur\u00fao\nnanique ujetiga yip\u00e9co. Mu bamo uje que yijn\u00e1ngo \u00e1yipiedie iji de jnumi. Mu j\u00e9\nca yiy\u00e1go iji de jnumi ujetiga yijn\u00e1ngo. Cham\u00e1\u00f1aje baj\u00e9 \u00e1yipiedie udire nanique\nujetiga yip\u00e9co.<\/p>\n\n\n\n<p>Mu yacaranguipise uje San Pablo chatata an\u00edrone, \u00faringai sijnac uje\nan\u00edri, que chise Jesuse anguretas\u00f3rone un\u00e9tique nanique. Mu ejo u, uje <em>Dupade<\/em> <em>Abi <\/em>chiqueta raja, uje doi <em>Dupade<\/em>\niroqu\u00e9ode iji er\u00e1mone. <\/p>\n\n\n\n<p><strong><em>San Pablo u uje jno Jesus ujnomei \u00fadi aja pur\u00e1sa qued\u00e9jnane uyoque:<\/em><\/strong><br>Di \u00fadi iji pur\u00e1sa qued\u00e9jnane, mu Jesus angures\u00f5re jud\u00edode u uje ore ch\u00e3raque ome nanique ujetiga chacate pur\u00e1sa qued\u00e9jnane iji ore igu\u00edjnane nanique. <\/p>\n\n\n\n<p>Que ore chiraja Jesuse <em>uruode<\/em> ome Pablo, ga Pablo chojninga:\n\u201cCa otigase yu. Jesuse u uje chir\u00f3que yu aja pur\u00e1sa qued\u00e9jnane uje chijn\u00f3ra ore\nto.\u201d Mu jud\u00edode ore chotigase pur\u00e1sa qued\u00e9jnane ujeta \u0169r\u00e9 ore ome\ndanguretaretigade ome <em>Dupade<\/em>, uje chi\nca ore p\u00e9su Moises urus\u00e1rane <em>Dupade<\/em>\nur\u00fao gu. Mu Pablo ojningane ome ore u uje e \u00edjnoque cucha puyade ome pur\u00e1sa\nqued\u00e9jnane ore uje que jud\u00edo ore gu. J\u00e9 basa ga, que ore doi judiode adode\nmaringa, pujuregate ome ore jeta piquetaque ore to ome Jesus to.<\/p>\n\n\n\n<p>Mu jud\u00edode udore ore chajo raja\nenga ore chojninga: \u201cJec \u0169r\u00e9 uje jud\u00edode yocajn\u00e9cho Moises urus\u00e3rane <em>Dupade<\/em> ur\u00fao, mu ujetiga pur\u00e1sa\nqued\u00e9jnane pota changureta <em>Dupade<\/em>\nenga, a <em>Dupade<\/em> pota jeta ore doi\niroqu\u00e9ode to j\u00f5.\u201d<\/p>\n\n\n\n<p>Mu San Pablo cho ore quique enga\nchojningame jud\u00edode ore: \u201c<em>Dupade<\/em>\nchingome jud\u00edode uyoque to cucha puyade. Mu que jud\u00edo pur\u00e1sa qued\u00e9jnane go\njeta yis\u00edgome ore. Mu <em>Dupade<\/em>\nipotig\u00e1di u unojo ome pur\u00e1sa qued\u00e9jnane ore uje ore changureta Jesus: pota\njeta ca ore p\u00e9su <em>Dupade<\/em> guet\u00e9gode\ncucha. <em>Dupade<\/em> chingome ore an\u00edri,\nujetiga ca ore tagu cucha pibosode uje ore t\u1ebdrame dangurenone ayor\u00e9 gajnuo.\nUjetiga ca ore tagu ayor\u00e9 gajn\u00faone gajnetique cucha pibose uje gajn\u00e1reque gu.\nQue <em>Dupade<\/em> gajneque gu. Ayor\u00e9\ngajn\u00faone gajn\u00e9cho. Chingome ore ujetiga ca ore tagu cucha pimocherane uje iyoi\np\u00f5, anirone ore.\u201d<\/p>\n\n\n\n<p>&nbsp;&nbsp;&nbsp;&nbsp;&nbsp;&nbsp;&nbsp;&nbsp;&nbsp; San Pablo qu\u00e9 jno dacajnaqu\u00e9ode ome\njud\u00edode enga chojninga: \u201c<em>Dupade<\/em>\nguet\u00e9gode u\u00f1ai qu\u00e9 d\u00e9ji uje <em>Dupade<\/em>\nchar\u00e1ngome jud\u00edode uyoque to, enga char\u00e1ngapo ome pur\u00e1sa qued\u00e9jnane ore to\nr\u0129, enga u udojo: \u2018J\u00e9 ca u\u00f1eque tungar\u00e1poja chequ\u00e9 qued\u00e9jnaraque r\u0129. Gapudie\nore r\u0129, gusu abai ome, ujeta gusu ore ome \u00f1ane.\u2019\u201d<\/p>\n\n\n\n<p>&nbsp;Enga udore ore u San Pablo urusarane unojo ome\n<em>Dupade<\/em> anguretas\u00f3rone iji er\u00e1mi. <\/p>\n\n\n\n<p>Bamo uje <em>Dupade<\/em> pota jeta yujnus\u00ednango uje <em>Dupade<\/em> et\u00e9gode cuse ujeta ca yip\u00e9co jeta yanguret\u00e1go.&nbsp; <em>Coj\u00f1one\n<\/em>u\u00f1ane ore t\u1ebdra dabosode ome ayor\u00e9 gajn\u00faone uje ore cho Dupa iji ore. <em>Dupade<\/em> chetaque jeta yajo pibosode udore\nuje ayor\u00e9 gajn\u00faone ore gajn\u00e9cho.<\/p>\n\n\n\n<p><strong><em>Dani\u00e9l, jorane ore que ore tagu edugu\u00e9jna cuch\u00e1bi posode nanique:<\/em><\/strong><br>Ore edugu\u00e9jna cuch\u00e1bi tagu ayor\u00e9 gajn\u00faone gajn\u00e9one cucha to nanique. A uacad\u00facho uje ore edugu\u00e9jnai ut\u00e9 chisa Daniel, jorane ore nanique, enga jno ore \u00fadi aja daniri jeta ore doi iroqueode. Edugu\u00e9jna cuch\u00e1bi chis\u00edome dabose un\u00e9rone ome Dani\u00e9l, jorane udore, mu que ore tagu gotique nanic. An\u00edri, Daniel que tagu uje chetaque gu uje edugu\u00e9jnai chac\u00e3re dangurenone ayor\u00e9 gajnuo gai ome dabosode gu. Daniel ore chetaque edugu\u00e9jnai posode, mu edugu\u00e9jnai que chiraja gotique gu uje ore chetaque. Uje ut\u00e9 que changureta <em>Dupade<\/em> gu. <\/p>\n\n\n\n<p>Mu ayor\u00e9ode uyoque uje yug\u00facoji\ner\u00e1mi tud\u00e9, mu yip\u00e9co <em>Dupade<\/em>\nguet\u00e9gode cucha iji ujade to. Yiy\u00f3go <em>Dupade<\/em>\nojningane cucha gai. Yajo gai. Mu yingome yoque ujeta yujnus\u00ednango <em>Dupade<\/em> to uje ch\u00e3raque cuchade ome yoc.\nUdore an\u00edrone. Cucha gajnar\u00e9ngone ujetiga ca yip\u00e9co ome u\u00f1eque. Gusu ujetiga\nyujnus\u00ednango ojningane cucha. <em>Dupade<\/em>\npota cucha omone ome dangures\u00f3rone mu ch\u00e3raque cucha gajnar\u00e9ngone ome yoque.<\/p>\n\n\n\n<p><strong><em>Darujna aode d\u00e9ji uje anire, purusarane chusaque:<\/em><\/strong><br>Darujna aode d\u00e9ji udojo uje anire, purusarane chusaque. Ga que yim\u00f3ngo go. Mu yajico udore enga ca yang\u00e1coi <em>Dupade<\/em> ojningane cucha. Cho jetiga darujna aode d\u00e9ji purusarane quigode jeta purus\u00e3raque ichade u uje an\u00edri, chijna <em>Dupade<\/em> guet\u00e9gode iji yocajei. Ga chimesa cucha u\u00f1ane iji yocajei jeta ca yicoi <em>Dupade<\/em> guet\u00e9gode cucha un\u00e9tique. J\u00e9 basa ga gusu ujetiga yin\u00ednango <em>Dupade<\/em> imeserane cucha ujeta yip\u00e9co. <em>(Romanos 12:2)<\/em><\/p>\n\n\n\n<p>Uje San Pablo chacate jud\u00edode\nore, ga qui tu ore iji <em>Dupade<\/em> igu\u00edjna\ncuch\u00e1bi iji uraque uniri casodica. Chajuque jud\u00edode unojo ore agutedie uje chi Pablo\numajo Jesus anguretas\u00f3rone nanique, mu chi e chijn\u00f3ra ore. Ore chiraja uje chacate ore ome Jesus adode to. Mu chi ore p\u00e9su daj\u00e9ode ome Pablo jeta ore chuj\u00e9. Ore\nchacho acajnaqu\u00e9ode ome Jesus ujnomei gu. Mu Pablo chayome ore. <\/p>\n\n\n\n<p><strong><em>Yoco jud\u00edode iji Dupade igu\u00edjnai nanique enga yet\u00e1jo pacajnaqu\u00e9ode ome Dupade Abi Jesuse:<\/em><\/strong><br>Yoquisocai jec upo jud\u00edode isocade iji <em>Dupade<\/em> igu\u00edjnai enga yet\u00e1jo pacajnaqu\u00e9ode ome <em>Dupade<\/em> <em>Abi<\/em> Jesus. Enga que yanguret\u00e1go to. Josipier\u00e3que yoc iji taningai. Ga yocumajo \u00f1ane r\u0129. Yoc\u00faring\u00e1ringo j\u00f5caratac. Que yip\u00f3tago <em>Dupade<\/em> ur\u00farigo to nanique uje que yiraj\u00e1go cuch\u00e1rique.<\/p>\n\n\n\n<p>Yajo <em>Dupade<\/em> guet\u00e9gode cucha aja, ga j\u00e9 adi u San Pablo to. Que chiraja\ncuch\u00e1rique iji taningai. Cho jetiga pipoguiete cuch\u00e1ringome. Yiraj\u00e1go uje chi\nca <em>Dupade<\/em> chiraja yocoritique, ga\nyiraj\u00e1go uje chiraja, mu yor\u00edago. A j\u00e9 yoco San Pablo j\u00f5. Cho jetiga pipoguiete\ncuchade ome yoque to.<\/p>\n\n\n\n<p><strong><em>Jesus chiqueta raja San Pablo nanique, enga e chiqueta raja ayor\u00e9ode uyoque to:<\/em><\/strong><br>Mu Jesuse chiqueta raja San Pablo nanique uje ajegaite gu ujetiga jno <em>Uruode<\/em> \u00fadi aja pur\u00e1sa qued\u00e9jnane jne. Ajegaite yoque to ome daroqu\u00e9ode. <em>Dupade<\/em> aj\u00e9ode u ujetiga yijn\u00e1ngo ijnoraquei aja er\u00e1mi. Uje yanguret\u00e1go Jesuse ga yoc\u00faringai ayor\u00e9 icha u. Adi u San Pablo to nanique. Icha to.<em> (2 Corintios 5:17)<\/em><\/p>\n\n\n\n<p>Yujnusina uje Jesuse toi ome\nyoquisijnaringu\u00e9one. U\u00f1ane chojninga: \u201cQue yangureta Jesuse mu paraque yu.\u201d <em>Dupade<\/em> ijnoraquei ome yoque u uje\nchiroque dajnacari aja er\u00e1mi ujetiga toi ome yoquisijnaringu\u00e9one. <em>Dupade<\/em> pota yoque gu. \u00bfJa ca omi tu ome\nyoc ujetiga yip\u00f3tago <em>Dupade<\/em> to a? <\/p>\n\n\n\n<p><em>Dupade<\/em> u uje que\nchetaque yoque go. <em>Coj\u00f1one<\/em>, <em>ayor\u00e9ode<\/em> iji er\u00e1mi yet\u00e1jo \u00f1ane. Mu <em>Dupade<\/em> pota jeta yijn\u00f3rango pijnoraquei\ntome \u00f1ane uje yanguret\u00e1go.<\/p>\n\n\n\n<p>Yijn\u00e1ngo Satanase \u00e1yipiedie ome\nyoque uje \u00e1yipie yuque yoc uje yuj\u00e9go \u00f1ane. <em>Dupade<\/em>\n\u00e1yipiedie u uje yijn\u00e1ngo yocate par\u00e1gode.<\/p>\n\n\n\n<p>Yingome Pablo atuatigade ome\nyoque. Atuatigade jiei iji \u00faringai sijnac. Atuatigade uje cho damajo Jesuse angures\u00f3rone. Mu chise diri uje Pablo chojningame Jesuse:\n\u201c\u00a1Yangar\u00e1ni \u00e1! \u00bfBapotig\u00e1tique a ujetiga yip\u00e9su jne?\u201d<\/p>\n\n\n\n<p>Cucha omi tu ome yoque to jetiga j\u00e9 yocuruode u San Pablo uru\ncasodicaite enga yojnijor\u00e1some Jesuse to: \u201c\u00a1Yangar\u00e1ni \u00e1! \u00bfBapotig\u00e1tique a\nujetiga yip\u00e9su jne?\u201d<\/p>\n\n\n\n<p><em>Pedrod\u00e9 \u2013 Tobit\u00e9, Bolivia \u2013 1970<\/em><br><em>Marina de Morarie chur\u00fas\u00e3re Pedrod\u00e9 acajnaqu\u00e9ode<\/em><\/p>\n\n\n<div class=\"navigation\"><div class=\"alignleft\"><a href=\"https:\/\/ayore.org\/ayo\/culture\/teachings\/orone-ji%cc%83raque-yipota-yuringai-dupade-angureso%cc%83re-to\/\"title=\"Orone\u0301 \u2013 Ji\u0303raque yipota y\u00faringai Dupade angureso\u0303\u0301re to\"><img loading=\"lazy\" decoding=\"async\" src=\"https:\/\/ayore.org\/wp-content\/uploads\/2018\/10\/left-arrow.png\" width=\"50\" height=\"48\" alt=\"left arrow\"><\/a><\/div><div class=\"alignright\"><a href=\"https:\/\/ayore.org\/ayo\/culture\/teachings\/rincongotique-etoguipise-dupade\/\"title=\"Rinco\u0301ngotique \u2013 Etoguipise Dupade\"><img loading=\"lazy\" decoding=\"async\" src=\"https:\/\/ayore.org\/wp-content\/uploads\/2018\/10\/right-arrow.png\" width=\"50\" height=\"48\" alt=\"right arrow\"><\/a><\/div>\n","protected":false},"excerpt":{"rendered":"<p>Pablo irasique ujeta chuj\u00e9 Jesuse anguretas\u00f3rone:Yipota jeta yingome yoque ome San Pablo an\u00edrone, \u00faringai sijnaque nanique uje c\u00e1ma changureta to Jesuse nanic. Irasique ujeta chuj\u00e9 Jesuse anguretas\u00f3rone. Irasique ujeta sue ore gai nanic. Mu que chiraja uje Dupade ajegaite jne<\/p>\n","protected":false},"author":5,"featured_media":0,"parent":719,"menu_order":0,"comment_status":"closed","ping_status":"closed","template":"","meta":{"footnotes":""},"class_list":["post-4085","page","type-page","status-publish","hentry"],"yoast_head":"<!-- This site is optimized with the Yoast SEO plugin v27.4 - https:\/\/yoast.com\/product\/yoast-seo-wordpress\/ -->\n<title>Pedrode\u0301 \u2013 San Pablo u\u0301ringai sijnaque &#8226; AYOR\u00c9.ORG<\/title>\n<meta name=\"robots\" content=\"index, follow, max-snippet:-1, max-image-preview:large, max-video-preview:-1\" \/>\n<link rel=\"canonical\" href=\"https:\/\/ayore.org\/ayo\/culture\/teachings\/pedrode-san-pablo-uringai-sijnaque\/\" \/>\n<meta property=\"og:locale\" content=\"en_US\" \/>\n<meta property=\"og:type\" content=\"article\" \/>\n<meta property=\"og:title\" content=\"Pedrode\u0301 \u2013 San Pablo u\u0301ringai sijnaque &#8226; AYOR\u00c9.ORG\" \/>\n<meta property=\"og:description\" content=\"Pablo irasique ujeta chuj\u00e9 Jesuse anguretas\u00f3rone:Yipota jeta yingome yoque ome San Pablo an\u00edrone, \u00faringai sijnaque nanique uje c\u00e1ma changureta to Jesuse nanic. Irasique ujeta chuj\u00e9 Jesuse anguretas\u00f3rone. Irasique ujeta sue ore gai nanic. Mu que chiraja uje Dupade ajegaite jne\" \/>\n<meta property=\"og:url\" content=\"https:\/\/ayore.org\/ayo\/culture\/teachings\/pedrode-san-pablo-uringai-sijnaque\/\" \/>\n<meta property=\"og:site_name\" content=\"AYOR\u00c9.ORG\" \/>\n<meta property=\"article:modified_time\" content=\"2019-05-25T03:10:46+00:00\" \/>\n<meta name=\"twitter:card\" content=\"summary_large_image\" \/>\n<meta name=\"twitter:label1\" content=\"Est. reading time\" \/>\n\t<meta name=\"twitter:data1\" content=\"11 minutes\" \/>\n<script type=\"application\/ld+json\" class=\"yoast-schema-graph\">{\"@context\":\"https:\\\/\\\/schema.org\",\"@graph\":[{\"@type\":\"WebPage\",\"@id\":\"https:\\\/\\\/ayore.org\\\/ayo\\\/culture\\\/teachings\\\/pedrode-san-pablo-uringai-sijnaque\\\/\",\"url\":\"https:\\\/\\\/ayore.org\\\/ayo\\\/culture\\\/teachings\\\/pedrode-san-pablo-uringai-sijnaque\\\/\",\"name\":\"Pedrode\u0301 \u2013 San Pablo u\u0301ringai sijnaque &#8226; AYOR\u00c9.ORG\",\"isPartOf\":{\"@id\":\"https:\\\/\\\/ayore.org\\\/#website\"},\"datePublished\":\"2019-05-25T03:10:44+00:00\",\"dateModified\":\"2019-05-25T03:10:46+00:00\",\"breadcrumb\":{\"@id\":\"https:\\\/\\\/ayore.org\\\/ayo\\\/culture\\\/teachings\\\/pedrode-san-pablo-uringai-sijnaque\\\/#breadcrumb\"},\"inLanguage\":\"ayo\",\"potentialAction\":[{\"@type\":\"ReadAction\",\"target\":[\"https:\\\/\\\/ayore.org\\\/ayo\\\/culture\\\/teachings\\\/pedrode-san-pablo-uringai-sijnaque\\\/\"]}]},{\"@type\":\"BreadcrumbList\",\"@id\":\"https:\\\/\\\/ayore.org\\\/ayo\\\/culture\\\/teachings\\\/pedrode-san-pablo-uringai-sijnaque\\\/#breadcrumb\",\"itemListElement\":[{\"@type\":\"ListItem\",\"position\":1,\"name\":\"Jogate bajai tu ude\u0301\",\"item\":\"https:\\\/\\\/ayore.org\\\/ayo\\\/\"},{\"@type\":\"ListItem\",\"position\":2,\"name\":\"Ayore\u0301ode adode, angurenone cucha ore\",\"item\":\"https:\\\/\\\/ayore.org\\\/ayo\\\/culture\\\/\"},{\"@type\":\"ListItem\",\"position\":3,\"name\":\"Ayore\u0301ode Acajnaque\u0301ode\",\"item\":\"https:\\\/\\\/ayore.org\\\/ayo\\\/culture\\\/teachings\\\/\"},{\"@type\":\"ListItem\",\"position\":4,\"name\":\"Pedrode\u0301 \u2013 San Pablo u\u0301ringai sijnaque\"}]},{\"@type\":\"WebSite\",\"@id\":\"https:\\\/\\\/ayore.org\\\/#website\",\"url\":\"https:\\\/\\\/ayore.org\\\/\",\"name\":\"AYOR\u00c9.ORG\",\"description\":\"Ayore\u0301ode Uruode, Adode, Jnani bajade ati\u0301go ore \",\"potentialAction\":[{\"@type\":\"SearchAction\",\"target\":{\"@type\":\"EntryPoint\",\"urlTemplate\":\"https:\\\/\\\/ayore.org\\\/?s={search_term_string}\"},\"query-input\":{\"@type\":\"PropertyValueSpecification\",\"valueRequired\":true,\"valueName\":\"search_term_string\"}}],\"inLanguage\":\"ayo\"}]}<\/script>\n<!-- \/ Yoast SEO plugin. -->","yoast_head_json":{"title":"Pedrode\u0301 \u2013 San Pablo u\u0301ringai sijnaque &#8226; AYOR\u00c9.ORG","robots":{"index":"index","follow":"follow","max-snippet":"max-snippet:-1","max-image-preview":"max-image-preview:large","max-video-preview":"max-video-preview:-1"},"canonical":"https:\/\/ayore.org\/ayo\/culture\/teachings\/pedrode-san-pablo-uringai-sijnaque\/","og_locale":"en_US","og_type":"article","og_title":"Pedrode\u0301 \u2013 San Pablo u\u0301ringai sijnaque &#8226; AYOR\u00c9.ORG","og_description":"Pablo irasique ujeta chuj\u00e9 Jesuse anguretas\u00f3rone:Yipota jeta yingome yoque ome San Pablo an\u00edrone, \u00faringai sijnaque nanique uje c\u00e1ma changureta to Jesuse nanic. Irasique ujeta chuj\u00e9 Jesuse anguretas\u00f3rone. Irasique ujeta sue ore gai nanic. Mu que chiraja uje Dupade ajegaite jne","og_url":"https:\/\/ayore.org\/ayo\/culture\/teachings\/pedrode-san-pablo-uringai-sijnaque\/","og_site_name":"AYOR\u00c9.ORG","article_modified_time":"2019-05-25T03:10:46+00:00","twitter_card":"summary_large_image","twitter_misc":{"Est. reading time":"11 minutes"},"schema":{"@context":"https:\/\/schema.org","@graph":[{"@type":"WebPage","@id":"https:\/\/ayore.org\/ayo\/culture\/teachings\/pedrode-san-pablo-uringai-sijnaque\/","url":"https:\/\/ayore.org\/ayo\/culture\/teachings\/pedrode-san-pablo-uringai-sijnaque\/","name":"Pedrode\u0301 \u2013 San Pablo u\u0301ringai sijnaque &#8226; AYOR\u00c9.ORG","isPartOf":{"@id":"https:\/\/ayore.org\/#website"},"datePublished":"2019-05-25T03:10:44+00:00","dateModified":"2019-05-25T03:10:46+00:00","breadcrumb":{"@id":"https:\/\/ayore.org\/ayo\/culture\/teachings\/pedrode-san-pablo-uringai-sijnaque\/#breadcrumb"},"inLanguage":"ayo","potentialAction":[{"@type":"ReadAction","target":["https:\/\/ayore.org\/ayo\/culture\/teachings\/pedrode-san-pablo-uringai-sijnaque\/"]}]},{"@type":"BreadcrumbList","@id":"https:\/\/ayore.org\/ayo\/culture\/teachings\/pedrode-san-pablo-uringai-sijnaque\/#breadcrumb","itemListElement":[{"@type":"ListItem","position":1,"name":"Jogate bajai tu ude\u0301","item":"https:\/\/ayore.org\/ayo\/"},{"@type":"ListItem","position":2,"name":"Ayore\u0301ode adode, angurenone cucha ore","item":"https:\/\/ayore.org\/ayo\/culture\/"},{"@type":"ListItem","position":3,"name":"Ayore\u0301ode Acajnaque\u0301ode","item":"https:\/\/ayore.org\/ayo\/culture\/teachings\/"},{"@type":"ListItem","position":4,"name":"Pedrode\u0301 \u2013 San Pablo u\u0301ringai sijnaque"}]},{"@type":"WebSite","@id":"https:\/\/ayore.org\/#website","url":"https:\/\/ayore.org\/","name":"AYOR\u00c9.ORG","description":"Ayore\u0301ode Uruode, Adode, Jnani bajade ati\u0301go ore ","potentialAction":[{"@type":"SearchAction","target":{"@type":"EntryPoint","urlTemplate":"https:\/\/ayore.org\/?s={search_term_string}"},"query-input":{"@type":"PropertyValueSpecification","valueRequired":true,"valueName":"search_term_string"}}],"inLanguage":"ayo"}]}},"_links":{"self":[{"href":"https:\/\/ayore.org\/ayo\/wp-json\/wp\/v2\/pages\/4085","targetHints":{"allow":["GET"]}}],"collection":[{"href":"https:\/\/ayore.org\/ayo\/wp-json\/wp\/v2\/pages"}],"about":[{"href":"https:\/\/ayore.org\/ayo\/wp-json\/wp\/v2\/types\/page"}],"author":[{"embeddable":true,"href":"https:\/\/ayore.org\/ayo\/wp-json\/wp\/v2\/users\/5"}],"replies":[{"embeddable":true,"href":"https:\/\/ayore.org\/ayo\/wp-json\/wp\/v2\/comments?post=4085"}],"version-history":[{"count":1,"href":"https:\/\/ayore.org\/ayo\/wp-json\/wp\/v2\/pages\/4085\/revisions"}],"predecessor-version":[{"id":4086,"href":"https:\/\/ayore.org\/ayo\/wp-json\/wp\/v2\/pages\/4085\/revisions\/4086"}],"up":[{"embeddable":true,"href":"https:\/\/ayore.org\/ayo\/wp-json\/wp\/v2\/pages\/719"}],"wp:attachment":[{"href":"https:\/\/ayore.org\/ayo\/wp-json\/wp\/v2\/media?parent=4085"}],"curies":[{"name":"wp","href":"https:\/\/api.w.org\/{rel}","templated":true}]}}