{"id":4080,"date":"2019-05-25T01:27:46","date_gmt":"2019-05-25T01:27:46","guid":{"rendered":"https:\/\/ayore.org\/?page_id=4080"},"modified":"2019-05-25T01:27:48","modified_gmt":"2019-05-25T01:27:48","slug":"orone-ji%cc%83raque-yipota-yuringai-dupade-angureso%cc%83re-to","status":"publish","type":"page","link":"https:\/\/ayore.org\/ayo\/culture\/teachings\/orone-ji%cc%83raque-yipota-yuringai-dupade-angureso%cc%83re-to\/","title":{"rendered":"Orone\u0301 \u2013 Ji\u0303raque yipota y\u00faringai Dupade angureso\u0303\u0301re to"},"content":{"rendered":"\n<p><strong><em>Yapade chojninga: A j\u0129rique Oron\u00e9 toi jne:<\/em><\/strong><br>Uacad\u00facho to yate bajade iji taningai ujeta ga j\u0129rique yangureta Dupade. J\u0129raque yipota y\u00faringai Dupade angurete to. Que yajirape yapade ore \u00e1yipie quit\u00edgome, ore isocade to, ore isadod\u00e9ringane gajn\u00e9one, ore t\u00f3dode gajnecho.<\/p>\n\n\n\n<p>Mu yapade chojninga: \u201cA ut\u00e9\nj\u0129rique toi jne ujetiga ca doi yocadode to.\u201d<\/p>\n\n\n\n<p><strong><em>Que yi coj\u00f1one adode u\u00f1ane to:<\/em><\/strong><br>Mu que yangari gotique, que yang\u00e1ri yapade gotique. J\u00e9 yajo yu aja Dupade. Yacaranguipise ome Dupade uje y\u1e4draji monte ga j\u0129raque y\u1e4dra yu ome eduguejnane ga que qu\u00e9 yi coj\u00f1one adode u\u00f1ane to. Mu ayor\u00e9ode u\u00f1ane j\u00e9 ore chirate coj\u00f1one aja ore j\u00f3dedie, j\u00e9 ore ch\u00f3ji yote pioi. Yacaranguipise uje que yimo udojo gotique iji yoquidai, mu yudute puru \u0169r\u00e9one ome mision\u00e9ro udore uje ore chojninga: \u201cJesus di jne. Dupade chiroque dabi aja jnumone jne uje ore chuj\u00e9 nanique. Ga chi diapo jne r\u0129,\u201d ore chojninga nanique, \u201cga jno yoc\u00fadi aja gat\u00e9.\u201d<\/p>\n\n\n\n<p><strong><em>Ore chojningame yu: Dupade a chiqueta ua jne:<\/em><\/strong><br>Chi ut\u00e9 diapo r\u0129 ome ore ga udojo u uje j\u0129rique yangureta Dupade to ome ore oj\u00f1ane, mu cho jetiga coj\u00f1oque yu ga que yiraja ore acajnaqu\u00e9ode quigode. Mu yipota j\u00f3roga Dupade \u00faringai panguren\u00e9. J\u0129raque yicatec\u00e3\u0301ri Dupade ome yu. J\u00e9 u uje edugu\u00e9jnane ore catec\u00e3\u0301ri yu ome Dupade gatuaque enga ore chojninga, \u2018A chiqueta ua jne.\u2019<\/p>\n\n\n\n<p>Gajn\u00e1reque yatique ome yu, mu j\u00e9\nyip\u00e9su; yip\u00e9su cucha gajnar\u00e9ngone. Que yiya gotique. Yip\u00e9su cucha gajnar\u00e9ngone.\nYip\u00e9su iji taningai. Yagu yipesudode cucha gajnar\u00e9ngone; yeteque yu ome Dupade.<\/p>\n\n\n\n<p>Mu iji udojo ga sequeredie a\nd\u00e9ji nueve, mu quene yuj\u00fasipise yio. Quene yujusipise yio ome cuchade gu, quene\nyangarip\u00edsi mision\u00e9rone uje e ore di. Uje yip\u00e9su cucha gajnar\u00e9ngone mu e\nyiraja.<\/p>\n\n\n\n<p><strong><em>Chise diri uje yucu\u00e9 Dupade adode to:<\/em><\/strong><br>Yacaranguip\u00edsome Dupade uje e yiraja coj\u00f1one uruode gar\u00f3sirique to, enga quene yirajapise ore acaditigade. Ore chojninga: \u201cA gosi chimesa dapesudode cucha gajnar\u00e9ngaja dacatec\u00e3raitigade ome danguren\u00e9 Dupade, ga Dupade que ch\u00e1taja ut\u00e9 gosi go.\u201d<\/p>\n\n\n\n<p>Enga j\u00e9 u uje yip\u00e9su yaj\u00e9ode \u2013 yip\u00e9su yaj\u00e9ode mu quene\nyibasap\u00edsaja Dupade \u00faringa panguren\u00e9 to iji sequeredie uje a d\u00e9ji nueve iji\nyiquigade. Enga quene yucu\u00e9 Dupade adode. Yanguretapise Dupade, yacate coj\u00f1one\nore to. Mu yucu\u00e9po yisoc\u00e1ringome ga yojninga: \u201cDupade p\u00e9su yu ga p\u00e9su\nyibijnani. Enga p\u00e9su yibijnani ujeta yacate Dupade uruode ome yujode ayor\u00e9\nore.\u201d Gusu yu iji yiyaridode, yajes\u00faode er\u00e1mio. Mu j\u00e9 yucu\u00e9 y\u00e1yipie ome Dupade.\nMu yacaranguipis ome Dupade uje \u00edjnoque yuj\u00f3rique ayor\u00e9 jeta chirajapise\ncuchade iji yidai, ga coj\u00f1one ore que gosi cho yiquique mu. Qu\u00e9 yucu\u00e9, que\nyiraja yisoc\u00e1ringome Dupade got\u00f3raque. C\u00e1ma yujusipise yio ga yicatec\u00e3\u0301ri\nDupade. Yicatec\u00e3\u0301ri Dupade icaite, ga id\u00f3gosi jeta que id\u00e1japise gotique. <\/p>\n\n\n\n<p><strong><em>Que iyajmanguipise gotique uje yicatec\u00e3\u0301ri Dupade ica iji yejnai:<\/em><\/strong><br>Gusu yu iji yejnai tiji er\u00e1mi, mu ujnusi\u00e9taque yu aja yejnai. Yo y\u00e1gugu yur\u00e1sade ore uje \u00edjnoque ayor\u00e9 jeta chiraja cuchade jeta chatata Dupade adode ome ore uyoque, mu y\u00e1yipie d\u00e9ji Dupade enga yicatec\u00e3\u0301ri Dupade iji yejnai.<\/p>\n\n\n\n<p>Yojninga: \u201cDupade \u00e1, acu\u00e9 yacadis\u00f3\u00f1o,\nacu\u00e9 yacadis\u00f3nique; ch\u00e3je gosi chacate yu ome Dupade adode ujetiga chacate yu\nga yiraja cuch\u00e1rigo to ga yatatapo adode to ome yur\u00e1sade ore gat\u00e9.\u201d<\/p>\n\n\n\n<p><strong><em>Quigade ga ore urusarane di ome yu:<\/em><\/strong><br>Quigade mu, enga j\u00e9 gar\u00f3si, gar\u00f3si dirode iji yicatec\u00e3raitigade mu ore urusarane e di. T\u1e4draji Tumi Chucua. Ore urusarane diji yocurasade edugu\u00e9jna ga chojninga: \u201cEugu\u00e9jnane d\u00e9ji ta B\u00e9ni ga ore acadigode ayor\u00e9 qued\u00e9jnane. Ujetiga ap\u00f3tayo ga arocho Oron\u00e9 aja de to.\u201d Enga ore chingo yu ga e y\u00e1yipie d\u00e9ji yicatec\u00e3raitigade. Y\u00e1yipie d\u00e9ji yicatec\u00e3raitigade cas\u00e9 ga j\u00e9 up\u00fasu.<\/p>\n\n\n\n<p>Mu yicatecar\u00e1poi Dupade r\u0129 ga\nyojninga: \u201cYicatec\u00e3raitigade a u uje a yajneque baroqu\u00e9ode. A d\u00e9ji jnupe\neru\u00e9nique mar\u00ednga, isega j\u00e9 yi. Jeoga escuela d\u00e9ji jnup eruei, mu j\u00e9 yipota\njeta yiraja badode gar\u00f3sirique to jeta yiraja cuchade, jeta yiraja darujna\naode.\u201d<\/p>\n\n\n\n<p><strong><em>Timot\u00e9o chatata Dupade uruode iji de:<\/em><\/strong><br>Yajei up\u00fasu. Id\u00e1ja dir\u00edca, mu yacaranguipise uje Dupade qu\u00e9 chiroque yu aja ut\u00e9 ga j\u00e9 yiji. J\u00e9 yacaranguipise ome uaque, yijorane uaque uje uacadot\u00e1yo Dupade Uruode iji de. Yacaranguipise uje Timot\u00e9o chatata Dupade uruode iji de ga j\u00e9 yiraja ujade to ome yur\u00e1sade. Ch\u00e3je Dupade a ajeo u ica gu ome yu iji taningane. Yacaranguipise ome cuchade uje Dupade ch\u00e1taja yu ga tang\u00e1rip\u00edsi yicatec\u00e3raitigade.<\/p>\n\n\n\n<p>Uacu\u00f1engo, ayor\u00e9ode u\u00e1guiji\nuaquedai, uacu\u00f1\u00e9ngo chucu\u00e9 dasoca to ome Dupade. Uacam\u00f3\u00f1o uje Dupade u uje\nch\u00e1taja yoque. Cuchade u\u00f1ane qu\u00e9 d\u00e9ji mu gar\u00f3si der\u00e9jnane enga e yiya. E gusu.<\/p>\n\n\n\n<p><em>Oron\u00e9 &#8211; Puesto Paz, Bolivia &#8211; 1976<\/em><br><em>Pablo Wyma chur\u00fas\u00e3re Oron\u00e9 uruode nanique<\/em><\/p>\n\n\n<div class=\"navigation\"><div class=\"alignleft\"><a href=\"https:\/\/ayore.org\/ayo\/culture\/teachings\/orone-yique-u-yoquijorai-pablo-acajnaquei\/\"title=\"Orone\u0301 \u2013 Yique u yoquij\u00f5rai Pablo acajnaquei\"><img loading=\"lazy\" decoding=\"async\" src=\"https:\/\/ayore.org\/wp-content\/uploads\/2018\/10\/left-arrow.png\" width=\"50\" height=\"48\" alt=\"left arrow\"><\/a><\/div><div class=\"alignright\"><a href=\"https:\/\/ayore.org\/ayo\/culture\/teachings\/pedrode-san-pablo-uringai-sijnaque\/\"title=\"Pedrode\u0301 \u2013 San Pablo u\u0301ringai sijnaque\"><img loading=\"lazy\" decoding=\"async\" src=\"https:\/\/ayore.org\/wp-content\/uploads\/2018\/10\/right-arrow.png\" width=\"50\" height=\"48\" alt=\"right arrow\"><\/a><\/div>\n","protected":false},"excerpt":{"rendered":"<p>Yapade chojninga: A j\u0129rique Oron\u00e9 toi jne:Uacad\u00facho to yate bajade iji taningai ujeta ga j\u0129rique yangureta Dupade. J\u0129raque yipota y\u00faringai Dupade angurete to. Que yajirape yapade ore \u00e1yipie quit\u00edgome, ore isocade to, ore isadod\u00e9ringane gajn\u00e9one, ore t\u00f3dode gajnecho. Mu yapade<\/p>\n","protected":false},"author":5,"featured_media":0,"parent":719,"menu_order":0,"comment_status":"closed","ping_status":"closed","template":"","meta":{"footnotes":""},"class_list":["post-4080","page","type-page","status-publish","hentry"],"yoast_head":"<!-- This site is optimized with the Yoast SEO plugin v27.4 - https:\/\/yoast.com\/product\/yoast-seo-wordpress\/ -->\n<title>Orone\u0301 \u2013 Ji\u0303raque yipota y\u00faringai Dupade angureso\u0303\u0301re to &#8226; AYOR\u00c9.ORG<\/title>\n<meta name=\"robots\" content=\"index, follow, max-snippet:-1, max-image-preview:large, max-video-preview:-1\" \/>\n<link rel=\"canonical\" href=\"https:\/\/ayore.org\/ayo\/culture\/teachings\/orone-ji\u0303raque-yipota-yuringai-dupade-angureso\u0303re-to\/\" \/>\n<meta property=\"og:locale\" content=\"en_US\" \/>\n<meta property=\"og:type\" content=\"article\" \/>\n<meta property=\"og:title\" content=\"Orone\u0301 \u2013 Ji\u0303raque yipota y\u00faringai Dupade angureso\u0303\u0301re to &#8226; AYOR\u00c9.ORG\" \/>\n<meta property=\"og:description\" content=\"Yapade chojninga: A j\u0129rique Oron\u00e9 toi jne:Uacad\u00facho to yate bajade iji taningai ujeta ga j\u0129rique yangureta Dupade. J\u0129raque yipota y\u00faringai Dupade angurete to. Que yajirape yapade ore \u00e1yipie quit\u00edgome, ore isocade to, ore isadod\u00e9ringane gajn\u00e9one, ore t\u00f3dode gajnecho. Mu yapade\" \/>\n<meta property=\"og:url\" content=\"https:\/\/ayore.org\/ayo\/culture\/teachings\/orone-ji\u0303raque-yipota-yuringai-dupade-angureso\u0303re-to\/\" \/>\n<meta property=\"og:site_name\" content=\"AYOR\u00c9.ORG\" \/>\n<meta property=\"article:modified_time\" content=\"2019-05-25T01:27:48+00:00\" \/>\n<meta name=\"twitter:card\" content=\"summary_large_image\" \/>\n<meta name=\"twitter:label1\" content=\"Est. reading time\" \/>\n\t<meta name=\"twitter:data1\" content=\"4 minutes\" \/>\n<script type=\"application\/ld+json\" class=\"yoast-schema-graph\">{\"@context\":\"https:\\\/\\\/schema.org\",\"@graph\":[{\"@type\":\"WebPage\",\"@id\":\"https:\\\/\\\/ayore.org\\\/ayo\\\/culture\\\/teachings\\\/orone-ji%cc%83raque-yipota-yuringai-dupade-angureso%cc%83re-to\\\/\",\"url\":\"https:\\\/\\\/ayore.org\\\/ayo\\\/culture\\\/teachings\\\/orone-ji%cc%83raque-yipota-yuringai-dupade-angureso%cc%83re-to\\\/\",\"name\":\"Orone\u0301 \u2013 Ji\u0303raque yipota y\u00faringai Dupade angureso\u0303\u0301re to &#8226; AYOR\u00c9.ORG\",\"isPartOf\":{\"@id\":\"https:\\\/\\\/ayore.org\\\/#website\"},\"datePublished\":\"2019-05-25T01:27:46+00:00\",\"dateModified\":\"2019-05-25T01:27:48+00:00\",\"breadcrumb\":{\"@id\":\"https:\\\/\\\/ayore.org\\\/ayo\\\/culture\\\/teachings\\\/orone-ji%cc%83raque-yipota-yuringai-dupade-angureso%cc%83re-to\\\/#breadcrumb\"},\"inLanguage\":\"ayo\",\"potentialAction\":[{\"@type\":\"ReadAction\",\"target\":[\"https:\\\/\\\/ayore.org\\\/ayo\\\/culture\\\/teachings\\\/orone-ji%cc%83raque-yipota-yuringai-dupade-angureso%cc%83re-to\\\/\"]}]},{\"@type\":\"BreadcrumbList\",\"@id\":\"https:\\\/\\\/ayore.org\\\/ayo\\\/culture\\\/teachings\\\/orone-ji%cc%83raque-yipota-yuringai-dupade-angureso%cc%83re-to\\\/#breadcrumb\",\"itemListElement\":[{\"@type\":\"ListItem\",\"position\":1,\"name\":\"Jogate bajai tu ude\u0301\",\"item\":\"https:\\\/\\\/ayore.org\\\/ayo\\\/\"},{\"@type\":\"ListItem\",\"position\":2,\"name\":\"Ayore\u0301ode adode, angurenone cucha ore\",\"item\":\"https:\\\/\\\/ayore.org\\\/ayo\\\/culture\\\/\"},{\"@type\":\"ListItem\",\"position\":3,\"name\":\"Ayore\u0301ode Acajnaque\u0301ode\",\"item\":\"https:\\\/\\\/ayore.org\\\/ayo\\\/culture\\\/teachings\\\/\"},{\"@type\":\"ListItem\",\"position\":4,\"name\":\"Orone\u0301 \u2013 Ji\u0303raque yipota y\u00faringai Dupade angureso\u0303\u0301re to\"}]},{\"@type\":\"WebSite\",\"@id\":\"https:\\\/\\\/ayore.org\\\/#website\",\"url\":\"https:\\\/\\\/ayore.org\\\/\",\"name\":\"AYOR\u00c9.ORG\",\"description\":\"Ayore\u0301ode Uruode, Adode, Jnani bajade ati\u0301go ore \",\"potentialAction\":[{\"@type\":\"SearchAction\",\"target\":{\"@type\":\"EntryPoint\",\"urlTemplate\":\"https:\\\/\\\/ayore.org\\\/?s={search_term_string}\"},\"query-input\":{\"@type\":\"PropertyValueSpecification\",\"valueRequired\":true,\"valueName\":\"search_term_string\"}}],\"inLanguage\":\"ayo\"}]}<\/script>\n<!-- \/ Yoast SEO plugin. -->","yoast_head_json":{"title":"Orone\u0301 \u2013 Ji\u0303raque yipota y\u00faringai Dupade angureso\u0303\u0301re to &#8226; AYOR\u00c9.ORG","robots":{"index":"index","follow":"follow","max-snippet":"max-snippet:-1","max-image-preview":"max-image-preview:large","max-video-preview":"max-video-preview:-1"},"canonical":"https:\/\/ayore.org\/ayo\/culture\/teachings\/orone-ji\u0303raque-yipota-yuringai-dupade-angureso\u0303re-to\/","og_locale":"en_US","og_type":"article","og_title":"Orone\u0301 \u2013 Ji\u0303raque yipota y\u00faringai Dupade angureso\u0303\u0301re to &#8226; AYOR\u00c9.ORG","og_description":"Yapade chojninga: A j\u0129rique Oron\u00e9 toi jne:Uacad\u00facho to yate bajade iji taningai ujeta ga j\u0129rique yangureta Dupade. J\u0129raque yipota y\u00faringai Dupade angurete to. Que yajirape yapade ore \u00e1yipie quit\u00edgome, ore isocade to, ore isadod\u00e9ringane gajn\u00e9one, ore t\u00f3dode gajnecho. Mu yapade","og_url":"https:\/\/ayore.org\/ayo\/culture\/teachings\/orone-ji\u0303raque-yipota-yuringai-dupade-angureso\u0303re-to\/","og_site_name":"AYOR\u00c9.ORG","article_modified_time":"2019-05-25T01:27:48+00:00","twitter_card":"summary_large_image","twitter_misc":{"Est. reading time":"4 minutes"},"schema":{"@context":"https:\/\/schema.org","@graph":[{"@type":"WebPage","@id":"https:\/\/ayore.org\/ayo\/culture\/teachings\/orone-ji%cc%83raque-yipota-yuringai-dupade-angureso%cc%83re-to\/","url":"https:\/\/ayore.org\/ayo\/culture\/teachings\/orone-ji%cc%83raque-yipota-yuringai-dupade-angureso%cc%83re-to\/","name":"Orone\u0301 \u2013 Ji\u0303raque yipota y\u00faringai Dupade angureso\u0303\u0301re to &#8226; AYOR\u00c9.ORG","isPartOf":{"@id":"https:\/\/ayore.org\/#website"},"datePublished":"2019-05-25T01:27:46+00:00","dateModified":"2019-05-25T01:27:48+00:00","breadcrumb":{"@id":"https:\/\/ayore.org\/ayo\/culture\/teachings\/orone-ji%cc%83raque-yipota-yuringai-dupade-angureso%cc%83re-to\/#breadcrumb"},"inLanguage":"ayo","potentialAction":[{"@type":"ReadAction","target":["https:\/\/ayore.org\/ayo\/culture\/teachings\/orone-ji%cc%83raque-yipota-yuringai-dupade-angureso%cc%83re-to\/"]}]},{"@type":"BreadcrumbList","@id":"https:\/\/ayore.org\/ayo\/culture\/teachings\/orone-ji%cc%83raque-yipota-yuringai-dupade-angureso%cc%83re-to\/#breadcrumb","itemListElement":[{"@type":"ListItem","position":1,"name":"Jogate bajai tu ude\u0301","item":"https:\/\/ayore.org\/ayo\/"},{"@type":"ListItem","position":2,"name":"Ayore\u0301ode adode, angurenone cucha ore","item":"https:\/\/ayore.org\/ayo\/culture\/"},{"@type":"ListItem","position":3,"name":"Ayore\u0301ode Acajnaque\u0301ode","item":"https:\/\/ayore.org\/ayo\/culture\/teachings\/"},{"@type":"ListItem","position":4,"name":"Orone\u0301 \u2013 Ji\u0303raque yipota y\u00faringai Dupade angureso\u0303\u0301re to"}]},{"@type":"WebSite","@id":"https:\/\/ayore.org\/#website","url":"https:\/\/ayore.org\/","name":"AYOR\u00c9.ORG","description":"Ayore\u0301ode Uruode, Adode, Jnani bajade ati\u0301go ore ","potentialAction":[{"@type":"SearchAction","target":{"@type":"EntryPoint","urlTemplate":"https:\/\/ayore.org\/?s={search_term_string}"},"query-input":{"@type":"PropertyValueSpecification","valueRequired":true,"valueName":"search_term_string"}}],"inLanguage":"ayo"}]}},"_links":{"self":[{"href":"https:\/\/ayore.org\/ayo\/wp-json\/wp\/v2\/pages\/4080","targetHints":{"allow":["GET"]}}],"collection":[{"href":"https:\/\/ayore.org\/ayo\/wp-json\/wp\/v2\/pages"}],"about":[{"href":"https:\/\/ayore.org\/ayo\/wp-json\/wp\/v2\/types\/page"}],"author":[{"embeddable":true,"href":"https:\/\/ayore.org\/ayo\/wp-json\/wp\/v2\/users\/5"}],"replies":[{"embeddable":true,"href":"https:\/\/ayore.org\/ayo\/wp-json\/wp\/v2\/comments?post=4080"}],"version-history":[{"count":1,"href":"https:\/\/ayore.org\/ayo\/wp-json\/wp\/v2\/pages\/4080\/revisions"}],"predecessor-version":[{"id":4081,"href":"https:\/\/ayore.org\/ayo\/wp-json\/wp\/v2\/pages\/4080\/revisions\/4081"}],"up":[{"embeddable":true,"href":"https:\/\/ayore.org\/ayo\/wp-json\/wp\/v2\/pages\/719"}],"wp:attachment":[{"href":"https:\/\/ayore.org\/ayo\/wp-json\/wp\/v2\/media?parent=4080"}],"curies":[{"name":"wp","href":"https:\/\/api.w.org\/{rel}","templated":true}]}}