{"id":4074,"date":"2019-05-25T00:50:48","date_gmt":"2019-05-25T00:50:48","guid":{"rendered":"https:\/\/ayore.org\/?page_id=4074"},"modified":"2019-05-25T00:50:50","modified_gmt":"2019-05-25T00:50:50","slug":"orone-yique-u-yoquijorai-pablo-acajnaquei","status":"publish","type":"page","link":"https:\/\/ayore.org\/ayo\/culture\/teachings\/orone-yique-u-yoquijorai-pablo-acajnaquei\/","title":{"rendered":"Orone\u0301 \u2013 Yique u yoquij\u00f5rai Pablo acajnaquei"},"content":{"rendered":"\n<p><strong><em>Coj\u00f1one chirajapise Dupade Uruode enga ore chingo yoque:<\/em><\/strong><br>Dupade Uruode d\u00e9ji darujna aode jeta chacate coj\u00f1one, ga coj\u00f1one chirajapise Dupade Uruode iji darujna aode, ga ore chirajapise enga ore chingo yoque. Uacaducho to San Pablo acajnaqu\u00e9 casode ome yoque uje chojnira, chatata uje Jesus iroi Pedro chi chojninga, \u201cYique u yoquij\u00f5rai Pablo acajnaquei.\u201d <em>(2 Peter 3:15-17)<\/em><\/p>\n\n\n\n<p><strong><em>Ayor\u00e9ode uyoc u\u00f1ane yoc\u00e1yipie chejna raja yoquipotigu\u00e9ode cucha u\u00f1ane.<\/em><\/strong><br>Chi Ecarai chudute coj\u00f1oi uruode dir\u00edca uje chojninga: \u201cYiraja uje Dupade d\u00e9ji gat\u00e9. Enga ipesute cuchade jnese mu a yangureta to jeta choqu\u00edjna yu. C\u00e1ma choqu\u00edjna yu gu,\u201d chi chojninga.<\/p>\n\n\n\n<p>Mu j\u00e9 adi u ayor\u00e9ode uyoc u\u00f1ane uje yiraj\u00e1go uje Dupade d\u00e9ji gat\u00e9, mu yiraj\u00e1go uje Dupade cuse, mu yoc\u00e1yipie chejna raja cucha u\u00f1ane. Yoquijnor\u00e9tigaiomecucha u\u00f1ane. Ga que yajico Dupade y\u00farique gotique.<\/p>\n\n\n\n<p>Ga adi u coj\u00f1oi u\u00f1ai uje chiraja to uje ij\u00f5re, ga chiraja uje Dupade d\u00e9ji gat\u00e9 ga chimo yogome dajopi\u00e9, mu ut\u00e9 chijn\u00f3ra cucha u\u00f1ane. Ga j\u00e9 adi u ayor\u00e9ode uyoc u\u00f1ane gajner\u0129 uje yoc\u00e1yipie chejna raja yoquipotigu\u00e9odecucha u\u00f1ane. Ga que yicoi Dupade ajegaidode cucha got\u00edgo. Iroqu\u00e9ode quigode.<\/p>\n\n\n\n<p><strong><em>Dupade chur\u00fas\u00e3re daruode ome Moises nanique.<\/em><\/strong><br>Jecucha ga yingo uaque uje Dupade chur\u00fas\u00e3re daruode ome Moises nanique. Chur\u00fas\u00e3re daruode ome Moises ga chur\u00fas\u00e3re jeta et\u00e9gode cucha d\u00e9ji. Chur\u00fas\u00e3re ome Moises ujetiga yiraj\u00e1go to Dupade Uruode quigode \u2013 ipotigadode cucha, et\u00e9gode cucha. Dupade gaidi u ujetiga ca yopo Dupade iji cucha u\u00f1eque r\u0129. Jeta ca yopo Dupade iji ayor\u00e9 gajn\u00farique r\u0129. Jeta ca <em>yatec\u00e3coi<\/em> ayor\u00e9 gajn\u00farique. Dupade chetaque cucha u\u00f1ane. J\u00e9 Dupade chojninga: \u201cCa bar\u00farigo gajn\u00e1recho ome yu. Ca adojn\u00f3ngaja yu. Ca adojn\u00f3ngaja yi,\u201d chojninga. <\/p>\n\n\n\n<p>\u201cAnire, angarip\u00edsi bat\u00e9, bay\u00e9\nore,\u201d chojninga Dupade ome darusarane ome Moises. Chur\u00fasarame cucar\u00e3te uejade.<\/p>\n\n\n\n<p>Yud\u00faco udojo mu que yicoi go. \u201cCa\nasa bej\u00f3riguiji diri gare iji ti,\u201d Dupade chojninga uje chur\u00fas\u00e3re ome Moises.\nChojninga: \u201cCa aj\u00e9 boj\u00f3rique ayor\u00e9, coj\u00f1otique u\u00f1eque.\u201d Dupade et\u00e9gode u udore.\n\u201cAngarip\u00edsi bay\u00e9, bat\u00e9 ore.\u201d J\u00e9 u uje a ca yang\u00e1coi yocayode, yocatedie ore, ga a j\u00e9 ca yang\u00e1copoi Dupade to\ngotique r\u0129, uje yocaiu\nDupade gu. Ga a ca yangacor\u00e1si Dupade adode.\u201d <\/p>\n\n\n\n<p>\u201cCa apota gapu unej\u00e1ngueraque,\ncheque unej\u00e1ngueraque.\u201d Ga gosi pota jeta changureta Dupade, ga ca goto\najeigaite. Ca potapise doj\u00f3raque chequ\u00e9, doj\u00f3rique jnani, jnacare acot\u00e9raguiji\ndej\u00f3rique. A gosi pota gapu unej\u00e1ngue ore mu e cucha gajn\u00e1reque ome uj\u00f3rique\nayor\u00e9. Gajn\u00e1reque cuchade. <\/p>\n\n\n\n<p>\u201cCa arapat\u00e1rique ua,\u201d chojninga,\n\u201cCa apota bejomin\u00f3nique ayor\u00e9 ug\u00facharigo, ca oria cucha unej\u00e1ngone.\u201d <\/p>\n\n\n\n<p>Dupade uruode quigode u unojo mu\nyoco cucha bisid\u00e9guiji Dupade Uruode uje que yanguret\u00e1go to go. J\u00e9 bas\u00e1ja yoc\u00e1yipiedie chejna raja cuchade\nu\u00f1ane, Dupade et\u00e9gode cucha. Yoquipotigu\u00e9odeun\u00e9\u00f1o cuchade. Yocaj\u00e9ode gaidode\nu cucha udore, ga deroco Dupade uruode ome yoque. <\/p>\n\n\n\n<p>Dupade Uruode jogadi ud\u00e9 gajner\u0129 ujetiga yicoi Dupade iroqu\u00e9ode ga <em>yatec\u00e3coi<\/em> Dupade iji der\u00e9jnane. (<em>(Romanos 8:1-4)<\/em><br><br>Yim\u00f3ngo ome Pablo urus\u00e3rane unojo uje que togome yoque ujetiga yip\u00e9co Moises urusarane Dupade \u00e1yipiei, mu Jesuscristo ujopi\u00e9 d\u00e9ji yoque uje yanguret\u00e1go ut\u00e9, enga e que ibirachome yoque r\u0129 ujetiga yicoi Moises urusarane udore.<\/p>\n\n\n\n<p><strong><em>Oron\u00e9 chac\u00e3ra dacajnaqu\u00e9ode aja jnan\u00edrique uje ujnacarode gare:<\/em><\/strong>&nbsp;<br>Uje jnani uje ujnacarode gare ga ujnacare ungaroi chutai day\u00e9 ug\u00fachade.&nbsp; Chutai day\u00e9 ipl\u00e1tadie. Chojningame day\u00e9, ud\u00e9 coj\u00f1oi: \u201cYapai, j\u00e9 go ca asi yu bapl\u00e1tadie u\u00e9charique ga yi ga yicai punire qued\u00e9jnarique u\u00f1eque to.\u201d<\/p>\n\n\n\n<p>Day\u00e9 chisi. Day\u00e9 chisi dapl\u00e1tadie ome ga jno. Jno ga chicai punire u\u00f1ai mu chise dagaidi punire u\u00f1ai mu iyajmaque ga chojninga: \u201cQu\u00e9 ujuya yoquibosode ica mu yij\u00ed\u00f1ongome jnumone ica. J\u00e9 gotique a j\u00e9 yi ga yajni yapade gai to. Yapade uqu\u00e9, ucode ore gai to.\u201d Jnacari ud\u00e9 adode u.<\/p>\n\n\n\n<p>Cho yoque, coj\u00f1one udore ore uyoque, uje yanguret\u00e1go Dupade mu yiy\u00e1go. Cho jetiga coj\u00f1oi ut\u00e9 dop\u00edsi ga dop\u00edsi p\u00e1yipiedie quigode ome Dupade. Uje a yangureta Dupade dir\u00edca mu yiya to. Yiji ome y\u00e1yipie ga que yajirapo yapa, usod\u00e9 y\u00faode r\u0129. Yij\u00ed\u00f1ome te. Ga e yiji. Ga \u00edjnoque Dupade ueratigai iji yu. Ga adi uyoque que. A adi disiode jne. Yiy\u00e1go Dupade. Enga yij\u00ed\u00f1ongome iji te.<\/p>\n\n\n\n<p>Ga gajnui tu jnacari ut\u00e9 uje chij\u00ed\u00f1one day\u00e9 iji te. Ga chise. A gosi \u00e1yipieraque, \u00e1yipieraque ga chajniap\u00f3ja Dupade Uruode gai r\u0129. Chajniap\u00f3ja Dupade uru casodica ga gajnui a u coj\u00f1oi uje cho d\u00e1yugu re iji er\u00e1mone ga chajni day\u00e9 gai. Ga uyocu\u00f1\u00e9ngo adi u iji gajner\u0129 ujetiga yujnus\u00ednango Dupade uje ujopier\u00e3i, enga yajn\u00edngo gu uru casodica gai to iji Dupade. Iy\u00e1go yocate gajnar\u00e9ngone. Iy\u00e1go yocate gajnar\u00e9ngone ga yajn\u00edngo Dupade gai enga yanguret\u00e1gopo to r\u0129.<\/p>\n\n\n\n<p>Coj\u00f1oi di iji day\u00e9. Ud\u00e9 coj\u00f1oi di iji day\u00e9. Day\u00e9 chimo iji uta ga quejn\u00e1ji yui. Quejn\u00e1ji dajnacari yui. Ga chisa uechai iji re, chisa jare ga tagu uredie. Tagu dajnacari uredie. Mu ujnacari chojninga: \u2018Yapa, yadode gajnar\u00e9cho j\u00f5. Yadode gajnar\u00e9cho. Sijnaque yu ome ua. Ome Dupade, uhuac. Ca opo bajnacari yu jne r\u0129. Ga o bar\u00f3guiji yu ga&#8230;\u2019 Ga day\u00e9 irasique. Day\u00e9 irasique ga irasique.<\/p>\n\n\n\n<p>J\u00e9 adi up\u00fasu yoque que. A yiy\u00e1rase Dupade Uruode ga yiya Dupade Uruode mu cho jeta cha Dupade, ga day\u00e9 chojninga: \u201cBaya yu dir\u00edca j\u00f5. C\u00e1nguretapo yu to jne r\u0129.\u201d U\u00f1eque cha jne Dupade Uruode, mu u\u00f1eque j\u00e9 changuretapo r\u0129 iji dire u\u00f1eque, j\u00e9 changuretapo r\u0129. Adi u ujnacari uje day\u00e9 que chetaque go.<\/p>\n\n\n\n<p>Ga j\u00e9 adi u Dupade uje a yiya Dupade Uruode ica, mu yajniapo Dupade uruode r\u0129, ga irasig\u00e1po yu r\u0129. Adi u ut\u00e9 coj\u00f1oi jnani uje irasique dajnacari. Chojningame dar\u00f3gode: \u2018Beyoi, aquejn\u00e1\u00f1o ome iguid\u00e9 uerad\u00e9rigui ga ajn\u00e1choja. Ajn\u00e1cho jmanepi\u00e9ragaja jne r\u0129. Ajn\u00e1cho guid\u00e1rigo aja r\u0129,\u2019 chojningame dar\u00f3gode. \u2018Boyo ga acueyoi aquiir\u00e1jna urojn\u00e1raque ga yuj\u00e9go ga yajo jne. Ip\u00e9jo dom\u00edngo gajnetique ome yujnacari uje yujnacari iyajmaque uje jno nanique ga cho togode. Cho jetiga yujnacari toque mu, ecapo r\u0129 ga diapo iji yu r\u0129.\u2019<\/p>\n\n\n\n<p><strong><em>Cucha gose Dupade, mu chijn\u00f3ra ayor\u00e9 gajnar\u00e9ngone uyoque, enga pota yoque.<\/em><\/strong><br>Enga irasique dajnacare ungar\u00f3mi, mu ujnacare ur\u1ebdja casica chetaque dangaroi. Ga ujnacare ur\u1ebdjai d\u00e9ji garai. Di, mu tang\u00e1ri day\u00e9 edai, mu j\u00e9 ore doi dadode iji gaj\u00f1aminone. Ore chuj\u00e9 deguedie, mu day\u00e9 iroi chachai, ga chojningame day\u00e9 iroi: \u201c\u00bfJ\u00e9 gotique u cuchade udore iji guidai?\u201d<\/p>\n\n\n\n<p>Mu chojninga: \u201cCachi baj\u00f5rai casica diapo r\u0129. Diapo r\u0129, ga ore doi ga ore terame.\u201d<\/p>\n\n\n\n<p>Ga gajnui tu ome yoque gajner\u0129 ga ore irasique. Mu chetaque dangaroi. Que chiraja cuch\u00e1rique. Ur\u00e1su uje j\u00e9 chetaque uqu\u00e9 casica. Mu day\u00e9 que chetaque to go.<\/p>\n\n\n\n<p>Adi j\u00e9 u Dupade gajner\u0129 uje que chetaque yoque go. Dupade potar\u00e1sa jetiga yanguret\u00e1go jnese \u2013 jnanione, chequedie, oruyoque. J\u00e9 uacam\u00f3\u00f1o to don Pablo acajnaquei que, uje chojninga: \u201cCa arocho uac\u00e1ring\u00e1rique choqu\u00edjna. J\u0129rique anguret\u00e1yo Dupade to iji ne.\u201d<\/p>\n\n\n\n<p>A gosi chojn\u00edrarasa: \u2018A\nj\u0129rique yangureta Dupade jeta e jnani yu. Jeta e choqu\u00edjna yu, jeoga yangureta\nsequere ejo to. \u00bfMu socase yitoji yui a? \u00bfSoca yitoji yui ga yitoi\nyisijnaringu\u00e9one \u00fadi ga yicai gaj\u00f1o pioi a? <\/p>\n\n\n\n<p>J\u00e9 ueradi u iji de\nyucuecaringuei. Ga jeta u\u00f1eque changureta enga ucuecaringuei d\u00e9ji. Yocu\u00f1eque\njnani chi changureta iji sequere ejo. Que pimo ej\u00f3rique. Que pimo jeta yitog\u00f3ji\nyui. J\u00e9 pimo jeta yico sequere ej\u00f3rique to. Ajningacho Dupade Uruode to udojo\nquigode.<\/p>\n\n\n\n<p>Cucha gose Dupade, mu chijn\u00f3ra ayor\u00e9 gajnar\u00e9ngone uyoque. Pota yoque. Que yimo jeta je yiqueca to. Soca yitoi dirome ga, que yuj\u00f3rique ayor\u00e9 chiraja Dupade uruode quigode to. A gosi bas\u00e1ja jeta j\u0129rique chingo dojode ayor\u00e9 to jeta piqueta ore to ome Dupade. Que pamo jeta yitogoi, que yiraj\u00e1go d\u00ednique jeta yitogoi. Gusu Dupade uje chiraja cuchade, uje chirajapise cuchade.<\/p>\n\n\n\n<p><strong><em>Picatec\u00e3raitigade ome Dupade:<\/em><\/strong><br>Dupade, \u00e1taja yoque jne. Orone ore chingo yoque baruode to. Yoquirasiguipise \u00f1ane. Yoque Dupade, don Len ore. Jeta don Len ore jno dirome ga, yoque Dupade, ga ca ore ate gajnar\u00e9tique ome m\u00e1quina aja jnumi dirome aja ore idai yui. \u00c1taja Chagaide ore iji Rinc\u00f3n ujetiga ujnacari ore jnusina ua ome yoque to. Yoque Dupade, uje barodipise y\u00f3guiji er\u00e1mi jnese, yoque Dupade. \u00c1taja Iguijnam\u00fain\u00e9 ore. Uje jnanione j\u00e9 adi u ujeta ore chetaque dacotedie oru\u00f1anie. Mu Dupade, acate ore aj\u00e9ode, yoque Dupade. \u00c1taja David\u00e9 ore iji ga ore jnusina ua ome yoque to. Jeta Pajei ore chise dacotedie jeta ca p\u00e9su date gajnar\u00e9tique ome ore, enga chequed\u00ede ore jnusina ua ome dabayode to. Yoque Dupade, ome don Fernando to r\u0129. Don Fernando ate gajnar\u00e9tigo upome guidai jogos\u00f3rone, Yoque Dupade. \u00c1taja ore iji data ujeta ore cha date gajnar\u00e9ngone ome ayoredie.<\/p>\n\n\n\n<p>Yicatec\u00e3\u0301ri ua ome chequed\u00ede u\u00f1anie to uje ore chaj\u00e9ngop\u00edsome baruode ga arote ore ga ore cha dajeg\u00e1tigade enga ore catec\u00e3\u0301ri ua ome yoque to. Yicatec\u00e3\u0301ri ua ome David\u00e9 ore. Eruid\u00e9 ore ga ore j\u00e9 \u0169repise uje que ore chotigase bar\u00farigo to. Yicatec\u00e3\u0301ri ua ome Ipeyai ore urasade coj\u00f1oque ga jeta que u\u00f1eque chimo dequejnar\u00e9tique gajner\u0129, yoque Dupade. Badute yoquicatec\u00e3raitigade ome ua to. Ca otigase yoque. J\u00e9 \u0169repise yoque, yoque Dupade.<\/p>\n\n\n\n<p><em>Oron\u00e9 \u2013 Rinc\u00f3n de Tigre, Bolivia \u2013 1970<\/em><br><em>Marina de Morarie chur\u00fas\u00e3re Oron\u00e9 acajnaqu\u00e9ode udojo<\/em><\/p>\n\n\n<div class=\"navigation\"><div class=\"alignleft\"><a href=\"https:\/\/ayore.org\/ayo\/culture\/teachings\/jorgede-jec-u%cc%83re-dupade-uruode\/\"title=\"Jorgede\u0301 \u2013 Jec u\u0303r\u00e9 Dupade Uruode\"><img loading=\"lazy\" decoding=\"async\" src=\"https:\/\/ayore.org\/wp-content\/uploads\/2018\/10\/left-arrow.png\" width=\"50\" height=\"48\" alt=\"left arrow\"><\/a><\/div><div class=\"alignright\"><a href=\"https:\/\/ayore.org\/ayo\/culture\/teachings\/orone-ji%cc%83raque-yipota-yuringai-dupade-angureso%cc%83re-to\/\"title=\"Orone\u0301 \u2013 Ji\u0303raque yipota y\u00faringai Dupade angureso\u0303\u0301re to\"><img loading=\"lazy\" decoding=\"async\" src=\"https:\/\/ayore.org\/wp-content\/uploads\/2018\/10\/right-arrow.png\" width=\"50\" height=\"48\" alt=\"right arrow\"><\/a><\/div>\n","protected":false},"excerpt":{"rendered":"<p>Coj\u00f1one chirajapise Dupade Uruode enga ore chingo yoque:Dupade Uruode d\u00e9ji darujna aode jeta chacate coj\u00f1one, ga coj\u00f1one chirajapise Dupade Uruode iji darujna aode, ga ore chirajapise enga ore chingo yoque. Uacaducho to San Pablo acajnaqu\u00e9 casode ome yoque uje chojnira,<\/p>\n","protected":false},"author":5,"featured_media":0,"parent":719,"menu_order":0,"comment_status":"closed","ping_status":"closed","template":"","meta":{"footnotes":""},"class_list":["post-4074","page","type-page","status-publish","hentry"],"yoast_head":"<!-- This site is optimized with the Yoast SEO plugin v27.4 - https:\/\/yoast.com\/product\/yoast-seo-wordpress\/ -->\n<title>Orone\u0301 \u2013 Yique u yoquij\u00f5rai Pablo acajnaquei &#8226; AYOR\u00c9.ORG<\/title>\n<meta name=\"robots\" content=\"index, follow, max-snippet:-1, max-image-preview:large, max-video-preview:-1\" \/>\n<link rel=\"canonical\" href=\"https:\/\/ayore.org\/ayo\/culture\/teachings\/orone-yique-u-yoquijorai-pablo-acajnaquei\/\" \/>\n<meta property=\"og:locale\" content=\"en_US\" \/>\n<meta property=\"og:type\" content=\"article\" \/>\n<meta property=\"og:title\" content=\"Orone\u0301 \u2013 Yique u yoquij\u00f5rai Pablo acajnaquei &#8226; AYOR\u00c9.ORG\" \/>\n<meta property=\"og:description\" content=\"Coj\u00f1one chirajapise Dupade Uruode enga ore chingo yoque:Dupade Uruode d\u00e9ji darujna aode jeta chacate coj\u00f1one, ga coj\u00f1one chirajapise Dupade Uruode iji darujna aode, ga ore chirajapise enga ore chingo yoque. Uacaducho to San Pablo acajnaqu\u00e9 casode ome yoque uje chojnira,\" \/>\n<meta property=\"og:url\" content=\"https:\/\/ayore.org\/ayo\/culture\/teachings\/orone-yique-u-yoquijorai-pablo-acajnaquei\/\" \/>\n<meta property=\"og:site_name\" content=\"AYOR\u00c9.ORG\" \/>\n<meta property=\"article:modified_time\" content=\"2019-05-25T00:50:50+00:00\" \/>\n<meta name=\"twitter:card\" content=\"summary_large_image\" \/>\n<meta name=\"twitter:label1\" content=\"Est. reading time\" \/>\n\t<meta name=\"twitter:data1\" content=\"8 minutes\" \/>\n<script type=\"application\/ld+json\" class=\"yoast-schema-graph\">{\"@context\":\"https:\\\/\\\/schema.org\",\"@graph\":[{\"@type\":\"WebPage\",\"@id\":\"https:\\\/\\\/ayore.org\\\/ayo\\\/culture\\\/teachings\\\/orone-yique-u-yoquijorai-pablo-acajnaquei\\\/\",\"url\":\"https:\\\/\\\/ayore.org\\\/ayo\\\/culture\\\/teachings\\\/orone-yique-u-yoquijorai-pablo-acajnaquei\\\/\",\"name\":\"Orone\u0301 \u2013 Yique u yoquij\u00f5rai Pablo acajnaquei &#8226; AYOR\u00c9.ORG\",\"isPartOf\":{\"@id\":\"https:\\\/\\\/ayore.org\\\/#website\"},\"datePublished\":\"2019-05-25T00:50:48+00:00\",\"dateModified\":\"2019-05-25T00:50:50+00:00\",\"breadcrumb\":{\"@id\":\"https:\\\/\\\/ayore.org\\\/ayo\\\/culture\\\/teachings\\\/orone-yique-u-yoquijorai-pablo-acajnaquei\\\/#breadcrumb\"},\"inLanguage\":\"ayo\",\"potentialAction\":[{\"@type\":\"ReadAction\",\"target\":[\"https:\\\/\\\/ayore.org\\\/ayo\\\/culture\\\/teachings\\\/orone-yique-u-yoquijorai-pablo-acajnaquei\\\/\"]}]},{\"@type\":\"BreadcrumbList\",\"@id\":\"https:\\\/\\\/ayore.org\\\/ayo\\\/culture\\\/teachings\\\/orone-yique-u-yoquijorai-pablo-acajnaquei\\\/#breadcrumb\",\"itemListElement\":[{\"@type\":\"ListItem\",\"position\":1,\"name\":\"Jogate bajai tu ude\u0301\",\"item\":\"https:\\\/\\\/ayore.org\\\/ayo\\\/\"},{\"@type\":\"ListItem\",\"position\":2,\"name\":\"Ayore\u0301ode adode, angurenone cucha ore\",\"item\":\"https:\\\/\\\/ayore.org\\\/ayo\\\/culture\\\/\"},{\"@type\":\"ListItem\",\"position\":3,\"name\":\"Ayore\u0301ode Acajnaque\u0301ode\",\"item\":\"https:\\\/\\\/ayore.org\\\/ayo\\\/culture\\\/teachings\\\/\"},{\"@type\":\"ListItem\",\"position\":4,\"name\":\"Orone\u0301 \u2013 Yique u yoquij\u00f5rai Pablo acajnaquei\"}]},{\"@type\":\"WebSite\",\"@id\":\"https:\\\/\\\/ayore.org\\\/#website\",\"url\":\"https:\\\/\\\/ayore.org\\\/\",\"name\":\"AYOR\u00c9.ORG\",\"description\":\"Ayore\u0301ode Uruode, Adode, Jnani bajade ati\u0301go ore \",\"potentialAction\":[{\"@type\":\"SearchAction\",\"target\":{\"@type\":\"EntryPoint\",\"urlTemplate\":\"https:\\\/\\\/ayore.org\\\/?s={search_term_string}\"},\"query-input\":{\"@type\":\"PropertyValueSpecification\",\"valueRequired\":true,\"valueName\":\"search_term_string\"}}],\"inLanguage\":\"ayo\"}]}<\/script>\n<!-- \/ Yoast SEO plugin. -->","yoast_head_json":{"title":"Orone\u0301 \u2013 Yique u yoquij\u00f5rai Pablo acajnaquei &#8226; AYOR\u00c9.ORG","robots":{"index":"index","follow":"follow","max-snippet":"max-snippet:-1","max-image-preview":"max-image-preview:large","max-video-preview":"max-video-preview:-1"},"canonical":"https:\/\/ayore.org\/ayo\/culture\/teachings\/orone-yique-u-yoquijorai-pablo-acajnaquei\/","og_locale":"en_US","og_type":"article","og_title":"Orone\u0301 \u2013 Yique u yoquij\u00f5rai Pablo acajnaquei &#8226; AYOR\u00c9.ORG","og_description":"Coj\u00f1one chirajapise Dupade Uruode enga ore chingo yoque:Dupade Uruode d\u00e9ji darujna aode jeta chacate coj\u00f1one, ga coj\u00f1one chirajapise Dupade Uruode iji darujna aode, ga ore chirajapise enga ore chingo yoque. Uacaducho to San Pablo acajnaqu\u00e9 casode ome yoque uje chojnira,","og_url":"https:\/\/ayore.org\/ayo\/culture\/teachings\/orone-yique-u-yoquijorai-pablo-acajnaquei\/","og_site_name":"AYOR\u00c9.ORG","article_modified_time":"2019-05-25T00:50:50+00:00","twitter_card":"summary_large_image","twitter_misc":{"Est. reading time":"8 minutes"},"schema":{"@context":"https:\/\/schema.org","@graph":[{"@type":"WebPage","@id":"https:\/\/ayore.org\/ayo\/culture\/teachings\/orone-yique-u-yoquijorai-pablo-acajnaquei\/","url":"https:\/\/ayore.org\/ayo\/culture\/teachings\/orone-yique-u-yoquijorai-pablo-acajnaquei\/","name":"Orone\u0301 \u2013 Yique u yoquij\u00f5rai Pablo acajnaquei &#8226; AYOR\u00c9.ORG","isPartOf":{"@id":"https:\/\/ayore.org\/#website"},"datePublished":"2019-05-25T00:50:48+00:00","dateModified":"2019-05-25T00:50:50+00:00","breadcrumb":{"@id":"https:\/\/ayore.org\/ayo\/culture\/teachings\/orone-yique-u-yoquijorai-pablo-acajnaquei\/#breadcrumb"},"inLanguage":"ayo","potentialAction":[{"@type":"ReadAction","target":["https:\/\/ayore.org\/ayo\/culture\/teachings\/orone-yique-u-yoquijorai-pablo-acajnaquei\/"]}]},{"@type":"BreadcrumbList","@id":"https:\/\/ayore.org\/ayo\/culture\/teachings\/orone-yique-u-yoquijorai-pablo-acajnaquei\/#breadcrumb","itemListElement":[{"@type":"ListItem","position":1,"name":"Jogate bajai tu ude\u0301","item":"https:\/\/ayore.org\/ayo\/"},{"@type":"ListItem","position":2,"name":"Ayore\u0301ode adode, angurenone cucha ore","item":"https:\/\/ayore.org\/ayo\/culture\/"},{"@type":"ListItem","position":3,"name":"Ayore\u0301ode Acajnaque\u0301ode","item":"https:\/\/ayore.org\/ayo\/culture\/teachings\/"},{"@type":"ListItem","position":4,"name":"Orone\u0301 \u2013 Yique u yoquij\u00f5rai Pablo acajnaquei"}]},{"@type":"WebSite","@id":"https:\/\/ayore.org\/#website","url":"https:\/\/ayore.org\/","name":"AYOR\u00c9.ORG","description":"Ayore\u0301ode Uruode, Adode, Jnani bajade ati\u0301go ore ","potentialAction":[{"@type":"SearchAction","target":{"@type":"EntryPoint","urlTemplate":"https:\/\/ayore.org\/?s={search_term_string}"},"query-input":{"@type":"PropertyValueSpecification","valueRequired":true,"valueName":"search_term_string"}}],"inLanguage":"ayo"}]}},"_links":{"self":[{"href":"https:\/\/ayore.org\/ayo\/wp-json\/wp\/v2\/pages\/4074","targetHints":{"allow":["GET"]}}],"collection":[{"href":"https:\/\/ayore.org\/ayo\/wp-json\/wp\/v2\/pages"}],"about":[{"href":"https:\/\/ayore.org\/ayo\/wp-json\/wp\/v2\/types\/page"}],"author":[{"embeddable":true,"href":"https:\/\/ayore.org\/ayo\/wp-json\/wp\/v2\/users\/5"}],"replies":[{"embeddable":true,"href":"https:\/\/ayore.org\/ayo\/wp-json\/wp\/v2\/comments?post=4074"}],"version-history":[{"count":2,"href":"https:\/\/ayore.org\/ayo\/wp-json\/wp\/v2\/pages\/4074\/revisions"}],"predecessor-version":[{"id":4076,"href":"https:\/\/ayore.org\/ayo\/wp-json\/wp\/v2\/pages\/4074\/revisions\/4076"}],"up":[{"embeddable":true,"href":"https:\/\/ayore.org\/ayo\/wp-json\/wp\/v2\/pages\/719"}],"wp:attachment":[{"href":"https:\/\/ayore.org\/ayo\/wp-json\/wp\/v2\/media?parent=4074"}],"curies":[{"name":"wp","href":"https:\/\/api.w.org\/{rel}","templated":true}]}}