{"id":4058,"date":"2019-05-24T23:37:48","date_gmt":"2019-05-24T23:37:48","guid":{"rendered":"https:\/\/ayore.org\/?page_id=4058"},"modified":"2019-05-24T23:37:50","modified_gmt":"2019-05-24T23:37:50","slug":"ipeyai-uacatijayome-dupade-uruode-iji-de","status":"publish","type":"page","link":"https:\/\/ayore.org\/ayo\/culture\/teachings\/ipeyai-uacatijayome-dupade-uruode-iji-de\/","title":{"rendered":"Ipeyai \u2013 Uacatija\u0301yome Dupade Uruode iji d\u00e9"},"content":{"rendered":"\n<p><strong><em>A j\u00e9 ad\u00facho to yatatagode uje Jnan\u00edne a e chatata:<\/em><\/strong><br>Yirasique uje uacatij\u00e1yome <em>Dupade Uruode<\/em> iji d\u00e9. A yise idai u\u00f1ane uje que ore doi <em>Dupade Uruode<\/em> to iji ta guidai, enga a yingo uacajnomei ome ore dirome.<\/p>\n\n\n\n<p><strong><em>Balaam, gachidi burro ore:<\/em><\/strong><em> (Numeros 22:21-34)<\/em><br>Mu yingo uaque gar\u00f3si uje chi anire, Balaam gachid\u00e9 burro tocade ome dachis\u1e4dri nanique. Gachis\u1e4dri \u00e1jningar\u00e1ngome dachidi nanique. Mu gachidi chimo <em>Dupade<\/em> ir\u00f3tique gate unir\u00eds\u00f5re iji daquei enga chicai qued\u00e9jnai ome. Mu gachis\u1e4dri que chimo cuch\u00e1rique uje \u00e1yipie d\u00e9ji dagaidode cucha. A j\u00e9 uacad\u00facho to udojo <em>Dupade Uruode<\/em> gar\u00f3siode uje ore chacate uagome gu.<\/p>\n\n\n\n<p><strong><em>Yacajnaqu\u00e9ode u udojo to ome yur\u00e1sarigo iji Tobit\u00e9:<\/em><\/strong><br>Yingome ore gar\u00f3siode to ica, <em>Dupade Uruode<\/em> iji ta, mu que ore changureta yu to gotique. Ore chotigase. Ga jnanione u\u00f1ane chojninga: \u201cChamo j\u00f3roque gotique uje ore ch\u00e1cari Tobit\u00e9 iji yiquei ut\u00e9. Que cuch\u00e1rique t\u1e4draji yiqu\u00e9ode,\u201d ore chojninga.<\/p>\n\n\n\n<p>Mu yojningame ore: \u201cAnguret\u00e1yo <em>Dupade<\/em> ga yanguret\u00e1go jnese. Uacam\u00f3\u00f1o uje chi <em>Dupade<\/em> diapo jne r\u0129,\u201d yojninga. <\/p>\n\n\n\n<p>Yingome ore an\u00edri, uje chi \u201c<em>Dupade<\/em> p\u00e9su jnumi iji taningai nanique\nenga j\u00e9 araj\u00e1yo to iji uacacadis\u00f3rone ore pijnanone,\u201d yojninga. <\/p>\n\n\n\n<p>Mu chi yotigayas\u00f3rone garipise.\nYotigayas\u00f3rone j\u00f5ra Ayoi. Ga Ichorai. <\/p>\n\n\n\n<p>Yojninga: \u201cYipesupu ga ca uacu\u00f1eque\nchejn\u00e1rengapo iji ejo r\u0129,\u201d yojninga. Yap\u00fasaja yuruode ome ore. Mu quigade ga\nBetid\u00e9 dosirase Ayoi. A j\u00e9 araj\u00e1yo to.<\/p>\n\n\n\n<p>Mu yicatec\u00e3r\u00e1poi <em>Dupade<\/em> iji ore gari r\u0129. Yojninga: \u201c\u00c1taja ut\u00e9 gajner\u0129 ujeta baj\u00e9o ga ecapo gajner\u0129, uje chotigasipise baruode.\u201d<\/p>\n\n\n\n<p>Mu eca. Mu quigade dir\u00edca ga yingo gar\u00f3si <em>Dupade Uruode<\/em> aja ore mu chojninga: \u201cA jec \u0169r\u00e9 <em>Dupade<\/em> cuse j\u00f5. Uje cuch\u00e1rique chujerase yu,\u201d chojninga, \u201cGa yitecur\u00e1su.\u201d Tecu iji jnumone.<\/p>\n\n\n\n<p><strong><em>Jnani dit\u00e9cai, Juan, Pedro ore: <\/em><\/strong><em>(Hechos 3:1 aja 8)<\/em><br>Ga isocai u Juan, Pedro ore uje chi dit\u00e9cai doi ore uruode nanique enga dique. A j\u00e9 araj\u00e1yo to. <\/p>\n\n\n\n<p>Juan, Pedro chi ore jno. Ore doi\n<em>Dupade Uruode<\/em> iji igl\u00e9sia. A j\u00e9\naraj\u00e1yo to. Mu chi ore chise jnani dit\u00e9cai. J\u00e9 uacam\u00f3\u00f1o to jnani dit\u00e9cai. Chi\nj\u00e9 tecurasu. Chi ore chise enga chojninga: \u201c\u00bfAcay\u00f3ji rique a?\u201d Enga chi chutai\nore. Chi chojninga: \u201cAs\u00edome uacapar\u00e1tarigui ome yu jne.\u201d <\/p>\n\n\n\n<p>Mu Pedro chojninga: \u201cCho jeta yipar\u00e1taraque gotique j\u00f5.\u201d<\/p>\n\n\n\n<p>\u201cMu que uacapar\u00e1taraque cuse ga as\u00edome yu uacabot\u00edgo ome yu,\u201d chojninga.<\/p>\n\n\n\n<p>Udore uje yingo uaque gar\u00f3si, gar\u00f3si. J\u00e9 um\u00e1ri yacajnaqu\u00e9ode ica mu a gar\u00f3si j\u00e9 yacajnaqu\u00e9ode iji de ome uaque. Yicatec\u00e3\u0301ri <em>Dupade<\/em> ga, ome uqu\u00e9 uje tecurasu, Betid\u00e9, uje uacaraj\u00e1yo to, Ayoi.<\/p>\n\n\n\n<p>Mu Jos\u00e9d\u00e9 e areque to iji ujade. E doi <em>Dupade Uruode<\/em> to. E irasique re iji ujade to r\u0129. <\/p>\n\n\n\n<p>Chi ore chojninga ucode, Juan, Pedro ore: \u201cYisi ome cucha uerad\u00e9jnai ome ua jne.\u201d J\u00e9 uacam\u00f3\u00f1o to uje jnani dit\u00e9cai isocai u *Mat\u00e9o iji guidai. Mu j\u00e9 tupo r\u0129. Chi ore chojninga: \u201cYis\u00edgome yocug\u00facha uerad\u00e9jnai ome ua gajner\u0129. Ga cucha uerad\u00e9jnai ut\u00e9 u <em>Jesucr\u00edsto i.<\/em>\u201d <\/p>\n\n\n\n<p>Enga ore ojningai u Jesus ujopi\u00e9\nuje t\u1ebdr\u00e1ja ore ujetiga ore chiqueta dojode ayor\u00e9o. Ga ore chisa jmanecai ga\nchague uqu\u00e9. A j\u00e9 ad\u00facho to jeta ore chacate uagome.<\/p>\n\n\n\n<p>Gar\u00f3si yacajnaqu\u00e9rigo mu yacaranguip\u00edsome <em>Dupade<\/em> uje a ch\u00e1taja yoque gajner\u0129. Udore uje ingome uaque gar\u00f3siode.<\/p>\n\n\n\n<p><strong><em>Yingo yacajnaqu\u00e9ode udore ome ore ica r\u0129 iji uta Pail\u00f3n:<\/em><\/strong><br>Yingo ore ica r\u0129 iji uta Pail\u00f3n mu Dug\u00faid\u00e9 chojninga: \u201cA jecucha dadi jor\u00f3nga ome ayor\u00e9ode yocu\u00f1eque \u2013 chirajapise uruode to j\u00f3roque ja,\u201d chojninga.<\/p>\n\n\n\n<p>Mu uacajnu\u00e9\u00f1o <em>queyib\u00e1yode<\/em> iji de Rinc\u00f3n. Que yicoi <em>Dupade Uruode<\/em> to go iji Tobit\u00e9. Yicoi to, yacaco ore, mu gadi\u00f3gosi ore iji ajei. J\u00e9 uaque ga jiei uaque. Gag\u00e1jnisi ore, cinco su ore iji ujade. Jecucha ga yingome ore mu que ore doi to go. Ore chotigase. <\/p>\n\n\n\n<p>Mu yimeseranie gare iji chequedie\nore iji guidai. Yimesera uat\u00e9 anire, j\u00e9 uacaraj\u00e1yo to uje ore chojningame\nnanique Timingue. Yimeserapise to ga yimesera Eruidat\u00e9 to r\u0129. Yimesera uat\u00e9 to\n\u2013 Dapur\u00e9 uje dop\u00edsi to <em>Dupade Uruode<\/em>\nto. Catec\u00e3\u0301ri ome u\u00e1guiji de gatu\u00e1nguiji der\u00e9jnane to iji durasedie, dejade\nore.<\/p>\n\n\n\n<p><strong><em>&nbsp;E gusu yacajnaqu\u00e9ode ome uaque:<\/em><\/strong><br>Gar\u00f3si. Jiei yacajnaqu\u00e9ode to iji ujade mu e gusu yacajnaqu\u00e9ode. Cachi iyajmaque yu iji gu. <\/p>\n\n\n\n<p>Mu jecucha ajnus\u00edna\u00f1o <em>Jesucr\u00edsto i<\/em>, uje uerad\u00e9jnapise gu. Pujopi\u00e9 d\u00e9ji i to, ga j\u00e9 cho Pablo urusarane. <em>(Filipenses 2:9-11)<\/em><\/p>\n\n\n\n<p><em>*Mateo u Ecarai,\nTom\u00e1sa ore abi uje pero iji dabatigai nanique enga que dique to gotique.<\/em><\/p>\n\n\n\n<p><em>Ipeyai \u2013 Rinc\u00f3n de Tigre, Bolivia \u2013 1970<\/em><br><em>Marina de Morarie chur\u00fas\u00e3re Ipeyai acajnaqu\u00e9ode<\/em><\/p>\n\n\n<div class=\"navigation\"><div class=\"alignleft\"><a href=\"https:\/\/ayore.org\/ayo\/culture\/teachings\/ipeyai-yicateca%cc%83ri-ome-ayoreode-iji-erami-jnese\/\"title=\"Ipeyai \u2013 Yicateca\u0303\u0301ri ome ayor\u00e9ode iji er\u00e1mi jnese\"><img loading=\"lazy\" decoding=\"async\" src=\"https:\/\/ayore.org\/wp-content\/uploads\/2018\/10\/left-arrow.png\" width=\"50\" height=\"48\" alt=\"left arrow\"><\/a><\/div><div class=\"alignright\"><a href=\"https:\/\/ayore.org\/ayo\/culture\/teachings\/jorgede-jec-u%cc%83re-dupade-uruode\/\"title=\"Jorgede\u0301 \u2013 Jec u\u0303r\u00e9 Dupade Uruode\"><img loading=\"lazy\" decoding=\"async\" src=\"https:\/\/ayore.org\/wp-content\/uploads\/2018\/10\/right-arrow.png\" width=\"50\" height=\"48\" alt=\"right arrow\"><\/a><\/div>\n","protected":false},"excerpt":{"rendered":"<p>A j\u00e9 ad\u00facho to yatatagode uje Jnan\u00edne a e chatata:Yirasique uje uacatij\u00e1yome Dupade Uruode iji d\u00e9. A yise idai u\u00f1ane uje que ore doi Dupade Uruode to iji ta guidai, enga a yingo uacajnomei ome ore dirome. Balaam, gachidi burro<\/p>\n","protected":false},"author":5,"featured_media":0,"parent":719,"menu_order":0,"comment_status":"closed","ping_status":"closed","template":"","meta":{"footnotes":""},"class_list":["post-4058","page","type-page","status-publish","hentry"],"yoast_head":"<!-- This site is optimized with the Yoast SEO plugin v27.4 - https:\/\/yoast.com\/product\/yoast-seo-wordpress\/ -->\n<title>Ipeyai \u2013 Uacatija\u0301yome Dupade Uruode iji d\u00e9 &#8226; AYOR\u00c9.ORG<\/title>\n<meta name=\"robots\" content=\"index, follow, max-snippet:-1, max-image-preview:large, max-video-preview:-1\" \/>\n<link rel=\"canonical\" href=\"https:\/\/ayore.org\/ayo\/culture\/teachings\/ipeyai-uacatijayome-dupade-uruode-iji-de\/\" \/>\n<meta property=\"og:locale\" content=\"en_US\" \/>\n<meta property=\"og:type\" content=\"article\" \/>\n<meta property=\"og:title\" content=\"Ipeyai \u2013 Uacatija\u0301yome Dupade Uruode iji d\u00e9 &#8226; AYOR\u00c9.ORG\" \/>\n<meta property=\"og:description\" content=\"A j\u00e9 ad\u00facho to yatatagode uje Jnan\u00edne a e chatata:Yirasique uje uacatij\u00e1yome Dupade Uruode iji d\u00e9. A yise idai u\u00f1ane uje que ore doi Dupade Uruode to iji ta guidai, enga a yingo uacajnomei ome ore dirome. Balaam, gachidi burro\" \/>\n<meta property=\"og:url\" content=\"https:\/\/ayore.org\/ayo\/culture\/teachings\/ipeyai-uacatijayome-dupade-uruode-iji-de\/\" \/>\n<meta property=\"og:site_name\" content=\"AYOR\u00c9.ORG\" \/>\n<meta property=\"article:modified_time\" content=\"2019-05-24T23:37:50+00:00\" \/>\n<meta name=\"twitter:card\" content=\"summary_large_image\" \/>\n<meta name=\"twitter:label1\" content=\"Est. reading time\" \/>\n\t<meta name=\"twitter:data1\" content=\"4 minutes\" \/>\n<script type=\"application\/ld+json\" class=\"yoast-schema-graph\">{\"@context\":\"https:\\\/\\\/schema.org\",\"@graph\":[{\"@type\":\"WebPage\",\"@id\":\"https:\\\/\\\/ayore.org\\\/ayo\\\/culture\\\/teachings\\\/ipeyai-uacatijayome-dupade-uruode-iji-de\\\/\",\"url\":\"https:\\\/\\\/ayore.org\\\/ayo\\\/culture\\\/teachings\\\/ipeyai-uacatijayome-dupade-uruode-iji-de\\\/\",\"name\":\"Ipeyai \u2013 Uacatija\u0301yome Dupade Uruode iji d\u00e9 &#8226; AYOR\u00c9.ORG\",\"isPartOf\":{\"@id\":\"https:\\\/\\\/ayore.org\\\/#website\"},\"datePublished\":\"2019-05-24T23:37:48+00:00\",\"dateModified\":\"2019-05-24T23:37:50+00:00\",\"breadcrumb\":{\"@id\":\"https:\\\/\\\/ayore.org\\\/ayo\\\/culture\\\/teachings\\\/ipeyai-uacatijayome-dupade-uruode-iji-de\\\/#breadcrumb\"},\"inLanguage\":\"ayo\",\"potentialAction\":[{\"@type\":\"ReadAction\",\"target\":[\"https:\\\/\\\/ayore.org\\\/ayo\\\/culture\\\/teachings\\\/ipeyai-uacatijayome-dupade-uruode-iji-de\\\/\"]}]},{\"@type\":\"BreadcrumbList\",\"@id\":\"https:\\\/\\\/ayore.org\\\/ayo\\\/culture\\\/teachings\\\/ipeyai-uacatijayome-dupade-uruode-iji-de\\\/#breadcrumb\",\"itemListElement\":[{\"@type\":\"ListItem\",\"position\":1,\"name\":\"Jogate bajai tu ude\u0301\",\"item\":\"https:\\\/\\\/ayore.org\\\/ayo\\\/\"},{\"@type\":\"ListItem\",\"position\":2,\"name\":\"Ayore\u0301ode adode, angurenone cucha ore\",\"item\":\"https:\\\/\\\/ayore.org\\\/ayo\\\/culture\\\/\"},{\"@type\":\"ListItem\",\"position\":3,\"name\":\"Ayore\u0301ode Acajnaque\u0301ode\",\"item\":\"https:\\\/\\\/ayore.org\\\/ayo\\\/culture\\\/teachings\\\/\"},{\"@type\":\"ListItem\",\"position\":4,\"name\":\"Ipeyai \u2013 Uacatija\u0301yome Dupade Uruode iji d\u00e9\"}]},{\"@type\":\"WebSite\",\"@id\":\"https:\\\/\\\/ayore.org\\\/#website\",\"url\":\"https:\\\/\\\/ayore.org\\\/\",\"name\":\"AYOR\u00c9.ORG\",\"description\":\"Ayore\u0301ode Uruode, Adode, Jnani bajade ati\u0301go ore \",\"potentialAction\":[{\"@type\":\"SearchAction\",\"target\":{\"@type\":\"EntryPoint\",\"urlTemplate\":\"https:\\\/\\\/ayore.org\\\/?s={search_term_string}\"},\"query-input\":{\"@type\":\"PropertyValueSpecification\",\"valueRequired\":true,\"valueName\":\"search_term_string\"}}],\"inLanguage\":\"ayo\"}]}<\/script>\n<!-- \/ Yoast SEO plugin. -->","yoast_head_json":{"title":"Ipeyai \u2013 Uacatija\u0301yome Dupade Uruode iji d\u00e9 &#8226; AYOR\u00c9.ORG","robots":{"index":"index","follow":"follow","max-snippet":"max-snippet:-1","max-image-preview":"max-image-preview:large","max-video-preview":"max-video-preview:-1"},"canonical":"https:\/\/ayore.org\/ayo\/culture\/teachings\/ipeyai-uacatijayome-dupade-uruode-iji-de\/","og_locale":"en_US","og_type":"article","og_title":"Ipeyai \u2013 Uacatija\u0301yome Dupade Uruode iji d\u00e9 &#8226; AYOR\u00c9.ORG","og_description":"A j\u00e9 ad\u00facho to yatatagode uje Jnan\u00edne a e chatata:Yirasique uje uacatij\u00e1yome Dupade Uruode iji d\u00e9. A yise idai u\u00f1ane uje que ore doi Dupade Uruode to iji ta guidai, enga a yingo uacajnomei ome ore dirome. Balaam, gachidi burro","og_url":"https:\/\/ayore.org\/ayo\/culture\/teachings\/ipeyai-uacatijayome-dupade-uruode-iji-de\/","og_site_name":"AYOR\u00c9.ORG","article_modified_time":"2019-05-24T23:37:50+00:00","twitter_card":"summary_large_image","twitter_misc":{"Est. reading time":"4 minutes"},"schema":{"@context":"https:\/\/schema.org","@graph":[{"@type":"WebPage","@id":"https:\/\/ayore.org\/ayo\/culture\/teachings\/ipeyai-uacatijayome-dupade-uruode-iji-de\/","url":"https:\/\/ayore.org\/ayo\/culture\/teachings\/ipeyai-uacatijayome-dupade-uruode-iji-de\/","name":"Ipeyai \u2013 Uacatija\u0301yome Dupade Uruode iji d\u00e9 &#8226; AYOR\u00c9.ORG","isPartOf":{"@id":"https:\/\/ayore.org\/#website"},"datePublished":"2019-05-24T23:37:48+00:00","dateModified":"2019-05-24T23:37:50+00:00","breadcrumb":{"@id":"https:\/\/ayore.org\/ayo\/culture\/teachings\/ipeyai-uacatijayome-dupade-uruode-iji-de\/#breadcrumb"},"inLanguage":"ayo","potentialAction":[{"@type":"ReadAction","target":["https:\/\/ayore.org\/ayo\/culture\/teachings\/ipeyai-uacatijayome-dupade-uruode-iji-de\/"]}]},{"@type":"BreadcrumbList","@id":"https:\/\/ayore.org\/ayo\/culture\/teachings\/ipeyai-uacatijayome-dupade-uruode-iji-de\/#breadcrumb","itemListElement":[{"@type":"ListItem","position":1,"name":"Jogate bajai tu ude\u0301","item":"https:\/\/ayore.org\/ayo\/"},{"@type":"ListItem","position":2,"name":"Ayore\u0301ode adode, angurenone cucha ore","item":"https:\/\/ayore.org\/ayo\/culture\/"},{"@type":"ListItem","position":3,"name":"Ayore\u0301ode Acajnaque\u0301ode","item":"https:\/\/ayore.org\/ayo\/culture\/teachings\/"},{"@type":"ListItem","position":4,"name":"Ipeyai \u2013 Uacatija\u0301yome Dupade Uruode iji d\u00e9"}]},{"@type":"WebSite","@id":"https:\/\/ayore.org\/#website","url":"https:\/\/ayore.org\/","name":"AYOR\u00c9.ORG","description":"Ayore\u0301ode Uruode, Adode, Jnani bajade ati\u0301go ore ","potentialAction":[{"@type":"SearchAction","target":{"@type":"EntryPoint","urlTemplate":"https:\/\/ayore.org\/?s={search_term_string}"},"query-input":{"@type":"PropertyValueSpecification","valueRequired":true,"valueName":"search_term_string"}}],"inLanguage":"ayo"}]}},"_links":{"self":[{"href":"https:\/\/ayore.org\/ayo\/wp-json\/wp\/v2\/pages\/4058","targetHints":{"allow":["GET"]}}],"collection":[{"href":"https:\/\/ayore.org\/ayo\/wp-json\/wp\/v2\/pages"}],"about":[{"href":"https:\/\/ayore.org\/ayo\/wp-json\/wp\/v2\/types\/page"}],"author":[{"embeddable":true,"href":"https:\/\/ayore.org\/ayo\/wp-json\/wp\/v2\/users\/5"}],"replies":[{"embeddable":true,"href":"https:\/\/ayore.org\/ayo\/wp-json\/wp\/v2\/comments?post=4058"}],"version-history":[{"count":2,"href":"https:\/\/ayore.org\/ayo\/wp-json\/wp\/v2\/pages\/4058\/revisions"}],"predecessor-version":[{"id":4060,"href":"https:\/\/ayore.org\/ayo\/wp-json\/wp\/v2\/pages\/4058\/revisions\/4060"}],"up":[{"embeddable":true,"href":"https:\/\/ayore.org\/ayo\/wp-json\/wp\/v2\/pages\/719"}],"wp:attachment":[{"href":"https:\/\/ayore.org\/ayo\/wp-json\/wp\/v2\/media?parent=4058"}],"curies":[{"name":"wp","href":"https:\/\/api.w.org\/{rel}","templated":true}]}}